{"id":13822,"date":"2020-11-16T13:28:44","date_gmt":"2020-11-16T13:28:44","guid":{"rendered":"https:\/\/homecareinnovation.com\/kontakt\/"},"modified":"2022-12-21T09:13:32","modified_gmt":"2022-12-21T09:13:32","slug":"kontakt","status":"publish","type":"page","link":"https:\/\/homecareinnovation.com\/de\/kontakt\/","title":{"rendered":"Kontakt"},"content":{"rendered":"<div class=\"wpb-content-wrapper\"><p>[vc_row full_width=&#8221;stretch_row&#8221; full_height=&#8221;yes&#8221; parallax=&#8221;content-moving&#8221; parallax_image=&#8221;27329&#8243; css=&#8221;.vc_custom_1671613629238{background-position: center;background-repeat: no-repeat !important;background-size: cover !important;}&#8221;][vc_column][vc_column_text css=&#8221;.vc_custom_1671613823325{margin-top: 120px !important;}&#8221;]<\/p>\n<h2 style=\"text-align: center;\"><span style=\"color: #ffffff;\">Kontakt:<\/span><\/h2>\n<p style=\"text-align: center;\"><span style=\"color: #ffffff;\">Bei Fragen k\u00f6nnen Sie uns jederzeit telefonisch erreichen:<\/span><\/p>\n<p style=\"text-align: center;\"><span style=\"color: #ffffff;\"><a style=\"color: #ffffff;\" href=\"tel:\/\/010-2420913\"><strong><span style=\"text-decoration: underline;\">+31 (0)10 242 09 13<\/span><\/strong><\/a> oder senden Sie eine E-Mail an <strong><span style=\"text-decoration: Unterstreichen;\"><a style=\"color: #ffffff; text-dekoration: Unterstreichen;\" href=\"mailto:info@homecareinnovation.com\">info@homecareinnovation.com<\/a><\/span><\/strong>. <\/span><\/p>\n<p style=\"text-align: center;\"><span style=\"color: #ffffff;\"><strong>Unsere Adressdetails:<\/strong><\/span><\/p>\n<p style=\"text-align: center;\"><span style=\"color: #ffffff;\">Steenbakkerij 16<br \/>\n<\/span><span style=\"color: #ffffff;\">2913LJ Nieuwerkerk aan den IJssel<br \/>\n<\/span><span style=\"color: #ffffff;\"> Netherlands<\/span><\/p>\n<p>[\/vc_column_text][\/vc_column][\/vc_row][vc_row][vc_column]\n<div class=\"wpcf7 no-js\" id=\"wpcf7-f17849-o1\" lang=\"de-DE\" dir=\"ltr\" data-wpcf7-id=\"17849\">\n<div class=\"screen-reader-response\"><p role=\"status\" aria-live=\"polite\" aria-atomic=\"true\"><\/p> <ul><\/ul><\/div>\n<form action=\"\/de\/wp-json\/wp\/v2\/pages\/13822#wpcf7-f17849-o1\" method=\"post\" class=\"wpcf7-form init\" aria-label=\"Kontaktformular\" novalidate=\"novalidate\" data-status=\"init\">\n<fieldset class=\"hidden-fields-container\"><input type=\"hidden\" name=\"_wpcf7\" value=\"17849\" \/><input type=\"hidden\" name=\"_wpcf7_version\" value=\"6.1.5\" \/><input type=\"hidden\" name=\"_wpcf7_locale\" value=\"de_DE\" \/><input type=\"hidden\" name=\"_wpcf7_unit_tag\" value=\"wpcf7-f17849-o1\" \/><input type=\"hidden\" name=\"_wpcf7_container_post\" value=\"0\" \/><input type=\"hidden\" name=\"_wpcf7_posted_data_hash\" value=\"\" \/><input type=\"hidden\" name=\"_wpcf7_recaptcha_response\" value=\"\" \/>\n<\/fieldset>\n<h2 class=\"short\"><strong>Kontakt<\/strong><\/h2>\r\n<div class=\"row\">\r\n    <div class=\"col-lg-6\">\r\n        <div class=\"form-group\">\r\n            <label for=\"contact-name\">Ihr Name *<\/label>\r\n            <span class=\"wpcf7-form-control-wrap\" data-name=\"your-name\"><input size=\"40\" maxlength=\"400\" class=\"wpcf7-form-control wpcf7-text wpcf7-validates-as-required form-control\" id=\"contact-name\" aria-required=\"true\" aria-invalid=\"false\" value=\"\" type=\"text\" name=\"your-name\" \/><\/span>\r\n        <\/div>\r\n    <\/div>\r\n    <div class=\"col-lg-6\">\r\n        <div class=\"form-group\">\r\n            <label for=\"contact-email\">Ihre E-Mail-Adresse *<\/label>\r\n            <span class=\"wpcf7-form-control-wrap\" data-name=\"your-email\"><input size=\"40\" maxlength=\"400\" class=\"wpcf7-form-control wpcf7-email wpcf7-validates-as-required wpcf7-text wpcf7-validates-as-email form-control\" id=\"contact-email\" aria-required=\"true\" aria-invalid=\"false\" value=\"\" type=\"email\" name=\"your-email\" \/><\/span>\r\n        <\/div>\r\n    <\/div>\r\n    <div class=\"col-lg-12\">\r\n        <div class=\"form-group\">\r\n            <label for=\"contact-subject\">Thema<\/label>\r\n            <span class=\"wpcf7-form-control-wrap\" data-name=\"your-subject\"><input size=\"40\" maxlength=\"400\" class=\"wpcf7-form-control wpcf7-text form-control\" id=\"contact-subject\" aria-invalid=\"false\" value=\"\" type=\"text\" name=\"your-subject\" \/><\/span>\r\n        <\/div>\r\n    <\/div>\r\n    <div class=\"col-lg-12\">\r\n        <div class=\"form-group\">\r\n            <label for=\"contact-message\">Ihre Nachricht<\/label>\r\n            <span class=\"wpcf7-form-control-wrap\" data-name=\"your-message\"><textarea cols=\"40\" rows=\"10\" maxlength=\"2000\" class=\"wpcf7-form-control wpcf7-textarea form-control\" id=\"contact-message\" aria-invalid=\"false\" name=\"your-message\"><\/textarea><\/span>\r\n        <\/div>\r\n    <\/div>\r\n    <div class=\"col-lg-12\">\r\n        <div class=\"form-group\">\r\n            <input class=\"wpcf7-form-control wpcf7-submit has-spinner btn btn-primary btn-lg\" type=\"submit\" value=\"Nachricht senden\" \/>\r\n        <\/div>\r\n    <\/div>\r\n<\/div><div class=\"wpcf7-response-output\" aria-hidden=\"true\"><\/div>\n<\/form>\n<\/div>\n[\/vc_column][\/vc_row]<\/p>\n<\/div>","protected":false},"excerpt":{"rendered":"<p>[vc_row full_width=&#8221;stretch_row&#8221; full_height=&#8221;yes&#8221; parallax=&#8221;content-moving&#8221; parallax_image=&#8221;27329&#8243; css=&#8221;.vc_custom_1671613629238{background-position: center;background-repeat: no-repeat !important;background-size: cover !important;}&#8221;][vc_column][vc_column_text css=&#8221;.vc_custom_1671613823325{margin-top: 120px !important;}&#8221;] Kontakt: Bei Fragen k\u00f6nnen Sie uns jederzeit telefonisch erreichen: +31 (0)10 242 09 13 oder senden Sie eine E-Mail an info@homecareinnovation.com. Unsere Adressdetails: Steenbakkerij 16 2913LJ Nieuwerkerk aan den IJssel Netherlands [\/vc_column_text][\/vc_column][\/vc_row][vc_row][vc_column][\/vc_column][\/vc_row]<\/p>\n","protected":false},"author":1,"featured_media":0,"parent":0,"menu_order":0,"comment_status":"closed","ping_status":"closed","template":"","meta":{"footnotes":""},"class_list":["post-13822","page","type-page","status-publish","hentry"],"yoast_head":"<!-- This site is optimized with the Yoast SEO plugin v27.3 - https:\/\/yoast.com\/product\/yoast-seo-wordpress\/ -->\n<title>Kontakt mit Homecare-Innovation -HomeCare Innovation BV%%<\/title>\n<meta name=\"description\" content=\"Homecare Innovation, Venkelbaan 22, 2908 KE Capelle aan den Ijssel, Telefon: +31 (0)10 - 242 0913 - Ausstellungsraum ge\u00f6ffnet: Montag bis Freitag von 9.00 Uhr bis 17.00 Uhr, samstags nach Vereinbarung.\" \/>\n<meta name=\"robots\" content=\"index, follow, max-snippet:-1, max-image-preview:large, max-video-preview:-1\" \/>\n<link rel=\"canonical\" href=\"https:\/\/homecareinnovation.com\/de\/kontakt\/\" \/>\n<meta property=\"og:locale\" content=\"de_DE\" \/>\n<meta property=\"og:type\" content=\"article\" \/>\n<meta property=\"og:title\" content=\"Kontakt mit Homecare-Innovation -HomeCare Innovation BV%%\" \/>\n<meta property=\"og:description\" content=\"Homecare Innovation, Venkelbaan 22, 2908 KE Capelle aan den Ijssel, Telefon: +31 (0)10 - 242 0913 - Ausstellungsraum ge\u00f6ffnet: Montag bis Freitag von 9.00 Uhr bis 17.00 Uhr, samstags nach Vereinbarung.\" \/>\n<meta property=\"og:url\" content=\"https:\/\/homecareinnovation.com\/de\/kontakt\/\" \/>\n<meta property=\"og:site_name\" content=\"HomeCare Innovation BV\" \/>\n<meta property=\"article:publisher\" content=\"https:\/\/www.facebook.com\/HomeCareInnovationBV\/\" \/>\n<meta property=\"article:modified_time\" content=\"2022-12-21T09:13:32+00:00\" \/>\n<meta name=\"twitter:card\" content=\"summary_large_image\" \/>\n<script type=\"application\/ld+json\" class=\"yoast-schema-graph\">{\"@context\":\"https:\\\/\\\/schema.org\",\"@graph\":[{\"@type\":\"WebPage\",\"@id\":\"https:\\\/\\\/homecareinnovation.com\\\/de\\\/kontakt\\\/\",\"url\":\"https:\\\/\\\/homecareinnovation.com\\\/de\\\/kontakt\\\/\",\"name\":\"Kontakt mit Homecare-Innovation -HomeCare Innovation BV%%\",\"isPartOf\":{\"@id\":\"https:\\\/\\\/homecareinnovation.com\\\/de\\\/#website\"},\"datePublished\":\"2020-11-16T13:28:44+00:00\",\"dateModified\":\"2022-12-21T09:13:32+00:00\",\"description\":\"Homecare Innovation, Venkelbaan 22, 2908 KE Capelle aan den Ijssel, Telefon: +31 (0)10 - 242 0913 - Ausstellungsraum ge\u00f6ffnet: Montag bis Freitag von 9.00 Uhr bis 17.00 Uhr, samstags nach Vereinbarung.\",\"breadcrumb\":{\"@id\":\"https:\\\/\\\/homecareinnovation.com\\\/de\\\/kontakt\\\/#breadcrumb\"},\"inLanguage\":\"de\",\"potentialAction\":[{\"@type\":\"ReadAction\",\"target\":[\"https:\\\/\\\/homecareinnovation.com\\\/de\\\/kontakt\\\/\"]}]},{\"@type\":\"BreadcrumbList\",\"@id\":\"https:\\\/\\\/homecareinnovation.com\\\/de\\\/kontakt\\\/#breadcrumb\",\"itemListElement\":[{\"@type\":\"ListItem\",\"position\":1,\"name\":\"Home\",\"item\":\"https:\\\/\\\/homecareinnovation.com\\\/de\\\/\"},{\"@type\":\"ListItem\",\"position\":2,\"name\":\"Kontakt\"}]},{\"@type\":\"WebSite\",\"@id\":\"https:\\\/\\\/homecareinnovation.com\\\/de\\\/#website\",\"url\":\"https:\\\/\\\/homecareinnovation.com\\\/de\\\/\",\"name\":\"HomeCare Innovation BV\",\"description\":\"Gro\u00dfh\u00e4ndler f\u00fcr Hilfsmittel f\u00fcr \u00e4ltere und behinderte Menschen\",\"publisher\":{\"@id\":\"https:\\\/\\\/homecareinnovation.com\\\/de\\\/#organization\"},\"potentialAction\":[{\"@type\":\"SearchAction\",\"target\":{\"@type\":\"EntryPoint\",\"urlTemplate\":\"https:\\\/\\\/homecareinnovation.com\\\/de\\\/?s={search_term_string}\"},\"query-input\":{\"@type\":\"PropertyValueSpecification\",\"valueRequired\":true,\"valueName\":\"search_term_string\"}}],\"inLanguage\":\"de\"},{\"@type\":\"Organization\",\"@id\":\"https:\\\/\\\/homecareinnovation.com\\\/de\\\/#organization\",\"name\":\"HomeCare Innovation BV\",\"url\":\"https:\\\/\\\/homecareinnovation.com\\\/de\\\/\",\"logo\":{\"@type\":\"ImageObject\",\"inLanguage\":\"de\",\"@id\":\"https:\\\/\\\/homecareinnovation.com\\\/de\\\/#\\\/schema\\\/logo\\\/image\\\/\",\"url\":\"https:\\\/\\\/homecareinnovation.com\\\/wp-content\\\/uploads\\\/2021\\\/03\\\/HOME-CARE-LOGO-originele-kleur-klein.png\",\"contentUrl\":\"https:\\\/\\\/homecareinnovation.com\\\/wp-content\\\/uploads\\\/2021\\\/03\\\/HOME-CARE-LOGO-originele-kleur-klein.png\",\"width\":1000,\"height\":357,\"caption\":\"HomeCare Innovation BV\"},\"image\":{\"@id\":\"https:\\\/\\\/homecareinnovation.com\\\/de\\\/#\\\/schema\\\/logo\\\/image\\\/\"},\"sameAs\":[\"https:\\\/\\\/www.facebook.com\\\/HomeCareInnovationBV\\\/\",\"https:\\\/\\\/www.instagram.com\\\/homecareinnovation\\\/\",\"https:\\\/\\\/www.youtube.com\\\/channel\\\/UCg5pUSP6YEDGR5KtKeZe7nw\"]}]}<\/script>\n<!-- \/ Yoast SEO plugin. -->","yoast_head_json":{"title":"Kontakt mit Homecare-Innovation -HomeCare Innovation BV%%","description":"Homecare Innovation, Venkelbaan 22, 2908 KE Capelle aan den Ijssel, Telefon: +31 (0)10 - 242 0913 - Ausstellungsraum ge\u00f6ffnet: Montag bis Freitag von 9.00 Uhr bis 17.00 Uhr, samstags nach Vereinbarung.","robots":{"index":"index","follow":"follow","max-snippet":"max-snippet:-1","max-image-preview":"max-image-preview:large","max-video-preview":"max-video-preview:-1"},"canonical":"https:\/\/homecareinnovation.com\/de\/kontakt\/","og_locale":"de_DE","og_type":"article","og_title":"Kontakt mit Homecare-Innovation -HomeCare Innovation BV%%","og_description":"Homecare Innovation, Venkelbaan 22, 2908 KE Capelle aan den Ijssel, Telefon: +31 (0)10 - 242 0913 - Ausstellungsraum ge\u00f6ffnet: Montag bis Freitag von 9.00 Uhr bis 17.00 Uhr, samstags nach Vereinbarung.","og_url":"https:\/\/homecareinnovation.com\/de\/kontakt\/","og_site_name":"HomeCare Innovation BV","article_publisher":"https:\/\/www.facebook.com\/HomeCareInnovationBV\/","article_modified_time":"2022-12-21T09:13:32+00:00","twitter_card":"summary_large_image","schema":{"@context":"https:\/\/schema.org","@graph":[{"@type":"WebPage","@id":"https:\/\/homecareinnovation.com\/de\/kontakt\/","url":"https:\/\/homecareinnovation.com\/de\/kontakt\/","name":"Kontakt mit Homecare-Innovation -HomeCare Innovation BV%%","isPartOf":{"@id":"https:\/\/homecareinnovation.com\/de\/#website"},"datePublished":"2020-11-16T13:28:44+00:00","dateModified":"2022-12-21T09:13:32+00:00","description":"Homecare Innovation, Venkelbaan 22, 2908 KE Capelle aan den Ijssel, Telefon: +31 (0)10 - 242 0913 - Ausstellungsraum ge\u00f6ffnet: Montag bis Freitag von 9.00 Uhr bis 17.00 Uhr, samstags nach Vereinbarung.","breadcrumb":{"@id":"https:\/\/homecareinnovation.com\/de\/kontakt\/#breadcrumb"},"inLanguage":"de","potentialAction":[{"@type":"ReadAction","target":["https:\/\/homecareinnovation.com\/de\/kontakt\/"]}]},{"@type":"BreadcrumbList","@id":"https:\/\/homecareinnovation.com\/de\/kontakt\/#breadcrumb","itemListElement":[{"@type":"ListItem","position":1,"name":"Home","item":"https:\/\/homecareinnovation.com\/de\/"},{"@type":"ListItem","position":2,"name":"Kontakt"}]},{"@type":"WebSite","@id":"https:\/\/homecareinnovation.com\/de\/#website","url":"https:\/\/homecareinnovation.com\/de\/","name":"HomeCare Innovation BV","description":"Gro\u00dfh\u00e4ndler f\u00fcr Hilfsmittel f\u00fcr \u00e4ltere und behinderte Menschen","publisher":{"@id":"https:\/\/homecareinnovation.com\/de\/#organization"},"potentialAction":[{"@type":"SearchAction","target":{"@type":"EntryPoint","urlTemplate":"https:\/\/homecareinnovation.com\/de\/?s={search_term_string}"},"query-input":{"@type":"PropertyValueSpecification","valueRequired":true,"valueName":"search_term_string"}}],"inLanguage":"de"},{"@type":"Organization","@id":"https:\/\/homecareinnovation.com\/de\/#organization","name":"HomeCare Innovation BV","url":"https:\/\/homecareinnovation.com\/de\/","logo":{"@type":"ImageObject","inLanguage":"de","@id":"https:\/\/homecareinnovation.com\/de\/#\/schema\/logo\/image\/","url":"https:\/\/homecareinnovation.com\/wp-content\/uploads\/2021\/03\/HOME-CARE-LOGO-originele-kleur-klein.png","contentUrl":"https:\/\/homecareinnovation.com\/wp-content\/uploads\/2021\/03\/HOME-CARE-LOGO-originele-kleur-klein.png","width":1000,"height":357,"caption":"HomeCare Innovation BV"},"image":{"@id":"https:\/\/homecareinnovation.com\/de\/#\/schema\/logo\/image\/"},"sameAs":["https:\/\/www.facebook.com\/HomeCareInnovationBV\/","https:\/\/www.instagram.com\/homecareinnovation\/","https:\/\/www.youtube.com\/channel\/UCg5pUSP6YEDGR5KtKeZe7nw"]}]}},"_links":{"self":[{"href":"https:\/\/homecareinnovation.com\/de\/wp-json\/wp\/v2\/pages\/13822","targetHints":{"allow":["GET"]}}],"collection":[{"href":"https:\/\/homecareinnovation.com\/de\/wp-json\/wp\/v2\/pages"}],"about":[{"href":"https:\/\/homecareinnovation.com\/de\/wp-json\/wp\/v2\/types\/page"}],"author":[{"embeddable":true,"href":"https:\/\/homecareinnovation.com\/de\/wp-json\/wp\/v2\/users\/1"}],"replies":[{"embeddable":true,"href":"https:\/\/homecareinnovation.com\/de\/wp-json\/wp\/v2\/comments?post=13822"}],"version-history":[{"count":0,"href":"https:\/\/homecareinnovation.com\/de\/wp-json\/wp\/v2\/pages\/13822\/revisions"}],"wp:attachment":[{"href":"https:\/\/homecareinnovation.com\/de\/wp-json\/wp\/v2\/media?parent=13822"}],"curies":[{"name":"wp","href":"https:\/\/api.w.org\/{rel}","templated":true}]}}