{"id":13870,"date":"2020-11-16T13:48:04","date_gmt":"2020-11-16T13:48:04","guid":{"rendered":"https:\/\/homecareinnovation.com\/haendler-werden\/"},"modified":"2020-12-10T13:46:09","modified_gmt":"2020-12-10T13:46:09","slug":"haendler-werden","status":"publish","type":"page","link":"https:\/\/homecareinnovation.com\/de\/haendler-werden\/","title":{"rendered":"H\u00e4ndler werden"},"content":{"rendered":"<div class=\"wpb-content-wrapper\"><p>[vc_row full_width=&#8221;stretch_row&#8221; wrap_container=&#8221;yes&#8221; css=&#8221;.vc_custom_1603376013160{background-color: #eff1f3 !important;}&#8221; el_class=&#8221;home-banner py-5&#8243;][vc_column el_class=&#8221;pt-5 mt-5 z-index-1&#8243;]<div class=\"porto-animation pc-circle pc-circle-lg pc-circle-pos-1\"  data-appear-animation=\"lightSpeedIn\" data-appear-animation-delay=\"900\" data-appear-animation-duration=\"2000\">[vc_row_inner el_class=&#8221;align-items-center pt-4&#8243;][vc_column_inner el_class=&#8221;pb-5 mb-md-5&#8243; width=&#8221;1\/2&#8243;][vc_custom_heading text=&#8221;Werden sie h\u00e4ndler f\u00fcr produkte von HomeCare Innovation BV&#8221; font_container=&#8221;tag:h2|font_size:2.50em|text_align:left|line_height:1.16&#8243; use_theme_fonts=&#8221;yes&#8221; animation_delay=&#8221;300&#8243; el_class=&#8221;mb-3&#8243; animation_type=&#8221;fadeInUp&#8221;][vc_custom_heading text=&#8221;Mit gro\u00dfem stolz ist HomeCare Innovation BV seit jahren bestrebt, die innovativsten und l\u00f6sungsorientiertesten werkzeuge zu liefern und freut sich, dies in zusammenarbeit mit h\u00e4ndlerunternehmen zu tun, die hochwertigen service und qualit\u00e4tsprodukte in den vordergrund stellen.&#8221; font_container=&#8221;tag:p|font_size:1.2em|text_align:left&#8221; use_theme_fonts=&#8221;yes&#8221; animation_delay=&#8221;450&#8243; animation_type=&#8221;fadeInUp&#8221; el_class=&#8221;mb-4&#8243;][vc_custom_heading text=&#8221;Indem sie unsere innovativen produkte in ihr sortiment aufnehmen, k\u00f6nnen sie nicht nur mehr auf die fragen und w\u00fcnsche ihrer kunden eingehen und damit mehr umsatz generieren, sondern sie k\u00f6nnen sich bei bedarf auch auf die fachkundige beratung durch einen unserer erfahrenen spezialisten verlassen.&#8221; font_container=&#8221;tag:p|font_size:1.2em|text_align:left&#8221; use_theme_fonts=&#8221;yes&#8221; animation_delay=&#8221;450&#8243; animation_type=&#8221;fadeInUp&#8221; el_class=&#8221;mb-4&#8243;][vc_custom_heading text=&#8221;Unser angebot konzentriert sich auf viele verschiedene fragen der gesundheitsf\u00fcrsorge, konzentriert sich aber haupts\u00e4chlich auf die selbstst\u00e4ndigkeit von behinderten menschen und senioren mit eingeschr\u00e4nkter mobilit\u00e4t. einige beispiele f\u00fcr unsere beliebten produkte sind schwellenhilfen und rampen, bidetsysteme, rollatoren, wandhalterungen, transferboards, badewannenlifte, toilettenlifte, beinlifte, einstiegsb\u00e4der, pflegebetten, adipositashilfen und vieles mehr!&#8221; font_container=&#8221;tag:p|font_size:1.2em|text_align:left&#8221; use_theme_fonts=&#8221;yes&#8221; animation_delay=&#8221;450&#8243; animation_type=&#8221;fadeInUp&#8221; el_class=&#8221;mb-4&#8243;][vc_custom_heading text=&#8221;<strong>Registrieren Sie sich unten<\/strong>&#8221; font_container=&#8221;tag:p|font_size:1.2em|text_align:center&#8221; use_theme_fonts=&#8221;yes&#8221; text_transform=&#8221;text-uppercase&#8221; animation_delay=&#8221;450&#8243; animation_type=&#8221;fadeInUp&#8221; el_class=&#8221;mb-4&#8243;][vc_icon icon_fontawesome=&#8221;fas fa-angle-double-down&#8221; color=&#8221;black&#8221; align=&#8221;center&#8221;][\/vc_column_inner][vc_column_inner el_class=&#8221;pb-5&#8243; width=&#8221;1\/2&#8243;][vc_single_image image=&#8221;6487&#8243; img_size=&#8221;full&#8221; animation_duration=&#8221;1500&#8243; animation_delay=&#8221;750&#8243; el_class=&#8221;pb-5 mb-5 position-relative z-index-1&#8243; animation_type=&#8221;fadeInUp&#8221; css=&#8221;.vc_custom_1603792530747{margin-right: -3rem !important;margin-left: 3rem !important;}&#8221;][\/vc_column_inner][\/vc_row_inner]<\/div>[\/vc_column][\/vc_row][vc_row wrap_container=&#8221;yes&#8221; css=&#8221;.vc_custom_1528969702599{margin-top: 15px !important;margin-bottom: 40px !important;padding-top: 60px !important;}&#8221;][vc_column width=&#8221;1\/2&#8243;][vc_custom_heading text=&#8221;- Pluspunkte von einem HomeCare Innovation-h\u00e4ndler&#8221; font_container=&#8221;tag:h2|text_align:left|line_height:42px&#8221; use_theme_fonts=&#8221;yes&#8221; el_class=&#8221;font-weight-bold&#8221; css=&#8221;.vc_custom_1606744809137{margin-bottom: 15px !important;}&#8221;][vc_column_text css=&#8221;.vc_custom_1606745058991{margin-bottom: 20px !important;padding-left: 20px !important;}&#8221;]Neben einem umfangreichen und einzigartigen angebot an qualitativ hochwertigen produkten bieten wir unseren h\u00e4ndlern auch unterst\u00fctzung an und sind st\u00e4ndig bem\u00fcht, die produkte in unserem sortiment zu verbessern.[\/vc_column_text][vc_row_inner css=&#8221;.vc_custom_1485582955219{padding-left: 15px !important;}&#8221;][vc_column_inner offset=&#8221;vc_col-lg-6 vc_col-md-6 vc_col-xs-12&#8243;][vc_column_text css=&#8221;.vc_custom_1606745126417{margin-bottom: 13px !important;}&#8221;]<\/p>\n<ul class=\"list list-icons list-icons-style-3 list-tertiary\">\n<li><i class=\"fa fa-chevron-right\"><\/i>Professionelles marketingmaterial<\/li>\n<li><i class=\"fa fa-chevron-right\"><\/i>Expertenrat von spezialisten mit umfassender erfahrung<\/li>\n<li><i class=\"fa fa-chevron-right\"><\/i>Kontinuierliche verbesserung der produktpalette<\/li>\n<\/ul>\n<p>[\/vc_column_text][\/vc_column_inner][vc_column_inner offset=&#8221;vc_col-lg-6 vc_col-md-6 vc_col-xs-12&#8243;][vc_column_text el_class=&#8221;m-b-none&#8221;]<\/p>\n<ul class=\"list list-icons list-icons-style-3 list-tertiary\">\n<li><i class=\"fa fa-chevron-right\"><\/i>Viele produkte sind direkt ab lager lieferbar<\/li>\n<li><i class=\"fa fa-chevron-right\"><\/i>Pers\u00f6nlicher kontakt mit einem unserer berater<\/li>\n<li><i class=\"fa fa-chevron-right\"><\/i>Wir werden sie jederzeit \u00fcber lieferungen, neue produkte und vieles mehr auf dem laufenden halten.<\/li>\n<\/ul>\n<p>[\/vc_column_text][\/vc_column_inner][\/vc_row_inner][vc_btn title=&#8221;Mehr \u00fcber HomeCare Innovation&#8221; style=&#8221;outline&#8221; shape=&#8221;round&#8221; color=&#8221;default&#8221; size=&#8221;lg&#8221; skin=&#8221;primary&#8221; scale=&#8221;scale-2&#8243; css=&#8221;.vc_custom_1606745312213{margin-top: 15px !important;padding-left: 15px !important;}&#8221; el_class=&#8221;font-weight-bold&#8221; link=&#8221;url:https%3A%2F%2Fhomecareinnovation.com%2Fde%2Fueber-uns%2F|target:_blank|&#8221;][\/vc_column][vc_column width=&#8221;1\/2&#8243; el_class=&#8221;custom-counters-column&#8221; css=&#8221;.vc_custom_1484904385121{margin-top: 35px !important;}&#8221;][vc_row_inner][vc_column_inner width=&#8221;1\/2&#8243; css=&#8221;.vc_custom_1485263686475{padding-top: 30px !important;padding-right: 30px !important;padding-left: 60px !important;background-color: #ffffff !important;}&#8221;]<div class=\"stats-block stats-left   wpb_custom_a517333ace5b1666c6af8bd4684f1de9\"><div class=\"porto-sicon-left\"><div class=\"porto-just-icon-wrapper porto-sicon-img  porto-icon-739599a1f586473197e4d01c03c680cb\" style=\"font-size: 30px;\"><img loading=\"lazy\" decoding=\"async\" class=\"img-icon\" alt=\"\" src=\"https:\/\/homecareinnovation.com\/wp-content\/uploads\/2020\/10\/icon-1.png\" width=\"30\" height=\"30\" \/><\/div><\/div><div class=\"stats-desc\"><div id=\"counter_158005992369ef7dc6600d2\" data-id=\"counter_158005992369ef7dc6600d2\" class=\"stats-number\" style=\" font-size:45px;color:#8c9db1;\" data-speed=\"3\" data-counter-value=\"22\" data-separator=\",\" data-decimal=\".\">0<\/div><div class=\"counter_suffix mycust\" style=\" font-size:45px;color:#8c9db1\">+<\/div><div class=\"stats-text\" style=\"color:#1e1e24;\">Jahr der Erfahrung<\/div><\/div><\/div>[\/vc_column_inner][vc_column_inner width=&#8221;1\/2&#8243; css=&#8221;.vc_custom_1484901463613{border-left-width: 1px !important;padding-top: 30px !important;padding-right: 30px !important;padding-left: 30px !important;border-left-color: #dadada !important;border-left-style: solid !important;}&#8221;]<div class=\"stats-block stats-left   wpb_custom_a517333ace5b1666c6af8bd4684f1de9\"><div class=\"porto-sicon-left\"><div class=\"porto-just-icon-wrapper porto-icon none\" style=\"color:#333333;font-size:32px;\"><i class=\"porto-icon-country\"><\/i><\/div><\/div><div class=\"stats-desc\"><div id=\"counter_207636598069ef7dc660224\" data-id=\"counter_207636598069ef7dc660224\" class=\"stats-number\" style=\" font-size:45px;color:#8c9db1;\" data-speed=\"3\" data-counter-value=\"8000\" data-separator=\"none\" data-decimal=\".\">0<\/div><div class=\"counter_suffix mycust\" style=\" font-size:45px;color:#8c9db1\">+<\/div><div class=\"stats-text\" style=\"color:#1e1e24;\">Erfolgreiche Projekte<\/div><\/div><\/div>[\/vc_column_inner][\/vc_row_inner][vc_row_inner css=&#8221;.vc_custom_1484901812976{border-top-width: 1px !important;border-top-color: #dadada !important;border-top-style: solid !important;}&#8221;][vc_column_inner width=&#8221;1\/2&#8243; css=&#8221;.vc_custom_1484901956433{padding-top: 30px !important;padding-right: 30px !important;padding-left: 60px !important;}&#8221;]<div class=\"stats-block stats-left   wpb_custom_a517333ace5b1666c6af8bd4684f1de9\"><div class=\"porto-sicon-left\"><div class=\"porto-just-icon-wrapper porto-icon none\" style=\"color:#333333;font-size:32px;\"><i class=\"porto-icon-cat-gift\"><\/i><\/div><\/div><div class=\"stats-desc\"><div id=\"counter_40033662469ef7dc66030d\" data-id=\"counter_40033662469ef7dc66030d\" class=\"stats-number\" style=\" font-size:45px;color:#8c9db1;\" data-speed=\"3\" data-counter-value=\"900\" data-separator=\",\" data-decimal=\".\">0<\/div><div class=\"counter_suffix mycust\" style=\" font-size:45px;color:#8c9db1\">+<\/div><div class=\"stats-text\" style=\"color:#1e1e24;\">Produkte<\/div><\/div><\/div>[\/vc_column_inner][vc_column_inner width=&#8221;1\/2&#8243; css=&#8221;.vc_custom_1484902254004{border-left-width: 1px !important;padding-top: 30px !important;padding-right: 30px !important;padding-left: 30px !important;background-color: #ffffff !important;border-left-color: #dadada !important;border-left-style: solid !important;}&#8221;]<div class=\"stats-block stats-left   wpb_custom_a517333ace5b1666c6af8bd4684f1de9\"><div class=\"porto-sicon-left\"><div class=\"porto-just-icon-wrapper porto-icon none\" style=\"color:#333333;font-size:32px;\"><i class=\"porto-icon-boy-broad-smile\"><\/i><\/div><\/div><div class=\"stats-desc\"><div id=\"counter_68353683069ef7dc6603e5\" data-id=\"counter_68353683069ef7dc6603e5\" class=\"stats-number\" style=\" font-size:45px;color:#8c9db1;\" data-speed=\"3\" data-counter-value=\"50\" data-separator=\",\" data-decimal=\".\">0<\/div><div class=\"counter_suffix mycust\" style=\" font-size:45px;color:#8c9db1\">+<\/div><div class=\"stats-text\" style=\"color:#1e1e24;\">Zufriedene h\u00e4ndler<\/div><\/div><\/div>[\/vc_column_inner][\/vc_row_inner][\/vc_column][\/vc_row][vc_row full_width=&#8221;stretch_row&#8221; css=&#8221;.vc_custom_1603792800403{background-color: #eff1f3 !important;}&#8221;][vc_column][vc_empty_space]<div class=\"porto-u-heading  wpb_custom_95aa9a11c17ad45cfabaf210d84ee7cc porto-u-ad87e2eaf3f9c495180fe0156ddf3eb0 \"><div class=\"porto-u-main-heading\"><h2   style=\"font-weight:800;margin-bottom: 5px;font-size:25px;\">Hier anmelden<\/h2><\/div><div class=\"porto-u-heading-spacer line_only\" style=\"margin-bottom: 40px;height:3px;\"><span class=\"porto-u-headings-line\" style=\"border-style:solid;border-bottom-width:3px;border-color:#b3ddde;width:50px;\"><\/span><\/div><style>.porto-u-ad87e2eaf3f9c495180fe0156ddf3eb0.porto-u-heading{text-align:left} .porto-u-ad87e2eaf3f9c495180fe0156ddf3eb0 .porto-u-headings-line{float: left;}<\/style><\/div>\n<div class=\"wpcf7 no-js\" id=\"wpcf7-f17800-o1\" lang=\"de-DE\" dir=\"ltr\" data-wpcf7-id=\"17800\">\n<div class=\"screen-reader-response\"><p role=\"status\" aria-live=\"polite\" aria-atomic=\"true\"><\/p> <ul><\/ul><\/div>\n<form action=\"\/de\/wp-json\/wp\/v2\/pages\/13870#wpcf7-f17800-o1\" method=\"post\" class=\"wpcf7-form init\" aria-label=\"Kontaktformular\" novalidate=\"novalidate\" data-status=\"init\">\n<fieldset class=\"hidden-fields-container\"><input type=\"hidden\" name=\"_wpcf7\" value=\"17800\" \/><input type=\"hidden\" name=\"_wpcf7_version\" value=\"6.1.5\" \/><input type=\"hidden\" name=\"_wpcf7_locale\" value=\"de_DE\" \/><input type=\"hidden\" name=\"_wpcf7_unit_tag\" value=\"wpcf7-f17800-o1\" \/><input type=\"hidden\" name=\"_wpcf7_container_post\" value=\"0\" \/><input type=\"hidden\" name=\"_wpcf7_posted_data_hash\" value=\"\" \/><input type=\"hidden\" name=\"_wpcf7_recaptcha_response\" value=\"\" \/>\n<\/fieldset>\n<div class=\"form-row\">\r\n    <div class=\"form-group col-lg-6\">\r\n        <span class=\"wpcf7-form-control-wrap\" data-name=\"your-name\"><input size=\"40\" maxlength=\"400\" class=\"wpcf7-form-control wpcf7-text wpcf7-validates-as-required form-control py-2\" aria-required=\"true\" aria-invalid=\"false\" placeholder=\"Name\" value=\"\" type=\"text\" name=\"your-name\" \/><\/span>\r\n    <\/div>\r\n    <div class=\"form-group col-lg-6\">\r\n        <span class=\"wpcf7-form-control-wrap\" data-name=\"your-phone\"><input size=\"40\" maxlength=\"400\" class=\"wpcf7-form-control wpcf7-text wpcf7-validates-as-required form-control py-2\" aria-required=\"true\" aria-invalid=\"false\" placeholder=\"Telefon\" value=\"\" type=\"text\" name=\"your-phone\" \/><\/span>\r\n    <\/div>\r\n<\/div>\r\n<div class=\"form-row\">\r\n    <div class=\"form-group col\">\r\n        <span class=\"wpcf7-form-control-wrap\" data-name=\"your-email\"><input size=\"40\" maxlength=\"400\" class=\"wpcf7-form-control wpcf7-email wpcf7-validates-as-required wpcf7-text wpcf7-validates-as-email form-control py-2\" aria-required=\"true\" aria-invalid=\"false\" placeholder=\"E-mail\" value=\"\" type=\"email\" name=\"your-email\" \/><\/span>\r\n    <\/div>\r\n<\/div>\r\n<div class=\"form-row\">\r\n    <div class=\"form-group col\">\r\n        <span class=\"wpcf7-form-control-wrap\" data-name=\"your-kvk\"><input size=\"40\" maxlength=\"400\" class=\"wpcf7-form-control wpcf7-text wpcf7-validates-as-required form-control py-2\" aria-required=\"true\" aria-invalid=\"false\" placeholder=\"Handelskammer\" value=\"\" type=\"text\" name=\"your-kvk\" \/><\/span>\r\n    <\/div>\r\n<\/div>\r\n<div class=\"form-row\">\r\n    <div class=\"form-group col\">\r\n        <span class=\"wpcf7-form-control-wrap\" data-name=\"your-message\"><textarea cols=\"40\" rows=\"5\" maxlength=\"2000\" class=\"wpcf7-form-control wpcf7-textarea form-control\" aria-invalid=\"false\" placeholder=\"Beschreiben Sie hier, an welchen Produkten und\/oder Dienstleistungen Sie am meisten interessiert sind...\" name=\"your-message\"><\/textarea><\/span>\r\n    <\/div>\r\n<\/div>\r\n<input class=\"wpcf7-form-control wpcf7-submit has-spinner btn btn-dark font-weight-bold\" type=\"submit\" value=\"Senden Sie\" \/><div class=\"wpcf7-response-output\" aria-hidden=\"true\"><\/div>\n<\/form>\n<\/div>\n[\/vc_column][\/vc_row]<\/p>\n<\/div>","protected":false},"excerpt":{"rendered":"<p>[vc_row full_width=&#8221;stretch_row&#8221; wrap_container=&#8221;yes&#8221; css=&#8221;.vc_custom_1603376013160{background-color: #eff1f3 !important;}&#8221; el_class=&#8221;home-banner py-5&#8243;][vc_column el_class=&#8221;pt-5 mt-5 z-index-1&#8243;][\/vc_column][\/vc_row][vc_row wrap_container=&#8221;yes&#8221; css=&#8221;.vc_custom_1528969702599{margin-top: 15px !important;margin-bottom: 40px !important;padding-top: 60px !important;}&#8221;][vc_column width=&#8221;1\/2&#8243;][vc_custom_heading text=&#8221;- Pluspunkte von einem HomeCare Innovation-h\u00e4ndler&#8221; font_container=&#8221;tag:h2|text_align:left|line_height:42px&#8221; use_theme_fonts=&#8221;yes&#8221; el_class=&#8221;font-weight-bold&#8221; css=&#8221;.vc_custom_1606744809137{margin-bottom: 15px !important;}&#8221;][vc_column_text css=&#8221;.vc_custom_1606745058991{margin-bottom: 20px !important;padding-left: 20px !important;}&#8221;]Neben einem umfangreichen und einzigartigen angebot an qualitativ hochwertigen produkten bieten wir unseren h\u00e4ndlern auch unterst\u00fctzung an und sind [&hellip;]<\/p>\n","protected":false},"author":1,"featured_media":0,"parent":0,"menu_order":0,"comment_status":"closed","ping_status":"closed","template":"","meta":{"footnotes":""},"class_list":["post-13870","page","type-page","status-publish","hentry"],"yoast_head":"<!-- This site is optimized with the Yoast SEO plugin v27.3 - https:\/\/yoast.com\/product\/yoast-seo-wordpress\/ -->\n<title>H\u00e4ndler werden - HomeCare Innovation BV<\/title>\n<meta name=\"robots\" content=\"index, follow, max-snippet:-1, max-image-preview:large, max-video-preview:-1\" \/>\n<link rel=\"canonical\" href=\"https:\/\/homecareinnovation.com\/de\/haendler-werden\/\" \/>\n<meta property=\"og:locale\" content=\"de_DE\" \/>\n<meta property=\"og:type\" content=\"article\" \/>\n<meta property=\"og:title\" content=\"H\u00e4ndler werden - HomeCare Innovation BV\" \/>\n<meta property=\"og:description\" content=\"[vc_row full_width=&#8221;stretch_row&#8221; wrap_container=&#8221;yes&#8221; css=&#8221;.vc_custom_1603376013160{background-color: #eff1f3 !important;}&#8221; el_class=&#8221;home-banner py-5&#8243;][vc_column el_class=&#8221;pt-5 mt-5 z-index-1&#8243;][\/vc_column][\/vc_row][vc_row wrap_container=&#8221;yes&#8221; css=&#8221;.vc_custom_1528969702599{margin-top: 15px !important;margin-bottom: 40px !important;padding-top: 60px !important;}&#8221;][vc_column width=&#8221;1\/2&#8243;][vc_custom_heading text=&#8221;- Pluspunkte von einem HomeCare Innovation-h\u00e4ndler&#8221; font_container=&#8221;tag:h2|text_align:left|line_height:42px&#8221; use_theme_fonts=&#8221;yes&#8221; el_class=&#8221;font-weight-bold&#8221; css=&#8221;.vc_custom_1606744809137{margin-bottom: 15px !important;}&#8221;][vc_column_text css=&#8221;.vc_custom_1606745058991{margin-bottom: 20px !important;padding-left: 20px !important;}&#8221;]Neben einem umfangreichen und einzigartigen angebot an qualitativ hochwertigen produkten bieten wir unseren h\u00e4ndlern auch unterst\u00fctzung an und sind [&hellip;]\" \/>\n<meta property=\"og:url\" content=\"https:\/\/homecareinnovation.com\/de\/haendler-werden\/\" \/>\n<meta property=\"og:site_name\" content=\"HomeCare Innovation BV\" \/>\n<meta property=\"article:publisher\" content=\"https:\/\/www.facebook.com\/HomeCareInnovationBV\/\" \/>\n<meta property=\"article:modified_time\" content=\"2020-12-10T13:46:09+00:00\" \/>\n<meta name=\"twitter:card\" content=\"summary_large_image\" \/>\n<meta name=\"twitter:label1\" content=\"Gesch\u00e4tzte Lesezeit\" \/>\n\t<meta name=\"twitter:data1\" content=\"5\u00a0Minuten\" \/>\n<script type=\"application\/ld+json\" class=\"yoast-schema-graph\">{\"@context\":\"https:\\\/\\\/schema.org\",\"@graph\":[{\"@type\":\"WebPage\",\"@id\":\"https:\\\/\\\/homecareinnovation.com\\\/de\\\/haendler-werden\\\/\",\"url\":\"https:\\\/\\\/homecareinnovation.com\\\/de\\\/haendler-werden\\\/\",\"name\":\"H\u00e4ndler werden - HomeCare Innovation BV\",\"isPartOf\":{\"@id\":\"https:\\\/\\\/homecareinnovation.com\\\/de\\\/#website\"},\"datePublished\":\"2020-11-16T13:48:04+00:00\",\"dateModified\":\"2020-12-10T13:46:09+00:00\",\"breadcrumb\":{\"@id\":\"https:\\\/\\\/homecareinnovation.com\\\/de\\\/haendler-werden\\\/#breadcrumb\"},\"inLanguage\":\"de\",\"potentialAction\":[{\"@type\":\"ReadAction\",\"target\":[\"https:\\\/\\\/homecareinnovation.com\\\/de\\\/haendler-werden\\\/\"]}]},{\"@type\":\"BreadcrumbList\",\"@id\":\"https:\\\/\\\/homecareinnovation.com\\\/de\\\/haendler-werden\\\/#breadcrumb\",\"itemListElement\":[{\"@type\":\"ListItem\",\"position\":1,\"name\":\"Home\",\"item\":\"https:\\\/\\\/homecareinnovation.com\\\/de\\\/\"},{\"@type\":\"ListItem\",\"position\":2,\"name\":\"H\u00e4ndler werden\"}]},{\"@type\":\"WebSite\",\"@id\":\"https:\\\/\\\/homecareinnovation.com\\\/de\\\/#website\",\"url\":\"https:\\\/\\\/homecareinnovation.com\\\/de\\\/\",\"name\":\"HomeCare Innovation BV\",\"description\":\"Gro\u00dfh\u00e4ndler f\u00fcr Hilfsmittel f\u00fcr \u00e4ltere und behinderte Menschen\",\"publisher\":{\"@id\":\"https:\\\/\\\/homecareinnovation.com\\\/de\\\/#organization\"},\"potentialAction\":[{\"@type\":\"SearchAction\",\"target\":{\"@type\":\"EntryPoint\",\"urlTemplate\":\"https:\\\/\\\/homecareinnovation.com\\\/de\\\/?s={search_term_string}\"},\"query-input\":{\"@type\":\"PropertyValueSpecification\",\"valueRequired\":true,\"valueName\":\"search_term_string\"}}],\"inLanguage\":\"de\"},{\"@type\":\"Organization\",\"@id\":\"https:\\\/\\\/homecareinnovation.com\\\/de\\\/#organization\",\"name\":\"HomeCare Innovation BV\",\"url\":\"https:\\\/\\\/homecareinnovation.com\\\/de\\\/\",\"logo\":{\"@type\":\"ImageObject\",\"inLanguage\":\"de\",\"@id\":\"https:\\\/\\\/homecareinnovation.com\\\/de\\\/#\\\/schema\\\/logo\\\/image\\\/\",\"url\":\"https:\\\/\\\/homecareinnovation.com\\\/wp-content\\\/uploads\\\/2021\\\/03\\\/HOME-CARE-LOGO-originele-kleur-klein.png\",\"contentUrl\":\"https:\\\/\\\/homecareinnovation.com\\\/wp-content\\\/uploads\\\/2021\\\/03\\\/HOME-CARE-LOGO-originele-kleur-klein.png\",\"width\":1000,\"height\":357,\"caption\":\"HomeCare Innovation BV\"},\"image\":{\"@id\":\"https:\\\/\\\/homecareinnovation.com\\\/de\\\/#\\\/schema\\\/logo\\\/image\\\/\"},\"sameAs\":[\"https:\\\/\\\/www.facebook.com\\\/HomeCareInnovationBV\\\/\",\"https:\\\/\\\/www.instagram.com\\\/homecareinnovation\\\/\",\"https:\\\/\\\/www.youtube.com\\\/channel\\\/UCg5pUSP6YEDGR5KtKeZe7nw\"]}]}<\/script>\n<!-- \/ Yoast SEO plugin. -->","yoast_head_json":{"title":"H\u00e4ndler werden - HomeCare Innovation BV","robots":{"index":"index","follow":"follow","max-snippet":"max-snippet:-1","max-image-preview":"max-image-preview:large","max-video-preview":"max-video-preview:-1"},"canonical":"https:\/\/homecareinnovation.com\/de\/haendler-werden\/","og_locale":"de_DE","og_type":"article","og_title":"H\u00e4ndler werden - HomeCare Innovation BV","og_description":"[vc_row full_width=&#8221;stretch_row&#8221; wrap_container=&#8221;yes&#8221; css=&#8221;.vc_custom_1603376013160{background-color: #eff1f3 !important;}&#8221; el_class=&#8221;home-banner py-5&#8243;][vc_column el_class=&#8221;pt-5 mt-5 z-index-1&#8243;][\/vc_column][\/vc_row][vc_row wrap_container=&#8221;yes&#8221; css=&#8221;.vc_custom_1528969702599{margin-top: 15px !important;margin-bottom: 40px !important;padding-top: 60px !important;}&#8221;][vc_column width=&#8221;1\/2&#8243;][vc_custom_heading text=&#8221;- Pluspunkte von einem HomeCare Innovation-h\u00e4ndler&#8221; font_container=&#8221;tag:h2|text_align:left|line_height:42px&#8221; use_theme_fonts=&#8221;yes&#8221; el_class=&#8221;font-weight-bold&#8221; css=&#8221;.vc_custom_1606744809137{margin-bottom: 15px !important;}&#8221;][vc_column_text css=&#8221;.vc_custom_1606745058991{margin-bottom: 20px !important;padding-left: 20px !important;}&#8221;]Neben einem umfangreichen und einzigartigen angebot an qualitativ hochwertigen produkten bieten wir unseren h\u00e4ndlern auch unterst\u00fctzung an und sind [&hellip;]","og_url":"https:\/\/homecareinnovation.com\/de\/haendler-werden\/","og_site_name":"HomeCare Innovation BV","article_publisher":"https:\/\/www.facebook.com\/HomeCareInnovationBV\/","article_modified_time":"2020-12-10T13:46:09+00:00","twitter_card":"summary_large_image","twitter_misc":{"Gesch\u00e4tzte Lesezeit":"5\u00a0Minuten"},"schema":{"@context":"https:\/\/schema.org","@graph":[{"@type":"WebPage","@id":"https:\/\/homecareinnovation.com\/de\/haendler-werden\/","url":"https:\/\/homecareinnovation.com\/de\/haendler-werden\/","name":"H\u00e4ndler werden - HomeCare Innovation BV","isPartOf":{"@id":"https:\/\/homecareinnovation.com\/de\/#website"},"datePublished":"2020-11-16T13:48:04+00:00","dateModified":"2020-12-10T13:46:09+00:00","breadcrumb":{"@id":"https:\/\/homecareinnovation.com\/de\/haendler-werden\/#breadcrumb"},"inLanguage":"de","potentialAction":[{"@type":"ReadAction","target":["https:\/\/homecareinnovation.com\/de\/haendler-werden\/"]}]},{"@type":"BreadcrumbList","@id":"https:\/\/homecareinnovation.com\/de\/haendler-werden\/#breadcrumb","itemListElement":[{"@type":"ListItem","position":1,"name":"Home","item":"https:\/\/homecareinnovation.com\/de\/"},{"@type":"ListItem","position":2,"name":"H\u00e4ndler werden"}]},{"@type":"WebSite","@id":"https:\/\/homecareinnovation.com\/de\/#website","url":"https:\/\/homecareinnovation.com\/de\/","name":"HomeCare Innovation BV","description":"Gro\u00dfh\u00e4ndler f\u00fcr Hilfsmittel f\u00fcr \u00e4ltere und behinderte Menschen","publisher":{"@id":"https:\/\/homecareinnovation.com\/de\/#organization"},"potentialAction":[{"@type":"SearchAction","target":{"@type":"EntryPoint","urlTemplate":"https:\/\/homecareinnovation.com\/de\/?s={search_term_string}"},"query-input":{"@type":"PropertyValueSpecification","valueRequired":true,"valueName":"search_term_string"}}],"inLanguage":"de"},{"@type":"Organization","@id":"https:\/\/homecareinnovation.com\/de\/#organization","name":"HomeCare Innovation BV","url":"https:\/\/homecareinnovation.com\/de\/","logo":{"@type":"ImageObject","inLanguage":"de","@id":"https:\/\/homecareinnovation.com\/de\/#\/schema\/logo\/image\/","url":"https:\/\/homecareinnovation.com\/wp-content\/uploads\/2021\/03\/HOME-CARE-LOGO-originele-kleur-klein.png","contentUrl":"https:\/\/homecareinnovation.com\/wp-content\/uploads\/2021\/03\/HOME-CARE-LOGO-originele-kleur-klein.png","width":1000,"height":357,"caption":"HomeCare Innovation BV"},"image":{"@id":"https:\/\/homecareinnovation.com\/de\/#\/schema\/logo\/image\/"},"sameAs":["https:\/\/www.facebook.com\/HomeCareInnovationBV\/","https:\/\/www.instagram.com\/homecareinnovation\/","https:\/\/www.youtube.com\/channel\/UCg5pUSP6YEDGR5KtKeZe7nw"]}]}},"_links":{"self":[{"href":"https:\/\/homecareinnovation.com\/de\/wp-json\/wp\/v2\/pages\/13870","targetHints":{"allow":["GET"]}}],"collection":[{"href":"https:\/\/homecareinnovation.com\/de\/wp-json\/wp\/v2\/pages"}],"about":[{"href":"https:\/\/homecareinnovation.com\/de\/wp-json\/wp\/v2\/types\/page"}],"author":[{"embeddable":true,"href":"https:\/\/homecareinnovation.com\/de\/wp-json\/wp\/v2\/users\/1"}],"replies":[{"embeddable":true,"href":"https:\/\/homecareinnovation.com\/de\/wp-json\/wp\/v2\/comments?post=13870"}],"version-history":[{"count":0,"href":"https:\/\/homecareinnovation.com\/de\/wp-json\/wp\/v2\/pages\/13870\/revisions"}],"wp:attachment":[{"href":"https:\/\/homecareinnovation.com\/de\/wp-json\/wp\/v2\/media?parent=13870"}],"curies":[{"name":"wp","href":"https:\/\/api.w.org\/{rel}","templated":true}]}}