{"id":13883,"date":"2020-11-16T14:01:00","date_gmt":"2020-11-16T14:01:00","guid":{"rendered":"https:\/\/homecareinnovation.com\/beschaeftigungstherapeuten\/"},"modified":"2020-11-23T08:37:22","modified_gmt":"2020-11-23T08:37:22","slug":"beschaeftigungstherapeuten","status":"publish","type":"page","link":"https:\/\/homecareinnovation.com\/de\/beschaeftigungstherapeuten\/","title":{"rendered":"Besch\u00e4ftigungstherapeuten"},"content":{"rendered":"<div class=\"wpb-content-wrapper\"><p>[vc_row wrap_container=&#8221;yes&#8221; text_align=&#8221;center&#8221; css=&#8221;.vc_custom_1519871900664{padding-top: 50px !important;padding-bottom: 20px !important;}&#8221;][vc_column offset=&#8221;vc_col-lg-offset-2 vc_col-lg-8 vc_col-md-offset-1 vc_col-md-10&#8243;]<div class=\"porto-u-heading  wpb_custom_95aa9a11c17ad45cfabaf210d84ee7cc porto-u-55ca8359258f9a412be7e73af65d2aac \"><div class=\"porto-u-main-heading\"><h1  >Unsere zusammenarbeit mit ergotherapeuten<\/h1><\/div><style>.porto-u-55ca8359258f9a412be7e73af65d2aac.porto-u-heading{text-align:center}<\/style><\/div>[vc_empty_space][vc_column_text]<\/p>\n<p>Als Ergotherapeutin oder Ergotherapeut sind Sie u.a. verpflichtet, zur Selbst\u00e4ndigkeit \u00e4lterer Menschen oder Menschen mit eingeschr\u00e4nkter Mobilit\u00e4t beizutragen. Dabei wird es regelm\u00e4ssig vorkommen, dass Ihr Klient von einer bestimmten Hilfe profitiert, damit er seine t\u00e4glichen Aktivit\u00e4ten unabh\u00e4ngiger durchf\u00fchren kann.<\/p>\n<p>Als Anbieter einer breiten Palette von Werkzeugen k\u00f6nnen wir in sehr vielen F\u00e4llen aus unserem eigenen Angebot eine passende L\u00f6sung f\u00fcr Probleme oder Herausforderungen anbieten, denen Ihr Kunde t\u00e4glich begegnet. Dar\u00fcber hinaus k\u00f6nnen wir Sie m\u00f6glicherweise auch auf Produkte au\u00dferhalb unseres Sortiments verweisen.<\/p>\n<p>Unsere erfahrenen und erfahrenen Experten k\u00f6nnen gemeinsam mit Ihnen geeignete Instrumente finden, mit denen Ihr Kunde ein bestimmtes Problem gezielt l\u00f6sen kann.<\/p>\n<p><strong>Kontakt:<\/strong><\/p>\n<p>Bei allgemeinen oder spezifischen Fragen k\u00f6nnen Sie uns anrufen: +31 (0)10 242 09 13 oder senden Sie uns eine E-Mail: <a href=\"mailto:info@homecareinnovation.com\">info@homecareinnovation.com<\/a>. Einer unserer Experten hilft Ihnen gerne weiter!<\/p>\n<p>[\/vc_column_text][\/vc_column][\/vc_row][vc_row css=&#8221;.vc_custom_1559062988702{background-color: #f4f4f4 !important;}&#8221; el_class=&#8221;px-0&#8243;][vc_column width=&#8221;1\/2&#8243; css=&#8221;.vc_custom_1603458926496{padding-top: 20vh !important;padding-bottom: 20vh !important;background-image: url(https:\/\/homecareinnovation.com\/wp-content\/uploads\/2020\/10\/andre-ouellet-FzECg2eNhj4-unsplash-1-1.jpg?id=5954) !important;background-position: center !important;background-repeat: no-repeat !important;background-size: cover !important;}&#8221;][\/vc_column][vc_column width=&#8221;1\/2&#8243; css=&#8221;.vc_custom_1519878339296{padding-top: 60px !important;padding-bottom: 60px !important;}&#8221;]<div class=\"porto-u-heading col-half-section  wpb_custom_95aa9a11c17ad45cfabaf210d84ee7cc porto-u-ad87e2eaf3f9c495180fe0156ddf3eb0 \"><div class=\"porto-u-main-heading\"><h1   style=\"font-family:Oswald;font-weight:700;color:#282d3b;font-size:16px;line-height:16px;\">Was wir f\u00fcr Sie tun k\u00f6nnen:<\/h1><\/div><style>.porto-u-ad87e2eaf3f9c495180fe0156ddf3eb0.porto-u-heading{text-align:left}<\/style><\/div>[vc_accordion active_tab=&#8221;1&#8243; type=&#8221;without-bg&#8221; size=&#8221;panel-group-lg&#8221; el_class=&#8221;col-half-section&#8221;][vc_accordion_tab title=&#8221;Gemeinsam nach geeigneten Werkzeugen suchen&#8221;][vc_column_text]<\/p>\n<p>Lorem Ipsum ist einfach ein Blindtext der Druck- und Satzindustrie. Lorem Ipsum ist der Industriestandard f\u00fcr Blindtext seit den 1500er Jahren, als ein unbekannter Drucker eine Schriftgaleere nahm und sie verschl\u00fcsselte, um .<\/p>\n<p>[\/vc_column_text][\/vc_accordion_tab][vc_accordion_tab title=&#8221;Beratung \u00fcber die M\u00f6glichkeiten von Geb\u00fchren&#8221;][vc_column_text]<\/p>\n<p>Lorem Ipsum ist einfach ein Blindtext der Druck- und Satzindustrie. Lorem Ipsum ist der Industriestandard f\u00fcr Blindtext seit den 1500er Jahren, als ein unbekannter Drucker eine Schriftgaleere nahm und sie verschl\u00fcsselte, um .<\/p>\n<p>[\/vc_column_text][\/vc_accordion_tab][vc_accordion_tab title=&#8221;Produkte vorf\u00fchren und testen&#8221;][vc_column_text]<\/p>\n<p>Versuchsperioden<\/p>\n<p>[\/vc_column_text][\/vc_accordion_tab][vc_accordion_tab title=&#8221;Erm\u00e4\u00dfigungen f\u00fcr Ergotherapeuten&#8221;][vc_column_text]<\/p>\n<p>Lorem Ipsum ist einfach ein Blindtext der Druck- und Satzindustrie. Lorem Ipsum ist der Industriestandard f\u00fcr Blindtext seit den 1500er Jahren, als ein unbekannter Drucker eine Schriftgaleere nahm und sie verschl\u00fcsselte, um .<\/p>\n<p>[\/vc_column_text][\/vc_accordion_tab][vc_accordion_tab title=&#8221;Ein klares Sortiment mit einem einfachen Bestellsystem&#8221;][vc_column_text]<\/p>\n<p>Lorem Ipsum ist einfach ein Blindtext der Druck- und Satzindustrie. Lorem Ipsum ist der Industriestandard f\u00fcr Blindtext seit den 1500er Jahren, als ein unbekannter Drucker eine Schriftgaleere nahm und sie verschl\u00fcsselte, um .<\/p>\n<p>[\/vc_column_text][\/vc_accordion_tab][\/vc_accordion][\/vc_column][\/vc_row][vc_row wrap_container=&#8221;yes&#8221; css=&#8221;.vc_custom_1519878974553{padding-top: 60px !important;padding-bottom: 40px !important;}&#8221;][vc_column]<div class=\"porto-u-heading  wpb_custom_95aa9a11c17ad45cfabaf210d84ee7cc porto-u-ad87e2eaf3f9c495180fe0156ddf3eb0 \"><div class=\"porto-u-main-heading\"><h2   style=\"font-family:Oswald;font-weight:700;color:#282d3b;margin-bottom: 30px;font-size:16px;line-height:16px;\">Vorteile von HomeCare Innovation BV<\/h2><\/div><style>.porto-u-ad87e2eaf3f9c495180fe0156ddf3eb0.porto-u-heading{text-align:left}<\/style><\/div>[vc_row_inner][vc_column_inner width=&#8221;1\/3&#8243;]<div class=\"porto-sicon-box  wpb_custom_8de3a9252882d807fc07759102f1dec2 style_1 default-icon flex-wrap\"><div class=\"porto-sicon-header\"><h3 class=\"porto-sicon-title\" style=\"font-weight:700;font-size:15px;color:#2b2b2d;line-height:15px;\">Breite Palette<\/h3><p style=\"font-size:14px;line-height:27px;color:#4a505e;\">Qualit\u00e4tsprodukte von A bis Z<\/p><\/div> <!-- header --><div class=\"porto-sicon-description\" style=\"\">Bei HomeCare Innovation BV sind wir st\u00e4ndig bem\u00fcht, eine Reihe von Qualit\u00e4tsprodukten anzubieten, die den W\u00fcnschen und Bed\u00fcrfnissen der Endbenutzer entsprechen. Wir erweitern unser Angebot regelm\u00e4\u00dfig mit neuen innovativen L\u00f6sungen f\u00fcr aktuelle Probleme und Herausforderungen \u00e4lterer und behinderter Menschen.<\/div> <!-- description --><\/div><!-- porto-sicon-box -->[\/vc_column_inner][vc_column_inner width=&#8221;1\/3&#8243;]<div class=\"porto-sicon-box  wpb_custom_8de3a9252882d807fc07759102f1dec2 style_1 default-icon flex-wrap\"><div class=\"porto-sicon-header\"><h3 class=\"porto-sicon-title\" style=\"font-weight:700;font-size:15px;color:#2b2b2d;line-height:15px;\">Ratschl\u00e4ge von experten<\/h3><p style=\"font-size:14px;line-height:27px;color:#4a505e;\">Realistische &amp; problemorientierte Beratung<\/p><\/div> <!-- header --><div class=\"porto-sicon-description\" style=\"\">Wenn Sie nicht sicher sind, welches Werkzeug f\u00fcr Ihren Kunden geeignet ist, k\u00f6nnen Sie den Wald vor lauter B\u00e4umen nicht mehr sehen. Einer unserer Experten wird Ihnen gerne weiterhelfen. Gemeinsam k\u00f6nnen wir die verf\u00fcgbaren Optionen abw\u00e4gen und die beste Entscheidung treffen.<\/div> <!-- description --><\/div><!-- porto-sicon-box -->[\/vc_column_inner][vc_column_inner width=&#8221;1\/3&#8243;]<div class=\"porto-sicon-box  wpb_custom_8de3a9252882d807fc07759102f1dec2 style_1 default-icon flex-wrap\"><div class=\"porto-sicon-header\"><h3 class=\"porto-sicon-title\" style=\"font-weight:700;font-size:15px;color:#2b2b2d;line-height:15px;\">Demonstrationen &amp; Probezeitr\u00e4ume<\/h3><p style=\"font-size:14px;line-height:27px;color:#4a505e;\">Jeder ist anders.<\/p><\/div> <!-- header --><div class=\"porto-sicon-description\" style=\"\">In vielen F\u00e4llen sind die Beratungsinstrumente ma\u00dfgeschneidert. Schlie\u00dflich ist jeder etwas anders. Viele der Produkte von HomeCare Innovation BV k\u00f6nnen daher vorgef\u00fchrt oder sogar f\u00fcr eine Probezeit ausprobiert werden.<\/div> <!-- description --><\/div><!-- porto-sicon-box -->[\/vc_column_inner][\/vc_row_inner][\/vc_column][\/vc_row]<\/p>\n<\/div>","protected":false},"excerpt":{"rendered":"<p>[vc_row wrap_container=&#8221;yes&#8221; text_align=&#8221;center&#8221; css=&#8221;.vc_custom_1519871900664{padding-top: 50px !important;padding-bottom: 20px !important;}&#8221;][vc_column offset=&#8221;vc_col-lg-offset-2 vc_col-lg-8 vc_col-md-offset-1 vc_col-md-10&#8243;][vc_empty_space][vc_column_text] Als Ergotherapeutin oder Ergotherapeut sind Sie u.a. verpflichtet, zur Selbst\u00e4ndigkeit \u00e4lterer Menschen oder Menschen mit eingeschr\u00e4nkter Mobilit\u00e4t beizutragen. Dabei wird es regelm\u00e4ssig vorkommen, dass Ihr Klient von einer bestimmten Hilfe profitiert, damit er seine t\u00e4glichen Aktivit\u00e4ten unabh\u00e4ngiger durchf\u00fchren kann. Als Anbieter einer breiten [&hellip;]<\/p>\n","protected":false},"author":1,"featured_media":0,"parent":0,"menu_order":0,"comment_status":"closed","ping_status":"closed","template":"","meta":{"footnotes":""},"class_list":["post-13883","page","type-page","status-publish","hentry"],"yoast_head":"<!-- This site is optimized with the Yoast SEO plugin v27.3 - https:\/\/yoast.com\/product\/yoast-seo-wordpress\/ -->\n<title>Besch\u00e4ftigungstherapeuten - HomeCare Innovation BV<\/title>\n<meta name=\"robots\" content=\"index, follow, max-snippet:-1, max-image-preview:large, max-video-preview:-1\" \/>\n<link rel=\"canonical\" href=\"https:\/\/homecareinnovation.com\/de\/beschaeftigungstherapeuten\/\" \/>\n<meta property=\"og:locale\" content=\"de_DE\" \/>\n<meta property=\"og:type\" content=\"article\" \/>\n<meta property=\"og:title\" content=\"Besch\u00e4ftigungstherapeuten - HomeCare Innovation BV\" \/>\n<meta property=\"og:description\" content=\"[vc_row wrap_container=&#8221;yes&#8221; text_align=&#8221;center&#8221; css=&#8221;.vc_custom_1519871900664{padding-top: 50px !important;padding-bottom: 20px !important;}&#8221;][vc_column offset=&#8221;vc_col-lg-offset-2 vc_col-lg-8 vc_col-md-offset-1 vc_col-md-10&#8243;][vc_empty_space][vc_column_text] Als Ergotherapeutin oder Ergotherapeut sind Sie u.a. verpflichtet, zur Selbst\u00e4ndigkeit \u00e4lterer Menschen oder Menschen mit eingeschr\u00e4nkter Mobilit\u00e4t beizutragen. Dabei wird es regelm\u00e4ssig vorkommen, dass Ihr Klient von einer bestimmten Hilfe profitiert, damit er seine t\u00e4glichen Aktivit\u00e4ten unabh\u00e4ngiger durchf\u00fchren kann. Als Anbieter einer breiten [&hellip;]\" \/>\n<meta property=\"og:url\" content=\"https:\/\/homecareinnovation.com\/de\/beschaeftigungstherapeuten\/\" \/>\n<meta property=\"og:site_name\" content=\"HomeCare Innovation BV\" \/>\n<meta property=\"article:publisher\" content=\"https:\/\/www.facebook.com\/HomeCareInnovationBV\/\" \/>\n<meta property=\"article:modified_time\" content=\"2020-11-23T08:37:22+00:00\" \/>\n<meta name=\"twitter:card\" content=\"summary_large_image\" \/>\n<meta name=\"twitter:label1\" content=\"Gesch\u00e4tzte Lesezeit\" \/>\n\t<meta name=\"twitter:data1\" content=\"5\u00a0Minuten\" \/>\n<script type=\"application\/ld+json\" class=\"yoast-schema-graph\">{\"@context\":\"https:\\\/\\\/schema.org\",\"@graph\":[{\"@type\":\"WebPage\",\"@id\":\"https:\\\/\\\/homecareinnovation.com\\\/de\\\/beschaeftigungstherapeuten\\\/\",\"url\":\"https:\\\/\\\/homecareinnovation.com\\\/de\\\/beschaeftigungstherapeuten\\\/\",\"name\":\"Besch\u00e4ftigungstherapeuten - HomeCare Innovation BV\",\"isPartOf\":{\"@id\":\"https:\\\/\\\/homecareinnovation.com\\\/de\\\/#website\"},\"datePublished\":\"2020-11-16T14:01:00+00:00\",\"dateModified\":\"2020-11-23T08:37:22+00:00\",\"breadcrumb\":{\"@id\":\"https:\\\/\\\/homecareinnovation.com\\\/de\\\/beschaeftigungstherapeuten\\\/#breadcrumb\"},\"inLanguage\":\"de\",\"potentialAction\":[{\"@type\":\"ReadAction\",\"target\":[\"https:\\\/\\\/homecareinnovation.com\\\/de\\\/beschaeftigungstherapeuten\\\/\"]}]},{\"@type\":\"BreadcrumbList\",\"@id\":\"https:\\\/\\\/homecareinnovation.com\\\/de\\\/beschaeftigungstherapeuten\\\/#breadcrumb\",\"itemListElement\":[{\"@type\":\"ListItem\",\"position\":1,\"name\":\"Home\",\"item\":\"https:\\\/\\\/homecareinnovation.com\\\/de\\\/\"},{\"@type\":\"ListItem\",\"position\":2,\"name\":\"Besch\u00e4ftigungstherapeuten\"}]},{\"@type\":\"WebSite\",\"@id\":\"https:\\\/\\\/homecareinnovation.com\\\/de\\\/#website\",\"url\":\"https:\\\/\\\/homecareinnovation.com\\\/de\\\/\",\"name\":\"HomeCare Innovation BV\",\"description\":\"Gro\u00dfh\u00e4ndler f\u00fcr Hilfsmittel f\u00fcr \u00e4ltere und behinderte Menschen\",\"publisher\":{\"@id\":\"https:\\\/\\\/homecareinnovation.com\\\/de\\\/#organization\"},\"potentialAction\":[{\"@type\":\"SearchAction\",\"target\":{\"@type\":\"EntryPoint\",\"urlTemplate\":\"https:\\\/\\\/homecareinnovation.com\\\/de\\\/?s={search_term_string}\"},\"query-input\":{\"@type\":\"PropertyValueSpecification\",\"valueRequired\":true,\"valueName\":\"search_term_string\"}}],\"inLanguage\":\"de\"},{\"@type\":\"Organization\",\"@id\":\"https:\\\/\\\/homecareinnovation.com\\\/de\\\/#organization\",\"name\":\"HomeCare Innovation BV\",\"url\":\"https:\\\/\\\/homecareinnovation.com\\\/de\\\/\",\"logo\":{\"@type\":\"ImageObject\",\"inLanguage\":\"de\",\"@id\":\"https:\\\/\\\/homecareinnovation.com\\\/de\\\/#\\\/schema\\\/logo\\\/image\\\/\",\"url\":\"https:\\\/\\\/homecareinnovation.com\\\/wp-content\\\/uploads\\\/2021\\\/03\\\/HOME-CARE-LOGO-originele-kleur-klein.png\",\"contentUrl\":\"https:\\\/\\\/homecareinnovation.com\\\/wp-content\\\/uploads\\\/2021\\\/03\\\/HOME-CARE-LOGO-originele-kleur-klein.png\",\"width\":1000,\"height\":357,\"caption\":\"HomeCare Innovation BV\"},\"image\":{\"@id\":\"https:\\\/\\\/homecareinnovation.com\\\/de\\\/#\\\/schema\\\/logo\\\/image\\\/\"},\"sameAs\":[\"https:\\\/\\\/www.facebook.com\\\/HomeCareInnovationBV\\\/\",\"https:\\\/\\\/www.instagram.com\\\/homecareinnovation\\\/\",\"https:\\\/\\\/www.youtube.com\\\/channel\\\/UCg5pUSP6YEDGR5KtKeZe7nw\"]}]}<\/script>\n<!-- \/ Yoast SEO plugin. -->","yoast_head_json":{"title":"Besch\u00e4ftigungstherapeuten - HomeCare Innovation BV","robots":{"index":"index","follow":"follow","max-snippet":"max-snippet:-1","max-image-preview":"max-image-preview:large","max-video-preview":"max-video-preview:-1"},"canonical":"https:\/\/homecareinnovation.com\/de\/beschaeftigungstherapeuten\/","og_locale":"de_DE","og_type":"article","og_title":"Besch\u00e4ftigungstherapeuten - HomeCare Innovation BV","og_description":"[vc_row wrap_container=&#8221;yes&#8221; text_align=&#8221;center&#8221; css=&#8221;.vc_custom_1519871900664{padding-top: 50px !important;padding-bottom: 20px !important;}&#8221;][vc_column offset=&#8221;vc_col-lg-offset-2 vc_col-lg-8 vc_col-md-offset-1 vc_col-md-10&#8243;][vc_empty_space][vc_column_text] Als Ergotherapeutin oder Ergotherapeut sind Sie u.a. verpflichtet, zur Selbst\u00e4ndigkeit \u00e4lterer Menschen oder Menschen mit eingeschr\u00e4nkter Mobilit\u00e4t beizutragen. Dabei wird es regelm\u00e4ssig vorkommen, dass Ihr Klient von einer bestimmten Hilfe profitiert, damit er seine t\u00e4glichen Aktivit\u00e4ten unabh\u00e4ngiger durchf\u00fchren kann. Als Anbieter einer breiten [&hellip;]","og_url":"https:\/\/homecareinnovation.com\/de\/beschaeftigungstherapeuten\/","og_site_name":"HomeCare Innovation BV","article_publisher":"https:\/\/www.facebook.com\/HomeCareInnovationBV\/","article_modified_time":"2020-11-23T08:37:22+00:00","twitter_card":"summary_large_image","twitter_misc":{"Gesch\u00e4tzte Lesezeit":"5\u00a0Minuten"},"schema":{"@context":"https:\/\/schema.org","@graph":[{"@type":"WebPage","@id":"https:\/\/homecareinnovation.com\/de\/beschaeftigungstherapeuten\/","url":"https:\/\/homecareinnovation.com\/de\/beschaeftigungstherapeuten\/","name":"Besch\u00e4ftigungstherapeuten - HomeCare Innovation BV","isPartOf":{"@id":"https:\/\/homecareinnovation.com\/de\/#website"},"datePublished":"2020-11-16T14:01:00+00:00","dateModified":"2020-11-23T08:37:22+00:00","breadcrumb":{"@id":"https:\/\/homecareinnovation.com\/de\/beschaeftigungstherapeuten\/#breadcrumb"},"inLanguage":"de","potentialAction":[{"@type":"ReadAction","target":["https:\/\/homecareinnovation.com\/de\/beschaeftigungstherapeuten\/"]}]},{"@type":"BreadcrumbList","@id":"https:\/\/homecareinnovation.com\/de\/beschaeftigungstherapeuten\/#breadcrumb","itemListElement":[{"@type":"ListItem","position":1,"name":"Home","item":"https:\/\/homecareinnovation.com\/de\/"},{"@type":"ListItem","position":2,"name":"Besch\u00e4ftigungstherapeuten"}]},{"@type":"WebSite","@id":"https:\/\/homecareinnovation.com\/de\/#website","url":"https:\/\/homecareinnovation.com\/de\/","name":"HomeCare Innovation BV","description":"Gro\u00dfh\u00e4ndler f\u00fcr Hilfsmittel f\u00fcr \u00e4ltere und behinderte Menschen","publisher":{"@id":"https:\/\/homecareinnovation.com\/de\/#organization"},"potentialAction":[{"@type":"SearchAction","target":{"@type":"EntryPoint","urlTemplate":"https:\/\/homecareinnovation.com\/de\/?s={search_term_string}"},"query-input":{"@type":"PropertyValueSpecification","valueRequired":true,"valueName":"search_term_string"}}],"inLanguage":"de"},{"@type":"Organization","@id":"https:\/\/homecareinnovation.com\/de\/#organization","name":"HomeCare Innovation BV","url":"https:\/\/homecareinnovation.com\/de\/","logo":{"@type":"ImageObject","inLanguage":"de","@id":"https:\/\/homecareinnovation.com\/de\/#\/schema\/logo\/image\/","url":"https:\/\/homecareinnovation.com\/wp-content\/uploads\/2021\/03\/HOME-CARE-LOGO-originele-kleur-klein.png","contentUrl":"https:\/\/homecareinnovation.com\/wp-content\/uploads\/2021\/03\/HOME-CARE-LOGO-originele-kleur-klein.png","width":1000,"height":357,"caption":"HomeCare Innovation BV"},"image":{"@id":"https:\/\/homecareinnovation.com\/de\/#\/schema\/logo\/image\/"},"sameAs":["https:\/\/www.facebook.com\/HomeCareInnovationBV\/","https:\/\/www.instagram.com\/homecareinnovation\/","https:\/\/www.youtube.com\/channel\/UCg5pUSP6YEDGR5KtKeZe7nw"]}]}},"_links":{"self":[{"href":"https:\/\/homecareinnovation.com\/de\/wp-json\/wp\/v2\/pages\/13883","targetHints":{"allow":["GET"]}}],"collection":[{"href":"https:\/\/homecareinnovation.com\/de\/wp-json\/wp\/v2\/pages"}],"about":[{"href":"https:\/\/homecareinnovation.com\/de\/wp-json\/wp\/v2\/types\/page"}],"author":[{"embeddable":true,"href":"https:\/\/homecareinnovation.com\/de\/wp-json\/wp\/v2\/users\/1"}],"replies":[{"embeddable":true,"href":"https:\/\/homecareinnovation.com\/de\/wp-json\/wp\/v2\/comments?post=13883"}],"version-history":[{"count":0,"href":"https:\/\/homecareinnovation.com\/de\/wp-json\/wp\/v2\/pages\/13883\/revisions"}],"wp:attachment":[{"href":"https:\/\/homecareinnovation.com\/de\/wp-json\/wp\/v2\/media?parent=13883"}],"curies":[{"name":"wp","href":"https:\/\/api.w.org\/{rel}","templated":true}]}}