{"id":13898,"date":"2020-11-16T14:06:44","date_gmt":"2020-11-16T14:06:44","guid":{"rendered":"https:\/\/homecareinnovation.com\/ausgezeichnete-systeme\/"},"modified":"2020-11-30T15:22:58","modified_gmt":"2020-11-30T15:22:58","slug":"excellent-systems","status":"publish","type":"page","link":"https:\/\/homecareinnovation.com\/de\/excellent-systems\/","title":{"rendered":"Excellent systems"},"content":{"rendered":"<div class=\"wpb-content-wrapper\"><p>[vc_row wrap_container=&#8221;yes&#8221; is_section=&#8221;yes&#8221; section_skin=&#8221;parallax&#8221; remove_margin_top=&#8221;yes&#8221; remove_border=&#8221;yes&#8221; css=&#8221;.vc_custom_1532061717202{padding-top: 70px !important;padding-bottom: 40px !important;}&#8221;][vc_column offset=&#8221;vc_col-md-6&#8243;][vc_images_carousel images=&#8221;13919,13913,13907,13901&#8243; img_size=&#8221;full&#8221; onclick=&#8221;link_no&#8221; wrap=&#8221;yes&#8221;][vc_btn title=&#8221;Klicken Sie hier, um die obige Brosch\u00fcre herunterzuladen&#8221; color=&#8221;primary&#8221; align=&#8221;center&#8221; link=&#8221;url:http%3A%2F%2Fhomecareinnovation.com%2Fwp-content%2Fuploads%2F2020%2F09%2FExcellentSystem-Folder-A3-HomeCare.pdf|&#8221;][\/vc_column][vc_column css=&#8221;.vc_custom_1529913695250{padding-top: 40px !important;}&#8221; el_class=&#8221;pl-lg-5&#8243; offset=&#8221;vc_col-md-6&#8243;]<div class=\"porto-u-heading  wpb_custom_95aa9a11c17ad45cfabaf210d84ee7cc porto-u-ad87e2eaf3f9c495180fe0156ddf3eb0 \"><div class=\"porto-u-main-heading\"><h2   style=\"font-family:Oswald;font-size:26px;\">Modulaire drempelsystemen:<\/h2><\/div><style>.porto-u-ad87e2eaf3f9c495180fe0156ddf3eb0.porto-u-heading{text-align:left}<\/style><\/div>[vc_column_text el_class=&#8221;content-row&#8221;]<\/p>\n<p style=\"text-align: left;\">Mit dem Schwellensystem von Excellent Systems kann jede Schwelle f\u00fcr behinderte Menschen leicht angepasst werden.\u00a0HomeCare Innovation ist eines der wenigen Unternehmen in den Niederlanden, das ein Schwellensystem anbietet, das einfach zu montieren, demontieren und wiederzuverwenden ist. Excellent Systems ist ein modulares Schwellensystem, das aus verschiedenen Elementen besteht. Im Durchschnitt k\u00f6nnen 95 Prozent der verwendeten Elemente beim Bau der n\u00e4chsten Schwellenl\u00f6sung wiederverwendet werden.<\/p>\n<p><strong>Vorteil Ausgezeichnete Systeme:<\/strong><\/p>\n<p>[\/vc_column_text]<style>.porto-info-list5adaebacd11876c1b2997ad0a9f00483 i { color: #080808;font-size: 16px; }<\/style><ul class=\"porto-info-list  porto-info-list5adaebacd11876c1b2997ad0a9f00483 wpb_custom_a393beb0a37da136b69e202fd2e3b0cc\"><li class=\"porto-info-list-item  wpb_custom_e140fdbed0f4dcf712ec01445fbb5e77\"><i class=\"porto-info-icon porto-icon-ok\"><\/i><div class=\"porto-info-list-item-desc\">Altijd passend te monteren<\/div><\/li><li class=\"porto-info-list-item  wpb_custom_e140fdbed0f4dcf712ec01445fbb5e77\"><i class=\"porto-info-icon porto-icon-ok\"><\/i><div class=\"porto-info-list-item-desc\">Geluiddempend<\/div><\/li><li class=\"porto-info-list-item  wpb_custom_e140fdbed0f4dcf712ec01445fbb5e77\"><i class=\"porto-info-icon porto-icon-ok\"><\/i><div class=\"porto-info-list-item-desc\">Herbruikbaar voor 95% (kosten = investering)<\/div><\/li><li class=\"porto-info-list-item  wpb_custom_e140fdbed0f4dcf712ec01445fbb5e77\"><i class=\"porto-info-icon porto-icon-ok\"><\/i><div class=\"porto-info-list-item-desc\">Kleinere oplossingen zijn niet-permanent te monteren<\/div><\/li><li class=\"porto-info-list-item  wpb_custom_e140fdbed0f4dcf712ec01445fbb5e77\"><i class=\"porto-info-icon porto-icon-ok\"><\/i><div class=\"porto-info-list-item-desc\">Verschillende hellingshoeken leverbaar<\/div><\/li><li class=\"porto-info-list-item  wpb_custom_e140fdbed0f4dcf712ec01445fbb5e77\"><i class=\"porto-info-icon porto-icon-ok\"><\/i><div class=\"porto-info-list-item-desc\">Schuin aflopende zijkanten mogelijk<\/div><\/li><li class=\"porto-info-list-item  wpb_custom_e140fdbed0f4dcf712ec01445fbb5e77\"><i class=\"porto-info-icon porto-icon-ok\"><\/i><div class=\"porto-info-list-item-desc\">Niet diefstalgevoelig<\/div><\/li><li class=\"porto-info-list-item  wpb_custom_e140fdbed0f4dcf712ec01445fbb5e77\"><i class=\"porto-info-icon porto-icon-ok\"><\/i><div class=\"porto-info-list-item-desc\">Toepasbaar in binnen- en buitensituaties<\/div><\/li><li class=\"porto-info-list-item  wpb_custom_e140fdbed0f4dcf712ec01445fbb5e77\"><i class=\"porto-info-icon porto-icon-ok\"><\/i><div class=\"porto-info-list-item-desc\">Anti-slip<\/div><\/li><\/ul>[vc_btn title=&#8221;Werfen Sie hier einen Blick auf unsere Excellent schwellenhilfen&#8221; color=&#8221;primary&#8221; align=&#8221;center&#8221; link=&#8221;url:%2Fde%2Fprodukt-kategorie%2Fschwellenrampen%2F|&#8221;][\/vc_column][\/vc_row][vc_row][vc_column width=&#8221;1\/2&#8243;][vc_column_text]<\/p>\n<h2>Differente Gradienten<\/h2>\n<p>Durch die Auswahl aus drei verschiedenen Gradienten [1 : 6,7] &#8211; [1 : 13,4] &#8211; [1 : 20] kann jede L\u00f6sung auf den Endbenutzer zugeschnitten werden. Es ist auch m\u00f6glich, die Schwellenl\u00f6sung seitlich zu kippen, so dass der Benutzer eine relativ einfache Drehung vornehmen kann. Aufgrund seiner soliden Konstruktion kann Excellent Systems sehr hohen Belastungen standhalten. Infolgedessen ist das System auch schallabsorbierend.<\/p>\n<p><strong>Markierungsmaterial:<\/strong> Gelb gef\u00e4rbtes Material kann zur Markierung des Startstreifens zur Verf\u00fcgung stehen. Dies schafft eine sichere Schwellenl\u00f6sung f\u00fcr Menschen mit eingeschr\u00e4nktem Sehverm\u00f6gen.<\/p>\n<p>Schauen Sie sich rechts einige Beispiele f\u00fcr ausgezeichnete Systeme an. <strong>\u2192<\/strong><\/p>\n<p>[\/vc_column_text][\/vc_column][vc_column width=&#8221;1\/2&#8243;][vc_images_carousel images=&#8221;14129,2648,14153,2650,2646,14273&#8243; img_size=&#8221;550&#215;500&#8243; autoplay=&#8221;yes&#8221; wrap=&#8221;yes&#8221;][\/vc_column][\/vc_row]<\/p>\n<\/div>","protected":false},"excerpt":{"rendered":"<p>[vc_row wrap_container=&#8221;yes&#8221; is_section=&#8221;yes&#8221; section_skin=&#8221;parallax&#8221; remove_margin_top=&#8221;yes&#8221; remove_border=&#8221;yes&#8221; css=&#8221;.vc_custom_1532061717202{padding-top: 70px !important;padding-bottom: 40px !important;}&#8221;][vc_column offset=&#8221;vc_col-md-6&#8243;][vc_images_carousel images=&#8221;13919,13913,13907,13901&#8243; img_size=&#8221;full&#8221; onclick=&#8221;link_no&#8221; wrap=&#8221;yes&#8221;][vc_btn title=&#8221;Klicken Sie hier, um die obige Brosch\u00fcre herunterzuladen&#8221; color=&#8221;primary&#8221; align=&#8221;center&#8221; link=&#8221;url:http%3A%2F%2Fhomecareinnovation.com%2Fwp-content%2Fuploads%2F2020%2F09%2FExcellentSystem-Folder-A3-HomeCare.pdf|&#8221;][\/vc_column][vc_column css=&#8221;.vc_custom_1529913695250{padding-top: 40px !important;}&#8221; el_class=&#8221;pl-lg-5&#8243; offset=&#8221;vc_col-md-6&#8243;][vc_column_text el_class=&#8221;content-row&#8221;] Mit dem Schwellensystem von Excellent Systems kann jede Schwelle f\u00fcr behinderte Menschen leicht angepasst werden.\u00a0HomeCare Innovation ist eines der wenigen Unternehmen in [&hellip;]<\/p>\n","protected":false},"author":1,"featured_media":0,"parent":0,"menu_order":0,"comment_status":"closed","ping_status":"closed","template":"","meta":{"footnotes":""},"class_list":["post-13898","page","type-page","status-publish","hentry"],"yoast_head":"<!-- This site is optimized with the Yoast SEO plugin v27.3 - https:\/\/yoast.com\/product\/yoast-seo-wordpress\/ -->\n<title>Excellent systems - HomeCare Innovation BV<\/title>\n<meta name=\"robots\" content=\"index, follow, max-snippet:-1, max-image-preview:large, max-video-preview:-1\" \/>\n<link rel=\"canonical\" href=\"https:\/\/homecareinnovation.com\/de\/excellent-systems\/\" \/>\n<meta property=\"og:locale\" content=\"de_DE\" \/>\n<meta property=\"og:type\" content=\"article\" \/>\n<meta property=\"og:title\" content=\"Excellent systems - HomeCare Innovation BV\" \/>\n<meta property=\"og:description\" content=\"[vc_row wrap_container=&#8221;yes&#8221; is_section=&#8221;yes&#8221; section_skin=&#8221;parallax&#8221; remove_margin_top=&#8221;yes&#8221; remove_border=&#8221;yes&#8221; css=&#8221;.vc_custom_1532061717202{padding-top: 70px !important;padding-bottom: 40px !important;}&#8221;][vc_column offset=&#8221;vc_col-md-6&#8243;][vc_images_carousel images=&#8221;13919,13913,13907,13901&#8243; img_size=&#8221;full&#8221; onclick=&#8221;link_no&#8221; wrap=&#8221;yes&#8221;][vc_btn title=&#8221;Klicken Sie hier, um die obige Brosch\u00fcre herunterzuladen&#8221; color=&#8221;primary&#8221; align=&#8221;center&#8221; link=&#8221;url:http%3A%2F%2Fhomecareinnovation.com%2Fwp-content%2Fuploads%2F2020%2F09%2FExcellentSystem-Folder-A3-HomeCare.pdf|&#8221;][\/vc_column][vc_column css=&#8221;.vc_custom_1529913695250{padding-top: 40px !important;}&#8221; el_class=&#8221;pl-lg-5&#8243; offset=&#8221;vc_col-md-6&#8243;][vc_column_text el_class=&#8221;content-row&#8221;] Mit dem Schwellensystem von Excellent Systems kann jede Schwelle f\u00fcr behinderte Menschen leicht angepasst werden.\u00a0HomeCare Innovation ist eines der wenigen Unternehmen in [&hellip;]\" \/>\n<meta property=\"og:url\" content=\"https:\/\/homecareinnovation.com\/de\/excellent-systems\/\" \/>\n<meta property=\"og:site_name\" content=\"HomeCare Innovation BV\" \/>\n<meta property=\"article:publisher\" content=\"https:\/\/www.facebook.com\/HomeCareInnovationBV\/\" \/>\n<meta property=\"article:modified_time\" content=\"2020-11-30T15:22:58+00:00\" \/>\n<meta name=\"twitter:card\" content=\"summary_large_image\" \/>\n<meta name=\"twitter:label1\" content=\"Gesch\u00e4tzte Lesezeit\" \/>\n\t<meta name=\"twitter:data1\" content=\"3\u00a0Minuten\" \/>\n<script type=\"application\/ld+json\" class=\"yoast-schema-graph\">{\"@context\":\"https:\\\/\\\/schema.org\",\"@graph\":[{\"@type\":\"WebPage\",\"@id\":\"https:\\\/\\\/homecareinnovation.com\\\/de\\\/excellent-systems\\\/\",\"url\":\"https:\\\/\\\/homecareinnovation.com\\\/de\\\/excellent-systems\\\/\",\"name\":\"Excellent systems - HomeCare Innovation BV\",\"isPartOf\":{\"@id\":\"https:\\\/\\\/homecareinnovation.com\\\/de\\\/#website\"},\"datePublished\":\"2020-11-16T14:06:44+00:00\",\"dateModified\":\"2020-11-30T15:22:58+00:00\",\"breadcrumb\":{\"@id\":\"https:\\\/\\\/homecareinnovation.com\\\/de\\\/excellent-systems\\\/#breadcrumb\"},\"inLanguage\":\"de\",\"potentialAction\":[{\"@type\":\"ReadAction\",\"target\":[\"https:\\\/\\\/homecareinnovation.com\\\/de\\\/excellent-systems\\\/\"]}]},{\"@type\":\"BreadcrumbList\",\"@id\":\"https:\\\/\\\/homecareinnovation.com\\\/de\\\/excellent-systems\\\/#breadcrumb\",\"itemListElement\":[{\"@type\":\"ListItem\",\"position\":1,\"name\":\"Home\",\"item\":\"https:\\\/\\\/homecareinnovation.com\\\/de\\\/\"},{\"@type\":\"ListItem\",\"position\":2,\"name\":\"Excellent systems\"}]},{\"@type\":\"WebSite\",\"@id\":\"https:\\\/\\\/homecareinnovation.com\\\/de\\\/#website\",\"url\":\"https:\\\/\\\/homecareinnovation.com\\\/de\\\/\",\"name\":\"HomeCare Innovation BV\",\"description\":\"Gro\u00dfh\u00e4ndler f\u00fcr Hilfsmittel f\u00fcr \u00e4ltere und behinderte Menschen\",\"publisher\":{\"@id\":\"https:\\\/\\\/homecareinnovation.com\\\/de\\\/#organization\"},\"potentialAction\":[{\"@type\":\"SearchAction\",\"target\":{\"@type\":\"EntryPoint\",\"urlTemplate\":\"https:\\\/\\\/homecareinnovation.com\\\/de\\\/?s={search_term_string}\"},\"query-input\":{\"@type\":\"PropertyValueSpecification\",\"valueRequired\":true,\"valueName\":\"search_term_string\"}}],\"inLanguage\":\"de\"},{\"@type\":\"Organization\",\"@id\":\"https:\\\/\\\/homecareinnovation.com\\\/de\\\/#organization\",\"name\":\"HomeCare Innovation BV\",\"url\":\"https:\\\/\\\/homecareinnovation.com\\\/de\\\/\",\"logo\":{\"@type\":\"ImageObject\",\"inLanguage\":\"de\",\"@id\":\"https:\\\/\\\/homecareinnovation.com\\\/de\\\/#\\\/schema\\\/logo\\\/image\\\/\",\"url\":\"https:\\\/\\\/homecareinnovation.com\\\/wp-content\\\/uploads\\\/2021\\\/03\\\/HOME-CARE-LOGO-originele-kleur-klein.png\",\"contentUrl\":\"https:\\\/\\\/homecareinnovation.com\\\/wp-content\\\/uploads\\\/2021\\\/03\\\/HOME-CARE-LOGO-originele-kleur-klein.png\",\"width\":1000,\"height\":357,\"caption\":\"HomeCare Innovation BV\"},\"image\":{\"@id\":\"https:\\\/\\\/homecareinnovation.com\\\/de\\\/#\\\/schema\\\/logo\\\/image\\\/\"},\"sameAs\":[\"https:\\\/\\\/www.facebook.com\\\/HomeCareInnovationBV\\\/\",\"https:\\\/\\\/www.instagram.com\\\/homecareinnovation\\\/\",\"https:\\\/\\\/www.youtube.com\\\/channel\\\/UCg5pUSP6YEDGR5KtKeZe7nw\"]}]}<\/script>\n<!-- \/ Yoast SEO plugin. -->","yoast_head_json":{"title":"Excellent systems - HomeCare Innovation BV","robots":{"index":"index","follow":"follow","max-snippet":"max-snippet:-1","max-image-preview":"max-image-preview:large","max-video-preview":"max-video-preview:-1"},"canonical":"https:\/\/homecareinnovation.com\/de\/excellent-systems\/","og_locale":"de_DE","og_type":"article","og_title":"Excellent systems - HomeCare Innovation BV","og_description":"[vc_row wrap_container=&#8221;yes&#8221; is_section=&#8221;yes&#8221; section_skin=&#8221;parallax&#8221; remove_margin_top=&#8221;yes&#8221; remove_border=&#8221;yes&#8221; css=&#8221;.vc_custom_1532061717202{padding-top: 70px !important;padding-bottom: 40px !important;}&#8221;][vc_column offset=&#8221;vc_col-md-6&#8243;][vc_images_carousel images=&#8221;13919,13913,13907,13901&#8243; img_size=&#8221;full&#8221; onclick=&#8221;link_no&#8221; wrap=&#8221;yes&#8221;][vc_btn title=&#8221;Klicken Sie hier, um die obige Brosch\u00fcre herunterzuladen&#8221; color=&#8221;primary&#8221; align=&#8221;center&#8221; link=&#8221;url:http%3A%2F%2Fhomecareinnovation.com%2Fwp-content%2Fuploads%2F2020%2F09%2FExcellentSystem-Folder-A3-HomeCare.pdf|&#8221;][\/vc_column][vc_column css=&#8221;.vc_custom_1529913695250{padding-top: 40px !important;}&#8221; el_class=&#8221;pl-lg-5&#8243; offset=&#8221;vc_col-md-6&#8243;][vc_column_text el_class=&#8221;content-row&#8221;] Mit dem Schwellensystem von Excellent Systems kann jede Schwelle f\u00fcr behinderte Menschen leicht angepasst werden.\u00a0HomeCare Innovation ist eines der wenigen Unternehmen in [&hellip;]","og_url":"https:\/\/homecareinnovation.com\/de\/excellent-systems\/","og_site_name":"HomeCare Innovation BV","article_publisher":"https:\/\/www.facebook.com\/HomeCareInnovationBV\/","article_modified_time":"2020-11-30T15:22:58+00:00","twitter_card":"summary_large_image","twitter_misc":{"Gesch\u00e4tzte Lesezeit":"3\u00a0Minuten"},"schema":{"@context":"https:\/\/schema.org","@graph":[{"@type":"WebPage","@id":"https:\/\/homecareinnovation.com\/de\/excellent-systems\/","url":"https:\/\/homecareinnovation.com\/de\/excellent-systems\/","name":"Excellent systems - HomeCare Innovation BV","isPartOf":{"@id":"https:\/\/homecareinnovation.com\/de\/#website"},"datePublished":"2020-11-16T14:06:44+00:00","dateModified":"2020-11-30T15:22:58+00:00","breadcrumb":{"@id":"https:\/\/homecareinnovation.com\/de\/excellent-systems\/#breadcrumb"},"inLanguage":"de","potentialAction":[{"@type":"ReadAction","target":["https:\/\/homecareinnovation.com\/de\/excellent-systems\/"]}]},{"@type":"BreadcrumbList","@id":"https:\/\/homecareinnovation.com\/de\/excellent-systems\/#breadcrumb","itemListElement":[{"@type":"ListItem","position":1,"name":"Home","item":"https:\/\/homecareinnovation.com\/de\/"},{"@type":"ListItem","position":2,"name":"Excellent systems"}]},{"@type":"WebSite","@id":"https:\/\/homecareinnovation.com\/de\/#website","url":"https:\/\/homecareinnovation.com\/de\/","name":"HomeCare Innovation BV","description":"Gro\u00dfh\u00e4ndler f\u00fcr Hilfsmittel f\u00fcr \u00e4ltere und behinderte Menschen","publisher":{"@id":"https:\/\/homecareinnovation.com\/de\/#organization"},"potentialAction":[{"@type":"SearchAction","target":{"@type":"EntryPoint","urlTemplate":"https:\/\/homecareinnovation.com\/de\/?s={search_term_string}"},"query-input":{"@type":"PropertyValueSpecification","valueRequired":true,"valueName":"search_term_string"}}],"inLanguage":"de"},{"@type":"Organization","@id":"https:\/\/homecareinnovation.com\/de\/#organization","name":"HomeCare Innovation BV","url":"https:\/\/homecareinnovation.com\/de\/","logo":{"@type":"ImageObject","inLanguage":"de","@id":"https:\/\/homecareinnovation.com\/de\/#\/schema\/logo\/image\/","url":"https:\/\/homecareinnovation.com\/wp-content\/uploads\/2021\/03\/HOME-CARE-LOGO-originele-kleur-klein.png","contentUrl":"https:\/\/homecareinnovation.com\/wp-content\/uploads\/2021\/03\/HOME-CARE-LOGO-originele-kleur-klein.png","width":1000,"height":357,"caption":"HomeCare Innovation BV"},"image":{"@id":"https:\/\/homecareinnovation.com\/de\/#\/schema\/logo\/image\/"},"sameAs":["https:\/\/www.facebook.com\/HomeCareInnovationBV\/","https:\/\/www.instagram.com\/homecareinnovation\/","https:\/\/www.youtube.com\/channel\/UCg5pUSP6YEDGR5KtKeZe7nw"]}]}},"_links":{"self":[{"href":"https:\/\/homecareinnovation.com\/de\/wp-json\/wp\/v2\/pages\/13898","targetHints":{"allow":["GET"]}}],"collection":[{"href":"https:\/\/homecareinnovation.com\/de\/wp-json\/wp\/v2\/pages"}],"about":[{"href":"https:\/\/homecareinnovation.com\/de\/wp-json\/wp\/v2\/types\/page"}],"author":[{"embeddable":true,"href":"https:\/\/homecareinnovation.com\/de\/wp-json\/wp\/v2\/users\/1"}],"replies":[{"embeddable":true,"href":"https:\/\/homecareinnovation.com\/de\/wp-json\/wp\/v2\/comments?post=13898"}],"version-history":[{"count":0,"href":"https:\/\/homecareinnovation.com\/de\/wp-json\/wp\/v2\/pages\/13898\/revisions"}],"wp:attachment":[{"href":"https:\/\/homecareinnovation.com\/de\/wp-json\/wp\/v2\/media?parent=13898"}],"curies":[{"name":"wp","href":"https:\/\/api.w.org\/{rel}","templated":true}]}}