{"id":13995,"date":"2020-11-16T14:48:31","date_gmt":"2020-11-16T14:48:31","guid":{"rendered":"https:\/\/homecareinnovation.com\/reklamationsverfahren\/"},"modified":"2020-11-23T08:23:47","modified_gmt":"2020-11-23T08:23:47","slug":"reklamationsverfahren","status":"publish","type":"page","link":"https:\/\/homecareinnovation.com\/de\/reklamationsverfahren\/","title":{"rendered":"Reklamationsverfahren"},"content":{"rendered":"<div class=\"wpb-content-wrapper\"><p>[vc_row content_placement=&#8221;middle&#8221; wrap_container=&#8221;yes&#8221; css=&#8221;.vc_custom_1557272027940{padding-top: 75px !important;padding-bottom: 75px !important;background-color: #e3e3e3 !important;}&#8221;][vc_column width=&#8221;3\/4&#8243;]<\/p>\n<div class=\"porto-u-heading  wpb_custom_95aa9a11c17ad45cfabaf210d84ee7cc porto-u-55ca8359258f9a412be7e73af65d2aac \"><div class=\"porto-u-main-heading\"><h2   style=\"font-weight:400;font-size:25px;line-height:42px;\"><\/p>\n<h2><strong> Beschwerden melden:<\/strong><\/h2>\n<p><\/h2><\/div><div class=\"porto-u-sub-heading\" style=\"\">Wir empfehlen Ihnen, uns zun\u00e4chst Beschwerden per E-Mail an\u00a0 <a href=\"mailto:info@homecareinnovation.com\">info@homecareinnovation.com<\/a> zu melden.<\/p>\n<p>Ab 15 Februar 2016 wird es auch f\u00fcr Verbraucher in der EU m\u00f6glich sein, Beschwerden \u00fcber die ODR-Plattform der Europ\u00e4ischen Kommission einzureichen. Diese ODR-Plattform finden Sie unter <a href=\"http:\/\/ec.europa.eu\/odr\" data-cke-saved-href=\"http:\/\/ec.europa.eu\/odr\">http:\/\/ec.europa.eu\/odr<\/a> .<\/p>\n<p>Wenn Ihre Beschwerde nicht anderweitig behandelt wird, steht es Ihnen frei, Ihre Beschwerde \u00fcber die Plattform der Europ\u00e4ischen Union einzureichen.<\/p>\n<p><\/div><style>.porto-u-55ca8359258f9a412be7e73af65d2aac.porto-u-heading{text-align:center}<\/style><\/div>\n<p>[\/vc_column][vc_column width=&#8221;1\/4&#8243;][vc_btn title=&#8221;Schicken Sie uns eine E-Mail&#8221; color=&#8221;primary&#8221; link=&#8221;url:mailto%3Ainfo%40homecareinnovation.com|&#8221;][\/vc_column][\/vc_row]<\/p>\n<\/div>","protected":false},"excerpt":{"rendered":"<p>[vc_row content_placement=&#8221;middle&#8221; wrap_container=&#8221;yes&#8221; css=&#8221;.vc_custom_1557272027940{padding-top: 75px !important;padding-bottom: 75px !important;background-color: #e3e3e3 !important;}&#8221;][vc_column width=&#8221;3\/4&#8243;] [\/vc_column][vc_column width=&#8221;1\/4&#8243;][vc_btn title=&#8221;Schicken Sie uns eine E-Mail&#8221; color=&#8221;primary&#8221; link=&#8221;url:mailto%3Ainfo%40homecareinnovation.com|&#8221;][\/vc_column][\/vc_row]<\/p>\n","protected":false},"author":1,"featured_media":0,"parent":0,"menu_order":0,"comment_status":"closed","ping_status":"closed","template":"","meta":{"footnotes":""},"class_list":["post-13995","page","type-page","status-publish","hentry"],"yoast_head":"<!-- This site is optimized with the Yoast SEO plugin v27.5 - https:\/\/yoast.com\/product\/yoast-seo-wordpress\/ -->\n<title>Reklamationsverfahren - HomeCare Innovation BV<\/title>\n<meta name=\"robots\" content=\"index, follow, max-snippet:-1, max-image-preview:large, max-video-preview:-1\" \/>\n<link rel=\"canonical\" href=\"https:\/\/homecareinnovation.com\/de\/reklamationsverfahren\/\" \/>\n<meta property=\"og:locale\" content=\"de_DE\" \/>\n<meta property=\"og:type\" content=\"article\" \/>\n<meta property=\"og:title\" content=\"Reklamationsverfahren - HomeCare Innovation BV\" \/>\n<meta property=\"og:description\" content=\"[vc_row content_placement=&#8221;middle&#8221; wrap_container=&#8221;yes&#8221; css=&#8221;.vc_custom_1557272027940{padding-top: 75px !important;padding-bottom: 75px !important;background-color: #e3e3e3 !important;}&#8221;][vc_column width=&#8221;3\/4&#8243;] [\/vc_column][vc_column width=&#8221;1\/4&#8243;][vc_btn title=&#8221;Schicken Sie uns eine E-Mail&#8221; color=&#8221;primary&#8221; link=&#8221;url:mailto%3Ainfo%40homecareinnovation.com|&#8221;][\/vc_column][\/vc_row]\" \/>\n<meta property=\"og:url\" content=\"https:\/\/homecareinnovation.com\/de\/reklamationsverfahren\/\" \/>\n<meta property=\"og:site_name\" content=\"HomeCare Innovation BV\" \/>\n<meta property=\"article:publisher\" content=\"https:\/\/www.facebook.com\/HomeCareInnovationBV\/\" \/>\n<meta property=\"article:modified_time\" content=\"2020-11-23T08:23:47+00:00\" \/>\n<meta name=\"twitter:card\" content=\"summary_large_image\" \/>\n<meta name=\"twitter:label1\" content=\"Gesch\u00e4tzte Lesezeit\" \/>\n\t<meta name=\"twitter:data1\" content=\"1\u00a0Minute\" \/>\n<script type=\"application\/ld+json\" class=\"yoast-schema-graph\">{\"@context\":\"https:\\\/\\\/schema.org\",\"@graph\":[{\"@type\":\"WebPage\",\"@id\":\"https:\\\/\\\/homecareinnovation.com\\\/de\\\/reklamationsverfahren\\\/\",\"url\":\"https:\\\/\\\/homecareinnovation.com\\\/de\\\/reklamationsverfahren\\\/\",\"name\":\"Reklamationsverfahren - HomeCare Innovation BV\",\"isPartOf\":{\"@id\":\"https:\\\/\\\/homecareinnovation.com\\\/de\\\/#website\"},\"datePublished\":\"2020-11-16T14:48:31+00:00\",\"dateModified\":\"2020-11-23T08:23:47+00:00\",\"breadcrumb\":{\"@id\":\"https:\\\/\\\/homecareinnovation.com\\\/de\\\/reklamationsverfahren\\\/#breadcrumb\"},\"inLanguage\":\"de\",\"potentialAction\":[{\"@type\":\"ReadAction\",\"target\":[\"https:\\\/\\\/homecareinnovation.com\\\/de\\\/reklamationsverfahren\\\/\"]}]},{\"@type\":\"BreadcrumbList\",\"@id\":\"https:\\\/\\\/homecareinnovation.com\\\/de\\\/reklamationsverfahren\\\/#breadcrumb\",\"itemListElement\":[{\"@type\":\"ListItem\",\"position\":1,\"name\":\"Home\",\"item\":\"https:\\\/\\\/homecareinnovation.com\\\/de\\\/\"},{\"@type\":\"ListItem\",\"position\":2,\"name\":\"Reklamationsverfahren\"}]},{\"@type\":\"WebSite\",\"@id\":\"https:\\\/\\\/homecareinnovation.com\\\/de\\\/#website\",\"url\":\"https:\\\/\\\/homecareinnovation.com\\\/de\\\/\",\"name\":\"HomeCare Innovation BV\",\"description\":\"Gro\u00dfh\u00e4ndler f\u00fcr Hilfsmittel f\u00fcr \u00e4ltere und behinderte Menschen\",\"publisher\":{\"@id\":\"https:\\\/\\\/homecareinnovation.com\\\/de\\\/#organization\"},\"potentialAction\":[{\"@type\":\"SearchAction\",\"target\":{\"@type\":\"EntryPoint\",\"urlTemplate\":\"https:\\\/\\\/homecareinnovation.com\\\/de\\\/?s={search_term_string}\"},\"query-input\":{\"@type\":\"PropertyValueSpecification\",\"valueRequired\":true,\"valueName\":\"search_term_string\"}}],\"inLanguage\":\"de\"},{\"@type\":\"Organization\",\"@id\":\"https:\\\/\\\/homecareinnovation.com\\\/de\\\/#organization\",\"name\":\"HomeCare Innovation BV\",\"url\":\"https:\\\/\\\/homecareinnovation.com\\\/de\\\/\",\"logo\":{\"@type\":\"ImageObject\",\"inLanguage\":\"de\",\"@id\":\"https:\\\/\\\/homecareinnovation.com\\\/de\\\/#\\\/schema\\\/logo\\\/image\\\/\",\"url\":\"https:\\\/\\\/homecareinnovation.com\\\/wp-content\\\/uploads\\\/2021\\\/03\\\/HOME-CARE-LOGO-originele-kleur-klein.png\",\"contentUrl\":\"https:\\\/\\\/homecareinnovation.com\\\/wp-content\\\/uploads\\\/2021\\\/03\\\/HOME-CARE-LOGO-originele-kleur-klein.png\",\"width\":1000,\"height\":357,\"caption\":\"HomeCare Innovation BV\"},\"image\":{\"@id\":\"https:\\\/\\\/homecareinnovation.com\\\/de\\\/#\\\/schema\\\/logo\\\/image\\\/\"},\"sameAs\":[\"https:\\\/\\\/www.facebook.com\\\/HomeCareInnovationBV\\\/\",\"https:\\\/\\\/www.instagram.com\\\/homecareinnovation\\\/\",\"https:\\\/\\\/www.youtube.com\\\/channel\\\/UCg5pUSP6YEDGR5KtKeZe7nw\"]}]}<\/script>\n<!-- \/ Yoast SEO plugin. -->","yoast_head_json":{"title":"Reklamationsverfahren - HomeCare Innovation BV","robots":{"index":"index","follow":"follow","max-snippet":"max-snippet:-1","max-image-preview":"max-image-preview:large","max-video-preview":"max-video-preview:-1"},"canonical":"https:\/\/homecareinnovation.com\/de\/reklamationsverfahren\/","og_locale":"de_DE","og_type":"article","og_title":"Reklamationsverfahren - HomeCare Innovation BV","og_description":"[vc_row content_placement=&#8221;middle&#8221; wrap_container=&#8221;yes&#8221; css=&#8221;.vc_custom_1557272027940{padding-top: 75px !important;padding-bottom: 75px !important;background-color: #e3e3e3 !important;}&#8221;][vc_column width=&#8221;3\/4&#8243;] [\/vc_column][vc_column width=&#8221;1\/4&#8243;][vc_btn title=&#8221;Schicken Sie uns eine E-Mail&#8221; color=&#8221;primary&#8221; link=&#8221;url:mailto%3Ainfo%40homecareinnovation.com|&#8221;][\/vc_column][\/vc_row]","og_url":"https:\/\/homecareinnovation.com\/de\/reklamationsverfahren\/","og_site_name":"HomeCare Innovation BV","article_publisher":"https:\/\/www.facebook.com\/HomeCareInnovationBV\/","article_modified_time":"2020-11-23T08:23:47+00:00","twitter_card":"summary_large_image","twitter_misc":{"Gesch\u00e4tzte Lesezeit":"1\u00a0Minute"},"schema":{"@context":"https:\/\/schema.org","@graph":[{"@type":"WebPage","@id":"https:\/\/homecareinnovation.com\/de\/reklamationsverfahren\/","url":"https:\/\/homecareinnovation.com\/de\/reklamationsverfahren\/","name":"Reklamationsverfahren - HomeCare Innovation BV","isPartOf":{"@id":"https:\/\/homecareinnovation.com\/de\/#website"},"datePublished":"2020-11-16T14:48:31+00:00","dateModified":"2020-11-23T08:23:47+00:00","breadcrumb":{"@id":"https:\/\/homecareinnovation.com\/de\/reklamationsverfahren\/#breadcrumb"},"inLanguage":"de","potentialAction":[{"@type":"ReadAction","target":["https:\/\/homecareinnovation.com\/de\/reklamationsverfahren\/"]}]},{"@type":"BreadcrumbList","@id":"https:\/\/homecareinnovation.com\/de\/reklamationsverfahren\/#breadcrumb","itemListElement":[{"@type":"ListItem","position":1,"name":"Home","item":"https:\/\/homecareinnovation.com\/de\/"},{"@type":"ListItem","position":2,"name":"Reklamationsverfahren"}]},{"@type":"WebSite","@id":"https:\/\/homecareinnovation.com\/de\/#website","url":"https:\/\/homecareinnovation.com\/de\/","name":"HomeCare Innovation BV","description":"Gro\u00dfh\u00e4ndler f\u00fcr Hilfsmittel f\u00fcr \u00e4ltere und behinderte Menschen","publisher":{"@id":"https:\/\/homecareinnovation.com\/de\/#organization"},"potentialAction":[{"@type":"SearchAction","target":{"@type":"EntryPoint","urlTemplate":"https:\/\/homecareinnovation.com\/de\/?s={search_term_string}"},"query-input":{"@type":"PropertyValueSpecification","valueRequired":true,"valueName":"search_term_string"}}],"inLanguage":"de"},{"@type":"Organization","@id":"https:\/\/homecareinnovation.com\/de\/#organization","name":"HomeCare Innovation BV","url":"https:\/\/homecareinnovation.com\/de\/","logo":{"@type":"ImageObject","inLanguage":"de","@id":"https:\/\/homecareinnovation.com\/de\/#\/schema\/logo\/image\/","url":"https:\/\/homecareinnovation.com\/wp-content\/uploads\/2021\/03\/HOME-CARE-LOGO-originele-kleur-klein.png","contentUrl":"https:\/\/homecareinnovation.com\/wp-content\/uploads\/2021\/03\/HOME-CARE-LOGO-originele-kleur-klein.png","width":1000,"height":357,"caption":"HomeCare Innovation BV"},"image":{"@id":"https:\/\/homecareinnovation.com\/de\/#\/schema\/logo\/image\/"},"sameAs":["https:\/\/www.facebook.com\/HomeCareInnovationBV\/","https:\/\/www.instagram.com\/homecareinnovation\/","https:\/\/www.youtube.com\/channel\/UCg5pUSP6YEDGR5KtKeZe7nw"]}]}},"_links":{"self":[{"href":"https:\/\/homecareinnovation.com\/de\/wp-json\/wp\/v2\/pages\/13995","targetHints":{"allow":["GET"]}}],"collection":[{"href":"https:\/\/homecareinnovation.com\/de\/wp-json\/wp\/v2\/pages"}],"about":[{"href":"https:\/\/homecareinnovation.com\/de\/wp-json\/wp\/v2\/types\/page"}],"author":[{"embeddable":true,"href":"https:\/\/homecareinnovation.com\/de\/wp-json\/wp\/v2\/users\/1"}],"replies":[{"embeddable":true,"href":"https:\/\/homecareinnovation.com\/de\/wp-json\/wp\/v2\/comments?post=13995"}],"version-history":[{"count":0,"href":"https:\/\/homecareinnovation.com\/de\/wp-json\/wp\/v2\/pages\/13995\/revisions"}],"wp:attachment":[{"href":"https:\/\/homecareinnovation.com\/de\/wp-json\/wp\/v2\/media?parent=13995"}],"curies":[{"name":"wp","href":"https:\/\/api.w.org\/{rel}","templated":true}]}}