{"id":13998,"date":"2020-11-16T14:50:32","date_gmt":"2020-11-16T14:50:32","guid":{"rendered":"https:\/\/homecareinnovation.com\/lokale-wohnungsanpassungsfirmen\/"},"modified":"2020-11-30T13:53:17","modified_gmt":"2020-11-30T13:53:17","slug":"lokale-und-nationale-partner","status":"publish","type":"page","link":"https:\/\/homecareinnovation.com\/de\/lokale-und-nationale-partner\/","title":{"rendered":"Lokale und nationale Partner"},"content":{"rendered":"<div class=\"wpb-content-wrapper\"><p>[vc_row][vc_column]<div class=\"porto-u-heading  wpb_custom_95aa9a11c17ad45cfabaf210d84ee7cc porto-u-55ca8359258f9a412be7e73af65d2aac \"><div class=\"porto-u-main-heading\"><h2  >Lokale wohnungsanpassungsfirmen<\/h2><\/div><style>.porto-u-55ca8359258f9a412be7e73af65d2aac.porto-u-heading{text-align:center}<\/style><\/div>[vc_column_text]<\/p>\n<p>Bei HomeCare Innovation BV konnten wir im Laufe der Jahre viele Kontakte mit Installateuren und Heimwerkerbetrieben kn\u00fcpfen. Diese Heimadapter verwenden unsere Produkte unter anderem, um H\u00e4user in den Niederlanden f\u00fcr \u00e4ltere Menschen und Menschen mit eingeschr\u00e4nkter Mobilit\u00e4t wieder sicher zu machen.<\/p>\n<p>Wir k\u00f6nnen Sie mit einem Installateur in Ihrer N\u00e4he in Kontakt bringen, so dass Sie sich einer schnellen Installation durch Fachleute sicher sein k\u00f6nnen.<\/p>\n<p>[\/vc_column_text][\/vc_column][\/vc_row][vc_row full_width=&#8221;stretch_row&#8221; content_placement=&#8221;middle&#8221; parallax=&#8221;content-moving&#8221; parallax_image=&#8221;5948&#8243; parallax_speed_bg=&#8221;1.6&#8243; wrap_container=&#8221;yes&#8221; css=&#8221;.vc_custom_1603455105060{padding-top: 75px !important;padding-bottom: 75px !important;}&#8221;][vc_column offset=&#8221;vc_col-lg-8 vc_col-md-6&#8243; el_class=&#8221;mb-5 mb-lg-0&#8243;]<div class=\"porto-u-heading  wpb_custom_95aa9a11c17ad45cfabaf210d84ee7cc porto-u-ad87e2eaf3f9c495180fe0156ddf3eb0 \" data-appear-animation=\"fadeInRight\" data-appear-animation-delay=\"200\"><div class=\"porto-u-main-heading\"><h2   style=\"font-weight:700;color:#ffffff;font-size:38px;line-height:50px;\">Setzen Sie sich mit lokalen Wohnungsbauunternehmen in Verbindung<\/h2><\/div><div class=\"porto-u-sub-heading\" style=\"font-weight:300;color: #ffffff;font-size:38px;line-height:50px;\">Gerne stellen wir den Kontakt zu ausf\u00fchrenden Installateuren und Hauseinrichtern in Ihrer N\u00e4he her. <\/div><style>.porto-u-ad87e2eaf3f9c495180fe0156ddf3eb0.porto-u-heading{text-align:left}<\/style><\/div>[\/vc_column][vc_column animation_delay=&#8221;400&#8243; offset=&#8221;vc_col-lg-4 vc_col-md-6&#8243; animation_type=&#8221;fadeInRight&#8221;]\n<div class=\"wpcf7 no-js\" id=\"wpcf7-f17855-o1\" lang=\"de-DE\" dir=\"ltr\" data-wpcf7-id=\"17855\">\n<div class=\"screen-reader-response\"><p role=\"status\" aria-live=\"polite\" aria-atomic=\"true\"><\/p> <ul><\/ul><\/div>\n<form action=\"\/de\/wp-json\/wp\/v2\/pages\/13998#wpcf7-f17855-o1\" method=\"post\" class=\"wpcf7-form init\" aria-label=\"Kontaktformular\" novalidate=\"novalidate\" data-status=\"init\">\n<fieldset class=\"hidden-fields-container\"><input type=\"hidden\" name=\"_wpcf7\" value=\"17855\" \/><input type=\"hidden\" name=\"_wpcf7_version\" value=\"6.1.5\" \/><input type=\"hidden\" name=\"_wpcf7_locale\" value=\"de_DE\" \/><input type=\"hidden\" name=\"_wpcf7_unit_tag\" value=\"wpcf7-f17855-o1\" \/><input type=\"hidden\" name=\"_wpcf7_container_post\" value=\"0\" \/><input type=\"hidden\" name=\"_wpcf7_posted_data_hash\" value=\"\" \/><input type=\"hidden\" name=\"_wpcf7_recaptcha_response\" value=\"\" \/>\n<\/fieldset>\n<div class=\"custom-form-style-1 custom-form-style-1-rounded p-5 background-color-light rounded-5\">\r\n<h2 style=\"font-size: 28px;\" class=\"text-center font-weight-bold\">Nehmen Sie Kontakt mit uns auf<\/h2>\r\n<div class=\"form-row\">\r\n\t<div class=\"form-group col mb-2\">\r\n\t\t<span class=\"wpcf7-form-control-wrap\" data-name=\"your-name\"><input size=\"40\" maxlength=\"400\" class=\"wpcf7-form-control wpcf7-text wpcf7-validates-as-required form-control\" aria-required=\"true\" aria-invalid=\"false\" placeholder=\"NAME*\" value=\"\" type=\"text\" name=\"your-name\" \/><\/span>\r\n\t<\/div>\r\n<\/div>\r\n<div class=\"form-row\">\r\n\t<div class=\"form-group col mb-2\">\r\n\t\t<span class=\"wpcf7-form-control-wrap\" data-name=\"your-email\"><input size=\"40\" maxlength=\"400\" class=\"wpcf7-form-control wpcf7-email wpcf7-validates-as-required wpcf7-text wpcf7-validates-as-email form-control\" aria-required=\"true\" aria-invalid=\"false\" placeholder=\"EMAIL*\" value=\"\" type=\"email\" name=\"your-email\" \/><\/span>\r\n\t<\/div>\r\n<\/div>\r\n<div class=\"form-row\">\r\n\t<div class=\"form-group col mb-2\">\r\n\t\t<span class=\"wpcf7-form-control-wrap\" data-name=\"your-phone\"><input size=\"40\" maxlength=\"400\" class=\"wpcf7-form-control wpcf7-text wpcf7-validates-as-required form-control\" aria-required=\"true\" aria-invalid=\"false\" placeholder=\"TELEFON*\" value=\"\" type=\"text\" name=\"your-phone\" \/><\/span>\r\n\t<\/div>\r\n<\/div>\r\n<div class=\"form-row\">\r\n\t<div class=\"form-group col\">\r\n\t\t<span class=\"wpcf7-form-control-wrap\" data-name=\"your-company\"><input size=\"40\" maxlength=\"400\" class=\"wpcf7-form-control wpcf7-text wpcf7-validates-as-required form-control\" aria-required=\"true\" aria-invalid=\"false\" placeholder=\"UNTERNEHMEN \/ ORGANISATION *\" value=\"\" type=\"text\" name=\"your-company\" \/><\/span>\r\n\t<\/div>\r\n\r\n<\/div>\r\n<p>Kurze Beschreibung Ihres Unternehmens und was Sie interessiert:<\/p>\r\n<div class=\"form-row\">\r\n\t<div class=\"form-group col\">\r\n<span class=\"wpcf7-form-control-wrap\" data-name=\"omschrijving\"><textarea cols=\"40\" rows=\"10\" maxlength=\"2000\" class=\"wpcf7-form-control wpcf7-textarea wpcf7-validates-as-required\" aria-required=\"true\" aria-invalid=\"false\" name=\"omschrijving\"><\/textarea><\/span>\r\n\t<\/div>\r\n\r\n<\/div>\r\n<div class=\"form-row\">\r\n\t<div class=\"form-group col mb-0\">\r\n\t\t<input class=\"wpcf7-form-control wpcf7-submit has-spinner btn btn-primary btn-borders btn-full-rounded btn-style-1 w-100\" type=\"submit\" value=\"SENDEN\" \/>\r\n\t<\/div>\r\n<\/div>\r\n\r\n<p>\u00a0<\/p>\r\n<p>Sie k\u00f6nnen uns auch unverbindlich eine E-Mail schicken: <a href=\"mailto:info@homecareinnovation.com\">info@homecareinnovation.com.<\/a><\/p>\r\n<p>Wir helfen Ihnen gerne weiter!<\/p>\r\n<\/div><div class=\"wpcf7-response-output\" aria-hidden=\"true\"><\/div>\n<\/form>\n<\/div>\n[\/vc_column][\/vc_row][vc_row][vc_column][\/vc_column][\/vc_row]<\/p>\n<\/div>","protected":false},"excerpt":{"rendered":"<p>[vc_row][vc_column][vc_column_text] Bei HomeCare Innovation BV konnten wir im Laufe der Jahre viele Kontakte mit Installateuren und Heimwerkerbetrieben kn\u00fcpfen. Diese Heimadapter verwenden unsere Produkte unter anderem, um H\u00e4user in den Niederlanden f\u00fcr \u00e4ltere Menschen und Menschen mit eingeschr\u00e4nkter Mobilit\u00e4t wieder sicher zu machen. Wir k\u00f6nnen Sie mit einem Installateur in Ihrer N\u00e4he in Kontakt bringen, so [&hellip;]<\/p>\n","protected":false},"author":1,"featured_media":0,"parent":0,"menu_order":0,"comment_status":"closed","ping_status":"closed","template":"","meta":{"footnotes":""},"class_list":["post-13998","page","type-page","status-publish","hentry"],"yoast_head":"<!-- This site is optimized with the Yoast SEO plugin v27.3 - https:\/\/yoast.com\/product\/yoast-seo-wordpress\/ -->\n<title>Lokale und nationale Partner - HomeCare Innovation BV<\/title>\n<meta name=\"robots\" content=\"index, follow, max-snippet:-1, max-image-preview:large, max-video-preview:-1\" \/>\n<link rel=\"canonical\" href=\"https:\/\/homecareinnovation.com\/de\/lokale-und-nationale-partner\/\" \/>\n<meta property=\"og:locale\" content=\"de_DE\" \/>\n<meta property=\"og:type\" content=\"article\" \/>\n<meta property=\"og:title\" content=\"Lokale und nationale Partner - HomeCare Innovation BV\" \/>\n<meta property=\"og:description\" content=\"[vc_row][vc_column][vc_column_text] Bei HomeCare Innovation BV konnten wir im Laufe der Jahre viele Kontakte mit Installateuren und Heimwerkerbetrieben kn\u00fcpfen. Diese Heimadapter verwenden unsere Produkte unter anderem, um H\u00e4user in den Niederlanden f\u00fcr \u00e4ltere Menschen und Menschen mit eingeschr\u00e4nkter Mobilit\u00e4t wieder sicher zu machen. Wir k\u00f6nnen Sie mit einem Installateur in Ihrer N\u00e4he in Kontakt bringen, so [&hellip;]\" \/>\n<meta property=\"og:url\" content=\"https:\/\/homecareinnovation.com\/de\/lokale-und-nationale-partner\/\" \/>\n<meta property=\"og:site_name\" content=\"HomeCare Innovation BV\" \/>\n<meta property=\"article:publisher\" content=\"https:\/\/www.facebook.com\/HomeCareInnovationBV\/\" \/>\n<meta property=\"article:modified_time\" content=\"2020-11-30T13:53:17+00:00\" \/>\n<meta name=\"twitter:card\" content=\"summary_large_image\" \/>\n<meta name=\"twitter:label1\" content=\"Gesch\u00e4tzte Lesezeit\" \/>\n\t<meta name=\"twitter:data1\" content=\"1\u00a0Minute\" \/>\n<script type=\"application\/ld+json\" class=\"yoast-schema-graph\">{\"@context\":\"https:\\\/\\\/schema.org\",\"@graph\":[{\"@type\":\"WebPage\",\"@id\":\"https:\\\/\\\/homecareinnovation.com\\\/de\\\/lokale-und-nationale-partner\\\/\",\"url\":\"https:\\\/\\\/homecareinnovation.com\\\/de\\\/lokale-und-nationale-partner\\\/\",\"name\":\"Lokale und nationale Partner - HomeCare Innovation BV\",\"isPartOf\":{\"@id\":\"https:\\\/\\\/homecareinnovation.com\\\/de\\\/#website\"},\"datePublished\":\"2020-11-16T14:50:32+00:00\",\"dateModified\":\"2020-11-30T13:53:17+00:00\",\"breadcrumb\":{\"@id\":\"https:\\\/\\\/homecareinnovation.com\\\/de\\\/lokale-und-nationale-partner\\\/#breadcrumb\"},\"inLanguage\":\"de\",\"potentialAction\":[{\"@type\":\"ReadAction\",\"target\":[\"https:\\\/\\\/homecareinnovation.com\\\/de\\\/lokale-und-nationale-partner\\\/\"]}]},{\"@type\":\"BreadcrumbList\",\"@id\":\"https:\\\/\\\/homecareinnovation.com\\\/de\\\/lokale-und-nationale-partner\\\/#breadcrumb\",\"itemListElement\":[{\"@type\":\"ListItem\",\"position\":1,\"name\":\"Home\",\"item\":\"https:\\\/\\\/homecareinnovation.com\\\/de\\\/\"},{\"@type\":\"ListItem\",\"position\":2,\"name\":\"Lokale und nationale Partner\"}]},{\"@type\":\"WebSite\",\"@id\":\"https:\\\/\\\/homecareinnovation.com\\\/de\\\/#website\",\"url\":\"https:\\\/\\\/homecareinnovation.com\\\/de\\\/\",\"name\":\"HomeCare Innovation BV\",\"description\":\"Gro\u00dfh\u00e4ndler f\u00fcr Hilfsmittel f\u00fcr \u00e4ltere und behinderte Menschen\",\"publisher\":{\"@id\":\"https:\\\/\\\/homecareinnovation.com\\\/de\\\/#organization\"},\"potentialAction\":[{\"@type\":\"SearchAction\",\"target\":{\"@type\":\"EntryPoint\",\"urlTemplate\":\"https:\\\/\\\/homecareinnovation.com\\\/de\\\/?s={search_term_string}\"},\"query-input\":{\"@type\":\"PropertyValueSpecification\",\"valueRequired\":true,\"valueName\":\"search_term_string\"}}],\"inLanguage\":\"de\"},{\"@type\":\"Organization\",\"@id\":\"https:\\\/\\\/homecareinnovation.com\\\/de\\\/#organization\",\"name\":\"HomeCare Innovation BV\",\"url\":\"https:\\\/\\\/homecareinnovation.com\\\/de\\\/\",\"logo\":{\"@type\":\"ImageObject\",\"inLanguage\":\"de\",\"@id\":\"https:\\\/\\\/homecareinnovation.com\\\/de\\\/#\\\/schema\\\/logo\\\/image\\\/\",\"url\":\"https:\\\/\\\/homecareinnovation.com\\\/wp-content\\\/uploads\\\/2021\\\/03\\\/HOME-CARE-LOGO-originele-kleur-klein.png\",\"contentUrl\":\"https:\\\/\\\/homecareinnovation.com\\\/wp-content\\\/uploads\\\/2021\\\/03\\\/HOME-CARE-LOGO-originele-kleur-klein.png\",\"width\":1000,\"height\":357,\"caption\":\"HomeCare Innovation BV\"},\"image\":{\"@id\":\"https:\\\/\\\/homecareinnovation.com\\\/de\\\/#\\\/schema\\\/logo\\\/image\\\/\"},\"sameAs\":[\"https:\\\/\\\/www.facebook.com\\\/HomeCareInnovationBV\\\/\",\"https:\\\/\\\/www.instagram.com\\\/homecareinnovation\\\/\",\"https:\\\/\\\/www.youtube.com\\\/channel\\\/UCg5pUSP6YEDGR5KtKeZe7nw\"]}]}<\/script>\n<!-- \/ Yoast SEO plugin. -->","yoast_head_json":{"title":"Lokale und nationale Partner - HomeCare Innovation BV","robots":{"index":"index","follow":"follow","max-snippet":"max-snippet:-1","max-image-preview":"max-image-preview:large","max-video-preview":"max-video-preview:-1"},"canonical":"https:\/\/homecareinnovation.com\/de\/lokale-und-nationale-partner\/","og_locale":"de_DE","og_type":"article","og_title":"Lokale und nationale Partner - HomeCare Innovation BV","og_description":"[vc_row][vc_column][vc_column_text] Bei HomeCare Innovation BV konnten wir im Laufe der Jahre viele Kontakte mit Installateuren und Heimwerkerbetrieben kn\u00fcpfen. Diese Heimadapter verwenden unsere Produkte unter anderem, um H\u00e4user in den Niederlanden f\u00fcr \u00e4ltere Menschen und Menschen mit eingeschr\u00e4nkter Mobilit\u00e4t wieder sicher zu machen. Wir k\u00f6nnen Sie mit einem Installateur in Ihrer N\u00e4he in Kontakt bringen, so [&hellip;]","og_url":"https:\/\/homecareinnovation.com\/de\/lokale-und-nationale-partner\/","og_site_name":"HomeCare Innovation BV","article_publisher":"https:\/\/www.facebook.com\/HomeCareInnovationBV\/","article_modified_time":"2020-11-30T13:53:17+00:00","twitter_card":"summary_large_image","twitter_misc":{"Gesch\u00e4tzte Lesezeit":"1\u00a0Minute"},"schema":{"@context":"https:\/\/schema.org","@graph":[{"@type":"WebPage","@id":"https:\/\/homecareinnovation.com\/de\/lokale-und-nationale-partner\/","url":"https:\/\/homecareinnovation.com\/de\/lokale-und-nationale-partner\/","name":"Lokale und nationale Partner - HomeCare Innovation BV","isPartOf":{"@id":"https:\/\/homecareinnovation.com\/de\/#website"},"datePublished":"2020-11-16T14:50:32+00:00","dateModified":"2020-11-30T13:53:17+00:00","breadcrumb":{"@id":"https:\/\/homecareinnovation.com\/de\/lokale-und-nationale-partner\/#breadcrumb"},"inLanguage":"de","potentialAction":[{"@type":"ReadAction","target":["https:\/\/homecareinnovation.com\/de\/lokale-und-nationale-partner\/"]}]},{"@type":"BreadcrumbList","@id":"https:\/\/homecareinnovation.com\/de\/lokale-und-nationale-partner\/#breadcrumb","itemListElement":[{"@type":"ListItem","position":1,"name":"Home","item":"https:\/\/homecareinnovation.com\/de\/"},{"@type":"ListItem","position":2,"name":"Lokale und nationale Partner"}]},{"@type":"WebSite","@id":"https:\/\/homecareinnovation.com\/de\/#website","url":"https:\/\/homecareinnovation.com\/de\/","name":"HomeCare Innovation BV","description":"Gro\u00dfh\u00e4ndler f\u00fcr Hilfsmittel f\u00fcr \u00e4ltere und behinderte Menschen","publisher":{"@id":"https:\/\/homecareinnovation.com\/de\/#organization"},"potentialAction":[{"@type":"SearchAction","target":{"@type":"EntryPoint","urlTemplate":"https:\/\/homecareinnovation.com\/de\/?s={search_term_string}"},"query-input":{"@type":"PropertyValueSpecification","valueRequired":true,"valueName":"search_term_string"}}],"inLanguage":"de"},{"@type":"Organization","@id":"https:\/\/homecareinnovation.com\/de\/#organization","name":"HomeCare Innovation BV","url":"https:\/\/homecareinnovation.com\/de\/","logo":{"@type":"ImageObject","inLanguage":"de","@id":"https:\/\/homecareinnovation.com\/de\/#\/schema\/logo\/image\/","url":"https:\/\/homecareinnovation.com\/wp-content\/uploads\/2021\/03\/HOME-CARE-LOGO-originele-kleur-klein.png","contentUrl":"https:\/\/homecareinnovation.com\/wp-content\/uploads\/2021\/03\/HOME-CARE-LOGO-originele-kleur-klein.png","width":1000,"height":357,"caption":"HomeCare Innovation BV"},"image":{"@id":"https:\/\/homecareinnovation.com\/de\/#\/schema\/logo\/image\/"},"sameAs":["https:\/\/www.facebook.com\/HomeCareInnovationBV\/","https:\/\/www.instagram.com\/homecareinnovation\/","https:\/\/www.youtube.com\/channel\/UCg5pUSP6YEDGR5KtKeZe7nw"]}]}},"_links":{"self":[{"href":"https:\/\/homecareinnovation.com\/de\/wp-json\/wp\/v2\/pages\/13998","targetHints":{"allow":["GET"]}}],"collection":[{"href":"https:\/\/homecareinnovation.com\/de\/wp-json\/wp\/v2\/pages"}],"about":[{"href":"https:\/\/homecareinnovation.com\/de\/wp-json\/wp\/v2\/types\/page"}],"author":[{"embeddable":true,"href":"https:\/\/homecareinnovation.com\/de\/wp-json\/wp\/v2\/users\/1"}],"replies":[{"embeddable":true,"href":"https:\/\/homecareinnovation.com\/de\/wp-json\/wp\/v2\/comments?post=13998"}],"version-history":[{"count":0,"href":"https:\/\/homecareinnovation.com\/de\/wp-json\/wp\/v2\/pages\/13998\/revisions"}],"wp:attachment":[{"href":"https:\/\/homecareinnovation.com\/de\/wp-json\/wp\/v2\/media?parent=13998"}],"curies":[{"name":"wp","href":"https:\/\/api.w.org\/{rel}","templated":true}]}}