{"id":14004,"date":"2020-11-16T15:07:15","date_gmt":"2020-11-16T15:07:15","guid":{"rendered":"https:\/\/homecareinnovation.com\/adipositasbetten-spezialpflegebetten\/"},"modified":"2020-12-01T10:39:08","modified_gmt":"2020-12-01T10:39:08","slug":"adipositasbetten-spezialpflegebetten","status":"publish","type":"page","link":"https:\/\/homecareinnovation.com\/de\/adipositasbetten-spezialpflegebetten\/","title":{"rendered":"Adipositasbetten | Spezialpflegebetten"},"content":{"rendered":"<div class=\"wpb-content-wrapper\"><p>[vc_row wrap_container=&#8221;yes&#8221; css=&#8221;.vc_custom_1491289026816{padding-top: 70px !important;padding-bottom: 70px !important;}&#8221; el_class=&#8221;how-it-work&#8221;][vc_column offset=&#8221;vc_col-md-5&#8243;][vc_single_image image=&#8221;14526&#8243; img_size=&#8221;full&#8221; css_animation=&#8221;fadeInUp&#8221; el_class=&#8221;custom-product-image-pos-1 _relative&#8221;][\/vc_column][vc_column offset=&#8221;vc_col-md-7&#8243;]<div class=\"porto-u-heading align-left  wpb_custom_95aa9a11c17ad45cfabaf210d84ee7cc porto-u-ad87e2eaf3f9c495180fe0156ddf3eb0 \"><div class=\"porto-u-main-heading\"><h2   style=\"font-family:Poppins;font-weight:600;\">Adipositasbetten | Spezialpflegebetten<\/h2><\/div><div class=\"porto-u-heading-spacer line_only\" style=\"height:2px;\"><span class=\"porto-u-headings-line\" style=\"border-style:solid;border-bottom-width:2px;border-color:#1e73be;width:17px;\"><\/span><\/div><style>.porto-u-ad87e2eaf3f9c495180fe0156ddf3eb0.porto-u-heading{text-align:left} .porto-u-ad87e2eaf3f9c495180fe0156ddf3eb0 .porto-u-headings-line{float: left;}<\/style><\/div>[vc_column_text el_class=&#8221;pb-5 mb-5&#8243; css=&#8221;.vc_custom_1599639175029{margin-top: 20px !important;}&#8221;]<\/p>\n<p style=\"text-align: center;\">HomeCare Innovation verf\u00fcgt \u00fcber eine breite Palette von Spezialpflegebetten und Adipositasbetten. Die Pflegebetten sind elektrisch verstellbar. Wir verkaufen auch die speziellen Pflegebetten der Mobilia. Die Pflegebetten sind vollst\u00e4ndig elektrisch drehbar.<\/p>\n<p style=\"text-align: center;\">Wir haben die folgende Art von Pflegebetten Mobilia:<\/p>\n<ul>\n<li style=\"text-align: center;\">Mobilia Integra<\/li>\n<li style=\"text-align: center;\">Mobilia Cura<\/li>\n<li style=\"text-align: center;\">Mobilia Casa<\/li>\n<\/ul>\n<p style=\"text-align: center;\">Es sind freistehende Pflegebetten mit Aufstehfunktion. Aus diesem Grund sind sie auch adip\u00f6se Betten.<\/p>\n<p>[\/vc_column_text][vc_btn title=&#8221;Sehen Sie sich unsere Kollektion von Pflegebetten an&#8221; color=&#8221;sky&#8221; align=&#8221;center&#8221; link=&#8221;url:%2Fde%2Fprodukt-kategorie%2Fschlafzimmer%2Fpflegebetten%2F&#8221;][\/vc_column][\/vc_row]<\/p>\n<\/div>","protected":false},"excerpt":{"rendered":"<p>[vc_row wrap_container=&#8221;yes&#8221; css=&#8221;.vc_custom_1491289026816{padding-top: 70px !important;padding-bottom: 70px !important;}&#8221; el_class=&#8221;how-it-work&#8221;][vc_column offset=&#8221;vc_col-md-5&#8243;][vc_single_image image=&#8221;14526&#8243; img_size=&#8221;full&#8221; css_animation=&#8221;fadeInUp&#8221; el_class=&#8221;custom-product-image-pos-1 _relative&#8221;][\/vc_column][vc_column offset=&#8221;vc_col-md-7&#8243;][vc_column_text el_class=&#8221;pb-5 mb-5&#8243; css=&#8221;.vc_custom_1599639175029{margin-top: 20px !important;}&#8221;] HomeCare Innovation verf\u00fcgt \u00fcber eine breite Palette von Spezialpflegebetten und Adipositasbetten. Die Pflegebetten sind elektrisch verstellbar. Wir verkaufen auch die speziellen Pflegebetten der Mobilia. Die Pflegebetten sind vollst\u00e4ndig elektrisch drehbar. Wir haben die folgende Art [&hellip;]<\/p>\n","protected":false},"author":1,"featured_media":0,"parent":0,"menu_order":0,"comment_status":"closed","ping_status":"closed","template":"","meta":{"footnotes":""},"class_list":["post-14004","page","type-page","status-publish","hentry"],"yoast_head":"<!-- This site is optimized with the Yoast SEO plugin v27.3 - https:\/\/yoast.com\/product\/yoast-seo-wordpress\/ -->\n<title>Adipositasbetten | Spezialpflegebetten - HomeCare Innovation BV<\/title>\n<meta name=\"robots\" content=\"index, follow, max-snippet:-1, max-image-preview:large, max-video-preview:-1\" \/>\n<link rel=\"canonical\" href=\"https:\/\/homecareinnovation.com\/de\/adipositasbetten-spezialpflegebetten\/\" \/>\n<meta property=\"og:locale\" content=\"de_DE\" \/>\n<meta property=\"og:type\" content=\"article\" \/>\n<meta property=\"og:title\" content=\"Adipositasbetten | Spezialpflegebetten - HomeCare Innovation BV\" \/>\n<meta property=\"og:description\" content=\"[vc_row wrap_container=&#8221;yes&#8221; css=&#8221;.vc_custom_1491289026816{padding-top: 70px !important;padding-bottom: 70px !important;}&#8221; el_class=&#8221;how-it-work&#8221;][vc_column offset=&#8221;vc_col-md-5&#8243;][vc_single_image image=&#8221;14526&#8243; img_size=&#8221;full&#8221; css_animation=&#8221;fadeInUp&#8221; el_class=&#8221;custom-product-image-pos-1 _relative&#8221;][\/vc_column][vc_column offset=&#8221;vc_col-md-7&#8243;][vc_column_text el_class=&#8221;pb-5 mb-5&#8243; css=&#8221;.vc_custom_1599639175029{margin-top: 20px !important;}&#8221;] HomeCare Innovation verf\u00fcgt \u00fcber eine breite Palette von Spezialpflegebetten und Adipositasbetten. Die Pflegebetten sind elektrisch verstellbar. Wir verkaufen auch die speziellen Pflegebetten der Mobilia. Die Pflegebetten sind vollst\u00e4ndig elektrisch drehbar. Wir haben die folgende Art [&hellip;]\" \/>\n<meta property=\"og:url\" content=\"https:\/\/homecareinnovation.com\/de\/adipositasbetten-spezialpflegebetten\/\" \/>\n<meta property=\"og:site_name\" content=\"HomeCare Innovation BV\" \/>\n<meta property=\"article:publisher\" content=\"https:\/\/www.facebook.com\/HomeCareInnovationBV\/\" \/>\n<meta property=\"article:modified_time\" content=\"2020-12-01T10:39:08+00:00\" \/>\n<meta name=\"twitter:card\" content=\"summary_large_image\" \/>\n<meta name=\"twitter:label1\" content=\"Gesch\u00e4tzte Lesezeit\" \/>\n\t<meta name=\"twitter:data1\" content=\"1\u00a0Minute\" \/>\n<script type=\"application\/ld+json\" class=\"yoast-schema-graph\">{\"@context\":\"https:\\\/\\\/schema.org\",\"@graph\":[{\"@type\":\"WebPage\",\"@id\":\"https:\\\/\\\/homecareinnovation.com\\\/de\\\/adipositasbetten-spezialpflegebetten\\\/\",\"url\":\"https:\\\/\\\/homecareinnovation.com\\\/de\\\/adipositasbetten-spezialpflegebetten\\\/\",\"name\":\"Adipositasbetten | Spezialpflegebetten - HomeCare Innovation BV\",\"isPartOf\":{\"@id\":\"https:\\\/\\\/homecareinnovation.com\\\/de\\\/#website\"},\"datePublished\":\"2020-11-16T15:07:15+00:00\",\"dateModified\":\"2020-12-01T10:39:08+00:00\",\"breadcrumb\":{\"@id\":\"https:\\\/\\\/homecareinnovation.com\\\/de\\\/adipositasbetten-spezialpflegebetten\\\/#breadcrumb\"},\"inLanguage\":\"de\",\"potentialAction\":[{\"@type\":\"ReadAction\",\"target\":[\"https:\\\/\\\/homecareinnovation.com\\\/de\\\/adipositasbetten-spezialpflegebetten\\\/\"]}]},{\"@type\":\"BreadcrumbList\",\"@id\":\"https:\\\/\\\/homecareinnovation.com\\\/de\\\/adipositasbetten-spezialpflegebetten\\\/#breadcrumb\",\"itemListElement\":[{\"@type\":\"ListItem\",\"position\":1,\"name\":\"Home\",\"item\":\"https:\\\/\\\/homecareinnovation.com\\\/de\\\/\"},{\"@type\":\"ListItem\",\"position\":2,\"name\":\"Adipositasbetten | Spezialpflegebetten\"}]},{\"@type\":\"WebSite\",\"@id\":\"https:\\\/\\\/homecareinnovation.com\\\/de\\\/#website\",\"url\":\"https:\\\/\\\/homecareinnovation.com\\\/de\\\/\",\"name\":\"HomeCare Innovation BV\",\"description\":\"Gro\u00dfh\u00e4ndler f\u00fcr Hilfsmittel f\u00fcr \u00e4ltere und behinderte Menschen\",\"publisher\":{\"@id\":\"https:\\\/\\\/homecareinnovation.com\\\/de\\\/#organization\"},\"potentialAction\":[{\"@type\":\"SearchAction\",\"target\":{\"@type\":\"EntryPoint\",\"urlTemplate\":\"https:\\\/\\\/homecareinnovation.com\\\/de\\\/?s={search_term_string}\"},\"query-input\":{\"@type\":\"PropertyValueSpecification\",\"valueRequired\":true,\"valueName\":\"search_term_string\"}}],\"inLanguage\":\"de\"},{\"@type\":\"Organization\",\"@id\":\"https:\\\/\\\/homecareinnovation.com\\\/de\\\/#organization\",\"name\":\"HomeCare Innovation BV\",\"url\":\"https:\\\/\\\/homecareinnovation.com\\\/de\\\/\",\"logo\":{\"@type\":\"ImageObject\",\"inLanguage\":\"de\",\"@id\":\"https:\\\/\\\/homecareinnovation.com\\\/de\\\/#\\\/schema\\\/logo\\\/image\\\/\",\"url\":\"https:\\\/\\\/homecareinnovation.com\\\/wp-content\\\/uploads\\\/2021\\\/03\\\/HOME-CARE-LOGO-originele-kleur-klein.png\",\"contentUrl\":\"https:\\\/\\\/homecareinnovation.com\\\/wp-content\\\/uploads\\\/2021\\\/03\\\/HOME-CARE-LOGO-originele-kleur-klein.png\",\"width\":1000,\"height\":357,\"caption\":\"HomeCare Innovation BV\"},\"image\":{\"@id\":\"https:\\\/\\\/homecareinnovation.com\\\/de\\\/#\\\/schema\\\/logo\\\/image\\\/\"},\"sameAs\":[\"https:\\\/\\\/www.facebook.com\\\/HomeCareInnovationBV\\\/\",\"https:\\\/\\\/www.instagram.com\\\/homecareinnovation\\\/\",\"https:\\\/\\\/www.youtube.com\\\/channel\\\/UCg5pUSP6YEDGR5KtKeZe7nw\"]}]}<\/script>\n<!-- \/ Yoast SEO plugin. -->","yoast_head_json":{"title":"Adipositasbetten | Spezialpflegebetten - HomeCare Innovation BV","robots":{"index":"index","follow":"follow","max-snippet":"max-snippet:-1","max-image-preview":"max-image-preview:large","max-video-preview":"max-video-preview:-1"},"canonical":"https:\/\/homecareinnovation.com\/de\/adipositasbetten-spezialpflegebetten\/","og_locale":"de_DE","og_type":"article","og_title":"Adipositasbetten | Spezialpflegebetten - HomeCare Innovation BV","og_description":"[vc_row wrap_container=&#8221;yes&#8221; css=&#8221;.vc_custom_1491289026816{padding-top: 70px !important;padding-bottom: 70px !important;}&#8221; el_class=&#8221;how-it-work&#8221;][vc_column offset=&#8221;vc_col-md-5&#8243;][vc_single_image image=&#8221;14526&#8243; img_size=&#8221;full&#8221; css_animation=&#8221;fadeInUp&#8221; el_class=&#8221;custom-product-image-pos-1 _relative&#8221;][\/vc_column][vc_column offset=&#8221;vc_col-md-7&#8243;][vc_column_text el_class=&#8221;pb-5 mb-5&#8243; css=&#8221;.vc_custom_1599639175029{margin-top: 20px !important;}&#8221;] HomeCare Innovation verf\u00fcgt \u00fcber eine breite Palette von Spezialpflegebetten und Adipositasbetten. Die Pflegebetten sind elektrisch verstellbar. Wir verkaufen auch die speziellen Pflegebetten der Mobilia. Die Pflegebetten sind vollst\u00e4ndig elektrisch drehbar. Wir haben die folgende Art [&hellip;]","og_url":"https:\/\/homecareinnovation.com\/de\/adipositasbetten-spezialpflegebetten\/","og_site_name":"HomeCare Innovation BV","article_publisher":"https:\/\/www.facebook.com\/HomeCareInnovationBV\/","article_modified_time":"2020-12-01T10:39:08+00:00","twitter_card":"summary_large_image","twitter_misc":{"Gesch\u00e4tzte Lesezeit":"1\u00a0Minute"},"schema":{"@context":"https:\/\/schema.org","@graph":[{"@type":"WebPage","@id":"https:\/\/homecareinnovation.com\/de\/adipositasbetten-spezialpflegebetten\/","url":"https:\/\/homecareinnovation.com\/de\/adipositasbetten-spezialpflegebetten\/","name":"Adipositasbetten | Spezialpflegebetten - HomeCare Innovation BV","isPartOf":{"@id":"https:\/\/homecareinnovation.com\/de\/#website"},"datePublished":"2020-11-16T15:07:15+00:00","dateModified":"2020-12-01T10:39:08+00:00","breadcrumb":{"@id":"https:\/\/homecareinnovation.com\/de\/adipositasbetten-spezialpflegebetten\/#breadcrumb"},"inLanguage":"de","potentialAction":[{"@type":"ReadAction","target":["https:\/\/homecareinnovation.com\/de\/adipositasbetten-spezialpflegebetten\/"]}]},{"@type":"BreadcrumbList","@id":"https:\/\/homecareinnovation.com\/de\/adipositasbetten-spezialpflegebetten\/#breadcrumb","itemListElement":[{"@type":"ListItem","position":1,"name":"Home","item":"https:\/\/homecareinnovation.com\/de\/"},{"@type":"ListItem","position":2,"name":"Adipositasbetten | Spezialpflegebetten"}]},{"@type":"WebSite","@id":"https:\/\/homecareinnovation.com\/de\/#website","url":"https:\/\/homecareinnovation.com\/de\/","name":"HomeCare Innovation BV","description":"Gro\u00dfh\u00e4ndler f\u00fcr Hilfsmittel f\u00fcr \u00e4ltere und behinderte Menschen","publisher":{"@id":"https:\/\/homecareinnovation.com\/de\/#organization"},"potentialAction":[{"@type":"SearchAction","target":{"@type":"EntryPoint","urlTemplate":"https:\/\/homecareinnovation.com\/de\/?s={search_term_string}"},"query-input":{"@type":"PropertyValueSpecification","valueRequired":true,"valueName":"search_term_string"}}],"inLanguage":"de"},{"@type":"Organization","@id":"https:\/\/homecareinnovation.com\/de\/#organization","name":"HomeCare Innovation BV","url":"https:\/\/homecareinnovation.com\/de\/","logo":{"@type":"ImageObject","inLanguage":"de","@id":"https:\/\/homecareinnovation.com\/de\/#\/schema\/logo\/image\/","url":"https:\/\/homecareinnovation.com\/wp-content\/uploads\/2021\/03\/HOME-CARE-LOGO-originele-kleur-klein.png","contentUrl":"https:\/\/homecareinnovation.com\/wp-content\/uploads\/2021\/03\/HOME-CARE-LOGO-originele-kleur-klein.png","width":1000,"height":357,"caption":"HomeCare Innovation BV"},"image":{"@id":"https:\/\/homecareinnovation.com\/de\/#\/schema\/logo\/image\/"},"sameAs":["https:\/\/www.facebook.com\/HomeCareInnovationBV\/","https:\/\/www.instagram.com\/homecareinnovation\/","https:\/\/www.youtube.com\/channel\/UCg5pUSP6YEDGR5KtKeZe7nw"]}]}},"_links":{"self":[{"href":"https:\/\/homecareinnovation.com\/de\/wp-json\/wp\/v2\/pages\/14004","targetHints":{"allow":["GET"]}}],"collection":[{"href":"https:\/\/homecareinnovation.com\/de\/wp-json\/wp\/v2\/pages"}],"about":[{"href":"https:\/\/homecareinnovation.com\/de\/wp-json\/wp\/v2\/types\/page"}],"author":[{"embeddable":true,"href":"https:\/\/homecareinnovation.com\/de\/wp-json\/wp\/v2\/users\/1"}],"replies":[{"embeddable":true,"href":"https:\/\/homecareinnovation.com\/de\/wp-json\/wp\/v2\/comments?post=14004"}],"version-history":[{"count":0,"href":"https:\/\/homecareinnovation.com\/de\/wp-json\/wp\/v2\/pages\/14004\/revisions"}],"wp:attachment":[{"href":"https:\/\/homecareinnovation.com\/de\/wp-json\/wp\/v2\/media?parent=14004"}],"curies":[{"name":"wp","href":"https:\/\/api.w.org\/{rel}","templated":true}]}}