{"id":14011,"date":"2020-11-16T15:11:55","date_gmt":"2020-11-16T15:11:55","guid":{"rendered":"https:\/\/homecareinnovation.com\/over-ons\/"},"modified":"2020-11-23T11:08:44","modified_gmt":"2020-11-23T11:08:44","slug":"ueber-uns","status":"publish","type":"page","link":"https:\/\/homecareinnovation.com\/de\/ueber-uns\/","title":{"rendered":"\u00dcber uns"},"content":{"rendered":"<div class=\"wpb-content-wrapper\"><p>[vc_row css=&#8221;.vc_custom_1533775536878{padding-top: 50px !important;}&#8221;][vc_column][vc_single_image image=&#8221;13808&#8243; img_size=&#8221;1260&#215;300&#8243; label=&#8221;&#8221;][\/vc_column][\/vc_row][vc_row css=&#8221;.vc_custom_1533775792787{padding-top: 30px !important;}&#8221;][vc_column]<div class=\"porto-u-heading  wpb_custom_95aa9a11c17ad45cfabaf210d84ee7cc porto-u-55ca8359258f9a412be7e73af65d2aac \"><div class=\"porto-u-main-heading\"><h2   style=\"font-family:Oswald; font-weight:400; font-style:normal; font-weight:400;color:#000000;margin-bottom: 15px;font-size:26px;\">\u00dcber HomeCare Innovation BV<\/h2><\/div><div class=\"porto-u-sub-heading\" style=\"color: #555555;margin-bottom:60px;font-size:14px;line-height:28px;\">\n<p style=\"text-align: center;\">HomeCare Innovation ist dem Wohlbefinden von Menschen mit Funktions- oder Mobilit\u00e4tsbeeintr\u00e4chtigungen verpflichtet; wie zum Beispiel\u00a0<strong>alternly<\/strong>und\u00a0<strong>behindert<\/strong>. Unser innovatives Sortiment besteht aus verschiedenen\u00a0<strong>Qualit\u00e4tswerkzeugen<\/strong>\u00a0die den Alltag im und um das Haus erleichtern. Als Lieferant bedienen wir \u00fcber unser Netzwerk verschiedene Marktsegmente im In- und Ausland. Wir liefern die meisten unserer Produkte direkt ab Lager, was eine schnelle Lieferung garantiert.<\/p>\n<p style=\"text-align: center;\">Wir wollen dies erreichen, indem wir unser Angebot weiterhin innovativ gestalten und unseren Kunden qualitativ hochwertige Produkte zu einem fairen Preis anbieten.<\/p>\n<p style=\"text-align: center;\">Wir helfen Ihnen gerne, den Weg zu Ihrem n\u00e4chstgelegenen H\u00e4ndler zu finden<em>.<\/em> Kontakt <a href=\"TEL:\/\/0102420913\">010-242 09 13<\/a>\u00a0oder E-Mail: <a href=\"mailto:info@homecareinnovation.com\">info@homecareinnovation.com<\/a>.<\/p>\n<p style=\"text-align: center;\">&#8211; Das HomeCare-Innovationsteam<\/p>\n<p><\/div><style>.porto-u-55ca8359258f9a412be7e73af65d2aac.porto-u-heading{text-align:center}<\/style><\/div>[vc_separator color=&#8221;benutzerdefiniert&#8221; style=&#8221;einfarbig&#8221; accent_color=&#8221;#e2e2e2&#8243;][vc_separator color=&#8221;benutzerdefiniert&#8221; style=&#8221;solid&#8221; accent_color=&#8221;#e2e2e2&#8243;][\/vc_column][\/vc_row]<\/p>\n<\/div>","protected":false},"excerpt":{"rendered":"<p>[vc_row css=&#8221;.vc_custom_1533775536878{padding-top: 50px !important;}&#8221;][vc_column][vc_single_image image=&#8221;13808&#8243; img_size=&#8221;1260&#215;300&#8243; label=&#8221;&#8221;][\/vc_column][\/vc_row][vc_row css=&#8221;.vc_custom_1533775792787{padding-top: 30px !important;}&#8221;][vc_column][vc_separator color=&#8221;benutzerdefiniert&#8221; style=&#8221;einfarbig&#8221; accent_color=&#8221;#e2e2e2&#8243;][vc_separator color=&#8221;benutzerdefiniert&#8221; style=&#8221;solid&#8221; accent_color=&#8221;#e2e2e2&#8243;][\/vc_column][\/vc_row]<\/p>\n","protected":false},"author":1,"featured_media":0,"parent":0,"menu_order":0,"comment_status":"closed","ping_status":"closed","template":"","meta":{"footnotes":""},"class_list":["post-14011","page","type-page","status-publish","hentry"],"yoast_head":"<!-- This site is optimized with the Yoast SEO plugin v27.3 - https:\/\/yoast.com\/product\/yoast-seo-wordpress\/ -->\n<title>\u00dcber uns - HomeCare Innovation BV<\/title>\n<meta name=\"robots\" content=\"index, follow, max-snippet:-1, max-image-preview:large, max-video-preview:-1\" \/>\n<link rel=\"canonical\" href=\"https:\/\/homecareinnovation.com\/de\/ueber-uns\/\" \/>\n<meta property=\"og:locale\" content=\"de_DE\" \/>\n<meta property=\"og:type\" content=\"article\" \/>\n<meta property=\"og:title\" content=\"\u00dcber uns - HomeCare Innovation BV\" \/>\n<meta property=\"og:description\" content=\"[vc_row css=&#8221;.vc_custom_1533775536878{padding-top: 50px !important;}&#8221;][vc_column][vc_single_image image=&#8221;13808&#8243; img_size=&#8221;1260&#215;300&#8243; label=&#8221;&#8221;][\/vc_column][\/vc_row][vc_row css=&#8221;.vc_custom_1533775792787{padding-top: 30px !important;}&#8221;][vc_column][vc_separator color=&#8221;benutzerdefiniert&#8221; style=&#8221;einfarbig&#8221; accent_color=&#8221;#e2e2e2&#8243;][vc_separator color=&#8221;benutzerdefiniert&#8221; style=&#8221;solid&#8221; accent_color=&#8221;#e2e2e2&#8243;][\/vc_column][\/vc_row]\" \/>\n<meta property=\"og:url\" content=\"https:\/\/homecareinnovation.com\/de\/ueber-uns\/\" \/>\n<meta property=\"og:site_name\" content=\"HomeCare Innovation BV\" \/>\n<meta property=\"article:publisher\" content=\"https:\/\/www.facebook.com\/HomeCareInnovationBV\/\" \/>\n<meta property=\"article:modified_time\" content=\"2020-11-23T11:08:44+00:00\" \/>\n<meta name=\"twitter:card\" content=\"summary_large_image\" \/>\n<meta name=\"twitter:label1\" content=\"Gesch\u00e4tzte Lesezeit\" \/>\n\t<meta name=\"twitter:data1\" content=\"1\u00a0Minute\" \/>\n<script type=\"application\/ld+json\" class=\"yoast-schema-graph\">{\"@context\":\"https:\\\/\\\/schema.org\",\"@graph\":[{\"@type\":\"WebPage\",\"@id\":\"https:\\\/\\\/homecareinnovation.com\\\/de\\\/ueber-uns\\\/\",\"url\":\"https:\\\/\\\/homecareinnovation.com\\\/de\\\/ueber-uns\\\/\",\"name\":\"\u00dcber uns - HomeCare Innovation BV\",\"isPartOf\":{\"@id\":\"https:\\\/\\\/homecareinnovation.com\\\/de\\\/#website\"},\"datePublished\":\"2020-11-16T15:11:55+00:00\",\"dateModified\":\"2020-11-23T11:08:44+00:00\",\"breadcrumb\":{\"@id\":\"https:\\\/\\\/homecareinnovation.com\\\/de\\\/ueber-uns\\\/#breadcrumb\"},\"inLanguage\":\"de\",\"potentialAction\":[{\"@type\":\"ReadAction\",\"target\":[\"https:\\\/\\\/homecareinnovation.com\\\/de\\\/ueber-uns\\\/\"]}]},{\"@type\":\"BreadcrumbList\",\"@id\":\"https:\\\/\\\/homecareinnovation.com\\\/de\\\/ueber-uns\\\/#breadcrumb\",\"itemListElement\":[{\"@type\":\"ListItem\",\"position\":1,\"name\":\"Home\",\"item\":\"https:\\\/\\\/homecareinnovation.com\\\/de\\\/\"},{\"@type\":\"ListItem\",\"position\":2,\"name\":\"\u00dcber uns\"}]},{\"@type\":\"WebSite\",\"@id\":\"https:\\\/\\\/homecareinnovation.com\\\/de\\\/#website\",\"url\":\"https:\\\/\\\/homecareinnovation.com\\\/de\\\/\",\"name\":\"HomeCare Innovation BV\",\"description\":\"Gro\u00dfh\u00e4ndler f\u00fcr Hilfsmittel f\u00fcr \u00e4ltere und behinderte Menschen\",\"publisher\":{\"@id\":\"https:\\\/\\\/homecareinnovation.com\\\/de\\\/#organization\"},\"potentialAction\":[{\"@type\":\"SearchAction\",\"target\":{\"@type\":\"EntryPoint\",\"urlTemplate\":\"https:\\\/\\\/homecareinnovation.com\\\/de\\\/?s={search_term_string}\"},\"query-input\":{\"@type\":\"PropertyValueSpecification\",\"valueRequired\":true,\"valueName\":\"search_term_string\"}}],\"inLanguage\":\"de\"},{\"@type\":\"Organization\",\"@id\":\"https:\\\/\\\/homecareinnovation.com\\\/de\\\/#organization\",\"name\":\"HomeCare Innovation BV\",\"url\":\"https:\\\/\\\/homecareinnovation.com\\\/de\\\/\",\"logo\":{\"@type\":\"ImageObject\",\"inLanguage\":\"de\",\"@id\":\"https:\\\/\\\/homecareinnovation.com\\\/de\\\/#\\\/schema\\\/logo\\\/image\\\/\",\"url\":\"https:\\\/\\\/homecareinnovation.com\\\/wp-content\\\/uploads\\\/2021\\\/03\\\/HOME-CARE-LOGO-originele-kleur-klein.png\",\"contentUrl\":\"https:\\\/\\\/homecareinnovation.com\\\/wp-content\\\/uploads\\\/2021\\\/03\\\/HOME-CARE-LOGO-originele-kleur-klein.png\",\"width\":1000,\"height\":357,\"caption\":\"HomeCare Innovation BV\"},\"image\":{\"@id\":\"https:\\\/\\\/homecareinnovation.com\\\/de\\\/#\\\/schema\\\/logo\\\/image\\\/\"},\"sameAs\":[\"https:\\\/\\\/www.facebook.com\\\/HomeCareInnovationBV\\\/\",\"https:\\\/\\\/www.instagram.com\\\/homecareinnovation\\\/\",\"https:\\\/\\\/www.youtube.com\\\/channel\\\/UCg5pUSP6YEDGR5KtKeZe7nw\"]}]}<\/script>\n<!-- \/ Yoast SEO plugin. -->","yoast_head_json":{"title":"\u00dcber uns - HomeCare Innovation BV","robots":{"index":"index","follow":"follow","max-snippet":"max-snippet:-1","max-image-preview":"max-image-preview:large","max-video-preview":"max-video-preview:-1"},"canonical":"https:\/\/homecareinnovation.com\/de\/ueber-uns\/","og_locale":"de_DE","og_type":"article","og_title":"\u00dcber uns - HomeCare Innovation BV","og_description":"[vc_row css=&#8221;.vc_custom_1533775536878{padding-top: 50px !important;}&#8221;][vc_column][vc_single_image image=&#8221;13808&#8243; img_size=&#8221;1260&#215;300&#8243; label=&#8221;&#8221;][\/vc_column][\/vc_row][vc_row css=&#8221;.vc_custom_1533775792787{padding-top: 30px !important;}&#8221;][vc_column][vc_separator color=&#8221;benutzerdefiniert&#8221; style=&#8221;einfarbig&#8221; accent_color=&#8221;#e2e2e2&#8243;][vc_separator color=&#8221;benutzerdefiniert&#8221; style=&#8221;solid&#8221; accent_color=&#8221;#e2e2e2&#8243;][\/vc_column][\/vc_row]","og_url":"https:\/\/homecareinnovation.com\/de\/ueber-uns\/","og_site_name":"HomeCare Innovation BV","article_publisher":"https:\/\/www.facebook.com\/HomeCareInnovationBV\/","article_modified_time":"2020-11-23T11:08:44+00:00","twitter_card":"summary_large_image","twitter_misc":{"Gesch\u00e4tzte Lesezeit":"1\u00a0Minute"},"schema":{"@context":"https:\/\/schema.org","@graph":[{"@type":"WebPage","@id":"https:\/\/homecareinnovation.com\/de\/ueber-uns\/","url":"https:\/\/homecareinnovation.com\/de\/ueber-uns\/","name":"\u00dcber uns - HomeCare Innovation BV","isPartOf":{"@id":"https:\/\/homecareinnovation.com\/de\/#website"},"datePublished":"2020-11-16T15:11:55+00:00","dateModified":"2020-11-23T11:08:44+00:00","breadcrumb":{"@id":"https:\/\/homecareinnovation.com\/de\/ueber-uns\/#breadcrumb"},"inLanguage":"de","potentialAction":[{"@type":"ReadAction","target":["https:\/\/homecareinnovation.com\/de\/ueber-uns\/"]}]},{"@type":"BreadcrumbList","@id":"https:\/\/homecareinnovation.com\/de\/ueber-uns\/#breadcrumb","itemListElement":[{"@type":"ListItem","position":1,"name":"Home","item":"https:\/\/homecareinnovation.com\/de\/"},{"@type":"ListItem","position":2,"name":"\u00dcber uns"}]},{"@type":"WebSite","@id":"https:\/\/homecareinnovation.com\/de\/#website","url":"https:\/\/homecareinnovation.com\/de\/","name":"HomeCare Innovation BV","description":"Gro\u00dfh\u00e4ndler f\u00fcr Hilfsmittel f\u00fcr \u00e4ltere und behinderte Menschen","publisher":{"@id":"https:\/\/homecareinnovation.com\/de\/#organization"},"potentialAction":[{"@type":"SearchAction","target":{"@type":"EntryPoint","urlTemplate":"https:\/\/homecareinnovation.com\/de\/?s={search_term_string}"},"query-input":{"@type":"PropertyValueSpecification","valueRequired":true,"valueName":"search_term_string"}}],"inLanguage":"de"},{"@type":"Organization","@id":"https:\/\/homecareinnovation.com\/de\/#organization","name":"HomeCare Innovation BV","url":"https:\/\/homecareinnovation.com\/de\/","logo":{"@type":"ImageObject","inLanguage":"de","@id":"https:\/\/homecareinnovation.com\/de\/#\/schema\/logo\/image\/","url":"https:\/\/homecareinnovation.com\/wp-content\/uploads\/2021\/03\/HOME-CARE-LOGO-originele-kleur-klein.png","contentUrl":"https:\/\/homecareinnovation.com\/wp-content\/uploads\/2021\/03\/HOME-CARE-LOGO-originele-kleur-klein.png","width":1000,"height":357,"caption":"HomeCare Innovation BV"},"image":{"@id":"https:\/\/homecareinnovation.com\/de\/#\/schema\/logo\/image\/"},"sameAs":["https:\/\/www.facebook.com\/HomeCareInnovationBV\/","https:\/\/www.instagram.com\/homecareinnovation\/","https:\/\/www.youtube.com\/channel\/UCg5pUSP6YEDGR5KtKeZe7nw"]}]}},"_links":{"self":[{"href":"https:\/\/homecareinnovation.com\/de\/wp-json\/wp\/v2\/pages\/14011","targetHints":{"allow":["GET"]}}],"collection":[{"href":"https:\/\/homecareinnovation.com\/de\/wp-json\/wp\/v2\/pages"}],"about":[{"href":"https:\/\/homecareinnovation.com\/de\/wp-json\/wp\/v2\/types\/page"}],"author":[{"embeddable":true,"href":"https:\/\/homecareinnovation.com\/de\/wp-json\/wp\/v2\/users\/1"}],"replies":[{"embeddable":true,"href":"https:\/\/homecareinnovation.com\/de\/wp-json\/wp\/v2\/comments?post=14011"}],"version-history":[{"count":0,"href":"https:\/\/homecareinnovation.com\/de\/wp-json\/wp\/v2\/pages\/14011\/revisions"}],"wp:attachment":[{"href":"https:\/\/homecareinnovation.com\/de\/wp-json\/wp\/v2\/media?parent=14011"}],"curies":[{"name":"wp","href":"https:\/\/api.w.org\/{rel}","templated":true}]}}