{"id":14015,"date":"2020-11-16T15:23:50","date_gmt":"2020-11-16T15:23:50","guid":{"rendered":"https:\/\/homecareinnovation.com\/datenschutz-beleidigen\/"},"modified":"2020-11-16T15:24:47","modified_gmt":"2020-11-16T15:24:47","slug":"datenschutz-beleidigen","status":"publish","type":"page","link":"https:\/\/homecareinnovation.com\/de\/datenschutz-beleidigen\/","title":{"rendered":"Datenschutz beleidigen"},"content":{"rendered":"<div class=\"wpb-content-wrapper\"><p>[vc_row][vc_column][vc_column_text]<\/p>\n<div class=\"row\">\n<div class=\"col page-title np\">\n<h3 style=\"text-align: left;\"><strong>Datenschutzerkl\u00e4rung<\/strong><\/h3>\n<\/div>\n<\/div>\n<div class=\"row\">\n<div class=\"col col-md-6 col-lg-9\">\n<p style=\"text-align: left;\"><strong>Datenschutzerkl\u00e4rung [HomeCareInnovation.com]<\/strong><br \/>Version 1.0<br \/>Diese Seite wurde zuletzt aktualisiert am 8-9-2020].<\/p>\n<p style=\"text-align: left;\">Wir sind uns bewusst, dass Sie uns Ihr Vertrauen schenken. Wir sehen es als unsere Verantwortung an, Ihre Privatsph\u00e4re zu sch\u00fctzen. Auf dieser Seite informieren wir Sie dar\u00fcber, welche Informationen wir sammeln, wenn Sie unsere Website benutzen, warum wir sie sammeln und wie wir sie verwenden, um Ihre Benutzererfahrung zu verbessern. Sie werden also genau verstehen, wie wir arbeiten.<\/p>\n<p style=\"text-align: left;\">Diese Datenschutzerkl\u00e4rung gilt f\u00fcr die Dienste von <a href=\"https:\/\/homecareinnovation.com\/de\/\">www.homecareinnovation.com\/de\/<\/a>. Sie sollten sich bewusst sein, dass <a>www.homecareinnovation.com<\/a> nicht f\u00fcr die Datenschutzpraktiken anderer Sites und Ressourcen verantwortlich ist. Mit der Nutzung dieser Website erkl\u00e4ren Sie sich mit den Datenschutzbestimmungen einverstanden.<\/p>\n<p style=\"text-align: left;\"><a>www.homecareinnovation.com<\/a> respektiert die Privatsph\u00e4re aller Benutzer seiner Website und stellt sicher, dass die von Ihnen angegebenen pers\u00f6nlichen Daten vertraulich behandelt werden.<\/p>\n<p style=\"text-align: left;\"><strong><em>Unsere Verwendung der gesammelten Daten<\/em><\/strong><\/p>\n<p style=\"text-align: left;\"><strong>Nutzung unserer Dienstleistungen<\/strong><br \/>Wenn Sie sich f\u00fcr eine unserer Dienstleistungen anmelden, bitten wir Sie um die Angabe pers\u00f6nlicher Informationen. Diese Daten werden zur Durchf\u00fchrung des Dienstes verwendet. Die Daten werden auf unseren eigenen sicheren Servern unter <a>www.homecareinnovation.nl<\/a> oder denen eines Dritten gespeichert. Wir werden diese Daten nicht mit anderen pers\u00f6nlichen Daten, die uns zur Verf\u00fcgung stehen, kombinieren.<\/p>\n<p style=\"text-align: left;\"><strong>Kommunikation<\/strong><br \/>Wenn Sie E-Mails oder andere Nachrichten an uns senden, k\u00f6nnen wir diese Nachrichten aufbewahren. Manchmal fragen wir Sie nach Ihren pers\u00f6nlichen Informationen, die f\u00fcr die jeweilige Situation relevant sind. Dies erm\u00f6glicht uns, Ihre Fragen zu bearbeiten und Ihre Anfragen zu beantworten. Die Daten werden auf unseren eigenen sicheren Servern unter <a>www.homecareinnovation.com<\/a> oder denen eines Dritten gespeichert. Wir werden diese Daten nicht mit anderen uns zur Verf\u00fcgung stehenden pers\u00f6nlichen Daten kombinieren.<\/p>\n<p style=\"text-align: left;\"><strong>Cookies<\/strong><br \/>Wir sammeln Daten zu Forschungszwecken, um ein besseres Verst\u00e4ndnis unserer Kunden zu gewinnen, damit wir unsere Dienstleistungen entsprechend anpassen k\u00f6nnen.<\/p>\n<p style=\"text-align: left;\">Diese Website verwendet &#8220;Cookies&#8221;, das sind Textdateien, die auf Ihrem Computer gespeichert werden und die der Website helfen zu analysieren, wie Benutzer die Website nutzen. Die durch den Cookie erzeugten Informationen \u00fcber Ihre Nutzung der Website k\u00f6nnen auf Ihre eigenen sicheren Server unter <a>www.homecareinnovation.com<\/a> oder die eines Dritten \u00fcbertragen werden. Wir verwenden diese Informationen, um zu verfolgen, wie Sie die Website nutzen, um Berichte \u00fcber die Website-Aktivit\u00e4t zusammenzustellen und um andere Dienstleistungen im Zusammenhang mit der Website-Aktivit\u00e4t und der Internet-Nutzung anzubieten.<\/p>\n<p style=\"text-align: left;\"><strong>Ziele<\/strong><br \/>Wir sammeln oder verwenden Informationen nicht f\u00fcr andere als die in dieser Datenschutzrichtlinie beschriebenen Zwecke, es sei denn, wir haben Ihre vorherige Zustimmung eingeholt.<\/p>\n<p style=\"text-align: left;\"><strong>Dritte<\/strong><br \/>Die Informationen werden nicht an Dritte weitergegeben, mit Ausnahme von Webanwendungen, die wir f\u00fcr unseren Webshop verwenden. Dazu geh\u00f6rt auch das Bewertungssystem WebshopKeur. Diese Informationen werden nur f\u00fcr den Zweck des Antrags verwendet und nicht weiter verbreitet. Dar\u00fcber hinaus k\u00f6nnen die Informationen in einigen F\u00e4llen intern ausgetauscht werden. Unsere Mitarbeiter sind verpflichtet, die Vertraulichkeit Ihrer Informationen zu respektieren.<\/p>\n<p style=\"text-align: left;\"><strong>\u00c4nderungen<\/strong><br \/>Diese Datenschutzerkl\u00e4rung ist auf die Nutzung und die M\u00f6glichkeiten dieser Website ausgerichtet. Jegliche Anpassungen und\/oder \u00c4nderungen an dieser Website k\u00f6nnen zu \u00c4nderungen dieser Datenschutzerkl\u00e4rung f\u00fchren. Es ist daher ratsam, diese Datenschutzerkl\u00e4rung regelm\u00e4\u00dfig zu konsultieren.<\/p>\n<p style=\"text-align: left;\"><strong>Auswahlm\u00f6glichkeiten f\u00fcr pers\u00f6nliche Daten<\/strong><br \/>Wir bieten allen Besuchern die M\u00f6glichkeit, alle pers\u00f6nlichen Informationen, die uns derzeit zur Verf\u00fcgung gestellt werden, einzusehen, zu \u00e4ndern oder zu l\u00f6schen.<\/p>\n<p style=\"text-align: left;\"><strong>Service-Newsletter anpassen\/abbestellen<\/strong><br \/>Am Ende jedes Mailings finden Sie die M\u00f6glichkeit, Ihre Angaben zu \u00e4ndern oder den Newsletter abzubestellen.<\/p>\n<p style=\"text-align: left;\"><strong>Kommunikation anpassen\/abbestellen<\/strong><br \/>Wenn Sie Ihre Daten \u00e4ndern oder sich aus unseren Dateien entfernen lassen m\u00f6chten, wenden Sie sich bitte an uns. Siehe Kontaktdaten unten.<\/p>\n<p style=\"text-align: left;\"><strong>Deaktivieren von Cookies<\/strong><br \/>Standardm\u00e4\u00dfig sind die meisten Browser so eingestellt, dass sie Cookies akzeptieren, aber Sie k\u00f6nnen Ihren Browser so einstellen, dass er alle Cookies ablehnt oder anzeigt, wenn ein Cookie gesendet wird. Es kann jedoch sein, dass einige Funktionen und Dienste auf unserer und anderen Websites nicht richtig funktionieren, wenn Cookies in Ihrem Browser deaktiviert sind.<\/p>\n<p style=\"text-align: left;\"><strong>Fragen und R\u00fcckmeldungen<\/strong><\/p>\n<p style=\"text-align: left;\">Wir \u00fcberpr\u00fcfen regelm\u00e4\u00dfig die Einhaltung dieser Datenschutzrichtlinie. Wenn Sie Fragen zu dieser Datenschutzerkl\u00e4rung haben, wenden Sie sich bitte an uns:<\/p>\n<p style=\"text-align: left;\"><a>www.homecareinnovation.com<\/a><a>\u00a0<\/a><br \/>Anschrift: Fenchelspur 22<br \/>Telefonnummer: 010 &#8211; 242 09 13<br \/>E-mail:\u00a0<a href=\"mailto:%20info@homecareinnovation.com\">info@homecareinnovation.com <\/a><\/a><\/p>\n<\/div>\n<\/div>\n<p>&nbsp;<\/p>\n<p>[\/vc_column_text][\/vc_column][\/vc_row]<\/p>\n<\/div>","protected":false},"excerpt":{"rendered":"<p>[vc_row][vc_column][vc_column_text] Datenschutzerkl\u00e4rung Datenschutzerkl\u00e4rung [HomeCareInnovation.com]Version 1.0Diese Seite wurde zuletzt aktualisiert am 8-9-2020]. Wir sind uns bewusst, dass Sie uns Ihr Vertrauen schenken. Wir sehen es als unsere Verantwortung an, Ihre Privatsph\u00e4re zu sch\u00fctzen. Auf dieser Seite informieren wir Sie dar\u00fcber, welche Informationen wir sammeln, wenn Sie unsere Website benutzen, warum wir sie sammeln und wie wir [&hellip;]<\/p>\n","protected":false},"author":1,"featured_media":0,"parent":0,"menu_order":0,"comment_status":"closed","ping_status":"closed","template":"","meta":{"footnotes":""},"class_list":["post-14015","page","type-page","status-publish","hentry"],"yoast_head":"<!-- This site is optimized with the Yoast SEO plugin v27.5 - https:\/\/yoast.com\/product\/yoast-seo-wordpress\/ -->\n<title>Datenschutz beleidigen - HomeCare Innovation BV<\/title>\n<meta name=\"robots\" content=\"index, follow, max-snippet:-1, max-image-preview:large, max-video-preview:-1\" \/>\n<link rel=\"canonical\" href=\"https:\/\/homecareinnovation.com\/de\/datenschutz-beleidigen\/\" \/>\n<meta property=\"og:locale\" content=\"de_DE\" \/>\n<meta property=\"og:type\" content=\"article\" \/>\n<meta property=\"og:title\" content=\"Datenschutz beleidigen - HomeCare Innovation BV\" \/>\n<meta property=\"og:description\" content=\"[vc_row][vc_column][vc_column_text] Datenschutzerkl\u00e4rung Datenschutzerkl\u00e4rung [HomeCareInnovation.com]Version 1.0Diese Seite wurde zuletzt aktualisiert am 8-9-2020]. Wir sind uns bewusst, dass Sie uns Ihr Vertrauen schenken. Wir sehen es als unsere Verantwortung an, Ihre Privatsph\u00e4re zu sch\u00fctzen. Auf dieser Seite informieren wir Sie dar\u00fcber, welche Informationen wir sammeln, wenn Sie unsere Website benutzen, warum wir sie sammeln und wie wir [&hellip;]\" \/>\n<meta property=\"og:url\" content=\"https:\/\/homecareinnovation.com\/de\/datenschutz-beleidigen\/\" \/>\n<meta property=\"og:site_name\" content=\"HomeCare Innovation BV\" \/>\n<meta property=\"article:publisher\" content=\"https:\/\/www.facebook.com\/HomeCareInnovationBV\/\" \/>\n<meta property=\"article:modified_time\" content=\"2020-11-16T15:24:47+00:00\" \/>\n<meta name=\"twitter:card\" content=\"summary_large_image\" \/>\n<meta name=\"twitter:label1\" content=\"Gesch\u00e4tzte Lesezeit\" \/>\n\t<meta name=\"twitter:data1\" content=\"4\u00a0Minuten\" \/>\n<script type=\"application\/ld+json\" class=\"yoast-schema-graph\">{\"@context\":\"https:\\\/\\\/schema.org\",\"@graph\":[{\"@type\":\"WebPage\",\"@id\":\"https:\\\/\\\/homecareinnovation.com\\\/de\\\/datenschutz-beleidigen\\\/\",\"url\":\"https:\\\/\\\/homecareinnovation.com\\\/de\\\/datenschutz-beleidigen\\\/\",\"name\":\"Datenschutz beleidigen - HomeCare Innovation BV\",\"isPartOf\":{\"@id\":\"https:\\\/\\\/homecareinnovation.com\\\/de\\\/#website\"},\"datePublished\":\"2020-11-16T15:23:50+00:00\",\"dateModified\":\"2020-11-16T15:24:47+00:00\",\"breadcrumb\":{\"@id\":\"https:\\\/\\\/homecareinnovation.com\\\/de\\\/datenschutz-beleidigen\\\/#breadcrumb\"},\"inLanguage\":\"de\",\"potentialAction\":[{\"@type\":\"ReadAction\",\"target\":[\"https:\\\/\\\/homecareinnovation.com\\\/de\\\/datenschutz-beleidigen\\\/\"]}]},{\"@type\":\"BreadcrumbList\",\"@id\":\"https:\\\/\\\/homecareinnovation.com\\\/de\\\/datenschutz-beleidigen\\\/#breadcrumb\",\"itemListElement\":[{\"@type\":\"ListItem\",\"position\":1,\"name\":\"Home\",\"item\":\"https:\\\/\\\/homecareinnovation.com\\\/de\\\/\"},{\"@type\":\"ListItem\",\"position\":2,\"name\":\"Datenschutz beleidigen\"}]},{\"@type\":\"WebSite\",\"@id\":\"https:\\\/\\\/homecareinnovation.com\\\/de\\\/#website\",\"url\":\"https:\\\/\\\/homecareinnovation.com\\\/de\\\/\",\"name\":\"HomeCare Innovation BV\",\"description\":\"Gro\u00dfh\u00e4ndler f\u00fcr Hilfsmittel f\u00fcr \u00e4ltere und behinderte Menschen\",\"publisher\":{\"@id\":\"https:\\\/\\\/homecareinnovation.com\\\/de\\\/#organization\"},\"potentialAction\":[{\"@type\":\"SearchAction\",\"target\":{\"@type\":\"EntryPoint\",\"urlTemplate\":\"https:\\\/\\\/homecareinnovation.com\\\/de\\\/?s={search_term_string}\"},\"query-input\":{\"@type\":\"PropertyValueSpecification\",\"valueRequired\":true,\"valueName\":\"search_term_string\"}}],\"inLanguage\":\"de\"},{\"@type\":\"Organization\",\"@id\":\"https:\\\/\\\/homecareinnovation.com\\\/de\\\/#organization\",\"name\":\"HomeCare Innovation BV\",\"url\":\"https:\\\/\\\/homecareinnovation.com\\\/de\\\/\",\"logo\":{\"@type\":\"ImageObject\",\"inLanguage\":\"de\",\"@id\":\"https:\\\/\\\/homecareinnovation.com\\\/de\\\/#\\\/schema\\\/logo\\\/image\\\/\",\"url\":\"https:\\\/\\\/homecareinnovation.com\\\/wp-content\\\/uploads\\\/2021\\\/03\\\/HOME-CARE-LOGO-originele-kleur-klein.png\",\"contentUrl\":\"https:\\\/\\\/homecareinnovation.com\\\/wp-content\\\/uploads\\\/2021\\\/03\\\/HOME-CARE-LOGO-originele-kleur-klein.png\",\"width\":1000,\"height\":357,\"caption\":\"HomeCare Innovation BV\"},\"image\":{\"@id\":\"https:\\\/\\\/homecareinnovation.com\\\/de\\\/#\\\/schema\\\/logo\\\/image\\\/\"},\"sameAs\":[\"https:\\\/\\\/www.facebook.com\\\/HomeCareInnovationBV\\\/\",\"https:\\\/\\\/www.instagram.com\\\/homecareinnovation\\\/\",\"https:\\\/\\\/www.youtube.com\\\/channel\\\/UCg5pUSP6YEDGR5KtKeZe7nw\"]}]}<\/script>\n<!-- \/ Yoast SEO plugin. -->","yoast_head_json":{"title":"Datenschutz beleidigen - HomeCare Innovation BV","robots":{"index":"index","follow":"follow","max-snippet":"max-snippet:-1","max-image-preview":"max-image-preview:large","max-video-preview":"max-video-preview:-1"},"canonical":"https:\/\/homecareinnovation.com\/de\/datenschutz-beleidigen\/","og_locale":"de_DE","og_type":"article","og_title":"Datenschutz beleidigen - HomeCare Innovation BV","og_description":"[vc_row][vc_column][vc_column_text] Datenschutzerkl\u00e4rung Datenschutzerkl\u00e4rung [HomeCareInnovation.com]Version 1.0Diese Seite wurde zuletzt aktualisiert am 8-9-2020]. Wir sind uns bewusst, dass Sie uns Ihr Vertrauen schenken. Wir sehen es als unsere Verantwortung an, Ihre Privatsph\u00e4re zu sch\u00fctzen. Auf dieser Seite informieren wir Sie dar\u00fcber, welche Informationen wir sammeln, wenn Sie unsere Website benutzen, warum wir sie sammeln und wie wir [&hellip;]","og_url":"https:\/\/homecareinnovation.com\/de\/datenschutz-beleidigen\/","og_site_name":"HomeCare Innovation BV","article_publisher":"https:\/\/www.facebook.com\/HomeCareInnovationBV\/","article_modified_time":"2020-11-16T15:24:47+00:00","twitter_card":"summary_large_image","twitter_misc":{"Gesch\u00e4tzte Lesezeit":"4\u00a0Minuten"},"schema":{"@context":"https:\/\/schema.org","@graph":[{"@type":"WebPage","@id":"https:\/\/homecareinnovation.com\/de\/datenschutz-beleidigen\/","url":"https:\/\/homecareinnovation.com\/de\/datenschutz-beleidigen\/","name":"Datenschutz beleidigen - HomeCare Innovation BV","isPartOf":{"@id":"https:\/\/homecareinnovation.com\/de\/#website"},"datePublished":"2020-11-16T15:23:50+00:00","dateModified":"2020-11-16T15:24:47+00:00","breadcrumb":{"@id":"https:\/\/homecareinnovation.com\/de\/datenschutz-beleidigen\/#breadcrumb"},"inLanguage":"de","potentialAction":[{"@type":"ReadAction","target":["https:\/\/homecareinnovation.com\/de\/datenschutz-beleidigen\/"]}]},{"@type":"BreadcrumbList","@id":"https:\/\/homecareinnovation.com\/de\/datenschutz-beleidigen\/#breadcrumb","itemListElement":[{"@type":"ListItem","position":1,"name":"Home","item":"https:\/\/homecareinnovation.com\/de\/"},{"@type":"ListItem","position":2,"name":"Datenschutz beleidigen"}]},{"@type":"WebSite","@id":"https:\/\/homecareinnovation.com\/de\/#website","url":"https:\/\/homecareinnovation.com\/de\/","name":"HomeCare Innovation BV","description":"Gro\u00dfh\u00e4ndler f\u00fcr Hilfsmittel f\u00fcr \u00e4ltere und behinderte Menschen","publisher":{"@id":"https:\/\/homecareinnovation.com\/de\/#organization"},"potentialAction":[{"@type":"SearchAction","target":{"@type":"EntryPoint","urlTemplate":"https:\/\/homecareinnovation.com\/de\/?s={search_term_string}"},"query-input":{"@type":"PropertyValueSpecification","valueRequired":true,"valueName":"search_term_string"}}],"inLanguage":"de"},{"@type":"Organization","@id":"https:\/\/homecareinnovation.com\/de\/#organization","name":"HomeCare Innovation BV","url":"https:\/\/homecareinnovation.com\/de\/","logo":{"@type":"ImageObject","inLanguage":"de","@id":"https:\/\/homecareinnovation.com\/de\/#\/schema\/logo\/image\/","url":"https:\/\/homecareinnovation.com\/wp-content\/uploads\/2021\/03\/HOME-CARE-LOGO-originele-kleur-klein.png","contentUrl":"https:\/\/homecareinnovation.com\/wp-content\/uploads\/2021\/03\/HOME-CARE-LOGO-originele-kleur-klein.png","width":1000,"height":357,"caption":"HomeCare Innovation BV"},"image":{"@id":"https:\/\/homecareinnovation.com\/de\/#\/schema\/logo\/image\/"},"sameAs":["https:\/\/www.facebook.com\/HomeCareInnovationBV\/","https:\/\/www.instagram.com\/homecareinnovation\/","https:\/\/www.youtube.com\/channel\/UCg5pUSP6YEDGR5KtKeZe7nw"]}]}},"_links":{"self":[{"href":"https:\/\/homecareinnovation.com\/de\/wp-json\/wp\/v2\/pages\/14015","targetHints":{"allow":["GET"]}}],"collection":[{"href":"https:\/\/homecareinnovation.com\/de\/wp-json\/wp\/v2\/pages"}],"about":[{"href":"https:\/\/homecareinnovation.com\/de\/wp-json\/wp\/v2\/types\/page"}],"author":[{"embeddable":true,"href":"https:\/\/homecareinnovation.com\/de\/wp-json\/wp\/v2\/users\/1"}],"replies":[{"embeddable":true,"href":"https:\/\/homecareinnovation.com\/de\/wp-json\/wp\/v2\/comments?post=14015"}],"version-history":[{"count":0,"href":"https:\/\/homecareinnovation.com\/de\/wp-json\/wp\/v2\/pages\/14015\/revisions"}],"wp:attachment":[{"href":"https:\/\/homecareinnovation.com\/de\/wp-json\/wp\/v2\/media?parent=14015"}],"curies":[{"name":"wp","href":"https:\/\/api.w.org\/{rel}","templated":true}]}}