{"id":14475,"date":"2020-11-17T08:05:56","date_gmt":"2020-11-17T08:05:56","guid":{"rendered":"https:\/\/homecareinnovation.com\/aufzug-oder-stallaufzug-fuer-ambulanzpersonal-oder-notfallzentren\/"},"modified":"2020-12-01T13:55:34","modified_gmt":"2020-12-01T13:55:34","slug":"aufzug-oder-stallaufzug-fuer-ambulanzpersonal-oder-notfallzentren","status":"publish","type":"page","link":"https:\/\/homecareinnovation.com\/de\/aufzug-oder-stallaufzug-fuer-ambulanzpersonal-oder-notfallzentren\/","title":{"rendered":"Aufzug oder Stallaufzug f\u00fcr Ambulanzpersonal oder Notfallzentren"},"content":{"rendered":"<div class=\"wpb-content-wrapper\"><p>[vc_row][vc_column][vc_custom_heading source=&#8221;post_title&#8221; font_container=&#8221;tag:h2|font_size:1.60em|text_align:center|color:%232d2d2d|line_height:1&#8243; use_theme_fonts=&#8221;yes&#8221; text_transform=&#8221;text-uppercase&#8221; el_class=&#8221;mb-0&#8243; css=&#8221;.vc_custom_1599221306016{margin-top: 20px !important;}&#8221;][vc_custom_heading text=&#8221;Die Lifte von HomeCare Innovation BV bieten einen sicheren Transfer vom Boden auf eine Bahre oder sorgen daf\u00fcr, dass Patienten des Ambulanzpersonals ohne gro\u00dfe Anstrengung des Patienten oder der Krankenschwester vollst\u00e4ndig vom Boden aufstehen k\u00f6nnen.&#8221; font_container=&#8221;tag:h3|font_size:1.2em|text_align:center|color:%23474747|line_height:1.2&#8243; use_theme_fonts=&#8221;yes&#8221; font_weight=&#8221;500&#8243; letter_spacing=&#8221;.065em&#8221; el_class=&#8221;mb-3&#8243; css=&#8221;.vc_custom_1599221297032{margin-top: 20px !important;}&#8221;][vc_btn title=&#8221;Hier finden Sie unsere Hebezeuge&#8221; style=&#8221;modern&#8221; align=&#8221;center&#8221; skin=&#8221;dark&#8221; el_class=&#8221;mb-0&#8243; link=&#8221;url:%2Fde%2Fprodukt-kategorie%2Flifter%2Faufstehlifte%2F|&#8221; css=&#8221;.vc_custom_1599221335522{margin-bottom: 20px !important;}&#8221;][\/vc_column][\/vc_row][vc_row full_width=&#8221;stretch_row_content_no_spaces&#8221; equal_height=&#8221;yes&#8221; el_id=&#8221;about&#8221;][vc_column css=&#8221;.vc_custom_1599221744781{background-image: url(https:\/\/homecareinnovation.com\/wp-content\/uploads\/2020\/09\/2020-09-04-14_13_37-Waarom-Iedere-Ambulance-een-Opblaasbare-Tillift-Zou-Moeten-Hebben-YouTube.png?id=2502) !important;background-position: center !important;background-repeat: no-repeat !important;background-size: cover !important;}&#8221; offset=&#8221;vc_col-lg-4 vc_col-md-4&#8243; el_class=&#8221;custom-about-video align-items-center&#8221;]<div class=\"porto-modal-input-wrapper custom-play-video\"><img loading=\"lazy\" decoding=\"async\" src=\"https:\/\/homecareinnovation.com\/wp-content\/uploads\/2020\/09\/play-icon.png\" alt=\"\" data-trigger-id=\"\" data-type=\"iframe\" class=\"porto-modal-trigger img-responsive\" width=\"76\" height=\"76\" data-overlay-class=\"mfp-fade\" \/><\/div><div id=\"\" class=\"mfp-hide \"><div class=\"porto-modal-content\"><\/div><\/div>[\/vc_column][vc_column css=&#8221;.vc_custom_1599220207749{padding-top: 20px !important;padding-right: 20px !important;padding-bottom: 20px !important;padding-left: 20px !important;background-color: #ffffff !important;}&#8221; offset=&#8221;vc_col-lg-4 vc_col-md-4&#8243;][vc_row_inner css=&#8221;.vc_custom_1486824503834{margin-left: 0 !important;margin-right: 0 !important;}&#8221;][vc_column_inner css=&#8221;.vc_custom_1487273423694{border-top-width: 1px !important;border-right-width: 1px !important;border-bottom-width: 1px !important;border-left-width: 1px !important;padding-top: 50px !important;padding-right: 30px !important;padding-bottom: 40px !important;padding-left: 30px !important;border-left-color: #ffffff !important;border-left-style: dashed !important;border-right-color: #ffffff !important;border-right-style: dashed !important;border-top-color: #ffffff !important;border-top-style: dashed !important;border-bottom-color: #ffffff !important;border-bottom-style: dashed !important;border-radius: 1px !important;}&#8221;]<div class=\"porto-sicon-box  vc_custom_1599220275790  wpb_custom_74c312c6382c672d88415152636ca045 style_1 left-icon\"><div class=\"porto-sicon-left\"><div class=\"porto-just-icon-wrapper porto-sicon-img  porto-icon-9f5d1cfb45d27d96b50bf473aebba227\" style=\"font-size: 46px;\"><img loading=\"lazy\" decoding=\"async\" class=\"img-icon\" alt=\"\" src=\"https:\/\/homecareinnovation.com\/wp-content\/uploads\/2020\/09\/about-icon.png\" width=\"46\" height=\"50\" \/><\/div><\/div><div class=\"porto-sicon-body\"><div class=\"porto-sicon-header\"><h3 class=\"porto-sicon-title\" style=\"font-weight:700;font-size:27px;color:#ffffff;\">Het tillift kussen als oplossing:<\/h3><\/div> <!-- header --><\/div><\/div><!-- porto-sicon-box -->[vc_column_text css=&#8221;.vc_custom_1599220301452{padding-bottom: 25px !important;}&#8221; el_class=&#8221;custom-text-md-center&#8221;]<\/p>\n<p>HomeCare Innovation bietet jetzt den aufblasbaren Stehlift oder Hebezug an, um dieses Problem zu l\u00f6sen. Der aufblasbare Lifter kann verwendet werden, um den Pflegebed\u00fcrftigen vom Boden auf die H\u00f6he der Trage zu heben, wonach der Pflegebed\u00fcrftige leicht vom Stehlifter auf die Trage bewegt werden kann. In diesem Fall hebt das Ambulanzpersonal oder die Krankenschwester die Person nicht mehr manuell an, dies verhindert eine \u00dcberlastung des Personals.<\/p>\n<p>[\/vc_column_text][vc_btn title=&#8221;<strong>Der jeweilige steh aufzug<\/strong>&#8221; shape=&#8221;round&#8221; color=&#8221;blue&#8221; align=&#8221;center&#8221; skin=&#8221;secondary&#8221; el_class=&#8221;custom-button-long-arrow-right&#8221; link=&#8221;url:%2Fde%2Fprodukt%2Fjeder-steht-im-aufzug%2F|&#8221;][\/vc_column_inner][\/vc_row_inner][\/vc_column][vc_column offset=&#8221;vc_col-lg-4 vc_col-md-4&#8243;]<div id=\"porto-carousel-21191081969f4cf3517623\" class=\"porto-carousel-wrapper custom-about-carousel custom-bullets-light-color\" data-gutter=\"0\" data-rtl=\"false\" ><div class=\"porto-ultimate-carousel porto-carousel-114046673569f4cf3517602 \" ><div class=\"porto-item-wrap\" data-appear-animation=\"fadeIn\"><div class=\"porto-ultimate-content-box-container \"><style>.porto_ucb_21b6bf01188be9ba0119a2cb5c097588{will-change: box-shadow;box-shadow: none;}.porto_ucb_21b6bf01188be9ba0119a2cb5c097588:hover{box-shadow:none}<\/style><div class=\"porto-ultimate-content-box porto_ucb_21b6bf01188be9ba0119a2cb5c097588\" style=\"background-image:url(&#039;https:\/\/homecareinnovation.com\/wp-content\/uploads\/2020\/09\/elk-lifestyle-ambulance-4sectionsinflated-compressor-scaled.jpg&#039;);background-size: cover;background-repeat: no-repeat;background-position: center center;background-color: rgba(0, 0, 0, 0);\"><\/div><\/div><\/div><div class=\"porto-item-wrap\" data-appear-animation=\"fadeIn\"><div class=\"porto-ultimate-content-box-container \"><style>.porto_ucb_21b6bf01188be9ba0119a2cb5c097588{will-change: box-shadow;box-shadow: none;}.porto_ucb_21b6bf01188be9ba0119a2cb5c097588:hover{box-shadow:none}<\/style><div class=\"porto-ultimate-content-box porto_ucb_21b6bf01188be9ba0119a2cb5c097588\" style=\"background-image:url(&#039;https:\/\/homecareinnovation.com\/wp-content\/uploads\/2020\/09\/vehicle-3256021-1280-1-scaled.jpg&#039;);background-size: cover;background-repeat: no-repeat;background-position: center center;background-color: rgba(0, 0, 0, 0);\"><\/div><\/div><\/div><div class=\"porto-item-wrap\" data-appear-animation=\"fadeIn\"><div class=\"porto-ultimate-content-box-container \"><style>.porto_ucb_21b6bf01188be9ba0119a2cb5c097588{will-change: box-shadow;box-shadow: none;}.porto_ucb_21b6bf01188be9ba0119a2cb5c097588:hover{box-shadow:none}<\/style><div class=\"porto-ultimate-content-box porto_ucb_21b6bf01188be9ba0119a2cb5c097588\" style=\"background-image:url(&#039;https:\/\/homecareinnovation.com\/wp-content\/uploads\/2020\/09\/elk-paramedics-stretcher-grey-compressor-scaled.jpg&#039;);background-size: cover;background-repeat: no-repeat;background-position: center center;background-color: rgba(0, 0, 0, 0);\"><\/div><\/div><\/div><\/div><\/div><script type=\"text\/javascript\" id=\"ultimate-carousel\">\r\n\t(function(){\r\n\t\tvar porto_inc_slick_js = function() {\r\n\t\t\t( function( $ ) {\r\n\t\t\t\tif ( $.fn.slick ) {\r\n\t\t\t\t\t$('.porto-carousel-114046673569f4cf3517602').slick({dots: true,autoplay: true,autoplaySpeed: 5000,speed: 300,infinite: true,arrows: false,slidesToScroll:1,slidesToShow:1,swipe: true,draggable: true,touchMove: true,pauseOnHover: true,adaptiveHeight: true,responsive: [\r\n\t\t\t\t{\r\n\t\t\t\t  breakpoint: 1025,\r\n\t\t\t\t  settings: {\r\n\t\t\t\t\tslidesToShow: 1,\r\n\t\t\t\t\tslidesToScroll: 1,  \r\n\t\t\t\t  }\r\n\t\t\t\t},\r\n\t\t\t\t{\r\n\t\t\t\t  breakpoint: 769,\r\n\t\t\t\t  settings: {\r\n\t\t\t\t\tslidesToShow: 1,\r\n\t\t\t\t\tslidesToScroll: 1\r\n\t\t\t\t  }\r\n\t\t\t\t},\r\n\t\t\t\t{\r\n\t\t\t\t  breakpoint: 481,\r\n\t\t\t\t  settings: {\r\n\t\t\t\t\tslidesToShow: 1,\r\n\t\t\t\t\tslidesToScroll: 1\r\n\t\t\t\t  }\r\n\t\t\t\t}\r\n\t\t\t],pauseOnDotsHover: true,customPaging: function(slider, i) {\r\n\t   return '<i type=\"button\" style=\"color:#ffffff;\" class=\"far fa-circle\" data-role=\"none\"><\/i>';\r\n\t},});\r\n\t\t\t\t} else {\r\n\t\t\t\t\t\t\t\t}\r\n\t\t\t} )( jQuery );\r\n\t\t};\r\n\r\n\t\tif ( window.theme && theme.isLoaded ) {\r\n\t\t\tporto_inc_slick_js();\r\n\t\t} else {\r\n\t\t\twindow.addEventListener( 'load', porto_inc_slick_js );\r\n\t\t}\r\n\t})();\r\n<\/script>\r\n[\/vc_column][\/vc_row][vc_row][vc_column css=&#8221;.vc_custom_1599221799135{margin-top: 40px !important;}&#8221;][vc_column_text]<\/p>\n<h2 style=\"text-align: links;\"><strong><span style=\"font-size: 18pt;\">Tillift oder stalift f\u00fcr Krankenwagen und Notfallzentren<\/span><\/strong><\/h2>\n<p style=\"text-align: left;\"><span style=\"font-size: 10pt;\"><span style=\"font-size: 12pt;\">HomeCare Innovation bietet eine L\u00f6sung f\u00fcr ein schnell wachsendes Problem. Unsere stabilen Hebeb\u00fchnen Elch und Kamel werden verwendet, um Patienten vom Boden <strong> auf eine Bahre<\/strong> oder vom Boden vollst\u00e4ndig <strong> in eine sitzende Position<\/strong> zu transferieren, wenn eine Person gest\u00fcrzt ist.<\/span><\/span><\/p>\n<p style=\"text-align: left;\"><span style=\"font-size: 10pt;\"><span style=\"font-size: 12pt;\">Es wird immer \u00fcblicher, dass <strong>Ambulanzpflege<\/strong> und <strong>Notrufzentralen<\/strong> Schwierigkeiten haben, eine Person vom Boden zu heben oder eine Person auf eine Trage mit R\u00e4dern zu legen, weil sie immer einige Zentimeter \u00fcber dem Boden h\u00e4ngt, auch wenn sie maximal heruntergeklappt ist. Dies stellt eine gro\u00dfe k\u00f6rperliche Belastung f\u00fcr das Personal dar. Tats\u00e4chlich ist die gr\u00f6\u00dfte Ursache f\u00fcr Verletzungen durch \u00dcberbeanspruchung im Gesundheitswesen auf das manuelle Heben oder Repositionieren von Patienten zur\u00fcckzuf\u00fchren. Der Elch und das Kamel <strong>stabile Aufz\u00fcge<\/strong> bieten hierf\u00fcr eine praktische L\u00f6sung. <\/span><\/span><\/p>\n<p style=\"text-align: links;\"><span style=\"font-size: 12pt;\"> Einer der Gr\u00fcnde daf\u00fcr ist, dass immer mehr Patienten in den Niederlanden <strong> m\u00e4\u00dfig bis stark \u00fcbergewichtig<\/strong> sind. Dies kann zu sehr belastenden Situationen f\u00fcr das Pflegepersonal f\u00fchren. <\/span><\/p>\n<p>[\/vc_column_text][\/vc_column][\/vc_row][vc_row][vc_column css=&#8221;.vc_custom_1599221824947{margin-top: 20px !important;}&#8221;][vc_column_text]<\/p>\n<h2 style=\"text-align: links;\"><strong><span style=\"font-size: 18pt;\">Bedienung:<\/span><\/strong><\/h2>\n<p style=\"text-align: left;\">Die Stalllifte der HomeCare Innovation sind vom Boden aus in 4 Schritten vollst\u00e4ndig aufblasbar. Die Luftschl\u00e4uche befinden sich vom tragbaren Kompressor am aufblasbaren Stalllift. Das Hebezeug kann bei Bedarf durch die 2 mitgelieferten St\u00fctzbeine verst\u00e4rkt werden.<\/p>\n<p style=\"text-align: left;\">Die Hebevorrichtung ist leicht tragbar und l\u00e4sst sich nach Gebrauch kompakt zusammenklappen, so dass die Hebevorrichtung wenig Platz beansprucht.<\/p>\n<h2 style=\"text-align: links;\"><span style=\"font-size: 18pt;\"><strong>ELK Stalker, die in der Praxis von Krankenwagen und Notfallzentren verwendet werden<\/strong><\/span><\/h2>\n<p style=\"text-align: left;\">Im Vereinigten K\u00f6nigreich werden die Hebez\u00fcge ELK und Camel seit vielen Jahren von Rettungsdiensten eingesetzt, aber auch in den Vereinigten Staaten, Australien, Kanada und Teilen Europas werden diese Hebez\u00fcge zunehmend von Notfallzentren und Rettungsdiensten genutzt. <\/p>\n<p style=\"text-align: links;\">Und das mit gro\u00dfem Erfolg.<\/p>\n<p style=\"text-align: left;\">So gingen innerhalb des ersten Jahres nach Einf\u00fchrung der ELK bei South Western Ambulance, einem Krankenwagendienst im Vereinigten K\u00f6nigreich, die Fehlzeiten um nicht weniger als 10% zur\u00fcck, wodurch der Krankenwagendienst allein im ersten Jahr 340.000 \u20ac (300.000 \u00a3) einsparte.<\/p>\n<p style=\"text-align: left;\">Mehr als 40% der Ambulanzanrufe sind \u00fcber 65 Jahre alt. 45% von ihnen sind unverletzt, nachdem ihnen hochgeholfen wurde, und werden nicht weiter medizinisch behandelt. Dies ist sehr hoch und setzt viele Notfallzentren und Ambulanzdienste unter gro\u00dfen Druck, besonders w\u00e4hrend der Wintermonate.<\/p>\n<p style=\"text-align: links;\"><strong>Kontaktieren Sie uns:<\/strong><\/p>\n<p style=\"text-align: left;\">Wenn Sie weitere Informationen \u00fcber unsere Hebezeuge und Stallz\u00fcge w\u00fcnschen, kontaktieren Sie uns bitte: <a href=\"TEL:\/\/0102420913\">010-242 09 13<\/a> oder senden Sie eine E-Mail an: <a href=\"mailto:info@homecareinnovation.com\">info@homecareinnovation.com<\/a><\/p>\n<p>[\/vc_column_text][\/vc_column][\/vc_row]<\/p>\n<\/div>","protected":false},"excerpt":{"rendered":"<p>[vc_row][vc_column][vc_custom_heading source=&#8221;post_title&#8221; font_container=&#8221;tag:h2|font_size:1.60em|text_align:center|color:%232d2d2d|line_height:1&#8243; use_theme_fonts=&#8221;yes&#8221; text_transform=&#8221;text-uppercase&#8221; el_class=&#8221;mb-0&#8243; css=&#8221;.vc_custom_1599221306016{margin-top: 20px !important;}&#8221;][vc_custom_heading text=&#8221;Die Lifte von HomeCare Innovation BV bieten einen sicheren Transfer vom Boden auf eine Bahre oder sorgen daf\u00fcr, dass Patienten des Ambulanzpersonals ohne gro\u00dfe Anstrengung des Patienten oder der Krankenschwester vollst\u00e4ndig vom Boden aufstehen k\u00f6nnen.&#8221; font_container=&#8221;tag:h3|font_size:1.2em|text_align:center|color:%23474747|line_height:1.2&#8243; use_theme_fonts=&#8221;yes&#8221; font_weight=&#8221;500&#8243; letter_spacing=&#8221;.065em&#8221; el_class=&#8221;mb-3&#8243; css=&#8221;.vc_custom_1599221297032{margin-top: 20px !important;}&#8221;][vc_btn title=&#8221;Hier finden Sie [&hellip;]<\/p>\n","protected":false},"author":1,"featured_media":0,"parent":0,"menu_order":0,"comment_status":"closed","ping_status":"closed","template":"","meta":{"footnotes":""},"class_list":["post-14475","page","type-page","status-publish","hentry"],"yoast_head":"<!-- This site is optimized with the Yoast SEO plugin v27.5 - https:\/\/yoast.com\/product\/yoast-seo-wordpress\/ -->\n<title>Aufblasbarer Lift f\u00fcr Krankenwagen und Alarmzentralen | Vom Boden aus<\/title>\n<meta name=\"description\" content=\"der aufblasbare til-Lift sorgt daf\u00fcr, dass patienten vollst\u00e4ndig vom boden angehoben werden k\u00f6nnen. dies ist besonders n\u00fctzlich f\u00fcr rettungsdienste und notfallzentren, da diese gruppe t\u00e4glich mit diesem problem konfrontiert ist. Der aufblasbare lift oder stehlift ist eine praktische l\u00f6sung f\u00fcr ein wachsendes problem.\" \/>\n<meta name=\"robots\" content=\"index, follow, max-snippet:-1, max-image-preview:large, max-video-preview:-1\" \/>\n<link rel=\"canonical\" href=\"https:\/\/homecareinnovation.com\/de\/aufzug-oder-stallaufzug-fuer-ambulanzpersonal-oder-notfallzentren\/\" \/>\n<meta property=\"og:locale\" content=\"de_DE\" \/>\n<meta property=\"og:type\" content=\"article\" \/>\n<meta property=\"og:title\" content=\"Aufblasbarer Lift f\u00fcr Krankenwagen und Alarmzentralen | Vom Boden aus\" \/>\n<meta property=\"og:description\" content=\"der aufblasbare til-Lift sorgt daf\u00fcr, dass patienten vollst\u00e4ndig vom boden angehoben werden k\u00f6nnen. dies ist besonders n\u00fctzlich f\u00fcr rettungsdienste und notfallzentren, da diese gruppe t\u00e4glich mit diesem problem konfrontiert ist. Der aufblasbare lift oder stehlift ist eine praktische l\u00f6sung f\u00fcr ein wachsendes problem.\" \/>\n<meta property=\"og:url\" content=\"https:\/\/homecareinnovation.com\/de\/aufzug-oder-stallaufzug-fuer-ambulanzpersonal-oder-notfallzentren\/\" \/>\n<meta property=\"og:site_name\" content=\"HomeCare Innovation BV\" \/>\n<meta property=\"article:publisher\" content=\"https:\/\/www.facebook.com\/HomeCareInnovationBV\/\" \/>\n<meta property=\"article:modified_time\" content=\"2020-12-01T13:55:34+00:00\" \/>\n<meta name=\"twitter:card\" content=\"summary_large_image\" \/>\n<meta name=\"twitter:label1\" content=\"Gesch\u00e4tzte Lesezeit\" \/>\n\t<meta name=\"twitter:data1\" content=\"6\u00a0Minuten\" \/>\n<script type=\"application\/ld+json\" class=\"yoast-schema-graph\">{\"@context\":\"https:\\\/\\\/schema.org\",\"@graph\":[{\"@type\":\"WebPage\",\"@id\":\"https:\\\/\\\/homecareinnovation.com\\\/de\\\/aufzug-oder-stallaufzug-fuer-ambulanzpersonal-oder-notfallzentren\\\/\",\"url\":\"https:\\\/\\\/homecareinnovation.com\\\/de\\\/aufzug-oder-stallaufzug-fuer-ambulanzpersonal-oder-notfallzentren\\\/\",\"name\":\"Aufblasbarer Lift f\u00fcr Krankenwagen und Alarmzentralen | Vom Boden aus\",\"isPartOf\":{\"@id\":\"https:\\\/\\\/homecareinnovation.com\\\/de\\\/#website\"},\"datePublished\":\"2020-11-17T08:05:56+00:00\",\"dateModified\":\"2020-12-01T13:55:34+00:00\",\"description\":\"der aufblasbare til-Lift sorgt daf\u00fcr, dass patienten vollst\u00e4ndig vom boden angehoben werden k\u00f6nnen. dies ist besonders n\u00fctzlich f\u00fcr rettungsdienste und notfallzentren, da diese gruppe t\u00e4glich mit diesem problem konfrontiert ist. Der aufblasbare lift oder stehlift ist eine praktische l\u00f6sung f\u00fcr ein wachsendes problem.\",\"breadcrumb\":{\"@id\":\"https:\\\/\\\/homecareinnovation.com\\\/de\\\/aufzug-oder-stallaufzug-fuer-ambulanzpersonal-oder-notfallzentren\\\/#breadcrumb\"},\"inLanguage\":\"de\",\"potentialAction\":[{\"@type\":\"ReadAction\",\"target\":[\"https:\\\/\\\/homecareinnovation.com\\\/de\\\/aufzug-oder-stallaufzug-fuer-ambulanzpersonal-oder-notfallzentren\\\/\"]}]},{\"@type\":\"BreadcrumbList\",\"@id\":\"https:\\\/\\\/homecareinnovation.com\\\/de\\\/aufzug-oder-stallaufzug-fuer-ambulanzpersonal-oder-notfallzentren\\\/#breadcrumb\",\"itemListElement\":[{\"@type\":\"ListItem\",\"position\":1,\"name\":\"Home\",\"item\":\"https:\\\/\\\/homecareinnovation.com\\\/de\\\/\"},{\"@type\":\"ListItem\",\"position\":2,\"name\":\"Aufzug oder Stallaufzug f\u00fcr Ambulanzpersonal oder Notfallzentren\"}]},{\"@type\":\"WebSite\",\"@id\":\"https:\\\/\\\/homecareinnovation.com\\\/de\\\/#website\",\"url\":\"https:\\\/\\\/homecareinnovation.com\\\/de\\\/\",\"name\":\"HomeCare Innovation BV\",\"description\":\"Gro\u00dfh\u00e4ndler f\u00fcr Hilfsmittel f\u00fcr \u00e4ltere und behinderte Menschen\",\"publisher\":{\"@id\":\"https:\\\/\\\/homecareinnovation.com\\\/de\\\/#organization\"},\"potentialAction\":[{\"@type\":\"SearchAction\",\"target\":{\"@type\":\"EntryPoint\",\"urlTemplate\":\"https:\\\/\\\/homecareinnovation.com\\\/de\\\/?s={search_term_string}\"},\"query-input\":{\"@type\":\"PropertyValueSpecification\",\"valueRequired\":true,\"valueName\":\"search_term_string\"}}],\"inLanguage\":\"de\"},{\"@type\":\"Organization\",\"@id\":\"https:\\\/\\\/homecareinnovation.com\\\/de\\\/#organization\",\"name\":\"HomeCare Innovation BV\",\"url\":\"https:\\\/\\\/homecareinnovation.com\\\/de\\\/\",\"logo\":{\"@type\":\"ImageObject\",\"inLanguage\":\"de\",\"@id\":\"https:\\\/\\\/homecareinnovation.com\\\/de\\\/#\\\/schema\\\/logo\\\/image\\\/\",\"url\":\"https:\\\/\\\/homecareinnovation.com\\\/wp-content\\\/uploads\\\/2021\\\/03\\\/HOME-CARE-LOGO-originele-kleur-klein.png\",\"contentUrl\":\"https:\\\/\\\/homecareinnovation.com\\\/wp-content\\\/uploads\\\/2021\\\/03\\\/HOME-CARE-LOGO-originele-kleur-klein.png\",\"width\":1000,\"height\":357,\"caption\":\"HomeCare Innovation BV\"},\"image\":{\"@id\":\"https:\\\/\\\/homecareinnovation.com\\\/de\\\/#\\\/schema\\\/logo\\\/image\\\/\"},\"sameAs\":[\"https:\\\/\\\/www.facebook.com\\\/HomeCareInnovationBV\\\/\",\"https:\\\/\\\/www.instagram.com\\\/homecareinnovation\\\/\",\"https:\\\/\\\/www.youtube.com\\\/channel\\\/UCg5pUSP6YEDGR5KtKeZe7nw\"]}]}<\/script>\n<!-- \/ Yoast SEO plugin. -->","yoast_head_json":{"title":"Aufblasbarer Lift f\u00fcr Krankenwagen und Alarmzentralen | Vom Boden aus","description":"der aufblasbare til-Lift sorgt daf\u00fcr, dass patienten vollst\u00e4ndig vom boden angehoben werden k\u00f6nnen. dies ist besonders n\u00fctzlich f\u00fcr rettungsdienste und notfallzentren, da diese gruppe t\u00e4glich mit diesem problem konfrontiert ist. Der aufblasbare lift oder stehlift ist eine praktische l\u00f6sung f\u00fcr ein wachsendes problem.","robots":{"index":"index","follow":"follow","max-snippet":"max-snippet:-1","max-image-preview":"max-image-preview:large","max-video-preview":"max-video-preview:-1"},"canonical":"https:\/\/homecareinnovation.com\/de\/aufzug-oder-stallaufzug-fuer-ambulanzpersonal-oder-notfallzentren\/","og_locale":"de_DE","og_type":"article","og_title":"Aufblasbarer Lift f\u00fcr Krankenwagen und Alarmzentralen | Vom Boden aus","og_description":"der aufblasbare til-Lift sorgt daf\u00fcr, dass patienten vollst\u00e4ndig vom boden angehoben werden k\u00f6nnen. dies ist besonders n\u00fctzlich f\u00fcr rettungsdienste und notfallzentren, da diese gruppe t\u00e4glich mit diesem problem konfrontiert ist. Der aufblasbare lift oder stehlift ist eine praktische l\u00f6sung f\u00fcr ein wachsendes problem.","og_url":"https:\/\/homecareinnovation.com\/de\/aufzug-oder-stallaufzug-fuer-ambulanzpersonal-oder-notfallzentren\/","og_site_name":"HomeCare Innovation BV","article_publisher":"https:\/\/www.facebook.com\/HomeCareInnovationBV\/","article_modified_time":"2020-12-01T13:55:34+00:00","twitter_card":"summary_large_image","twitter_misc":{"Gesch\u00e4tzte Lesezeit":"6\u00a0Minuten"},"schema":{"@context":"https:\/\/schema.org","@graph":[{"@type":"WebPage","@id":"https:\/\/homecareinnovation.com\/de\/aufzug-oder-stallaufzug-fuer-ambulanzpersonal-oder-notfallzentren\/","url":"https:\/\/homecareinnovation.com\/de\/aufzug-oder-stallaufzug-fuer-ambulanzpersonal-oder-notfallzentren\/","name":"Aufblasbarer Lift f\u00fcr Krankenwagen und Alarmzentralen | Vom Boden aus","isPartOf":{"@id":"https:\/\/homecareinnovation.com\/de\/#website"},"datePublished":"2020-11-17T08:05:56+00:00","dateModified":"2020-12-01T13:55:34+00:00","description":"der aufblasbare til-Lift sorgt daf\u00fcr, dass patienten vollst\u00e4ndig vom boden angehoben werden k\u00f6nnen. dies ist besonders n\u00fctzlich f\u00fcr rettungsdienste und notfallzentren, da diese gruppe t\u00e4glich mit diesem problem konfrontiert ist. Der aufblasbare lift oder stehlift ist eine praktische l\u00f6sung f\u00fcr ein wachsendes problem.","breadcrumb":{"@id":"https:\/\/homecareinnovation.com\/de\/aufzug-oder-stallaufzug-fuer-ambulanzpersonal-oder-notfallzentren\/#breadcrumb"},"inLanguage":"de","potentialAction":[{"@type":"ReadAction","target":["https:\/\/homecareinnovation.com\/de\/aufzug-oder-stallaufzug-fuer-ambulanzpersonal-oder-notfallzentren\/"]}]},{"@type":"BreadcrumbList","@id":"https:\/\/homecareinnovation.com\/de\/aufzug-oder-stallaufzug-fuer-ambulanzpersonal-oder-notfallzentren\/#breadcrumb","itemListElement":[{"@type":"ListItem","position":1,"name":"Home","item":"https:\/\/homecareinnovation.com\/de\/"},{"@type":"ListItem","position":2,"name":"Aufzug oder Stallaufzug f\u00fcr Ambulanzpersonal oder Notfallzentren"}]},{"@type":"WebSite","@id":"https:\/\/homecareinnovation.com\/de\/#website","url":"https:\/\/homecareinnovation.com\/de\/","name":"HomeCare Innovation BV","description":"Gro\u00dfh\u00e4ndler f\u00fcr Hilfsmittel f\u00fcr \u00e4ltere und behinderte Menschen","publisher":{"@id":"https:\/\/homecareinnovation.com\/de\/#organization"},"potentialAction":[{"@type":"SearchAction","target":{"@type":"EntryPoint","urlTemplate":"https:\/\/homecareinnovation.com\/de\/?s={search_term_string}"},"query-input":{"@type":"PropertyValueSpecification","valueRequired":true,"valueName":"search_term_string"}}],"inLanguage":"de"},{"@type":"Organization","@id":"https:\/\/homecareinnovation.com\/de\/#organization","name":"HomeCare Innovation BV","url":"https:\/\/homecareinnovation.com\/de\/","logo":{"@type":"ImageObject","inLanguage":"de","@id":"https:\/\/homecareinnovation.com\/de\/#\/schema\/logo\/image\/","url":"https:\/\/homecareinnovation.com\/wp-content\/uploads\/2021\/03\/HOME-CARE-LOGO-originele-kleur-klein.png","contentUrl":"https:\/\/homecareinnovation.com\/wp-content\/uploads\/2021\/03\/HOME-CARE-LOGO-originele-kleur-klein.png","width":1000,"height":357,"caption":"HomeCare Innovation BV"},"image":{"@id":"https:\/\/homecareinnovation.com\/de\/#\/schema\/logo\/image\/"},"sameAs":["https:\/\/www.facebook.com\/HomeCareInnovationBV\/","https:\/\/www.instagram.com\/homecareinnovation\/","https:\/\/www.youtube.com\/channel\/UCg5pUSP6YEDGR5KtKeZe7nw"]}]}},"_links":{"self":[{"href":"https:\/\/homecareinnovation.com\/de\/wp-json\/wp\/v2\/pages\/14475","targetHints":{"allow":["GET"]}}],"collection":[{"href":"https:\/\/homecareinnovation.com\/de\/wp-json\/wp\/v2\/pages"}],"about":[{"href":"https:\/\/homecareinnovation.com\/de\/wp-json\/wp\/v2\/types\/page"}],"author":[{"embeddable":true,"href":"https:\/\/homecareinnovation.com\/de\/wp-json\/wp\/v2\/users\/1"}],"replies":[{"embeddable":true,"href":"https:\/\/homecareinnovation.com\/de\/wp-json\/wp\/v2\/comments?post=14475"}],"version-history":[{"count":0,"href":"https:\/\/homecareinnovation.com\/de\/wp-json\/wp\/v2\/pages\/14475\/revisions"}],"wp:attachment":[{"href":"https:\/\/homecareinnovation.com\/de\/wp-json\/wp\/v2\/media?parent=14475"}],"curies":[{"name":"wp","href":"https:\/\/api.w.org\/{rel}","templated":true}]}}