{"id":14523,"date":"2020-11-17T08:19:41","date_gmt":"2020-11-17T08:19:41","guid":{"rendered":"https:\/\/homecareinnovation.com\/pflegebetten-und-krankenhausbetten-die-die-belastung-des-pflegepersonals-verringern\/"},"modified":"2020-12-01T09:36:31","modified_gmt":"2020-12-01T09:36:31","slug":"pflegebetten-und-krankenhausbetten-die-die-belastung-des-pflegepersonals-verringern","status":"publish","type":"page","link":"https:\/\/homecareinnovation.com\/de\/pflegebetten-und-krankenhausbetten-die-die-belastung-des-pflegepersonals-verringern\/","title":{"rendered":"Pflegebetten und krankenhausbetten, die die Belastung des pflegepersonals verringern"},"content":{"rendered":"<div class=\"wpb-content-wrapper\"><p>[vc_row full_width=&#8221;stretch_row&#8221; css=&#8221;.vc_custom_1599564524167{padding-top: 60px !important;padding-bottom: 40px !important;background: #4a4947 url(https:\/\/homecareinnovation.com\/wp-content\/uploads\/2020\/09\/mobilia-cura-home-min.1200x500x1-1.jpg?id=2559) !important;background-position: center !important;background-repeat: no-repeat !important;background-size: cover !important;}&#8221; el_class=&#8221;category-banner&#8221;][vc_column]<div class=\"porto-container container \">[vc_column_text css=&#8221;.vc_custom_1599564748614{margin-bottom: 5px !important;}&#8221;][\/vc_column_text][vc_custom_heading text=&#8221;Pflegebetten und krankenhausbetten, die die belastung des pflegepersonals verringern&#8221; font_container=&#8221;tag:h2|font_size:46|text_align:center|color:%23ffffff|line_height:42px&#8221; google_fonts=&#8221;font_family:Varela%3Aregular|font_style:400%20regular%3A400%3Anormal&#8221;]<div class=\"porto-btn-ctn-center \"><a class=\"porto-btn porto-adjust-bottom-margin porto-btn-small porto-btn-no-hover-bg   wpb_custom_fa51088c2567b780100c1edcf8821d3b  porto-btn-center \"  rel='' href = \"\/de\/produkt-kategorie\/schlafzimmer\/pflegebetten\/\"  data-hover=\"\" data-border-color=\"\" data-bg=\"#193c64\" data-hover-bg=\"#1a1b1d\" data-border-hover=\"\" data-shadow-click=\"none\" data-shadow=\"\" style=\"font-family:&#039;Oswald&#039;;font-weight:400;font-size:20px;line-height:25px;border:none;background: #193c64;color: #ffffff;\"><span class=\"porto-btn-hover\" style=\"background-color:#1a1b1d\"><\/span><span class=\"porto-btn-data porto-btn-text \" >Sehen sie sich hier unsere pflegebetten an<\/span><\/a><\/div><\/div>[\/vc_column][\/vc_row][vc_row css=&#8221;.vc_custom_1599576011591{margin-top: 30px !important;}&#8221;][vc_column width=&#8221;2\/3&#8243;]<div class=\"porto-u-heading  wpb_custom_95aa9a11c17ad45cfabaf210d84ee7cc porto-u-ad87e2eaf3f9c495180fe0156ddf3eb0 \"><div class=\"porto-u-main-heading\"><h2   style=\"font-weight:700;font-size:35px;line-height:42px;\">Wie funktionieren die pflegebetten von HomeCare Innovation, die die belastung des pflegepersonals verringern?<\/h2><\/div><style>.porto-u-ad87e2eaf3f9c495180fe0156ddf3eb0.porto-u-heading{text-align:left}<\/style><\/div>[vc_column_text]<\/p>\n<p style=\"text-align: left;\">In Pflegeheimen ist es leider immer noch h\u00e4ufig der Fall, dass der Pflegende bei der Betreuung seiner Patienten viel Last zu tragen hat. In vielen F\u00e4llen kann dies zu langfristigen K\u00f6rperbeschwerden der Pflegeperson f\u00fchren, da diese \u00dcbertragung k\u00f6rperlich zu schwer f\u00fcr das Personal oder ein pflegendes Familienmitglied ist.<\/p>\n<p style=\"text-align: left;\">Die <strong><a href=\"\/de\/produkt-kategorie\/schlafzimmer\/pflegebetten\/\">Schwenkbare Pflegebetten<\/a><\/strong> der HomeCare Innovation haben eine <a href=\"https:\/\/www.destentor.nl\/hardenberg\/verpleeghuis-dedemsvaart-test-sta-op-bed~a08cdd5c\/\" target=\"_blank\" rel=\"noopener noreferrer\">einzigartige Dreh- und Aufstehfunktion<\/a>, die das <strong> selbst\u00e4ndige Aufsetzen und Aufstehen<\/strong> wieder viel einfacher macht. Aber auch der Transfer z.B. vom Bett in einen Rollstuhl ist dank unserer <strong>verstellbaren Pflegebetten<\/strong> viel einfacher. Dies reduziert die k\u00f6rperliche Arbeitsbelastung der Pflegenden, aber auch die Anwender erleben die <strong>verstellbaren Krankenhausbetten<\/strong> als eine wesentlich komfortablere und sicherere Alternative.<\/p>\n<p style=\"text-align: left;\">Auch f\u00fcr Menschen mit Adipositas bietet HomeCare Innovation ein vollst\u00e4ndig elektrisch verstellbares Hoch-Tiefbett mit einer Gewichtskapazit\u00e4t von bis zu 500 kg.<\/p>\n<p>[\/vc_column_text][vc_btn title=&#8221;Hier finden Sie alle unsere Pflegebetten&#8221; style=&#8221;modern&#8221; size=&#8221;lg&#8221; skin=&#8221;primary&#8221; link=&#8221;url:%2Fde%2Fprodukt-kategorie%2Fschlafzimmer%2Fpflegebetten%2F&#8221;][\/vc_column][vc_column width=&#8221;1\/3&#8243;][vc_column_text css=&#8221;.vc_custom_1599576143470{margin-top: 10px !important;}&#8221;]<\/p>\n<h4>Die integrierte Mobilia:<\/h4>\n<p>Wandeln Sie Ihr gegenw\u00e4rtiges Bett in ein vollwertiges Hoch-Tief-Bett mit Aufstehfunktion um.<\/p>\n<p>[\/vc_column_text][vc_hoverbox image=&#8221;14544&#8243; primary_title=&#8221;&#8221; hover_title=&#8221;Der elektrische Bettkasten mit Aufstehfunktion&#8221; hover_btn_title=&#8221;Sehen Sie sich die mobilia integra hier an&#8221; hover_btn_color=&#8221;sky&#8221; hover_btn_skin=&#8221;primary&#8221; hover_add_button=&#8221;true&#8221; hover_btn_link=&#8221;url:%2Fde%2Fprodukt%2Ftyp-mobilia-integra-elektrischer-bettkasten-mit-aufstehfunktion%2F&#8221;]Mit dem Pflegebettsystem vom Typ mobilia Typ integra k\u00f6nnen Sie Ihr vorhandenes Bett problemlos in ein Stehbett verwandeln. Der Bettkasten kann in Einzel- oder Doppelbetten aufgestellt werden.[\/vc_hoverbox][\/vc_column][\/vc_row][vc_row full_width=&#8221;stretch_row&#8221; content_placement=&#8221;middle&#8221; parallax=&#8221;content-moving&#8221; parallax_speed_bg=&#8221;1.15&#8243; wrap_container=&#8221;yes&#8221; is_section=&#8221;yes&#8221; section_skin=&#8221;parallax&#8221; remove_margin_top=&#8221;yes&#8221; remove_margin_bottom=&#8221;yes&#8221; remove_border=&#8221;yes&#8221; css=&#8221;.vc_custom_1599572993808{background-color: #f9f9f9 !important;background-position: center;background-repeat: no-repeat;background-size:cover;}&#8221;][vc_column width=&#8221;1\/3&#8243; animation_delay=&#8221;500&#8243; el_class=&#8221;order-lg-2 text-md-left&#8221; animation_type=&#8221;fadeInLeft&#8221;][vc_text_separator title=&#8221;Sehen Sie sich das mobilia bett an:&#8221;][vc_video link=&#8221;https:\/\/www.youtube.com\/watch?v=lb9PD6LyhkM&amp;t=1s&#8221;][vc_column_text]<\/p>\n<p style=\"text-align: links;\"><strong>Weitere Spezifikationen des Hoch-Tiefbetts mobilia:<\/strong><\/p>\n<ul style=\"list-style-type: disk; text-align: links;\">\n<li>Liegefl\u00e4che 200 x 90 cm.<\/li>\n<li>Liegeh\u00f6he einstellbar von 42 &#8211; 82 cm.<\/li>\n<li>Maximale Last bis zu 130 kg.<\/li>\n<li>R\u00fcckenteil einstellbar bis zu 70\u00b0<\/li>\n<li>Beinteil einstellbar bis zu 32\u00b0<\/li>\n<li>ausgenommen Handl\u00e4ufe und Papageien<\/li>\n<\/ul>\n<p>&nbsp;<\/p>\n<p>[\/vc_column_text][\/vc_column][vc_column width=&#8221;2\/3&#8243; animation_delay=&#8221;200&#8243; animation_type=&#8221;fadeInLeft&#8221;]<div class=\"porto-u-heading  wpb_custom_95aa9a11c17ad45cfabaf210d84ee7cc porto-u-ad87e2eaf3f9c495180fe0156ddf3eb0 \"><div class=\"porto-u-main-heading\"><h2   style=\"font-weight:700;font-size:35px;line-height:42px;\">Das mobile pflegebett mit schwenkfunktion<\/h2><\/div><style>.porto-u-ad87e2eaf3f9c495180fe0156ddf3eb0.porto-u-heading{text-align:left}<\/style><\/div>[vc_column_text]<\/p>\n<h2 style=\"text-align: links;\"><strong>Das Hoch-Tiefbett mobilia mit Aufstehfunktion:<\/strong><\/h2>\n<p style=\"text-align: links;\">Der Mobiltyp cura<strong> hohes Niedrigbett mit Aufstehfunktion<\/strong> ist unser meistverkauftes <strong> Pflegebett<\/strong>, weil dieses<\/p>\n<p><strong>Krankenhausbett<\/strong> hat eine sehr einzigartige Eigenschaft, die das Bett nach dem Drehen noch st\u00e4rker nach vorne kippen l\u00e4sst, um das Aufstehen aus dem Bett besonders leicht zu machen. (Wie im obigen Video zu sehen.)<\/p>\n<p style=\"text-align: left;\">Die Drehung kann nach links oder nach rechts erfolgen. Die R\u00fcckenlehne, das Fu\u00dfende und die Liegeh\u00f6he des hohen Niedrigbetts k\u00f6nnen ebenfalls vollst\u00e4ndig elektrisch nach Ihren pers\u00f6nlichen W\u00fcnschen eingestellt werden.<\/p>\n<p style=\"text-align: left;\">Das <strong>schwenkbare Pflegebett mit zus\u00e4tzlicher Aufstehfunktion \/ Bettkippfunktion<\/strong> kann vor dem Kauf des Bettes nach Terminvereinbarung auch bei Ihnen zu Hause ausgiebig getestet werden. Nach dem Kauf des Bettes kann es von uns zu Ihnen nach Hause geliefert werden, oder direkt von uns verlassen werden, falls Sie sich nach dem Testen des Bettes f\u00fcr den Kauf des hohen niedrigen Bettes entscheiden.<\/p>\n<p style=\"text-align: left;\">Wollen Sie weitere Informationen oder einen Termin vereinbaren, um das Bett auszuprobieren? Dann kontaktieren Sie uns bitte \u00fcber: <a href=\"TEL:\/\/0102420913%20\">010-2420913 <\/a>oder senden Sie uns eine E-Mail: <a href=\"mailto:info@homecareinnovation.com\">info@homecareinnovation.com<\/a><\/p>\n<p>&nbsp;<\/p>\n<p>[\/vc_column_text][vc_btn title=&#8221;Sehen Sie hier unser mobilia Pflegebett&#8221; style=&#8221;modern&#8221; size=&#8221;lg&#8221; skin=&#8221;primary&#8221; link=&#8221;url:%2Fde%2Fprodukt%2Fmobilia-typ-cura-plus-mit-extra-stand-auf-funktion%2F&#8221;][\/vc_column][\/vc_row][vc_row css=&#8221;.vc_custom_1599577209476{margin-top: 10px !important;}&#8221;][vc_column width=&#8221;1\/2&#8243;][vc_single_image image=&#8221;13745&#8243; img_size=&#8221;full&#8221; onclick=&#8221;link_image&#8221;][\/vc_column][vc_column width=&#8221;1\/2&#8243;][vc_column_text]<\/p>\n<h3>Die Vorteile eines Pflegebettes:<\/h3>\n<ul>\n<li>Geringere Belastung f\u00fcr das Pflegepersonal<\/li>\n<li>Die Pflegebetten sind vollelektrisch<\/li>\n<li>In den meisten F\u00e4llen sind unsere Pflegebetten mit einer zus\u00e4tzlichen Bettstrebe f\u00fcr mehr Unterst\u00fctzung ausgestattet<\/li>\n<li>Einfacher Transfer zum und vom Bett<\/li>\n<li>Die rotierenden Krankenhausbetten stellen sicher, dass Patienten oder pflegebed\u00fcrftige Personen v\u00f6llig selbst\u00e4ndig oder mit minimaler Unterst\u00fctzung aus ihren Betten aufstehen k\u00f6nnen.<\/li>\n<li>Signifikante Verbesserung der Mobilit\u00e4t dank der schwenkbaren Liegefl\u00e4che und Aufstehfunktion der Krankenhausbetten<\/li>\n<li>Geringere Pflegelast von Familienmitgliedern, Krankenschwestern und Patienten<\/li>\n<li>Sicherer \u00dcbergang f\u00fcr Pflegebed\u00fcrftige<\/li>\n<li>Die Benutzung des Pflegebettes ist ziemlich einfach und selbsterkl\u00e4rend<\/li>\n<li>Es gibt auch eine Variante f\u00fcr adip\u00f6se Menschen!<\/li>\n<\/ul>\n<p>&nbsp;<\/p>\n<p>[\/vc_column_text][\/vc_column][\/vc_row]<\/p>\n<\/div>","protected":false},"excerpt":{"rendered":"<p>[vc_row full_width=&#8221;stretch_row&#8221; css=&#8221;.vc_custom_1599564524167{padding-top: 60px !important;padding-bottom: 40px !important;background: #4a4947 url(https:\/\/homecareinnovation.com\/wp-content\/uploads\/2020\/09\/mobilia-cura-home-min.1200x500x1-1.jpg?id=2559) !important;background-position: center !important;background-repeat: no-repeat !important;background-size: cover !important;}&#8221; el_class=&#8221;category-banner&#8221;][vc_column][\/vc_column][\/vc_row][vc_row css=&#8221;.vc_custom_1599576011591{margin-top: 30px !important;}&#8221;][vc_column width=&#8221;2\/3&#8243;][vc_column_text] In Pflegeheimen ist es leider immer noch h\u00e4ufig der Fall, dass der Pflegende bei der Betreuung seiner Patienten viel Last zu tragen hat. In vielen F\u00e4llen kann dies zu langfristigen K\u00f6rperbeschwerden der Pflegeperson f\u00fchren, [&hellip;]<\/p>\n","protected":false},"author":1,"featured_media":0,"parent":0,"menu_order":0,"comment_status":"closed","ping_status":"closed","template":"","meta":{"footnotes":""},"class_list":["post-14523","page","type-page","status-publish","hentry"],"yoast_head":"<!-- This site is optimized with the Yoast SEO plugin v27.3 - https:\/\/yoast.com\/product\/yoast-seo-wordpress\/ -->\n<title>Pflegebetten entlasten das pflegepersonal | Schwenkbares bett<\/title>\n<meta name=\"description\" content=\"Die drehbaren pflegebetten mit aufstehhilfe entlasten das pflegepersonal. Die revolving-pflegebetten sind in ihrer funktionsweise einzigartig. Lesen sie den artikel \u00fcber rotierende pflegebetten auf unserer website und fahren sie mit der seite fort. Einzigartiges hohes, niedriges mobiles bett mit zus\u00e4tzlicher aufstehfunktion.\" \/>\n<meta name=\"robots\" content=\"index, follow, max-snippet:-1, max-image-preview:large, max-video-preview:-1\" \/>\n<link rel=\"canonical\" href=\"https:\/\/homecareinnovation.com\/de\/pflegebetten-und-krankenhausbetten-die-die-belastung-des-pflegepersonals-verringern\/\" \/>\n<meta property=\"og:locale\" content=\"de_DE\" \/>\n<meta property=\"og:type\" content=\"article\" \/>\n<meta property=\"og:title\" content=\"Pflegebetten entlasten das pflegepersonal | Schwenkbares bett\" \/>\n<meta property=\"og:description\" content=\"Die drehbaren pflegebetten mit aufstehhilfe entlasten das pflegepersonal. Die revolving-pflegebetten sind in ihrer funktionsweise einzigartig. Lesen sie den artikel \u00fcber rotierende pflegebetten auf unserer website und fahren sie mit der seite fort. Einzigartiges hohes, niedriges mobiles bett mit zus\u00e4tzlicher aufstehfunktion.\" \/>\n<meta property=\"og:url\" content=\"https:\/\/homecareinnovation.com\/de\/pflegebetten-und-krankenhausbetten-die-die-belastung-des-pflegepersonals-verringern\/\" \/>\n<meta property=\"og:site_name\" content=\"HomeCare Innovation BV\" \/>\n<meta property=\"article:publisher\" content=\"https:\/\/www.facebook.com\/HomeCareInnovationBV\/\" \/>\n<meta property=\"article:modified_time\" content=\"2020-12-01T09:36:31+00:00\" \/>\n<meta name=\"twitter:card\" content=\"summary_large_image\" \/>\n<meta name=\"twitter:label1\" content=\"Gesch\u00e4tzte Lesezeit\" \/>\n\t<meta name=\"twitter:data1\" content=\"5\u00a0Minuten\" \/>\n<script type=\"application\/ld+json\" class=\"yoast-schema-graph\">{\"@context\":\"https:\\\/\\\/schema.org\",\"@graph\":[{\"@type\":\"WebPage\",\"@id\":\"https:\\\/\\\/homecareinnovation.com\\\/de\\\/pflegebetten-und-krankenhausbetten-die-die-belastung-des-pflegepersonals-verringern\\\/\",\"url\":\"https:\\\/\\\/homecareinnovation.com\\\/de\\\/pflegebetten-und-krankenhausbetten-die-die-belastung-des-pflegepersonals-verringern\\\/\",\"name\":\"Pflegebetten entlasten das pflegepersonal | Schwenkbares bett\",\"isPartOf\":{\"@id\":\"https:\\\/\\\/homecareinnovation.com\\\/de\\\/#website\"},\"datePublished\":\"2020-11-17T08:19:41+00:00\",\"dateModified\":\"2020-12-01T09:36:31+00:00\",\"description\":\"Die drehbaren pflegebetten mit aufstehhilfe entlasten das pflegepersonal. Die revolving-pflegebetten sind in ihrer funktionsweise einzigartig. Lesen sie den artikel \u00fcber rotierende pflegebetten auf unserer website und fahren sie mit der seite fort. Einzigartiges hohes, niedriges mobiles bett mit zus\u00e4tzlicher aufstehfunktion.\",\"breadcrumb\":{\"@id\":\"https:\\\/\\\/homecareinnovation.com\\\/de\\\/pflegebetten-und-krankenhausbetten-die-die-belastung-des-pflegepersonals-verringern\\\/#breadcrumb\"},\"inLanguage\":\"de\",\"potentialAction\":[{\"@type\":\"ReadAction\",\"target\":[\"https:\\\/\\\/homecareinnovation.com\\\/de\\\/pflegebetten-und-krankenhausbetten-die-die-belastung-des-pflegepersonals-verringern\\\/\"]}]},{\"@type\":\"BreadcrumbList\",\"@id\":\"https:\\\/\\\/homecareinnovation.com\\\/de\\\/pflegebetten-und-krankenhausbetten-die-die-belastung-des-pflegepersonals-verringern\\\/#breadcrumb\",\"itemListElement\":[{\"@type\":\"ListItem\",\"position\":1,\"name\":\"Home\",\"item\":\"https:\\\/\\\/homecareinnovation.com\\\/de\\\/\"},{\"@type\":\"ListItem\",\"position\":2,\"name\":\"Pflegebetten und krankenhausbetten, die die Belastung des pflegepersonals verringern\"}]},{\"@type\":\"WebSite\",\"@id\":\"https:\\\/\\\/homecareinnovation.com\\\/de\\\/#website\",\"url\":\"https:\\\/\\\/homecareinnovation.com\\\/de\\\/\",\"name\":\"HomeCare Innovation BV\",\"description\":\"Gro\u00dfh\u00e4ndler f\u00fcr Hilfsmittel f\u00fcr \u00e4ltere und behinderte Menschen\",\"publisher\":{\"@id\":\"https:\\\/\\\/homecareinnovation.com\\\/de\\\/#organization\"},\"potentialAction\":[{\"@type\":\"SearchAction\",\"target\":{\"@type\":\"EntryPoint\",\"urlTemplate\":\"https:\\\/\\\/homecareinnovation.com\\\/de\\\/?s={search_term_string}\"},\"query-input\":{\"@type\":\"PropertyValueSpecification\",\"valueRequired\":true,\"valueName\":\"search_term_string\"}}],\"inLanguage\":\"de\"},{\"@type\":\"Organization\",\"@id\":\"https:\\\/\\\/homecareinnovation.com\\\/de\\\/#organization\",\"name\":\"HomeCare Innovation BV\",\"url\":\"https:\\\/\\\/homecareinnovation.com\\\/de\\\/\",\"logo\":{\"@type\":\"ImageObject\",\"inLanguage\":\"de\",\"@id\":\"https:\\\/\\\/homecareinnovation.com\\\/de\\\/#\\\/schema\\\/logo\\\/image\\\/\",\"url\":\"https:\\\/\\\/homecareinnovation.com\\\/wp-content\\\/uploads\\\/2021\\\/03\\\/HOME-CARE-LOGO-originele-kleur-klein.png\",\"contentUrl\":\"https:\\\/\\\/homecareinnovation.com\\\/wp-content\\\/uploads\\\/2021\\\/03\\\/HOME-CARE-LOGO-originele-kleur-klein.png\",\"width\":1000,\"height\":357,\"caption\":\"HomeCare Innovation BV\"},\"image\":{\"@id\":\"https:\\\/\\\/homecareinnovation.com\\\/de\\\/#\\\/schema\\\/logo\\\/image\\\/\"},\"sameAs\":[\"https:\\\/\\\/www.facebook.com\\\/HomeCareInnovationBV\\\/\",\"https:\\\/\\\/www.instagram.com\\\/homecareinnovation\\\/\",\"https:\\\/\\\/www.youtube.com\\\/channel\\\/UCg5pUSP6YEDGR5KtKeZe7nw\"]}]}<\/script>\n<!-- \/ Yoast SEO plugin. -->","yoast_head_json":{"title":"Pflegebetten entlasten das pflegepersonal | Schwenkbares bett","description":"Die drehbaren pflegebetten mit aufstehhilfe entlasten das pflegepersonal. Die revolving-pflegebetten sind in ihrer funktionsweise einzigartig. Lesen sie den artikel \u00fcber rotierende pflegebetten auf unserer website und fahren sie mit der seite fort. Einzigartiges hohes, niedriges mobiles bett mit zus\u00e4tzlicher aufstehfunktion.","robots":{"index":"index","follow":"follow","max-snippet":"max-snippet:-1","max-image-preview":"max-image-preview:large","max-video-preview":"max-video-preview:-1"},"canonical":"https:\/\/homecareinnovation.com\/de\/pflegebetten-und-krankenhausbetten-die-die-belastung-des-pflegepersonals-verringern\/","og_locale":"de_DE","og_type":"article","og_title":"Pflegebetten entlasten das pflegepersonal | Schwenkbares bett","og_description":"Die drehbaren pflegebetten mit aufstehhilfe entlasten das pflegepersonal. Die revolving-pflegebetten sind in ihrer funktionsweise einzigartig. Lesen sie den artikel \u00fcber rotierende pflegebetten auf unserer website und fahren sie mit der seite fort. Einzigartiges hohes, niedriges mobiles bett mit zus\u00e4tzlicher aufstehfunktion.","og_url":"https:\/\/homecareinnovation.com\/de\/pflegebetten-und-krankenhausbetten-die-die-belastung-des-pflegepersonals-verringern\/","og_site_name":"HomeCare Innovation BV","article_publisher":"https:\/\/www.facebook.com\/HomeCareInnovationBV\/","article_modified_time":"2020-12-01T09:36:31+00:00","twitter_card":"summary_large_image","twitter_misc":{"Gesch\u00e4tzte Lesezeit":"5\u00a0Minuten"},"schema":{"@context":"https:\/\/schema.org","@graph":[{"@type":"WebPage","@id":"https:\/\/homecareinnovation.com\/de\/pflegebetten-und-krankenhausbetten-die-die-belastung-des-pflegepersonals-verringern\/","url":"https:\/\/homecareinnovation.com\/de\/pflegebetten-und-krankenhausbetten-die-die-belastung-des-pflegepersonals-verringern\/","name":"Pflegebetten entlasten das pflegepersonal | Schwenkbares bett","isPartOf":{"@id":"https:\/\/homecareinnovation.com\/de\/#website"},"datePublished":"2020-11-17T08:19:41+00:00","dateModified":"2020-12-01T09:36:31+00:00","description":"Die drehbaren pflegebetten mit aufstehhilfe entlasten das pflegepersonal. Die revolving-pflegebetten sind in ihrer funktionsweise einzigartig. Lesen sie den artikel \u00fcber rotierende pflegebetten auf unserer website und fahren sie mit der seite fort. Einzigartiges hohes, niedriges mobiles bett mit zus\u00e4tzlicher aufstehfunktion.","breadcrumb":{"@id":"https:\/\/homecareinnovation.com\/de\/pflegebetten-und-krankenhausbetten-die-die-belastung-des-pflegepersonals-verringern\/#breadcrumb"},"inLanguage":"de","potentialAction":[{"@type":"ReadAction","target":["https:\/\/homecareinnovation.com\/de\/pflegebetten-und-krankenhausbetten-die-die-belastung-des-pflegepersonals-verringern\/"]}]},{"@type":"BreadcrumbList","@id":"https:\/\/homecareinnovation.com\/de\/pflegebetten-und-krankenhausbetten-die-die-belastung-des-pflegepersonals-verringern\/#breadcrumb","itemListElement":[{"@type":"ListItem","position":1,"name":"Home","item":"https:\/\/homecareinnovation.com\/de\/"},{"@type":"ListItem","position":2,"name":"Pflegebetten und krankenhausbetten, die die Belastung des pflegepersonals verringern"}]},{"@type":"WebSite","@id":"https:\/\/homecareinnovation.com\/de\/#website","url":"https:\/\/homecareinnovation.com\/de\/","name":"HomeCare Innovation BV","description":"Gro\u00dfh\u00e4ndler f\u00fcr Hilfsmittel f\u00fcr \u00e4ltere und behinderte Menschen","publisher":{"@id":"https:\/\/homecareinnovation.com\/de\/#organization"},"potentialAction":[{"@type":"SearchAction","target":{"@type":"EntryPoint","urlTemplate":"https:\/\/homecareinnovation.com\/de\/?s={search_term_string}"},"query-input":{"@type":"PropertyValueSpecification","valueRequired":true,"valueName":"search_term_string"}}],"inLanguage":"de"},{"@type":"Organization","@id":"https:\/\/homecareinnovation.com\/de\/#organization","name":"HomeCare Innovation BV","url":"https:\/\/homecareinnovation.com\/de\/","logo":{"@type":"ImageObject","inLanguage":"de","@id":"https:\/\/homecareinnovation.com\/de\/#\/schema\/logo\/image\/","url":"https:\/\/homecareinnovation.com\/wp-content\/uploads\/2021\/03\/HOME-CARE-LOGO-originele-kleur-klein.png","contentUrl":"https:\/\/homecareinnovation.com\/wp-content\/uploads\/2021\/03\/HOME-CARE-LOGO-originele-kleur-klein.png","width":1000,"height":357,"caption":"HomeCare Innovation BV"},"image":{"@id":"https:\/\/homecareinnovation.com\/de\/#\/schema\/logo\/image\/"},"sameAs":["https:\/\/www.facebook.com\/HomeCareInnovationBV\/","https:\/\/www.instagram.com\/homecareinnovation\/","https:\/\/www.youtube.com\/channel\/UCg5pUSP6YEDGR5KtKeZe7nw"]}]}},"_links":{"self":[{"href":"https:\/\/homecareinnovation.com\/de\/wp-json\/wp\/v2\/pages\/14523","targetHints":{"allow":["GET"]}}],"collection":[{"href":"https:\/\/homecareinnovation.com\/de\/wp-json\/wp\/v2\/pages"}],"about":[{"href":"https:\/\/homecareinnovation.com\/de\/wp-json\/wp\/v2\/types\/page"}],"author":[{"embeddable":true,"href":"https:\/\/homecareinnovation.com\/de\/wp-json\/wp\/v2\/users\/1"}],"replies":[{"embeddable":true,"href":"https:\/\/homecareinnovation.com\/de\/wp-json\/wp\/v2\/comments?post=14523"}],"version-history":[{"count":0,"href":"https:\/\/homecareinnovation.com\/de\/wp-json\/wp\/v2\/pages\/14523\/revisions"}],"wp:attachment":[{"href":"https:\/\/homecareinnovation.com\/de\/wp-json\/wp\/v2\/media?parent=14523"}],"curies":[{"name":"wp","href":"https:\/\/api.w.org\/{rel}","templated":true}]}}