{"id":25613,"date":"2021-01-13T08:18:09","date_gmt":"2021-01-13T08:18:09","guid":{"rendered":"https:\/\/homecareinnovation.com\/gesamteinrichtung-pflegeeinrichtungen\/"},"modified":"2021-01-13T08:22:28","modified_gmt":"2021-01-13T08:22:28","slug":"gesamteinrichtung-pflegeeinrichtungen","status":"publish","type":"page","link":"https:\/\/homecareinnovation.com\/de\/gesamteinrichtung-pflegeeinrichtungen\/","title":{"rendered":"Gesamteinrichtung &#8211; Pflegeeinrichtungen"},"content":{"rendered":"<div class=\"wpb-content-wrapper\"><p>[vc_row][vc_column][vc_single_image image=&#8221;25344&#8243; img_size=&#8221;2500&#215;300&#8243;][\/vc_column][\/vc_row][vc_row][vc_column]<div class=\"porto-u-heading  wpb_custom_95aa9a11c17ad45cfabaf210d84ee7cc porto-u-55ca8359258f9a412be7e73af65d2aac \"><div class=\"porto-u-main-heading\"><h2   style=\"font-family:Oswald; font-weight:400; font-style:normal; font-weight:400;color:#000000;margin-bottom: 15px;font-size:26px;\">KOMPLETTL\u00d6SUNGEN<\/h2><\/div><div class=\"porto-u-sub-heading\" style=\"color: #000000;margin-bottom:60px;font-size:14px;line-height:28px;\">HomeCare Innovation bietet L\u00f6sungen f\u00fcr Pflegehotels, Pflegeeinrichtungen, Pflegeheime und Hospize, aber auch f\u00fcr Privatpersonen, wenn Sie Ihr eigenes Bad, Schlafzimmer und\/oder Ihre K\u00fcche anpassen m\u00f6chten. Dar\u00fcber hinaus werden unsere Produkte oft von Innenarchitekten verwendet, die ein Projekt f\u00fcr ihre Kunden, ggf. Pflegeeinrichtungen, durchf\u00fchren. HomeCare Innovation macht Ihre Einrichtung nicht nur f\u00fcr Rollstuhlfahrer, behinderte oder \u00e4ltere Menschen zug\u00e4nglich, sondern schafft auch eine wohnliche und gem\u00fctliche Atmosph\u00e4re.<\/div><style>.porto-u-55ca8359258f9a412be7e73af65d2aac.porto-u-heading{text-align:center}<\/style><\/div>[vc_separator][vc_empty_space][vc_empty_space][\/vc_column][\/vc_row][vc_row][vc_column width=&#8221;1\/3&#8243;][vc_single_image image=&#8221;22011&#8243; img_size=&#8221;500&#215;500&#8243; onclick=&#8221;custom_link&#8221; link=&#8221;https:\/\/homecareinnovation.com\/de\/hoch-niedrig-angepasste-behindertengerechte-kuechen\/&#8221; label=&#8221;&#8221;][vc_column_text]<\/p>\n<h2>K\u00fcche<\/h2>\n<p>HomeCare Innovation bietet u.a. Arbeitsplattenlifte an, die es erleichtern, als Rollstuhlfahrer die Arbeitsplatte zu nutzen. Aber auch z.B. K\u00fcchenschranklifte, die daf\u00fcr sorgen, dass die K\u00fcchenschr\u00e4nke auf eine arbeitsf\u00e4hige H\u00f6he f\u00fcr alle Bewohner angehoben werden k\u00f6nnen. Und das alles auf Knopfdruck!<\/p>\n<p>[\/vc_column_text][vc_btn title=&#8221;Klicken Sie hier f\u00fcr mehr&#8221; shape=&#8221;round&#8221; color=&#8221;primary&#8221; align=&#8221;center&#8221; link=&#8221;url:https%3A%2F%2Fhomecareinnovation.com%2Fde%2Fhoch-niedrig-angepasste-behindertengerechte-kuechen%2F|&#8221;][\/vc_column][vc_column width=&#8221;1\/3&#8243;][vc_single_image image=&#8221;25350&#8243; img_size=&#8221;500&#215;500&#8243; onclick=&#8221;custom_link&#8221; link=&#8221;https:\/\/homecareinnovation.com\/de\/gesamtmoeblierung-badezimmer\/&#8221; label=&#8221;&#8221;][vc_column_text]<\/p>\n<h2>Badezimmer<\/h2>\n<p>HomeCare Innovation kann auch daf\u00fcr sorgen, dass Badezimmer absolut sicher und benutzerfreundlich f\u00fcr Rollstuhlfahrer, behinderte und \u00e4ltere Menschen sind. Zum Beispiel durch den Einbau von Toilettenliften, Duschsitzen und\/oder Wandhalterungen. Nat\u00fcrlich gibt es auch andere Produkte, die Ihnen helfen, Ihr Bad so benutzerfreundlich wie m\u00f6glich zu gestalten.<\/p>\n<p>[\/vc_column_text][vc_btn title=&#8221;Klicken Sie hier f\u00fcr mehr&#8221; shape=&#8221;round&#8221; color=&#8221;primary&#8221; align=&#8221;center&#8221; link=&#8221;url:https%3A%2F%2Fhomecareinnovation.com%2Fde%2Fgesamtmoeblierung-badezimmer%2F|&#8221;][\/vc_column][vc_column width=&#8221;1\/3&#8243;][vc_single_image image=&#8221;25356&#8243; img_size=&#8221;500&#215;500&#8243; onclick=&#8221;custom_link&#8221; link=&#8221;https:\/\/homecareinnovation.com\/de\/gesamtmoeblierung-schlafzimmer\/&#8221; label=&#8221;&#8221;][vc_column_text]<\/p>\n<h2>Schlafzimmer<\/h2>\n<p>Durch das Aufstellen von verschiedenen Pflegebetten oder Beinliftern, die Ihnen beim Ein- und Aussteigen helfen, kann sichergestellt werden, dass das Schlafzimmer wieder selbstst\u00e4ndig genutzt werden kann. Auch eine Bettauflage oder ein Betttisch ist zum Beispiel eine der M\u00f6glichkeiten, das Schlafzimmer f\u00fcr Sie oder andere voll zug\u00e4nglich zu machen.<\/p>\n<p>[\/vc_column_text][vc_btn title=&#8221;Klicken Sie hier f\u00fcr mehr&#8221; shape=&#8221;round&#8221; color=&#8221;primary&#8221; align=&#8221;center&#8221; link=&#8221;url:https%3A%2F%2Fhomecareinnovation.com%2Fde%2Fgesamtmoeblierung-schlafzimmer%2F|&#8221;][\/vc_column][\/vc_row][vc_row full_width=&#8221;stretch_row_content_no_spaces&#8221; el_class=&#8221;p-t-none&#8221;][vc_column][vc_empty_space][vc_empty_space][vc_separator][vc_empty_space][vc_empty_space]<div class=\"porto-carousel owl-carousel has-ccols has-ccols-spacing ccols-xl-6 ccols-lg-6 ccols-md-3 ccols-sm-2 ccols-1 custom-carousel stage-margin wpb_custom_70a89e142ccf56dcd4c7bfc4b40db368\" data-plugin-options=\"{&quot;themeConfig&quot;:true,&quot;stagePadding&quot;:40,&quot;margin&quot;:10,&quot;autoplay&quot;:&quot;yes&quot;,&quot;mouseDrag&quot;:true,&quot;touchDrag&quot;:true,&quot;autoplayTimeout&quot;:1500,&quot;autoplayHoverPause&quot;:&quot;true&quot;,&quot;items&quot;:6,&quot;xl&quot;:6,&quot;lg&quot;:6,&quot;md&quot;:3,&quot;sm&quot;:2,&quot;xs&quot;:1,&quot;nav&quot;:&quot;yes&quot;,&quot;dots&quot;:false,&quot;animateIn&quot;:&quot;&quot;,&quot;animateOut&quot;:&quot;&quot;,&quot;loop&quot;:&quot;yes&quot;,&quot;center&quot;:false,&quot;video&quot;:false,&quot;lazyLoad&quot;:false,&quot;fullscreen&quot;:false}\">[vc_single_image image=&#8221;15512&#8243; img_size=&#8221;400&#215;400&#8243; onclick=&#8221;img_link_large&#8221; lightbox=&#8221;yes&#8221; image_gallery=&#8221;yes&#8221; hover_effect=&#8221;yes&#8221; el_class=&#8221;porto-vc-plus&#8221;][vc_single_image image=&#8221;25410&#8243; img_size=&#8221;400&#215;400&#8243; onclick=&#8221;img_link_large&#8221; lightbox=&#8221;yes&#8221; image_gallery=&#8221;yes&#8221; hover_effect=&#8221;yes&#8221; el_class=&#8221;porto-vc-plus&#8221;][vc_single_image image=&#8221;25404&#8243; img_size=&#8221;400&#215;400&#8243; onclick=&#8221;img_link_large&#8221; lightbox=&#8221;yes&#8221; image_gallery=&#8221;yes&#8221; hover_effect=&#8221;yes&#8221; el_class=&#8221;porto-vc-plus&#8221;][vc_single_image image=&#8221;25398&#8243; img_size=&#8221;400&#215;400&#8243; onclick=&#8221;img_link_large&#8221; lightbox=&#8221;yes&#8221; image_gallery=&#8221;yes&#8221; hover_effect=&#8221;yes&#8221; el_class=&#8221;porto-vc-plus&#8221;][vc_single_image image=&#8221;22011&#8243; img_size=&#8221;400&#215;400&#8243; onclick=&#8221;img_link_large&#8221; lightbox=&#8221;yes&#8221; image_gallery=&#8221;yes&#8221; hover_effect=&#8221;yes&#8221; el_class=&#8221;porto-vc-plus&#8221;][vc_single_image image=&#8221;25344&#8243; img_size=&#8221;400&#215;400&#8243; onclick=&#8221;img_link_large&#8221; lightbox=&#8221;yes&#8221; image_gallery=&#8221;yes&#8221; hover_effect=&#8221;yes&#8221; el_class=&#8221;porto-vc-plus&#8221;][vc_single_image image=&#8221;25392&#8243; img_size=&#8221;400&#215;400&#8243; onclick=&#8221;img_link_large&#8221; lightbox=&#8221;yes&#8221; image_gallery=&#8221;yes&#8221; hover_effect=&#8221;yes&#8221; el_class=&#8221;porto-vc-plus&#8221;][vc_single_image image=&#8221;25386&#8243; img_size=&#8221;400&#215;400&#8243; onclick=&#8221;img_link_large&#8221; lightbox=&#8221;yes&#8221; image_gallery=&#8221;yes&#8221; hover_effect=&#8221;yes&#8221; el_class=&#8221;porto-vc-plus&#8221;][vc_single_image image=&#8221;25380&#8243; img_size=&#8221;400&#215;400&#8243; onclick=&#8221;img_link_large&#8221; lightbox=&#8221;yes&#8221; image_gallery=&#8221;yes&#8221; hover_effect=&#8221;yes&#8221; el_class=&#8221;porto-vc-plus&#8221;][vc_single_image image=&#8221;25374&#8243; img_size=&#8221;400&#215;400&#8243; onclick=&#8221;img_link_large&#8221; lightbox=&#8221;yes&#8221; image_gallery=&#8221;yes&#8221; hover_effect=&#8221;yes&#8221; el_class=&#8221;porto-vc-plus&#8221;][vc_single_image image=&#8221;25362&#8243; img_size=&#8221;400&#215;400&#8243; onclick=&#8221;img_link_large&#8221; lightbox=&#8221;yes&#8221; image_gallery=&#8221;yes&#8221; hover_effect=&#8221;yes&#8221; el_class=&#8221;porto-vc-plus&#8221;][vc_single_image image=&#8221;25416&#8243; img_size=&#8221;400&#215;400&#8243; onclick=&#8221;img_link_large&#8221; lightbox=&#8221;yes&#8221; image_gallery=&#8221;yes&#8221; hover_effect=&#8221;yes&#8221; el_class=&#8221;porto-vc-plus&#8221;][vc_single_image image=&#8221;14544&#8243; img_size=&#8221;400&#215;400&#8243; onclick=&#8221;img_link_large&#8221; lightbox=&#8221;yes&#8221; image_gallery=&#8221;yes&#8221; hover_effect=&#8221;yes&#8221; el_class=&#8221;porto-vc-plus&#8221;]<\/div>[\/vc_column][\/vc_row]<\/p>\n<\/div>","protected":false},"excerpt":{"rendered":"<p>[vc_row][vc_column][vc_single_image image=&#8221;25344&#8243; img_size=&#8221;2500&#215;300&#8243;][\/vc_column][\/vc_row][vc_row][vc_column][vc_separator][vc_empty_space][vc_empty_space][\/vc_column][\/vc_row][vc_row][vc_column width=&#8221;1\/3&#8243;][vc_single_image image=&#8221;22011&#8243; img_size=&#8221;500&#215;500&#8243; onclick=&#8221;custom_link&#8221; link=&#8221;https:\/\/homecareinnovation.com\/de\/hoch-niedrig-angepasste-behindertengerechte-kuechen\/&#8221; label=&#8221;&#8221;][vc_column_text] K\u00fcche HomeCare Innovation bietet u.a. Arbeitsplattenlifte an, die es erleichtern, als Rollstuhlfahrer die Arbeitsplatte zu nutzen. Aber auch z.B. K\u00fcchenschranklifte, die daf\u00fcr sorgen, dass die K\u00fcchenschr\u00e4nke auf eine arbeitsf\u00e4hige H\u00f6he f\u00fcr alle Bewohner angehoben werden k\u00f6nnen. Und das alles auf Knopfdruck! [\/vc_column_text][vc_btn title=&#8221;Klicken Sie hier f\u00fcr [&hellip;]<\/p>\n","protected":false},"author":5,"featured_media":0,"parent":0,"menu_order":0,"comment_status":"closed","ping_status":"closed","template":"","meta":{"footnotes":""},"class_list":["post-25613","page","type-page","status-publish","hentry"],"yoast_head":"<!-- This site is optimized with the Yoast SEO plugin v27.5 - https:\/\/yoast.com\/product\/yoast-seo-wordpress\/ -->\n<title>Gesamteinrichtung - Pflegeeinrichtungen - HomeCare Innovation BV<\/title>\n<meta name=\"robots\" content=\"index, follow, max-snippet:-1, max-image-preview:large, max-video-preview:-1\" \/>\n<link rel=\"canonical\" href=\"https:\/\/homecareinnovation.com\/de\/gesamteinrichtung-pflegeeinrichtungen\/\" \/>\n<meta property=\"og:locale\" content=\"de_DE\" \/>\n<meta property=\"og:type\" content=\"article\" \/>\n<meta property=\"og:title\" content=\"Gesamteinrichtung - Pflegeeinrichtungen - HomeCare Innovation BV\" \/>\n<meta property=\"og:description\" content=\"[vc_row][vc_column][vc_single_image image=&#8221;25344&#8243; img_size=&#8221;2500&#215;300&#8243;][\/vc_column][\/vc_row][vc_row][vc_column][vc_separator][vc_empty_space][vc_empty_space][\/vc_column][\/vc_row][vc_row][vc_column width=&#8221;1\/3&#8243;][vc_single_image image=&#8221;22011&#8243; img_size=&#8221;500&#215;500&#8243; onclick=&#8221;custom_link&#8221; link=&#8221;https:\/\/homecareinnovation.com\/de\/hoch-niedrig-angepasste-behindertengerechte-kuechen\/&#8221; label=&#8221;&#8221;][vc_column_text] K\u00fcche HomeCare Innovation bietet u.a. Arbeitsplattenlifte an, die es erleichtern, als Rollstuhlfahrer die Arbeitsplatte zu nutzen. Aber auch z.B. K\u00fcchenschranklifte, die daf\u00fcr sorgen, dass die K\u00fcchenschr\u00e4nke auf eine arbeitsf\u00e4hige H\u00f6he f\u00fcr alle Bewohner angehoben werden k\u00f6nnen. Und das alles auf Knopfdruck! [\/vc_column_text][vc_btn title=&#8221;Klicken Sie hier f\u00fcr [&hellip;]\" \/>\n<meta property=\"og:url\" content=\"https:\/\/homecareinnovation.com\/de\/gesamteinrichtung-pflegeeinrichtungen\/\" \/>\n<meta property=\"og:site_name\" content=\"HomeCare Innovation BV\" \/>\n<meta property=\"article:publisher\" content=\"https:\/\/www.facebook.com\/HomeCareInnovationBV\/\" \/>\n<meta property=\"article:modified_time\" content=\"2021-01-13T08:22:28+00:00\" \/>\n<meta name=\"twitter:card\" content=\"summary_large_image\" \/>\n<meta name=\"twitter:label1\" content=\"Gesch\u00e4tzte Lesezeit\" \/>\n\t<meta name=\"twitter:data1\" content=\"4\u00a0Minuten\" \/>\n<script type=\"application\/ld+json\" class=\"yoast-schema-graph\">{\"@context\":\"https:\\\/\\\/schema.org\",\"@graph\":[{\"@type\":\"WebPage\",\"@id\":\"https:\\\/\\\/homecareinnovation.com\\\/de\\\/gesamteinrichtung-pflegeeinrichtungen\\\/\",\"url\":\"https:\\\/\\\/homecareinnovation.com\\\/de\\\/gesamteinrichtung-pflegeeinrichtungen\\\/\",\"name\":\"Gesamteinrichtung - Pflegeeinrichtungen - HomeCare Innovation BV\",\"isPartOf\":{\"@id\":\"https:\\\/\\\/homecareinnovation.com\\\/de\\\/#website\"},\"datePublished\":\"2021-01-13T08:18:09+00:00\",\"dateModified\":\"2021-01-13T08:22:28+00:00\",\"breadcrumb\":{\"@id\":\"https:\\\/\\\/homecareinnovation.com\\\/de\\\/gesamteinrichtung-pflegeeinrichtungen\\\/#breadcrumb\"},\"inLanguage\":\"de\",\"potentialAction\":[{\"@type\":\"ReadAction\",\"target\":[\"https:\\\/\\\/homecareinnovation.com\\\/de\\\/gesamteinrichtung-pflegeeinrichtungen\\\/\"]}]},{\"@type\":\"BreadcrumbList\",\"@id\":\"https:\\\/\\\/homecareinnovation.com\\\/de\\\/gesamteinrichtung-pflegeeinrichtungen\\\/#breadcrumb\",\"itemListElement\":[{\"@type\":\"ListItem\",\"position\":1,\"name\":\"Home\",\"item\":\"https:\\\/\\\/homecareinnovation.com\\\/de\\\/\"},{\"@type\":\"ListItem\",\"position\":2,\"name\":\"Gesamteinrichtung &#8211; Pflegeeinrichtungen\"}]},{\"@type\":\"WebSite\",\"@id\":\"https:\\\/\\\/homecareinnovation.com\\\/de\\\/#website\",\"url\":\"https:\\\/\\\/homecareinnovation.com\\\/de\\\/\",\"name\":\"HomeCare Innovation BV\",\"description\":\"Gro\u00dfh\u00e4ndler f\u00fcr Hilfsmittel f\u00fcr \u00e4ltere und behinderte Menschen\",\"publisher\":{\"@id\":\"https:\\\/\\\/homecareinnovation.com\\\/de\\\/#organization\"},\"potentialAction\":[{\"@type\":\"SearchAction\",\"target\":{\"@type\":\"EntryPoint\",\"urlTemplate\":\"https:\\\/\\\/homecareinnovation.com\\\/de\\\/?s={search_term_string}\"},\"query-input\":{\"@type\":\"PropertyValueSpecification\",\"valueRequired\":true,\"valueName\":\"search_term_string\"}}],\"inLanguage\":\"de\"},{\"@type\":\"Organization\",\"@id\":\"https:\\\/\\\/homecareinnovation.com\\\/de\\\/#organization\",\"name\":\"HomeCare Innovation BV\",\"url\":\"https:\\\/\\\/homecareinnovation.com\\\/de\\\/\",\"logo\":{\"@type\":\"ImageObject\",\"inLanguage\":\"de\",\"@id\":\"https:\\\/\\\/homecareinnovation.com\\\/de\\\/#\\\/schema\\\/logo\\\/image\\\/\",\"url\":\"https:\\\/\\\/homecareinnovation.com\\\/wp-content\\\/uploads\\\/2021\\\/03\\\/HOME-CARE-LOGO-originele-kleur-klein.png\",\"contentUrl\":\"https:\\\/\\\/homecareinnovation.com\\\/wp-content\\\/uploads\\\/2021\\\/03\\\/HOME-CARE-LOGO-originele-kleur-klein.png\",\"width\":1000,\"height\":357,\"caption\":\"HomeCare Innovation BV\"},\"image\":{\"@id\":\"https:\\\/\\\/homecareinnovation.com\\\/de\\\/#\\\/schema\\\/logo\\\/image\\\/\"},\"sameAs\":[\"https:\\\/\\\/www.facebook.com\\\/HomeCareInnovationBV\\\/\",\"https:\\\/\\\/www.instagram.com\\\/homecareinnovation\\\/\",\"https:\\\/\\\/www.youtube.com\\\/channel\\\/UCg5pUSP6YEDGR5KtKeZe7nw\"]}]}<\/script>\n<!-- \/ Yoast SEO plugin. -->","yoast_head_json":{"title":"Gesamteinrichtung - Pflegeeinrichtungen - HomeCare Innovation BV","robots":{"index":"index","follow":"follow","max-snippet":"max-snippet:-1","max-image-preview":"max-image-preview:large","max-video-preview":"max-video-preview:-1"},"canonical":"https:\/\/homecareinnovation.com\/de\/gesamteinrichtung-pflegeeinrichtungen\/","og_locale":"de_DE","og_type":"article","og_title":"Gesamteinrichtung - Pflegeeinrichtungen - HomeCare Innovation BV","og_description":"[vc_row][vc_column][vc_single_image image=&#8221;25344&#8243; img_size=&#8221;2500&#215;300&#8243;][\/vc_column][\/vc_row][vc_row][vc_column][vc_separator][vc_empty_space][vc_empty_space][\/vc_column][\/vc_row][vc_row][vc_column width=&#8221;1\/3&#8243;][vc_single_image image=&#8221;22011&#8243; img_size=&#8221;500&#215;500&#8243; onclick=&#8221;custom_link&#8221; link=&#8221;https:\/\/homecareinnovation.com\/de\/hoch-niedrig-angepasste-behindertengerechte-kuechen\/&#8221; label=&#8221;&#8221;][vc_column_text] K\u00fcche HomeCare Innovation bietet u.a. Arbeitsplattenlifte an, die es erleichtern, als Rollstuhlfahrer die Arbeitsplatte zu nutzen. Aber auch z.B. K\u00fcchenschranklifte, die daf\u00fcr sorgen, dass die K\u00fcchenschr\u00e4nke auf eine arbeitsf\u00e4hige H\u00f6he f\u00fcr alle Bewohner angehoben werden k\u00f6nnen. Und das alles auf Knopfdruck! [\/vc_column_text][vc_btn title=&#8221;Klicken Sie hier f\u00fcr [&hellip;]","og_url":"https:\/\/homecareinnovation.com\/de\/gesamteinrichtung-pflegeeinrichtungen\/","og_site_name":"HomeCare Innovation BV","article_publisher":"https:\/\/www.facebook.com\/HomeCareInnovationBV\/","article_modified_time":"2021-01-13T08:22:28+00:00","twitter_card":"summary_large_image","twitter_misc":{"Gesch\u00e4tzte Lesezeit":"4\u00a0Minuten"},"schema":{"@context":"https:\/\/schema.org","@graph":[{"@type":"WebPage","@id":"https:\/\/homecareinnovation.com\/de\/gesamteinrichtung-pflegeeinrichtungen\/","url":"https:\/\/homecareinnovation.com\/de\/gesamteinrichtung-pflegeeinrichtungen\/","name":"Gesamteinrichtung - Pflegeeinrichtungen - HomeCare Innovation BV","isPartOf":{"@id":"https:\/\/homecareinnovation.com\/de\/#website"},"datePublished":"2021-01-13T08:18:09+00:00","dateModified":"2021-01-13T08:22:28+00:00","breadcrumb":{"@id":"https:\/\/homecareinnovation.com\/de\/gesamteinrichtung-pflegeeinrichtungen\/#breadcrumb"},"inLanguage":"de","potentialAction":[{"@type":"ReadAction","target":["https:\/\/homecareinnovation.com\/de\/gesamteinrichtung-pflegeeinrichtungen\/"]}]},{"@type":"BreadcrumbList","@id":"https:\/\/homecareinnovation.com\/de\/gesamteinrichtung-pflegeeinrichtungen\/#breadcrumb","itemListElement":[{"@type":"ListItem","position":1,"name":"Home","item":"https:\/\/homecareinnovation.com\/de\/"},{"@type":"ListItem","position":2,"name":"Gesamteinrichtung &#8211; Pflegeeinrichtungen"}]},{"@type":"WebSite","@id":"https:\/\/homecareinnovation.com\/de\/#website","url":"https:\/\/homecareinnovation.com\/de\/","name":"HomeCare Innovation BV","description":"Gro\u00dfh\u00e4ndler f\u00fcr Hilfsmittel f\u00fcr \u00e4ltere und behinderte Menschen","publisher":{"@id":"https:\/\/homecareinnovation.com\/de\/#organization"},"potentialAction":[{"@type":"SearchAction","target":{"@type":"EntryPoint","urlTemplate":"https:\/\/homecareinnovation.com\/de\/?s={search_term_string}"},"query-input":{"@type":"PropertyValueSpecification","valueRequired":true,"valueName":"search_term_string"}}],"inLanguage":"de"},{"@type":"Organization","@id":"https:\/\/homecareinnovation.com\/de\/#organization","name":"HomeCare Innovation BV","url":"https:\/\/homecareinnovation.com\/de\/","logo":{"@type":"ImageObject","inLanguage":"de","@id":"https:\/\/homecareinnovation.com\/de\/#\/schema\/logo\/image\/","url":"https:\/\/homecareinnovation.com\/wp-content\/uploads\/2021\/03\/HOME-CARE-LOGO-originele-kleur-klein.png","contentUrl":"https:\/\/homecareinnovation.com\/wp-content\/uploads\/2021\/03\/HOME-CARE-LOGO-originele-kleur-klein.png","width":1000,"height":357,"caption":"HomeCare Innovation BV"},"image":{"@id":"https:\/\/homecareinnovation.com\/de\/#\/schema\/logo\/image\/"},"sameAs":["https:\/\/www.facebook.com\/HomeCareInnovationBV\/","https:\/\/www.instagram.com\/homecareinnovation\/","https:\/\/www.youtube.com\/channel\/UCg5pUSP6YEDGR5KtKeZe7nw"]}]}},"_links":{"self":[{"href":"https:\/\/homecareinnovation.com\/de\/wp-json\/wp\/v2\/pages\/25613","targetHints":{"allow":["GET"]}}],"collection":[{"href":"https:\/\/homecareinnovation.com\/de\/wp-json\/wp\/v2\/pages"}],"about":[{"href":"https:\/\/homecareinnovation.com\/de\/wp-json\/wp\/v2\/types\/page"}],"author":[{"embeddable":true,"href":"https:\/\/homecareinnovation.com\/de\/wp-json\/wp\/v2\/users\/5"}],"replies":[{"embeddable":true,"href":"https:\/\/homecareinnovation.com\/de\/wp-json\/wp\/v2\/comments?post=25613"}],"version-history":[{"count":0,"href":"https:\/\/homecareinnovation.com\/de\/wp-json\/wp\/v2\/pages\/25613\/revisions"}],"wp:attachment":[{"href":"https:\/\/homecareinnovation.com\/de\/wp-json\/wp\/v2\/media?parent=25613"}],"curies":[{"name":"wp","href":"https:\/\/api.w.org\/{rel}","templated":true}]}}