{"id":22115,"date":"2020-12-15T12:58:15","date_gmt":"2020-12-15T12:58:15","guid":{"rendered":"https:\/\/homecareinnovation.com\/contact\/"},"modified":"2020-12-15T12:58:16","modified_gmt":"2020-12-15T12:58:16","slug":"contact","status":"publish","type":"page","link":"https:\/\/homecareinnovation.com\/es\/contact\/","title":{"rendered":"Contact"},"content":{"rendered":"<div class=\"wpb-content-wrapper\"><p>[vc_row full_width=&#8221;stretch_row&#8221; full_height=&#8221;yes&#8221; parallax=&#8221;content-moving&#8221; parallax_image=&#8221;2582&#8243; css=&#8221;.vc_custom_1599635449359{background-position: center;background-repeat: no-repeat !important;background-size: cover !important;}&#8221;]<\/p>\n<p>[vc_column][vc_column_text]<\/p>\n<h2 style=\"text-align: center;\"><span style=\"color: #ffffff;\">Contacto:<\/span><\/h2>\n<p style=\"text-align: center;\"><span style=\"color: #ffffff;\">Para preguntas, siempre puede contactarnos llamando:<\/span><\/p>\n<p style=\"text-align: center;\"><span style=\"color: #ffffff;\"><a style=\"color: #ffffff;\" href=\"tel:\/\/010-2420913\"><strong><span style=\"text-decoration: underline;\">010-2420913<\/span><\/strong><\/a> o enviar un correo electr\u00f3nico a <strong><span style=\"text-decoration: underline;\"><a style=\"color: #ffffff; text-decoration: underline;\" href=\"mailto:info@homecareinnovation.com\">info@homecareinnovation.com<\/a><\/span><\/strong>.<\/span><\/p>\n<p style=\"text-align: center;\"><span style=\"color: #ffffff;\"><strong>Our address details:<\/strong><\/span><\/p>\n<p style=\"text-align: center;\"><span style=\"color: #ffffff;\">Venkelbaan 22<br \/><\/span><span style=\"color: #ffffff;\">2908 KE Capelle aan den IJssel<br \/><\/span><span style=\"color: #ffffff;\"> The Netherlands<\/span><\/p>\n<p>&nbsp;<\/p>\n<p>[\/vc_column_text][\/vc_column]<\/p>\n<p>[\/vc_row][vc_row]<\/p>\n<p>[vc_column]\n<div class=\"wpcf7 no-js\" id=\"wpcf7-f17851-o1\" lang=\"es-ES\" dir=\"ltr\" data-wpcf7-id=\"17851\">\n<div class=\"screen-reader-response\"><p role=\"status\" aria-live=\"polite\" aria-atomic=\"true\"><\/p> <ul><\/ul><\/div>\n<form action=\"\/es\/wp-json\/wp\/v2\/pages\/22115#wpcf7-f17851-o1\" method=\"post\" class=\"wpcf7-form init\" aria-label=\"Formulario de contacto\" novalidate=\"novalidate\" data-status=\"init\">\n<fieldset class=\"hidden-fields-container\"><input type=\"hidden\" name=\"_wpcf7\" value=\"17851\" \/><input type=\"hidden\" name=\"_wpcf7_version\" value=\"6.1.5\" \/><input type=\"hidden\" name=\"_wpcf7_locale\" value=\"es_ES\" \/><input type=\"hidden\" name=\"_wpcf7_unit_tag\" value=\"wpcf7-f17851-o1\" \/><input type=\"hidden\" name=\"_wpcf7_container_post\" value=\"0\" \/><input type=\"hidden\" name=\"_wpcf7_posted_data_hash\" value=\"\" \/><input type=\"hidden\" name=\"_wpcf7_recaptcha_response\" value=\"\" \/>\n<\/fieldset>\n<h2 class=\"short\"><strong>Cont\u00e1ctanos.<\/strong><\/h2>\r\n<div class=\"row\">\r\n    <div class=\"col-lg-6\">\r\n        <div class=\"form-group\">\r\n            <label for=\"contact-name\">Tu nombre *<\/label>\r\n            <span class=\"wpcf7-form-control-wrap\" data-name=\"your-name\"><input size=\"40\" maxlength=\"400\" class=\"wpcf7-form-control wpcf7-text wpcf7-validates-as-required form-control\" id=\"contact-name\" aria-required=\"true\" aria-invalid=\"false\" value=\"\" type=\"text\" name=\"your-name\" \/><\/span>\r\n        <\/div>\r\n    <\/div>\r\n    <div class=\"col-lg-6\">\r\n        <div class=\"form-group\">\r\n            <label for=\"contact-email\">Su direcci\u00f3n de correo electr\u00f3nico *<\/label>\r\n            <span class=\"wpcf7-form-control-wrap\" data-name=\"your-email\"><input size=\"40\" maxlength=\"400\" class=\"wpcf7-form-control wpcf7-email wpcf7-validates-as-required wpcf7-text wpcf7-validates-as-email form-control\" id=\"contact-email\" aria-required=\"true\" aria-invalid=\"false\" value=\"\" type=\"email\" name=\"your-email\" \/><\/span>\r\n        <\/div>\r\n    <\/div>\r\n    <div class=\"col-lg-12\">\r\n        <div class=\"form-group\">\r\n            <label for=\"contact-subject\">Asunto<\/label>\r\n            <span class=\"wpcf7-form-control-wrap\" data-name=\"your-subject\"><input size=\"40\" maxlength=\"400\" class=\"wpcf7-form-control wpcf7-text form-control\" id=\"contact-subject\" aria-invalid=\"false\" value=\"\" type=\"text\" name=\"your-subject\" \/><\/span>\r\n        <\/div>\r\n    <\/div>\r\n    <div class=\"col-lg-12\">\r\n        <div class=\"form-group\">\r\n            <label for=\"contact-message\">Su mensaje<\/label>\r\n            <span class=\"wpcf7-form-control-wrap\" data-name=\"your-message\"><textarea cols=\"40\" rows=\"10\" maxlength=\"2000\" class=\"wpcf7-form-control wpcf7-textarea form-control\" id=\"contact-message\" aria-invalid=\"false\" name=\"your-message\"><\/textarea><\/span>\r\n        <\/div>\r\n    <\/div>\r\n    <div class=\"col-lg-12\">\r\n        <div class=\"form-group\">\r\n            <input class=\"wpcf7-form-control wpcf7-submit has-spinner btn btn-primary btn-lg\" type=\"submit\" value=\"Env\u00eda el mensaje\" \/>\r\n        <\/div>\r\n    <\/div>\r\n<\/div><div class=\"wpcf7-response-output\" aria-hidden=\"true\"><\/div>\n<\/form>\n<\/div>\n[\/vc_column]<\/p>\n<p>[\/vc_row]<\/p>\n<\/div>","protected":false},"excerpt":{"rendered":"<p>[vc_row full_width=&#8221;stretch_row&#8221; full_height=&#8221;yes&#8221; parallax=&#8221;content-moving&#8221; parallax_image=&#8221;2582&#8243; css=&#8221;.vc_custom_1599635449359{background-position: center;background-repeat: no-repeat !important;background-size: cover !important;}&#8221;] [vc_column][vc_column_text] Contacto: Para preguntas, siempre puede contactarnos llamando: 010-2420913 o enviar un correo electr\u00f3nico a info@homecareinnovation.com. Our address details: Venkelbaan 222908 KE Capelle aan den IJssel The Netherlands &nbsp; [\/vc_column_text][\/vc_column] [\/vc_row][vc_row] [vc_column][\/vc_column] [\/vc_row]<\/p>\n","protected":false},"author":1,"featured_media":0,"parent":0,"menu_order":0,"comment_status":"closed","ping_status":"closed","template":"","meta":{"footnotes":""},"class_list":["post-22115","page","type-page","status-publish","hentry"],"yoast_head":"<!-- This site is optimized with the Yoast SEO plugin v27.3 - https:\/\/yoast.com\/product\/yoast-seo-wordpress\/ -->\n<title>Contact with Homecare Innovation -HomeCare Innovation BV%<\/title>\n<meta name=\"description\" content=\"Homecare Innovation, Venkelbaan 22, 2908 KE Capelle aan den Ijssel, Tel\u00e9fono: +31 (0)10 - 242 0913 - Sala de exposici\u00f3n abierta: De lunes a viernes de 9.00 a 17.00, s\u00e1bados con cita previa.\" \/>\n<meta name=\"robots\" content=\"index, follow, max-snippet:-1, max-image-preview:large, max-video-preview:-1\" \/>\n<link rel=\"canonical\" href=\"https:\/\/homecareinnovation.com\/es\/contact\/\" \/>\n<meta property=\"og:locale\" content=\"es_ES\" \/>\n<meta property=\"og:type\" content=\"article\" \/>\n<meta property=\"og:title\" content=\"Contact with Homecare Innovation -HomeCare Innovation BV%\" \/>\n<meta property=\"og:description\" content=\"Homecare Innovation, Venkelbaan 22, 2908 KE Capelle aan den Ijssel, Tel\u00e9fono: +31 (0)10 - 242 0913 - Sala de exposici\u00f3n abierta: De lunes a viernes de 9.00 a 17.00, s\u00e1bados con cita previa.\" \/>\n<meta property=\"og:url\" content=\"https:\/\/homecareinnovation.com\/es\/contact\/\" \/>\n<meta property=\"og:site_name\" content=\"HomeCare Innovation BV\" \/>\n<meta property=\"article:publisher\" content=\"https:\/\/www.facebook.com\/HomeCareInnovationBV\/\" \/>\n<meta property=\"article:modified_time\" content=\"2020-12-15T12:58:16+00:00\" \/>\n<meta name=\"twitter:card\" content=\"summary_large_image\" \/>\n<script type=\"application\/ld+json\" class=\"yoast-schema-graph\">{\"@context\":\"https:\\\/\\\/schema.org\",\"@graph\":[{\"@type\":\"WebPage\",\"@id\":\"https:\\\/\\\/homecareinnovation.com\\\/es\\\/contact\\\/\",\"url\":\"https:\\\/\\\/homecareinnovation.com\\\/es\\\/contact\\\/\",\"name\":\"Contact with Homecare Innovation -HomeCare Innovation BV%\",\"isPartOf\":{\"@id\":\"https:\\\/\\\/homecareinnovation.com\\\/es\\\/#website\"},\"datePublished\":\"2020-12-15T12:58:15+00:00\",\"dateModified\":\"2020-12-15T12:58:16+00:00\",\"description\":\"Homecare Innovation, Venkelbaan 22, 2908 KE Capelle aan den Ijssel, Tel\u00e9fono: +31 (0)10 - 242 0913 - Sala de exposici\u00f3n abierta: De lunes a viernes de 9.00 a 17.00, s\u00e1bados con cita previa.\",\"breadcrumb\":{\"@id\":\"https:\\\/\\\/homecareinnovation.com\\\/es\\\/contact\\\/#breadcrumb\"},\"inLanguage\":\"es\",\"potentialAction\":[{\"@type\":\"ReadAction\",\"target\":[\"https:\\\/\\\/homecareinnovation.com\\\/es\\\/contact\\\/\"]}]},{\"@type\":\"BreadcrumbList\",\"@id\":\"https:\\\/\\\/homecareinnovation.com\\\/es\\\/contact\\\/#breadcrumb\",\"itemListElement\":[{\"@type\":\"ListItem\",\"position\":1,\"name\":\"Home\",\"item\":\"https:\\\/\\\/homecareinnovation.com\\\/es\\\/\"},{\"@type\":\"ListItem\",\"position\":2,\"name\":\"Contact\"}]},{\"@type\":\"WebSite\",\"@id\":\"https:\\\/\\\/homecareinnovation.com\\\/es\\\/#website\",\"url\":\"https:\\\/\\\/homecareinnovation.com\\\/es\\\/\",\"name\":\"HomeCare Innovation BV\",\"description\":\"Mayorista de ayudas para ancianos y discapacitados\",\"publisher\":{\"@id\":\"https:\\\/\\\/homecareinnovation.com\\\/es\\\/#organization\"},\"potentialAction\":[{\"@type\":\"SearchAction\",\"target\":{\"@type\":\"EntryPoint\",\"urlTemplate\":\"https:\\\/\\\/homecareinnovation.com\\\/es\\\/?s={search_term_string}\"},\"query-input\":{\"@type\":\"PropertyValueSpecification\",\"valueRequired\":true,\"valueName\":\"search_term_string\"}}],\"inLanguage\":\"es\"},{\"@type\":\"Organization\",\"@id\":\"https:\\\/\\\/homecareinnovation.com\\\/es\\\/#organization\",\"name\":\"HomeCare Innovation BV\",\"url\":\"https:\\\/\\\/homecareinnovation.com\\\/es\\\/\",\"logo\":{\"@type\":\"ImageObject\",\"inLanguage\":\"es\",\"@id\":\"https:\\\/\\\/homecareinnovation.com\\\/es\\\/#\\\/schema\\\/logo\\\/image\\\/\",\"url\":\"https:\\\/\\\/homecareinnovation.com\\\/wp-content\\\/uploads\\\/2021\\\/03\\\/HOME-CARE-LOGO-originele-kleur-klein.png\",\"contentUrl\":\"https:\\\/\\\/homecareinnovation.com\\\/wp-content\\\/uploads\\\/2021\\\/03\\\/HOME-CARE-LOGO-originele-kleur-klein.png\",\"width\":1000,\"height\":357,\"caption\":\"HomeCare Innovation BV\"},\"image\":{\"@id\":\"https:\\\/\\\/homecareinnovation.com\\\/es\\\/#\\\/schema\\\/logo\\\/image\\\/\"},\"sameAs\":[\"https:\\\/\\\/www.facebook.com\\\/HomeCareInnovationBV\\\/\",\"https:\\\/\\\/www.instagram.com\\\/homecareinnovation\\\/\",\"https:\\\/\\\/www.youtube.com\\\/channel\\\/UCg5pUSP6YEDGR5KtKeZe7nw\"]}]}<\/script>\n<!-- \/ Yoast SEO plugin. -->","yoast_head_json":{"title":"Contact with Homecare Innovation -HomeCare Innovation BV%","description":"Homecare Innovation, Venkelbaan 22, 2908 KE Capelle aan den Ijssel, Tel\u00e9fono: +31 (0)10 - 242 0913 - Sala de exposici\u00f3n abierta: De lunes a viernes de 9.00 a 17.00, s\u00e1bados con cita previa.","robots":{"index":"index","follow":"follow","max-snippet":"max-snippet:-1","max-image-preview":"max-image-preview:large","max-video-preview":"max-video-preview:-1"},"canonical":"https:\/\/homecareinnovation.com\/es\/contact\/","og_locale":"es_ES","og_type":"article","og_title":"Contact with Homecare Innovation -HomeCare Innovation BV%","og_description":"Homecare Innovation, Venkelbaan 22, 2908 KE Capelle aan den Ijssel, Tel\u00e9fono: +31 (0)10 - 242 0913 - Sala de exposici\u00f3n abierta: De lunes a viernes de 9.00 a 17.00, s\u00e1bados con cita previa.","og_url":"https:\/\/homecareinnovation.com\/es\/contact\/","og_site_name":"HomeCare Innovation BV","article_publisher":"https:\/\/www.facebook.com\/HomeCareInnovationBV\/","article_modified_time":"2020-12-15T12:58:16+00:00","twitter_card":"summary_large_image","schema":{"@context":"https:\/\/schema.org","@graph":[{"@type":"WebPage","@id":"https:\/\/homecareinnovation.com\/es\/contact\/","url":"https:\/\/homecareinnovation.com\/es\/contact\/","name":"Contact with Homecare Innovation -HomeCare Innovation BV%","isPartOf":{"@id":"https:\/\/homecareinnovation.com\/es\/#website"},"datePublished":"2020-12-15T12:58:15+00:00","dateModified":"2020-12-15T12:58:16+00:00","description":"Homecare Innovation, Venkelbaan 22, 2908 KE Capelle aan den Ijssel, Tel\u00e9fono: +31 (0)10 - 242 0913 - Sala de exposici\u00f3n abierta: De lunes a viernes de 9.00 a 17.00, s\u00e1bados con cita previa.","breadcrumb":{"@id":"https:\/\/homecareinnovation.com\/es\/contact\/#breadcrumb"},"inLanguage":"es","potentialAction":[{"@type":"ReadAction","target":["https:\/\/homecareinnovation.com\/es\/contact\/"]}]},{"@type":"BreadcrumbList","@id":"https:\/\/homecareinnovation.com\/es\/contact\/#breadcrumb","itemListElement":[{"@type":"ListItem","position":1,"name":"Home","item":"https:\/\/homecareinnovation.com\/es\/"},{"@type":"ListItem","position":2,"name":"Contact"}]},{"@type":"WebSite","@id":"https:\/\/homecareinnovation.com\/es\/#website","url":"https:\/\/homecareinnovation.com\/es\/","name":"HomeCare Innovation BV","description":"Mayorista de ayudas para ancianos y discapacitados","publisher":{"@id":"https:\/\/homecareinnovation.com\/es\/#organization"},"potentialAction":[{"@type":"SearchAction","target":{"@type":"EntryPoint","urlTemplate":"https:\/\/homecareinnovation.com\/es\/?s={search_term_string}"},"query-input":{"@type":"PropertyValueSpecification","valueRequired":true,"valueName":"search_term_string"}}],"inLanguage":"es"},{"@type":"Organization","@id":"https:\/\/homecareinnovation.com\/es\/#organization","name":"HomeCare Innovation BV","url":"https:\/\/homecareinnovation.com\/es\/","logo":{"@type":"ImageObject","inLanguage":"es","@id":"https:\/\/homecareinnovation.com\/es\/#\/schema\/logo\/image\/","url":"https:\/\/homecareinnovation.com\/wp-content\/uploads\/2021\/03\/HOME-CARE-LOGO-originele-kleur-klein.png","contentUrl":"https:\/\/homecareinnovation.com\/wp-content\/uploads\/2021\/03\/HOME-CARE-LOGO-originele-kleur-klein.png","width":1000,"height":357,"caption":"HomeCare Innovation BV"},"image":{"@id":"https:\/\/homecareinnovation.com\/es\/#\/schema\/logo\/image\/"},"sameAs":["https:\/\/www.facebook.com\/HomeCareInnovationBV\/","https:\/\/www.instagram.com\/homecareinnovation\/","https:\/\/www.youtube.com\/channel\/UCg5pUSP6YEDGR5KtKeZe7nw"]}]}},"_links":{"self":[{"href":"https:\/\/homecareinnovation.com\/es\/wp-json\/wp\/v2\/pages\/22115","targetHints":{"allow":["GET"]}}],"collection":[{"href":"https:\/\/homecareinnovation.com\/es\/wp-json\/wp\/v2\/pages"}],"about":[{"href":"https:\/\/homecareinnovation.com\/es\/wp-json\/wp\/v2\/types\/page"}],"author":[{"embeddable":true,"href":"https:\/\/homecareinnovation.com\/es\/wp-json\/wp\/v2\/users\/1"}],"replies":[{"embeddable":true,"href":"https:\/\/homecareinnovation.com\/es\/wp-json\/wp\/v2\/comments?post=22115"}],"version-history":[{"count":0,"href":"https:\/\/homecareinnovation.com\/es\/wp-json\/wp\/v2\/pages\/22115\/revisions"}],"wp:attachment":[{"href":"https:\/\/homecareinnovation.com\/es\/wp-json\/wp\/v2\/media?parent=22115"}],"curies":[{"name":"wp","href":"https:\/\/api.w.org\/{rel}","templated":true}]}}