{"id":22120,"date":"2020-12-15T13:04:54","date_gmt":"2020-12-15T13:04:54","guid":{"rendered":"https:\/\/homecareinnovation.com\/excellent-systems\/"},"modified":"2020-12-15T13:04:56","modified_gmt":"2020-12-15T13:04:56","slug":"excellent-systems","status":"publish","type":"page","link":"https:\/\/homecareinnovation.com\/es\/excellent-systems\/","title":{"rendered":"Excellent systems"},"content":{"rendered":"<div class=\"wpb-content-wrapper\"><p>[vc_row wrap_container=&#8221;yes&#8221; is_section=&#8221;yes&#8221; section_skin=&#8221;parallax&#8221; remove_margin_top=&#8221;yes&#8221; remove_border=&#8221;yes&#8221; css=&#8221;.vc_custom_1532061717202{padding-top: 70px !important;padding-bottom: 40px !important;}&#8221;][vc_column offset=&#8221;vc_col-md-6&#8243;][vc_images_carousel images=&#8221;18272,18261,18259,17717&#8243; img_size=&#8221;full&#8221; onclick=&#8221;link_no&#8221; wrap=&#8221;yes&#8221;][vc_btn title=&#8221;Haga clic aqu\u00ed para descargar el folleto de arriba&#8221; color=&#8221;primary&#8221; align=&#8221;center&#8221; link=&#8221;url:http%3A%2F%2Fhomecareinnovation.com%2Fwp-content%2Fuploads%2F2020%2F09%2FExcellentSystem-Folder-A3-HomeCare.pdf|&#8221;][\/vc_column][vc_column css=&#8221;.vc_custom_1529913695250{padding-top: 40px !important;}&#8221; el_class=&#8221;pl-lg-5&#8243; offset=&#8221;vc_col-md-6&#8243;]<div class=\"porto-u-heading  wpb_custom_95aa9a11c17ad45cfabaf210d84ee7cc porto-u-ad87e2eaf3f9c495180fe0156ddf3eb0 \"><div class=\"porto-u-main-heading\"><h2   style=\"font-family:Oswald;font-size:26px;\">Modulaire drempelsystemen:<\/h2><\/div><style>.porto-u-ad87e2eaf3f9c495180fe0156ddf3eb0.porto-u-heading{text-align:left}<\/style><\/div>[vc_column_text el_class=&#8221;content-row&#8221;]<\/p>\n<p style=\"text-align: left;\">Con el sistema de umbrales de Excellent Systems, cada umbral puede ser f\u00e1cilmente ajustado para personas discapacitadas.\u00a0HomeCare Innovation es una de las pocas empresas en los Pa\u00edses Bajos que ofrece un sistema de umbrales que es f\u00e1cil de montar, desmontar y reutilizar. Excellent Systems es un sistema de umbrales modular, que consta de varios elementos. En promedio, el 95 por ciento de los elementos utilizados pueden ser reutilizados en la construcci\u00f3n de la siguiente soluci\u00f3n de umbral.<\/p>\n<p><strong>Ventajas Excellent Systems:<\/strong><\/p>\n<p>[\/vc_column_text]<style>.porto-info-list5adaebacd11876c1b2997ad0a9f00483 i { color: #080808;font-size: 16px; }<\/style><ul class=\"porto-info-list  porto-info-list5adaebacd11876c1b2997ad0a9f00483 wpb_custom_a393beb0a37da136b69e202fd2e3b0cc\"><li class=\"porto-info-list-item  wpb_custom_e140fdbed0f4dcf712ec01445fbb5e77\"><i class=\"porto-info-icon porto-icon-ok\"><\/i><div class=\"porto-info-list-item-desc\">Altijd passend te monteren<\/div><\/li><li class=\"porto-info-list-item  wpb_custom_e140fdbed0f4dcf712ec01445fbb5e77\"><i class=\"porto-info-icon porto-icon-ok\"><\/i><div class=\"porto-info-list-item-desc\">Geluiddempend<\/div><\/li><li class=\"porto-info-list-item  wpb_custom_e140fdbed0f4dcf712ec01445fbb5e77\"><i class=\"porto-info-icon porto-icon-ok\"><\/i><div class=\"porto-info-list-item-desc\">Herbruikbaar voor 95% (kosten = investering)<\/div><\/li><li class=\"porto-info-list-item  wpb_custom_e140fdbed0f4dcf712ec01445fbb5e77\"><i class=\"porto-info-icon porto-icon-ok\"><\/i><div class=\"porto-info-list-item-desc\">Kleinere oplossingen zijn niet-permanent te monteren<\/div><\/li><li class=\"porto-info-list-item  wpb_custom_e140fdbed0f4dcf712ec01445fbb5e77\"><i class=\"porto-info-icon porto-icon-ok\"><\/i><div class=\"porto-info-list-item-desc\">Verschillende hellingshoeken leverbaar<\/div><\/li><li class=\"porto-info-list-item  wpb_custom_e140fdbed0f4dcf712ec01445fbb5e77\"><i class=\"porto-info-icon porto-icon-ok\"><\/i><div class=\"porto-info-list-item-desc\">Schuin aflopende zijkanten mogelijk<\/div><\/li><li class=\"porto-info-list-item  wpb_custom_e140fdbed0f4dcf712ec01445fbb5e77\"><i class=\"porto-info-icon porto-icon-ok\"><\/i><div class=\"porto-info-list-item-desc\">Niet diefstalgevoelig<\/div><\/li><li class=\"porto-info-list-item  wpb_custom_e140fdbed0f4dcf712ec01445fbb5e77\"><i class=\"porto-info-icon porto-icon-ok\"><\/i><div class=\"porto-info-list-item-desc\">Toepasbaar in binnen- en buitensituaties<\/div><\/li><li class=\"porto-info-list-item  wpb_custom_e140fdbed0f4dcf712ec01445fbb5e77\"><i class=\"porto-info-icon porto-icon-ok\"><\/i><div class=\"porto-info-list-item-desc\">Anti-slip<\/div><\/li><\/ul>[vc_btn title=&#8221;Echa un vistazo a nuestras excelentes ayudas de umbral aqu\u00ed&#8221; color=&#8221;primary&#8221; align=&#8221;center&#8221; link=&#8221;url:%2Fes%2Fcategor%C3%ADa-de-productos%2Frampas-de%20contenci%C3%B3n%2F|&#8221;][\/vc_column][\/vc_row][vc_row][vc_column width=&#8221;1\/2&#8243;][vc_column_text]<\/p>\n<h2>Diferentes \u00e1ngulos de inclinaci\u00f3n<\/h2>\n<p>Al elegir entre tres gradientes diferentes [1 : 6,7] &#8211; [1 : 13,4] &#8211; [1 : 20] cada soluci\u00f3n puede ser adaptada al usuario final. Tambi\u00e9n es posible inclinar la soluci\u00f3n del umbral hacia un lado, de modo que el usuario pueda hacer un giro relativamente simple. Gracias a su s\u00f3lida construcci\u00f3n, los sistemas Excellent pueden soportar cargas muy pesadas. Como resultado, el sistema tambi\u00e9n absorbe el sonido.<\/p>\n<p><strong>Material de marcado:<\/fuerte> Si es necesario, se dispone de material de color amarillo para marcar la franja de corrida. Esto crea una soluci\u00f3n de umbral segura para las personas con visi\u00f3n restringida.<\/p>\n<p>Eche un vistazo a varios ejemplos de Sistemas Excelentes a la derecha. <strong>\u2192<\/strong><\/p>\n<p>[\/vc_column_text][\/vc_column][vc_column width=&#8221;1\/2&#8243;][vc_images_carousel images=&#8221;14359,2648,14371,2650,2646,14431&#8243; img_size=&#8221;550&#215;500&#8243; autoplay=&#8221;yes&#8221; wrap=&#8221;yes&#8221;][\/vc_column][\/vc_row]<\/p>\n<\/div>","protected":false},"excerpt":{"rendered":"<p>[vc_row wrap_container=&#8221;yes&#8221; is_section=&#8221;yes&#8221; section_skin=&#8221;parallax&#8221; remove_margin_top=&#8221;yes&#8221; remove_border=&#8221;yes&#8221; css=&#8221;.vc_custom_1532061717202{padding-top: 70px !important;padding-bottom: 40px !important;}&#8221;][vc_column offset=&#8221;vc_col-md-6&#8243;][vc_images_carousel images=&#8221;18272,18261,18259,17717&#8243; img_size=&#8221;full&#8221; onclick=&#8221;link_no&#8221; wrap=&#8221;yes&#8221;][vc_btn title=&#8221;Haga clic aqu\u00ed para descargar el folleto de arriba&#8221; color=&#8221;primary&#8221; align=&#8221;center&#8221; link=&#8221;url:http%3A%2F%2Fhomecareinnovation.com%2Fwp-content%2Fuploads%2F2020%2F09%2FExcellentSystem-Folder-A3-HomeCare.pdf|&#8221;][\/vc_column][vc_column css=&#8221;.vc_custom_1529913695250{padding-top: 40px !important;}&#8221; el_class=&#8221;pl-lg-5&#8243; offset=&#8221;vc_col-md-6&#8243;][vc_column_text el_class=&#8221;content-row&#8221;] Con el sistema de umbrales de Excellent Systems, cada umbral puede ser f\u00e1cilmente ajustado para personas discapacitadas.\u00a0HomeCare Innovation es una de [&hellip;]<\/p>\n","protected":false},"author":1,"featured_media":0,"parent":0,"menu_order":0,"comment_status":"closed","ping_status":"closed","template":"","meta":{"footnotes":""},"class_list":["post-22120","page","type-page","status-publish","hentry"],"yoast_head":"<!-- This site is optimized with the Yoast SEO plugin v27.5 - https:\/\/yoast.com\/product\/yoast-seo-wordpress\/ -->\n<title>Excellent systems - HomeCare Innovation BV<\/title>\n<meta name=\"robots\" content=\"index, follow, max-snippet:-1, max-image-preview:large, max-video-preview:-1\" \/>\n<link rel=\"canonical\" href=\"https:\/\/homecareinnovation.com\/es\/excellent-systems\/\" \/>\n<meta property=\"og:locale\" content=\"es_ES\" \/>\n<meta property=\"og:type\" content=\"article\" \/>\n<meta property=\"og:title\" content=\"Excellent systems - HomeCare Innovation BV\" \/>\n<meta property=\"og:description\" content=\"[vc_row wrap_container=&#8221;yes&#8221; is_section=&#8221;yes&#8221; section_skin=&#8221;parallax&#8221; remove_margin_top=&#8221;yes&#8221; remove_border=&#8221;yes&#8221; css=&#8221;.vc_custom_1532061717202{padding-top: 70px !important;padding-bottom: 40px !important;}&#8221;][vc_column offset=&#8221;vc_col-md-6&#8243;][vc_images_carousel images=&#8221;18272,18261,18259,17717&#8243; img_size=&#8221;full&#8221; onclick=&#8221;link_no&#8221; wrap=&#8221;yes&#8221;][vc_btn title=&#8221;Haga clic aqu\u00ed para descargar el folleto de arriba&#8221; color=&#8221;primary&#8221; align=&#8221;center&#8221; link=&#8221;url:http%3A%2F%2Fhomecareinnovation.com%2Fwp-content%2Fuploads%2F2020%2F09%2FExcellentSystem-Folder-A3-HomeCare.pdf|&#8221;][\/vc_column][vc_column css=&#8221;.vc_custom_1529913695250{padding-top: 40px !important;}&#8221; el_class=&#8221;pl-lg-5&#8243; offset=&#8221;vc_col-md-6&#8243;][vc_column_text el_class=&#8221;content-row&#8221;] Con el sistema de umbrales de Excellent Systems, cada umbral puede ser f\u00e1cilmente ajustado para personas discapacitadas.\u00a0HomeCare Innovation es una de [&hellip;]\" \/>\n<meta property=\"og:url\" content=\"https:\/\/homecareinnovation.com\/es\/excellent-systems\/\" \/>\n<meta property=\"og:site_name\" content=\"HomeCare Innovation BV\" \/>\n<meta property=\"article:publisher\" content=\"https:\/\/www.facebook.com\/HomeCareInnovationBV\/\" \/>\n<meta property=\"article:modified_time\" content=\"2020-12-15T13:04:56+00:00\" \/>\n<meta name=\"twitter:card\" content=\"summary_large_image\" \/>\n<meta name=\"twitter:label1\" content=\"Tiempo de lectura\" \/>\n\t<meta name=\"twitter:data1\" content=\"3 minutos\" \/>\n<script type=\"application\/ld+json\" class=\"yoast-schema-graph\">{\"@context\":\"https:\\\/\\\/schema.org\",\"@graph\":[{\"@type\":\"WebPage\",\"@id\":\"https:\\\/\\\/homecareinnovation.com\\\/es\\\/excellent-systems\\\/\",\"url\":\"https:\\\/\\\/homecareinnovation.com\\\/es\\\/excellent-systems\\\/\",\"name\":\"Excellent systems - HomeCare Innovation BV\",\"isPartOf\":{\"@id\":\"https:\\\/\\\/homecareinnovation.com\\\/es\\\/#website\"},\"datePublished\":\"2020-12-15T13:04:54+00:00\",\"dateModified\":\"2020-12-15T13:04:56+00:00\",\"breadcrumb\":{\"@id\":\"https:\\\/\\\/homecareinnovation.com\\\/es\\\/excellent-systems\\\/#breadcrumb\"},\"inLanguage\":\"es\",\"potentialAction\":[{\"@type\":\"ReadAction\",\"target\":[\"https:\\\/\\\/homecareinnovation.com\\\/es\\\/excellent-systems\\\/\"]}]},{\"@type\":\"BreadcrumbList\",\"@id\":\"https:\\\/\\\/homecareinnovation.com\\\/es\\\/excellent-systems\\\/#breadcrumb\",\"itemListElement\":[{\"@type\":\"ListItem\",\"position\":1,\"name\":\"Home\",\"item\":\"https:\\\/\\\/homecareinnovation.com\\\/es\\\/\"},{\"@type\":\"ListItem\",\"position\":2,\"name\":\"Excellent systems\"}]},{\"@type\":\"WebSite\",\"@id\":\"https:\\\/\\\/homecareinnovation.com\\\/es\\\/#website\",\"url\":\"https:\\\/\\\/homecareinnovation.com\\\/es\\\/\",\"name\":\"HomeCare Innovation BV\",\"description\":\"Mayorista de ayudas para ancianos y discapacitados\",\"publisher\":{\"@id\":\"https:\\\/\\\/homecareinnovation.com\\\/es\\\/#organization\"},\"potentialAction\":[{\"@type\":\"SearchAction\",\"target\":{\"@type\":\"EntryPoint\",\"urlTemplate\":\"https:\\\/\\\/homecareinnovation.com\\\/es\\\/?s={search_term_string}\"},\"query-input\":{\"@type\":\"PropertyValueSpecification\",\"valueRequired\":true,\"valueName\":\"search_term_string\"}}],\"inLanguage\":\"es\"},{\"@type\":\"Organization\",\"@id\":\"https:\\\/\\\/homecareinnovation.com\\\/es\\\/#organization\",\"name\":\"HomeCare Innovation BV\",\"url\":\"https:\\\/\\\/homecareinnovation.com\\\/es\\\/\",\"logo\":{\"@type\":\"ImageObject\",\"inLanguage\":\"es\",\"@id\":\"https:\\\/\\\/homecareinnovation.com\\\/es\\\/#\\\/schema\\\/logo\\\/image\\\/\",\"url\":\"https:\\\/\\\/homecareinnovation.com\\\/wp-content\\\/uploads\\\/2021\\\/03\\\/HOME-CARE-LOGO-originele-kleur-klein.png\",\"contentUrl\":\"https:\\\/\\\/homecareinnovation.com\\\/wp-content\\\/uploads\\\/2021\\\/03\\\/HOME-CARE-LOGO-originele-kleur-klein.png\",\"width\":1000,\"height\":357,\"caption\":\"HomeCare Innovation BV\"},\"image\":{\"@id\":\"https:\\\/\\\/homecareinnovation.com\\\/es\\\/#\\\/schema\\\/logo\\\/image\\\/\"},\"sameAs\":[\"https:\\\/\\\/www.facebook.com\\\/HomeCareInnovationBV\\\/\",\"https:\\\/\\\/www.instagram.com\\\/homecareinnovation\\\/\",\"https:\\\/\\\/www.youtube.com\\\/channel\\\/UCg5pUSP6YEDGR5KtKeZe7nw\"]}]}<\/script>\n<!-- \/ Yoast SEO plugin. -->","yoast_head_json":{"title":"Excellent systems - HomeCare Innovation BV","robots":{"index":"index","follow":"follow","max-snippet":"max-snippet:-1","max-image-preview":"max-image-preview:large","max-video-preview":"max-video-preview:-1"},"canonical":"https:\/\/homecareinnovation.com\/es\/excellent-systems\/","og_locale":"es_ES","og_type":"article","og_title":"Excellent systems - HomeCare Innovation BV","og_description":"[vc_row wrap_container=&#8221;yes&#8221; is_section=&#8221;yes&#8221; section_skin=&#8221;parallax&#8221; remove_margin_top=&#8221;yes&#8221; remove_border=&#8221;yes&#8221; css=&#8221;.vc_custom_1532061717202{padding-top: 70px !important;padding-bottom: 40px !important;}&#8221;][vc_column offset=&#8221;vc_col-md-6&#8243;][vc_images_carousel images=&#8221;18272,18261,18259,17717&#8243; img_size=&#8221;full&#8221; onclick=&#8221;link_no&#8221; wrap=&#8221;yes&#8221;][vc_btn title=&#8221;Haga clic aqu\u00ed para descargar el folleto de arriba&#8221; color=&#8221;primary&#8221; align=&#8221;center&#8221; link=&#8221;url:http%3A%2F%2Fhomecareinnovation.com%2Fwp-content%2Fuploads%2F2020%2F09%2FExcellentSystem-Folder-A3-HomeCare.pdf|&#8221;][\/vc_column][vc_column css=&#8221;.vc_custom_1529913695250{padding-top: 40px !important;}&#8221; el_class=&#8221;pl-lg-5&#8243; offset=&#8221;vc_col-md-6&#8243;][vc_column_text el_class=&#8221;content-row&#8221;] Con el sistema de umbrales de Excellent Systems, cada umbral puede ser f\u00e1cilmente ajustado para personas discapacitadas.\u00a0HomeCare Innovation es una de [&hellip;]","og_url":"https:\/\/homecareinnovation.com\/es\/excellent-systems\/","og_site_name":"HomeCare Innovation BV","article_publisher":"https:\/\/www.facebook.com\/HomeCareInnovationBV\/","article_modified_time":"2020-12-15T13:04:56+00:00","twitter_card":"summary_large_image","twitter_misc":{"Tiempo de lectura":"3 minutos"},"schema":{"@context":"https:\/\/schema.org","@graph":[{"@type":"WebPage","@id":"https:\/\/homecareinnovation.com\/es\/excellent-systems\/","url":"https:\/\/homecareinnovation.com\/es\/excellent-systems\/","name":"Excellent systems - HomeCare Innovation BV","isPartOf":{"@id":"https:\/\/homecareinnovation.com\/es\/#website"},"datePublished":"2020-12-15T13:04:54+00:00","dateModified":"2020-12-15T13:04:56+00:00","breadcrumb":{"@id":"https:\/\/homecareinnovation.com\/es\/excellent-systems\/#breadcrumb"},"inLanguage":"es","potentialAction":[{"@type":"ReadAction","target":["https:\/\/homecareinnovation.com\/es\/excellent-systems\/"]}]},{"@type":"BreadcrumbList","@id":"https:\/\/homecareinnovation.com\/es\/excellent-systems\/#breadcrumb","itemListElement":[{"@type":"ListItem","position":1,"name":"Home","item":"https:\/\/homecareinnovation.com\/es\/"},{"@type":"ListItem","position":2,"name":"Excellent systems"}]},{"@type":"WebSite","@id":"https:\/\/homecareinnovation.com\/es\/#website","url":"https:\/\/homecareinnovation.com\/es\/","name":"HomeCare Innovation BV","description":"Mayorista de ayudas para ancianos y discapacitados","publisher":{"@id":"https:\/\/homecareinnovation.com\/es\/#organization"},"potentialAction":[{"@type":"SearchAction","target":{"@type":"EntryPoint","urlTemplate":"https:\/\/homecareinnovation.com\/es\/?s={search_term_string}"},"query-input":{"@type":"PropertyValueSpecification","valueRequired":true,"valueName":"search_term_string"}}],"inLanguage":"es"},{"@type":"Organization","@id":"https:\/\/homecareinnovation.com\/es\/#organization","name":"HomeCare Innovation BV","url":"https:\/\/homecareinnovation.com\/es\/","logo":{"@type":"ImageObject","inLanguage":"es","@id":"https:\/\/homecareinnovation.com\/es\/#\/schema\/logo\/image\/","url":"https:\/\/homecareinnovation.com\/wp-content\/uploads\/2021\/03\/HOME-CARE-LOGO-originele-kleur-klein.png","contentUrl":"https:\/\/homecareinnovation.com\/wp-content\/uploads\/2021\/03\/HOME-CARE-LOGO-originele-kleur-klein.png","width":1000,"height":357,"caption":"HomeCare Innovation BV"},"image":{"@id":"https:\/\/homecareinnovation.com\/es\/#\/schema\/logo\/image\/"},"sameAs":["https:\/\/www.facebook.com\/HomeCareInnovationBV\/","https:\/\/www.instagram.com\/homecareinnovation\/","https:\/\/www.youtube.com\/channel\/UCg5pUSP6YEDGR5KtKeZe7nw"]}]}},"_links":{"self":[{"href":"https:\/\/homecareinnovation.com\/es\/wp-json\/wp\/v2\/pages\/22120","targetHints":{"allow":["GET"]}}],"collection":[{"href":"https:\/\/homecareinnovation.com\/es\/wp-json\/wp\/v2\/pages"}],"about":[{"href":"https:\/\/homecareinnovation.com\/es\/wp-json\/wp\/v2\/types\/page"}],"author":[{"embeddable":true,"href":"https:\/\/homecareinnovation.com\/es\/wp-json\/wp\/v2\/users\/1"}],"replies":[{"embeddable":true,"href":"https:\/\/homecareinnovation.com\/es\/wp-json\/wp\/v2\/comments?post=22120"}],"version-history":[{"count":0,"href":"https:\/\/homecareinnovation.com\/es\/wp-json\/wp\/v2\/pages\/22120\/revisions"}],"wp:attachment":[{"href":"https:\/\/homecareinnovation.com\/es\/wp-json\/wp\/v2\/media?parent=22120"}],"curies":[{"name":"wp","href":"https:\/\/api.w.org\/{rel}","templated":true}]}}