{"id":22135,"date":"2020-12-15T14:42:07","date_gmt":"2020-12-15T14:42:07","guid":{"rendered":"https:\/\/homecareinnovation.com\/camas-de-enfermeria-y-camas-de-hospital-que-reducen-la-carga-del-personal-de-enfermeria\/"},"modified":"2020-12-15T14:42:11","modified_gmt":"2020-12-15T14:42:11","slug":"camas-de-enfermeria-y-camas-de-hospital-que-reducen-la-carga-del-personal-de-enfermeria","status":"publish","type":"page","link":"https:\/\/homecareinnovation.com\/es\/camas-de-enfermeria-y-camas-de-hospital-que-reducen-la-carga-del-personal-de-enfermeria\/","title":{"rendered":"Camas de enfermer\u00eda y camas de hospital que reducen la carga del personal de enfermer\u00eda"},"content":{"rendered":"<div class=\"wpb-content-wrapper\"><p>[vc_row full_width=&#8221;stretch_row&#8221; css=&#8221;.vc_custom_1599564524167{padding-top: 60px !important;padding-bottom: 40px !important;background: #4a4947 url(https:\/\/homecareinnovation.com\/wp-content\/uploads\/2020\/09\/mobilia-cura-home-min.1200x500x1-1.jpg?id=2559) !important;background-position: center !important;background-repeat: no-repeat !important;background-size: cover !important;}&#8221; el_class=&#8221;category-banner&#8221;]<\/p>\n<p>[vc_column]<div class=\"porto-container container \">[vc_column_text css=&#8221;.vc_custom_1599564748614{margin-bottom: 5px !important;}&#8221;][\/vc_column_text][vc_custom_heading text=&#8221;Camas de enfermer\u00eda y camas de hospital que reducen la carga del personal de enfermer\u00eda&#8221; font_container=&#8221;tag:h2|font_size:46|text_align:center|color:%23ffffff|line_height:42px&#8221; google_fonts=&#8221;font_family:Varela%3Aregular|font_style:400%20regular%3A400%3Anormal&#8221;]<div class=\"porto-btn-ctn-center \"><a class=\"porto-btn porto-adjust-bottom-margin porto-btn-small porto-btn-no-hover-bg   wpb_custom_fa51088c2567b780100c1edcf8821d3b  porto-btn-center \" data-hover=\"\" data-border-color=\"\" data-bg=\"#193c64\" data-hover-bg=\"#1a1b1d\" data-border-hover=\"\" data-shadow-click=\"none\" data-shadow=\"\" style=\"font-family:&#039;Oswald&#039;;font-weight:400;font-size:20px;line-height:25px;border:none;background: #193c64;color: #ffffff;\"><span class=\"porto-btn-hover\" style=\"background-color:#1a1b1d\"><\/span><span class=\"porto-btn-data porto-btn-text \" >Bekijk onze verpleegbedden hier<\/span><\/a><\/div><\/div>[\/vc_column][\/vc_row][vc_row css=&#8221;.vc_custom_1599576011591{margin-top: 30px !important;}&#8221;][vc_column width=&#8221;2\/3&#8243;]<div class=\"porto-u-heading  wpb_custom_95aa9a11c17ad45cfabaf210d84ee7cc porto-u-ad87e2eaf3f9c495180fe0156ddf3eb0 \"><div class=\"porto-u-main-heading\"><h2   style=\"font-weight:700;font-size:35px;line-height:42px;\">Hoe werken de verpleegbedden van HomeCare Innovation die zorgen voor minder belasting van het verzorgende personeel?<\/h2><\/div><style>.porto-u-ad87e2eaf3f9c495180fe0156ddf3eb0.porto-u-heading{text-align:left}<\/style><\/div>[vc_column_text]<\/p>\n<p style=\"text-align: left;\">Lamentablemente, en los asilos de ancianos todav\u00eda se da a menudo el caso de que el proveedor de servicios de salud tiene que soportar una gran carga en el cuidado de sus pacientes. En muchos casos, esto puede causar quejas corporales a largo plazo por parte del cuidador, ya que este traslado es f\u00edsicamente demasiado oneroso para el personal o un familiar que lo cuide.<\/p>\n<p style=\"text-align: left;\">El <strong><a href=\"\/es\/dormitorio\/camas-de-enfermer\u00eda\/\">camas de enfermer\u00eda giratorias<\/a><\/strong> de HomeCare Innovation tienen un <a href=\"https:\/\/www.destentor.nl\/hardenberg\/verpleeghuis-dedemsvaart-test-sta-op-bed~a08cdd5c\/\" target=\"_blank\" rel=\"noopener noreferrer\">\u00fanica funci\u00f3n de torsi\u00f3n y de pie <\/a> que hace que el <strong> independiente sentado y de pie<\/strong> mucho m\u00e1s f\u00e1cil de nuevo.Pero la transferencia de la cama a una silla de ruedas, por ejemplo, es tambi\u00e9n mucho m\u00e1s f\u00e1cil gracias a nuestro <strong> camas de enfermer\u00eda ajustables<\/strong>. Pero la transferencia de la cama a una silla de ruedas, por ejemplo, es tambi\u00e9n mucho m\u00e1s f\u00e1cil gracias a nuestro <strong>camas de hospital ajustables<\/strong> como una alternativa mucho m\u00e1s c\u00f3moda y segura.<\/p>\n<p style=\"text-align: left;\">\u00a1Tambi\u00e9n para las personas con Obesitas HomeCare Innovation ofrece una cama alta-baja totalmente ajustable el\u00e9ctricamente con una capacidad de peso de hasta 500 kg!<\/p>\n<p>&nbsp;<\/p>\n<p>[\/vc_column_text][vc_btn title=&#8221;Vea todas nuestras camas de enfermer\u00eda aqu\u00ed&#8221; style=&#8221;modern&#8221; size=&#8221;lg&#8221; skin=&#8221;primary&#8221; link=&#8221;url:%2Fes%2Fdormitorio%2Fcamas-de-enfermer%C3%ADa%2F|&#8221;][\/vc_column][vc_column width=&#8221;1\/3&#8243;][vc_column_text css=&#8221;.vc_custom_1599576143470{margin-top: 10px !important;}&#8221;]<\/p>\n<h4>La mobilia integra:<\/h4>\n<p>Transforma tu cama actual en una cama alta-baja con funci\u00f3n de pie.<\/p>\n<p>[\/vc_column_text][vc_hoverbox image=&#8221;2555&#8243; primary_title=&#8221;&#8221; hover_title=&#8221;El somier el\u00e9ctrico con funci\u00f3n de pie&#8221; hover_btn_title=&#8221;Vea la mobilia integra aqu\u00ed&#8221; hover_btn_color=&#8221;sky&#8221; hover_btn_skin=&#8221;primary&#8221; hover_add_button=&#8221;true&#8221; hover_btn_link=&#8221;url:%2Fes%2Fdormitorio%2Fcamas-de-enfermer%C3%ADa%2Ftipo-de-movilidad-base-de-cama-el%C3%A9ctrica-con-funci%C3%B3n-de-pie-con-funci%C3%B3n-de-pie%2F|&#8221;]<\/p>\n<p>El sistema de cama de enfermer\u00eda tipo mobilia integra permite convertir f\u00e1cilmente la cama existente en una cama de pie. La base de la cama puede ser colocada en camas individuales o dobles.<\/p>\n<p>[\/vc_hoverbox][\/vc_column][\/vc_row][vc_row full_width=&#8221;stretch_row&#8221; content_placement=&#8221;middle&#8221; parallax=&#8221;content-moving&#8221; parallax_speed_bg=&#8221;1.15&#8243; wrap_container=&#8221;yes&#8221; is_section=&#8221;yes&#8221; section_skin=&#8221;parallax&#8221; remove_margin_top=&#8221;yes&#8221; remove_margin_bottom=&#8221;yes&#8221; remove_border=&#8221;yes&#8221; css=&#8221;.vc_custom_1599572993808{background-color: #f9f9f9 !important;background-position: center;background-repeat: no-repeat;background-size:cover;}&#8221;][vc_column width=&#8221;1\/3&#8243; animation_delay=&#8221;500&#8243; el_class=&#8221;order-lg-2 text-md-left&#8221; animation_type=&#8221;fadeInLeft&#8221;][vc_text_separator title=&#8221;Mira la cama m\u00f3vil:&#8221;][vc_video link=&#8221;https:\/\/www.youtube.com\/watch?v=lb9PD6LyhkM&amp;t=1s&#8221;][vc_column_text]<\/p>\n<p style=\"text-align: left;\"><strong>Otras especificaciones de la cama baja alta mobilia:<\/strong><\/p>\n<ul style=\"list-style-type: disc; text-align: left;\">\n<li>Superficie de reposo 200 x 90 cm<\/li>\n<li>La altura de la cama es ajustable de 42 a 82 cm<\/li>\n<li>Capacidad de carga m\u00e1xima de hasta 130 kg<\/li>\n<li>El respaldo es ajustable hasta 70\u00b0<\/li>\n<li>La secci\u00f3n de la pierna es ajustable hasta 32\u00b0<\/li>\n<li>Excluyendo los pasamanos y el loro<\/li>\n<\/ul>\n<p>&nbsp;<\/p>\n<p>[\/vc_column_text][\/vc_column][vc_column width=&#8221;2\/3&#8243; animation_delay=&#8221;200&#8243; animation_type=&#8221;fadeInLeft&#8221;]<div class=\"porto-u-heading  wpb_custom_95aa9a11c17ad45cfabaf210d84ee7cc porto-u-ad87e2eaf3f9c495180fe0156ddf3eb0 \"><div class=\"porto-u-main-heading\"><h2   style=\"font-weight:700;font-size:35px;line-height:42px;\">Het mobilia verpleegbed met draaifunctie<\/h2><\/div><style>.porto-u-ad87e2eaf3f9c495180fe0156ddf3eb0.porto-u-heading{text-align:left}<\/style><\/div>[vc_column_text]<\/p>\n<h2 style=\"text-align: left;\"><strong>La cama baja alta mobilia con funci\u00f3n de pie:<\/strong><\/h2>\n<p style=\"text-align: left;\">El tipo de mobilia cura<strong> cama baja alta con funci\u00f3n de pie<\/strong> es nuestro m\u00e1s vendido <strong> cama de enfermer\u00eda<\/strong> porque es<\/p>\n<p><strong>La cama de hospital<\/strong> tiene una caracter\u00edstica muy \u00fanica que asegura que la cama se incline a\u00fan m\u00e1s hacia adelante despu\u00e9s de girar para que sea m\u00e1s f\u00e1cil salir de la cama. (Como se ve en el video de arriba).<\/p>\n<p style=\"text-align: left;\">La rotaci\u00f3n puede hacerse a la izquierda o a la derecha. El respaldo, el extremo de los pies y la altura de la cama baja alta tambi\u00e9n pueden ser ajustados el\u00e9ctricamente a su preferencia personal.<\/p>\n<p style=\"text-align: left;\">La <strong>cama de enfermer\u00eda giratoria con funci\u00f3n adicional de pie\/inclinaci\u00f3n de la cama<\/strong> tambi\u00e9n puede ser probada extensamente en su casa con cita previa antes de comprar la cama. Despu\u00e9s de comprar la cama puede ser entregada a su casa por nosotros, o dejada directamente por nosotros si decide comprar la cama alta baja despu\u00e9s de probar la cama.<\/p>\n<p style=\"text-align: left;\">\u00bfQuiere m\u00e1s informaci\u00f3n o hacer una cita para probar la cama? Entonces, por favor, p\u00f3ngase en contacto con nosotros a trav\u00e9s de: <a href=\"TEL:\/\/0102420913%20\">010-2420913 <\/a>o env\u00edenos un correo electr\u00f3nico: <a href=\"mailto:info@homecareinnovation.com\">info@homecareinnovation.com<\/a><\/p>\n<p>&nbsp;<\/p>\n<p>[\/vc_column_text][vc_btn title=&#8221;Vea nuestra cama m\u00f3vil de enfermer\u00eda aqu\u00ed&#8221; style=&#8221;modern&#8221; size=&#8221;lg&#8221; skin=&#8221;primary&#8221; link=&#8221;url:%2Fen%2Fdormitorio%2Fcamas-de-enfermer%C3%ADa%2Ftipo-de-movilidad-cura-plus-con-funci%C3%B3n-extra-de-pie%2F|&#8221;][\/vc_column][\/vc_row][vc_row css=&#8221;.vc_custom_1599577209476{margin-top: 10px !important;}&#8221;][vc_column width=&#8221;1\/2&#8243;][vc_single_image image=&#8221;13747&#8243; img_size=&#8221;full&#8221; onclick=&#8221;link_image&#8221; label=&#8221;&#8221;][\/vc_column][vc_column width=&#8221;1\/2&#8243;][vc_column_text]<\/p>\n<h3>Las ventajas de una cama de enfermer\u00eda:<\/h3>\n<ul>\n<li>Reducci\u00f3n de la carga para los cuidadores<\/li>\n<li>Las camas de enfermer\u00eda son totalmente el\u00e9ctricas<\/li>\n<li>En la mayor\u00eda de los casos, nuestras camas de enfermer\u00eda est\u00e1n equipadas con un soporte de cama extra para m\u00e1s apoyo.<\/li>\n<li>F\u00e1cil transferencia hacia y desde la cama<\/li>\n<li>Las camas de hospital giratorias aseguran que los pacientes o las personas que necesitan atenci\u00f3n puedan levantarse de sus camas de forma completamente independiente o con un apoyo m\u00ednimo.<\/li>\n<li>Mejora considerable de la movilidad gracias a la superficie de la cama giratoria y la funci\u00f3n de pie de las camas de hospital<\/li>\n<li>Reducci\u00f3n de la carga de la atenci\u00f3n a los familiares, enfermeras y pacientes<\/li>\n<li>Una transici\u00f3n m\u00e1s segura para los que necesitan atenci\u00f3n<\/li>\n<li>El uso de la cama de enfermer\u00eda es bastante simple y auto-explicativo.<\/li>\n<li>\u00a1Tambi\u00e9n hay una variante para los obesos!<\/li>\n<\/ul>\n<p>&nbsp;<\/p>\n<p>[\/vc_column_text][\/vc_column][\/vc_row]<\/p>\n<\/div>","protected":false},"excerpt":{"rendered":"<p>[vc_row full_width=&#8221;stretch_row&#8221; css=&#8221;.vc_custom_1599564524167{padding-top: 60px !important;padding-bottom: 40px !important;background: #4a4947 url(https:\/\/homecareinnovation.com\/wp-content\/uploads\/2020\/09\/mobilia-cura-home-min.1200x500x1-1.jpg?id=2559) !important;background-position: center !important;background-repeat: no-repeat !important;background-size: cover !important;}&#8221; el_class=&#8221;category-banner&#8221;] [vc_column][\/vc_column][\/vc_row][vc_row css=&#8221;.vc_custom_1599576011591{margin-top: 30px !important;}&#8221;][vc_column width=&#8221;2\/3&#8243;][vc_column_text] Lamentablemente, en los asilos de ancianos todav\u00eda se da a menudo el caso de que el proveedor de servicios de salud tiene que soportar una gran carga en el cuidado de sus pacientes. [&hellip;]<\/p>\n","protected":false},"author":1,"featured_media":0,"parent":0,"menu_order":0,"comment_status":"closed","ping_status":"closed","template":"","meta":{"footnotes":""},"class_list":["post-22135","page","type-page","status-publish","hentry"],"yoast_head":"<!-- This site is optimized with the Yoast SEO plugin v27.5 - https:\/\/yoast.com\/product\/yoast-seo-wordpress\/ -->\n<title>Las camas de enfermer\u00eda no suponen una carga para el personal de enfermer\u00eda. - Cama giratoria<\/title>\n<meta name=\"description\" content=\"Las camas de enfermer\u00eda giratorias con asistencia de pie reducen la tensi\u00f3n del personal de enfermer\u00eda. Las camas de enfermer\u00eda giratorias son \u00fanicas en su funcionamiento. Lea el art\u00edculo sobre las camas de enfermer\u00eda giratorias en nuestra p\u00e1gina web y contin\u00fae en la p\u00e1gina. Cama \u00fanica de alta movilidad y baja movilidad con funci\u00f3n extra de estar de pie.\" \/>\n<meta name=\"robots\" content=\"index, follow, max-snippet:-1, max-image-preview:large, max-video-preview:-1\" \/>\n<link rel=\"canonical\" href=\"https:\/\/homecareinnovation.com\/es\/camas-de-enfermeria-y-camas-de-hospital-que-reducen-la-carga-del-personal-de-enfermeria\/\" \/>\n<meta property=\"og:locale\" content=\"es_ES\" \/>\n<meta property=\"og:type\" content=\"article\" \/>\n<meta property=\"og:title\" content=\"Las camas de enfermer\u00eda no suponen una carga para el personal de enfermer\u00eda. - Cama giratoria\" \/>\n<meta property=\"og:description\" content=\"Las camas de enfermer\u00eda giratorias con asistencia de pie reducen la tensi\u00f3n del personal de enfermer\u00eda. Las camas de enfermer\u00eda giratorias son \u00fanicas en su funcionamiento. Lea el art\u00edculo sobre las camas de enfermer\u00eda giratorias en nuestra p\u00e1gina web y contin\u00fae en la p\u00e1gina. Cama \u00fanica de alta movilidad y baja movilidad con funci\u00f3n extra de estar de pie.\" \/>\n<meta property=\"og:url\" content=\"https:\/\/homecareinnovation.com\/es\/camas-de-enfermeria-y-camas-de-hospital-que-reducen-la-carga-del-personal-de-enfermeria\/\" \/>\n<meta property=\"og:site_name\" content=\"HomeCare Innovation BV\" \/>\n<meta property=\"article:publisher\" content=\"https:\/\/www.facebook.com\/HomeCareInnovationBV\/\" \/>\n<meta property=\"article:modified_time\" content=\"2020-12-15T14:42:11+00:00\" \/>\n<meta name=\"twitter:card\" content=\"summary_large_image\" \/>\n<meta name=\"twitter:label1\" content=\"Tiempo de lectura\" \/>\n\t<meta name=\"twitter:data1\" content=\"6 minutos\" \/>\n<script type=\"application\/ld+json\" class=\"yoast-schema-graph\">{\"@context\":\"https:\\\/\\\/schema.org\",\"@graph\":[{\"@type\":\"WebPage\",\"@id\":\"https:\\\/\\\/homecareinnovation.com\\\/es\\\/camas-de-enfermeria-y-camas-de-hospital-que-reducen-la-carga-del-personal-de-enfermeria\\\/\",\"url\":\"https:\\\/\\\/homecareinnovation.com\\\/es\\\/camas-de-enfermeria-y-camas-de-hospital-que-reducen-la-carga-del-personal-de-enfermeria\\\/\",\"name\":\"Las camas de enfermer\u00eda no suponen una carga para el personal de enfermer\u00eda. - Cama giratoria\",\"isPartOf\":{\"@id\":\"https:\\\/\\\/homecareinnovation.com\\\/es\\\/#website\"},\"datePublished\":\"2020-12-15T14:42:07+00:00\",\"dateModified\":\"2020-12-15T14:42:11+00:00\",\"description\":\"Las camas de enfermer\u00eda giratorias con asistencia de pie reducen la tensi\u00f3n del personal de enfermer\u00eda. Las camas de enfermer\u00eda giratorias son \u00fanicas en su funcionamiento. Lea el art\u00edculo sobre las camas de enfermer\u00eda giratorias en nuestra p\u00e1gina web y contin\u00fae en la p\u00e1gina. Cama \u00fanica de alta movilidad y baja movilidad con funci\u00f3n extra de estar de pie.\",\"breadcrumb\":{\"@id\":\"https:\\\/\\\/homecareinnovation.com\\\/es\\\/camas-de-enfermeria-y-camas-de-hospital-que-reducen-la-carga-del-personal-de-enfermeria\\\/#breadcrumb\"},\"inLanguage\":\"es\",\"potentialAction\":[{\"@type\":\"ReadAction\",\"target\":[\"https:\\\/\\\/homecareinnovation.com\\\/es\\\/camas-de-enfermeria-y-camas-de-hospital-que-reducen-la-carga-del-personal-de-enfermeria\\\/\"]}]},{\"@type\":\"BreadcrumbList\",\"@id\":\"https:\\\/\\\/homecareinnovation.com\\\/es\\\/camas-de-enfermeria-y-camas-de-hospital-que-reducen-la-carga-del-personal-de-enfermeria\\\/#breadcrumb\",\"itemListElement\":[{\"@type\":\"ListItem\",\"position\":1,\"name\":\"Home\",\"item\":\"https:\\\/\\\/homecareinnovation.com\\\/es\\\/\"},{\"@type\":\"ListItem\",\"position\":2,\"name\":\"Camas de enfermer\u00eda y camas de hospital que reducen la carga del personal de enfermer\u00eda\"}]},{\"@type\":\"WebSite\",\"@id\":\"https:\\\/\\\/homecareinnovation.com\\\/es\\\/#website\",\"url\":\"https:\\\/\\\/homecareinnovation.com\\\/es\\\/\",\"name\":\"HomeCare Innovation BV\",\"description\":\"Mayorista de ayudas para ancianos y discapacitados\",\"publisher\":{\"@id\":\"https:\\\/\\\/homecareinnovation.com\\\/es\\\/#organization\"},\"potentialAction\":[{\"@type\":\"SearchAction\",\"target\":{\"@type\":\"EntryPoint\",\"urlTemplate\":\"https:\\\/\\\/homecareinnovation.com\\\/es\\\/?s={search_term_string}\"},\"query-input\":{\"@type\":\"PropertyValueSpecification\",\"valueRequired\":true,\"valueName\":\"search_term_string\"}}],\"inLanguage\":\"es\"},{\"@type\":\"Organization\",\"@id\":\"https:\\\/\\\/homecareinnovation.com\\\/es\\\/#organization\",\"name\":\"HomeCare Innovation BV\",\"url\":\"https:\\\/\\\/homecareinnovation.com\\\/es\\\/\",\"logo\":{\"@type\":\"ImageObject\",\"inLanguage\":\"es\",\"@id\":\"https:\\\/\\\/homecareinnovation.com\\\/es\\\/#\\\/schema\\\/logo\\\/image\\\/\",\"url\":\"https:\\\/\\\/homecareinnovation.com\\\/wp-content\\\/uploads\\\/2021\\\/03\\\/HOME-CARE-LOGO-originele-kleur-klein.png\",\"contentUrl\":\"https:\\\/\\\/homecareinnovation.com\\\/wp-content\\\/uploads\\\/2021\\\/03\\\/HOME-CARE-LOGO-originele-kleur-klein.png\",\"width\":1000,\"height\":357,\"caption\":\"HomeCare Innovation BV\"},\"image\":{\"@id\":\"https:\\\/\\\/homecareinnovation.com\\\/es\\\/#\\\/schema\\\/logo\\\/image\\\/\"},\"sameAs\":[\"https:\\\/\\\/www.facebook.com\\\/HomeCareInnovationBV\\\/\",\"https:\\\/\\\/www.instagram.com\\\/homecareinnovation\\\/\",\"https:\\\/\\\/www.youtube.com\\\/channel\\\/UCg5pUSP6YEDGR5KtKeZe7nw\"]}]}<\/script>\n<!-- \/ Yoast SEO plugin. -->","yoast_head_json":{"title":"Las camas de enfermer\u00eda no suponen una carga para el personal de enfermer\u00eda. - Cama giratoria","description":"Las camas de enfermer\u00eda giratorias con asistencia de pie reducen la tensi\u00f3n del personal de enfermer\u00eda. Las camas de enfermer\u00eda giratorias son \u00fanicas en su funcionamiento. Lea el art\u00edculo sobre las camas de enfermer\u00eda giratorias en nuestra p\u00e1gina web y contin\u00fae en la p\u00e1gina. Cama \u00fanica de alta movilidad y baja movilidad con funci\u00f3n extra de estar de pie.","robots":{"index":"index","follow":"follow","max-snippet":"max-snippet:-1","max-image-preview":"max-image-preview:large","max-video-preview":"max-video-preview:-1"},"canonical":"https:\/\/homecareinnovation.com\/es\/camas-de-enfermeria-y-camas-de-hospital-que-reducen-la-carga-del-personal-de-enfermeria\/","og_locale":"es_ES","og_type":"article","og_title":"Las camas de enfermer\u00eda no suponen una carga para el personal de enfermer\u00eda. - Cama giratoria","og_description":"Las camas de enfermer\u00eda giratorias con asistencia de pie reducen la tensi\u00f3n del personal de enfermer\u00eda. Las camas de enfermer\u00eda giratorias son \u00fanicas en su funcionamiento. Lea el art\u00edculo sobre las camas de enfermer\u00eda giratorias en nuestra p\u00e1gina web y contin\u00fae en la p\u00e1gina. Cama \u00fanica de alta movilidad y baja movilidad con funci\u00f3n extra de estar de pie.","og_url":"https:\/\/homecareinnovation.com\/es\/camas-de-enfermeria-y-camas-de-hospital-que-reducen-la-carga-del-personal-de-enfermeria\/","og_site_name":"HomeCare Innovation BV","article_publisher":"https:\/\/www.facebook.com\/HomeCareInnovationBV\/","article_modified_time":"2020-12-15T14:42:11+00:00","twitter_card":"summary_large_image","twitter_misc":{"Tiempo de lectura":"6 minutos"},"schema":{"@context":"https:\/\/schema.org","@graph":[{"@type":"WebPage","@id":"https:\/\/homecareinnovation.com\/es\/camas-de-enfermeria-y-camas-de-hospital-que-reducen-la-carga-del-personal-de-enfermeria\/","url":"https:\/\/homecareinnovation.com\/es\/camas-de-enfermeria-y-camas-de-hospital-que-reducen-la-carga-del-personal-de-enfermeria\/","name":"Las camas de enfermer\u00eda no suponen una carga para el personal de enfermer\u00eda. - Cama giratoria","isPartOf":{"@id":"https:\/\/homecareinnovation.com\/es\/#website"},"datePublished":"2020-12-15T14:42:07+00:00","dateModified":"2020-12-15T14:42:11+00:00","description":"Las camas de enfermer\u00eda giratorias con asistencia de pie reducen la tensi\u00f3n del personal de enfermer\u00eda. Las camas de enfermer\u00eda giratorias son \u00fanicas en su funcionamiento. Lea el art\u00edculo sobre las camas de enfermer\u00eda giratorias en nuestra p\u00e1gina web y contin\u00fae en la p\u00e1gina. Cama \u00fanica de alta movilidad y baja movilidad con funci\u00f3n extra de estar de pie.","breadcrumb":{"@id":"https:\/\/homecareinnovation.com\/es\/camas-de-enfermeria-y-camas-de-hospital-que-reducen-la-carga-del-personal-de-enfermeria\/#breadcrumb"},"inLanguage":"es","potentialAction":[{"@type":"ReadAction","target":["https:\/\/homecareinnovation.com\/es\/camas-de-enfermeria-y-camas-de-hospital-que-reducen-la-carga-del-personal-de-enfermeria\/"]}]},{"@type":"BreadcrumbList","@id":"https:\/\/homecareinnovation.com\/es\/camas-de-enfermeria-y-camas-de-hospital-que-reducen-la-carga-del-personal-de-enfermeria\/#breadcrumb","itemListElement":[{"@type":"ListItem","position":1,"name":"Home","item":"https:\/\/homecareinnovation.com\/es\/"},{"@type":"ListItem","position":2,"name":"Camas de enfermer\u00eda y camas de hospital que reducen la carga del personal de enfermer\u00eda"}]},{"@type":"WebSite","@id":"https:\/\/homecareinnovation.com\/es\/#website","url":"https:\/\/homecareinnovation.com\/es\/","name":"HomeCare Innovation BV","description":"Mayorista de ayudas para ancianos y discapacitados","publisher":{"@id":"https:\/\/homecareinnovation.com\/es\/#organization"},"potentialAction":[{"@type":"SearchAction","target":{"@type":"EntryPoint","urlTemplate":"https:\/\/homecareinnovation.com\/es\/?s={search_term_string}"},"query-input":{"@type":"PropertyValueSpecification","valueRequired":true,"valueName":"search_term_string"}}],"inLanguage":"es"},{"@type":"Organization","@id":"https:\/\/homecareinnovation.com\/es\/#organization","name":"HomeCare Innovation BV","url":"https:\/\/homecareinnovation.com\/es\/","logo":{"@type":"ImageObject","inLanguage":"es","@id":"https:\/\/homecareinnovation.com\/es\/#\/schema\/logo\/image\/","url":"https:\/\/homecareinnovation.com\/wp-content\/uploads\/2021\/03\/HOME-CARE-LOGO-originele-kleur-klein.png","contentUrl":"https:\/\/homecareinnovation.com\/wp-content\/uploads\/2021\/03\/HOME-CARE-LOGO-originele-kleur-klein.png","width":1000,"height":357,"caption":"HomeCare Innovation BV"},"image":{"@id":"https:\/\/homecareinnovation.com\/es\/#\/schema\/logo\/image\/"},"sameAs":["https:\/\/www.facebook.com\/HomeCareInnovationBV\/","https:\/\/www.instagram.com\/homecareinnovation\/","https:\/\/www.youtube.com\/channel\/UCg5pUSP6YEDGR5KtKeZe7nw"]}]}},"_links":{"self":[{"href":"https:\/\/homecareinnovation.com\/es\/wp-json\/wp\/v2\/pages\/22135","targetHints":{"allow":["GET"]}}],"collection":[{"href":"https:\/\/homecareinnovation.com\/es\/wp-json\/wp\/v2\/pages"}],"about":[{"href":"https:\/\/homecareinnovation.com\/es\/wp-json\/wp\/v2\/types\/page"}],"author":[{"embeddable":true,"href":"https:\/\/homecareinnovation.com\/es\/wp-json\/wp\/v2\/users\/1"}],"replies":[{"embeddable":true,"href":"https:\/\/homecareinnovation.com\/es\/wp-json\/wp\/v2\/comments?post=22135"}],"version-history":[{"count":0,"href":"https:\/\/homecareinnovation.com\/es\/wp-json\/wp\/v2\/pages\/22135\/revisions"}],"wp:attachment":[{"href":"https:\/\/homecareinnovation.com\/es\/wp-json\/wp\/v2\/media?parent=22135"}],"curies":[{"name":"wp","href":"https:\/\/api.w.org\/{rel}","templated":true}]}}