{"id":22139,"date":"2020-12-15T14:44:58","date_gmt":"2020-12-15T14:44:58","guid":{"rendered":"https:\/\/homecareinnovation.com\/camas-para-la-obesidad-camas-especiales-de-enfermeria\/"},"modified":"2020-12-15T14:45:00","modified_gmt":"2020-12-15T14:45:00","slug":"camas-para-la-obesidad-camas-especiales-de-enfermeria","status":"publish","type":"page","link":"https:\/\/homecareinnovation.com\/es\/camas-para-la-obesidad-camas-especiales-de-enfermeria\/","title":{"rendered":"Camas para la obesidad | Camas especiales de enfermer\u00eda"},"content":{"rendered":"<div class=\"wpb-content-wrapper\"><p>[vc_row wrap_container=&#8221;yes&#8221; css=&#8221;.vc_custom_1491289026816{padding-top: 70px !important;padding-bottom: 70px !important;}&#8221; el_class=&#8221;how-it-work&#8221;][vc_column offset=&#8221;vc_col-md-5&#8243;][vc_single_image image=&#8221;2573&#8243; img_size=&#8221;full&#8221; css_animation=&#8221;fadeInUp&#8221; el_class=&#8221;custom-product-image-pos-1 _relative&#8221;][\/vc_column][vc_column offset=&#8221;vc_col-md-7&#8243;]<div class=\"porto-u-heading align-left  wpb_custom_95aa9a11c17ad45cfabaf210d84ee7cc porto-u-ad87e2eaf3f9c495180fe0156ddf3eb0 \"><div class=\"porto-u-main-heading\"><h2   style=\"font-family:Poppins;font-weight:600;\">Onze obesitas bedden | speciale verpleegbedden<\/h2><\/div><div class=\"porto-u-heading-spacer line_only\" style=\"height:2px;\"><span class=\"porto-u-headings-line\" style=\"border-style:solid;border-bottom-width:2px;border-color:#1e73be;width:17px;\"><\/span><\/div><style>.porto-u-ad87e2eaf3f9c495180fe0156ddf3eb0.porto-u-heading{text-align:left} .porto-u-ad87e2eaf3f9c495180fe0156ddf3eb0 .porto-u-headings-line{float: left;}<\/style><\/div>[vc_column_text el_class=&#8221;pb-5 mb-5&#8243; css=&#8221;.vc_custom_1599639175029{margin-top: 20px !important;}&#8221;]<\/p>\n<p style=\"text-align: center;\">HomeCare Innovation tiene una amplia gama de camas de enfermer\u00eda especiales y camas para la obesidad. Las camas de enfermer\u00eda son ajustables el\u00e9ctricamente. Tambi\u00e9n vendemos las camas especiales de enfermer\u00eda de Mobilia. Las camas de enfermer\u00eda son completamente giratorias el\u00e9ctricamente.<\/p>\n<p style=\"text-align: center;\">Tenemos los siguientes tipos de camas de enfermer\u00eda Mobilia:<\/p>\n<ul>\n<li style=\"text-align: center;\">Mobilia Integra<\/li>\n<li style=\"text-align: center;\">Mobilia Cura<\/li>\n<li style=\"text-align: center;\">Mobilia Casa<\/li>\n<\/ul>\n<p style=\"text-align: center;\">Son camas de enfermer\u00eda independientes con funci\u00f3n de pie. Debido a esto, tambi\u00e9n son camas para obesos.<\/p>\n<p>[\/vc_column_text][vc_btn title=&#8221;Vea nuestra colecci\u00f3n de camas de enfermer\u00eda&#8221; color=&#8221;sky&#8221; align=&#8221;center&#8221; link=&#8221;url:https%3A%2F%2Fhomecareinnovation.com%2Fslaapkamer%2Fverpleegbedden%2F|&#8221;][\/vc_column][\/vc_row]<\/p>\n<\/div>","protected":false},"excerpt":{"rendered":"<p>[vc_row wrap_container=&#8221;yes&#8221; css=&#8221;.vc_custom_1491289026816{padding-top: 70px !important;padding-bottom: 70px !important;}&#8221; el_class=&#8221;how-it-work&#8221;][vc_column offset=&#8221;vc_col-md-5&#8243;][vc_single_image image=&#8221;2573&#8243; img_size=&#8221;full&#8221; css_animation=&#8221;fadeInUp&#8221; el_class=&#8221;custom-product-image-pos-1 _relative&#8221;][\/vc_column][vc_column offset=&#8221;vc_col-md-7&#8243;][vc_column_text el_class=&#8221;pb-5 mb-5&#8243; css=&#8221;.vc_custom_1599639175029{margin-top: 20px !important;}&#8221;] HomeCare Innovation tiene una amplia gama de camas de enfermer\u00eda especiales y camas para la obesidad. Las camas de enfermer\u00eda son ajustables el\u00e9ctricamente. Tambi\u00e9n vendemos las camas especiales de enfermer\u00eda de Mobilia. Las camas de [&hellip;]<\/p>\n","protected":false},"author":1,"featured_media":0,"parent":0,"menu_order":0,"comment_status":"closed","ping_status":"closed","template":"","meta":{"footnotes":""},"class_list":["post-22139","page","type-page","status-publish","hentry"],"yoast_head":"<!-- This site is optimized with the Yoast SEO plugin v27.3 - https:\/\/yoast.com\/product\/yoast-seo-wordpress\/ -->\n<title>Camas para la obesidad | Camas especiales de enfermer\u00eda - HomeCare Innovation BV<\/title>\n<meta name=\"robots\" content=\"index, follow, max-snippet:-1, max-image-preview:large, max-video-preview:-1\" \/>\n<link rel=\"canonical\" href=\"https:\/\/homecareinnovation.com\/es\/camas-para-la-obesidad-camas-especiales-de-enfermeria\/\" \/>\n<meta property=\"og:locale\" content=\"es_ES\" \/>\n<meta property=\"og:type\" content=\"article\" \/>\n<meta property=\"og:title\" content=\"Camas para la obesidad | Camas especiales de enfermer\u00eda - HomeCare Innovation BV\" \/>\n<meta property=\"og:description\" content=\"[vc_row wrap_container=&#8221;yes&#8221; css=&#8221;.vc_custom_1491289026816{padding-top: 70px !important;padding-bottom: 70px !important;}&#8221; el_class=&#8221;how-it-work&#8221;][vc_column offset=&#8221;vc_col-md-5&#8243;][vc_single_image image=&#8221;2573&#8243; img_size=&#8221;full&#8221; css_animation=&#8221;fadeInUp&#8221; el_class=&#8221;custom-product-image-pos-1 _relative&#8221;][\/vc_column][vc_column offset=&#8221;vc_col-md-7&#8243;][vc_column_text el_class=&#8221;pb-5 mb-5&#8243; css=&#8221;.vc_custom_1599639175029{margin-top: 20px !important;}&#8221;] HomeCare Innovation tiene una amplia gama de camas de enfermer\u00eda especiales y camas para la obesidad. Las camas de enfermer\u00eda son ajustables el\u00e9ctricamente. Tambi\u00e9n vendemos las camas especiales de enfermer\u00eda de Mobilia. Las camas de [&hellip;]\" \/>\n<meta property=\"og:url\" content=\"https:\/\/homecareinnovation.com\/es\/camas-para-la-obesidad-camas-especiales-de-enfermeria\/\" \/>\n<meta property=\"og:site_name\" content=\"HomeCare Innovation BV\" \/>\n<meta property=\"article:publisher\" content=\"https:\/\/www.facebook.com\/HomeCareInnovationBV\/\" \/>\n<meta property=\"article:modified_time\" content=\"2020-12-15T14:45:00+00:00\" \/>\n<meta name=\"twitter:card\" content=\"summary_large_image\" \/>\n<meta name=\"twitter:label1\" content=\"Tiempo de lectura\" \/>\n\t<meta name=\"twitter:data1\" content=\"1 minuto\" \/>\n<script type=\"application\/ld+json\" class=\"yoast-schema-graph\">{\"@context\":\"https:\\\/\\\/schema.org\",\"@graph\":[{\"@type\":\"WebPage\",\"@id\":\"https:\\\/\\\/homecareinnovation.com\\\/es\\\/camas-para-la-obesidad-camas-especiales-de-enfermeria\\\/\",\"url\":\"https:\\\/\\\/homecareinnovation.com\\\/es\\\/camas-para-la-obesidad-camas-especiales-de-enfermeria\\\/\",\"name\":\"Camas para la obesidad | Camas especiales de enfermer\u00eda - HomeCare Innovation BV\",\"isPartOf\":{\"@id\":\"https:\\\/\\\/homecareinnovation.com\\\/es\\\/#website\"},\"datePublished\":\"2020-12-15T14:44:58+00:00\",\"dateModified\":\"2020-12-15T14:45:00+00:00\",\"breadcrumb\":{\"@id\":\"https:\\\/\\\/homecareinnovation.com\\\/es\\\/camas-para-la-obesidad-camas-especiales-de-enfermeria\\\/#breadcrumb\"},\"inLanguage\":\"es\",\"potentialAction\":[{\"@type\":\"ReadAction\",\"target\":[\"https:\\\/\\\/homecareinnovation.com\\\/es\\\/camas-para-la-obesidad-camas-especiales-de-enfermeria\\\/\"]}]},{\"@type\":\"BreadcrumbList\",\"@id\":\"https:\\\/\\\/homecareinnovation.com\\\/es\\\/camas-para-la-obesidad-camas-especiales-de-enfermeria\\\/#breadcrumb\",\"itemListElement\":[{\"@type\":\"ListItem\",\"position\":1,\"name\":\"Home\",\"item\":\"https:\\\/\\\/homecareinnovation.com\\\/es\\\/\"},{\"@type\":\"ListItem\",\"position\":2,\"name\":\"Camas para la obesidad | Camas especiales de enfermer\u00eda\"}]},{\"@type\":\"WebSite\",\"@id\":\"https:\\\/\\\/homecareinnovation.com\\\/es\\\/#website\",\"url\":\"https:\\\/\\\/homecareinnovation.com\\\/es\\\/\",\"name\":\"HomeCare Innovation BV\",\"description\":\"Mayorista de ayudas para ancianos y discapacitados\",\"publisher\":{\"@id\":\"https:\\\/\\\/homecareinnovation.com\\\/es\\\/#organization\"},\"potentialAction\":[{\"@type\":\"SearchAction\",\"target\":{\"@type\":\"EntryPoint\",\"urlTemplate\":\"https:\\\/\\\/homecareinnovation.com\\\/es\\\/?s={search_term_string}\"},\"query-input\":{\"@type\":\"PropertyValueSpecification\",\"valueRequired\":true,\"valueName\":\"search_term_string\"}}],\"inLanguage\":\"es\"},{\"@type\":\"Organization\",\"@id\":\"https:\\\/\\\/homecareinnovation.com\\\/es\\\/#organization\",\"name\":\"HomeCare Innovation BV\",\"url\":\"https:\\\/\\\/homecareinnovation.com\\\/es\\\/\",\"logo\":{\"@type\":\"ImageObject\",\"inLanguage\":\"es\",\"@id\":\"https:\\\/\\\/homecareinnovation.com\\\/es\\\/#\\\/schema\\\/logo\\\/image\\\/\",\"url\":\"https:\\\/\\\/homecareinnovation.com\\\/wp-content\\\/uploads\\\/2021\\\/03\\\/HOME-CARE-LOGO-originele-kleur-klein.png\",\"contentUrl\":\"https:\\\/\\\/homecareinnovation.com\\\/wp-content\\\/uploads\\\/2021\\\/03\\\/HOME-CARE-LOGO-originele-kleur-klein.png\",\"width\":1000,\"height\":357,\"caption\":\"HomeCare Innovation BV\"},\"image\":{\"@id\":\"https:\\\/\\\/homecareinnovation.com\\\/es\\\/#\\\/schema\\\/logo\\\/image\\\/\"},\"sameAs\":[\"https:\\\/\\\/www.facebook.com\\\/HomeCareInnovationBV\\\/\",\"https:\\\/\\\/www.instagram.com\\\/homecareinnovation\\\/\",\"https:\\\/\\\/www.youtube.com\\\/channel\\\/UCg5pUSP6YEDGR5KtKeZe7nw\"]}]}<\/script>\n<!-- \/ Yoast SEO plugin. -->","yoast_head_json":{"title":"Camas para la obesidad | Camas especiales de enfermer\u00eda - HomeCare Innovation BV","robots":{"index":"index","follow":"follow","max-snippet":"max-snippet:-1","max-image-preview":"max-image-preview:large","max-video-preview":"max-video-preview:-1"},"canonical":"https:\/\/homecareinnovation.com\/es\/camas-para-la-obesidad-camas-especiales-de-enfermeria\/","og_locale":"es_ES","og_type":"article","og_title":"Camas para la obesidad | Camas especiales de enfermer\u00eda - HomeCare Innovation BV","og_description":"[vc_row wrap_container=&#8221;yes&#8221; css=&#8221;.vc_custom_1491289026816{padding-top: 70px !important;padding-bottom: 70px !important;}&#8221; el_class=&#8221;how-it-work&#8221;][vc_column offset=&#8221;vc_col-md-5&#8243;][vc_single_image image=&#8221;2573&#8243; img_size=&#8221;full&#8221; css_animation=&#8221;fadeInUp&#8221; el_class=&#8221;custom-product-image-pos-1 _relative&#8221;][\/vc_column][vc_column offset=&#8221;vc_col-md-7&#8243;][vc_column_text el_class=&#8221;pb-5 mb-5&#8243; css=&#8221;.vc_custom_1599639175029{margin-top: 20px !important;}&#8221;] HomeCare Innovation tiene una amplia gama de camas de enfermer\u00eda especiales y camas para la obesidad. Las camas de enfermer\u00eda son ajustables el\u00e9ctricamente. Tambi\u00e9n vendemos las camas especiales de enfermer\u00eda de Mobilia. Las camas de [&hellip;]","og_url":"https:\/\/homecareinnovation.com\/es\/camas-para-la-obesidad-camas-especiales-de-enfermeria\/","og_site_name":"HomeCare Innovation BV","article_publisher":"https:\/\/www.facebook.com\/HomeCareInnovationBV\/","article_modified_time":"2020-12-15T14:45:00+00:00","twitter_card":"summary_large_image","twitter_misc":{"Tiempo de lectura":"1 minuto"},"schema":{"@context":"https:\/\/schema.org","@graph":[{"@type":"WebPage","@id":"https:\/\/homecareinnovation.com\/es\/camas-para-la-obesidad-camas-especiales-de-enfermeria\/","url":"https:\/\/homecareinnovation.com\/es\/camas-para-la-obesidad-camas-especiales-de-enfermeria\/","name":"Camas para la obesidad | Camas especiales de enfermer\u00eda - HomeCare Innovation BV","isPartOf":{"@id":"https:\/\/homecareinnovation.com\/es\/#website"},"datePublished":"2020-12-15T14:44:58+00:00","dateModified":"2020-12-15T14:45:00+00:00","breadcrumb":{"@id":"https:\/\/homecareinnovation.com\/es\/camas-para-la-obesidad-camas-especiales-de-enfermeria\/#breadcrumb"},"inLanguage":"es","potentialAction":[{"@type":"ReadAction","target":["https:\/\/homecareinnovation.com\/es\/camas-para-la-obesidad-camas-especiales-de-enfermeria\/"]}]},{"@type":"BreadcrumbList","@id":"https:\/\/homecareinnovation.com\/es\/camas-para-la-obesidad-camas-especiales-de-enfermeria\/#breadcrumb","itemListElement":[{"@type":"ListItem","position":1,"name":"Home","item":"https:\/\/homecareinnovation.com\/es\/"},{"@type":"ListItem","position":2,"name":"Camas para la obesidad | Camas especiales de enfermer\u00eda"}]},{"@type":"WebSite","@id":"https:\/\/homecareinnovation.com\/es\/#website","url":"https:\/\/homecareinnovation.com\/es\/","name":"HomeCare Innovation BV","description":"Mayorista de ayudas para ancianos y discapacitados","publisher":{"@id":"https:\/\/homecareinnovation.com\/es\/#organization"},"potentialAction":[{"@type":"SearchAction","target":{"@type":"EntryPoint","urlTemplate":"https:\/\/homecareinnovation.com\/es\/?s={search_term_string}"},"query-input":{"@type":"PropertyValueSpecification","valueRequired":true,"valueName":"search_term_string"}}],"inLanguage":"es"},{"@type":"Organization","@id":"https:\/\/homecareinnovation.com\/es\/#organization","name":"HomeCare Innovation BV","url":"https:\/\/homecareinnovation.com\/es\/","logo":{"@type":"ImageObject","inLanguage":"es","@id":"https:\/\/homecareinnovation.com\/es\/#\/schema\/logo\/image\/","url":"https:\/\/homecareinnovation.com\/wp-content\/uploads\/2021\/03\/HOME-CARE-LOGO-originele-kleur-klein.png","contentUrl":"https:\/\/homecareinnovation.com\/wp-content\/uploads\/2021\/03\/HOME-CARE-LOGO-originele-kleur-klein.png","width":1000,"height":357,"caption":"HomeCare Innovation BV"},"image":{"@id":"https:\/\/homecareinnovation.com\/es\/#\/schema\/logo\/image\/"},"sameAs":["https:\/\/www.facebook.com\/HomeCareInnovationBV\/","https:\/\/www.instagram.com\/homecareinnovation\/","https:\/\/www.youtube.com\/channel\/UCg5pUSP6YEDGR5KtKeZe7nw"]}]}},"_links":{"self":[{"href":"https:\/\/homecareinnovation.com\/es\/wp-json\/wp\/v2\/pages\/22139","targetHints":{"allow":["GET"]}}],"collection":[{"href":"https:\/\/homecareinnovation.com\/es\/wp-json\/wp\/v2\/pages"}],"about":[{"href":"https:\/\/homecareinnovation.com\/es\/wp-json\/wp\/v2\/types\/page"}],"author":[{"embeddable":true,"href":"https:\/\/homecareinnovation.com\/es\/wp-json\/wp\/v2\/users\/1"}],"replies":[{"embeddable":true,"href":"https:\/\/homecareinnovation.com\/es\/wp-json\/wp\/v2\/comments?post=22139"}],"version-history":[{"count":0,"href":"https:\/\/homecareinnovation.com\/es\/wp-json\/wp\/v2\/pages\/22139\/revisions"}],"wp:attachment":[{"href":"https:\/\/homecareinnovation.com\/es\/wp-json\/wp\/v2\/media?parent=22139"}],"curies":[{"name":"wp","href":"https:\/\/api.w.org\/{rel}","templated":true}]}}