{"id":22142,"date":"2020-12-15T15:00:02","date_gmt":"2020-12-15T15:00:02","guid":{"rendered":"https:\/\/homecareinnovation.com\/terapeutas-ocupacionales\/"},"modified":"2020-12-15T15:00:08","modified_gmt":"2020-12-15T15:00:08","slug":"terapeutas-ocupacionales","status":"publish","type":"page","link":"https:\/\/homecareinnovation.com\/es\/terapeutas-ocupacionales\/","title":{"rendered":"Terapeutas ocupacionales"},"content":{"rendered":"<div class=\"wpb-content-wrapper\"><p>[vc_row wrap_container=&#8221;yes&#8221; text_align=&#8221;center&#8221; css=&#8221;.vc_custom_1519871900664{padding-top: 50px !important;padding-bottom: 20px !important;}&#8221;]<\/p>\n<p>[vc_column offset=&#8221;vc_col-lg-offset-2 vc_col-lg-8 vc_col-md-offset-1 vc_col-md-10&#8243;]<div class=\"porto-u-heading  wpb_custom_95aa9a11c17ad45cfabaf210d84ee7cc porto-u-55ca8359258f9a412be7e73af65d2aac \"><div class=\"porto-u-main-heading\"><h1  >Onze samenwerking met ergotherapeuten<\/h1><\/div><style>.porto-u-55ca8359258f9a412be7e73af65d2aac.porto-u-heading{text-align:center}<\/style><\/div>[vc_empty_space][vc_column_text]<\/p>\n<p>Como terapeuta ocupacional, usted se compromete, entre otras cosas, a contribuir a la autosuficiencia de las personas mayores o con movilidad reducida. Al hacerlo, suceder\u00e1 regularmente que su cliente se beneficiar\u00e1 de una ayuda particular que le permitir\u00e1 llevar a cabo sus actividades diarias de forma m\u00e1s independiente.<\/p>\n<p>Como proveedor de una amplia gama de herramientas, podemos en muchos casos ofrecer una soluci\u00f3n adecuada de nuestra propia gama para los problemas o retos que su cliente encuentra a diario. Adem\u00e1s, tambi\u00e9n podemos remitirle a productos fuera de nuestra gama de productos.<\/p>\n<p>Nuestros expertos experimentados pueden trabajar con usted para encontrar las herramientas adecuadas para que su cliente resuelva un problema particular de una manera espec\u00edfica.<\/p>\n<p><strong>Contacto:<\/strong><\/p>\n<p>Para preguntas generales o espec\u00edficas puede llamarnos: +31 (0)10 242 09 13 o enviarnos un e-mail: <a href=\"mailto:info@homecareinnovation.com\">info@homecareinnovation.com<\/a>. Uno de nuestros expertos estar\u00e1 encantado de ayudarle.<\/p>\n<p>[\/vc_column_text][\/vc_column]<\/p>\n<p>[\/vc_row][vc_row css=&#8221;.vc_custom_1559062988702{background-color: #f4f4f4 !important;}&#8221; el_class=&#8221;px-0&#8243;]<\/p>\n<p>[vc_column width=&#8221;1\/2&#8243; css=&#8221;.vc_custom_1603458926496{padding-top: 20vh !important;padding-bottom: 20vh !important;background-image: url(https:\/\/homecareinnovation.com\/wp-content\/uploads\/2020\/10\/andre-ouellet-FzECg2eNhj4-unsplash-1-1.jpg?id=5954) !important;background-position: center !important;background-repeat: no-repeat !important;background-size: cover !important;}&#8221;][\/vc_column][vc_column width=&#8221;1\/2&#8243; css=&#8221;.vc_custom_1519878339296{padding-top: 60px !important;padding-bottom: 60px !important;}&#8221;]<div class=\"porto-u-heading col-half-section  wpb_custom_95aa9a11c17ad45cfabaf210d84ee7cc porto-u-ad87e2eaf3f9c495180fe0156ddf3eb0 \"><div class=\"porto-u-main-heading\"><h1   style=\"font-family:Oswald;font-weight:700;color:#282d3b;font-size:16px;line-height:16px;\">Wat wij voor u kunnen betekenen:<\/h1><\/div><style>.porto-u-ad87e2eaf3f9c495180fe0156ddf3eb0.porto-u-heading{text-align:left}<\/style><\/div>[vc_accordion active_tab=&#8221;1&#8243; type=&#8221;without-bg&#8221; size=&#8221;panel-group-lg&#8221; el_class=&#8221;col-half-section&#8221;][vc_accordion_tab title=&#8221;Buscando juntos las herramientas adecuadas&#8221;][vc_column_text]<\/p>\n<p>Lorem Ipsum es simplemente un texto simulado de la industria de la impresi\u00f3n y la composici\u00f3n. Lorem Ipsum ha sido el texto simulado est\u00e1ndar de la industria desde el siglo XVI, cuando un impresor desconocido tom\u00f3 una galera de tipos y la codific\u00f3 para hacer.<\/p>\n<p>[\/vc_column_text][\/vc_accordion_tab][vc_accordion_tab title=&#8221;Asesoramiento sobre las posibilidades de reembolso&#8221;][vc_column_text]<\/p>\n<p>Lorem Ipsum es simplemente un texto simulado de la industria de la impresi\u00f3n y la composici\u00f3n. Lorem Ipsum ha sido el texto simulado est\u00e1ndar de la industria desde el siglo XVI, cuando un impresor desconocido tom\u00f3 una galera de tipos y la codific\u00f3 para hacer.<\/p>\n<p>[\/vc_column_text][\/vc_accordion_tab][vc_accordion_tab title=&#8221;Demostrando y probando el producto&#8221;][vc_column_text]<\/p>\n<p>Per\u00edodos de prueba<\/p>\n<p>[\/vc_column_text][\/vc_accordion_tab][vc_accordion_tab title=&#8221;Descuentos para los ergoterapeutas&#8221;][vc_column_text]<\/p>\n<p>Lorem Ipsum es simplemente un texto simulado de la industria de la impresi\u00f3n y la composici\u00f3n. Lorem Ipsum ha sido el texto simulado est\u00e1ndar de la industria desde el siglo XVI, cuando un impresor desconocido tom\u00f3 una galera de tipos y la codific\u00f3 para hacer.<\/p>\n<p>[\/vc_column_text][\/vc_accordion_tab][vc_accordion_tab title=&#8221;Un surtido claro con un sistema de pedido sencillo&#8221;][vc_column_text]<\/p>\n<p>Lorem Ipsum es simplemente un texto simulado de la industria de la impresi\u00f3n y la composici\u00f3n. Lorem Ipsum ha sido el texto simulado est\u00e1ndar de la industria desde el siglo XVI, cuando un impresor desconocido tom\u00f3 una galera de tipos y la codific\u00f3 para hacer.<\/p>\n<p>[\/vc_column_text][\/vc_accordion_tab][\/vc_accordion][\/vc_column]<\/p>\n<p>[\/vc_row][vc_row wrap_container=&#8221;yes&#8221; css=&#8221;.vc_custom_1519878974553{padding-top: 60px !important;padding-bottom: 40px !important;}&#8221;]<\/p>\n<p>[vc_column]<div class=\"porto-u-heading  wpb_custom_95aa9a11c17ad45cfabaf210d84ee7cc porto-u-ad87e2eaf3f9c495180fe0156ddf3eb0 \"><div class=\"porto-u-main-heading\"><h2   style=\"font-family:Oswald;font-weight:700;color:#282d3b;margin-bottom: 30px;font-size:16px;line-height:16px;\">Voordelen van HomeCare Innovation BV<\/h2><\/div><style>.porto-u-ad87e2eaf3f9c495180fe0156ddf3eb0.porto-u-heading{text-align:left}<\/style><\/div>[vc_row_inner][vc_column_inner width=&#8221;1\/3&#8243;]<\/p>\n<div class=\"porto-sicon-box  wpb_custom_8de3a9252882d807fc07759102f1dec2 style_1 default-icon flex-wrap\"><div class=\"porto-sicon-header\"><h3 class=\"porto-sicon-title\" style=\"font-weight:700;font-size:15px;color:#2b2b2d;line-height:15px;\">Amplio surtido<\/h3><\/div> <!-- header --><div class=\"porto-sicon-description\" style=\"\">En HomeCare Innovation BV nos esforzamos continuamente por ofrecer una gama de productos de calidad que responda a los deseos y necesidades de los usuarios finales. Regularmente ampliamos nuestra gama con nuevas soluciones innovadoras para los problemas y retos actuales de las personas mayores y discapacitadas.<\/div> <!-- description --><\/div><!-- porto-sicon-box -->\n<p>[\/vc_column_inner][vc_column_inner width=&#8221;1\/3&#8243;]<\/p>\n<div class=\"porto-sicon-box  wpb_custom_8de3a9252882d807fc07759102f1dec2 style_1 default-icon flex-wrap\"><div class=\"porto-sicon-header\"><h3 class=\"porto-sicon-title\" style=\"font-weight:700;font-size:15px;color:#2b2b2d;line-height:15px;\">Asesoramiento de expertos<\/h3><p style=\"font-size:14px;line-height:27px;color:#4a505e;\">Realista &amp; consejo orientado a los problemas<\/p><\/div> <!-- header --><div class=\"porto-sicon-description\" style=\"\">Si no est\u00e1 seguro de qu\u00e9 herramienta es la adecuada para su cliente, puede que no pueda ver la madera por los \u00e1rboles. Uno de nuestros expertos estar\u00e1 encantado de ayudarle. Juntos podemos sopesar las opciones disponibles y llegar a la mejor decisi\u00f3n. <\/div> <!-- description --><\/div><!-- porto-sicon-box -->\n<p>[\/vc_column_inner][vc_column_inner width=&#8221;1\/3&#8243;]<\/p>\n<div class=\"porto-sicon-box  wpb_custom_8de3a9252882d807fc07759102f1dec2 style_1 default-icon flex-wrap\"><div class=\"porto-sicon-header\"><h3 class=\"porto-sicon-title\" style=\"font-weight:700;font-size:15px;color:#2b2b2d;line-height:15px;\">Demostraciones &amp; per\u00edodos de prueba<\/h3><p style=\"font-size:14px;line-height:27px;color:#4a505e;\">Todo el mundo es diferente.<\/p><\/div> <!-- header --><div class=\"porto-sicon-description\" style=\"\">En muchos casos, las herramientas de asesoramiento est\u00e1n hechas a medida. Despu\u00e9s de todo, cada uno es ligeramente diferente. Por ello, muchos de los productos de HomeCare Innovation BV pueden demostrarse o incluso probarse durante un per\u00edodo de prueba.<\/div> <!-- description --><\/div><!-- porto-sicon-box -->\n<p>[\/vc_column_inner][\/vc_row_inner][\/vc_column]<\/p>\n<p>[\/vc_row]<\/p>\n<\/div>","protected":false},"excerpt":{"rendered":"<p>[vc_row wrap_container=&#8221;yes&#8221; text_align=&#8221;center&#8221; css=&#8221;.vc_custom_1519871900664{padding-top: 50px !important;padding-bottom: 20px !important;}&#8221;] [vc_column offset=&#8221;vc_col-lg-offset-2 vc_col-lg-8 vc_col-md-offset-1 vc_col-md-10&#8243;][vc_empty_space][vc_column_text] Como terapeuta ocupacional, usted se compromete, entre otras cosas, a contribuir a la autosuficiencia de las personas mayores o con movilidad reducida. Al hacerlo, suceder\u00e1 regularmente que su cliente se beneficiar\u00e1 de una ayuda particular que le permitir\u00e1 llevar a cabo sus [&hellip;]<\/p>\n","protected":false},"author":1,"featured_media":0,"parent":0,"menu_order":0,"comment_status":"closed","ping_status":"closed","template":"","meta":{"footnotes":""},"class_list":["post-22142","page","type-page","status-publish","hentry"],"yoast_head":"<!-- This site is optimized with the Yoast SEO plugin v27.5 - https:\/\/yoast.com\/product\/yoast-seo-wordpress\/ -->\n<title>Terapeutas ocupacionales - HomeCare Innovation BV<\/title>\n<meta name=\"robots\" content=\"index, follow, max-snippet:-1, max-image-preview:large, max-video-preview:-1\" \/>\n<link rel=\"canonical\" href=\"https:\/\/homecareinnovation.com\/es\/terapeutas-ocupacionales\/\" \/>\n<meta property=\"og:locale\" content=\"es_ES\" \/>\n<meta property=\"og:type\" content=\"article\" \/>\n<meta property=\"og:title\" content=\"Terapeutas ocupacionales - HomeCare Innovation BV\" \/>\n<meta property=\"og:description\" content=\"[vc_row wrap_container=&#8221;yes&#8221; text_align=&#8221;center&#8221; css=&#8221;.vc_custom_1519871900664{padding-top: 50px !important;padding-bottom: 20px !important;}&#8221;] [vc_column offset=&#8221;vc_col-lg-offset-2 vc_col-lg-8 vc_col-md-offset-1 vc_col-md-10&#8243;][vc_empty_space][vc_column_text] Como terapeuta ocupacional, usted se compromete, entre otras cosas, a contribuir a la autosuficiencia de las personas mayores o con movilidad reducida. Al hacerlo, suceder\u00e1 regularmente que su cliente se beneficiar\u00e1 de una ayuda particular que le permitir\u00e1 llevar a cabo sus [&hellip;]\" \/>\n<meta property=\"og:url\" content=\"https:\/\/homecareinnovation.com\/es\/terapeutas-ocupacionales\/\" \/>\n<meta property=\"og:site_name\" content=\"HomeCare Innovation BV\" \/>\n<meta property=\"article:publisher\" content=\"https:\/\/www.facebook.com\/HomeCareInnovationBV\/\" \/>\n<meta property=\"article:modified_time\" content=\"2020-12-15T15:00:08+00:00\" \/>\n<meta name=\"twitter:card\" content=\"summary_large_image\" \/>\n<meta name=\"twitter:label1\" content=\"Tiempo de lectura\" \/>\n\t<meta name=\"twitter:data1\" content=\"5 minutos\" \/>\n<script type=\"application\/ld+json\" class=\"yoast-schema-graph\">{\"@context\":\"https:\\\/\\\/schema.org\",\"@graph\":[{\"@type\":\"WebPage\",\"@id\":\"https:\\\/\\\/homecareinnovation.com\\\/es\\\/terapeutas-ocupacionales\\\/\",\"url\":\"https:\\\/\\\/homecareinnovation.com\\\/es\\\/terapeutas-ocupacionales\\\/\",\"name\":\"Terapeutas ocupacionales - HomeCare Innovation BV\",\"isPartOf\":{\"@id\":\"https:\\\/\\\/homecareinnovation.com\\\/es\\\/#website\"},\"datePublished\":\"2020-12-15T15:00:02+00:00\",\"dateModified\":\"2020-12-15T15:00:08+00:00\",\"breadcrumb\":{\"@id\":\"https:\\\/\\\/homecareinnovation.com\\\/es\\\/terapeutas-ocupacionales\\\/#breadcrumb\"},\"inLanguage\":\"es\",\"potentialAction\":[{\"@type\":\"ReadAction\",\"target\":[\"https:\\\/\\\/homecareinnovation.com\\\/es\\\/terapeutas-ocupacionales\\\/\"]}]},{\"@type\":\"BreadcrumbList\",\"@id\":\"https:\\\/\\\/homecareinnovation.com\\\/es\\\/terapeutas-ocupacionales\\\/#breadcrumb\",\"itemListElement\":[{\"@type\":\"ListItem\",\"position\":1,\"name\":\"Home\",\"item\":\"https:\\\/\\\/homecareinnovation.com\\\/es\\\/\"},{\"@type\":\"ListItem\",\"position\":2,\"name\":\"Terapeutas ocupacionales\"}]},{\"@type\":\"WebSite\",\"@id\":\"https:\\\/\\\/homecareinnovation.com\\\/es\\\/#website\",\"url\":\"https:\\\/\\\/homecareinnovation.com\\\/es\\\/\",\"name\":\"HomeCare Innovation BV\",\"description\":\"Mayorista de ayudas para ancianos y discapacitados\",\"publisher\":{\"@id\":\"https:\\\/\\\/homecareinnovation.com\\\/es\\\/#organization\"},\"potentialAction\":[{\"@type\":\"SearchAction\",\"target\":{\"@type\":\"EntryPoint\",\"urlTemplate\":\"https:\\\/\\\/homecareinnovation.com\\\/es\\\/?s={search_term_string}\"},\"query-input\":{\"@type\":\"PropertyValueSpecification\",\"valueRequired\":true,\"valueName\":\"search_term_string\"}}],\"inLanguage\":\"es\"},{\"@type\":\"Organization\",\"@id\":\"https:\\\/\\\/homecareinnovation.com\\\/es\\\/#organization\",\"name\":\"HomeCare Innovation BV\",\"url\":\"https:\\\/\\\/homecareinnovation.com\\\/es\\\/\",\"logo\":{\"@type\":\"ImageObject\",\"inLanguage\":\"es\",\"@id\":\"https:\\\/\\\/homecareinnovation.com\\\/es\\\/#\\\/schema\\\/logo\\\/image\\\/\",\"url\":\"https:\\\/\\\/homecareinnovation.com\\\/wp-content\\\/uploads\\\/2021\\\/03\\\/HOME-CARE-LOGO-originele-kleur-klein.png\",\"contentUrl\":\"https:\\\/\\\/homecareinnovation.com\\\/wp-content\\\/uploads\\\/2021\\\/03\\\/HOME-CARE-LOGO-originele-kleur-klein.png\",\"width\":1000,\"height\":357,\"caption\":\"HomeCare Innovation BV\"},\"image\":{\"@id\":\"https:\\\/\\\/homecareinnovation.com\\\/es\\\/#\\\/schema\\\/logo\\\/image\\\/\"},\"sameAs\":[\"https:\\\/\\\/www.facebook.com\\\/HomeCareInnovationBV\\\/\",\"https:\\\/\\\/www.instagram.com\\\/homecareinnovation\\\/\",\"https:\\\/\\\/www.youtube.com\\\/channel\\\/UCg5pUSP6YEDGR5KtKeZe7nw\"]}]}<\/script>\n<!-- \/ Yoast SEO plugin. -->","yoast_head_json":{"title":"Terapeutas ocupacionales - HomeCare Innovation BV","robots":{"index":"index","follow":"follow","max-snippet":"max-snippet:-1","max-image-preview":"max-image-preview:large","max-video-preview":"max-video-preview:-1"},"canonical":"https:\/\/homecareinnovation.com\/es\/terapeutas-ocupacionales\/","og_locale":"es_ES","og_type":"article","og_title":"Terapeutas ocupacionales - HomeCare Innovation BV","og_description":"[vc_row wrap_container=&#8221;yes&#8221; text_align=&#8221;center&#8221; css=&#8221;.vc_custom_1519871900664{padding-top: 50px !important;padding-bottom: 20px !important;}&#8221;] [vc_column offset=&#8221;vc_col-lg-offset-2 vc_col-lg-8 vc_col-md-offset-1 vc_col-md-10&#8243;][vc_empty_space][vc_column_text] Como terapeuta ocupacional, usted se compromete, entre otras cosas, a contribuir a la autosuficiencia de las personas mayores o con movilidad reducida. Al hacerlo, suceder\u00e1 regularmente que su cliente se beneficiar\u00e1 de una ayuda particular que le permitir\u00e1 llevar a cabo sus [&hellip;]","og_url":"https:\/\/homecareinnovation.com\/es\/terapeutas-ocupacionales\/","og_site_name":"HomeCare Innovation BV","article_publisher":"https:\/\/www.facebook.com\/HomeCareInnovationBV\/","article_modified_time":"2020-12-15T15:00:08+00:00","twitter_card":"summary_large_image","twitter_misc":{"Tiempo de lectura":"5 minutos"},"schema":{"@context":"https:\/\/schema.org","@graph":[{"@type":"WebPage","@id":"https:\/\/homecareinnovation.com\/es\/terapeutas-ocupacionales\/","url":"https:\/\/homecareinnovation.com\/es\/terapeutas-ocupacionales\/","name":"Terapeutas ocupacionales - HomeCare Innovation BV","isPartOf":{"@id":"https:\/\/homecareinnovation.com\/es\/#website"},"datePublished":"2020-12-15T15:00:02+00:00","dateModified":"2020-12-15T15:00:08+00:00","breadcrumb":{"@id":"https:\/\/homecareinnovation.com\/es\/terapeutas-ocupacionales\/#breadcrumb"},"inLanguage":"es","potentialAction":[{"@type":"ReadAction","target":["https:\/\/homecareinnovation.com\/es\/terapeutas-ocupacionales\/"]}]},{"@type":"BreadcrumbList","@id":"https:\/\/homecareinnovation.com\/es\/terapeutas-ocupacionales\/#breadcrumb","itemListElement":[{"@type":"ListItem","position":1,"name":"Home","item":"https:\/\/homecareinnovation.com\/es\/"},{"@type":"ListItem","position":2,"name":"Terapeutas ocupacionales"}]},{"@type":"WebSite","@id":"https:\/\/homecareinnovation.com\/es\/#website","url":"https:\/\/homecareinnovation.com\/es\/","name":"HomeCare Innovation BV","description":"Mayorista de ayudas para ancianos y discapacitados","publisher":{"@id":"https:\/\/homecareinnovation.com\/es\/#organization"},"potentialAction":[{"@type":"SearchAction","target":{"@type":"EntryPoint","urlTemplate":"https:\/\/homecareinnovation.com\/es\/?s={search_term_string}"},"query-input":{"@type":"PropertyValueSpecification","valueRequired":true,"valueName":"search_term_string"}}],"inLanguage":"es"},{"@type":"Organization","@id":"https:\/\/homecareinnovation.com\/es\/#organization","name":"HomeCare Innovation BV","url":"https:\/\/homecareinnovation.com\/es\/","logo":{"@type":"ImageObject","inLanguage":"es","@id":"https:\/\/homecareinnovation.com\/es\/#\/schema\/logo\/image\/","url":"https:\/\/homecareinnovation.com\/wp-content\/uploads\/2021\/03\/HOME-CARE-LOGO-originele-kleur-klein.png","contentUrl":"https:\/\/homecareinnovation.com\/wp-content\/uploads\/2021\/03\/HOME-CARE-LOGO-originele-kleur-klein.png","width":1000,"height":357,"caption":"HomeCare Innovation BV"},"image":{"@id":"https:\/\/homecareinnovation.com\/es\/#\/schema\/logo\/image\/"},"sameAs":["https:\/\/www.facebook.com\/HomeCareInnovationBV\/","https:\/\/www.instagram.com\/homecareinnovation\/","https:\/\/www.youtube.com\/channel\/UCg5pUSP6YEDGR5KtKeZe7nw"]}]}},"_links":{"self":[{"href":"https:\/\/homecareinnovation.com\/es\/wp-json\/wp\/v2\/pages\/22142","targetHints":{"allow":["GET"]}}],"collection":[{"href":"https:\/\/homecareinnovation.com\/es\/wp-json\/wp\/v2\/pages"}],"about":[{"href":"https:\/\/homecareinnovation.com\/es\/wp-json\/wp\/v2\/types\/page"}],"author":[{"embeddable":true,"href":"https:\/\/homecareinnovation.com\/es\/wp-json\/wp\/v2\/users\/1"}],"replies":[{"embeddable":true,"href":"https:\/\/homecareinnovation.com\/es\/wp-json\/wp\/v2\/comments?post=22142"}],"version-history":[{"count":0,"href":"https:\/\/homecareinnovation.com\/es\/wp-json\/wp\/v2\/pages\/22142\/revisions"}],"wp:attachment":[{"href":"https:\/\/homecareinnovation.com\/es\/wp-json\/wp\/v2\/media?parent=22142"}],"curies":[{"name":"wp","href":"https:\/\/api.w.org\/{rel}","templated":true}]}}