{"id":22151,"date":"2020-12-15T15:40:41","date_gmt":"2020-12-15T15:40:41","guid":{"rendered":"https:\/\/homecareinnovation.com\/el-paciente-se-levanta-o-se-pone-de-pie-para-el-personal-de-ambulancia-o-los-centros-de-emergencia\/"},"modified":"2020-12-15T15:40:42","modified_gmt":"2020-12-15T15:40:42","slug":"el-paciente-se-levanta-o-se-pone-de-pie-para-el-personal-de-ambulancia-o-los-centros-de-emergencia","status":"publish","type":"page","link":"https:\/\/homecareinnovation.com\/es\/el-paciente-se-levanta-o-se-pone-de-pie-para-el-personal-de-ambulancia-o-los-centros-de-emergencia\/","title":{"rendered":"El paciente se levanta o se pone de pie para el personal de ambulancia o los centros de emergencia"},"content":{"rendered":"<div class=\"wpb-content-wrapper\"><p>[vc_row][vc_column][vc_custom_heading source=&#8221;post_title&#8221; font_container=&#8221;tag:h2|font_size:1.60em|text_align:center|color:%232d2d2d|line_height:1&#8243; use_theme_fonts=&#8221;yes&#8221; text_transform=&#8221;text-uppercase&#8221; el_class=&#8221;mb-0&#8243; css=&#8221;.vc_custom_1599221306016{margin-top: 20px !important;}&#8221;][vc_custom_heading text=&#8221;Los elevadores de HomeCare Innovation BV ofrecen una transferencia segura desde el suelo a una camilla o aseguran que los pacientes del personal de la ambulancia puedan levantarse completamente del suelo sin mucho esfuerzo por parte del paciente o la enfermera.&#8221; font_container=&#8221;tag:h3|font_size:1.2em|text_align:center|color:%23474747|line_height:1.2&#8243; use_theme_fonts=&#8221;yes&#8221; font_weight=&#8221;500&#8243; letter_spacing=&#8221;.065em&#8221; el_class=&#8221;mb-3&#8243; css=&#8221;.vc_custom_1599221297032{margin-top: 20px !important;}&#8221;][vc_btn title=&#8221;Vea nuestros elevadores aqu\u00ed&#8221; style=&#8221;modern&#8221; align=&#8221;center&#8221; skin=&#8221;dark&#8221; el_class=&#8221;mb-0&#8243; link=&#8221;url:%2Fes%2Fcategor%C3%ADa-de-productos%2Felevaciones%2Felevaci%C3%B3n-de-pacientes-de-pie%2F|&#8221; css=&#8221;.vc_custom_1599221335522{margin-bottom: 20px !important;}&#8221;][\/vc_column][\/vc_row][vc_row full_width=&#8221;stretch_row_content_no_spaces&#8221; equal_height=&#8221;yes&#8221; el_id=&#8221;about&#8221;][vc_column css=&#8221;.vc_custom_1599221744781{background-image: url(https:\/\/homecareinnovation.com\/wp-content\/uploads\/2020\/09\/2020-09-04-14_13_37-Waarom-Iedere-Ambulance-een-Opblaasbare-Tillift-Zou-Moeten-Hebben-YouTube.png?id=2502) !important;background-position: center !important;background-repeat: no-repeat !important;background-size: cover !important;}&#8221; offset=&#8221;vc_col-lg-4 vc_col-md-4&#8243; el_class=&#8221;custom-about-video align-items-center&#8221;]<\/p>\n<div class=\"porto-modal-input-wrapper custom-play-video\"><img loading=\"lazy\" decoding=\"async\" src=\"https:\/\/homecareinnovation.com\/wp-content\/uploads\/2020\/09\/play-icon.png\" alt=\"\" data-trigger-id=\"\" data-type=\"iframe\" class=\"porto-modal-trigger img-responsive\" width=\"76\" height=\"76\" data-overlay-class=\"mfp-fade\" \/><\/div><div id=\"\" class=\"mfp-hide \"><div class=\"porto-modal-content\"><\/div><\/div>\n<p>[\/vc_column][vc_column css=&#8221;.vc_custom_1599220207749{padding-top: 20px !important;padding-right: 20px !important;padding-bottom: 20px !important;padding-left: 20px !important;background-color: #ffffff !important;}&#8221; offset=&#8221;vc_col-lg-4 vc_col-md-4&#8243;][vc_row_inner css=&#8221;.vc_custom_1486824503834{margin-left: 0 !important;margin-right: 0 !important;}&#8221;][vc_column_inner css=&#8221;.vc_custom_1487273423694{border-top-width: 1px !important;border-right-width: 1px !important;border-bottom-width: 1px !important;border-left-width: 1px !important;padding-top: 50px !important;padding-right: 30px !important;padding-bottom: 40px !important;padding-left: 30px !important;border-left-color: #ffffff !important;border-left-style: dashed !important;border-right-color: #ffffff !important;border-right-style: dashed !important;border-top-color: #ffffff !important;border-top-style: dashed !important;border-bottom-color: #ffffff !important;border-bottom-style: dashed !important;border-radius: 1px !important;}&#8221;]<div class=\"porto-sicon-box  vc_custom_1599220275790  wpb_custom_74c312c6382c672d88415152636ca045 style_1 left-icon\"><div class=\"porto-sicon-left\"><div class=\"porto-just-icon-wrapper porto-sicon-img  porto-icon-9f5d1cfb45d27d96b50bf473aebba227\" style=\"font-size: 46px;\"><img loading=\"lazy\" decoding=\"async\" class=\"img-icon\" alt=\"\" src=\"https:\/\/homecareinnovation.com\/wp-content\/uploads\/2020\/09\/about-icon.png\" width=\"46\" height=\"50\" \/><\/div><\/div><div class=\"porto-sicon-body\"><div class=\"porto-sicon-header\"><h3 class=\"porto-sicon-title\" style=\"font-weight:700;font-size:27px;color:#ffffff;\">Het tillift kussen als oplossing:<\/h3><\/div> <!-- header --><\/div><\/div><!-- porto-sicon-box -->[vc_column_text css=&#8221;.vc_custom_1599220301452{padding-bottom: 25px !important;}&#8221; el_class=&#8221;custom-text-md-center&#8221;]<\/p>\n<p>To remedy this, HomeCare Innovation now offers the inflatable stable lift or hoist. The inflatable lift can be used to lift the patient from the ground to the height of the stretcher after which the patient can easily be moved from the stable lift to the stretcher. In this case, the ambulance staff or the nurse will no longer lift the person manually, this prevents overloading of the staff.<\/p>\n<p>[\/vc_column_text][vc_btn title=&#8221;<strong>El alce se levanta<\/strong>&#8221; shape=&#8221;round&#8221; color=&#8221;blue&#8221; align=&#8221;center&#8221; skin=&#8221;secondary&#8221; el_class=&#8221;custom-button-long-arrow-right&#8221; link=&#8221;url:%2Fes%2Fproducto%2Felectro-levantamiento-levantamiento%2F|&#8221;][\/vc_column_inner][\/vc_row_inner][\/vc_column][vc_column offset=&#8221;vc_col-lg-4 vc_col-md-4&#8243;]<\/p>\n<div id=\"porto-carousel-207667123769fa860b27153\" class=\"porto-carousel-wrapper custom-about-carousel custom-bullets-light-color\" data-gutter=\"0\" data-rtl=\"false\" ><div class=\"porto-ultimate-carousel porto-carousel-111170108369fa860b2712b \" ><div class=\"porto-item-wrap\" data-appear-animation=\"fadeIn\"><div class=\"porto-ultimate-content-box-container \"><style>.porto_ucb_21b6bf01188be9ba0119a2cb5c097588{will-change: box-shadow;box-shadow: none;}.porto_ucb_21b6bf01188be9ba0119a2cb5c097588:hover{box-shadow:none}<\/style><div class=\"porto-ultimate-content-box porto_ucb_21b6bf01188be9ba0119a2cb5c097588\" style=\"background-image:url(&#039;https:\/\/homecareinnovation.com\/wp-content\/uploads\/2020\/09\/elk-lifestyle-ambulance-4sectionsinflated-compressor-scaled.jpg&#039;);background-size: cover;background-repeat: no-repeat;background-position: center center;background-color: rgba(0, 0, 0, 0);\"><\/div><\/div><\/div><div class=\"porto-item-wrap\" data-appear-animation=\"fadeIn\"><div class=\"porto-ultimate-content-box-container \"><style>.porto_ucb_21b6bf01188be9ba0119a2cb5c097588{will-change: box-shadow;box-shadow: none;}.porto_ucb_21b6bf01188be9ba0119a2cb5c097588:hover{box-shadow:none}<\/style><div class=\"porto-ultimate-content-box porto_ucb_21b6bf01188be9ba0119a2cb5c097588\" style=\"background-image:url(&#039;https:\/\/homecareinnovation.com\/wp-content\/uploads\/2020\/09\/vehicle-3256021-1280-1-scaled.jpg&#039;);background-size: cover;background-repeat: no-repeat;background-position: center center;background-color: rgba(0, 0, 0, 0);\"><\/div><\/div><\/div><div class=\"porto-item-wrap\" data-appear-animation=\"fadeIn\"><div class=\"porto-ultimate-content-box-container \"><style>.porto_ucb_21b6bf01188be9ba0119a2cb5c097588{will-change: box-shadow;box-shadow: none;}.porto_ucb_21b6bf01188be9ba0119a2cb5c097588:hover{box-shadow:none}<\/style><div class=\"porto-ultimate-content-box porto_ucb_21b6bf01188be9ba0119a2cb5c097588\" style=\"background-image:url(&#039;https:\/\/homecareinnovation.com\/wp-content\/uploads\/2020\/09\/elk-paramedics-stretcher-grey-compressor-scaled.jpg&#039;);background-size: cover;background-repeat: no-repeat;background-position: center center;background-color: rgba(0, 0, 0, 0);\"><\/div><\/div><\/div><\/div><\/div><script type=\"text\/javascript\" id=\"ultimate-carousel\">\r\n\t(function(){\r\n\t\tvar porto_inc_slick_js = function() {\r\n\t\t\t( function( $ ) {\r\n\t\t\t\tif ( $.fn.slick ) {\r\n\t\t\t\t\t$('.porto-carousel-111170108369fa860b2712b').slick({dots: true,autoplay: true,autoplaySpeed: 5000,speed: 300,infinite: true,arrows: false,slidesToScroll:1,slidesToShow:1,swipe: true,draggable: true,touchMove: true,pauseOnHover: true,adaptiveHeight: true,responsive: [\r\n\t\t\t\t{\r\n\t\t\t\t  breakpoint: 1025,\r\n\t\t\t\t  settings: {\r\n\t\t\t\t\tslidesToShow: 1,\r\n\t\t\t\t\tslidesToScroll: 1,  \r\n\t\t\t\t  }\r\n\t\t\t\t},\r\n\t\t\t\t{\r\n\t\t\t\t  breakpoint: 769,\r\n\t\t\t\t  settings: {\r\n\t\t\t\t\tslidesToShow: 1,\r\n\t\t\t\t\tslidesToScroll: 1\r\n\t\t\t\t  }\r\n\t\t\t\t},\r\n\t\t\t\t{\r\n\t\t\t\t  breakpoint: 481,\r\n\t\t\t\t  settings: {\r\n\t\t\t\t\tslidesToShow: 1,\r\n\t\t\t\t\tslidesToScroll: 1\r\n\t\t\t\t  }\r\n\t\t\t\t}\r\n\t\t\t],pauseOnDotsHover: true,customPaging: function(slider, i) {\r\n\t   return '<i type=\"button\" style=\"color:#ffffff;\" class=\"far fa-circle\" data-role=\"none\"><\/i>';\r\n\t},});\r\n\t\t\t\t} else {\r\n\t\t\t\t\t\t\t\t}\r\n\t\t\t} )( jQuery );\r\n\t\t};\r\n\r\n\t\tif ( window.theme && theme.isLoaded ) {\r\n\t\t\tporto_inc_slick_js();\r\n\t\t} else {\r\n\t\t\twindow.addEventListener( 'load', porto_inc_slick_js );\r\n\t\t}\r\n\t})();\r\n<\/script>\r\n\n<p>[\/vc_column][\/vc_row][vc_row][vc_column css=&#8221;.vc_custom_1599221799135{margin-top: 40px !important;}&#8221;][vc_column_text]<\/p>\n<h2 style=\"text-align: left;\"><strong><span style=\"font-size: 18pt;\">Ascensor o ascensor estable para ambulancias y centros de emergencia<\/span><\/strong><\/h2>\n<p style=\"text-align: left;\"><span style=\"font-size: 10pt;\"><span style=\"font-size: 12pt;\">La innovaci\u00f3n de HomeCare ofrece una soluci\u00f3n para un problema que crece r\u00e1pidamente. Nuestros elevadores estables para alces y camellos se utilizan para hacer el traslado de los pacientes desde el suelo <strong> a una camilla <\/strong> o desde el suelo completamente <strong> a una posici\u00f3n sentada <\/strong> cuando una persona ha ca\u00eddo.<\/span><\/span><\/p>\n<p style=\"text-align: left;\"><span style=\"font-size: 10pt;\"><span style=\"font-size: 12pt;\">Es cada vez m\u00e1s com\u00fan que <strong> cuidado de la ambulancia<\/strong> y <strong> centros de alarma<\/strong> tengan dificultades para levantar a una persona del suelo, o colocar a una persona en una camilla con ruedas porque siempre cuelga a unos pocos cent\u00edmetros del suelo, incluso cuando est\u00e1 plegada al m\u00e1ximo. Esto supone un gran esfuerzo f\u00edsico para el personal. De hecho, la mayor causa de lesiones por uso excesivo en la industria de la salud se debe a la elevaci\u00f3n o reposicionamiento manual de los pacientes. El alce y el camello <strong> elevaciones de pie <\/strong> ofrecen una soluci\u00f3n pr\u00e1ctica a este problema.<\/span><\/span><\/p>\n<p style=\"text-align: left;\"><span style=\"font-size: 12pt;\">Una de las causas de esto es que cada vez m\u00e1s pacientes en los Pa\u00edses Bajos son <strong> moderados a seriamente sobrepeso<\/strong>. Esto puede llevar a situaciones muy estresantes para las enfermeras. <\/span><\/p>\n<p>[\/vc_column_text][\/vc_column][\/vc_row][vc_row][vc_column css=&#8221;.vc_custom_1599221824947{margin-top: 20px !important;}&#8221;][vc_column_text]<\/p>\n<h2 style=\"text-align: left;\"><strong><span style=\"font-size: 18pt;\">M\u00e9todo de trabajo:<\/span><\/strong><\/h2>\n<p style=\"text-align: left;\">Los ascensores estables de HomeCare Innovation son totalmente inflables desde el suelo en 4 pasos. Las mangueras de aire se encuentran desde el compresor port\u00e1til en el elevador estable inflable. El elevador puede ser reforzado cuando sea necesario por las 2 patas de soporte suministradas.<\/p>\n<p style=\"text-align: left;\">El elevador es f\u00e1cil de transportar y se pliega de forma compacta despu\u00e9s de su uso para que el elevador ocupe poco espacio.<\/p>\n<h2 style=\"text-align: left;\"><span style=\"font-size: 18pt;\"><strong>ELK Stallifts utilizados en la pr\u00e1ctica por las ambulancias y los centros de emergencia<\/strong><\/span><\/h2>\n<p style=\"text-align: left;\">En el Reino Unido, los elevadores ELK y Camel han sido utilizados por los servicios de ambulancia durante muchos a\u00f1os, pero en los Estados Unidos, Australia, el Canad\u00e1 y algunas partes de Europa tambi\u00e9n se est\u00e1n utilizando cada vez m\u00e1s estos elevadores en los centros de emergencia y los servicios de ambulancia.<\/p>\n<p style=\"text-align: left;\">Y con gran \u00e9xito.<\/p>\n<p style=\"text-align: left;\">Por ejemplo, en el primer a\u00f1o despu\u00e9s de que el ELK se introdujo en South Western Ambulance, un servicio de ambulancias del Reino Unido, el absentismo baj\u00f3 hasta un 10%, ahorrando al servicio de ambulancias 340.000 euros s\u00f3lo en el primer a\u00f1o.<\/p>\n<p style=\"text-align: left;\">Aproximadamente el 40% de los informes de ambulancias son mayores de 65 a\u00f1os. El 45% de ellos est\u00e1n ilesos despu\u00e9s de recibir ayuda y no tienen m\u00e1s atenci\u00f3n m\u00e9dica. Esto es muy alto y pone a muchos centros de emergencia y servicios de ambulancia bajo una gran presi\u00f3n, especialmente durante los meses de invierno.<\/p>\n<p style=\"text-align: left;\"><strong>Por favor, cont\u00e1ctenos:<\/strong><\/p>\n<p style=\"text-align: left;\">Si desea m\u00e1s informaci\u00f3n sobre nuestros elevadores y elevadores de granero, p\u00f3ngase en contacto con nosotros: <a href=\"TEL:\/\/0102420913\">010-242 09 13<\/a> o env\u00ede un correo electr\u00f3nico a: <a href=\"mailto:info@homecareinnovation.com\">info@homecareinnovation.com<\/a><\/p>\n<p>[\/vc_column_text][\/vc_column][\/vc_row]<\/p>\n<\/div>","protected":false},"excerpt":{"rendered":"<p>[vc_row][vc_column][vc_custom_heading source=&#8221;post_title&#8221; font_container=&#8221;tag:h2|font_size:1.60em|text_align:center|color:%232d2d2d|line_height:1&#8243; use_theme_fonts=&#8221;yes&#8221; text_transform=&#8221;text-uppercase&#8221; el_class=&#8221;mb-0&#8243; css=&#8221;.vc_custom_1599221306016{margin-top: 20px !important;}&#8221;][vc_custom_heading text=&#8221;Los elevadores de HomeCare Innovation BV ofrecen una transferencia segura desde el suelo a una camilla o aseguran que los pacientes del personal de la ambulancia puedan levantarse completamente del suelo sin mucho esfuerzo por parte del paciente o la enfermera.&#8221; font_container=&#8221;tag:h3|font_size:1.2em|text_align:center|color:%23474747|line_height:1.2&#8243; use_theme_fonts=&#8221;yes&#8221; font_weight=&#8221;500&#8243; letter_spacing=&#8221;.065em&#8221; el_class=&#8221;mb-3&#8243; [&hellip;]<\/p>\n","protected":false},"author":1,"featured_media":0,"parent":0,"menu_order":0,"comment_status":"closed","ping_status":"closed","template":"","meta":{"footnotes":""},"class_list":["post-22151","page","type-page","status-publish","hentry"],"yoast_head":"<!-- This site is optimized with the Yoast SEO plugin v27.5 - https:\/\/yoast.com\/product\/yoast-seo-wordpress\/ -->\n<title>Hinchable para ambulancias y centros de emergencia | Desde el suelo<\/title>\n<meta name=\"description\" content=\"El inflable Tillift asegura que los pacientes puedan ser levantados completamente del suelo. Esto es particularmente \u00fatil para los servicios de ambulancia y centros de emergencia porque este grupo se enfrenta a este problema a diario. La gr\u00faa inflable o elevador estable es una soluci\u00f3n pr\u00e1ctica para un problema creciente.\" \/>\n<meta name=\"robots\" content=\"index, follow, max-snippet:-1, max-image-preview:large, max-video-preview:-1\" \/>\n<link rel=\"canonical\" href=\"https:\/\/homecareinnovation.com\/es\/el-paciente-se-levanta-o-se-pone-de-pie-para-el-personal-de-ambulancia-o-los-centros-de-emergencia\/\" \/>\n<meta property=\"og:locale\" content=\"es_ES\" \/>\n<meta property=\"og:type\" content=\"article\" \/>\n<meta property=\"og:title\" content=\"Hinchable para ambulancias y centros de emergencia | Desde el suelo\" \/>\n<meta property=\"og:description\" content=\"El inflable Tillift asegura que los pacientes puedan ser levantados completamente del suelo. Esto es particularmente \u00fatil para los servicios de ambulancia y centros de emergencia porque este grupo se enfrenta a este problema a diario. La gr\u00faa inflable o elevador estable es una soluci\u00f3n pr\u00e1ctica para un problema creciente.\" \/>\n<meta property=\"og:url\" content=\"https:\/\/homecareinnovation.com\/es\/el-paciente-se-levanta-o-se-pone-de-pie-para-el-personal-de-ambulancia-o-los-centros-de-emergencia\/\" \/>\n<meta property=\"og:site_name\" content=\"HomeCare Innovation BV\" \/>\n<meta property=\"article:publisher\" content=\"https:\/\/www.facebook.com\/HomeCareInnovationBV\/\" \/>\n<meta property=\"article:modified_time\" content=\"2020-12-15T15:40:42+00:00\" \/>\n<meta name=\"twitter:card\" content=\"summary_large_image\" \/>\n<meta name=\"twitter:label1\" content=\"Tiempo de lectura\" \/>\n\t<meta name=\"twitter:data1\" content=\"6 minutos\" \/>\n<script type=\"application\/ld+json\" class=\"yoast-schema-graph\">{\"@context\":\"https:\\\/\\\/schema.org\",\"@graph\":[{\"@type\":\"WebPage\",\"@id\":\"https:\\\/\\\/homecareinnovation.com\\\/es\\\/el-paciente-se-levanta-o-se-pone-de-pie-para-el-personal-de-ambulancia-o-los-centros-de-emergencia\\\/\",\"url\":\"https:\\\/\\\/homecareinnovation.com\\\/es\\\/el-paciente-se-levanta-o-se-pone-de-pie-para-el-personal-de-ambulancia-o-los-centros-de-emergencia\\\/\",\"name\":\"Hinchable para ambulancias y centros de emergencia | Desde el suelo\",\"isPartOf\":{\"@id\":\"https:\\\/\\\/homecareinnovation.com\\\/es\\\/#website\"},\"datePublished\":\"2020-12-15T15:40:41+00:00\",\"dateModified\":\"2020-12-15T15:40:42+00:00\",\"description\":\"El inflable Tillift asegura que los pacientes puedan ser levantados completamente del suelo. Esto es particularmente \u00fatil para los servicios de ambulancia y centros de emergencia porque este grupo se enfrenta a este problema a diario. La gr\u00faa inflable o elevador estable es una soluci\u00f3n pr\u00e1ctica para un problema creciente.\",\"breadcrumb\":{\"@id\":\"https:\\\/\\\/homecareinnovation.com\\\/es\\\/el-paciente-se-levanta-o-se-pone-de-pie-para-el-personal-de-ambulancia-o-los-centros-de-emergencia\\\/#breadcrumb\"},\"inLanguage\":\"es\",\"potentialAction\":[{\"@type\":\"ReadAction\",\"target\":[\"https:\\\/\\\/homecareinnovation.com\\\/es\\\/el-paciente-se-levanta-o-se-pone-de-pie-para-el-personal-de-ambulancia-o-los-centros-de-emergencia\\\/\"]}]},{\"@type\":\"BreadcrumbList\",\"@id\":\"https:\\\/\\\/homecareinnovation.com\\\/es\\\/el-paciente-se-levanta-o-se-pone-de-pie-para-el-personal-de-ambulancia-o-los-centros-de-emergencia\\\/#breadcrumb\",\"itemListElement\":[{\"@type\":\"ListItem\",\"position\":1,\"name\":\"Home\",\"item\":\"https:\\\/\\\/homecareinnovation.com\\\/es\\\/\"},{\"@type\":\"ListItem\",\"position\":2,\"name\":\"El paciente se levanta o se pone de pie para el personal de ambulancia o los centros de emergencia\"}]},{\"@type\":\"WebSite\",\"@id\":\"https:\\\/\\\/homecareinnovation.com\\\/es\\\/#website\",\"url\":\"https:\\\/\\\/homecareinnovation.com\\\/es\\\/\",\"name\":\"HomeCare Innovation BV\",\"description\":\"Mayorista de ayudas para ancianos y discapacitados\",\"publisher\":{\"@id\":\"https:\\\/\\\/homecareinnovation.com\\\/es\\\/#organization\"},\"potentialAction\":[{\"@type\":\"SearchAction\",\"target\":{\"@type\":\"EntryPoint\",\"urlTemplate\":\"https:\\\/\\\/homecareinnovation.com\\\/es\\\/?s={search_term_string}\"},\"query-input\":{\"@type\":\"PropertyValueSpecification\",\"valueRequired\":true,\"valueName\":\"search_term_string\"}}],\"inLanguage\":\"es\"},{\"@type\":\"Organization\",\"@id\":\"https:\\\/\\\/homecareinnovation.com\\\/es\\\/#organization\",\"name\":\"HomeCare Innovation BV\",\"url\":\"https:\\\/\\\/homecareinnovation.com\\\/es\\\/\",\"logo\":{\"@type\":\"ImageObject\",\"inLanguage\":\"es\",\"@id\":\"https:\\\/\\\/homecareinnovation.com\\\/es\\\/#\\\/schema\\\/logo\\\/image\\\/\",\"url\":\"https:\\\/\\\/homecareinnovation.com\\\/wp-content\\\/uploads\\\/2021\\\/03\\\/HOME-CARE-LOGO-originele-kleur-klein.png\",\"contentUrl\":\"https:\\\/\\\/homecareinnovation.com\\\/wp-content\\\/uploads\\\/2021\\\/03\\\/HOME-CARE-LOGO-originele-kleur-klein.png\",\"width\":1000,\"height\":357,\"caption\":\"HomeCare Innovation BV\"},\"image\":{\"@id\":\"https:\\\/\\\/homecareinnovation.com\\\/es\\\/#\\\/schema\\\/logo\\\/image\\\/\"},\"sameAs\":[\"https:\\\/\\\/www.facebook.com\\\/HomeCareInnovationBV\\\/\",\"https:\\\/\\\/www.instagram.com\\\/homecareinnovation\\\/\",\"https:\\\/\\\/www.youtube.com\\\/channel\\\/UCg5pUSP6YEDGR5KtKeZe7nw\"]}]}<\/script>\n<!-- \/ Yoast SEO plugin. -->","yoast_head_json":{"title":"Hinchable para ambulancias y centros de emergencia | Desde el suelo","description":"El inflable Tillift asegura que los pacientes puedan ser levantados completamente del suelo. Esto es particularmente \u00fatil para los servicios de ambulancia y centros de emergencia porque este grupo se enfrenta a este problema a diario. La gr\u00faa inflable o elevador estable es una soluci\u00f3n pr\u00e1ctica para un problema creciente.","robots":{"index":"index","follow":"follow","max-snippet":"max-snippet:-1","max-image-preview":"max-image-preview:large","max-video-preview":"max-video-preview:-1"},"canonical":"https:\/\/homecareinnovation.com\/es\/el-paciente-se-levanta-o-se-pone-de-pie-para-el-personal-de-ambulancia-o-los-centros-de-emergencia\/","og_locale":"es_ES","og_type":"article","og_title":"Hinchable para ambulancias y centros de emergencia | Desde el suelo","og_description":"El inflable Tillift asegura que los pacientes puedan ser levantados completamente del suelo. Esto es particularmente \u00fatil para los servicios de ambulancia y centros de emergencia porque este grupo se enfrenta a este problema a diario. La gr\u00faa inflable o elevador estable es una soluci\u00f3n pr\u00e1ctica para un problema creciente.","og_url":"https:\/\/homecareinnovation.com\/es\/el-paciente-se-levanta-o-se-pone-de-pie-para-el-personal-de-ambulancia-o-los-centros-de-emergencia\/","og_site_name":"HomeCare Innovation BV","article_publisher":"https:\/\/www.facebook.com\/HomeCareInnovationBV\/","article_modified_time":"2020-12-15T15:40:42+00:00","twitter_card":"summary_large_image","twitter_misc":{"Tiempo de lectura":"6 minutos"},"schema":{"@context":"https:\/\/schema.org","@graph":[{"@type":"WebPage","@id":"https:\/\/homecareinnovation.com\/es\/el-paciente-se-levanta-o-se-pone-de-pie-para-el-personal-de-ambulancia-o-los-centros-de-emergencia\/","url":"https:\/\/homecareinnovation.com\/es\/el-paciente-se-levanta-o-se-pone-de-pie-para-el-personal-de-ambulancia-o-los-centros-de-emergencia\/","name":"Hinchable para ambulancias y centros de emergencia | Desde el suelo","isPartOf":{"@id":"https:\/\/homecareinnovation.com\/es\/#website"},"datePublished":"2020-12-15T15:40:41+00:00","dateModified":"2020-12-15T15:40:42+00:00","description":"El inflable Tillift asegura que los pacientes puedan ser levantados completamente del suelo. Esto es particularmente \u00fatil para los servicios de ambulancia y centros de emergencia porque este grupo se enfrenta a este problema a diario. La gr\u00faa inflable o elevador estable es una soluci\u00f3n pr\u00e1ctica para un problema creciente.","breadcrumb":{"@id":"https:\/\/homecareinnovation.com\/es\/el-paciente-se-levanta-o-se-pone-de-pie-para-el-personal-de-ambulancia-o-los-centros-de-emergencia\/#breadcrumb"},"inLanguage":"es","potentialAction":[{"@type":"ReadAction","target":["https:\/\/homecareinnovation.com\/es\/el-paciente-se-levanta-o-se-pone-de-pie-para-el-personal-de-ambulancia-o-los-centros-de-emergencia\/"]}]},{"@type":"BreadcrumbList","@id":"https:\/\/homecareinnovation.com\/es\/el-paciente-se-levanta-o-se-pone-de-pie-para-el-personal-de-ambulancia-o-los-centros-de-emergencia\/#breadcrumb","itemListElement":[{"@type":"ListItem","position":1,"name":"Home","item":"https:\/\/homecareinnovation.com\/es\/"},{"@type":"ListItem","position":2,"name":"El paciente se levanta o se pone de pie para el personal de ambulancia o los centros de emergencia"}]},{"@type":"WebSite","@id":"https:\/\/homecareinnovation.com\/es\/#website","url":"https:\/\/homecareinnovation.com\/es\/","name":"HomeCare Innovation BV","description":"Mayorista de ayudas para ancianos y discapacitados","publisher":{"@id":"https:\/\/homecareinnovation.com\/es\/#organization"},"potentialAction":[{"@type":"SearchAction","target":{"@type":"EntryPoint","urlTemplate":"https:\/\/homecareinnovation.com\/es\/?s={search_term_string}"},"query-input":{"@type":"PropertyValueSpecification","valueRequired":true,"valueName":"search_term_string"}}],"inLanguage":"es"},{"@type":"Organization","@id":"https:\/\/homecareinnovation.com\/es\/#organization","name":"HomeCare Innovation BV","url":"https:\/\/homecareinnovation.com\/es\/","logo":{"@type":"ImageObject","inLanguage":"es","@id":"https:\/\/homecareinnovation.com\/es\/#\/schema\/logo\/image\/","url":"https:\/\/homecareinnovation.com\/wp-content\/uploads\/2021\/03\/HOME-CARE-LOGO-originele-kleur-klein.png","contentUrl":"https:\/\/homecareinnovation.com\/wp-content\/uploads\/2021\/03\/HOME-CARE-LOGO-originele-kleur-klein.png","width":1000,"height":357,"caption":"HomeCare Innovation BV"},"image":{"@id":"https:\/\/homecareinnovation.com\/es\/#\/schema\/logo\/image\/"},"sameAs":["https:\/\/www.facebook.com\/HomeCareInnovationBV\/","https:\/\/www.instagram.com\/homecareinnovation\/","https:\/\/www.youtube.com\/channel\/UCg5pUSP6YEDGR5KtKeZe7nw"]}]}},"_links":{"self":[{"href":"https:\/\/homecareinnovation.com\/es\/wp-json\/wp\/v2\/pages\/22151","targetHints":{"allow":["GET"]}}],"collection":[{"href":"https:\/\/homecareinnovation.com\/es\/wp-json\/wp\/v2\/pages"}],"about":[{"href":"https:\/\/homecareinnovation.com\/es\/wp-json\/wp\/v2\/types\/page"}],"author":[{"embeddable":true,"href":"https:\/\/homecareinnovation.com\/es\/wp-json\/wp\/v2\/users\/1"}],"replies":[{"embeddable":true,"href":"https:\/\/homecareinnovation.com\/es\/wp-json\/wp\/v2\/comments?post=22151"}],"version-history":[{"count":0,"href":"https:\/\/homecareinnovation.com\/es\/wp-json\/wp\/v2\/pages\/22151\/revisions"}],"wp:attachment":[{"href":"https:\/\/homecareinnovation.com\/es\/wp-json\/wp\/v2\/media?parent=22151"}],"curies":[{"name":"wp","href":"https:\/\/api.w.org\/{rel}","templated":true}]}}