{"id":22154,"date":"2020-12-16T08:12:23","date_gmt":"2020-12-16T08:12:23","guid":{"rendered":"https:\/\/homecareinnovation.com\/album-de-fotos\/"},"modified":"2020-12-16T08:12:25","modified_gmt":"2020-12-16T08:12:25","slug":"album-de-fotos","status":"publish","type":"page","link":"https:\/\/homecareinnovation.com\/es\/album-de-fotos\/","title":{"rendered":"\u00c1lbum de fotos"},"content":{"rendered":"<div class=\"wpb-content-wrapper\"><p>[vc_row][vc_column width=&#8221;1\/2&#8243;]<\/p>\n<div class=\"porto-u-heading  wpb_custom_95aa9a11c17ad45cfabaf210d84ee7cc porto-u-55ca8359258f9a412be7e73af65d2aac \" data-appear-animation=\"fadeInUp\" data-appear-animation-delay=\"100\"><div class=\"porto-u-main-heading\"><h2   style=\"font-weight:800;margin-bottom: 5px;font-size:25px;\">\u00c1lbum de fotos<\/h2><\/div><div class=\"porto-u-sub-heading\" style=\"color: rgba(119,119,119,0.8);margin-bottom:20px;font-size:16.8px;line-height:26px;\">\n<h3>Ayudas de umbral<\/h3>\n<p>Con HomeCare Innovation siempre hay una soluci\u00f3n para salvar todos los umbrales. Gracias al exclusivo sistema modular con el que trabajamos y a nuestro amplio sistema, podemos instalar una ayuda de umbral adecuada en cada situaci\u00f3n. Incluso si esto requiere una personalizaci\u00f3n por parte de nuestro departamento de servicio. Eche un vistazo a los ejemplos de ayudas de umbral est\u00e1ndar y personalizadas que aparecen a la derecha.\u00a0\u2192 Para ayudas de umbral est\u00e1ndar puede <a href=\"https:\/\/homecareinnovation.com\/es\/categor\u00eda-de-producto\/rampas-de-umbral\/\">aqu\u00ed<\/a> echar un vistazo a nuestra p\u00e1gina web, para ayudas de umbral personalizadas siempre puede llamarnos: <a href=\"tel:\/\/0102420913\">010 &#8211; 2420913<\/a> o enviar un e-mail a: <a href=\"mailto:\/\/info@homecareinnovation.com\">info@homecareinnovation.com<\/a>.<\/div><div class=\"porto-u-heading-spacer line_only\" style=\"margin-bottom: 40px;height:3px;\"><span class=\"porto-u-headings-line\" style=\"border-style:solid;border-bottom-width:3px;border-color:#1e73be;width:125px;\"><\/span><\/div><style>.porto-u-55ca8359258f9a412be7e73af65d2aac.porto-u-heading{text-align:center} .porto-u-55ca8359258f9a412be7e73af65d2aac .porto-u-headings-line{float: unset;}<\/style><\/div><div class=\"porto-u-heading  wpb_custom_95aa9a11c17ad45cfabaf210d84ee7cc porto-u-55ca8359258f9a412be7e73af65d2aac \" data-appear-animation=\"fadeInUp\" data-appear-animation-delay=\"100\"><div class=\"porto-u-main-heading\"><h2   style=\"font-weight:800;margin-bottom: 5px;font-size:25px;\">Instagram<\/h2><\/div><div class=\"porto-u-sub-heading\" style=\"color: rgba(119,119,119,0.8);margin-bottom:20px;font-size:16.8px;line-height:26px;\">[instagram-feed]<\/div><div class=\"porto-u-heading-spacer line_only\" style=\"margin-bottom: 40px;height:3px;\"><span class=\"porto-u-headings-line\" style=\"border-style:solid;border-bottom-width:3px;border-color:#1e73be;width:125px;\"><\/span><\/div><style>.porto-u-55ca8359258f9a412be7e73af65d2aac.porto-u-heading{text-align:center} .porto-u-55ca8359258f9a412be7e73af65d2aac .porto-u-headings-line{float: unset;}<\/style><\/div>\n<p>[\/vc_column][vc_column width=&#8221;1\/2&#8243;]<div class=\"porto-ultimate-content-box-container \"><style>.porto_ucb_1d3d6ce84034fcac470645913906b6e6{will-change: box-shadow;box-shadow:0px 0px 50px 20px rgba(0,0,0,0.07);}.porto_ucb_1d3d6ce84034fcac470645913906b6e6:hover{box-shadow:0px 0px 50px 20px rgba(0,0,0,0.07)}<\/style><div class=\"porto-ultimate-content-box vc_custom_1545191754987 porto_ucb_1d3d6ce84034fcac470645913906b6e6\" style=\"border: 8px solid #f2f2f2;border-image-source: linear-gradient(#f2f2f2 0%, rgba(33,37,41,0.5) 100%);border-image-slice: 8;\"><div class=\"porto-carousel owl-carousel has-ccols ccols-xl-1 ccols-lg-1 ccols-md-1 ccols-sm-1 ccols-1 mb-0 carousel-areas wpb_custom_c86c2fb53cae9eced42d4b8900a042f3 nav-style-1\" data-appear-animation=\"fadeIn\" data-appear-animation-delay=\"200\" data-appear-animation-duration=\"1500\" data-plugin-options=\"{&quot;themeConfig&quot;:true,&quot;stagePadding&quot;:0,&quot;margin&quot;:0,&quot;autoplay&quot;:&quot;yes&quot;,&quot;mouseDrag&quot;:true,&quot;touchDrag&quot;:true,&quot;autoplayTimeout&quot;:5000,&quot;autoplayHoverPause&quot;:false,&quot;items&quot;:1,&quot;xl&quot;:1,&quot;lg&quot;:1,&quot;md&quot;:1,&quot;sm&quot;:1,&quot;xs&quot;:1,&quot;nav&quot;:&quot;yes&quot;,&quot;dots&quot;:false,&quot;animateIn&quot;:&quot;&quot;,&quot;animateOut&quot;:&quot;&quot;,&quot;loop&quot;:&quot;yes&quot;,&quot;center&quot;:false,&quot;video&quot;:false,&quot;lazyLoad&quot;:false,&quot;fullscreen&quot;:false}\">[vc_row_inner el_class=&#8221;no-padding font-size-sm justify-content-between&#8221; css=&#8221;.vc_custom_1545193633854{background-color: #ededed !important;}&#8221;][vc_column_inner el_class=&#8221;col-auto&#8221; width=&#8221;1\/2&#8243; css=&#8221;.vc_custom_1545193587108{padding-top: 16px !important;padding-bottom: 16px !important;}&#8221;][vc_column_text]<\/p>\n<p class=\"text-dark font-weight-extra-bold mb-0 mx-4\">Una ayuda de alto umbral con pasos<\/p>\n<p>[\/vc_column_text][\/vc_column_inner][vc_column_inner el_class=&#8221;col-auto&#8221; width=&#8221;1\/2&#8243; css=&#8221;.vc_custom_1545193591496{padding-top: 16px !important;padding-bottom: 16px !important;}&#8221;][vc_column_text el_class=&#8221;text-right&#8221; css=&#8221;.vc_custom_1600353204930{padding-right: 1rem !important;padding-left: 1rem !important;}&#8221;]<\/p>\n<p>Para el exterior<\/p>\n<p>[\/vc_column_text][\/vc_column_inner][vc_column_inner][vc_single_image image=&#8221;2642&#8243; img_size=&#8221;full&#8221; alignment=&#8221;center&#8221; el_class=&#8221;mb-0&#8243;][\/vc_column_inner][\/vc_row_inner][vc_row_inner el_class=&#8221;no-padding font-size-sm justify-content-between&#8221; css=&#8221;.vc_custom_1545193637960{background-color: #ededed !important;}&#8221;][vc_column_inner el_class=&#8221;col-auto&#8221; width=&#8221;1\/2&#8243; css=&#8221;.vc_custom_1545193594173{padding-top: 16px !important;padding-bottom: 16px !important;}&#8221;][vc_column_text]<\/p>\n<p class=\"text-dark font-weight-extra-bold mb-0 mx-4\">Una ayuda de umbral con esquina<\/p>\n<p>[\/vc_column_text][\/vc_column_inner][vc_column_inner el_class=&#8221;col-auto&#8221; width=&#8221;1\/2&#8243; css=&#8221;.vc_custom_1545193602713{padding-top: 16px !important;padding-bottom: 16px !important;}&#8221;][\/vc_column_inner][vc_column_inner][vc_single_image image=&#8221;2643&#8243; img_size=&#8221;full&#8221; alignment=&#8221;center&#8221; el_class=&#8221;mb-0&#8243;][\/vc_column_inner][\/vc_row_inner][vc_row_inner el_class=&#8221;no-padding font-size-sm justify-content-between&#8221; css=&#8221;.vc_custom_1545193637960{background-color: #ededed !important;}&#8221;][vc_column_inner el_class=&#8221;col-auto&#8221; width=&#8221;1\/2&#8243; css=&#8221;.vc_custom_1545193594173{padding-top: 16px !important;padding-bottom: 16px !important;}&#8221;][vc_column_text]<\/p>\n<p class=\"text-dark font-weight-extra-bold mb-0 mx-4\">Una ayuda de umbral recto relativamente alta<\/p>\n<p>[\/vc_column_text][\/vc_column_inner][vc_column_inner el_class=&#8221;col-auto&#8221; width=&#8221;1\/2&#8243; css=&#8221;.vc_custom_1545193602713{padding-top: 16px !important;padding-bottom: 16px !important;}&#8221;][vc_column_text el_class=&#8221;text-right&#8221; css=&#8221;.vc_custom_1600413912979{padding-right: 1rem !important;padding-left: 1rem !important;}&#8221;][\/vc_column_text][\/vc_column_inner][vc_column_inner][vc_single_image image=&#8221;2646&#8243; img_size=&#8221;full&#8221; alignment=&#8221;center&#8221; el_class=&#8221;mb-0&#8243;][\/vc_column_inner][\/vc_row_inner][vc_row_inner el_class=&#8221;no-padding font-size-sm justify-content-between&#8221; css=&#8221;.vc_custom_1545193637960{background-color: #ededed !important;}&#8221;][vc_column_inner el_class=&#8221;col-auto&#8221; width=&#8221;1\/2&#8243; css=&#8221;.vc_custom_1545193594173{padding-top: 16px !important;padding-bottom: 16px !important;}&#8221;][vc_column_text]<\/p>\n<p class=\"text-dark font-weight-extra-bold mb-0 mx-4\">Una elevaci\u00f3n de la galer\u00eda<\/p>\n<p>[\/vc_column_text][\/vc_column_inner][vc_column_inner el_class=&#8221;col-auto&#8221; width=&#8221;1\/2&#8243; css=&#8221;.vc_custom_1545193602713{padding-top: 16px !important;padding-bottom: 16px !important;}&#8221;][\/vc_column_inner][vc_column_inner][vc_single_image image=&#8221;2647&#8243; img_size=&#8221;full&#8221; alignment=&#8221;center&#8221; el_class=&#8221;mb-0&#8243;][\/vc_column_inner][\/vc_row_inner][vc_row_inner el_class=&#8221;no-padding font-size-sm justify-content-between&#8221; css=&#8221;.vc_custom_1545193637960{background-color: #ededed !important;}&#8221;][vc_column_inner el_class=&#8221;col-auto&#8221; width=&#8221;1\/2&#8243; css=&#8221;.vc_custom_1545193594173{padding-top: 16px !important;padding-bottom: 16px !important;}&#8221;][vc_column_text]<\/p>\n<p class=\"text-dark font-weight-extra-bold mb-0 mx-4\">Una ayuda de umbral con protecci\u00f3n de salida<\/p>\n<p>[\/vc_column_text][\/vc_column_inner][vc_column_inner el_class=&#8221;col-auto&#8221; width=&#8221;1\/2&#8243; css=&#8221;.vc_custom_1545193602713{padding-top: 16px !important;padding-bottom: 16px !important;}&#8221;][vc_column_text el_class=&#8221;text-right&#8221; css=&#8221;.vc_custom_1600435222176{padding-right: 1rem !important;padding-left: 1rem !important;}&#8221;][\/vc_column_text][\/vc_column_inner][vc_column_inner][vc_single_image image=&#8221;2649&#8243; img_size=&#8221;full&#8221; alignment=&#8221;center&#8221; el_class=&#8221;mb-0&#8243;][\/vc_column_inner][\/vc_row_inner][vc_row_inner el_class=&#8221;no-padding font-size-sm justify-content-between&#8221; css=&#8221;.vc_custom_1545193637960{background-color: #ededed !important;}&#8221;][vc_column_inner el_class=&#8221;col-auto&#8221; width=&#8221;1\/2&#8243; css=&#8221;.vc_custom_1545193594173{padding-top: 16px !important;padding-bottom: 16px !important;}&#8221;][vc_column_text]<\/p>\n<p class=\"text-dark font-weight-extra-bold mb-0 mx-4\">Ayuda de umbral de 3 lados<\/p>\n<p>[\/vc_column_text][\/vc_column_inner][vc_column_inner el_class=&#8221;col-auto&#8221; width=&#8221;1\/2&#8243; css=&#8221;.vc_custom_1545193602713{padding-top: 16px !important;padding-bottom: 16px !important;}&#8221;][vc_column_text el_class=&#8221;text-right&#8221; css=&#8221;.vc_custom_1600435306871{padding-right: 1rem !important;padding-left: 1rem !important;}&#8221;]<\/p>\n<p>Colocado en 2018<\/p>\n<p>[\/vc_column_text][\/vc_column_inner][vc_column_inner][vc_single_image image=&#8221;2650&#8243; img_size=&#8221;full&#8221; alignment=&#8221;center&#8221; el_class=&#8221;mb-0&#8243;][\/vc_column_inner][\/vc_row_inner][vc_row_inner el_class=&#8221;no-padding font-size-sm justify-content-between&#8221; css=&#8221;.vc_custom_1545193637960{background-color: #ededed !important;}&#8221;][vc_column_inner el_class=&#8221;col-auto&#8221; width=&#8221;1\/2&#8243; css=&#8221;.vc_custom_1545193594173{padding-top: 16px !important;padding-bottom: 16px !important;}&#8221;][vc_column_text]<\/p>\n<p class=\"text-dark font-weight-extra-bold mb-0 mx-4\">Ayuda de umbral recto en las puertas corredizas<\/p>\n<p>[\/vc_column_text][\/vc_column_inner][vc_column_inner el_class=&#8221;col-auto&#8221; width=&#8221;1\/2&#8243; css=&#8221;.vc_custom_1545193602713{padding-top: 16px !important;padding-bottom: 16px !important;}&#8221;][vc_column_text el_class=&#8221;text-right&#8221; css=&#8221;.vc_custom_1600435364312{padding-right: 1rem !important;padding-left: 1rem !important;}&#8221;]<\/p>\n<p>Sin protecci\u00f3n de salida<\/p>\n<p>[\/vc_column_text][\/vc_column_inner][vc_column_inner][vc_single_image image=&#8221;2651&#8243; img_size=&#8221;full&#8221; alignment=&#8221;center&#8221; el_class=&#8221;mb-0&#8243;][\/vc_column_inner][\/vc_row_inner][vc_row_inner el_class=&#8221;no-padding font-size-sm justify-content-between&#8221; css=&#8221;.vc_custom_1545193637960{background-color: #ededed !important;}&#8221;][vc_column_inner el_class=&#8221;col-auto&#8221; width=&#8221;1\/2&#8243; css=&#8221;.vc_custom_1545193594173{padding-top: 16px !important;padding-bottom: 16px !important;}&#8221;][vc_column_text]<\/p>\n<p class=\"text-dark font-weight-extra-bold mb-0 mx-4\">Ayuda de umbral con curva<\/p>\n<p>[\/vc_column_text][\/vc_column_inner][vc_column_inner el_class=&#8221;col-auto&#8221; width=&#8221;1\/2&#8243; css=&#8221;.vc_custom_1545193602713{padding-top: 16px !important;padding-bottom: 16px !important;}&#8221;][vc_column_text el_class=&#8221;text-right&#8221; css=&#8221;.vc_custom_1600435496849{padding-right: 1rem !important;padding-left: 1rem !important;}&#8221;]<\/p>\n<p>Colocado en 2017<\/p>\n<p>[\/vc_column_text][\/vc_column_inner][vc_column_inner][vc_single_image image=&#8221;2648&#8243; img_size=&#8221;full&#8221; alignment=&#8221;center&#8221; el_class=&#8221;mb-0&#8243;][\/vc_column_inner][\/vc_row_inner]<\/div><\/div><\/div>[\/vc_column][\/vc_row][vc_row wrap_container=&#8221;yes&#8221; is_section=&#8221;yes&#8221; section_skin=&#8221;parallax&#8221; remove_margin_bottom=&#8221;yes&#8221; remove_padding_bottom=&#8221;yes&#8221; remove_border=&#8221;yes&#8221;][vc_column offset=&#8221;vc_col-md-offset-2 vc_col-md-8&#8243;][\/vc_column][\/vc_row]<\/p>\n<\/div>","protected":false},"excerpt":{"rendered":"<p>[vc_row][vc_column width=&#8221;1\/2&#8243;] [\/vc_column][vc_column width=&#8221;1\/2&#8243;][\/vc_column][\/vc_row][vc_row wrap_container=&#8221;yes&#8221; is_section=&#8221;yes&#8221; section_skin=&#8221;parallax&#8221; remove_margin_bottom=&#8221;yes&#8221; remove_padding_bottom=&#8221;yes&#8221; remove_border=&#8221;yes&#8221;][vc_column offset=&#8221;vc_col-md-offset-2 vc_col-md-8&#8243;][\/vc_column][\/vc_row]<\/p>\n","protected":false},"author":1,"featured_media":0,"parent":0,"menu_order":0,"comment_status":"closed","ping_status":"closed","template":"","meta":{"footnotes":""},"class_list":["post-22154","page","type-page","status-publish","hentry"],"yoast_head":"<!-- This site is optimized with the Yoast SEO plugin v27.3 - https:\/\/yoast.com\/product\/yoast-seo-wordpress\/ -->\n<title>\u00c1lbum de fotos - HomeCare Innovation BV<\/title>\n<meta name=\"robots\" content=\"index, follow, max-snippet:-1, max-image-preview:large, max-video-preview:-1\" \/>\n<link rel=\"canonical\" href=\"https:\/\/homecareinnovation.com\/es\/album-de-fotos\/\" \/>\n<meta property=\"og:locale\" content=\"es_ES\" \/>\n<meta property=\"og:type\" content=\"article\" \/>\n<meta property=\"og:title\" content=\"\u00c1lbum de fotos - HomeCare Innovation BV\" \/>\n<meta property=\"og:description\" content=\"[vc_row][vc_column width=&#8221;1\/2&#8243;] [\/vc_column][vc_column width=&#8221;1\/2&#8243;][\/vc_column][\/vc_row][vc_row wrap_container=&#8221;yes&#8221; is_section=&#8221;yes&#8221; section_skin=&#8221;parallax&#8221; remove_margin_bottom=&#8221;yes&#8221; remove_padding_bottom=&#8221;yes&#8221; remove_border=&#8221;yes&#8221;][vc_column offset=&#8221;vc_col-md-offset-2 vc_col-md-8&#8243;][\/vc_column][\/vc_row]\" \/>\n<meta property=\"og:url\" content=\"https:\/\/homecareinnovation.com\/es\/album-de-fotos\/\" \/>\n<meta property=\"og:site_name\" content=\"HomeCare Innovation BV\" \/>\n<meta property=\"article:publisher\" content=\"https:\/\/www.facebook.com\/HomeCareInnovationBV\/\" \/>\n<meta property=\"article:modified_time\" content=\"2020-12-16T08:12:25+00:00\" \/>\n<meta name=\"twitter:card\" content=\"summary_large_image\" \/>\n<meta name=\"twitter:label1\" content=\"Tiempo de lectura\" \/>\n\t<meta name=\"twitter:data1\" content=\"6 minutos\" \/>\n<script type=\"application\/ld+json\" class=\"yoast-schema-graph\">{\"@context\":\"https:\\\/\\\/schema.org\",\"@graph\":[{\"@type\":\"WebPage\",\"@id\":\"https:\\\/\\\/homecareinnovation.com\\\/es\\\/album-de-fotos\\\/\",\"url\":\"https:\\\/\\\/homecareinnovation.com\\\/es\\\/album-de-fotos\\\/\",\"name\":\"\u00c1lbum de fotos - HomeCare Innovation BV\",\"isPartOf\":{\"@id\":\"https:\\\/\\\/homecareinnovation.com\\\/es\\\/#website\"},\"datePublished\":\"2020-12-16T08:12:23+00:00\",\"dateModified\":\"2020-12-16T08:12:25+00:00\",\"breadcrumb\":{\"@id\":\"https:\\\/\\\/homecareinnovation.com\\\/es\\\/album-de-fotos\\\/#breadcrumb\"},\"inLanguage\":\"es\",\"potentialAction\":[{\"@type\":\"ReadAction\",\"target\":[\"https:\\\/\\\/homecareinnovation.com\\\/es\\\/album-de-fotos\\\/\"]}]},{\"@type\":\"BreadcrumbList\",\"@id\":\"https:\\\/\\\/homecareinnovation.com\\\/es\\\/album-de-fotos\\\/#breadcrumb\",\"itemListElement\":[{\"@type\":\"ListItem\",\"position\":1,\"name\":\"Home\",\"item\":\"https:\\\/\\\/homecareinnovation.com\\\/es\\\/\"},{\"@type\":\"ListItem\",\"position\":2,\"name\":\"\u00c1lbum de fotos\"}]},{\"@type\":\"WebSite\",\"@id\":\"https:\\\/\\\/homecareinnovation.com\\\/es\\\/#website\",\"url\":\"https:\\\/\\\/homecareinnovation.com\\\/es\\\/\",\"name\":\"HomeCare Innovation BV\",\"description\":\"Mayorista de ayudas para ancianos y discapacitados\",\"publisher\":{\"@id\":\"https:\\\/\\\/homecareinnovation.com\\\/es\\\/#organization\"},\"potentialAction\":[{\"@type\":\"SearchAction\",\"target\":{\"@type\":\"EntryPoint\",\"urlTemplate\":\"https:\\\/\\\/homecareinnovation.com\\\/es\\\/?s={search_term_string}\"},\"query-input\":{\"@type\":\"PropertyValueSpecification\",\"valueRequired\":true,\"valueName\":\"search_term_string\"}}],\"inLanguage\":\"es\"},{\"@type\":\"Organization\",\"@id\":\"https:\\\/\\\/homecareinnovation.com\\\/es\\\/#organization\",\"name\":\"HomeCare Innovation BV\",\"url\":\"https:\\\/\\\/homecareinnovation.com\\\/es\\\/\",\"logo\":{\"@type\":\"ImageObject\",\"inLanguage\":\"es\",\"@id\":\"https:\\\/\\\/homecareinnovation.com\\\/es\\\/#\\\/schema\\\/logo\\\/image\\\/\",\"url\":\"https:\\\/\\\/homecareinnovation.com\\\/wp-content\\\/uploads\\\/2021\\\/03\\\/HOME-CARE-LOGO-originele-kleur-klein.png\",\"contentUrl\":\"https:\\\/\\\/homecareinnovation.com\\\/wp-content\\\/uploads\\\/2021\\\/03\\\/HOME-CARE-LOGO-originele-kleur-klein.png\",\"width\":1000,\"height\":357,\"caption\":\"HomeCare Innovation BV\"},\"image\":{\"@id\":\"https:\\\/\\\/homecareinnovation.com\\\/es\\\/#\\\/schema\\\/logo\\\/image\\\/\"},\"sameAs\":[\"https:\\\/\\\/www.facebook.com\\\/HomeCareInnovationBV\\\/\",\"https:\\\/\\\/www.instagram.com\\\/homecareinnovation\\\/\",\"https:\\\/\\\/www.youtube.com\\\/channel\\\/UCg5pUSP6YEDGR5KtKeZe7nw\"]}]}<\/script>\n<!-- \/ Yoast SEO plugin. -->","yoast_head_json":{"title":"\u00c1lbum de fotos - HomeCare Innovation BV","robots":{"index":"index","follow":"follow","max-snippet":"max-snippet:-1","max-image-preview":"max-image-preview:large","max-video-preview":"max-video-preview:-1"},"canonical":"https:\/\/homecareinnovation.com\/es\/album-de-fotos\/","og_locale":"es_ES","og_type":"article","og_title":"\u00c1lbum de fotos - HomeCare Innovation BV","og_description":"[vc_row][vc_column width=&#8221;1\/2&#8243;] [\/vc_column][vc_column width=&#8221;1\/2&#8243;][\/vc_column][\/vc_row][vc_row wrap_container=&#8221;yes&#8221; is_section=&#8221;yes&#8221; section_skin=&#8221;parallax&#8221; remove_margin_bottom=&#8221;yes&#8221; remove_padding_bottom=&#8221;yes&#8221; remove_border=&#8221;yes&#8221;][vc_column offset=&#8221;vc_col-md-offset-2 vc_col-md-8&#8243;][\/vc_column][\/vc_row]","og_url":"https:\/\/homecareinnovation.com\/es\/album-de-fotos\/","og_site_name":"HomeCare Innovation BV","article_publisher":"https:\/\/www.facebook.com\/HomeCareInnovationBV\/","article_modified_time":"2020-12-16T08:12:25+00:00","twitter_card":"summary_large_image","twitter_misc":{"Tiempo de lectura":"6 minutos"},"schema":{"@context":"https:\/\/schema.org","@graph":[{"@type":"WebPage","@id":"https:\/\/homecareinnovation.com\/es\/album-de-fotos\/","url":"https:\/\/homecareinnovation.com\/es\/album-de-fotos\/","name":"\u00c1lbum de fotos - HomeCare Innovation BV","isPartOf":{"@id":"https:\/\/homecareinnovation.com\/es\/#website"},"datePublished":"2020-12-16T08:12:23+00:00","dateModified":"2020-12-16T08:12:25+00:00","breadcrumb":{"@id":"https:\/\/homecareinnovation.com\/es\/album-de-fotos\/#breadcrumb"},"inLanguage":"es","potentialAction":[{"@type":"ReadAction","target":["https:\/\/homecareinnovation.com\/es\/album-de-fotos\/"]}]},{"@type":"BreadcrumbList","@id":"https:\/\/homecareinnovation.com\/es\/album-de-fotos\/#breadcrumb","itemListElement":[{"@type":"ListItem","position":1,"name":"Home","item":"https:\/\/homecareinnovation.com\/es\/"},{"@type":"ListItem","position":2,"name":"\u00c1lbum de fotos"}]},{"@type":"WebSite","@id":"https:\/\/homecareinnovation.com\/es\/#website","url":"https:\/\/homecareinnovation.com\/es\/","name":"HomeCare Innovation BV","description":"Mayorista de ayudas para ancianos y discapacitados","publisher":{"@id":"https:\/\/homecareinnovation.com\/es\/#organization"},"potentialAction":[{"@type":"SearchAction","target":{"@type":"EntryPoint","urlTemplate":"https:\/\/homecareinnovation.com\/es\/?s={search_term_string}"},"query-input":{"@type":"PropertyValueSpecification","valueRequired":true,"valueName":"search_term_string"}}],"inLanguage":"es"},{"@type":"Organization","@id":"https:\/\/homecareinnovation.com\/es\/#organization","name":"HomeCare Innovation BV","url":"https:\/\/homecareinnovation.com\/es\/","logo":{"@type":"ImageObject","inLanguage":"es","@id":"https:\/\/homecareinnovation.com\/es\/#\/schema\/logo\/image\/","url":"https:\/\/homecareinnovation.com\/wp-content\/uploads\/2021\/03\/HOME-CARE-LOGO-originele-kleur-klein.png","contentUrl":"https:\/\/homecareinnovation.com\/wp-content\/uploads\/2021\/03\/HOME-CARE-LOGO-originele-kleur-klein.png","width":1000,"height":357,"caption":"HomeCare Innovation BV"},"image":{"@id":"https:\/\/homecareinnovation.com\/es\/#\/schema\/logo\/image\/"},"sameAs":["https:\/\/www.facebook.com\/HomeCareInnovationBV\/","https:\/\/www.instagram.com\/homecareinnovation\/","https:\/\/www.youtube.com\/channel\/UCg5pUSP6YEDGR5KtKeZe7nw"]}]}},"_links":{"self":[{"href":"https:\/\/homecareinnovation.com\/es\/wp-json\/wp\/v2\/pages\/22154","targetHints":{"allow":["GET"]}}],"collection":[{"href":"https:\/\/homecareinnovation.com\/es\/wp-json\/wp\/v2\/pages"}],"about":[{"href":"https:\/\/homecareinnovation.com\/es\/wp-json\/wp\/v2\/types\/page"}],"author":[{"embeddable":true,"href":"https:\/\/homecareinnovation.com\/es\/wp-json\/wp\/v2\/users\/1"}],"replies":[{"embeddable":true,"href":"https:\/\/homecareinnovation.com\/es\/wp-json\/wp\/v2\/comments?post=22154"}],"version-history":[{"count":0,"href":"https:\/\/homecareinnovation.com\/es\/wp-json\/wp\/v2\/pages\/22154\/revisions"}],"wp:attachment":[{"href":"https:\/\/homecareinnovation.com\/es\/wp-json\/wp\/v2\/media?parent=22154"}],"curies":[{"name":"wp","href":"https:\/\/api.w.org\/{rel}","templated":true}]}}