{"id":22162,"date":"2020-12-16T09:20:26","date_gmt":"2020-12-16T09:20:26","guid":{"rendered":"https:\/\/homecareinnovation.com\/proyectos\/"},"modified":"2020-12-16T09:20:28","modified_gmt":"2020-12-16T09:20:28","slug":"proyectos","status":"publish","type":"page","link":"https:\/\/homecareinnovation.com\/es\/proyectos\/","title":{"rendered":"Proyectos"},"content":{"rendered":"<div class=\"wpb-content-wrapper\"><p>[vc_row][vc_column width=&#8221;1\/2&#8243;][vc_images_carousel images=&#8221;18364,14446,14443,14440,14437,14434,14431,14428&#8243; img_size=&#8221;500&#215;500&#8243; autoplay=&#8221;yes&#8221; wrap=&#8221;yes&#8221;][\/vc_column][vc_column width=&#8221;1\/2&#8243;][vc_column_text]<\/p>\n<h3>Instalaci\u00f3n paso a paso de una ayuda de umbral<\/h3>\n<p>Colocar un umbral de ayuda ya no es un reto para HomeCare Innovation BV. Nuestro equipo de expertos siempre puede ofrecer una soluci\u00f3n adecuada, incluso en la situaci\u00f3n m\u00e1s imposible, gracias a nuestro flexible sistema modular de ayuda para el umbral y a muchas otras soluciones para el umbral. Aqu\u00ed puede ver una instalaci\u00f3n paso a paso de una ayuda de umbral para que pueda ver exactamente c\u00f3mo trabajamos de principio a fin. \u00bfTiene tambi\u00e9n un umbral inc\u00f3modo que le gustar\u00eda hacer accesible a una silla de ruedas? Por favor, h\u00e1ganoslo saber llamando a <a href=\"TEL:\/\/0102420913\">010-242 09 13<\/a> o env\u00edenos un correo electr\u00f3nico: <a href=\"mailto:info@homecareinnovation.com\">info@homecareinnovation.com<\/a> Estaremos encantados de ayudarle.<a href=\"https:\/\/homecareinnovation.com\/es\/categoria-producto\/rampas-para-umbral\/\">Vea tambi\u00e9n nuestras ayudas de umbral est\u00e1ndar&gt;<\/a><\/p>\n<p>[\/vc_column_text][\/vc_column][\/vc_row][vc_row][vc_column width=&#8221;1\/2&#8243;][vc_column_text]<\/p>\n<h3>Balc\u00f3n &amp; elevaciones de galer\u00edas<\/h3>\n<p>Een <a href=\"https:\/\/homecareinnovation.com\/es\/categor\u00eda-de-productos\/rampas-de-acceso\/elevaci\u00f3n-de-la-galer\u00eda-del-balc\u00f3n\/\">alzado del balc\u00f3n o elevaci\u00f3n de la galer\u00eda<\/a> ofrece a los residentes, visitantes, ancianos y discapacitados la oportunidad de vivir de nuevo con total libertad dentro y alrededor de sus casas.  Una soluci\u00f3n ideal es por ejemplo, los VvE que quieren un piso o apartamentos <strong>levantado<\/strong>. Echa un vistazo a una serie de ejemplos de proyectos que hemos llevado a cabo.\u2192 <a class=\"fw_button\" href=\"https:\/\/homecareinnovation.com\/es\/categor\u00eda-de-productos\/rampas-de-acceso\/elevaci\u00f3n-de-galer\u00edas-de-balcones \/\">Haga clic aqu\u00ed para m\u00e1s informaci\u00f3n &gt;<\/a><\/p>\n<p>[\/vc_column_text][\/vc_column][vc_column width=&#8221;1\/2&#8243;][vc_images_carousel images=&#8221;5471,14422,14410,5472,5476,5475,5457,5456,14413&#8243; img_size=&#8221;500&#215;500&#8243; autoplay=&#8221;yes&#8221; wrap=&#8221;yes&#8221;][\/vc_column][\/vc_row][vc_row][vc_column width=&#8221;1\/2&#8243;][vc_images_carousel images=&#8221;3368,4267,4277,3585,3607,4303,3746,3917,4826,3476,4775,4753,4748,3924,14398,5228&#8243; img_size=&#8221;500&#215;500&#8243; autoplay=&#8221;yes&#8221; wrap=&#8221;yes&#8221;][\/vc_column][vc_column width=&#8221;1\/2&#8243;][vc_column_text]<\/p>\n<h3>Sistemas de elevaci\u00f3n<\/h3>\n<p>Los sistemas de elevaci\u00f3n de HomeCare Innovation est\u00e1n dise\u00f1ados para garantizar que pueda realizar sus actividades diarias de forma independiente durante m\u00e1s tiempo. Esto significa que a trav\u00e9s de nuestros <a href=\"https:\/\/homecareinnovation.com\/es\/categor\u00eda-de-productos\/elevadores\/\">elevadores <\/a> puede volver a ba\u00f1arse de forma completamente independiente gracias a los <a href=\"https:\/\/homecareinnovation.com\/es\/categor\u00eda-de-productos\/elevadores\/\">elevadores de ba\u00f1o<\/a>, puede ir al ba\u00f1o a trav\u00e9s de nuestros <a href=\"https:\/\/homecareinnovation.com\/es\/categor\u00eda-de-productos\/elevadores\/elevadores-de-ba\u00f1o\/\"> elevadores de WC <\/a> si puede ir a la cama de forma independiente a trav\u00e9s de nuestro <a href=\"https:\/\/homecareinnovation.com\/es\/categor\u00eda-de-productos\/elevadores\/elevadores-de-piernas\/\"> elevadores de piernas<\/a>. HomeCare Innovation tambi\u00e9n suministra gr\u00faas para ayudar a los cuidadores con <a href=\"https:\/\/homecareinnovation.com\/es\/categor\u00eda-de-productos\/gr\u00faas\/elevadores-de-pacientes-de-pie\/\">Elevar a las personas desde el suelo hacia arriba<\/a>, para utilizar la cocina de forma independiente gracias a la <a href=\"https:\/\/homecareinnovation.com\/es\/categor\u00eda-de-productos\/gr\u00faas\/elevadores-de-encimera\/\">elevadores de encimera<\/a>, <a href=\"https:\/\/homecareinnovation.com\/es\/categor\u00eda-de-productos\/gr\u00faas\/elevadores-de-lavabo\/elevadores-el\u00e9ctricos-de-lavabo\/\">elevadores de lavabo<\/a> para el ba\u00f1o pero incluso <a href=\"https:\/\/homecareinnovation.com\/es\/categor\u00eda-de-productos\/gr\u00faas\/elevadores-de-piscina\/\">elevadores de piscina<\/a> para elevar a las personas dentro y fuera del agua. <a class=\"fw_button\" href=\"https:\/\/homecareinnovation.com\/es\/categoria-producto\/rampas-para-umbral\/\">Pulse aqu\u00ed para ver todos los sistemas de ascensores &gt;<\/a><\/p>\n<p>[\/vc_column_text][\/vc_column][\/vc_row][vc_row][vc_column width=&#8221;1\/2&#8243;][vc_column_text]<\/p>\n<h3>Seguridad de salida<\/h3>\n<p>El tubo de pl\u00e1stico de choque (llamado tubo K) impide la conducci\u00f3n junto a la entrada con, por ejemplo, un scooter de movilidad. La barrera de salida puede colocarse como una variante simple o doble y puede utilizarse para soluciones de umbral a partir de 3,6 cm. de altura. Aqu\u00ed puede ver una serie de ejemplos de ayudas de umbral con una barrera antideslizante.\u00a0\u2192 <a class=\"fw_button\" href=\"https:\/\/homecareinnovation.com\/es\/product\/diversion-protection\/\">Pulse aqu\u00ed para m\u00e1s informaci\u00f3n &gt;<\/a><\/p>\n<p>[\/vc_column_text][\/vc_column][vc_column width=&#8221;1\/2&#8243;][vc_images_carousel images=&#8221;2649,14428,14383,14386,14392,14389,3344,3345&#8243; img_size=&#8221;500&#215;500&#8243; autoplay=&#8221;yes&#8221; wrap=&#8221;yes&#8221;][\/vc_column][\/vc_row][vc_row][vc_column width=&#8221;1\/2&#8243;][vc_images_carousel images=&#8221;14359,14356,14365,14368,14362,14371,14374,14377,14380,14383,14386,14389&#8243; img_size=&#8221;500&#215;500&#8243; autoplay=&#8221;yes&#8221; wrap=&#8221;yes&#8221;][\/vc_column][vc_column width=&#8221;1\/2&#8243;][vc_column_text]<\/p>\n<h3>Las ayudas de umbral recientemente realizadas<\/h3>\n<p>Cada d\u00eda, nuestro equipo de especialistas sale y est\u00e1 a punto de instalar <a href=\"https:\/\/homecareinnovation.com\/es\/producto-categor\u00eda\/rampas-freno\/\">ayudas de umbral <\/a> en los clientes.  Luego llevamos las piezas necesarias con nosotros y las colocamos en el sitio. Gracias al sistema flexible con el que trabajamos, las ayudas de umbral son muy f\u00e1ciles de adaptar para que puedan ser utilizadas en cualquier situaci\u00f3n. \u2190 A la derecha pueden ver una serie de ejemplos de ayudas de umbral recientemente realizadas.<a class=\"fw_button\" href=\"https:\/\/homecareinnovation.com\/es\/categor\u00eda-de-producto\/rampas-de-umbral\/rampas-de-umbral-a medida\/\">Haga clic aqu\u00ed para m\u00e1s informaci\u00f3n. &gt;<\/a><\/p>\n<p>[\/vc_column_text][\/vc_column][\/vc_row][vc_row][vc_column width=&#8221;1\/2&#8243;][vc_column_text]<\/p>\n<h3>Una rampa extra ancha:<\/h3>\n<p>\u00bfPor qu\u00e9 una rampa extra ancha? En casos excepcionales no es posible salvar la rampa con un scooter de movilidad, porque la rampa no es lo suficientemente ancha, esta rampa extra ancha tiene un ancho total de no menos de 88 cm y por lo tanto ofrece una soluci\u00f3n. La rampa est\u00e1 disponible en diferentes longitudes hasta 300 cm y en una versi\u00f3n plegable. <a class=\"fw_button\" href=\"https:\/\/homecareinnovation.com\/es\/categor\u00eda-de-productos\/rampas-de-acceso\/rampas-extra-anchas\/\">Pulse aqu\u00ed para m\u00e1s informaci\u00f3n. &gt;<\/a><\/p>\n<p>[\/vc_column_text][\/vc_column][vc_column width=&#8221;1\/2&#8243;][vc_images_carousel images=&#8221;14353,2963,2962,2961,14341&#8243; img_size=&#8221;500&#215;500&#8243; autoplay=&#8221;yes&#8221; wrap=&#8221;yes&#8221;][\/vc_column][\/vc_row][vc_row][vc_column width=&#8221;1\/2&#8243;][vc_images_carousel images=&#8221;14329,14338,14335,14332&#8243; img_size=&#8221;500&#215;500&#8243; autoplay=&#8221;yes&#8221; wrap=&#8221;yes&#8221;][\/vc_column][vc_column width=&#8221;1\/2&#8243;][vc_column_text]<\/p>\n<h3>Elevaci\u00f3n del piso de la ducha<\/h3>\n<p>Las soluciones de umbral de Excellent Systems pueden ser construidas usando tres \u00e1ngulos de gradiente diferentes:<\/p>\n<ul>\n<li>&#8211; \u00c1ngulo de inclinaci\u00f3n tipo I = 1:6,7<\/li>\n<li>&#8211; \u00c1ngulo de inclinaci\u00f3n tipo II = 1:13,3<\/li>\n<li>&#8211; \u00c1ngulo de inclinaci\u00f3n tipo III = 1:20<\/li>\n<\/ul>\n<p>El \u00e1ngulo de inclinaci\u00f3n tipo I y II puede instalarse en varios lados (lados inclinados), el \u00e1ngulo de inclinaci\u00f3n tipo III s\u00f3lo en un lado (inclinaci\u00f3n recta). En funci\u00f3n de la altura del umbral y del espacio disponible, se elige un determinado \u00e1ngulo de inclinaci\u00f3n. P\u00f3ngase en contacto con nosotros para obtener asesoramiento. <a class=\"fw_button\" href=\"https:\/\/homecareinnovation.com\/es\/producto\/elevaci\u00f3n-del-suelo-de-la-ducha\/\">Pulse aqu\u00ed para m\u00e1s informaci\u00f3n. &gt;<\/a><\/p>\n<p>[\/vc_column_text][\/vc_column][\/vc_row][vc_row][vc_column width=&#8221;1\/2&#8243;][vc_column_text]<\/p>\n<h3>Las rampas de la serie &#8220;Stepless Lite&#8221;<\/h3>\n<p>Las rampas del modelo &#8220;Sin Escala&#8221; est\u00e1n hechas de fibra de carbono y por lo tanto son muy ligeras. Adem\u00e1s, las rampas tambi\u00e9n son f\u00e1ciles de doblar, lo que hace que sean f\u00e1ciles de llevar. Vea el \u00e1lbum de fotos de la derecha para una serie de proyectos en los que se ha utilizado la rampa del modelo &#8220;Sin Escala&#8221;.<\/p>\n<p>[\/vc_column_text][\/vc_column][vc_column width=&#8221;1\/2&#8243;][vc_images_carousel images=&#8221;14320,14318,14326,14314,14316&#8243; img_size=&#8221;500&#215;500&#8243; autoplay=&#8221;yes&#8221; wrap=&#8221;yes&#8221;][\/vc_column][\/vc_row]<\/p>\n<\/div>","protected":false},"excerpt":{"rendered":"<p>[vc_row][vc_column width=&#8221;1\/2&#8243;][vc_images_carousel images=&#8221;18364,14446,14443,14440,14437,14434,14431,14428&#8243; img_size=&#8221;500&#215;500&#8243; autoplay=&#8221;yes&#8221; wrap=&#8221;yes&#8221;][\/vc_column][vc_column width=&#8221;1\/2&#8243;][vc_column_text] Instalaci\u00f3n paso a paso de una ayuda de umbral Colocar un umbral de ayuda ya no es un reto para HomeCare Innovation BV. Nuestro equipo de expertos siempre puede ofrecer una soluci\u00f3n adecuada, incluso en la situaci\u00f3n m\u00e1s imposible, gracias a nuestro flexible sistema modular de ayuda para [&hellip;]<\/p>\n","protected":false},"author":1,"featured_media":0,"parent":0,"menu_order":0,"comment_status":"closed","ping_status":"closed","template":"","meta":{"footnotes":""},"class_list":["post-22162","page","type-page","status-publish","hentry"],"yoast_head":"<!-- This site is optimized with the Yoast SEO plugin v27.3 - https:\/\/yoast.com\/product\/yoast-seo-wordpress\/ -->\n<title>Proyectos - HomeCare Innovation BV<\/title>\n<meta name=\"robots\" content=\"index, follow, max-snippet:-1, max-image-preview:large, max-video-preview:-1\" \/>\n<link rel=\"canonical\" href=\"https:\/\/homecareinnovation.com\/es\/proyectos\/\" \/>\n<meta property=\"og:locale\" content=\"es_ES\" \/>\n<meta property=\"og:type\" content=\"article\" \/>\n<meta property=\"og:title\" content=\"Proyectos - HomeCare Innovation BV\" \/>\n<meta property=\"og:description\" content=\"[vc_row][vc_column width=&#8221;1\/2&#8243;][vc_images_carousel images=&#8221;18364,14446,14443,14440,14437,14434,14431,14428&#8243; img_size=&#8221;500&#215;500&#8243; autoplay=&#8221;yes&#8221; wrap=&#8221;yes&#8221;][\/vc_column][vc_column width=&#8221;1\/2&#8243;][vc_column_text] Instalaci\u00f3n paso a paso de una ayuda de umbral Colocar un umbral de ayuda ya no es un reto para HomeCare Innovation BV. Nuestro equipo de expertos siempre puede ofrecer una soluci\u00f3n adecuada, incluso en la situaci\u00f3n m\u00e1s imposible, gracias a nuestro flexible sistema modular de ayuda para [&hellip;]\" \/>\n<meta property=\"og:url\" content=\"https:\/\/homecareinnovation.com\/es\/proyectos\/\" \/>\n<meta property=\"og:site_name\" content=\"HomeCare Innovation BV\" \/>\n<meta property=\"article:publisher\" content=\"https:\/\/www.facebook.com\/HomeCareInnovationBV\/\" \/>\n<meta property=\"article:modified_time\" content=\"2020-12-16T09:20:28+00:00\" \/>\n<meta name=\"twitter:card\" content=\"summary_large_image\" \/>\n<meta name=\"twitter:label1\" content=\"Tiempo de lectura\" \/>\n\t<meta name=\"twitter:data1\" content=\"5 minutos\" \/>\n<script type=\"application\/ld+json\" class=\"yoast-schema-graph\">{\"@context\":\"https:\\\/\\\/schema.org\",\"@graph\":[{\"@type\":\"WebPage\",\"@id\":\"https:\\\/\\\/homecareinnovation.com\\\/es\\\/proyectos\\\/\",\"url\":\"https:\\\/\\\/homecareinnovation.com\\\/es\\\/proyectos\\\/\",\"name\":\"Proyectos - HomeCare Innovation BV\",\"isPartOf\":{\"@id\":\"https:\\\/\\\/homecareinnovation.com\\\/es\\\/#website\"},\"datePublished\":\"2020-12-16T09:20:26+00:00\",\"dateModified\":\"2020-12-16T09:20:28+00:00\",\"breadcrumb\":{\"@id\":\"https:\\\/\\\/homecareinnovation.com\\\/es\\\/proyectos\\\/#breadcrumb\"},\"inLanguage\":\"es\",\"potentialAction\":[{\"@type\":\"ReadAction\",\"target\":[\"https:\\\/\\\/homecareinnovation.com\\\/es\\\/proyectos\\\/\"]}]},{\"@type\":\"BreadcrumbList\",\"@id\":\"https:\\\/\\\/homecareinnovation.com\\\/es\\\/proyectos\\\/#breadcrumb\",\"itemListElement\":[{\"@type\":\"ListItem\",\"position\":1,\"name\":\"Home\",\"item\":\"https:\\\/\\\/homecareinnovation.com\\\/es\\\/\"},{\"@type\":\"ListItem\",\"position\":2,\"name\":\"Proyectos\"}]},{\"@type\":\"WebSite\",\"@id\":\"https:\\\/\\\/homecareinnovation.com\\\/es\\\/#website\",\"url\":\"https:\\\/\\\/homecareinnovation.com\\\/es\\\/\",\"name\":\"HomeCare Innovation BV\",\"description\":\"Mayorista de ayudas para ancianos y discapacitados\",\"publisher\":{\"@id\":\"https:\\\/\\\/homecareinnovation.com\\\/es\\\/#organization\"},\"potentialAction\":[{\"@type\":\"SearchAction\",\"target\":{\"@type\":\"EntryPoint\",\"urlTemplate\":\"https:\\\/\\\/homecareinnovation.com\\\/es\\\/?s={search_term_string}\"},\"query-input\":{\"@type\":\"PropertyValueSpecification\",\"valueRequired\":true,\"valueName\":\"search_term_string\"}}],\"inLanguage\":\"es\"},{\"@type\":\"Organization\",\"@id\":\"https:\\\/\\\/homecareinnovation.com\\\/es\\\/#organization\",\"name\":\"HomeCare Innovation BV\",\"url\":\"https:\\\/\\\/homecareinnovation.com\\\/es\\\/\",\"logo\":{\"@type\":\"ImageObject\",\"inLanguage\":\"es\",\"@id\":\"https:\\\/\\\/homecareinnovation.com\\\/es\\\/#\\\/schema\\\/logo\\\/image\\\/\",\"url\":\"https:\\\/\\\/homecareinnovation.com\\\/wp-content\\\/uploads\\\/2021\\\/03\\\/HOME-CARE-LOGO-originele-kleur-klein.png\",\"contentUrl\":\"https:\\\/\\\/homecareinnovation.com\\\/wp-content\\\/uploads\\\/2021\\\/03\\\/HOME-CARE-LOGO-originele-kleur-klein.png\",\"width\":1000,\"height\":357,\"caption\":\"HomeCare Innovation BV\"},\"image\":{\"@id\":\"https:\\\/\\\/homecareinnovation.com\\\/es\\\/#\\\/schema\\\/logo\\\/image\\\/\"},\"sameAs\":[\"https:\\\/\\\/www.facebook.com\\\/HomeCareInnovationBV\\\/\",\"https:\\\/\\\/www.instagram.com\\\/homecareinnovation\\\/\",\"https:\\\/\\\/www.youtube.com\\\/channel\\\/UCg5pUSP6YEDGR5KtKeZe7nw\"]}]}<\/script>\n<!-- \/ Yoast SEO plugin. -->","yoast_head_json":{"title":"Proyectos - HomeCare Innovation BV","robots":{"index":"index","follow":"follow","max-snippet":"max-snippet:-1","max-image-preview":"max-image-preview:large","max-video-preview":"max-video-preview:-1"},"canonical":"https:\/\/homecareinnovation.com\/es\/proyectos\/","og_locale":"es_ES","og_type":"article","og_title":"Proyectos - HomeCare Innovation BV","og_description":"[vc_row][vc_column width=&#8221;1\/2&#8243;][vc_images_carousel images=&#8221;18364,14446,14443,14440,14437,14434,14431,14428&#8243; img_size=&#8221;500&#215;500&#8243; autoplay=&#8221;yes&#8221; wrap=&#8221;yes&#8221;][\/vc_column][vc_column width=&#8221;1\/2&#8243;][vc_column_text] Instalaci\u00f3n paso a paso de una ayuda de umbral Colocar un umbral de ayuda ya no es un reto para HomeCare Innovation BV. Nuestro equipo de expertos siempre puede ofrecer una soluci\u00f3n adecuada, incluso en la situaci\u00f3n m\u00e1s imposible, gracias a nuestro flexible sistema modular de ayuda para [&hellip;]","og_url":"https:\/\/homecareinnovation.com\/es\/proyectos\/","og_site_name":"HomeCare Innovation BV","article_publisher":"https:\/\/www.facebook.com\/HomeCareInnovationBV\/","article_modified_time":"2020-12-16T09:20:28+00:00","twitter_card":"summary_large_image","twitter_misc":{"Tiempo de lectura":"5 minutos"},"schema":{"@context":"https:\/\/schema.org","@graph":[{"@type":"WebPage","@id":"https:\/\/homecareinnovation.com\/es\/proyectos\/","url":"https:\/\/homecareinnovation.com\/es\/proyectos\/","name":"Proyectos - HomeCare Innovation BV","isPartOf":{"@id":"https:\/\/homecareinnovation.com\/es\/#website"},"datePublished":"2020-12-16T09:20:26+00:00","dateModified":"2020-12-16T09:20:28+00:00","breadcrumb":{"@id":"https:\/\/homecareinnovation.com\/es\/proyectos\/#breadcrumb"},"inLanguage":"es","potentialAction":[{"@type":"ReadAction","target":["https:\/\/homecareinnovation.com\/es\/proyectos\/"]}]},{"@type":"BreadcrumbList","@id":"https:\/\/homecareinnovation.com\/es\/proyectos\/#breadcrumb","itemListElement":[{"@type":"ListItem","position":1,"name":"Home","item":"https:\/\/homecareinnovation.com\/es\/"},{"@type":"ListItem","position":2,"name":"Proyectos"}]},{"@type":"WebSite","@id":"https:\/\/homecareinnovation.com\/es\/#website","url":"https:\/\/homecareinnovation.com\/es\/","name":"HomeCare Innovation BV","description":"Mayorista de ayudas para ancianos y discapacitados","publisher":{"@id":"https:\/\/homecareinnovation.com\/es\/#organization"},"potentialAction":[{"@type":"SearchAction","target":{"@type":"EntryPoint","urlTemplate":"https:\/\/homecareinnovation.com\/es\/?s={search_term_string}"},"query-input":{"@type":"PropertyValueSpecification","valueRequired":true,"valueName":"search_term_string"}}],"inLanguage":"es"},{"@type":"Organization","@id":"https:\/\/homecareinnovation.com\/es\/#organization","name":"HomeCare Innovation BV","url":"https:\/\/homecareinnovation.com\/es\/","logo":{"@type":"ImageObject","inLanguage":"es","@id":"https:\/\/homecareinnovation.com\/es\/#\/schema\/logo\/image\/","url":"https:\/\/homecareinnovation.com\/wp-content\/uploads\/2021\/03\/HOME-CARE-LOGO-originele-kleur-klein.png","contentUrl":"https:\/\/homecareinnovation.com\/wp-content\/uploads\/2021\/03\/HOME-CARE-LOGO-originele-kleur-klein.png","width":1000,"height":357,"caption":"HomeCare Innovation BV"},"image":{"@id":"https:\/\/homecareinnovation.com\/es\/#\/schema\/logo\/image\/"},"sameAs":["https:\/\/www.facebook.com\/HomeCareInnovationBV\/","https:\/\/www.instagram.com\/homecareinnovation\/","https:\/\/www.youtube.com\/channel\/UCg5pUSP6YEDGR5KtKeZe7nw"]}]}},"_links":{"self":[{"href":"https:\/\/homecareinnovation.com\/es\/wp-json\/wp\/v2\/pages\/22162","targetHints":{"allow":["GET"]}}],"collection":[{"href":"https:\/\/homecareinnovation.com\/es\/wp-json\/wp\/v2\/pages"}],"about":[{"href":"https:\/\/homecareinnovation.com\/es\/wp-json\/wp\/v2\/types\/page"}],"author":[{"embeddable":true,"href":"https:\/\/homecareinnovation.com\/es\/wp-json\/wp\/v2\/users\/1"}],"replies":[{"embeddable":true,"href":"https:\/\/homecareinnovation.com\/es\/wp-json\/wp\/v2\/comments?post=22162"}],"version-history":[{"count":0,"href":"https:\/\/homecareinnovation.com\/es\/wp-json\/wp\/v2\/pages\/22162\/revisions"}],"wp:attachment":[{"href":"https:\/\/homecareinnovation.com\/es\/wp-json\/wp\/v2\/media?parent=22162"}],"curies":[{"name":"wp","href":"https:\/\/api.w.org\/{rel}","templated":true}]}}