{"id":22167,"date":"2020-12-16T09:30:05","date_gmt":"2020-12-16T09:30:05","guid":{"rendered":"https:\/\/homecareinnovation.com\/condiciones-de-devolucion\/"},"modified":"2020-12-16T09:30:06","modified_gmt":"2020-12-16T09:30:06","slug":"condiciones-de-devolucion","status":"publish","type":"page","link":"https:\/\/homecareinnovation.com\/es\/condiciones-de-devolucion\/","title":{"rendered":"Condiciones de devoluci\u00f3n"},"content":{"rendered":"<div class=\"wpb-content-wrapper\"><p>[vc_row][vc_column][vc_column_text]<\/p>\n<h2 style=\"text-align: center;\">Condiciones de devoluci\u00f3n<\/h2>\n<p>[\/vc_column_text][\/vc_column]<\/p>\n<p>[\/vc_row][vc_row wrap_container=&#8221;yes&#8221; animation_duration=&#8221;100&#8243; el_id=&#8221;ourservices&#8221; css=&#8221;.vc_custom_1599556815520{padding-top: 30px !important;padding-bottom: 60px !important;}&#8221; animation_type=&#8221;fadeIn&#8221;]<\/p>\n<p>[vc_column][vc_row_inner el_class=&#8221;justify-content-center&#8221;][vc_column_inner width=&#8221;1\/2&#8243;]<\/p>\n<div class=\"porto-sicon-box px-4  wpb_custom_1efe903570d178ff0a9b7bfa5febd3a4 style_1 top-icon\"><div class=\"porto-sicon-top\"><div class=\"porto-just-icon-wrapper porto-sicon-img  porto-icon-9f5d1cfb45d27d96b50bf473aebba227\" style=\"font-size: 350px;\"><img loading=\"lazy\" decoding=\"async\" class=\"img-icon\" alt=\"\" src=\"https:\/\/homecareinnovation.com\/wp-content\/uploads\/2020\/08\/imageedit-51-8412056170.jpg\" width=\"242\" height=\"161\" \/><\/div><\/div><div class=\"porto-sicon-header\"><h3 class=\"porto-sicon-title\" style=\"font-size:28px;line-height:36px;\">Standard product<\/h3><\/div> <!-- header --><div class=\"porto-sicon-description\" style=\"font-size:15.4px;\">\n<p style=\"text-align: left;\">Tiene el derecho de cancelar su pedido hasta 14 d\u00edas despu\u00e9s de su recepci\u00f3n sin dar ninguna raz\u00f3n. Despu\u00e9s de la cancelaci\u00f3n tienes otros 14 d\u00edas para devolver el producto. Entonces se le acreditar\u00e1 el importe total del pedido incluyendo los gastos de env\u00edo. Tambi\u00e9n nos encargaremos de los gastos de devoluci\u00f3n de su producto.<\/p>\n<p><\/div> <!-- description --><\/div><!-- porto-sicon-box -->\n<p>[\/vc_column_inner][vc_column_inner width=&#8221;1\/2&#8243;]<\/p>\n<div class=\"porto-sicon-box px-4  wpb_custom_1efe903570d178ff0a9b7bfa5febd3a4 style_1 top-icon\"><div class=\"porto-sicon-top\"><div class=\"porto-just-icon-wrapper porto-sicon-img  porto-icon-9f5d1cfb45d27d96b50bf473aebba227\" style=\"font-size: 250px;\"><img loading=\"lazy\" decoding=\"async\" class=\"img-icon\" alt=\"\" src=\"https:\/\/homecareinnovation.com\/wp-content\/uploads\/2020\/08\/imageedit-37-9814429059.jpg\" width=\"242\" height=\"232\" \/><\/div><\/div><div class=\"porto-sicon-header\"><h3 class=\"porto-sicon-title\" style=\"font-size:28px;line-height:36px;\">Custom product<\/h3><\/div> <!-- header --><div class=\"porto-sicon-description\" style=\"font-size:15.4px;\">\n<p style=\"text-align: left;\">Cuando el producto es hecho a medida por nosotros seg\u00fan las especificaciones que usted ha introducido. El derecho de retractaci\u00f3n no se aplica.\u00a0La venta es por lo tanto definitiva despu\u00e9s de un pago exitoso.<\/p>\n<p>Los productos hechos a medida no ser\u00e1n devueltos ni reembolsados.<\/div> <!-- description --><\/div><!-- porto-sicon-box -->\n<p>[\/vc_column_inner][\/vc_row_inner][\/vc_column][\/vc_row][vc_row][vc_column]<div class=\"porto-sicon-box px-4  wpb_custom_1efe903570d178ff0a9b7bfa5febd3a4 style_1 top-icon\"><div class=\"porto-sicon-top\"><div class=\"porto-just-icon-wrapper porto-icon none\" style=\"color:#1e73be;font-size:80px;\"><i class=\"porto-icon-money\"><\/i><\/div><\/div><div class=\"porto-sicon-header\"><h3 class=\"porto-sicon-title\" style=\"font-size:28px;line-height:36px;\">Refund within 14 days<\/h3><\/div> <!-- header --><div class=\"porto-sicon-description\" style=\"font-size:15.4px;\">\n<p style=\"text-align: center;\">Garantizamos un reembolso completo incluyendo cualquier gasto de env\u00edo cobrado dentro de los 14 d\u00edas de la devoluci\u00f3n.<\/p>\n<p style=\"text-align: center;\">Sin embargo, s\u00f3lo reembolsaremos esta cantidad una vez que hayamos recibido el producto.<\/p>\n<p><\/div> <!-- description --><\/div><!-- porto-sicon-box -->[\/vc_column][\/vc_row][vc_row][vc_column]<div class=\"porto-sicon-box px-4  wpb_custom_1efe903570d178ff0a9b7bfa5febd3a4 style_1 top-icon\"><div class=\"porto-sicon-top\"><div class=\"porto-just-icon-wrapper porto-icon none\" style=\"color:#1e73be;font-size:60px;\"><i class=\"porto-icon-company\"><\/i><\/div><\/div><div class=\"porto-sicon-header\"><h3 class=\"porto-sicon-title\" style=\"font-size:28px;line-height:36px;\">El derecho de retractaci\u00f3n de un vistazo<\/h3><\/div> <!-- header --><div class=\"porto-sicon-description\" style=\"font-size:15.4px;\">\n<p style=\"text-align: center;\">Si ejerce su derecho de desistimiento, el producto ser\u00e1 devuelto al empresario con todos los accesorios entregados y &#8211; si es razonablemente posible &#8211; en su estado y embalaje original.<\/p>\n<p style=\"text-align: center;\">Para ejercer este derecho, por favor cont\u00e1ctenos a trav\u00e9s de:<a href=\"mailto:info@homecareinnovation.com\"> info@homecareinnovation.com<\/a>. Le devolveremos el importe del pedido dentro de los 14 d\u00edas siguientes al registro de la devoluci\u00f3n si el producto ya ha sido devuelto en buen estado.<\/p>\n<p><\/div> <!-- description --><\/div><!-- porto-sicon-box -->[\/vc_column][\/vc_row]<\/p>\n<\/div>","protected":false},"excerpt":{"rendered":"<p>[vc_row][vc_column][vc_column_text] Condiciones de devoluci\u00f3n [\/vc_column_text][\/vc_column] [\/vc_row][vc_row wrap_container=&#8221;yes&#8221; animation_duration=&#8221;100&#8243; el_id=&#8221;ourservices&#8221; css=&#8221;.vc_custom_1599556815520{padding-top: 30px !important;padding-bottom: 60px !important;}&#8221; animation_type=&#8221;fadeIn&#8221;] [vc_column][vc_row_inner el_class=&#8221;justify-content-center&#8221;][vc_column_inner width=&#8221;1\/2&#8243;] [\/vc_column_inner][vc_column_inner width=&#8221;1\/2&#8243;] [\/vc_column_inner][\/vc_row_inner][\/vc_column][\/vc_row][vc_row][vc_column][\/vc_column][\/vc_row][vc_row][vc_column][\/vc_column][\/vc_row]<\/p>\n","protected":false},"author":1,"featured_media":0,"parent":0,"menu_order":0,"comment_status":"closed","ping_status":"closed","template":"","meta":{"footnotes":""},"class_list":["post-22167","page","type-page","status-publish","hentry"],"yoast_head":"<!-- This site is optimized with the Yoast SEO plugin v27.5 - https:\/\/yoast.com\/product\/yoast-seo-wordpress\/ -->\n<title>Condiciones de devoluci\u00f3n - HomeCare Innovation BV<\/title>\n<meta name=\"robots\" content=\"index, follow, max-snippet:-1, max-image-preview:large, max-video-preview:-1\" \/>\n<link rel=\"canonical\" href=\"https:\/\/homecareinnovation.com\/es\/condiciones-de-devolucion\/\" \/>\n<meta property=\"og:locale\" content=\"es_ES\" \/>\n<meta property=\"og:type\" content=\"article\" \/>\n<meta property=\"og:title\" content=\"Condiciones de devoluci\u00f3n - HomeCare Innovation BV\" \/>\n<meta property=\"og:description\" content=\"[vc_row][vc_column][vc_column_text] Condiciones de devoluci\u00f3n [\/vc_column_text][\/vc_column] [\/vc_row][vc_row wrap_container=&#8221;yes&#8221; animation_duration=&#8221;100&#8243; el_id=&#8221;ourservices&#8221; css=&#8221;.vc_custom_1599556815520{padding-top: 30px !important;padding-bottom: 60px !important;}&#8221; animation_type=&#8221;fadeIn&#8221;] [vc_column][vc_row_inner el_class=&#8221;justify-content-center&#8221;][vc_column_inner width=&#8221;1\/2&#8243;] [\/vc_column_inner][vc_column_inner width=&#8221;1\/2&#8243;] [\/vc_column_inner][\/vc_row_inner][\/vc_column][\/vc_row][vc_row][vc_column][\/vc_column][\/vc_row][vc_row][vc_column][\/vc_column][\/vc_row]\" \/>\n<meta property=\"og:url\" content=\"https:\/\/homecareinnovation.com\/es\/condiciones-de-devolucion\/\" \/>\n<meta property=\"og:site_name\" content=\"HomeCare Innovation BV\" \/>\n<meta property=\"article:publisher\" content=\"https:\/\/www.facebook.com\/HomeCareInnovationBV\/\" \/>\n<meta property=\"article:modified_time\" content=\"2020-12-16T09:30:06+00:00\" \/>\n<meta name=\"twitter:card\" content=\"summary_large_image\" \/>\n<meta name=\"twitter:label1\" content=\"Tiempo de lectura\" \/>\n\t<meta name=\"twitter:data1\" content=\"2 minutos\" \/>\n<script type=\"application\/ld+json\" class=\"yoast-schema-graph\">{\"@context\":\"https:\\\/\\\/schema.org\",\"@graph\":[{\"@type\":\"WebPage\",\"@id\":\"https:\\\/\\\/homecareinnovation.com\\\/es\\\/condiciones-de-devolucion\\\/\",\"url\":\"https:\\\/\\\/homecareinnovation.com\\\/es\\\/condiciones-de-devolucion\\\/\",\"name\":\"Condiciones de devoluci\u00f3n - HomeCare Innovation BV\",\"isPartOf\":{\"@id\":\"https:\\\/\\\/homecareinnovation.com\\\/es\\\/#website\"},\"datePublished\":\"2020-12-16T09:30:05+00:00\",\"dateModified\":\"2020-12-16T09:30:06+00:00\",\"breadcrumb\":{\"@id\":\"https:\\\/\\\/homecareinnovation.com\\\/es\\\/condiciones-de-devolucion\\\/#breadcrumb\"},\"inLanguage\":\"es\",\"potentialAction\":[{\"@type\":\"ReadAction\",\"target\":[\"https:\\\/\\\/homecareinnovation.com\\\/es\\\/condiciones-de-devolucion\\\/\"]}]},{\"@type\":\"BreadcrumbList\",\"@id\":\"https:\\\/\\\/homecareinnovation.com\\\/es\\\/condiciones-de-devolucion\\\/#breadcrumb\",\"itemListElement\":[{\"@type\":\"ListItem\",\"position\":1,\"name\":\"Home\",\"item\":\"https:\\\/\\\/homecareinnovation.com\\\/es\\\/\"},{\"@type\":\"ListItem\",\"position\":2,\"name\":\"Condiciones de devoluci\u00f3n\"}]},{\"@type\":\"WebSite\",\"@id\":\"https:\\\/\\\/homecareinnovation.com\\\/es\\\/#website\",\"url\":\"https:\\\/\\\/homecareinnovation.com\\\/es\\\/\",\"name\":\"HomeCare Innovation BV\",\"description\":\"Mayorista de ayudas para ancianos y discapacitados\",\"publisher\":{\"@id\":\"https:\\\/\\\/homecareinnovation.com\\\/es\\\/#organization\"},\"potentialAction\":[{\"@type\":\"SearchAction\",\"target\":{\"@type\":\"EntryPoint\",\"urlTemplate\":\"https:\\\/\\\/homecareinnovation.com\\\/es\\\/?s={search_term_string}\"},\"query-input\":{\"@type\":\"PropertyValueSpecification\",\"valueRequired\":true,\"valueName\":\"search_term_string\"}}],\"inLanguage\":\"es\"},{\"@type\":\"Organization\",\"@id\":\"https:\\\/\\\/homecareinnovation.com\\\/es\\\/#organization\",\"name\":\"HomeCare Innovation BV\",\"url\":\"https:\\\/\\\/homecareinnovation.com\\\/es\\\/\",\"logo\":{\"@type\":\"ImageObject\",\"inLanguage\":\"es\",\"@id\":\"https:\\\/\\\/homecareinnovation.com\\\/es\\\/#\\\/schema\\\/logo\\\/image\\\/\",\"url\":\"https:\\\/\\\/homecareinnovation.com\\\/wp-content\\\/uploads\\\/2021\\\/03\\\/HOME-CARE-LOGO-originele-kleur-klein.png\",\"contentUrl\":\"https:\\\/\\\/homecareinnovation.com\\\/wp-content\\\/uploads\\\/2021\\\/03\\\/HOME-CARE-LOGO-originele-kleur-klein.png\",\"width\":1000,\"height\":357,\"caption\":\"HomeCare Innovation BV\"},\"image\":{\"@id\":\"https:\\\/\\\/homecareinnovation.com\\\/es\\\/#\\\/schema\\\/logo\\\/image\\\/\"},\"sameAs\":[\"https:\\\/\\\/www.facebook.com\\\/HomeCareInnovationBV\\\/\",\"https:\\\/\\\/www.instagram.com\\\/homecareinnovation\\\/\",\"https:\\\/\\\/www.youtube.com\\\/channel\\\/UCg5pUSP6YEDGR5KtKeZe7nw\"]}]}<\/script>\n<!-- \/ Yoast SEO plugin. -->","yoast_head_json":{"title":"Condiciones de devoluci\u00f3n - HomeCare Innovation BV","robots":{"index":"index","follow":"follow","max-snippet":"max-snippet:-1","max-image-preview":"max-image-preview:large","max-video-preview":"max-video-preview:-1"},"canonical":"https:\/\/homecareinnovation.com\/es\/condiciones-de-devolucion\/","og_locale":"es_ES","og_type":"article","og_title":"Condiciones de devoluci\u00f3n - HomeCare Innovation BV","og_description":"[vc_row][vc_column][vc_column_text] Condiciones de devoluci\u00f3n [\/vc_column_text][\/vc_column] [\/vc_row][vc_row wrap_container=&#8221;yes&#8221; animation_duration=&#8221;100&#8243; el_id=&#8221;ourservices&#8221; css=&#8221;.vc_custom_1599556815520{padding-top: 30px !important;padding-bottom: 60px !important;}&#8221; animation_type=&#8221;fadeIn&#8221;] [vc_column][vc_row_inner el_class=&#8221;justify-content-center&#8221;][vc_column_inner width=&#8221;1\/2&#8243;] [\/vc_column_inner][vc_column_inner width=&#8221;1\/2&#8243;] [\/vc_column_inner][\/vc_row_inner][\/vc_column][\/vc_row][vc_row][vc_column][\/vc_column][\/vc_row][vc_row][vc_column][\/vc_column][\/vc_row]","og_url":"https:\/\/homecareinnovation.com\/es\/condiciones-de-devolucion\/","og_site_name":"HomeCare Innovation BV","article_publisher":"https:\/\/www.facebook.com\/HomeCareInnovationBV\/","article_modified_time":"2020-12-16T09:30:06+00:00","twitter_card":"summary_large_image","twitter_misc":{"Tiempo de lectura":"2 minutos"},"schema":{"@context":"https:\/\/schema.org","@graph":[{"@type":"WebPage","@id":"https:\/\/homecareinnovation.com\/es\/condiciones-de-devolucion\/","url":"https:\/\/homecareinnovation.com\/es\/condiciones-de-devolucion\/","name":"Condiciones de devoluci\u00f3n - HomeCare Innovation BV","isPartOf":{"@id":"https:\/\/homecareinnovation.com\/es\/#website"},"datePublished":"2020-12-16T09:30:05+00:00","dateModified":"2020-12-16T09:30:06+00:00","breadcrumb":{"@id":"https:\/\/homecareinnovation.com\/es\/condiciones-de-devolucion\/#breadcrumb"},"inLanguage":"es","potentialAction":[{"@type":"ReadAction","target":["https:\/\/homecareinnovation.com\/es\/condiciones-de-devolucion\/"]}]},{"@type":"BreadcrumbList","@id":"https:\/\/homecareinnovation.com\/es\/condiciones-de-devolucion\/#breadcrumb","itemListElement":[{"@type":"ListItem","position":1,"name":"Home","item":"https:\/\/homecareinnovation.com\/es\/"},{"@type":"ListItem","position":2,"name":"Condiciones de devoluci\u00f3n"}]},{"@type":"WebSite","@id":"https:\/\/homecareinnovation.com\/es\/#website","url":"https:\/\/homecareinnovation.com\/es\/","name":"HomeCare Innovation BV","description":"Mayorista de ayudas para ancianos y discapacitados","publisher":{"@id":"https:\/\/homecareinnovation.com\/es\/#organization"},"potentialAction":[{"@type":"SearchAction","target":{"@type":"EntryPoint","urlTemplate":"https:\/\/homecareinnovation.com\/es\/?s={search_term_string}"},"query-input":{"@type":"PropertyValueSpecification","valueRequired":true,"valueName":"search_term_string"}}],"inLanguage":"es"},{"@type":"Organization","@id":"https:\/\/homecareinnovation.com\/es\/#organization","name":"HomeCare Innovation BV","url":"https:\/\/homecareinnovation.com\/es\/","logo":{"@type":"ImageObject","inLanguage":"es","@id":"https:\/\/homecareinnovation.com\/es\/#\/schema\/logo\/image\/","url":"https:\/\/homecareinnovation.com\/wp-content\/uploads\/2021\/03\/HOME-CARE-LOGO-originele-kleur-klein.png","contentUrl":"https:\/\/homecareinnovation.com\/wp-content\/uploads\/2021\/03\/HOME-CARE-LOGO-originele-kleur-klein.png","width":1000,"height":357,"caption":"HomeCare Innovation BV"},"image":{"@id":"https:\/\/homecareinnovation.com\/es\/#\/schema\/logo\/image\/"},"sameAs":["https:\/\/www.facebook.com\/HomeCareInnovationBV\/","https:\/\/www.instagram.com\/homecareinnovation\/","https:\/\/www.youtube.com\/channel\/UCg5pUSP6YEDGR5KtKeZe7nw"]}]}},"_links":{"self":[{"href":"https:\/\/homecareinnovation.com\/es\/wp-json\/wp\/v2\/pages\/22167","targetHints":{"allow":["GET"]}}],"collection":[{"href":"https:\/\/homecareinnovation.com\/es\/wp-json\/wp\/v2\/pages"}],"about":[{"href":"https:\/\/homecareinnovation.com\/es\/wp-json\/wp\/v2\/types\/page"}],"author":[{"embeddable":true,"href":"https:\/\/homecareinnovation.com\/es\/wp-json\/wp\/v2\/users\/1"}],"replies":[{"embeddable":true,"href":"https:\/\/homecareinnovation.com\/es\/wp-json\/wp\/v2\/comments?post=22167"}],"version-history":[{"count":0,"href":"https:\/\/homecareinnovation.com\/es\/wp-json\/wp\/v2\/pages\/22167\/revisions"}],"wp:attachment":[{"href":"https:\/\/homecareinnovation.com\/es\/wp-json\/wp\/v2\/media?parent=22167"}],"curies":[{"name":"wp","href":"https:\/\/api.w.org\/{rel}","templated":true}]}}