{"id":10327,"date":"2020-11-10T09:50:29","date_gmt":"2020-11-10T09:50:29","guid":{"rendered":"https:\/\/homecareinnovation.com\/les-ergotherapeutes\/"},"modified":"2020-11-30T10:49:28","modified_gmt":"2020-11-30T10:49:28","slug":"les-ergotherapeutes","status":"publish","type":"page","link":"https:\/\/homecareinnovation.com\/fr\/les-ergotherapeutes\/","title":{"rendered":"les ergoth\u00e9rapeutes"},"content":{"rendered":"<div class=\"wpb-content-wrapper\"><p>[vc_row wrap_container=&#8221;yes&#8221; text_align=&#8221;center&#8221; css=&#8221;.vc_custom_1519871900664{padding-top: 50px !important;padding-bottom: 20px !important;}&#8221;][vc_column offset=&#8221;vc_col-lg-offset-2 vc_col-lg-8 vc_col-md-offset-1 vc_col-md-10&#8243;]<div class=\"porto-u-heading  wpb_custom_95aa9a11c17ad45cfabaf210d84ee7cc porto-u-55ca8359258f9a412be7e73af65d2aac \"><div class=\"porto-u-main-heading\"><h1  >Notre collaboration avec les ergoth\u00e9rapeutes<\/h1><\/div><style>.porto-u-55ca8359258f9a412be7e73af65d2aac.porto-u-heading{text-align:center}<\/style><\/div>[vc_empty_space][vc_column_text]<\/p>\n<p>En tant qu&#8217;ergoth\u00e9rapeute, vous vous engagez, entre autres, \u00e0 contribuer \u00e0 l&#8217;autonomie des personnes \u00e2g\u00e9es ou \u00e0 mobilit\u00e9 r\u00e9duite. Ce faisant, il arrivera r\u00e9guli\u00e8rement que votre client b\u00e9n\u00e9ficie d&#8217;une certaine aide afin de pouvoir entreprendre ses activit\u00e9s quotidiennes de mani\u00e8re plus autonome.<\/p>\n<p>En tant que fournisseur d&#8217;une large gamme d&#8217;outils, nous pouvons dans de tr\u00e8s nombreux cas, \u00e0 partir de notre propre gamme, proposer une solution adapt\u00e9e aux probl\u00e8mes ou d\u00e9fis que votre client rencontre au quotidien. En outre, nous pourrions \u00e9galement vous renvoyer \u00e0 des produits qui ne font pas partie de notre gamme.<\/p>\n<p>Nos experts chevronn\u00e9s peuvent travailler avec vous pour trouver les outils appropri\u00e9s pour votre client afin de r\u00e9soudre un probl\u00e8me particulier de mani\u00e8re cibl\u00e9e.<\/p>\n<p><strong>Contact:<\/strong><\/p>\n<p>Pour des questions g\u00e9n\u00e9rales ou sp\u00e9cifiques, vous pouvez nous appeler : +31 (0)10 242 09 13 ou envoyez-nous un courriel : <a href=\"mailto:info@homecareinnovation.com\">info@homecareinnovation.com<\/a>. Un de nos experts se fera un plaisir de vous aider!<\/p>\n<p>[\/vc_column_text][\/vc_column][\/vc_row][vc_row css=&#8221;.vc_custom_1559062988702{background-color: #f4f4f4 !important;}&#8221; el_class=&#8221;px-0&#8243;][vc_column width=&#8221;1\/2&#8243; css=&#8221;.vc_custom_1603458926496{padding-top: 20vh !important;padding-bottom: 20vh !important;background-image: url(https:\/\/homecareinnovation.com\/wp-content\/uploads\/2020\/10\/andre-ouellet-FzECg2eNhj4-unsplash-1-1.jpg?id=5954) !important;background-position: center !important;background-repeat: no-repeat !important;background-size: cover !important;}&#8221;][\/vc_column][vc_column width=&#8221;1\/2&#8243; css=&#8221;.vc_custom_1519878339296{padding-top: 60px !important;padding-bottom: 60px !important;}&#8221;]<div class=\"porto-u-heading col-half-section  wpb_custom_95aa9a11c17ad45cfabaf210d84ee7cc porto-u-ad87e2eaf3f9c495180fe0156ddf3eb0 \"><div class=\"porto-u-main-heading\"><h1   style=\"font-family:Oswald;font-weight:700;color:#282d3b;font-size:16px;line-height:16px;\">Ce que nous pouvons faire pour vous:<\/h1><\/div><style>.porto-u-ad87e2eaf3f9c495180fe0156ddf3eb0.porto-u-heading{text-align:left}<\/style><\/div>[vc_accordion active_tab=&#8221;1&#8243; type=&#8221;without-bg&#8221; size=&#8221;panel-group-lg&#8221; el_class=&#8221;col-half-section&#8221;][vc_accordion_tab title=&#8221;Rechercher ensemble les outils appropri\u00e9s&#8221;][vc_column_text]<\/p>\n<p>Lorem Ipsum is simply dummy text of the printing and typesetting industry. Lorem Ipsum has been the industry&#8217;s standard dummy text ever since the 1500s, when an unknown printer took a galley of type and scrambled it to make .<\/p>\n<p>[\/vc_column_text][\/vc_accordion_tab][vc_accordion_tab title=&#8221;Conseiller sur les possibilit\u00e9s de frais&#8221;][vc_column_text]<\/p>\n<p>Lorem Ipsum is simply dummy text of the printing and typesetting industry. Lorem Ipsum has been the industry&#8217;s standard dummy text ever since the 1500s, when an unknown printer took a galley of type and scrambled it to make .<\/p>\n<p>[\/vc_column_text][\/vc_accordion_tab][vc_accordion_tab title=&#8221;D\u00e9monstration et test des produits&#8221;][vc_column_text]<\/p>\n<p>P\u00e9riodes d&#8217;essai<\/p>\n<p>[\/vc_column_text][\/vc_accordion_tab][vc_accordion_tab title=&#8221;R\u00e9ductions pour les ergoth\u00e9rapeutes&#8221;][vc_column_text]<\/p>\n<p>Lorem Ipsum is simply dummy text of the printing and typesetting industry. Lorem Ipsum has been the industry&#8217;s standard dummy text ever since the 1500s, when an unknown printer took a galley of type and scrambled it to make .<\/p>\n<p>[\/vc_column_text][\/vc_accordion_tab][vc_accordion_tab title=&#8221;Un assortiment clair avec un syst\u00e8me de commande simple&#8221;][vc_column_text]<\/p>\n<p>Lorem Ipsum is simply dummy text of the printing and typesetting industry. Lorem Ipsum has been the industry&#8217;s standard dummy text ever since the 1500s, when an unknown printer took a galley of type and scrambled it to make .<\/p>\n<p>[\/vc_column_text][\/vc_accordion_tab][\/vc_accordion][\/vc_column][\/vc_row][vc_row wrap_container=&#8221;yes&#8221; css=&#8221;.vc_custom_1519878974553{padding-top: 60px !important;padding-bottom: 40px !important;}&#8221;][vc_column]<div class=\"porto-u-heading  wpb_custom_95aa9a11c17ad45cfabaf210d84ee7cc porto-u-ad87e2eaf3f9c495180fe0156ddf3eb0 \"><div class=\"porto-u-main-heading\"><h2   style=\"font-family:Oswald;font-weight:700;color:#282d3b;margin-bottom: 30px;font-size:16px;line-height:16px;\">Avantages de HomeCare Innovation BV<\/h2><\/div><style>.porto-u-ad87e2eaf3f9c495180fe0156ddf3eb0.porto-u-heading{text-align:left}<\/style><\/div>[vc_row_inner][vc_column_inner width=&#8221;1\/3&#8243;]<div class=\"porto-sicon-box  wpb_custom_8de3a9252882d807fc07759102f1dec2 style_1 default-icon flex-wrap\"><div class=\"porto-sicon-header\"><h3 class=\"porto-sicon-title\" style=\"font-weight:700;font-size:15px;color:#2b2b2d;line-height:15px;\">Vaste assortiment<\/h3><p style=\"font-size:14px;line-height:27px;color:#4a505e;\">Des produits de qualit\u00e9 de A \u00e0 Z<\/p><\/div> <!-- header --><div class=\"porto-sicon-description\" style=\"\">Chez HomeCare Innovation BV, nous nous effor\u00e7ons en permanence de fournir une gamme de produits de qualit\u00e9 qui r\u00e9pond aux souhaits et aux besoins des utilisateurs finaux. Nous \u00e9largissons r\u00e9guli\u00e8rement notre gamme avec de nouvelles solutions innovantes pour les probl\u00e8mes et d\u00e9fis actuels des personnes \u00e2g\u00e9es et handicap\u00e9es.<\/div> <!-- description --><\/div><!-- porto-sicon-box -->[\/vc_column_inner][vc_column_inner width=&#8221;1\/3&#8243;]<div class=\"porto-sicon-box  wpb_custom_8de3a9252882d807fc07759102f1dec2 style_1 default-icon flex-wrap\"><div class=\"porto-sicon-header\"><h3 class=\"porto-sicon-title\" style=\"font-weight:700;font-size:15px;color:#2b2b2d;line-height:15px;\">Conseils d'experts<\/h3><p style=\"font-size:14px;line-height:27px;color:#4a505e;\">Conseils r\u00e9alistes et ax\u00e9s sur les probl\u00e8mes<\/p><\/div> <!-- header --><div class=\"porto-sicon-description\" style=\"\">Si vous ne savez pas quel outil convient \u00e0 votre client, il se peut que vous ne puissiez pas voir le bois pour les arbres. Un de nos experts se fera un plaisir de vous aider. Ensemble, nous pouvons \u00e9valuer les options disponibles et prendre la meilleure d\u00e9cision.<\/div> <!-- description --><\/div><!-- porto-sicon-box -->[\/vc_column_inner][vc_column_inner width=&#8221;1\/3&#8243;]<div class=\"porto-sicon-box  wpb_custom_8de3a9252882d807fc07759102f1dec2 style_1 default-icon flex-wrap\"><div class=\"porto-sicon-header\"><h3 class=\"porto-sicon-title\" style=\"font-weight:700;font-size:15px;color:#2b2b2d;line-height:15px;\">D\u00e9monstrations et p\u00e9riodes d'essai<\/h3><p style=\"font-size:14px;line-height:27px;color:#4a505e;\">Tout le monde est diff\u00e9rent.<\/p><\/div> <!-- header --><div class=\"porto-sicon-description\" style=\"\">Dans de nombreux cas, les outils de conseil sont faits sur mesure. Apr\u00e8s tout, chacun est l\u00e9g\u00e8rement diff\u00e9rent. De nombreux produits de HomeCare Innovation BV peuvent donc faire l&#8217;objet de d\u00e9monstrations ou m\u00eame d&#8217;essais pendant une p\u00e9riode d&#8217;essai.<\/div> <!-- description --><\/div><!-- porto-sicon-box -->[\/vc_column_inner][\/vc_row_inner][\/vc_column][\/vc_row]<\/p>\n<\/div>","protected":false},"excerpt":{"rendered":"<p>[vc_row wrap_container=&#8221;yes&#8221; text_align=&#8221;center&#8221; css=&#8221;.vc_custom_1519871900664{padding-top: 50px !important;padding-bottom: 20px !important;}&#8221;][vc_column offset=&#8221;vc_col-lg-offset-2 vc_col-lg-8 vc_col-md-offset-1 vc_col-md-10&#8243;][vc_empty_space][vc_column_text] En tant qu&#8217;ergoth\u00e9rapeute, vous vous engagez, entre autres, \u00e0 contribuer \u00e0 l&#8217;autonomie des personnes \u00e2g\u00e9es ou \u00e0 mobilit\u00e9 r\u00e9duite. Ce faisant, il arrivera r\u00e9guli\u00e8rement que votre client b\u00e9n\u00e9ficie d&#8217;une certaine aide afin de pouvoir entreprendre ses activit\u00e9s quotidiennes de mani\u00e8re plus autonome. En [&hellip;]<\/p>\n","protected":false},"author":1,"featured_media":0,"parent":0,"menu_order":0,"comment_status":"closed","ping_status":"closed","template":"","meta":{"footnotes":""},"class_list":["post-10327","page","type-page","status-publish","hentry"],"yoast_head":"<!-- This site is optimized with the Yoast SEO plugin v27.3 - https:\/\/yoast.com\/product\/yoast-seo-wordpress\/ -->\n<title>les ergoth\u00e9rapeutes - HomeCare Innovation BV<\/title>\n<meta name=\"robots\" content=\"index, follow, max-snippet:-1, max-image-preview:large, max-video-preview:-1\" \/>\n<link rel=\"canonical\" href=\"https:\/\/homecareinnovation.com\/fr\/les-ergotherapeutes\/\" \/>\n<meta property=\"og:locale\" content=\"fr_FR\" \/>\n<meta property=\"og:type\" content=\"article\" \/>\n<meta property=\"og:title\" content=\"les ergoth\u00e9rapeutes - HomeCare Innovation BV\" \/>\n<meta property=\"og:description\" content=\"[vc_row wrap_container=&#8221;yes&#8221; text_align=&#8221;center&#8221; css=&#8221;.vc_custom_1519871900664{padding-top: 50px !important;padding-bottom: 20px !important;}&#8221;][vc_column offset=&#8221;vc_col-lg-offset-2 vc_col-lg-8 vc_col-md-offset-1 vc_col-md-10&#8243;][vc_empty_space][vc_column_text] En tant qu&#8217;ergoth\u00e9rapeute, vous vous engagez, entre autres, \u00e0 contribuer \u00e0 l&#8217;autonomie des personnes \u00e2g\u00e9es ou \u00e0 mobilit\u00e9 r\u00e9duite. Ce faisant, il arrivera r\u00e9guli\u00e8rement que votre client b\u00e9n\u00e9ficie d&#8217;une certaine aide afin de pouvoir entreprendre ses activit\u00e9s quotidiennes de mani\u00e8re plus autonome. En [&hellip;]\" \/>\n<meta property=\"og:url\" content=\"https:\/\/homecareinnovation.com\/fr\/les-ergotherapeutes\/\" \/>\n<meta property=\"og:site_name\" content=\"HomeCare Innovation BV\" \/>\n<meta property=\"article:publisher\" content=\"https:\/\/www.facebook.com\/HomeCareInnovationBV\/\" \/>\n<meta property=\"article:modified_time\" content=\"2020-11-30T10:49:28+00:00\" \/>\n<meta name=\"twitter:card\" content=\"summary_large_image\" \/>\n<meta name=\"twitter:label1\" content=\"Dur\u00e9e de lecture estim\u00e9e\" \/>\n\t<meta name=\"twitter:data1\" content=\"5 minutes\" \/>\n<script type=\"application\/ld+json\" class=\"yoast-schema-graph\">{\"@context\":\"https:\\\/\\\/schema.org\",\"@graph\":[{\"@type\":\"WebPage\",\"@id\":\"https:\\\/\\\/homecareinnovation.com\\\/fr\\\/les-ergotherapeutes\\\/\",\"url\":\"https:\\\/\\\/homecareinnovation.com\\\/fr\\\/les-ergotherapeutes\\\/\",\"name\":\"les ergoth\u00e9rapeutes - HomeCare Innovation BV\",\"isPartOf\":{\"@id\":\"https:\\\/\\\/homecareinnovation.com\\\/fr\\\/#website\"},\"datePublished\":\"2020-11-10T09:50:29+00:00\",\"dateModified\":\"2020-11-30T10:49:28+00:00\",\"breadcrumb\":{\"@id\":\"https:\\\/\\\/homecareinnovation.com\\\/fr\\\/les-ergotherapeutes\\\/#breadcrumb\"},\"inLanguage\":\"fr-FR\",\"potentialAction\":[{\"@type\":\"ReadAction\",\"target\":[\"https:\\\/\\\/homecareinnovation.com\\\/fr\\\/les-ergotherapeutes\\\/\"]}]},{\"@type\":\"BreadcrumbList\",\"@id\":\"https:\\\/\\\/homecareinnovation.com\\\/fr\\\/les-ergotherapeutes\\\/#breadcrumb\",\"itemListElement\":[{\"@type\":\"ListItem\",\"position\":1,\"name\":\"Home\",\"item\":\"https:\\\/\\\/homecareinnovation.com\\\/fr\\\/\"},{\"@type\":\"ListItem\",\"position\":2,\"name\":\"les ergoth\u00e9rapeutes\"}]},{\"@type\":\"WebSite\",\"@id\":\"https:\\\/\\\/homecareinnovation.com\\\/fr\\\/#website\",\"url\":\"https:\\\/\\\/homecareinnovation.com\\\/fr\\\/\",\"name\":\"HomeCare Innovation BV\",\"description\":\"Grossiste en aides aux personnes \u00e2g\u00e9es et handicap\u00e9es\",\"publisher\":{\"@id\":\"https:\\\/\\\/homecareinnovation.com\\\/fr\\\/#organization\"},\"potentialAction\":[{\"@type\":\"SearchAction\",\"target\":{\"@type\":\"EntryPoint\",\"urlTemplate\":\"https:\\\/\\\/homecareinnovation.com\\\/fr\\\/?s={search_term_string}\"},\"query-input\":{\"@type\":\"PropertyValueSpecification\",\"valueRequired\":true,\"valueName\":\"search_term_string\"}}],\"inLanguage\":\"fr-FR\"},{\"@type\":\"Organization\",\"@id\":\"https:\\\/\\\/homecareinnovation.com\\\/fr\\\/#organization\",\"name\":\"HomeCare Innovation BV\",\"url\":\"https:\\\/\\\/homecareinnovation.com\\\/fr\\\/\",\"logo\":{\"@type\":\"ImageObject\",\"inLanguage\":\"fr-FR\",\"@id\":\"https:\\\/\\\/homecareinnovation.com\\\/fr\\\/#\\\/schema\\\/logo\\\/image\\\/\",\"url\":\"https:\\\/\\\/homecareinnovation.com\\\/wp-content\\\/uploads\\\/2021\\\/03\\\/HOME-CARE-LOGO-originele-kleur-klein.png\",\"contentUrl\":\"https:\\\/\\\/homecareinnovation.com\\\/wp-content\\\/uploads\\\/2021\\\/03\\\/HOME-CARE-LOGO-originele-kleur-klein.png\",\"width\":1000,\"height\":357,\"caption\":\"HomeCare Innovation BV\"},\"image\":{\"@id\":\"https:\\\/\\\/homecareinnovation.com\\\/fr\\\/#\\\/schema\\\/logo\\\/image\\\/\"},\"sameAs\":[\"https:\\\/\\\/www.facebook.com\\\/HomeCareInnovationBV\\\/\",\"https:\\\/\\\/www.instagram.com\\\/homecareinnovation\\\/\",\"https:\\\/\\\/www.youtube.com\\\/channel\\\/UCg5pUSP6YEDGR5KtKeZe7nw\"]}]}<\/script>\n<!-- \/ Yoast SEO plugin. -->","yoast_head_json":{"title":"les ergoth\u00e9rapeutes - HomeCare Innovation BV","robots":{"index":"index","follow":"follow","max-snippet":"max-snippet:-1","max-image-preview":"max-image-preview:large","max-video-preview":"max-video-preview:-1"},"canonical":"https:\/\/homecareinnovation.com\/fr\/les-ergotherapeutes\/","og_locale":"fr_FR","og_type":"article","og_title":"les ergoth\u00e9rapeutes - HomeCare Innovation BV","og_description":"[vc_row wrap_container=&#8221;yes&#8221; text_align=&#8221;center&#8221; css=&#8221;.vc_custom_1519871900664{padding-top: 50px !important;padding-bottom: 20px !important;}&#8221;][vc_column offset=&#8221;vc_col-lg-offset-2 vc_col-lg-8 vc_col-md-offset-1 vc_col-md-10&#8243;][vc_empty_space][vc_column_text] En tant qu&#8217;ergoth\u00e9rapeute, vous vous engagez, entre autres, \u00e0 contribuer \u00e0 l&#8217;autonomie des personnes \u00e2g\u00e9es ou \u00e0 mobilit\u00e9 r\u00e9duite. Ce faisant, il arrivera r\u00e9guli\u00e8rement que votre client b\u00e9n\u00e9ficie d&#8217;une certaine aide afin de pouvoir entreprendre ses activit\u00e9s quotidiennes de mani\u00e8re plus autonome. En [&hellip;]","og_url":"https:\/\/homecareinnovation.com\/fr\/les-ergotherapeutes\/","og_site_name":"HomeCare Innovation BV","article_publisher":"https:\/\/www.facebook.com\/HomeCareInnovationBV\/","article_modified_time":"2020-11-30T10:49:28+00:00","twitter_card":"summary_large_image","twitter_misc":{"Dur\u00e9e de lecture estim\u00e9e":"5 minutes"},"schema":{"@context":"https:\/\/schema.org","@graph":[{"@type":"WebPage","@id":"https:\/\/homecareinnovation.com\/fr\/les-ergotherapeutes\/","url":"https:\/\/homecareinnovation.com\/fr\/les-ergotherapeutes\/","name":"les ergoth\u00e9rapeutes - HomeCare Innovation BV","isPartOf":{"@id":"https:\/\/homecareinnovation.com\/fr\/#website"},"datePublished":"2020-11-10T09:50:29+00:00","dateModified":"2020-11-30T10:49:28+00:00","breadcrumb":{"@id":"https:\/\/homecareinnovation.com\/fr\/les-ergotherapeutes\/#breadcrumb"},"inLanguage":"fr-FR","potentialAction":[{"@type":"ReadAction","target":["https:\/\/homecareinnovation.com\/fr\/les-ergotherapeutes\/"]}]},{"@type":"BreadcrumbList","@id":"https:\/\/homecareinnovation.com\/fr\/les-ergotherapeutes\/#breadcrumb","itemListElement":[{"@type":"ListItem","position":1,"name":"Home","item":"https:\/\/homecareinnovation.com\/fr\/"},{"@type":"ListItem","position":2,"name":"les ergoth\u00e9rapeutes"}]},{"@type":"WebSite","@id":"https:\/\/homecareinnovation.com\/fr\/#website","url":"https:\/\/homecareinnovation.com\/fr\/","name":"HomeCare Innovation BV","description":"Grossiste en aides aux personnes \u00e2g\u00e9es et handicap\u00e9es","publisher":{"@id":"https:\/\/homecareinnovation.com\/fr\/#organization"},"potentialAction":[{"@type":"SearchAction","target":{"@type":"EntryPoint","urlTemplate":"https:\/\/homecareinnovation.com\/fr\/?s={search_term_string}"},"query-input":{"@type":"PropertyValueSpecification","valueRequired":true,"valueName":"search_term_string"}}],"inLanguage":"fr-FR"},{"@type":"Organization","@id":"https:\/\/homecareinnovation.com\/fr\/#organization","name":"HomeCare Innovation BV","url":"https:\/\/homecareinnovation.com\/fr\/","logo":{"@type":"ImageObject","inLanguage":"fr-FR","@id":"https:\/\/homecareinnovation.com\/fr\/#\/schema\/logo\/image\/","url":"https:\/\/homecareinnovation.com\/wp-content\/uploads\/2021\/03\/HOME-CARE-LOGO-originele-kleur-klein.png","contentUrl":"https:\/\/homecareinnovation.com\/wp-content\/uploads\/2021\/03\/HOME-CARE-LOGO-originele-kleur-klein.png","width":1000,"height":357,"caption":"HomeCare Innovation BV"},"image":{"@id":"https:\/\/homecareinnovation.com\/fr\/#\/schema\/logo\/image\/"},"sameAs":["https:\/\/www.facebook.com\/HomeCareInnovationBV\/","https:\/\/www.instagram.com\/homecareinnovation\/","https:\/\/www.youtube.com\/channel\/UCg5pUSP6YEDGR5KtKeZe7nw"]}]}},"_links":{"self":[{"href":"https:\/\/homecareinnovation.com\/fr\/wp-json\/wp\/v2\/pages\/10327","targetHints":{"allow":["GET"]}}],"collection":[{"href":"https:\/\/homecareinnovation.com\/fr\/wp-json\/wp\/v2\/pages"}],"about":[{"href":"https:\/\/homecareinnovation.com\/fr\/wp-json\/wp\/v2\/types\/page"}],"author":[{"embeddable":true,"href":"https:\/\/homecareinnovation.com\/fr\/wp-json\/wp\/v2\/users\/1"}],"replies":[{"embeddable":true,"href":"https:\/\/homecareinnovation.com\/fr\/wp-json\/wp\/v2\/comments?post=10327"}],"version-history":[{"count":0,"href":"https:\/\/homecareinnovation.com\/fr\/wp-json\/wp\/v2\/pages\/10327\/revisions"}],"wp:attachment":[{"href":"https:\/\/homecareinnovation.com\/fr\/wp-json\/wp\/v2\/media?parent=10327"}],"curies":[{"name":"wp","href":"https:\/\/api.w.org\/{rel}","templated":true}]}}