{"id":10342,"date":"2020-11-10T09:55:37","date_gmt":"2020-11-10T09:55:37","guid":{"rendered":"https:\/\/homecareinnovation.com\/dexcellents-systemes\/"},"modified":"2020-12-01T08:31:09","modified_gmt":"2020-12-01T08:31:09","slug":"dexcellents-systemes","status":"publish","type":"page","link":"https:\/\/homecareinnovation.com\/fr\/dexcellents-systemes\/","title":{"rendered":"D&#8217;excellents syst\u00e8mes"},"content":{"rendered":"<div class=\"wpb-content-wrapper\"><p>[vc_row wrap_container=&#8221;yes&#8221; is_section=&#8221;yes&#8221; section_skin=&#8221;parallax&#8221; remove_margin_top=&#8221;yes&#8221; remove_border=&#8221;yes&#8221; css=&#8221;.vc_custom_1532061717202{padding-top: 70px !important;padding-bottom: 40px !important;}&#8221;][vc_column offset=&#8221;vc_col-md-6&#8243;][vc_images_carousel images=&#8221;17875,17881,17887,17893&#8243; img_size=&#8221;full&#8221; onclick=&#8221;link_no&#8221; wrap=&#8221;yes&#8221;][vc_btn title=&#8221;Cliquez ici pour t\u00e9l\u00e9charger la brochure ci-dessus&#8221; color=&#8221;primary&#8221; align=&#8221;center&#8221; link=&#8221;url:%2Fwp-content%2Fuploads%2F2020%2F11%2Ffr-excellentsystem-3.pdf|target:_blank&#8221;][\/vc_column][vc_column css=&#8221;.vc_custom_1529913695250{padding-top: 40px !important;}&#8221; el_class=&#8221;pl-lg-5&#8243; offset=&#8221;vc_col-md-6&#8243;]<div class=\"porto-u-heading  wpb_custom_95aa9a11c17ad45cfabaf210d84ee7cc porto-u-ad87e2eaf3f9c495180fe0156ddf3eb0 \"><div class=\"porto-u-main-heading\"><h2   style=\"font-family:Oswald;font-size:26px;\">Modulaire drempelsystemen:<\/h2><\/div><style>.porto-u-ad87e2eaf3f9c495180fe0156ddf3eb0.porto-u-heading{text-align:left}<\/style><\/div>[vc_column_text el_class=&#8221;content-row&#8221;]<\/p>\n<p style=\"text-align: left;\">Avec le syst\u00e8me de seuil d&#8217;Excellent Systems, tout seuil peut \u00eatre facilement ajust\u00e9 pour les personnes handicap\u00e9es.\u00a0HomeCare Innovation est l&#8217;une des rares entreprises aux Pays-Bas \u00e0 proposer un syst\u00e8me de seuil facile \u00e0 monter, \u00e0 d\u00e9monter et \u00e0 r\u00e9utiliser. Excellent Systems est un syst\u00e8me de seuil modulaire, compos\u00e9 de diff\u00e9rents \u00e9l\u00e9ments. En moyenne, 95 % des \u00e9l\u00e9ments utilis\u00e9s peuvent \u00eatre r\u00e9utilis\u00e9s lors de l&#8217;\u00e9laboration de la solution du seuil suivant.<\/p>\n<p><strong>B\u00e9n\u00e9fice Syst\u00e8mes excellents:<\/strong><\/p>\n<p>[\/vc_column_text]<style>.porto-info-list5adaebacd11876c1b2997ad0a9f00483 i { color: #080808;font-size: 16px; }<\/style><ul class=\"porto-info-list  porto-info-list5adaebacd11876c1b2997ad0a9f00483 wpb_custom_a393beb0a37da136b69e202fd2e3b0cc\"><li class=\"porto-info-list-item  wpb_custom_e140fdbed0f4dcf712ec01445fbb5e77\"><i class=\"porto-info-icon porto-icon-ok\"><\/i><div class=\"porto-info-list-item-desc\">Altijd passend te monteren<\/div><\/li><li class=\"porto-info-list-item  wpb_custom_e140fdbed0f4dcf712ec01445fbb5e77\"><i class=\"porto-info-icon porto-icon-ok\"><\/i><div class=\"porto-info-list-item-desc\">Geluiddempend<\/div><\/li><li class=\"porto-info-list-item  wpb_custom_e140fdbed0f4dcf712ec01445fbb5e77\"><i class=\"porto-info-icon porto-icon-ok\"><\/i><div class=\"porto-info-list-item-desc\">Herbruikbaar voor 95% (kosten = investering)<\/div><\/li><li class=\"porto-info-list-item  wpb_custom_e140fdbed0f4dcf712ec01445fbb5e77\"><i class=\"porto-info-icon porto-icon-ok\"><\/i><div class=\"porto-info-list-item-desc\">Kleinere oplossingen zijn niet-permanent te monteren<\/div><\/li><li class=\"porto-info-list-item  wpb_custom_e140fdbed0f4dcf712ec01445fbb5e77\"><i class=\"porto-info-icon porto-icon-ok\"><\/i><div class=\"porto-info-list-item-desc\">Verschillende hellingshoeken leverbaar<\/div><\/li><li class=\"porto-info-list-item  wpb_custom_e140fdbed0f4dcf712ec01445fbb5e77\"><i class=\"porto-info-icon porto-icon-ok\"><\/i><div class=\"porto-info-list-item-desc\">Schuin aflopende zijkanten mogelijk<\/div><\/li><li class=\"porto-info-list-item  wpb_custom_e140fdbed0f4dcf712ec01445fbb5e77\"><i class=\"porto-info-icon porto-icon-ok\"><\/i><div class=\"porto-info-list-item-desc\">Niet diefstalgevoelig<\/div><\/li><li class=\"porto-info-list-item  wpb_custom_e140fdbed0f4dcf712ec01445fbb5e77\"><i class=\"porto-info-icon porto-icon-ok\"><\/i><div class=\"porto-info-list-item-desc\">Toepasbaar in binnen- en buitensituaties<\/div><\/li><li class=\"porto-info-list-item  wpb_custom_e140fdbed0f4dcf712ec01445fbb5e77\"><i class=\"porto-info-icon porto-icon-ok\"><\/i><div class=\"porto-info-list-item-desc\">Anti-slip<\/div><\/li><\/ul>[vc_btn title=&#8221;Jetez un coup d&#8217;\u0153il \u00e0 nos excellentes aides de seuil ici&#8221; color=&#8221;primary&#8221; align=&#8221;center&#8221; link=&#8221;url:%2Ffr%2Fcategorie-produit%2Frampes-de-seuil%2F|&#8221;][\/vc_column][\/vc_row][vc_row][vc_column width=&#8221;1\/2&#8243;][vc_column_text]<\/p>\n<h2>Diff\u00e9rents gradients<\/h2>\n<p>En choisissant parmi trois gradients diff\u00e9rents [1 : 6,7] &#8211; [1 : 13,4] &#8211; [1 : 20], chaque solution peut \u00eatre adapt\u00e9e \u00e0 l&#8217;utilisateur final. Il est \u00e9galement possible d&#8217;incliner lat\u00e9ralement la solution de seuil afin que l&#8217;utilisateur puisse effectuer un virage relativement simple. Gr\u00e2ce \u00e0 sa construction solide, Excellent Systems peut supporter de tr\u00e8s lourdes charges. Par cons\u00e9quent, le syst\u00e8me est \u00e9galement insonorisant.<\/p>\n<p><strong>Mat\u00e9riel de marquage:<\/strong> Un mat\u00e9riau de couleur jaune peut \u00eatre disponible pour marquer la bande de d\u00e9part. Cela cr\u00e9e une solution de seuil de s\u00e9curit\u00e9 pour les personnes ayant une vision limit\u00e9e.<\/p>\n<p>Regardez quelques exemples d&#8217;excellents syst\u00e8mes sur la droite. <strong>\u2192<\/strong><\/p>\n<p>[\/vc_column_text][\/vc_column][vc_column width=&#8221;1\/2&#8243;][vc_images_carousel images=&#8221;14357,2648,14369,2650,2646,14429&#8243; img_size=&#8221;550&#215;500&#8243; autoplay=&#8221;yes&#8221; wrap=&#8221;yes&#8221;][\/vc_column][\/vc_row]<\/p>\n<\/div>","protected":false},"excerpt":{"rendered":"<p>[vc_row wrap_container=&#8221;yes&#8221; is_section=&#8221;yes&#8221; section_skin=&#8221;parallax&#8221; remove_margin_top=&#8221;yes&#8221; remove_border=&#8221;yes&#8221; css=&#8221;.vc_custom_1532061717202{padding-top: 70px !important;padding-bottom: 40px !important;}&#8221;][vc_column offset=&#8221;vc_col-md-6&#8243;][vc_images_carousel images=&#8221;17875,17881,17887,17893&#8243; img_size=&#8221;full&#8221; onclick=&#8221;link_no&#8221; wrap=&#8221;yes&#8221;][vc_btn title=&#8221;Cliquez ici pour t\u00e9l\u00e9charger la brochure ci-dessus&#8221; color=&#8221;primary&#8221; align=&#8221;center&#8221; link=&#8221;url:%2Fwp-content%2Fuploads%2F2020%2F11%2Ffr-excellentsystem-3.pdf|target:_blank&#8221;][\/vc_column][vc_column css=&#8221;.vc_custom_1529913695250{padding-top: 40px !important;}&#8221; el_class=&#8221;pl-lg-5&#8243; offset=&#8221;vc_col-md-6&#8243;][vc_column_text el_class=&#8221;content-row&#8221;] Avec le syst\u00e8me de seuil d&#8217;Excellent Systems, tout seuil peut \u00eatre facilement ajust\u00e9 pour les personnes handicap\u00e9es.\u00a0HomeCare Innovation est l&#8217;une des rares entreprises [&hellip;]<\/p>\n","protected":false},"author":1,"featured_media":0,"parent":0,"menu_order":0,"comment_status":"closed","ping_status":"closed","template":"","meta":{"footnotes":""},"class_list":["post-10342","page","type-page","status-publish","hentry"],"yoast_head":"<!-- This site is optimized with the Yoast SEO plugin v27.5 - https:\/\/yoast.com\/product\/yoast-seo-wordpress\/ -->\n<title>D&#039;excellents syst\u00e8mes - HomeCare Innovation BV<\/title>\n<meta name=\"robots\" content=\"index, follow, max-snippet:-1, max-image-preview:large, max-video-preview:-1\" \/>\n<link rel=\"canonical\" href=\"https:\/\/homecareinnovation.com\/fr\/dexcellents-systemes\/\" \/>\n<meta property=\"og:locale\" content=\"fr_FR\" \/>\n<meta property=\"og:type\" content=\"article\" \/>\n<meta property=\"og:title\" content=\"D&#039;excellents syst\u00e8mes - HomeCare Innovation BV\" \/>\n<meta property=\"og:description\" content=\"[vc_row wrap_container=&#8221;yes&#8221; is_section=&#8221;yes&#8221; section_skin=&#8221;parallax&#8221; remove_margin_top=&#8221;yes&#8221; remove_border=&#8221;yes&#8221; css=&#8221;.vc_custom_1532061717202{padding-top: 70px !important;padding-bottom: 40px !important;}&#8221;][vc_column offset=&#8221;vc_col-md-6&#8243;][vc_images_carousel images=&#8221;17875,17881,17887,17893&#8243; img_size=&#8221;full&#8221; onclick=&#8221;link_no&#8221; wrap=&#8221;yes&#8221;][vc_btn title=&#8221;Cliquez ici pour t\u00e9l\u00e9charger la brochure ci-dessus&#8221; color=&#8221;primary&#8221; align=&#8221;center&#8221; link=&#8221;url:%2Fwp-content%2Fuploads%2F2020%2F11%2Ffr-excellentsystem-3.pdf|target:_blank&#8221;][\/vc_column][vc_column css=&#8221;.vc_custom_1529913695250{padding-top: 40px !important;}&#8221; el_class=&#8221;pl-lg-5&#8243; offset=&#8221;vc_col-md-6&#8243;][vc_column_text el_class=&#8221;content-row&#8221;] Avec le syst\u00e8me de seuil d&#8217;Excellent Systems, tout seuil peut \u00eatre facilement ajust\u00e9 pour les personnes handicap\u00e9es.\u00a0HomeCare Innovation est l&#8217;une des rares entreprises [&hellip;]\" \/>\n<meta property=\"og:url\" content=\"https:\/\/homecareinnovation.com\/fr\/dexcellents-systemes\/\" \/>\n<meta property=\"og:site_name\" content=\"HomeCare Innovation BV\" \/>\n<meta property=\"article:publisher\" content=\"https:\/\/www.facebook.com\/HomeCareInnovationBV\/\" \/>\n<meta property=\"article:modified_time\" content=\"2020-12-01T08:31:09+00:00\" \/>\n<meta name=\"twitter:card\" content=\"summary_large_image\" \/>\n<meta name=\"twitter:label1\" content=\"Dur\u00e9e de lecture estim\u00e9e\" \/>\n\t<meta name=\"twitter:data1\" content=\"3 minutes\" \/>\n<script type=\"application\/ld+json\" class=\"yoast-schema-graph\">{\"@context\":\"https:\\\/\\\/schema.org\",\"@graph\":[{\"@type\":\"WebPage\",\"@id\":\"https:\\\/\\\/homecareinnovation.com\\\/fr\\\/dexcellents-systemes\\\/\",\"url\":\"https:\\\/\\\/homecareinnovation.com\\\/fr\\\/dexcellents-systemes\\\/\",\"name\":\"D'excellents syst\u00e8mes - HomeCare Innovation BV\",\"isPartOf\":{\"@id\":\"https:\\\/\\\/homecareinnovation.com\\\/fr\\\/#website\"},\"datePublished\":\"2020-11-10T09:55:37+00:00\",\"dateModified\":\"2020-12-01T08:31:09+00:00\",\"breadcrumb\":{\"@id\":\"https:\\\/\\\/homecareinnovation.com\\\/fr\\\/dexcellents-systemes\\\/#breadcrumb\"},\"inLanguage\":\"fr-FR\",\"potentialAction\":[{\"@type\":\"ReadAction\",\"target\":[\"https:\\\/\\\/homecareinnovation.com\\\/fr\\\/dexcellents-systemes\\\/\"]}]},{\"@type\":\"BreadcrumbList\",\"@id\":\"https:\\\/\\\/homecareinnovation.com\\\/fr\\\/dexcellents-systemes\\\/#breadcrumb\",\"itemListElement\":[{\"@type\":\"ListItem\",\"position\":1,\"name\":\"Home\",\"item\":\"https:\\\/\\\/homecareinnovation.com\\\/fr\\\/\"},{\"@type\":\"ListItem\",\"position\":2,\"name\":\"D&#8217;excellents syst\u00e8mes\"}]},{\"@type\":\"WebSite\",\"@id\":\"https:\\\/\\\/homecareinnovation.com\\\/fr\\\/#website\",\"url\":\"https:\\\/\\\/homecareinnovation.com\\\/fr\\\/\",\"name\":\"HomeCare Innovation BV\",\"description\":\"Grossiste en aides aux personnes \u00e2g\u00e9es et handicap\u00e9es\",\"publisher\":{\"@id\":\"https:\\\/\\\/homecareinnovation.com\\\/fr\\\/#organization\"},\"potentialAction\":[{\"@type\":\"SearchAction\",\"target\":{\"@type\":\"EntryPoint\",\"urlTemplate\":\"https:\\\/\\\/homecareinnovation.com\\\/fr\\\/?s={search_term_string}\"},\"query-input\":{\"@type\":\"PropertyValueSpecification\",\"valueRequired\":true,\"valueName\":\"search_term_string\"}}],\"inLanguage\":\"fr-FR\"},{\"@type\":\"Organization\",\"@id\":\"https:\\\/\\\/homecareinnovation.com\\\/fr\\\/#organization\",\"name\":\"HomeCare Innovation BV\",\"url\":\"https:\\\/\\\/homecareinnovation.com\\\/fr\\\/\",\"logo\":{\"@type\":\"ImageObject\",\"inLanguage\":\"fr-FR\",\"@id\":\"https:\\\/\\\/homecareinnovation.com\\\/fr\\\/#\\\/schema\\\/logo\\\/image\\\/\",\"url\":\"https:\\\/\\\/homecareinnovation.com\\\/wp-content\\\/uploads\\\/2021\\\/03\\\/HOME-CARE-LOGO-originele-kleur-klein.png\",\"contentUrl\":\"https:\\\/\\\/homecareinnovation.com\\\/wp-content\\\/uploads\\\/2021\\\/03\\\/HOME-CARE-LOGO-originele-kleur-klein.png\",\"width\":1000,\"height\":357,\"caption\":\"HomeCare Innovation BV\"},\"image\":{\"@id\":\"https:\\\/\\\/homecareinnovation.com\\\/fr\\\/#\\\/schema\\\/logo\\\/image\\\/\"},\"sameAs\":[\"https:\\\/\\\/www.facebook.com\\\/HomeCareInnovationBV\\\/\",\"https:\\\/\\\/www.instagram.com\\\/homecareinnovation\\\/\",\"https:\\\/\\\/www.youtube.com\\\/channel\\\/UCg5pUSP6YEDGR5KtKeZe7nw\"]}]}<\/script>\n<!-- \/ Yoast SEO plugin. -->","yoast_head_json":{"title":"D'excellents syst\u00e8mes - HomeCare Innovation BV","robots":{"index":"index","follow":"follow","max-snippet":"max-snippet:-1","max-image-preview":"max-image-preview:large","max-video-preview":"max-video-preview:-1"},"canonical":"https:\/\/homecareinnovation.com\/fr\/dexcellents-systemes\/","og_locale":"fr_FR","og_type":"article","og_title":"D'excellents syst\u00e8mes - HomeCare Innovation BV","og_description":"[vc_row wrap_container=&#8221;yes&#8221; is_section=&#8221;yes&#8221; section_skin=&#8221;parallax&#8221; remove_margin_top=&#8221;yes&#8221; remove_border=&#8221;yes&#8221; css=&#8221;.vc_custom_1532061717202{padding-top: 70px !important;padding-bottom: 40px !important;}&#8221;][vc_column offset=&#8221;vc_col-md-6&#8243;][vc_images_carousel images=&#8221;17875,17881,17887,17893&#8243; img_size=&#8221;full&#8221; onclick=&#8221;link_no&#8221; wrap=&#8221;yes&#8221;][vc_btn title=&#8221;Cliquez ici pour t\u00e9l\u00e9charger la brochure ci-dessus&#8221; color=&#8221;primary&#8221; align=&#8221;center&#8221; link=&#8221;url:%2Fwp-content%2Fuploads%2F2020%2F11%2Ffr-excellentsystem-3.pdf|target:_blank&#8221;][\/vc_column][vc_column css=&#8221;.vc_custom_1529913695250{padding-top: 40px !important;}&#8221; el_class=&#8221;pl-lg-5&#8243; offset=&#8221;vc_col-md-6&#8243;][vc_column_text el_class=&#8221;content-row&#8221;] Avec le syst\u00e8me de seuil d&#8217;Excellent Systems, tout seuil peut \u00eatre facilement ajust\u00e9 pour les personnes handicap\u00e9es.\u00a0HomeCare Innovation est l&#8217;une des rares entreprises [&hellip;]","og_url":"https:\/\/homecareinnovation.com\/fr\/dexcellents-systemes\/","og_site_name":"HomeCare Innovation BV","article_publisher":"https:\/\/www.facebook.com\/HomeCareInnovationBV\/","article_modified_time":"2020-12-01T08:31:09+00:00","twitter_card":"summary_large_image","twitter_misc":{"Dur\u00e9e de lecture estim\u00e9e":"3 minutes"},"schema":{"@context":"https:\/\/schema.org","@graph":[{"@type":"WebPage","@id":"https:\/\/homecareinnovation.com\/fr\/dexcellents-systemes\/","url":"https:\/\/homecareinnovation.com\/fr\/dexcellents-systemes\/","name":"D'excellents syst\u00e8mes - HomeCare Innovation BV","isPartOf":{"@id":"https:\/\/homecareinnovation.com\/fr\/#website"},"datePublished":"2020-11-10T09:55:37+00:00","dateModified":"2020-12-01T08:31:09+00:00","breadcrumb":{"@id":"https:\/\/homecareinnovation.com\/fr\/dexcellents-systemes\/#breadcrumb"},"inLanguage":"fr-FR","potentialAction":[{"@type":"ReadAction","target":["https:\/\/homecareinnovation.com\/fr\/dexcellents-systemes\/"]}]},{"@type":"BreadcrumbList","@id":"https:\/\/homecareinnovation.com\/fr\/dexcellents-systemes\/#breadcrumb","itemListElement":[{"@type":"ListItem","position":1,"name":"Home","item":"https:\/\/homecareinnovation.com\/fr\/"},{"@type":"ListItem","position":2,"name":"D&#8217;excellents syst\u00e8mes"}]},{"@type":"WebSite","@id":"https:\/\/homecareinnovation.com\/fr\/#website","url":"https:\/\/homecareinnovation.com\/fr\/","name":"HomeCare Innovation BV","description":"Grossiste en aides aux personnes \u00e2g\u00e9es et handicap\u00e9es","publisher":{"@id":"https:\/\/homecareinnovation.com\/fr\/#organization"},"potentialAction":[{"@type":"SearchAction","target":{"@type":"EntryPoint","urlTemplate":"https:\/\/homecareinnovation.com\/fr\/?s={search_term_string}"},"query-input":{"@type":"PropertyValueSpecification","valueRequired":true,"valueName":"search_term_string"}}],"inLanguage":"fr-FR"},{"@type":"Organization","@id":"https:\/\/homecareinnovation.com\/fr\/#organization","name":"HomeCare Innovation BV","url":"https:\/\/homecareinnovation.com\/fr\/","logo":{"@type":"ImageObject","inLanguage":"fr-FR","@id":"https:\/\/homecareinnovation.com\/fr\/#\/schema\/logo\/image\/","url":"https:\/\/homecareinnovation.com\/wp-content\/uploads\/2021\/03\/HOME-CARE-LOGO-originele-kleur-klein.png","contentUrl":"https:\/\/homecareinnovation.com\/wp-content\/uploads\/2021\/03\/HOME-CARE-LOGO-originele-kleur-klein.png","width":1000,"height":357,"caption":"HomeCare Innovation BV"},"image":{"@id":"https:\/\/homecareinnovation.com\/fr\/#\/schema\/logo\/image\/"},"sameAs":["https:\/\/www.facebook.com\/HomeCareInnovationBV\/","https:\/\/www.instagram.com\/homecareinnovation\/","https:\/\/www.youtube.com\/channel\/UCg5pUSP6YEDGR5KtKeZe7nw"]}]}},"_links":{"self":[{"href":"https:\/\/homecareinnovation.com\/fr\/wp-json\/wp\/v2\/pages\/10342","targetHints":{"allow":["GET"]}}],"collection":[{"href":"https:\/\/homecareinnovation.com\/fr\/wp-json\/wp\/v2\/pages"}],"about":[{"href":"https:\/\/homecareinnovation.com\/fr\/wp-json\/wp\/v2\/types\/page"}],"author":[{"embeddable":true,"href":"https:\/\/homecareinnovation.com\/fr\/wp-json\/wp\/v2\/users\/1"}],"replies":[{"embeddable":true,"href":"https:\/\/homecareinnovation.com\/fr\/wp-json\/wp\/v2\/comments?post=10342"}],"version-history":[{"count":0,"href":"https:\/\/homecareinnovation.com\/fr\/wp-json\/wp\/v2\/pages\/10342\/revisions"}],"wp:attachment":[{"href":"https:\/\/homecareinnovation.com\/fr\/wp-json\/wp\/v2\/media?parent=10342"}],"curies":[{"name":"wp","href":"https:\/\/api.w.org\/{rel}","templated":true}]}}