{"id":10574,"date":"2020-11-10T10:48:08","date_gmt":"2020-11-10T10:48:08","guid":{"rendered":"https:\/\/homecareinnovation.com\/societes-locales-dadaptation-du-logement\/"},"modified":"2020-11-30T10:51:44","modified_gmt":"2020-11-30T10:51:44","slug":"societes-locales-dadaptation-du-logement","status":"publish","type":"page","link":"https:\/\/homecareinnovation.com\/fr\/societes-locales-dadaptation-du-logement\/","title":{"rendered":"Soci\u00e9t\u00e9s locales d&#8217;adaptation du logement"},"content":{"rendered":"<div class=\"wpb-content-wrapper\"><p>[vc_row][vc_column]<div class=\"porto-u-heading  wpb_custom_95aa9a11c17ad45cfabaf210d84ee7cc porto-u-55ca8359258f9a412be7e73af65d2aac \"><div class=\"porto-u-main-heading\"><h2  >Soci\u00e9t\u00e9s locales d'adaptation du logement<\/h2><\/div><style>.porto-u-55ca8359258f9a412be7e73af65d2aac.porto-u-heading{text-align:center}<\/style><\/div>[vc_column_text]<\/p>\n<p>Chez HomeCare Innovation BV, nous avons pu \u00e9tablir de nombreux contacts avec des installateurs et des entreprises de r\u00e9novation au fil des ans. Ces adaptateurs domestiques utilisent nos produits, entre autres, pour rendre les maisons aux Pays-Bas \u00e0 nouveau s\u00fbres pour les personnes \u00e2g\u00e9es et les personnes \u00e0 mobilit\u00e9 r\u00e9duite.<\/p>\n<p>Nous pouvons vous mettre en contact avec un installateur dans votre r\u00e9gion, vous \u00eates donc assur\u00e9 d&#8217;une installation rapide par des professionnels.<\/p>\n<p>[\/vc_column_text][\/vc_column][\/vc_row][vc_row full_width=&#8221;stretch_row&#8221; content_placement=&#8221;middle&#8221; parallax=&#8221;content-moving&#8221; parallax_image=&#8221;5948&#8243; parallax_speed_bg=&#8221;1.6&#8243; wrap_container=&#8221;yes&#8221; css=&#8221;.vc_custom_1603455105060{padding-top: 75px !important;padding-bottom: 75px !important;}&#8221;][vc_column offset=&#8221;vc_col-lg-8 vc_col-md-6&#8243; el_class=&#8221;mb-5 mb-lg-0&#8243;]<div class=\"porto-u-heading  wpb_custom_95aa9a11c17ad45cfabaf210d84ee7cc porto-u-ad87e2eaf3f9c495180fe0156ddf3eb0 \" data-appear-animation=\"fadeInRight\" data-appear-animation-delay=\"200\"><div class=\"porto-u-main-heading\"><h2   style=\"font-weight:700;color:#ffffff;font-size:38px;line-height:50px;\">Prenez contact avec les soci\u00e9t\u00e9s locales d'adaptation du logement<\/h2><\/div><div class=\"porto-u-sub-heading\" style=\"font-weight:300;color: #ffffff;font-size:38px;line-height:50px;\">Nous serons heureux de vous mettre en contact avec des installateurs et des entreprises d&#8217;am\u00e9lioration de l&#8217;habitat dans votre r\u00e9gion.<\/div><style>.porto-u-ad87e2eaf3f9c495180fe0156ddf3eb0.porto-u-heading{text-align:left}<\/style><\/div>[\/vc_column][vc_column animation_delay=&#8221;400&#8243; offset=&#8221;vc_col-lg-4 vc_col-md-6&#8243; animation_type=&#8221;fadeInRight&#8221;]\n<div class=\"wpcf7 no-js\" id=\"wpcf7-f17854-o1\" lang=\"fr-FR\" dir=\"ltr\" data-wpcf7-id=\"17854\">\n<div class=\"screen-reader-response\"><p role=\"status\" aria-live=\"polite\" aria-atomic=\"true\"><\/p> <ul><\/ul><\/div>\n<form action=\"\/fr\/wp-json\/wp\/v2\/pages\/10574#wpcf7-f17854-o1\" method=\"post\" class=\"wpcf7-form init\" aria-label=\"Formulaire de contact\" novalidate=\"novalidate\" data-status=\"init\">\n<fieldset class=\"hidden-fields-container\"><input type=\"hidden\" name=\"_wpcf7\" value=\"17854\" \/><input type=\"hidden\" name=\"_wpcf7_version\" value=\"6.1.5\" \/><input type=\"hidden\" name=\"_wpcf7_locale\" value=\"fr_FR\" \/><input type=\"hidden\" name=\"_wpcf7_unit_tag\" value=\"wpcf7-f17854-o1\" \/><input type=\"hidden\" name=\"_wpcf7_container_post\" value=\"0\" \/><input type=\"hidden\" name=\"_wpcf7_posted_data_hash\" value=\"\" \/><input type=\"hidden\" name=\"_wpcf7_recaptcha_response\" value=\"\" \/>\n<\/fieldset>\n<div class=\"custom-form-style-1 custom-form-style-1-rounded p-5 background-color-light rounded-5\">\r\n<h2 style=\"font-size: 28px;\" class=\"text-center font-weight-bold\">Prenez contact avec nous<\/h2>\r\n<div class=\"form-row\">\r\n\t<div class=\"form-group col mb-2\">\r\n\t\t<span class=\"wpcf7-form-control-wrap\" data-name=\"your-name\"><input size=\"40\" maxlength=\"400\" class=\"wpcf7-form-control wpcf7-text wpcf7-validates-as-required form-control\" aria-required=\"true\" aria-invalid=\"false\" placeholder=\"NOME*\" value=\"\" type=\"text\" name=\"your-name\" \/><\/span>\r\n\t<\/div>\r\n<\/div>\r\n<div class=\"form-row\">\r\n\t<div class=\"form-group col mb-2\">\r\n\t\t<span class=\"wpcf7-form-control-wrap\" data-name=\"your-email\"><input size=\"40\" maxlength=\"400\" class=\"wpcf7-form-control wpcf7-email wpcf7-validates-as-required wpcf7-text wpcf7-validates-as-email form-control\" aria-required=\"true\" aria-invalid=\"false\" placeholder=\"EMAIL*\" value=\"\" type=\"email\" name=\"your-email\" \/><\/span>\r\n\t<\/div>\r\n<\/div>\r\n<div class=\"form-row\">\r\n\t<div class=\"form-group col mb-2\">\r\n\t\t<span class=\"wpcf7-form-control-wrap\" data-name=\"your-phone\"><input size=\"40\" maxlength=\"400\" class=\"wpcf7-form-control wpcf7-text wpcf7-validates-as-required form-control\" aria-required=\"true\" aria-invalid=\"false\" placeholder=\"T\u00c9L\u00c9PHONE*\" value=\"\" type=\"text\" name=\"your-phone\" \/><\/span>\r\n\t<\/div>\r\n<\/div>\r\n<div class=\"form-row\">\r\n\t<div class=\"form-group col\">\r\n\t\t<span class=\"wpcf7-form-control-wrap\" data-name=\"your-company\"><input size=\"40\" maxlength=\"400\" class=\"wpcf7-form-control wpcf7-text wpcf7-validates-as-required form-control\" aria-required=\"true\" aria-invalid=\"false\" placeholder=\"ENTREPRISE \/ ORGANISATION *\" value=\"\" type=\"text\" name=\"your-company\" \/><\/span>\r\n\t<\/div>\r\n\r\n<\/div>\r\n<p>Br\u00e8ve description de votre entreprise et de ce qui vous int\u00e9resse :<\/p>\r\n<div class=\"form-row\">\r\n\t<div class=\"form-group col\">\r\n<span class=\"wpcf7-form-control-wrap\" data-name=\"omschrijving\"><textarea cols=\"40\" rows=\"10\" maxlength=\"2000\" class=\"wpcf7-form-control wpcf7-textarea wpcf7-validates-as-required\" aria-required=\"true\" aria-invalid=\"false\" name=\"omschrijving\"><\/textarea><\/span>\r\n\t<\/div>\r\n\r\n<\/div>\r\n<div class=\"form-row\">\r\n\t<div class=\"form-group col mb-0\">\r\n\t\t<input class=\"wpcf7-form-control wpcf7-submit has-spinner btn btn-primary btn-borders btn-full-rounded btn-style-1 w-100\" type=\"submit\" value=\"ENVOYER\" \/>\r\n\t<\/div>\r\n<\/div>\r\n\r\n<p>\u00a0<\/p>\r\n<p>Vous pouvez \u00e9galement envoyer un courrier \u00e9lectronique sans aucune obligation: <a href=\"mailto:info@homecareinnovation.com\">info@homecareinnovation.com.<\/a><\/p>\r\n<p>Nous serons heureux de vous aider!<\/p>\r\n<\/div><div class=\"wpcf7-response-output\" aria-hidden=\"true\"><\/div>\n<\/form>\n<\/div>\n[\/vc_column][\/vc_row][vc_row][vc_column][\/vc_column][\/vc_row]<\/p>\n<\/div>","protected":false},"excerpt":{"rendered":"<p>[vc_row][vc_column][vc_column_text] Chez HomeCare Innovation BV, nous avons pu \u00e9tablir de nombreux contacts avec des installateurs et des entreprises de r\u00e9novation au fil des ans. Ces adaptateurs domestiques utilisent nos produits, entre autres, pour rendre les maisons aux Pays-Bas \u00e0 nouveau s\u00fbres pour les personnes \u00e2g\u00e9es et les personnes \u00e0 mobilit\u00e9 r\u00e9duite. Nous pouvons vous mettre [&hellip;]<\/p>\n","protected":false},"author":1,"featured_media":0,"parent":0,"menu_order":0,"comment_status":"closed","ping_status":"closed","template":"","meta":{"footnotes":""},"class_list":["post-10574","page","type-page","status-publish","hentry"],"yoast_head":"<!-- This site is optimized with the Yoast SEO plugin v27.5 - https:\/\/yoast.com\/product\/yoast-seo-wordpress\/ -->\n<title>Soci\u00e9t\u00e9s locales d&#039;adaptation du logement - HomeCare Innovation BV<\/title>\n<meta name=\"robots\" content=\"index, follow, max-snippet:-1, max-image-preview:large, max-video-preview:-1\" \/>\n<link rel=\"canonical\" href=\"https:\/\/homecareinnovation.com\/fr\/societes-locales-dadaptation-du-logement\/\" \/>\n<meta property=\"og:locale\" content=\"fr_FR\" \/>\n<meta property=\"og:type\" content=\"article\" \/>\n<meta property=\"og:title\" content=\"Soci\u00e9t\u00e9s locales d&#039;adaptation du logement - HomeCare Innovation BV\" \/>\n<meta property=\"og:description\" content=\"[vc_row][vc_column][vc_column_text] Chez HomeCare Innovation BV, nous avons pu \u00e9tablir de nombreux contacts avec des installateurs et des entreprises de r\u00e9novation au fil des ans. Ces adaptateurs domestiques utilisent nos produits, entre autres, pour rendre les maisons aux Pays-Bas \u00e0 nouveau s\u00fbres pour les personnes \u00e2g\u00e9es et les personnes \u00e0 mobilit\u00e9 r\u00e9duite. Nous pouvons vous mettre [&hellip;]\" \/>\n<meta property=\"og:url\" content=\"https:\/\/homecareinnovation.com\/fr\/societes-locales-dadaptation-du-logement\/\" \/>\n<meta property=\"og:site_name\" content=\"HomeCare Innovation BV\" \/>\n<meta property=\"article:publisher\" content=\"https:\/\/www.facebook.com\/HomeCareInnovationBV\/\" \/>\n<meta property=\"article:modified_time\" content=\"2020-11-30T10:51:44+00:00\" \/>\n<meta name=\"twitter:card\" content=\"summary_large_image\" \/>\n<meta name=\"twitter:label1\" content=\"Dur\u00e9e de lecture estim\u00e9e\" \/>\n\t<meta name=\"twitter:data1\" content=\"1 minute\" \/>\n<script type=\"application\/ld+json\" class=\"yoast-schema-graph\">{\"@context\":\"https:\\\/\\\/schema.org\",\"@graph\":[{\"@type\":\"WebPage\",\"@id\":\"https:\\\/\\\/homecareinnovation.com\\\/fr\\\/societes-locales-dadaptation-du-logement\\\/\",\"url\":\"https:\\\/\\\/homecareinnovation.com\\\/fr\\\/societes-locales-dadaptation-du-logement\\\/\",\"name\":\"Soci\u00e9t\u00e9s locales d'adaptation du logement - HomeCare Innovation BV\",\"isPartOf\":{\"@id\":\"https:\\\/\\\/homecareinnovation.com\\\/fr\\\/#website\"},\"datePublished\":\"2020-11-10T10:48:08+00:00\",\"dateModified\":\"2020-11-30T10:51:44+00:00\",\"breadcrumb\":{\"@id\":\"https:\\\/\\\/homecareinnovation.com\\\/fr\\\/societes-locales-dadaptation-du-logement\\\/#breadcrumb\"},\"inLanguage\":\"fr-FR\",\"potentialAction\":[{\"@type\":\"ReadAction\",\"target\":[\"https:\\\/\\\/homecareinnovation.com\\\/fr\\\/societes-locales-dadaptation-du-logement\\\/\"]}]},{\"@type\":\"BreadcrumbList\",\"@id\":\"https:\\\/\\\/homecareinnovation.com\\\/fr\\\/societes-locales-dadaptation-du-logement\\\/#breadcrumb\",\"itemListElement\":[{\"@type\":\"ListItem\",\"position\":1,\"name\":\"Home\",\"item\":\"https:\\\/\\\/homecareinnovation.com\\\/fr\\\/\"},{\"@type\":\"ListItem\",\"position\":2,\"name\":\"Soci\u00e9t\u00e9s locales d&#8217;adaptation du logement\"}]},{\"@type\":\"WebSite\",\"@id\":\"https:\\\/\\\/homecareinnovation.com\\\/fr\\\/#website\",\"url\":\"https:\\\/\\\/homecareinnovation.com\\\/fr\\\/\",\"name\":\"HomeCare Innovation BV\",\"description\":\"Grossiste en aides aux personnes \u00e2g\u00e9es et handicap\u00e9es\",\"publisher\":{\"@id\":\"https:\\\/\\\/homecareinnovation.com\\\/fr\\\/#organization\"},\"potentialAction\":[{\"@type\":\"SearchAction\",\"target\":{\"@type\":\"EntryPoint\",\"urlTemplate\":\"https:\\\/\\\/homecareinnovation.com\\\/fr\\\/?s={search_term_string}\"},\"query-input\":{\"@type\":\"PropertyValueSpecification\",\"valueRequired\":true,\"valueName\":\"search_term_string\"}}],\"inLanguage\":\"fr-FR\"},{\"@type\":\"Organization\",\"@id\":\"https:\\\/\\\/homecareinnovation.com\\\/fr\\\/#organization\",\"name\":\"HomeCare Innovation BV\",\"url\":\"https:\\\/\\\/homecareinnovation.com\\\/fr\\\/\",\"logo\":{\"@type\":\"ImageObject\",\"inLanguage\":\"fr-FR\",\"@id\":\"https:\\\/\\\/homecareinnovation.com\\\/fr\\\/#\\\/schema\\\/logo\\\/image\\\/\",\"url\":\"https:\\\/\\\/homecareinnovation.com\\\/wp-content\\\/uploads\\\/2021\\\/03\\\/HOME-CARE-LOGO-originele-kleur-klein.png\",\"contentUrl\":\"https:\\\/\\\/homecareinnovation.com\\\/wp-content\\\/uploads\\\/2021\\\/03\\\/HOME-CARE-LOGO-originele-kleur-klein.png\",\"width\":1000,\"height\":357,\"caption\":\"HomeCare Innovation BV\"},\"image\":{\"@id\":\"https:\\\/\\\/homecareinnovation.com\\\/fr\\\/#\\\/schema\\\/logo\\\/image\\\/\"},\"sameAs\":[\"https:\\\/\\\/www.facebook.com\\\/HomeCareInnovationBV\\\/\",\"https:\\\/\\\/www.instagram.com\\\/homecareinnovation\\\/\",\"https:\\\/\\\/www.youtube.com\\\/channel\\\/UCg5pUSP6YEDGR5KtKeZe7nw\"]}]}<\/script>\n<!-- \/ Yoast SEO plugin. -->","yoast_head_json":{"title":"Soci\u00e9t\u00e9s locales d'adaptation du logement - HomeCare Innovation BV","robots":{"index":"index","follow":"follow","max-snippet":"max-snippet:-1","max-image-preview":"max-image-preview:large","max-video-preview":"max-video-preview:-1"},"canonical":"https:\/\/homecareinnovation.com\/fr\/societes-locales-dadaptation-du-logement\/","og_locale":"fr_FR","og_type":"article","og_title":"Soci\u00e9t\u00e9s locales d'adaptation du logement - HomeCare Innovation BV","og_description":"[vc_row][vc_column][vc_column_text] Chez HomeCare Innovation BV, nous avons pu \u00e9tablir de nombreux contacts avec des installateurs et des entreprises de r\u00e9novation au fil des ans. Ces adaptateurs domestiques utilisent nos produits, entre autres, pour rendre les maisons aux Pays-Bas \u00e0 nouveau s\u00fbres pour les personnes \u00e2g\u00e9es et les personnes \u00e0 mobilit\u00e9 r\u00e9duite. Nous pouvons vous mettre [&hellip;]","og_url":"https:\/\/homecareinnovation.com\/fr\/societes-locales-dadaptation-du-logement\/","og_site_name":"HomeCare Innovation BV","article_publisher":"https:\/\/www.facebook.com\/HomeCareInnovationBV\/","article_modified_time":"2020-11-30T10:51:44+00:00","twitter_card":"summary_large_image","twitter_misc":{"Dur\u00e9e de lecture estim\u00e9e":"1 minute"},"schema":{"@context":"https:\/\/schema.org","@graph":[{"@type":"WebPage","@id":"https:\/\/homecareinnovation.com\/fr\/societes-locales-dadaptation-du-logement\/","url":"https:\/\/homecareinnovation.com\/fr\/societes-locales-dadaptation-du-logement\/","name":"Soci\u00e9t\u00e9s locales d'adaptation du logement - HomeCare Innovation BV","isPartOf":{"@id":"https:\/\/homecareinnovation.com\/fr\/#website"},"datePublished":"2020-11-10T10:48:08+00:00","dateModified":"2020-11-30T10:51:44+00:00","breadcrumb":{"@id":"https:\/\/homecareinnovation.com\/fr\/societes-locales-dadaptation-du-logement\/#breadcrumb"},"inLanguage":"fr-FR","potentialAction":[{"@type":"ReadAction","target":["https:\/\/homecareinnovation.com\/fr\/societes-locales-dadaptation-du-logement\/"]}]},{"@type":"BreadcrumbList","@id":"https:\/\/homecareinnovation.com\/fr\/societes-locales-dadaptation-du-logement\/#breadcrumb","itemListElement":[{"@type":"ListItem","position":1,"name":"Home","item":"https:\/\/homecareinnovation.com\/fr\/"},{"@type":"ListItem","position":2,"name":"Soci\u00e9t\u00e9s locales d&#8217;adaptation du logement"}]},{"@type":"WebSite","@id":"https:\/\/homecareinnovation.com\/fr\/#website","url":"https:\/\/homecareinnovation.com\/fr\/","name":"HomeCare Innovation BV","description":"Grossiste en aides aux personnes \u00e2g\u00e9es et handicap\u00e9es","publisher":{"@id":"https:\/\/homecareinnovation.com\/fr\/#organization"},"potentialAction":[{"@type":"SearchAction","target":{"@type":"EntryPoint","urlTemplate":"https:\/\/homecareinnovation.com\/fr\/?s={search_term_string}"},"query-input":{"@type":"PropertyValueSpecification","valueRequired":true,"valueName":"search_term_string"}}],"inLanguage":"fr-FR"},{"@type":"Organization","@id":"https:\/\/homecareinnovation.com\/fr\/#organization","name":"HomeCare Innovation BV","url":"https:\/\/homecareinnovation.com\/fr\/","logo":{"@type":"ImageObject","inLanguage":"fr-FR","@id":"https:\/\/homecareinnovation.com\/fr\/#\/schema\/logo\/image\/","url":"https:\/\/homecareinnovation.com\/wp-content\/uploads\/2021\/03\/HOME-CARE-LOGO-originele-kleur-klein.png","contentUrl":"https:\/\/homecareinnovation.com\/wp-content\/uploads\/2021\/03\/HOME-CARE-LOGO-originele-kleur-klein.png","width":1000,"height":357,"caption":"HomeCare Innovation BV"},"image":{"@id":"https:\/\/homecareinnovation.com\/fr\/#\/schema\/logo\/image\/"},"sameAs":["https:\/\/www.facebook.com\/HomeCareInnovationBV\/","https:\/\/www.instagram.com\/homecareinnovation\/","https:\/\/www.youtube.com\/channel\/UCg5pUSP6YEDGR5KtKeZe7nw"]}]}},"_links":{"self":[{"href":"https:\/\/homecareinnovation.com\/fr\/wp-json\/wp\/v2\/pages\/10574","targetHints":{"allow":["GET"]}}],"collection":[{"href":"https:\/\/homecareinnovation.com\/fr\/wp-json\/wp\/v2\/pages"}],"about":[{"href":"https:\/\/homecareinnovation.com\/fr\/wp-json\/wp\/v2\/types\/page"}],"author":[{"embeddable":true,"href":"https:\/\/homecareinnovation.com\/fr\/wp-json\/wp\/v2\/users\/1"}],"replies":[{"embeddable":true,"href":"https:\/\/homecareinnovation.com\/fr\/wp-json\/wp\/v2\/comments?post=10574"}],"version-history":[{"count":0,"href":"https:\/\/homecareinnovation.com\/fr\/wp-json\/wp\/v2\/pages\/10574\/revisions"}],"wp:attachment":[{"href":"https:\/\/homecareinnovation.com\/fr\/wp-json\/wp\/v2\/media?parent=10574"}],"curies":[{"name":"wp","href":"https:\/\/api.w.org\/{rel}","templated":true}]}}