{"id":10580,"date":"2020-11-10T10:57:44","date_gmt":"2020-11-10T10:57:44","guid":{"rendered":"https:\/\/homecareinnovation.com\/lits-dobesite-lits-de-soins-speciaux\/"},"modified":"2020-12-02T10:30:03","modified_gmt":"2020-12-02T10:30:03","slug":"lits-dobesite-lits-de-soins-speciaux","status":"publish","type":"page","link":"https:\/\/homecareinnovation.com\/fr\/lits-dobesite-lits-de-soins-speciaux\/","title":{"rendered":"Lits d&#8217;ob\u00e9sit\u00e9 | Lits de soins sp\u00e9ciaux"},"content":{"rendered":"<div class=\"wpb-content-wrapper\"><p>[vc_row wrap_container=&#8221;yes&#8221; css=&#8221;.vc_custom_1491289026816{padding-top: 70px !important;padding-bottom: 70px !important;}&#8221; el_class=&#8221;how-it-work&#8221;][vc_column offset=&#8221;vc_col-md-5&#8243;][vc_single_image image=&#8221;10700&#8243; img_size=&#8221;full&#8221; css_animation=&#8221;fadeInUp&#8221; el_class=&#8221;custom-product-image-pos-1 _relative&#8221;][\/vc_column][vc_column offset=&#8221;vc_col-md-7&#8243;]<div class=\"porto-u-heading align-left  wpb_custom_95aa9a11c17ad45cfabaf210d84ee7cc porto-u-ad87e2eaf3f9c495180fe0156ddf3eb0 \"><div class=\"porto-u-main-heading\"><h2   style=\"font-family:Poppins;font-weight:600;\">Nos lits ob\u00e9sit\u00e9 | lits de soins sp\u00e9ciaux<\/h2><\/div><div class=\"porto-u-heading-spacer line_only\" style=\"height:2px;\"><span class=\"porto-u-headings-line\" style=\"border-style:solid;border-bottom-width:2px;border-color:#1e73be;width:17px;\"><\/span><\/div><style>.porto-u-ad87e2eaf3f9c495180fe0156ddf3eb0.porto-u-heading{text-align:left} .porto-u-ad87e2eaf3f9c495180fe0156ddf3eb0 .porto-u-headings-line{float: left;}<\/style><\/div>[vc_column_text el_class=&#8221;pb-5 mb-5&#8243; css=&#8221;.vc_custom_1599639175029{margin-top: 20px !important;}&#8221;]<\/p>\n<p style=\"text-align: center;\">HomeCare Innovation dispose d&#8217;une large gamme de lits de soins sp\u00e9ciaux et de lits pour ob\u00e8ses. Les lits de soins sont r\u00e9glables \u00e9lectriquement. Nous vendons \u00e9galement les lits de soins sp\u00e9ciaux de Mobilia. Les lits de soins sont enti\u00e8rement pivotants \u00e9lectriquement.<\/p>\n<p style=\"text-align: center;\">Nous avons le type de lits de soins Mobilia suivant:<\/p>\n<ul>\n<li style=\"text-align: center;\">Mobilia Integra<\/li>\n<li style=\"text-align: center;\">Mobilia Cura<\/li>\n<li style=\"text-align: center;\">Mobilia Casa<\/li>\n<\/ul>\n<p style=\"text-align: center;\">Il s&#8217;agit de lits de soins infirmiers autonomes avec fonction de verticalisation. De ce fait, ce sont aussi des lits pour ob\u00e8ses.<\/p>\n<p>[\/vc_column_text][vc_btn title=&#8221;Voir notre collection de lits de soins&#8221; color=&#8221;sky&#8221; align=&#8221;center&#8221; link=&#8221;url:%2Ffr%2Fcategorie-produit%2Fchambre-a-coucher%2Flits-de-soins%2F&#8221;][\/vc_column][\/vc_row]<\/p>\n<\/div>","protected":false},"excerpt":{"rendered":"<p>[vc_row wrap_container=&#8221;yes&#8221; css=&#8221;.vc_custom_1491289026816{padding-top: 70px !important;padding-bottom: 70px !important;}&#8221; el_class=&#8221;how-it-work&#8221;][vc_column offset=&#8221;vc_col-md-5&#8243;][vc_single_image image=&#8221;10700&#8243; img_size=&#8221;full&#8221; css_animation=&#8221;fadeInUp&#8221; el_class=&#8221;custom-product-image-pos-1 _relative&#8221;][\/vc_column][vc_column offset=&#8221;vc_col-md-7&#8243;][vc_column_text el_class=&#8221;pb-5 mb-5&#8243; css=&#8221;.vc_custom_1599639175029{margin-top: 20px !important;}&#8221;] HomeCare Innovation dispose d&#8217;une large gamme de lits de soins sp\u00e9ciaux et de lits pour ob\u00e8ses. Les lits de soins sont r\u00e9glables \u00e9lectriquement. Nous vendons \u00e9galement les lits de soins sp\u00e9ciaux de Mobilia. Les lits [&hellip;]<\/p>\n","protected":false},"author":1,"featured_media":0,"parent":0,"menu_order":0,"comment_status":"closed","ping_status":"closed","template":"","meta":{"footnotes":""},"class_list":["post-10580","page","type-page","status-publish","hentry"],"yoast_head":"<!-- This site is optimized with the Yoast SEO plugin v27.3 - https:\/\/yoast.com\/product\/yoast-seo-wordpress\/ -->\n<title>Lits d&#039;ob\u00e9sit\u00e9 | Lits de soins sp\u00e9ciaux - HomeCare Innovation BV<\/title>\n<meta name=\"robots\" content=\"index, follow, max-snippet:-1, max-image-preview:large, max-video-preview:-1\" \/>\n<link rel=\"canonical\" href=\"https:\/\/homecareinnovation.com\/fr\/lits-dobesite-lits-de-soins-speciaux\/\" \/>\n<meta property=\"og:locale\" content=\"fr_FR\" \/>\n<meta property=\"og:type\" content=\"article\" \/>\n<meta property=\"og:title\" content=\"Lits d&#039;ob\u00e9sit\u00e9 | Lits de soins sp\u00e9ciaux - HomeCare Innovation BV\" \/>\n<meta property=\"og:description\" content=\"[vc_row wrap_container=&#8221;yes&#8221; css=&#8221;.vc_custom_1491289026816{padding-top: 70px !important;padding-bottom: 70px !important;}&#8221; el_class=&#8221;how-it-work&#8221;][vc_column offset=&#8221;vc_col-md-5&#8243;][vc_single_image image=&#8221;10700&#8243; img_size=&#8221;full&#8221; css_animation=&#8221;fadeInUp&#8221; el_class=&#8221;custom-product-image-pos-1 _relative&#8221;][\/vc_column][vc_column offset=&#8221;vc_col-md-7&#8243;][vc_column_text el_class=&#8221;pb-5 mb-5&#8243; css=&#8221;.vc_custom_1599639175029{margin-top: 20px !important;}&#8221;] HomeCare Innovation dispose d&#8217;une large gamme de lits de soins sp\u00e9ciaux et de lits pour ob\u00e8ses. Les lits de soins sont r\u00e9glables \u00e9lectriquement. Nous vendons \u00e9galement les lits de soins sp\u00e9ciaux de Mobilia. Les lits [&hellip;]\" \/>\n<meta property=\"og:url\" content=\"https:\/\/homecareinnovation.com\/fr\/lits-dobesite-lits-de-soins-speciaux\/\" \/>\n<meta property=\"og:site_name\" content=\"HomeCare Innovation BV\" \/>\n<meta property=\"article:publisher\" content=\"https:\/\/www.facebook.com\/HomeCareInnovationBV\/\" \/>\n<meta property=\"article:modified_time\" content=\"2020-12-02T10:30:03+00:00\" \/>\n<meta name=\"twitter:card\" content=\"summary_large_image\" \/>\n<meta name=\"twitter:label1\" content=\"Dur\u00e9e de lecture estim\u00e9e\" \/>\n\t<meta name=\"twitter:data1\" content=\"1 minute\" \/>\n<script type=\"application\/ld+json\" class=\"yoast-schema-graph\">{\"@context\":\"https:\\\/\\\/schema.org\",\"@graph\":[{\"@type\":\"WebPage\",\"@id\":\"https:\\\/\\\/homecareinnovation.com\\\/fr\\\/lits-dobesite-lits-de-soins-speciaux\\\/\",\"url\":\"https:\\\/\\\/homecareinnovation.com\\\/fr\\\/lits-dobesite-lits-de-soins-speciaux\\\/\",\"name\":\"Lits d'ob\u00e9sit\u00e9 | Lits de soins sp\u00e9ciaux - HomeCare Innovation BV\",\"isPartOf\":{\"@id\":\"https:\\\/\\\/homecareinnovation.com\\\/fr\\\/#website\"},\"datePublished\":\"2020-11-10T10:57:44+00:00\",\"dateModified\":\"2020-12-02T10:30:03+00:00\",\"breadcrumb\":{\"@id\":\"https:\\\/\\\/homecareinnovation.com\\\/fr\\\/lits-dobesite-lits-de-soins-speciaux\\\/#breadcrumb\"},\"inLanguage\":\"fr-FR\",\"potentialAction\":[{\"@type\":\"ReadAction\",\"target\":[\"https:\\\/\\\/homecareinnovation.com\\\/fr\\\/lits-dobesite-lits-de-soins-speciaux\\\/\"]}]},{\"@type\":\"BreadcrumbList\",\"@id\":\"https:\\\/\\\/homecareinnovation.com\\\/fr\\\/lits-dobesite-lits-de-soins-speciaux\\\/#breadcrumb\",\"itemListElement\":[{\"@type\":\"ListItem\",\"position\":1,\"name\":\"Home\",\"item\":\"https:\\\/\\\/homecareinnovation.com\\\/fr\\\/\"},{\"@type\":\"ListItem\",\"position\":2,\"name\":\"Lits d&#8217;ob\u00e9sit\u00e9 | Lits de soins sp\u00e9ciaux\"}]},{\"@type\":\"WebSite\",\"@id\":\"https:\\\/\\\/homecareinnovation.com\\\/fr\\\/#website\",\"url\":\"https:\\\/\\\/homecareinnovation.com\\\/fr\\\/\",\"name\":\"HomeCare Innovation BV\",\"description\":\"Grossiste en aides aux personnes \u00e2g\u00e9es et handicap\u00e9es\",\"publisher\":{\"@id\":\"https:\\\/\\\/homecareinnovation.com\\\/fr\\\/#organization\"},\"potentialAction\":[{\"@type\":\"SearchAction\",\"target\":{\"@type\":\"EntryPoint\",\"urlTemplate\":\"https:\\\/\\\/homecareinnovation.com\\\/fr\\\/?s={search_term_string}\"},\"query-input\":{\"@type\":\"PropertyValueSpecification\",\"valueRequired\":true,\"valueName\":\"search_term_string\"}}],\"inLanguage\":\"fr-FR\"},{\"@type\":\"Organization\",\"@id\":\"https:\\\/\\\/homecareinnovation.com\\\/fr\\\/#organization\",\"name\":\"HomeCare Innovation BV\",\"url\":\"https:\\\/\\\/homecareinnovation.com\\\/fr\\\/\",\"logo\":{\"@type\":\"ImageObject\",\"inLanguage\":\"fr-FR\",\"@id\":\"https:\\\/\\\/homecareinnovation.com\\\/fr\\\/#\\\/schema\\\/logo\\\/image\\\/\",\"url\":\"https:\\\/\\\/homecareinnovation.com\\\/wp-content\\\/uploads\\\/2021\\\/03\\\/HOME-CARE-LOGO-originele-kleur-klein.png\",\"contentUrl\":\"https:\\\/\\\/homecareinnovation.com\\\/wp-content\\\/uploads\\\/2021\\\/03\\\/HOME-CARE-LOGO-originele-kleur-klein.png\",\"width\":1000,\"height\":357,\"caption\":\"HomeCare Innovation BV\"},\"image\":{\"@id\":\"https:\\\/\\\/homecareinnovation.com\\\/fr\\\/#\\\/schema\\\/logo\\\/image\\\/\"},\"sameAs\":[\"https:\\\/\\\/www.facebook.com\\\/HomeCareInnovationBV\\\/\",\"https:\\\/\\\/www.instagram.com\\\/homecareinnovation\\\/\",\"https:\\\/\\\/www.youtube.com\\\/channel\\\/UCg5pUSP6YEDGR5KtKeZe7nw\"]}]}<\/script>\n<!-- \/ Yoast SEO plugin. -->","yoast_head_json":{"title":"Lits d'ob\u00e9sit\u00e9 | Lits de soins sp\u00e9ciaux - HomeCare Innovation BV","robots":{"index":"index","follow":"follow","max-snippet":"max-snippet:-1","max-image-preview":"max-image-preview:large","max-video-preview":"max-video-preview:-1"},"canonical":"https:\/\/homecareinnovation.com\/fr\/lits-dobesite-lits-de-soins-speciaux\/","og_locale":"fr_FR","og_type":"article","og_title":"Lits d'ob\u00e9sit\u00e9 | Lits de soins sp\u00e9ciaux - HomeCare Innovation BV","og_description":"[vc_row wrap_container=&#8221;yes&#8221; css=&#8221;.vc_custom_1491289026816{padding-top: 70px !important;padding-bottom: 70px !important;}&#8221; el_class=&#8221;how-it-work&#8221;][vc_column offset=&#8221;vc_col-md-5&#8243;][vc_single_image image=&#8221;10700&#8243; img_size=&#8221;full&#8221; css_animation=&#8221;fadeInUp&#8221; el_class=&#8221;custom-product-image-pos-1 _relative&#8221;][\/vc_column][vc_column offset=&#8221;vc_col-md-7&#8243;][vc_column_text el_class=&#8221;pb-5 mb-5&#8243; css=&#8221;.vc_custom_1599639175029{margin-top: 20px !important;}&#8221;] HomeCare Innovation dispose d&#8217;une large gamme de lits de soins sp\u00e9ciaux et de lits pour ob\u00e8ses. Les lits de soins sont r\u00e9glables \u00e9lectriquement. Nous vendons \u00e9galement les lits de soins sp\u00e9ciaux de Mobilia. Les lits [&hellip;]","og_url":"https:\/\/homecareinnovation.com\/fr\/lits-dobesite-lits-de-soins-speciaux\/","og_site_name":"HomeCare Innovation BV","article_publisher":"https:\/\/www.facebook.com\/HomeCareInnovationBV\/","article_modified_time":"2020-12-02T10:30:03+00:00","twitter_card":"summary_large_image","twitter_misc":{"Dur\u00e9e de lecture estim\u00e9e":"1 minute"},"schema":{"@context":"https:\/\/schema.org","@graph":[{"@type":"WebPage","@id":"https:\/\/homecareinnovation.com\/fr\/lits-dobesite-lits-de-soins-speciaux\/","url":"https:\/\/homecareinnovation.com\/fr\/lits-dobesite-lits-de-soins-speciaux\/","name":"Lits d'ob\u00e9sit\u00e9 | Lits de soins sp\u00e9ciaux - HomeCare Innovation BV","isPartOf":{"@id":"https:\/\/homecareinnovation.com\/fr\/#website"},"datePublished":"2020-11-10T10:57:44+00:00","dateModified":"2020-12-02T10:30:03+00:00","breadcrumb":{"@id":"https:\/\/homecareinnovation.com\/fr\/lits-dobesite-lits-de-soins-speciaux\/#breadcrumb"},"inLanguage":"fr-FR","potentialAction":[{"@type":"ReadAction","target":["https:\/\/homecareinnovation.com\/fr\/lits-dobesite-lits-de-soins-speciaux\/"]}]},{"@type":"BreadcrumbList","@id":"https:\/\/homecareinnovation.com\/fr\/lits-dobesite-lits-de-soins-speciaux\/#breadcrumb","itemListElement":[{"@type":"ListItem","position":1,"name":"Home","item":"https:\/\/homecareinnovation.com\/fr\/"},{"@type":"ListItem","position":2,"name":"Lits d&#8217;ob\u00e9sit\u00e9 | Lits de soins sp\u00e9ciaux"}]},{"@type":"WebSite","@id":"https:\/\/homecareinnovation.com\/fr\/#website","url":"https:\/\/homecareinnovation.com\/fr\/","name":"HomeCare Innovation BV","description":"Grossiste en aides aux personnes \u00e2g\u00e9es et handicap\u00e9es","publisher":{"@id":"https:\/\/homecareinnovation.com\/fr\/#organization"},"potentialAction":[{"@type":"SearchAction","target":{"@type":"EntryPoint","urlTemplate":"https:\/\/homecareinnovation.com\/fr\/?s={search_term_string}"},"query-input":{"@type":"PropertyValueSpecification","valueRequired":true,"valueName":"search_term_string"}}],"inLanguage":"fr-FR"},{"@type":"Organization","@id":"https:\/\/homecareinnovation.com\/fr\/#organization","name":"HomeCare Innovation BV","url":"https:\/\/homecareinnovation.com\/fr\/","logo":{"@type":"ImageObject","inLanguage":"fr-FR","@id":"https:\/\/homecareinnovation.com\/fr\/#\/schema\/logo\/image\/","url":"https:\/\/homecareinnovation.com\/wp-content\/uploads\/2021\/03\/HOME-CARE-LOGO-originele-kleur-klein.png","contentUrl":"https:\/\/homecareinnovation.com\/wp-content\/uploads\/2021\/03\/HOME-CARE-LOGO-originele-kleur-klein.png","width":1000,"height":357,"caption":"HomeCare Innovation BV"},"image":{"@id":"https:\/\/homecareinnovation.com\/fr\/#\/schema\/logo\/image\/"},"sameAs":["https:\/\/www.facebook.com\/HomeCareInnovationBV\/","https:\/\/www.instagram.com\/homecareinnovation\/","https:\/\/www.youtube.com\/channel\/UCg5pUSP6YEDGR5KtKeZe7nw"]}]}},"_links":{"self":[{"href":"https:\/\/homecareinnovation.com\/fr\/wp-json\/wp\/v2\/pages\/10580","targetHints":{"allow":["GET"]}}],"collection":[{"href":"https:\/\/homecareinnovation.com\/fr\/wp-json\/wp\/v2\/pages"}],"about":[{"href":"https:\/\/homecareinnovation.com\/fr\/wp-json\/wp\/v2\/types\/page"}],"author":[{"embeddable":true,"href":"https:\/\/homecareinnovation.com\/fr\/wp-json\/wp\/v2\/users\/1"}],"replies":[{"embeddable":true,"href":"https:\/\/homecareinnovation.com\/fr\/wp-json\/wp\/v2\/comments?post=10580"}],"version-history":[{"count":0,"href":"https:\/\/homecareinnovation.com\/fr\/wp-json\/wp\/v2\/pages\/10580\/revisions"}],"wp:attachment":[{"href":"https:\/\/homecareinnovation.com\/fr\/wp-json\/wp\/v2\/media?parent=10580"}],"curies":[{"name":"wp","href":"https:\/\/api.w.org\/{rel}","templated":true}]}}