{"id":10600,"date":"2020-11-10T12:46:27","date_gmt":"2020-11-10T12:46:27","guid":{"rendered":"https:\/\/homecareinnovation.com\/projets\/"},"modified":"2020-12-02T08:56:44","modified_gmt":"2020-12-02T08:56:44","slug":"projets","status":"publish","type":"page","link":"https:\/\/homecareinnovation.com\/fr\/projets\/","title":{"rendered":"Projets"},"content":{"rendered":"<div class=\"wpb-content-wrapper\"><p>[vc_row][vc_column width=&#8221;1\/2&#8243;][vc_images_carousel images=&#8221;18362,14444,14441,14438,14435,14432,14429,14426&#8243; img_size=&#8221;500&#215;500&#8243; autoplay=&#8221;yes&#8221; wrap=&#8221;yes&#8221;][\/vc_column][vc_column width=&#8221;1\/2&#8243;][vc_column_text]<\/p>\n<h3>Installation progressive d&#8217;un seuil d&#8217;aide<\/h3>\n<p>Le placement d&#8217;un seuil d&#8217;aide n&#8217;est plus un d\u00e9fi pour HomeCare Innovation BV. Notre \u00e9quipe d&#8217;experts peut toujours proposer une solution adapt\u00e9e, m\u00eame dans la situation la plus impossible, gr\u00e2ce \u00e0 notre syst\u00e8me modulaire flexible de support de seuil et \u00e0 de nombreuses autres solutions de seuil.<\/p>\n<p>Vous pouvez voir ici l&#8217;installation progressive d&#8217;une aide de seuil afin de voir exactement comment nous travaillons du d\u00e9but \u00e0 la fin.<\/p>\n<p>Vous avez \u00e9galement un seuil g\u00eanant que vous aimeriez rendre accessible aux fauteuils roulants ? Faites-le nous savoir en appelant <a href=\"TEL:\/\/0102420913\">010-242 09 13<\/a> ou en nous envoyant un courriel : <a href=\"mailto:info@homecareinnovation.com\">info@homecareinnovation.com<\/a> nous serons heureux de vous aider.<\/p>\n<p><a href=\"\/fr\/categorie-produit\/rampes-de-seuil\/\">Voir nos seuils d&#8217;aide standard&gt;<\/a><\/p>\n<p>[\/vc_column_text][\/vc_column][\/vc_row][vc_row][vc_column width=&#8221;1\/2&#8243;][vc_column_text]<\/p>\n<h3>Balcon &amp;amp ; \u00e9l\u00e9vation des galeries<\/h3>\n<p>A <a href=\"\/fr\/categorie-produit\/rampes-de-seuil\/rehaussement-de-balcons-et-terrasses\/\">\u00e9l\u00e9vation de balcon ou de galerie<\/a> offre aux r\u00e9sidents, aux visiteurs, aux personnes \u00e2g\u00e9es et aux personnes handicap\u00e9es la possibilit\u00e9 de vivre \u00e0 nouveau en toute libert\u00e9 dans et autour de leur maison. Une solution id\u00e9ale pour, par exemple, les VvE qui veulent un appartement ou des appartements <strong>de mise \u00e0 niveau<\/strong>.<\/p>\n<p>Jetez un coup d&#8217;\u0153il \u00e0 plusieurs exemples de projets que nous avons r\u00e9alis\u00e9s. \u2192<\/p>\n<p><a class=\"fw_button\" href=\"\/fr\/categorie-produit\/rampes-de-seuil\/rehaussement-de-balcons-et-terrasses\/\">Cliquez ici pour plus d&#8217;informations &gt;<\/a>.<\/p>\n<p>[\/vc_column_text][\/vc_column][vc_column width=&#8221;1\/2&#8243;][vc_images_carousel images=&#8221;10945,14420,14408,10948,10949,10950,10979,10977,14411&#8243; img_size=&#8221;500&#215;500&#8243; autoplay=&#8221;yes&#8221; wrap=&#8221;yes&#8221;][\/vc_column][\/vc_row][vc_row][vc_column width=&#8221;1\/2&#8243;][vc_images_carousel images=&#8221;13608,12485,12454,13357,13327,12399,13144,12971,11801,13482,11867,11881,11895,12982,14396,11338&#8243; img_size=&#8221;500&#215;500&#8243; autoplay=&#8221;yes&#8221; wrap=&#8221;yes&#8221;][\/vc_column][vc_column width=&#8221;1\/2&#8243;][vc_column_text]<\/p>\n<h3>Syst\u00e8mes d&#8217;ascenseurs<\/h3>\n<p>Les syst\u00e8mes d&#8217;ascenseur de HomeCare Innovation sont con\u00e7us pour vous permettre d&#8217;effectuer vos activit\u00e9s quotidiennes de mani\u00e8re autonome pendant une p\u00e9riode plus longue. Cela signifie que gr\u00e2ce \u00e0 nos <a href=\"\/fr\/categorie-produit\/ascenseur\/\">ascenseurs <\/a>vous pouvez \u00e0 nouveau vous baigner en toute ind\u00e9pendance gr\u00e2ce aux <a href=\"\/fr\/categorie-produit\/ascenseur\/elevateurs-de-bain\/\">ascenseurs pour le bain<\/a>, Vous pouvez aller aux toilettes gr\u00e2ce \u00e0 nos <a href=\"\/fr\/categorie-produit\/ascenseur\/ascenseurs-pour-toilettes\/\">ascenseurs de toilettes<\/a> ou vous pouvez vous mettre au lit de mani\u00e8re ind\u00e9pendante gr\u00e2ce \u00e0 nos <a href=\"\/fr\/categorie-produit\/ascenseur\/leve-jambes\/\">l\u00e8ve-jambes<\/a>.<\/p>\n<p>En outre, HomeCare Innovation fournit \u00e9galement des ascenseurs pour aider les soignants \u00e0 <a href=\"\/fr\/faire-du-stop\/\u00eatre-dans-l'ascenseur\/\">\u00eatre dans l&#8217;ascenseur<\/a> soulever les personnes du sol, \u00e0 utiliser la cuisine de mani\u00e8re autonome gr\u00e2ce aux <a href=\"\/fr\/categorie-produit\/ascenseur\/ascenseurs-de-plan-de-travail\/\">ascenseur pour le bain de travai<\/a>, <a href=\"\/fr\/categorie-produit\/ascenseur\/ascenseurs-pour-lavabos\/\">ascenseurs de lavabo<\/a> pour la salle de bain mais m\u00eame <a href=\"\/fr\/categorie-produit\/ascenseur\/ascenseurs-de-piscine\/\">ascenseurs de piscine<\/a> pour faire entrer et sortir les gens de l&#8217;eau.<\/p>\n<p><a class=\"fw_button\" href=\"\/fr\/categorie-produit\/ascenseur\/\">Cliquez ici pour voir tous les syst\u00e8mes d&#8217;ascenseurs &gt;<\/a><\/p>\n<p>[\/vc_column_text][\/vc_column][\/vc_row][vc_row][vc_column width=&#8221;1\/2&#8243;][vc_column_text]<\/p>\n<h3>S\u00e9curit\u00e9 au volant<\/h3>\n<p>Le tube de choc en plastique (appel\u00e9 K-Tube) emp\u00eache de rouler \u00e0 c\u00f4t\u00e9 de l&#8217;all\u00e9e avec, par exemple, un scooter de mobilit\u00e9. La protection de sortie peut \u00eatre plac\u00e9e sous forme de variante simple ou double et peut \u00eatre utilis\u00e9e pour des solutions de seuil \u00e0 partir de 3,6 cm. de hauteur.<\/p>\n<p>Sur la droite, vous pouvez voir quelques exemples d&#8217;aides de seuil avec un dispositif de s\u00e9curit\u00e9 de sortie.\u00a0\u2192<\/p>\n<p><a class=\"fw_button\" href=\"\/fr\/categorie-produit\/rampes-de-seuil\/rampes-de-seuil-sur-mesure\/\">Cliquez ici pour plus d&#8217;informations &gt;<\/a>.<\/p>\n<p>[\/vc_column_text][\/vc_column][vc_column width=&#8221;1\/2&#8243;][vc_images_carousel images=&#8221;2649,14426,14381,14384,14390,14387,13525,13526&#8243; img_size=&#8221;500&#215;500&#8243; autoplay=&#8221;yes&#8221; wrap=&#8221;yes&#8221;][\/vc_column][\/vc_row][vc_row][vc_column width=&#8221;1\/2&#8243;][vc_images_carousel images=&#8221;14357,14354,14363,14366,14360,14369,14372,14375,14378,14381,14384,14387&#8243; img_size=&#8221;500&#215;500&#8243; autoplay=&#8221;yes&#8221; wrap=&#8221;yes&#8221;][\/vc_column][vc_column width=&#8221;1\/2&#8243;][vc_column_text]<\/p>\n<h3>Aides \u00e0 seuil uniquement r\u00e9alis\u00e9es<\/h3>\n<p>Chaque jour, notre \u00e9quipe de sp\u00e9cialistes se d\u00e9place pour installer des <a href=\"\/fr\/categorie-produit\/rampes-de-seuil\/\">aides au seuil <\/a> chez les clients. Nous prenons ensuite les pi\u00e8ces n\u00e9cessaires avec nous et les pla\u00e7ons sur place. Gr\u00e2ce au syst\u00e8me flexible avec lequel nous travaillons, les aides de seuil sont tr\u00e8s faciles \u00e0 adapter pour qu&#8217;elles puissent \u00eatre utilis\u00e9es dans n&#8217;importe quelle situation.<\/p>\n<p>\u2190 A droite, vous pouvez voir un certain nombre d&#8217;exemples d&#8217;aides \u00e0 seuil r\u00e9cemment r\u00e9alis\u00e9es.<\/p>\n<p><a class=\"fw_button\" href=\"\/fr\/categorie-produit\/rampes-de-seuil\/les-rampes-passerelles\/\">Cliquez ici pour plus d&#8217;informations &gt;<\/a>.<\/p>\n<p>[\/vc_column_text][\/vc_column][\/vc_row][vc_row][vc_column width=&#8221;1\/2&#8243;][vc_column_text]<\/p>\n<h3>Une rampe extra large:<\/h3>\n<p>Pourquoi une rampe extra-large ? Dans des cas exceptionnels, il n&#8217;est tout simplement pas possible de franchir la rampe en toute s\u00e9curit\u00e9 avec un scooter de mobilit\u00e9, car la rampe n&#8217;est tout simplement pas assez large. Cette rampe extra large a une largeur totale de pas moins de 88 cm et offre donc une solution.<\/p>\n<p>La rampe est disponible en diff\u00e9rentes longueurs jusqu&#8217;\u00e0 300 cm et dans une version pliable.<\/p>\n<p><a class=\"fw_button\" href=\"\/fr\/categorie-produit\/rampes-dacces\/rampes-extra-larges\/\">Cliquez ici pour plus d&#8217;informations &gt;<\/a>.<\/p>\n<p>[\/vc_column_text][\/vc_column][vc_column width=&#8221;1\/2&#8243;][vc_images_carousel images=&#8221;14351,11772,11773,11771,14339&#8243; img_size=&#8221;500&#215;500&#8243; autoplay=&#8221;yes&#8221; wrap=&#8221;yes&#8221;][\/vc_column][\/vc_row][vc_row][vc_column width=&#8221;1\/2&#8243;][vc_images_carousel images=&#8221;14327,14336,14333,14330&#8243; img_size=&#8221;500&#215;500&#8243; autoplay=&#8221;yes&#8221; wrap=&#8221;yes&#8221;][\/vc_column][vc_column width=&#8221;1\/2&#8243;][vc_column_text]<\/p>\n<h3>El\u00e9vation du sol de la douche<\/h3>\n<p>Les solutions de seuil d&#8217;Excellent Systems peuvent \u00eatre construites en utilisant trois angles de gradient diff\u00e9rents :<\/p>\n<ul>\n<li>&#8211; Angle d&#8217;inclinaison de type I = 1:6,7<\/li>\n<li>&#8211; Angle d&#8217;inclinaison de type II = 1:13,3<\/li>\n<li>&#8211; Angle d&#8217;inclinaison de type III = 1:20<\/li>\n<\/ul>\n<p>Les pentes de type I et II peuvent \u00eatre install\u00e9es sur plusieurs c\u00f4t\u00e9s (c\u00f4t\u00e9s en pente), les pentes de type III sur un seul c\u00f4t\u00e9 (pente droite). En fonction de la hauteur du seuil et de l&#8217;espace disponible, un choix est fait pour un certain angle de pente. Veuillez nous contacter pour obtenir des conseils. <a class=\"fw_button\" href=\"\/fr\/produit\/creation-de-plateaux-de-douche\/\">Cliquez ici pour plus d&#8217;informations &gt;<\/a>.<\/p>\n<p>[\/vc_column_text][\/vc_column][\/vc_row][vc_row][vc_column width=&#8221;1\/2&#8243;][vc_column_text]<\/p>\n<h3>Les rampes Stepless Lite<\/h3>\n<p>Les rampes Stepless Lite sont fabriqu\u00e9es en fibre de carbone et sont donc tr\u00e8s l\u00e9g\u00e8res. En outre, les rampes sont \u00e9galement faciles \u00e0 plier, ce qui les rend faciles \u00e0 emporter. Voyez dans l&#8217;album photo de droite un certain nombre de projets o\u00f9 la rampe Stepless Lite a \u00e9t\u00e9 utilis\u00e9e.<\/p>\n<p>[\/vc_column_text][\/vc_column][vc_column width=&#8221;1\/2&#8243;][vc_images_carousel images=&#8221;10621,10615,14324,10603,10609&#8243; img_size=&#8221;500&#215;500&#8243; autoplay=&#8221;yes&#8221; wrap=&#8221;yes&#8221;][\/vc_column][\/vc_row]<\/p>\n<\/div>","protected":false},"excerpt":{"rendered":"<p>[vc_row][vc_column width=&#8221;1\/2&#8243;][vc_images_carousel images=&#8221;18362,14444,14441,14438,14435,14432,14429,14426&#8243; img_size=&#8221;500&#215;500&#8243; autoplay=&#8221;yes&#8221; wrap=&#8221;yes&#8221;][\/vc_column][vc_column width=&#8221;1\/2&#8243;][vc_column_text] Installation progressive d&#8217;un seuil d&#8217;aide Le placement d&#8217;un seuil d&#8217;aide n&#8217;est plus un d\u00e9fi pour HomeCare Innovation BV. Notre \u00e9quipe d&#8217;experts peut toujours proposer une solution adapt\u00e9e, m\u00eame dans la situation la plus impossible, gr\u00e2ce \u00e0 notre syst\u00e8me modulaire flexible de support de seuil et \u00e0 de nombreuses [&hellip;]<\/p>\n","protected":false},"author":1,"featured_media":0,"parent":0,"menu_order":0,"comment_status":"closed","ping_status":"closed","template":"","meta":{"footnotes":""},"class_list":["post-10600","page","type-page","status-publish","hentry"],"yoast_head":"<!-- This site is optimized with the Yoast SEO plugin v27.5 - https:\/\/yoast.com\/product\/yoast-seo-wordpress\/ -->\n<title>Projets - HomeCare Innovation BV<\/title>\n<meta name=\"robots\" content=\"index, follow, max-snippet:-1, max-image-preview:large, max-video-preview:-1\" \/>\n<link rel=\"canonical\" href=\"https:\/\/homecareinnovation.com\/fr\/projets\/\" \/>\n<meta property=\"og:locale\" content=\"fr_FR\" \/>\n<meta property=\"og:type\" content=\"article\" \/>\n<meta property=\"og:title\" content=\"Projets - HomeCare Innovation BV\" \/>\n<meta property=\"og:description\" content=\"[vc_row][vc_column width=&#8221;1\/2&#8243;][vc_images_carousel images=&#8221;18362,14444,14441,14438,14435,14432,14429,14426&#8243; img_size=&#8221;500&#215;500&#8243; autoplay=&#8221;yes&#8221; wrap=&#8221;yes&#8221;][\/vc_column][vc_column width=&#8221;1\/2&#8243;][vc_column_text] Installation progressive d&#8217;un seuil d&#8217;aide Le placement d&#8217;un seuil d&#8217;aide n&#8217;est plus un d\u00e9fi pour HomeCare Innovation BV. Notre \u00e9quipe d&#8217;experts peut toujours proposer une solution adapt\u00e9e, m\u00eame dans la situation la plus impossible, gr\u00e2ce \u00e0 notre syst\u00e8me modulaire flexible de support de seuil et \u00e0 de nombreuses [&hellip;]\" \/>\n<meta property=\"og:url\" content=\"https:\/\/homecareinnovation.com\/fr\/projets\/\" \/>\n<meta property=\"og:site_name\" content=\"HomeCare Innovation BV\" \/>\n<meta property=\"article:publisher\" content=\"https:\/\/www.facebook.com\/HomeCareInnovationBV\/\" \/>\n<meta property=\"article:modified_time\" content=\"2020-12-02T08:56:44+00:00\" \/>\n<meta name=\"twitter:card\" content=\"summary_large_image\" \/>\n<meta name=\"twitter:label1\" content=\"Dur\u00e9e de lecture estim\u00e9e\" \/>\n\t<meta name=\"twitter:data1\" content=\"5 minutes\" \/>\n<script type=\"application\/ld+json\" class=\"yoast-schema-graph\">{\"@context\":\"https:\\\/\\\/schema.org\",\"@graph\":[{\"@type\":\"WebPage\",\"@id\":\"https:\\\/\\\/homecareinnovation.com\\\/fr\\\/projets\\\/\",\"url\":\"https:\\\/\\\/homecareinnovation.com\\\/fr\\\/projets\\\/\",\"name\":\"Projets - HomeCare Innovation BV\",\"isPartOf\":{\"@id\":\"https:\\\/\\\/homecareinnovation.com\\\/fr\\\/#website\"},\"datePublished\":\"2020-11-10T12:46:27+00:00\",\"dateModified\":\"2020-12-02T08:56:44+00:00\",\"breadcrumb\":{\"@id\":\"https:\\\/\\\/homecareinnovation.com\\\/fr\\\/projets\\\/#breadcrumb\"},\"inLanguage\":\"fr-FR\",\"potentialAction\":[{\"@type\":\"ReadAction\",\"target\":[\"https:\\\/\\\/homecareinnovation.com\\\/fr\\\/projets\\\/\"]}]},{\"@type\":\"BreadcrumbList\",\"@id\":\"https:\\\/\\\/homecareinnovation.com\\\/fr\\\/projets\\\/#breadcrumb\",\"itemListElement\":[{\"@type\":\"ListItem\",\"position\":1,\"name\":\"Home\",\"item\":\"https:\\\/\\\/homecareinnovation.com\\\/fr\\\/\"},{\"@type\":\"ListItem\",\"position\":2,\"name\":\"Projets\"}]},{\"@type\":\"WebSite\",\"@id\":\"https:\\\/\\\/homecareinnovation.com\\\/fr\\\/#website\",\"url\":\"https:\\\/\\\/homecareinnovation.com\\\/fr\\\/\",\"name\":\"HomeCare Innovation BV\",\"description\":\"Grossiste en aides aux personnes \u00e2g\u00e9es et handicap\u00e9es\",\"publisher\":{\"@id\":\"https:\\\/\\\/homecareinnovation.com\\\/fr\\\/#organization\"},\"potentialAction\":[{\"@type\":\"SearchAction\",\"target\":{\"@type\":\"EntryPoint\",\"urlTemplate\":\"https:\\\/\\\/homecareinnovation.com\\\/fr\\\/?s={search_term_string}\"},\"query-input\":{\"@type\":\"PropertyValueSpecification\",\"valueRequired\":true,\"valueName\":\"search_term_string\"}}],\"inLanguage\":\"fr-FR\"},{\"@type\":\"Organization\",\"@id\":\"https:\\\/\\\/homecareinnovation.com\\\/fr\\\/#organization\",\"name\":\"HomeCare Innovation BV\",\"url\":\"https:\\\/\\\/homecareinnovation.com\\\/fr\\\/\",\"logo\":{\"@type\":\"ImageObject\",\"inLanguage\":\"fr-FR\",\"@id\":\"https:\\\/\\\/homecareinnovation.com\\\/fr\\\/#\\\/schema\\\/logo\\\/image\\\/\",\"url\":\"https:\\\/\\\/homecareinnovation.com\\\/wp-content\\\/uploads\\\/2021\\\/03\\\/HOME-CARE-LOGO-originele-kleur-klein.png\",\"contentUrl\":\"https:\\\/\\\/homecareinnovation.com\\\/wp-content\\\/uploads\\\/2021\\\/03\\\/HOME-CARE-LOGO-originele-kleur-klein.png\",\"width\":1000,\"height\":357,\"caption\":\"HomeCare Innovation BV\"},\"image\":{\"@id\":\"https:\\\/\\\/homecareinnovation.com\\\/fr\\\/#\\\/schema\\\/logo\\\/image\\\/\"},\"sameAs\":[\"https:\\\/\\\/www.facebook.com\\\/HomeCareInnovationBV\\\/\",\"https:\\\/\\\/www.instagram.com\\\/homecareinnovation\\\/\",\"https:\\\/\\\/www.youtube.com\\\/channel\\\/UCg5pUSP6YEDGR5KtKeZe7nw\"]}]}<\/script>\n<!-- \/ Yoast SEO plugin. -->","yoast_head_json":{"title":"Projets - HomeCare Innovation BV","robots":{"index":"index","follow":"follow","max-snippet":"max-snippet:-1","max-image-preview":"max-image-preview:large","max-video-preview":"max-video-preview:-1"},"canonical":"https:\/\/homecareinnovation.com\/fr\/projets\/","og_locale":"fr_FR","og_type":"article","og_title":"Projets - HomeCare Innovation BV","og_description":"[vc_row][vc_column width=&#8221;1\/2&#8243;][vc_images_carousel images=&#8221;18362,14444,14441,14438,14435,14432,14429,14426&#8243; img_size=&#8221;500&#215;500&#8243; autoplay=&#8221;yes&#8221; wrap=&#8221;yes&#8221;][\/vc_column][vc_column width=&#8221;1\/2&#8243;][vc_column_text] Installation progressive d&#8217;un seuil d&#8217;aide Le placement d&#8217;un seuil d&#8217;aide n&#8217;est plus un d\u00e9fi pour HomeCare Innovation BV. Notre \u00e9quipe d&#8217;experts peut toujours proposer une solution adapt\u00e9e, m\u00eame dans la situation la plus impossible, gr\u00e2ce \u00e0 notre syst\u00e8me modulaire flexible de support de seuil et \u00e0 de nombreuses [&hellip;]","og_url":"https:\/\/homecareinnovation.com\/fr\/projets\/","og_site_name":"HomeCare Innovation BV","article_publisher":"https:\/\/www.facebook.com\/HomeCareInnovationBV\/","article_modified_time":"2020-12-02T08:56:44+00:00","twitter_card":"summary_large_image","twitter_misc":{"Dur\u00e9e de lecture estim\u00e9e":"5 minutes"},"schema":{"@context":"https:\/\/schema.org","@graph":[{"@type":"WebPage","@id":"https:\/\/homecareinnovation.com\/fr\/projets\/","url":"https:\/\/homecareinnovation.com\/fr\/projets\/","name":"Projets - HomeCare Innovation BV","isPartOf":{"@id":"https:\/\/homecareinnovation.com\/fr\/#website"},"datePublished":"2020-11-10T12:46:27+00:00","dateModified":"2020-12-02T08:56:44+00:00","breadcrumb":{"@id":"https:\/\/homecareinnovation.com\/fr\/projets\/#breadcrumb"},"inLanguage":"fr-FR","potentialAction":[{"@type":"ReadAction","target":["https:\/\/homecareinnovation.com\/fr\/projets\/"]}]},{"@type":"BreadcrumbList","@id":"https:\/\/homecareinnovation.com\/fr\/projets\/#breadcrumb","itemListElement":[{"@type":"ListItem","position":1,"name":"Home","item":"https:\/\/homecareinnovation.com\/fr\/"},{"@type":"ListItem","position":2,"name":"Projets"}]},{"@type":"WebSite","@id":"https:\/\/homecareinnovation.com\/fr\/#website","url":"https:\/\/homecareinnovation.com\/fr\/","name":"HomeCare Innovation BV","description":"Grossiste en aides aux personnes \u00e2g\u00e9es et handicap\u00e9es","publisher":{"@id":"https:\/\/homecareinnovation.com\/fr\/#organization"},"potentialAction":[{"@type":"SearchAction","target":{"@type":"EntryPoint","urlTemplate":"https:\/\/homecareinnovation.com\/fr\/?s={search_term_string}"},"query-input":{"@type":"PropertyValueSpecification","valueRequired":true,"valueName":"search_term_string"}}],"inLanguage":"fr-FR"},{"@type":"Organization","@id":"https:\/\/homecareinnovation.com\/fr\/#organization","name":"HomeCare Innovation BV","url":"https:\/\/homecareinnovation.com\/fr\/","logo":{"@type":"ImageObject","inLanguage":"fr-FR","@id":"https:\/\/homecareinnovation.com\/fr\/#\/schema\/logo\/image\/","url":"https:\/\/homecareinnovation.com\/wp-content\/uploads\/2021\/03\/HOME-CARE-LOGO-originele-kleur-klein.png","contentUrl":"https:\/\/homecareinnovation.com\/wp-content\/uploads\/2021\/03\/HOME-CARE-LOGO-originele-kleur-klein.png","width":1000,"height":357,"caption":"HomeCare Innovation BV"},"image":{"@id":"https:\/\/homecareinnovation.com\/fr\/#\/schema\/logo\/image\/"},"sameAs":["https:\/\/www.facebook.com\/HomeCareInnovationBV\/","https:\/\/www.instagram.com\/homecareinnovation\/","https:\/\/www.youtube.com\/channel\/UCg5pUSP6YEDGR5KtKeZe7nw"]}]}},"_links":{"self":[{"href":"https:\/\/homecareinnovation.com\/fr\/wp-json\/wp\/v2\/pages\/10600","targetHints":{"allow":["GET"]}}],"collection":[{"href":"https:\/\/homecareinnovation.com\/fr\/wp-json\/wp\/v2\/pages"}],"about":[{"href":"https:\/\/homecareinnovation.com\/fr\/wp-json\/wp\/v2\/types\/page"}],"author":[{"embeddable":true,"href":"https:\/\/homecareinnovation.com\/fr\/wp-json\/wp\/v2\/users\/1"}],"replies":[{"embeddable":true,"href":"https:\/\/homecareinnovation.com\/fr\/wp-json\/wp\/v2\/comments?post=10600"}],"version-history":[{"count":0,"href":"https:\/\/homecareinnovation.com\/fr\/wp-json\/wp\/v2\/pages\/10600\/revisions"}],"wp:attachment":[{"href":"https:\/\/homecareinnovation.com\/fr\/wp-json\/wp\/v2\/media?parent=10600"}],"curies":[{"name":"wp","href":"https:\/\/api.w.org\/{rel}","templated":true}]}}