{"id":10630,"date":"2020-11-10T12:51:40","date_gmt":"2020-11-10T12:51:40","guid":{"rendered":"https:\/\/homecareinnovation.com\/conditions-de-retour\/"},"modified":"2020-11-10T12:51:52","modified_gmt":"2020-11-10T12:51:52","slug":"conditions-de-retour","status":"publish","type":"page","link":"https:\/\/homecareinnovation.com\/fr\/conditions-de-retour\/","title":{"rendered":"Conditions de retour"},"content":{"rendered":"<div class=\"wpb-content-wrapper\"><p>[vc_row][vc_column][vc_column_text]<\/p>\n<h2 style=\"text-align : center ;\">Conditions de retour<\/h2>\n<p>&nbsp;<\/p>\n<p>[\/vc_column_text][\/vc_column][\/vc_row][vc_row wrap_container=&#8221;yes&#8221; animation_duration=&#8221;100&#8243; el_id=&#8221;ourservices&#8221; css=&#8221;.vc_custom_1599556815520{padding-top: 30px !important;padding-bottom: 60px !important;}&#8221; animation_type=&#8221;fadeIn&#8221;][vc_column][vc_row_inner el_class=&#8221;justify-content-center&#8221;][vc_column_inner width=&#8221;1\/2&#8243;]<\/p>\n<div class=\"porto-sicon-box px-4  wpb_custom_1efe903570d178ff0a9b7bfa5febd3a4 style_1 top-icon\"><div class=\"porto-sicon-top\"><div class=\"porto-just-icon-wrapper porto-sicon-img  porto-icon-9f5d1cfb45d27d96b50bf473aebba227\" style=\"font-size: 350px;\"><img loading=\"lazy\" decoding=\"async\" class=\"img-icon\" alt=\"\" src=\"https:\/\/homecareinnovation.com\/wp-content\/uploads\/2020\/08\/imageedit-51-8412056170.jpg\" width=\"242\" height=\"161\" \/><\/div><\/div><div class=\"porto-sicon-header\"><h3 class=\"porto-sicon-title\" style=\"font-size:28px;line-height:36px;\">Produit standard<\/h3><\/div> <!-- header --><div class=\"porto-sicon-description\" style=\"font-size:15.4px;\">\n<p style=\"text-align : left ;\">Vous avez le droit d&#8217;annuler votre commande jusqu&#8217;\u00e0 14 jours apr\u00e8s r\u00e9ception, sans avoir \u00e0 donner de raison. Apr\u00e8s l&#8217;annulation, vous disposez d&#8217;un d\u00e9lai suppl\u00e9mentaire de 14 jours pour retourner votre produit. Vous serez alors cr\u00e9dit\u00e9 du montant total de la commande, y compris les frais d&#8217;exp\u00e9dition. Nous prendrons \u00e9galement en charge les frais de retour de votre produit.<\/p>\n<p><\/div> <!-- description --><\/div><!-- porto-sicon-box -->\n<p>[\/vc_column_inner][vc_column_inner width=&#8221;1\/2&#8243;]<\/p>\n<div class=\"porto-sicon-box px-4  wpb_custom_1efe903570d178ff0a9b7bfa5febd3a4 style_1 top-icon\"><div class=\"porto-sicon-top\"><div class=\"porto-just-icon-wrapper porto-sicon-img  porto-icon-9f5d1cfb45d27d96b50bf473aebba227\" style=\"font-size: 250px;\"><img loading=\"lazy\" decoding=\"async\" class=\"img-icon\" alt=\"\" src=\"https:\/\/homecareinnovation.com\/wp-content\/uploads\/2020\/08\/imageedit-37-9814429059.jpg\" width=\"242\" height=\"232\" \/><\/div><\/div><div class=\"porto-sicon-header\"><h3 class=\"porto-sicon-title\" style=\"font-size:28px;line-height:36px;\">Produit personnalis\u00e9<\/h3><\/div> <!-- header --><div class=\"porto-sicon-description\" style=\"font-size:15.4px;\">\n<p style=\"text-align : left ;\">Lorsque le produit est fabriqu\u00e9 sur mesure par nos soins selon les sp\u00e9cifications que vous avez entr\u00e9es. Le droit de r\u00e9tractation ne s&#8217;applique pas.\u00a0La vente est donc d\u00e9finitive apr\u00e8s le paiement r\u00e9ussi.<\/p>\n<p>Les produits de taille ne seront pas retourn\u00e9s et rembours\u00e9s.<\/div> <!-- description --><\/div><!-- porto-sicon-box -->\n<p>[\/vc_column_inner][\/vc_row_inner][\/vc_column]<\/p>\n<p>[\/vc_row][vc_row]<\/p>\n<p>[vc_column]<\/p>\n<div class=\"porto-sicon-box px-4  wpb_custom_1efe903570d178ff0a9b7bfa5febd3a4 style_1 top-icon\"><div class=\"porto-sicon-top\"><div class=\"porto-just-icon-wrapper porto-icon none\" style=\"color:#1e73be;font-size:80px;\"><i class=\"porto-icon-money\"><\/i><\/div><\/div><div class=\"porto-sicon-header\"><h3 class=\"porto-sicon-title\" style=\"font-size:28px;line-height:36px;\">Remboursement dans les 14 jours<\/h3><\/div> <!-- header --><div class=\"porto-sicon-description\" style=\"font-size:15.4px;\">\n<p style=\"text-align : center ;\">Nous garantissons un remboursement complet, y compris les frais d&#8217;exp\u00e9dition, dans les 14 jours suivant la notification de retour.<\/p>\n<p style=\"text-align : center ;\">Nous ne rembourserons ce montant qu&#8217;apr\u00e8s avoir re\u00e7u le produit.<\/p>\n<p><\/div> <!-- description --><\/div><!-- porto-sicon-box -->\n<p>[\/vc_column]<\/p>\n<p>[\/vc_row][vc_row]<\/p>\n<p>[vc_column]<\/p>\n<div class=\"porto-sicon-box px-4  wpb_custom_1efe903570d178ff0a9b7bfa5febd3a4 style_1 top-icon\"><div class=\"porto-sicon-top\"><div class=\"porto-just-icon-wrapper porto-icon none\" style=\"color:#1e73be;font-size:60px;\"><i class=\"porto-icon-company\"><\/i><\/div><\/div><div class=\"porto-sicon-header\"><h3 class=\"porto-sicon-title\" style=\"font-size:28px;line-height:36px;\">Droit de r\u00e9vocation<\/h3><\/div> <!-- header --><div class=\"porto-sicon-description\" style=\"font-size:15.4px;\">\n<p style=\"text-align : center ;\">Si vous exercez votre droit de r\u00e9tractation, le produit avec tous les accessoires livr\u00e9s et &#8211; si cela est raisonnablement possible &#8211; dans son \u00e9tat et son emballage d&#8217;origine sera renvoy\u00e9 \u00e0 l&#8217;entrepreneur.<\/p>\n<p style=\"text-align : center ;\">Pour exercer ce droit, veuillez nous contacter \u00e0:<a href=\"mailto:info@homecareinnovation.com\"> info@homecareinnovation.com<\/a>. Nous vous rembourserons ensuite le montant de la commande dans les 14 jours suivant la notification de votre retour si le produit a d\u00e9j\u00e0 \u00e9t\u00e9 retourn\u00e9 en bon \u00e9tat.<\/p>\n<p style=\"text-align : center ;\">Pour plus d&#8217;informations sur votre droit de r\u00e9tractation en tant que consommateur, veuillez vous r\u00e9f\u00e9rer \u00e0 la page suivante : <a href=\"http:\/\/leblog.coliback.com\/procedure-de-retour-obligations-site-marchand-envers-particuliers\/#:~:text=Apr%C3%A8s%20l'achat%3A,marchand%20ne%20peut%20le%20refuser.\">http:\/\/leblog.coliback.com\/procedure-de-retour-obligations-site-marchand-envers-particuliers\/#:~:text=Apr%C3%A8s%20l&#8217;achat%3A,marchand%20ne%20peut%20le%20refuser.<\/a><\/p>\n<p>.<\/p>\n<p><\/div> <!-- description --><\/div><!-- porto-sicon-box -->\n<p>[\/vc_column][\/vc_row]<\/p>\n<\/div>","protected":false},"excerpt":{"rendered":"<p>[vc_row][vc_column][vc_column_text] Conditions de retour &nbsp; [\/vc_column_text][\/vc_column][\/vc_row][vc_row wrap_container=&#8221;yes&#8221; animation_duration=&#8221;100&#8243; el_id=&#8221;ourservices&#8221; css=&#8221;.vc_custom_1599556815520{padding-top: 30px !important;padding-bottom: 60px !important;}&#8221; animation_type=&#8221;fadeIn&#8221;][vc_column][vc_row_inner el_class=&#8221;justify-content-center&#8221;][vc_column_inner width=&#8221;1\/2&#8243;] [\/vc_column_inner][vc_column_inner width=&#8221;1\/2&#8243;] [\/vc_column_inner][\/vc_row_inner][\/vc_column] [\/vc_row][vc_row] [vc_column] [\/vc_column] [\/vc_row][vc_row] [vc_column] [\/vc_column][\/vc_row]<\/p>\n","protected":false},"author":1,"featured_media":0,"parent":0,"menu_order":0,"comment_status":"closed","ping_status":"closed","template":"","meta":{"footnotes":""},"class_list":["post-10630","page","type-page","status-publish","hentry"],"yoast_head":"<!-- This site is optimized with the Yoast SEO plugin v27.3 - https:\/\/yoast.com\/product\/yoast-seo-wordpress\/ -->\n<title>Conditions de retour - HomeCare Innovation BV<\/title>\n<meta name=\"robots\" content=\"index, follow, max-snippet:-1, max-image-preview:large, max-video-preview:-1\" \/>\n<link rel=\"canonical\" href=\"https:\/\/homecareinnovation.com\/fr\/conditions-de-retour\/\" \/>\n<meta property=\"og:locale\" content=\"fr_FR\" \/>\n<meta property=\"og:type\" content=\"article\" \/>\n<meta property=\"og:title\" content=\"Conditions de retour - HomeCare Innovation BV\" \/>\n<meta property=\"og:description\" content=\"[vc_row][vc_column][vc_column_text] Conditions de retour &nbsp; [\/vc_column_text][\/vc_column][\/vc_row][vc_row wrap_container=&#8221;yes&#8221; animation_duration=&#8221;100&#8243; el_id=&#8221;ourservices&#8221; css=&#8221;.vc_custom_1599556815520{padding-top: 30px !important;padding-bottom: 60px !important;}&#8221; animation_type=&#8221;fadeIn&#8221;][vc_column][vc_row_inner el_class=&#8221;justify-content-center&#8221;][vc_column_inner width=&#8221;1\/2&#8243;] [\/vc_column_inner][vc_column_inner width=&#8221;1\/2&#8243;] [\/vc_column_inner][\/vc_row_inner][\/vc_column] [\/vc_row][vc_row] [vc_column] [\/vc_column] [\/vc_row][vc_row] [vc_column] [\/vc_column][\/vc_row]\" \/>\n<meta property=\"og:url\" content=\"https:\/\/homecareinnovation.com\/fr\/conditions-de-retour\/\" \/>\n<meta property=\"og:site_name\" content=\"HomeCare Innovation BV\" \/>\n<meta property=\"article:publisher\" content=\"https:\/\/www.facebook.com\/HomeCareInnovationBV\/\" \/>\n<meta property=\"article:modified_time\" content=\"2020-11-10T12:51:52+00:00\" \/>\n<meta name=\"twitter:card\" content=\"summary_large_image\" \/>\n<meta name=\"twitter:label1\" content=\"Dur\u00e9e de lecture estim\u00e9e\" \/>\n\t<meta name=\"twitter:data1\" content=\"2 minutes\" \/>\n<script type=\"application\/ld+json\" class=\"yoast-schema-graph\">{\"@context\":\"https:\\\/\\\/schema.org\",\"@graph\":[{\"@type\":\"WebPage\",\"@id\":\"https:\\\/\\\/homecareinnovation.com\\\/fr\\\/conditions-de-retour\\\/\",\"url\":\"https:\\\/\\\/homecareinnovation.com\\\/fr\\\/conditions-de-retour\\\/\",\"name\":\"Conditions de retour - HomeCare Innovation BV\",\"isPartOf\":{\"@id\":\"https:\\\/\\\/homecareinnovation.com\\\/fr\\\/#website\"},\"datePublished\":\"2020-11-10T12:51:40+00:00\",\"dateModified\":\"2020-11-10T12:51:52+00:00\",\"breadcrumb\":{\"@id\":\"https:\\\/\\\/homecareinnovation.com\\\/fr\\\/conditions-de-retour\\\/#breadcrumb\"},\"inLanguage\":\"fr-FR\",\"potentialAction\":[{\"@type\":\"ReadAction\",\"target\":[\"https:\\\/\\\/homecareinnovation.com\\\/fr\\\/conditions-de-retour\\\/\"]}]},{\"@type\":\"BreadcrumbList\",\"@id\":\"https:\\\/\\\/homecareinnovation.com\\\/fr\\\/conditions-de-retour\\\/#breadcrumb\",\"itemListElement\":[{\"@type\":\"ListItem\",\"position\":1,\"name\":\"Home\",\"item\":\"https:\\\/\\\/homecareinnovation.com\\\/fr\\\/\"},{\"@type\":\"ListItem\",\"position\":2,\"name\":\"Conditions de retour\"}]},{\"@type\":\"WebSite\",\"@id\":\"https:\\\/\\\/homecareinnovation.com\\\/fr\\\/#website\",\"url\":\"https:\\\/\\\/homecareinnovation.com\\\/fr\\\/\",\"name\":\"HomeCare Innovation BV\",\"description\":\"Grossiste en aides aux personnes \u00e2g\u00e9es et handicap\u00e9es\",\"publisher\":{\"@id\":\"https:\\\/\\\/homecareinnovation.com\\\/fr\\\/#organization\"},\"potentialAction\":[{\"@type\":\"SearchAction\",\"target\":{\"@type\":\"EntryPoint\",\"urlTemplate\":\"https:\\\/\\\/homecareinnovation.com\\\/fr\\\/?s={search_term_string}\"},\"query-input\":{\"@type\":\"PropertyValueSpecification\",\"valueRequired\":true,\"valueName\":\"search_term_string\"}}],\"inLanguage\":\"fr-FR\"},{\"@type\":\"Organization\",\"@id\":\"https:\\\/\\\/homecareinnovation.com\\\/fr\\\/#organization\",\"name\":\"HomeCare Innovation BV\",\"url\":\"https:\\\/\\\/homecareinnovation.com\\\/fr\\\/\",\"logo\":{\"@type\":\"ImageObject\",\"inLanguage\":\"fr-FR\",\"@id\":\"https:\\\/\\\/homecareinnovation.com\\\/fr\\\/#\\\/schema\\\/logo\\\/image\\\/\",\"url\":\"https:\\\/\\\/homecareinnovation.com\\\/wp-content\\\/uploads\\\/2021\\\/03\\\/HOME-CARE-LOGO-originele-kleur-klein.png\",\"contentUrl\":\"https:\\\/\\\/homecareinnovation.com\\\/wp-content\\\/uploads\\\/2021\\\/03\\\/HOME-CARE-LOGO-originele-kleur-klein.png\",\"width\":1000,\"height\":357,\"caption\":\"HomeCare Innovation BV\"},\"image\":{\"@id\":\"https:\\\/\\\/homecareinnovation.com\\\/fr\\\/#\\\/schema\\\/logo\\\/image\\\/\"},\"sameAs\":[\"https:\\\/\\\/www.facebook.com\\\/HomeCareInnovationBV\\\/\",\"https:\\\/\\\/www.instagram.com\\\/homecareinnovation\\\/\",\"https:\\\/\\\/www.youtube.com\\\/channel\\\/UCg5pUSP6YEDGR5KtKeZe7nw\"]}]}<\/script>\n<!-- \/ Yoast SEO plugin. -->","yoast_head_json":{"title":"Conditions de retour - HomeCare Innovation BV","robots":{"index":"index","follow":"follow","max-snippet":"max-snippet:-1","max-image-preview":"max-image-preview:large","max-video-preview":"max-video-preview:-1"},"canonical":"https:\/\/homecareinnovation.com\/fr\/conditions-de-retour\/","og_locale":"fr_FR","og_type":"article","og_title":"Conditions de retour - HomeCare Innovation BV","og_description":"[vc_row][vc_column][vc_column_text] Conditions de retour &nbsp; [\/vc_column_text][\/vc_column][\/vc_row][vc_row wrap_container=&#8221;yes&#8221; animation_duration=&#8221;100&#8243; el_id=&#8221;ourservices&#8221; css=&#8221;.vc_custom_1599556815520{padding-top: 30px !important;padding-bottom: 60px !important;}&#8221; animation_type=&#8221;fadeIn&#8221;][vc_column][vc_row_inner el_class=&#8221;justify-content-center&#8221;][vc_column_inner width=&#8221;1\/2&#8243;] [\/vc_column_inner][vc_column_inner width=&#8221;1\/2&#8243;] [\/vc_column_inner][\/vc_row_inner][\/vc_column] [\/vc_row][vc_row] [vc_column] [\/vc_column] [\/vc_row][vc_row] [vc_column] [\/vc_column][\/vc_row]","og_url":"https:\/\/homecareinnovation.com\/fr\/conditions-de-retour\/","og_site_name":"HomeCare Innovation BV","article_publisher":"https:\/\/www.facebook.com\/HomeCareInnovationBV\/","article_modified_time":"2020-11-10T12:51:52+00:00","twitter_card":"summary_large_image","twitter_misc":{"Dur\u00e9e de lecture estim\u00e9e":"2 minutes"},"schema":{"@context":"https:\/\/schema.org","@graph":[{"@type":"WebPage","@id":"https:\/\/homecareinnovation.com\/fr\/conditions-de-retour\/","url":"https:\/\/homecareinnovation.com\/fr\/conditions-de-retour\/","name":"Conditions de retour - HomeCare Innovation BV","isPartOf":{"@id":"https:\/\/homecareinnovation.com\/fr\/#website"},"datePublished":"2020-11-10T12:51:40+00:00","dateModified":"2020-11-10T12:51:52+00:00","breadcrumb":{"@id":"https:\/\/homecareinnovation.com\/fr\/conditions-de-retour\/#breadcrumb"},"inLanguage":"fr-FR","potentialAction":[{"@type":"ReadAction","target":["https:\/\/homecareinnovation.com\/fr\/conditions-de-retour\/"]}]},{"@type":"BreadcrumbList","@id":"https:\/\/homecareinnovation.com\/fr\/conditions-de-retour\/#breadcrumb","itemListElement":[{"@type":"ListItem","position":1,"name":"Home","item":"https:\/\/homecareinnovation.com\/fr\/"},{"@type":"ListItem","position":2,"name":"Conditions de retour"}]},{"@type":"WebSite","@id":"https:\/\/homecareinnovation.com\/fr\/#website","url":"https:\/\/homecareinnovation.com\/fr\/","name":"HomeCare Innovation BV","description":"Grossiste en aides aux personnes \u00e2g\u00e9es et handicap\u00e9es","publisher":{"@id":"https:\/\/homecareinnovation.com\/fr\/#organization"},"potentialAction":[{"@type":"SearchAction","target":{"@type":"EntryPoint","urlTemplate":"https:\/\/homecareinnovation.com\/fr\/?s={search_term_string}"},"query-input":{"@type":"PropertyValueSpecification","valueRequired":true,"valueName":"search_term_string"}}],"inLanguage":"fr-FR"},{"@type":"Organization","@id":"https:\/\/homecareinnovation.com\/fr\/#organization","name":"HomeCare Innovation BV","url":"https:\/\/homecareinnovation.com\/fr\/","logo":{"@type":"ImageObject","inLanguage":"fr-FR","@id":"https:\/\/homecareinnovation.com\/fr\/#\/schema\/logo\/image\/","url":"https:\/\/homecareinnovation.com\/wp-content\/uploads\/2021\/03\/HOME-CARE-LOGO-originele-kleur-klein.png","contentUrl":"https:\/\/homecareinnovation.com\/wp-content\/uploads\/2021\/03\/HOME-CARE-LOGO-originele-kleur-klein.png","width":1000,"height":357,"caption":"HomeCare Innovation BV"},"image":{"@id":"https:\/\/homecareinnovation.com\/fr\/#\/schema\/logo\/image\/"},"sameAs":["https:\/\/www.facebook.com\/HomeCareInnovationBV\/","https:\/\/www.instagram.com\/homecareinnovation\/","https:\/\/www.youtube.com\/channel\/UCg5pUSP6YEDGR5KtKeZe7nw"]}]}},"_links":{"self":[{"href":"https:\/\/homecareinnovation.com\/fr\/wp-json\/wp\/v2\/pages\/10630","targetHints":{"allow":["GET"]}}],"collection":[{"href":"https:\/\/homecareinnovation.com\/fr\/wp-json\/wp\/v2\/pages"}],"about":[{"href":"https:\/\/homecareinnovation.com\/fr\/wp-json\/wp\/v2\/types\/page"}],"author":[{"embeddable":true,"href":"https:\/\/homecareinnovation.com\/fr\/wp-json\/wp\/v2\/users\/1"}],"replies":[{"embeddable":true,"href":"https:\/\/homecareinnovation.com\/fr\/wp-json\/wp\/v2\/comments?post=10630"}],"version-history":[{"count":0,"href":"https:\/\/homecareinnovation.com\/fr\/wp-json\/wp\/v2\/pages\/10630\/revisions"}],"wp:attachment":[{"href":"https:\/\/homecareinnovation.com\/fr\/wp-json\/wp\/v2\/media?parent=10630"}],"curies":[{"name":"wp","href":"https:\/\/api.w.org\/{rel}","templated":true}]}}