{"id":10697,"date":"2020-11-10T13:51:31","date_gmt":"2020-11-10T13:51:31","guid":{"rendered":"https:\/\/homecareinnovation.com\/lits-de-soins-et-lits-dhopitaux-qui-reduisent-la-charge-du-personnel-soignant\/"},"modified":"2020-12-01T08:24:52","modified_gmt":"2020-12-01T08:24:52","slug":"lits-de-soins-et-lits-dhopitaux-qui-reduisent-la-charge-du-personnel-soignant","status":"publish","type":"page","link":"https:\/\/homecareinnovation.com\/fr\/lits-de-soins-et-lits-dhopitaux-qui-reduisent-la-charge-du-personnel-soignant\/","title":{"rendered":"Lits de soins et lits d&#8217;h\u00f4pitaux qui r\u00e9duisent la charge du personnel soignant"},"content":{"rendered":"<div class=\"wpb-content-wrapper\"><p>[vc_row full_width=&#8221;stretch_row&#8221; css=&#8221;.vc_custom_1599564524167{padding-top: 60px !important;padding-bottom: 40px !important;background: #4a4947 url(https:\/\/homecareinnovation.com\/wp-content\/uploads\/2020\/09\/mobilia-cura-home-min.1200x500x1-1.jpg?id=2559) !important;background-position: center !important;background-repeat: no-repeat !important;background-size: cover !important;}&#8221; el_class=&#8221;category-banner&#8221;][vc_column]<div class=\"porto-container container \">[vc_column_text css=&#8221;.vc_custom_1599564748614{margin-bottom: 5px !important;}&#8221;][\/vc_column_text][vc_custom_heading text=&#8221;Lits de soins et lits d&#8217;h\u00f4pitaux qui r\u00e9duisent la charge du personnel soignant&#8221; font_container=&#8221;tag:h2|font_size:46|text_align:center|color:%23ffffff|line_height:42px&#8221; google_fonts=&#8221;font_family:Varela%3Aregular|font_style:400%20regular%3A400%3Anormal&#8221;]<div class=\"porto-btn-ctn-center \"><a class=\"porto-btn porto-adjust-bottom-margin porto-btn-small porto-btn-no-hover-bg   wpb_custom_fa51088c2567b780100c1edcf8821d3b  porto-btn-center \"  rel='' href = \"\/fr\/categorie-produit\/chambre-a-coucher\/lits-de-soins\/\"  data-hover=\"\" data-border-color=\"\" data-bg=\"#193c64\" data-hover-bg=\"#1a1b1d\" data-border-hover=\"\" data-shadow-click=\"none\" data-shadow=\"\" style=\"font-family:&#039;Oswald&#039;;font-weight:400;font-size:20px;line-height:25px;border:none;background: #193c64;color: #ffffff;\"><span class=\"porto-btn-hover\" style=\"background-color:#1a1b1d\"><\/span><span class=\"porto-btn-data porto-btn-text \" >Voir nos lits de soins ici<\/span><\/a><\/div><\/div>[\/vc_column][\/vc_row][vc_row css=&#8221;.vc_custom_1599576011591{margin-top: 30px !important;}&#8221;][vc_column width=&#8221;2\/3&#8243;]<div class=\"porto-u-heading  wpb_custom_95aa9a11c17ad45cfabaf210d84ee7cc porto-u-ad87e2eaf3f9c495180fe0156ddf3eb0 \"><div class=\"porto-u-main-heading\"><h2   style=\"font-weight:700;font-size:35px;line-height:42px;\">Comment fonctionnent les lits de soins infirmiers HomeCare Innovation qui r\u00e9duisent la charge de travail du personnel soignant ?<\/h2><\/div><style>.porto-u-ad87e2eaf3f9c495180fe0156ddf3eb0.porto-u-heading{text-align:left}<\/style><\/div>[vc_column_text]<\/p>\n<p style=\"text-align: left;\">Dans les maisons de retraite, il arrive malheureusement encore souvent que le soignant doive porter une lourde charge pour s&#8217;occuper de ses patients. Dans de nombreux cas, cela peut entra\u00eener des plaintes corporelles \u00e0 long terme de la part du soignant, car cette transmission est physiquement trop lourde pour le personnel ou un membre de la famille qui s&#8217;occupe de lui.<\/p>\n<p style=\"text-align: left;\">Les <strong><a href=\"\/fr\/categorie-produit\/chambre-a-coucher\/lits-de-soins\/\">les lits de soins pivotants<\/a><\/strong> de HomeCare Innovation ont une <a href=\"https:\/\/www.destentor.nl\/hardenberg\/verpleeghuis-dedemsvaart-test-sta-op-bed~a08cdd5c\/\" target=\"_blank\" rel=\"noopener noreferrer\">fonction unique de torsion et de redressement <\/a> qui rend les <strong> ind\u00e9pendants en position assise et redress\u00e9e <\/strong> beaucoup plus faciles \u00e0 nouveau. Mais le transfert du lit au fauteuil roulant, par exemple, est \u00e9galement beaucoup plus facile gr\u00e2ce \u00e0 nos <strong>lits de soins ajustables.<\/strong> Cela r\u00e9duit la charge de travail physique des soignants, mais les utilisateurs consid\u00e8rent \u00e9galement <strong>les lits d&#8217;h\u00f4pitaux ajustables<\/strong> comme une alternative beaucoup plus confortable et plus s\u00fbre.<\/p>\n<p style=\"text-align: left;\">Aussi pour les personnes souffrant d&#8217;ob\u00e9sit\u00e9, HomeCare Innovation propose un lit haut-bas enti\u00e8rement r\u00e9glable \u00e9lectriquement, d&#8217;une capacit\u00e9 de poids pouvant atteindre 500 kg.<\/p>\n<p>[\/vc_column_text][vc_btn title=&#8221;Voir tous nos lits de soins ici&#8221; style=&#8221;modern&#8221; size=&#8221;lg&#8221; skin=&#8221;primary&#8221; link=&#8221;url:%2Ffr%2Fcategorie-produit%2Fchambre-a-coucher%2Flits-de-soins%2F&#8221;][\/vc_column][vc_column width=&#8221;1\/3&#8243;][vc_column_text css=&#8221;.vc_custom_1599576143470{margin-top: 10px !important;}&#8221;]<\/p>\n<h4>The mobilia integra:<\/h4>\n<p>Transformez votre lit actuel en un v\u00e9ritable lit haut\/bas avec fonction stand-up.<\/p>\n<p>[\/vc_column_text][vc_hoverbox image=&#8221;10724&#8243; primary_title=&#8221;&#8221; hover_title=&#8221;Le sommier \u00e9lectrique avec fonction se lever&#8221; hover_btn_title=&#8221;Voir le mobilia integra ici&#8221; hover_btn_color=&#8221;sky&#8221; hover_btn_skin=&#8221;primary&#8221; hover_add_button=&#8221;true&#8221; hover_btn_link=&#8221;url:%2Ffr%2Fproduit%2Fmobilia-type-integra-sommier-electrique-avec-fonction-stand-up%2F&#8221;]Le syst\u00e8me de lit de soins int\u00e9gr\u00e9 de type mobilia vous permet de transformer facilement votre lit existant en un lit \u00e0 hauteur d&#8217;homme. Le sommier peut \u00eatre plac\u00e9 dans un lit simple ou double.[\/vc_hoverbox][\/vc_column][\/vc_row][vc_row full_width=&#8221;stretch_row&#8221; content_placement=&#8221;middle&#8221; parallax=&#8221;content-moving&#8221; parallax_speed_bg=&#8221;1.15&#8243; wrap_container=&#8221;yes&#8221; is_section=&#8221;yes&#8221; section_skin=&#8221;parallax&#8221; remove_margin_top=&#8221;yes&#8221; remove_margin_bottom=&#8221;yes&#8221; remove_border=&#8221;yes&#8221; css=&#8221;.vc_custom_1599572993808{background-color: #f9f9f9 !important;background-position: center;background-repeat: no-repeat;background-size:cover;}&#8221;][vc_column width=&#8221;1\/3&#8243; animation_delay=&#8221;500&#8243; el_class=&#8221;order-lg-2 text-md-left&#8221; animation_type=&#8221;fadeInLeft&#8221;][vc_text_separator title=&#8221;Regardez le lit mobile:&#8221;][vc_video link=&#8221;https:\/\/www.youtube.com\/watch?v=lb9PD6LyhkM&amp;t=1s&#8221;][vc_column_text]<\/p>\n<p style=\"text-align: left;\"><strong>Autres sp\u00e9cifications du lit haut\/bas mobilia:<\/strong><\/p>\n<ul style=\"list-style-type: disc; text-align: left;\">\n<li>Surface de couchage 200 x 90 cm.<\/li>\n<li>Hauteur d&#8217;allongement r\u00e9glable de 42 \u00e0 82 cm.<\/li>\n<li>Charge maximale jusqu&#8217;\u00e0 130 kg.<\/li>\n<li>Partie dorsale r\u00e9glable jusqu&#8217;\u00e0 70\u00b0<\/li>\n<li>Section des jambes r\u00e9glable jusqu&#8217;\u00e0 32\u00b0<\/li>\n<li>A l&#8217;exclusion des mains courantes et des perroquets<\/li>\n<\/ul>\n<p>&nbsp;<\/p>\n<p>[\/vc_column_text][\/vc_column][vc_column width=&#8221;2\/3&#8243; animation_delay=&#8221;200&#8243; animation_type=&#8221;fadeInLeft&#8221;]<div class=\"porto-u-heading  wpb_custom_95aa9a11c17ad45cfabaf210d84ee7cc porto-u-ad87e2eaf3f9c495180fe0156ddf3eb0 \"><div class=\"porto-u-main-heading\"><h2   style=\"font-weight:700;font-size:35px;line-height:42px;\">Le lit de soins mobile avec fonction de pivotement<\/h2><\/div><style>.porto-u-ad87e2eaf3f9c495180fe0156ddf3eb0.porto-u-heading{text-align:left}<\/style><\/div>[vc_column_text]<\/p>\n<h2 style=\"text-align: left;\"><strong>Le lit bas mobilia avec fonction stand-up:<\/strong><\/h2>\n<p style=\"text-align: left;\">Le lit bas sur\u00e9lev\u00e9 de type mobilia cura<strong> avec fonction stand-up<\/strong> est notre meilleure vente <strong>lit de soins<\/strong> parce que ce<\/p>\n<p><strong>lit d&#8217;h\u00f4pital<\/strong> a une caract\u00e9ristique tr\u00e8s unique qui fait que le lit s&#8217;incline encore plus vers l&#8217;avant apr\u00e8s avoir \u00e9t\u00e9 tourn\u00e9 pour faciliter la sortie du lit. (Comme on le voit dans la vid\u00e9o ci-dessus.)<\/p>\n<p style=\"text-align: left;\">La rotation peut \u00eatre effectu\u00e9e \u00e0 gauche ou \u00e0 droite. Le dossier, l&#8217;extr\u00e9mit\u00e9 des pieds et la hauteur de couchage du lit haut et bas peuvent \u00e9galement \u00eatre enti\u00e8rement r\u00e9gl\u00e9s \u00e9lectriquement selon vos pr\u00e9f\u00e9rences personnelles.<\/p>\n<p style=\"text-align: left;\">Le <strong>lit de soins pivotant avec fonction suppl\u00e9mentaire de redressement \/ inclinaison<\/strong> du lit peut \u00e9galement \u00eatre test\u00e9 de mani\u00e8re approfondie \u00e0 votre domicile sur rendez-vous avant l&#8217;achat du lit. Apr\u00e8s avoir achet\u00e9 le lit, nous pouvons vous le livrer \u00e0 votre domicile ou vous le laisser directement si vous d\u00e9cidez d&#8217;acheter le lit haut et bas apr\u00e8s l&#8217;avoir test\u00e9.<\/p>\n<p style=\"text-align: left;\">Vous voulez plus d&#8217;informations ou prendre rendez-vous pour essayer le lit ? Veuillez alors nous contacter via : <a href=\"http:\/\/TEL:\/\/0031102420913%20\">010-2420913 <\/a>ou envoyez-nous un e-mail : <a href=\"mailto:info@homecareinnovation.com\">info@homecareinnovation.com<\/a><\/p>\n<p>[\/vc_column_text][vc_btn title=&#8221;Voir notre lit de soins mobile ici&#8221; style=&#8221;modern&#8221; size=&#8221;lg&#8221; skin=&#8221;primary&#8221; link=&#8221;url:%2Ffr%2Fproduit%2Fmobilia-type-cura-plus-avec-fonction-supplementaire-de-se-lever%2F&#8221;][\/vc_column][\/vc_row][vc_row css=&#8221;.vc_custom_1599577209476{margin-top: 10px !important;}&#8221;][vc_column width=&#8221;1\/2&#8243;][vc_single_image image=&#8221;10712&#8243; img_size=&#8221;full&#8221; onclick=&#8221;link_image&#8221;][\/vc_column][vc_column width=&#8221;1\/2&#8243;][vc_column_text]<\/p>\n<h3>Les avantages d&#8217;un lit de soin:<\/h3>\n<ul>\n<li>Moins de charge pour le personnel infirmier<\/li>\n<li>Les lits de soins sont enti\u00e8rement \u00e9lectriques<\/li>\n<li>Dans la plupart des cas, nos lits de soins sont \u00e9quip\u00e9s d&#8217;une armature de lit suppl\u00e9mentaire pour plus de soutien<\/li>\n<li>Transfert ais\u00e9 vers et depuis le lit<\/li>\n<li>Les lits d&#8217;h\u00f4pitaux rotatifs garantissent que les patients ou les personnes n\u00e9cessitant des soins peuvent se lever de leur lit de mani\u00e8re totalement ind\u00e9pendante ou avec un soutien minimal.<\/li>\n<li>Am\u00e9lioration significative de la mobilit\u00e9 gr\u00e2ce au plan de couchage pivotant et \u00e0 la fonction de mise debout des lits d&#8217;h\u00f4pitaux<\/li>\n<li>Peine charge de soins des membres de la famille, des infirmi\u00e8res et des patients<\/li>\n<li>Transition plus s\u00fbre pour les personnes ayant besoin de soins<\/li>\n<li>L&#8217;utilisation du lit de soin est assez simple et s&#8217;explique d&#8217;elle-m\u00eame<\/li>\n<li>Une variante pour les personnes ob\u00e8ses est \u00e9galement disponible!<\/li>\n<\/ul>\n<p>&nbsp;<\/p>\n<p>[\/vc_column_text][\/vc_column][\/vc_row]<\/p>\n<\/div>","protected":false},"excerpt":{"rendered":"<p>[vc_row full_width=&#8221;stretch_row&#8221; css=&#8221;.vc_custom_1599564524167{padding-top: 60px !important;padding-bottom: 40px !important;background: #4a4947 url(https:\/\/homecareinnovation.com\/wp-content\/uploads\/2020\/09\/mobilia-cura-home-min.1200x500x1-1.jpg?id=2559) !important;background-position: center !important;background-repeat: no-repeat !important;background-size: cover !important;}&#8221; el_class=&#8221;category-banner&#8221;][vc_column][\/vc_column][\/vc_row][vc_row css=&#8221;.vc_custom_1599576011591{margin-top: 30px !important;}&#8221;][vc_column width=&#8221;2\/3&#8243;][vc_column_text] Dans les maisons de retraite, il arrive malheureusement encore souvent que le soignant doive porter une lourde charge pour s&#8217;occuper de ses patients. Dans de nombreux cas, cela peut entra\u00eener des plaintes corporelles \u00e0 [&hellip;]<\/p>\n","protected":false},"author":1,"featured_media":0,"parent":0,"menu_order":0,"comment_status":"closed","ping_status":"closed","template":"","meta":{"footnotes":""},"class_list":["post-10697","page","type-page","status-publish","hentry"],"yoast_head":"<!-- This site is optimized with the Yoast SEO plugin v27.3 - https:\/\/yoast.com\/product\/yoast-seo-wordpress\/ -->\n<title>Lits de soins : moins de pression sur le personnel soignant | Lit pivotant<\/title>\n<meta name=\"description\" content=\"Les lits de soins pivotants avec assistance \u00e0 la station debout r\u00e9duisent la charge de travail du personnel soignant. Les lits de soins rotatifs sont uniques dans leur fonctionnement. Lisez l&#039;article sur les lits de soins infirmiers rotatifs sur notre site web et continuez \u00e0 la page. Lit mobile haut et bas unique avec fonction suppl\u00e9mentaire de mise en position debout.\" \/>\n<meta name=\"robots\" content=\"index, follow, max-snippet:-1, max-image-preview:large, max-video-preview:-1\" \/>\n<link rel=\"canonical\" href=\"https:\/\/homecareinnovation.com\/fr\/lits-de-soins-et-lits-dhopitaux-qui-reduisent-la-charge-du-personnel-soignant\/\" \/>\n<meta property=\"og:locale\" content=\"fr_FR\" \/>\n<meta property=\"og:type\" content=\"article\" \/>\n<meta property=\"og:title\" content=\"Lits de soins : moins de pression sur le personnel soignant | Lit pivotant\" \/>\n<meta property=\"og:description\" content=\"Les lits de soins pivotants avec assistance \u00e0 la station debout r\u00e9duisent la charge de travail du personnel soignant. Les lits de soins rotatifs sont uniques dans leur fonctionnement. Lisez l&#039;article sur les lits de soins infirmiers rotatifs sur notre site web et continuez \u00e0 la page. Lit mobile haut et bas unique avec fonction suppl\u00e9mentaire de mise en position debout.\" \/>\n<meta property=\"og:url\" content=\"https:\/\/homecareinnovation.com\/fr\/lits-de-soins-et-lits-dhopitaux-qui-reduisent-la-charge-du-personnel-soignant\/\" \/>\n<meta property=\"og:site_name\" content=\"HomeCare Innovation BV\" \/>\n<meta property=\"article:publisher\" content=\"https:\/\/www.facebook.com\/HomeCareInnovationBV\/\" \/>\n<meta property=\"article:modified_time\" content=\"2020-12-01T08:24:52+00:00\" \/>\n<meta name=\"twitter:card\" content=\"summary_large_image\" \/>\n<meta name=\"twitter:label1\" content=\"Dur\u00e9e de lecture estim\u00e9e\" \/>\n\t<meta name=\"twitter:data1\" content=\"6 minutes\" \/>\n<script type=\"application\/ld+json\" class=\"yoast-schema-graph\">{\"@context\":\"https:\\\/\\\/schema.org\",\"@graph\":[{\"@type\":\"WebPage\",\"@id\":\"https:\\\/\\\/homecareinnovation.com\\\/fr\\\/lits-de-soins-et-lits-dhopitaux-qui-reduisent-la-charge-du-personnel-soignant\\\/\",\"url\":\"https:\\\/\\\/homecareinnovation.com\\\/fr\\\/lits-de-soins-et-lits-dhopitaux-qui-reduisent-la-charge-du-personnel-soignant\\\/\",\"name\":\"Lits de soins : moins de pression sur le personnel soignant | Lit pivotant\",\"isPartOf\":{\"@id\":\"https:\\\/\\\/homecareinnovation.com\\\/fr\\\/#website\"},\"datePublished\":\"2020-11-10T13:51:31+00:00\",\"dateModified\":\"2020-12-01T08:24:52+00:00\",\"description\":\"Les lits de soins pivotants avec assistance \u00e0 la station debout r\u00e9duisent la charge de travail du personnel soignant. Les lits de soins rotatifs sont uniques dans leur fonctionnement. Lisez l'article sur les lits de soins infirmiers rotatifs sur notre site web et continuez \u00e0 la page. Lit mobile haut et bas unique avec fonction suppl\u00e9mentaire de mise en position debout.\",\"breadcrumb\":{\"@id\":\"https:\\\/\\\/homecareinnovation.com\\\/fr\\\/lits-de-soins-et-lits-dhopitaux-qui-reduisent-la-charge-du-personnel-soignant\\\/#breadcrumb\"},\"inLanguage\":\"fr-FR\",\"potentialAction\":[{\"@type\":\"ReadAction\",\"target\":[\"https:\\\/\\\/homecareinnovation.com\\\/fr\\\/lits-de-soins-et-lits-dhopitaux-qui-reduisent-la-charge-du-personnel-soignant\\\/\"]}]},{\"@type\":\"BreadcrumbList\",\"@id\":\"https:\\\/\\\/homecareinnovation.com\\\/fr\\\/lits-de-soins-et-lits-dhopitaux-qui-reduisent-la-charge-du-personnel-soignant\\\/#breadcrumb\",\"itemListElement\":[{\"@type\":\"ListItem\",\"position\":1,\"name\":\"Home\",\"item\":\"https:\\\/\\\/homecareinnovation.com\\\/fr\\\/\"},{\"@type\":\"ListItem\",\"position\":2,\"name\":\"Lits de soins et lits d&#8217;h\u00f4pitaux qui r\u00e9duisent la charge du personnel soignant\"}]},{\"@type\":\"WebSite\",\"@id\":\"https:\\\/\\\/homecareinnovation.com\\\/fr\\\/#website\",\"url\":\"https:\\\/\\\/homecareinnovation.com\\\/fr\\\/\",\"name\":\"HomeCare Innovation BV\",\"description\":\"Grossiste en aides aux personnes \u00e2g\u00e9es et handicap\u00e9es\",\"publisher\":{\"@id\":\"https:\\\/\\\/homecareinnovation.com\\\/fr\\\/#organization\"},\"potentialAction\":[{\"@type\":\"SearchAction\",\"target\":{\"@type\":\"EntryPoint\",\"urlTemplate\":\"https:\\\/\\\/homecareinnovation.com\\\/fr\\\/?s={search_term_string}\"},\"query-input\":{\"@type\":\"PropertyValueSpecification\",\"valueRequired\":true,\"valueName\":\"search_term_string\"}}],\"inLanguage\":\"fr-FR\"},{\"@type\":\"Organization\",\"@id\":\"https:\\\/\\\/homecareinnovation.com\\\/fr\\\/#organization\",\"name\":\"HomeCare Innovation BV\",\"url\":\"https:\\\/\\\/homecareinnovation.com\\\/fr\\\/\",\"logo\":{\"@type\":\"ImageObject\",\"inLanguage\":\"fr-FR\",\"@id\":\"https:\\\/\\\/homecareinnovation.com\\\/fr\\\/#\\\/schema\\\/logo\\\/image\\\/\",\"url\":\"https:\\\/\\\/homecareinnovation.com\\\/wp-content\\\/uploads\\\/2021\\\/03\\\/HOME-CARE-LOGO-originele-kleur-klein.png\",\"contentUrl\":\"https:\\\/\\\/homecareinnovation.com\\\/wp-content\\\/uploads\\\/2021\\\/03\\\/HOME-CARE-LOGO-originele-kleur-klein.png\",\"width\":1000,\"height\":357,\"caption\":\"HomeCare Innovation BV\"},\"image\":{\"@id\":\"https:\\\/\\\/homecareinnovation.com\\\/fr\\\/#\\\/schema\\\/logo\\\/image\\\/\"},\"sameAs\":[\"https:\\\/\\\/www.facebook.com\\\/HomeCareInnovationBV\\\/\",\"https:\\\/\\\/www.instagram.com\\\/homecareinnovation\\\/\",\"https:\\\/\\\/www.youtube.com\\\/channel\\\/UCg5pUSP6YEDGR5KtKeZe7nw\"]}]}<\/script>\n<!-- \/ Yoast SEO plugin. -->","yoast_head_json":{"title":"Lits de soins : moins de pression sur le personnel soignant | Lit pivotant","description":"Les lits de soins pivotants avec assistance \u00e0 la station debout r\u00e9duisent la charge de travail du personnel soignant. Les lits de soins rotatifs sont uniques dans leur fonctionnement. Lisez l'article sur les lits de soins infirmiers rotatifs sur notre site web et continuez \u00e0 la page. Lit mobile haut et bas unique avec fonction suppl\u00e9mentaire de mise en position debout.","robots":{"index":"index","follow":"follow","max-snippet":"max-snippet:-1","max-image-preview":"max-image-preview:large","max-video-preview":"max-video-preview:-1"},"canonical":"https:\/\/homecareinnovation.com\/fr\/lits-de-soins-et-lits-dhopitaux-qui-reduisent-la-charge-du-personnel-soignant\/","og_locale":"fr_FR","og_type":"article","og_title":"Lits de soins : moins de pression sur le personnel soignant | Lit pivotant","og_description":"Les lits de soins pivotants avec assistance \u00e0 la station debout r\u00e9duisent la charge de travail du personnel soignant. Les lits de soins rotatifs sont uniques dans leur fonctionnement. Lisez l'article sur les lits de soins infirmiers rotatifs sur notre site web et continuez \u00e0 la page. Lit mobile haut et bas unique avec fonction suppl\u00e9mentaire de mise en position debout.","og_url":"https:\/\/homecareinnovation.com\/fr\/lits-de-soins-et-lits-dhopitaux-qui-reduisent-la-charge-du-personnel-soignant\/","og_site_name":"HomeCare Innovation BV","article_publisher":"https:\/\/www.facebook.com\/HomeCareInnovationBV\/","article_modified_time":"2020-12-01T08:24:52+00:00","twitter_card":"summary_large_image","twitter_misc":{"Dur\u00e9e de lecture estim\u00e9e":"6 minutes"},"schema":{"@context":"https:\/\/schema.org","@graph":[{"@type":"WebPage","@id":"https:\/\/homecareinnovation.com\/fr\/lits-de-soins-et-lits-dhopitaux-qui-reduisent-la-charge-du-personnel-soignant\/","url":"https:\/\/homecareinnovation.com\/fr\/lits-de-soins-et-lits-dhopitaux-qui-reduisent-la-charge-du-personnel-soignant\/","name":"Lits de soins : moins de pression sur le personnel soignant | Lit pivotant","isPartOf":{"@id":"https:\/\/homecareinnovation.com\/fr\/#website"},"datePublished":"2020-11-10T13:51:31+00:00","dateModified":"2020-12-01T08:24:52+00:00","description":"Les lits de soins pivotants avec assistance \u00e0 la station debout r\u00e9duisent la charge de travail du personnel soignant. Les lits de soins rotatifs sont uniques dans leur fonctionnement. Lisez l'article sur les lits de soins infirmiers rotatifs sur notre site web et continuez \u00e0 la page. Lit mobile haut et bas unique avec fonction suppl\u00e9mentaire de mise en position debout.","breadcrumb":{"@id":"https:\/\/homecareinnovation.com\/fr\/lits-de-soins-et-lits-dhopitaux-qui-reduisent-la-charge-du-personnel-soignant\/#breadcrumb"},"inLanguage":"fr-FR","potentialAction":[{"@type":"ReadAction","target":["https:\/\/homecareinnovation.com\/fr\/lits-de-soins-et-lits-dhopitaux-qui-reduisent-la-charge-du-personnel-soignant\/"]}]},{"@type":"BreadcrumbList","@id":"https:\/\/homecareinnovation.com\/fr\/lits-de-soins-et-lits-dhopitaux-qui-reduisent-la-charge-du-personnel-soignant\/#breadcrumb","itemListElement":[{"@type":"ListItem","position":1,"name":"Home","item":"https:\/\/homecareinnovation.com\/fr\/"},{"@type":"ListItem","position":2,"name":"Lits de soins et lits d&#8217;h\u00f4pitaux qui r\u00e9duisent la charge du personnel soignant"}]},{"@type":"WebSite","@id":"https:\/\/homecareinnovation.com\/fr\/#website","url":"https:\/\/homecareinnovation.com\/fr\/","name":"HomeCare Innovation BV","description":"Grossiste en aides aux personnes \u00e2g\u00e9es et handicap\u00e9es","publisher":{"@id":"https:\/\/homecareinnovation.com\/fr\/#organization"},"potentialAction":[{"@type":"SearchAction","target":{"@type":"EntryPoint","urlTemplate":"https:\/\/homecareinnovation.com\/fr\/?s={search_term_string}"},"query-input":{"@type":"PropertyValueSpecification","valueRequired":true,"valueName":"search_term_string"}}],"inLanguage":"fr-FR"},{"@type":"Organization","@id":"https:\/\/homecareinnovation.com\/fr\/#organization","name":"HomeCare Innovation BV","url":"https:\/\/homecareinnovation.com\/fr\/","logo":{"@type":"ImageObject","inLanguage":"fr-FR","@id":"https:\/\/homecareinnovation.com\/fr\/#\/schema\/logo\/image\/","url":"https:\/\/homecareinnovation.com\/wp-content\/uploads\/2021\/03\/HOME-CARE-LOGO-originele-kleur-klein.png","contentUrl":"https:\/\/homecareinnovation.com\/wp-content\/uploads\/2021\/03\/HOME-CARE-LOGO-originele-kleur-klein.png","width":1000,"height":357,"caption":"HomeCare Innovation BV"},"image":{"@id":"https:\/\/homecareinnovation.com\/fr\/#\/schema\/logo\/image\/"},"sameAs":["https:\/\/www.facebook.com\/HomeCareInnovationBV\/","https:\/\/www.instagram.com\/homecareinnovation\/","https:\/\/www.youtube.com\/channel\/UCg5pUSP6YEDGR5KtKeZe7nw"]}]}},"_links":{"self":[{"href":"https:\/\/homecareinnovation.com\/fr\/wp-json\/wp\/v2\/pages\/10697","targetHints":{"allow":["GET"]}}],"collection":[{"href":"https:\/\/homecareinnovation.com\/fr\/wp-json\/wp\/v2\/pages"}],"about":[{"href":"https:\/\/homecareinnovation.com\/fr\/wp-json\/wp\/v2\/types\/page"}],"author":[{"embeddable":true,"href":"https:\/\/homecareinnovation.com\/fr\/wp-json\/wp\/v2\/users\/1"}],"replies":[{"embeddable":true,"href":"https:\/\/homecareinnovation.com\/fr\/wp-json\/wp\/v2\/comments?post=10697"}],"version-history":[{"count":0,"href":"https:\/\/homecareinnovation.com\/fr\/wp-json\/wp\/v2\/pages\/10697\/revisions"}],"wp:attachment":[{"href":"https:\/\/homecareinnovation.com\/fr\/wp-json\/wp\/v2\/media?parent=10697"}],"curies":[{"name":"wp","href":"https:\/\/api.w.org\/{rel}","templated":true}]}}