{"id":10733,"date":"2020-11-10T13:57:15","date_gmt":"2020-11-10T13:57:15","guid":{"rendered":"https:\/\/homecareinnovation.com\/pourquoi-les-aides-de-seuil-en-caoutchouc-gommeux-sont-ideales-pour-les-tapissiers-et-les-poseurs-de-sols\/"},"modified":"2020-11-13T12:30:09","modified_gmt":"2020-11-13T12:30:09","slug":"pourquoi-les-aides-de-seuil-en-caoutchouc-gommeux-sont-ideales-pour-les-tapissiers-et-les-poseurs-de-sols","status":"publish","type":"page","link":"https:\/\/homecareinnovation.com\/fr\/pourquoi-les-aides-de-seuil-en-caoutchouc-gommeux-sont-ideales-pour-les-tapissiers-et-les-poseurs-de-sols\/","title":{"rendered":"Pourquoi les aides de seuil en caoutchouc gommeux sont id\u00e9ales pour les tapissiers et les poseurs de sols"},"content":{"rendered":"<div class=\"wpb-content-wrapper\"><p>[vc_row wrap_container=&#8221;yes&#8221; css=&#8221;.vc_custom_1544835925643{padding-top: 90px !important;padding-bottom: 50px !important;}&#8221;][vc_column offset=&#8221;vc_col-md-offset-1 vc_col-md-10&#8243;]<div class=\"porto-u-heading  wpb_custom_95aa9a11c17ad45cfabaf210d84ee7cc porto-u-55ca8359258f9a412be7e73af65d2aac \" data-appear-animation=\"fadeInUp\" data-appear-animation-delay=\"100\"><div class=\"porto-u-main-heading\"><h2   style=\"font-weight:700;margin-bottom: 30px;font-size:42px;line-height:42px;\">Pourquoi les rampes de seuil en caoutchouc gommeux sont id\u00e9ales pour les tapissiers et les poseurs de sols<\/h2><\/div><style>.porto-u-55ca8359258f9a412be7e73af65d2aac.porto-u-heading{text-align:center}<\/style><\/div>[vc_single_image image=&#8221;10735&#8243; img_size=&#8221;full&#8221; alignment=&#8221;center&#8221;]<div class=\"porto-u-heading  wpb_custom_95aa9a11c17ad45cfabaf210d84ee7cc porto-u-ad87e2eaf3f9c495180fe0156ddf3eb0 \" data-appear-animation=\"fadeInUp\" data-appear-animation-delay=\"100\"><div class=\"porto-u-main-heading\"><h2   style=\"font-weight:700;margin-bottom: 30px;font-size:20px;line-height:42px;\">1. Facilement adaptable \u00e0 toute situation<\/h2><\/div><div class=\"porto-u-sub-heading\" style=\"font-size:16.8px;line-height:32px;\">Les rampes de seuil en caoutchouc gommeux de HomeCare Innovation sont facilement adaptables \u00e0 toutes les situations imaginables. Apr\u00e8s tout, vous pouvez facilement personnaliser l&#8217;aide au seuil en caoutchouc \u00e0 l&#8217;aide d&#8217;un couteau aiguis\u00e9, par exemple. De ce fait, le rampe au seuil de caoutchouc est toujours en parfaite harmonie avec son environnement.<\/div><style>.porto-u-ad87e2eaf3f9c495180fe0156ddf3eb0.porto-u-heading{text-align:left}<\/style><\/div><div class=\"porto-u-heading  wpb_custom_95aa9a11c17ad45cfabaf210d84ee7cc porto-u-ad87e2eaf3f9c495180fe0156ddf3eb0 \" data-appear-animation=\"fadeInUp\" data-appear-animation-delay=\"100\"><div class=\"porto-u-main-heading\"><h2   style=\"font-weight:700;margin-bottom: 30px;font-size:20px;line-height:42px;\">2. Facile \u00e0 installer sous un rev\u00eatement de sol<\/h2><\/div><div class=\"porto-u-sub-heading\" style=\"font-size:16.8px;line-height:32px;\">Une autre raison pour laquelle le rampe de seuil en caoutchouc est id\u00e9ale pour les tapissiers est que l&#8217;aide au seuil peut \u00eatre plac\u00e9e sous le rev\u00eatement de sol. Cela signifie qu&#8217;une \u00e9l\u00e9vation est plac\u00e9e au seuil pertinent sans qu&#8217;elle soit visible.<\/div><style>.porto-u-ad87e2eaf3f9c495180fe0156ddf3eb0.porto-u-heading{text-align:left}<\/style><\/div>[\/vc_column][\/vc_row]<\/p>\n<\/div>","protected":false},"excerpt":{"rendered":"<p>[vc_row wrap_container=&#8221;yes&#8221; css=&#8221;.vc_custom_1544835925643{padding-top: 90px !important;padding-bottom: 50px !important;}&#8221;][vc_column offset=&#8221;vc_col-md-offset-1 vc_col-md-10&#8243;][vc_single_image image=&#8221;10735&#8243; img_size=&#8221;full&#8221; alignment=&#8221;center&#8221;][\/vc_column][\/vc_row]<\/p>\n","protected":false},"author":1,"featured_media":0,"parent":0,"menu_order":0,"comment_status":"closed","ping_status":"closed","template":"","meta":{"footnotes":""},"class_list":["post-10733","page","type-page","status-publish","hentry"],"yoast_head":"<!-- This site is optimized with the Yoast SEO plugin v27.3 - https:\/\/yoast.com\/product\/yoast-seo-wordpress\/ -->\n<title>Pourquoi les aides de seuil en caoutchouc gommeux sont id\u00e9ales pour les tapissiers et les poseurs de sols - HomeCare Innovation BV<\/title>\n<meta name=\"robots\" content=\"index, follow, max-snippet:-1, max-image-preview:large, max-video-preview:-1\" \/>\n<link rel=\"canonical\" href=\"https:\/\/homecareinnovation.com\/fr\/pourquoi-les-aides-de-seuil-en-caoutchouc-gommeux-sont-ideales-pour-les-tapissiers-et-les-poseurs-de-sols\/\" \/>\n<meta property=\"og:locale\" content=\"fr_FR\" \/>\n<meta property=\"og:type\" content=\"article\" \/>\n<meta property=\"og:title\" content=\"Pourquoi les aides de seuil en caoutchouc gommeux sont id\u00e9ales pour les tapissiers et les poseurs de sols - HomeCare Innovation BV\" \/>\n<meta property=\"og:description\" content=\"[vc_row wrap_container=&#8221;yes&#8221; css=&#8221;.vc_custom_1544835925643{padding-top: 90px !important;padding-bottom: 50px !important;}&#8221;][vc_column offset=&#8221;vc_col-md-offset-1 vc_col-md-10&#8243;][vc_single_image image=&#8221;10735&#8243; img_size=&#8221;full&#8221; alignment=&#8221;center&#8221;][\/vc_column][\/vc_row]\" \/>\n<meta property=\"og:url\" content=\"https:\/\/homecareinnovation.com\/fr\/pourquoi-les-aides-de-seuil-en-caoutchouc-gommeux-sont-ideales-pour-les-tapissiers-et-les-poseurs-de-sols\/\" \/>\n<meta property=\"og:site_name\" content=\"HomeCare Innovation BV\" \/>\n<meta property=\"article:publisher\" content=\"https:\/\/www.facebook.com\/HomeCareInnovationBV\/\" \/>\n<meta property=\"article:modified_time\" content=\"2020-11-13T12:30:09+00:00\" \/>\n<meta name=\"twitter:card\" content=\"summary_large_image\" \/>\n<meta name=\"twitter:label1\" content=\"Dur\u00e9e de lecture estim\u00e9e\" \/>\n\t<meta name=\"twitter:data1\" content=\"1 minute\" \/>\n<script type=\"application\/ld+json\" class=\"yoast-schema-graph\">{\"@context\":\"https:\\\/\\\/schema.org\",\"@graph\":[{\"@type\":\"WebPage\",\"@id\":\"https:\\\/\\\/homecareinnovation.com\\\/fr\\\/pourquoi-les-aides-de-seuil-en-caoutchouc-gommeux-sont-ideales-pour-les-tapissiers-et-les-poseurs-de-sols\\\/\",\"url\":\"https:\\\/\\\/homecareinnovation.com\\\/fr\\\/pourquoi-les-aides-de-seuil-en-caoutchouc-gommeux-sont-ideales-pour-les-tapissiers-et-les-poseurs-de-sols\\\/\",\"name\":\"Pourquoi les aides de seuil en caoutchouc gommeux sont id\u00e9ales pour les tapissiers et les poseurs de sols - HomeCare Innovation BV\",\"isPartOf\":{\"@id\":\"https:\\\/\\\/homecareinnovation.com\\\/fr\\\/#website\"},\"datePublished\":\"2020-11-10T13:57:15+00:00\",\"dateModified\":\"2020-11-13T12:30:09+00:00\",\"breadcrumb\":{\"@id\":\"https:\\\/\\\/homecareinnovation.com\\\/fr\\\/pourquoi-les-aides-de-seuil-en-caoutchouc-gommeux-sont-ideales-pour-les-tapissiers-et-les-poseurs-de-sols\\\/#breadcrumb\"},\"inLanguage\":\"fr-FR\",\"potentialAction\":[{\"@type\":\"ReadAction\",\"target\":[\"https:\\\/\\\/homecareinnovation.com\\\/fr\\\/pourquoi-les-aides-de-seuil-en-caoutchouc-gommeux-sont-ideales-pour-les-tapissiers-et-les-poseurs-de-sols\\\/\"]}]},{\"@type\":\"BreadcrumbList\",\"@id\":\"https:\\\/\\\/homecareinnovation.com\\\/fr\\\/pourquoi-les-aides-de-seuil-en-caoutchouc-gommeux-sont-ideales-pour-les-tapissiers-et-les-poseurs-de-sols\\\/#breadcrumb\",\"itemListElement\":[{\"@type\":\"ListItem\",\"position\":1,\"name\":\"Home\",\"item\":\"https:\\\/\\\/homecareinnovation.com\\\/fr\\\/\"},{\"@type\":\"ListItem\",\"position\":2,\"name\":\"Pourquoi les aides de seuil en caoutchouc gommeux sont id\u00e9ales pour les tapissiers et les poseurs de sols\"}]},{\"@type\":\"WebSite\",\"@id\":\"https:\\\/\\\/homecareinnovation.com\\\/fr\\\/#website\",\"url\":\"https:\\\/\\\/homecareinnovation.com\\\/fr\\\/\",\"name\":\"HomeCare Innovation BV\",\"description\":\"Grossiste en aides aux personnes \u00e2g\u00e9es et handicap\u00e9es\",\"publisher\":{\"@id\":\"https:\\\/\\\/homecareinnovation.com\\\/fr\\\/#organization\"},\"potentialAction\":[{\"@type\":\"SearchAction\",\"target\":{\"@type\":\"EntryPoint\",\"urlTemplate\":\"https:\\\/\\\/homecareinnovation.com\\\/fr\\\/?s={search_term_string}\"},\"query-input\":{\"@type\":\"PropertyValueSpecification\",\"valueRequired\":true,\"valueName\":\"search_term_string\"}}],\"inLanguage\":\"fr-FR\"},{\"@type\":\"Organization\",\"@id\":\"https:\\\/\\\/homecareinnovation.com\\\/fr\\\/#organization\",\"name\":\"HomeCare Innovation BV\",\"url\":\"https:\\\/\\\/homecareinnovation.com\\\/fr\\\/\",\"logo\":{\"@type\":\"ImageObject\",\"inLanguage\":\"fr-FR\",\"@id\":\"https:\\\/\\\/homecareinnovation.com\\\/fr\\\/#\\\/schema\\\/logo\\\/image\\\/\",\"url\":\"https:\\\/\\\/homecareinnovation.com\\\/wp-content\\\/uploads\\\/2021\\\/03\\\/HOME-CARE-LOGO-originele-kleur-klein.png\",\"contentUrl\":\"https:\\\/\\\/homecareinnovation.com\\\/wp-content\\\/uploads\\\/2021\\\/03\\\/HOME-CARE-LOGO-originele-kleur-klein.png\",\"width\":1000,\"height\":357,\"caption\":\"HomeCare Innovation BV\"},\"image\":{\"@id\":\"https:\\\/\\\/homecareinnovation.com\\\/fr\\\/#\\\/schema\\\/logo\\\/image\\\/\"},\"sameAs\":[\"https:\\\/\\\/www.facebook.com\\\/HomeCareInnovationBV\\\/\",\"https:\\\/\\\/www.instagram.com\\\/homecareinnovation\\\/\",\"https:\\\/\\\/www.youtube.com\\\/channel\\\/UCg5pUSP6YEDGR5KtKeZe7nw\"]}]}<\/script>\n<!-- \/ Yoast SEO plugin. -->","yoast_head_json":{"title":"Pourquoi les aides de seuil en caoutchouc gommeux sont id\u00e9ales pour les tapissiers et les poseurs de sols - HomeCare Innovation BV","robots":{"index":"index","follow":"follow","max-snippet":"max-snippet:-1","max-image-preview":"max-image-preview:large","max-video-preview":"max-video-preview:-1"},"canonical":"https:\/\/homecareinnovation.com\/fr\/pourquoi-les-aides-de-seuil-en-caoutchouc-gommeux-sont-ideales-pour-les-tapissiers-et-les-poseurs-de-sols\/","og_locale":"fr_FR","og_type":"article","og_title":"Pourquoi les aides de seuil en caoutchouc gommeux sont id\u00e9ales pour les tapissiers et les poseurs de sols - HomeCare Innovation BV","og_description":"[vc_row wrap_container=&#8221;yes&#8221; css=&#8221;.vc_custom_1544835925643{padding-top: 90px !important;padding-bottom: 50px !important;}&#8221;][vc_column offset=&#8221;vc_col-md-offset-1 vc_col-md-10&#8243;][vc_single_image image=&#8221;10735&#8243; img_size=&#8221;full&#8221; alignment=&#8221;center&#8221;][\/vc_column][\/vc_row]","og_url":"https:\/\/homecareinnovation.com\/fr\/pourquoi-les-aides-de-seuil-en-caoutchouc-gommeux-sont-ideales-pour-les-tapissiers-et-les-poseurs-de-sols\/","og_site_name":"HomeCare Innovation BV","article_publisher":"https:\/\/www.facebook.com\/HomeCareInnovationBV\/","article_modified_time":"2020-11-13T12:30:09+00:00","twitter_card":"summary_large_image","twitter_misc":{"Dur\u00e9e de lecture estim\u00e9e":"1 minute"},"schema":{"@context":"https:\/\/schema.org","@graph":[{"@type":"WebPage","@id":"https:\/\/homecareinnovation.com\/fr\/pourquoi-les-aides-de-seuil-en-caoutchouc-gommeux-sont-ideales-pour-les-tapissiers-et-les-poseurs-de-sols\/","url":"https:\/\/homecareinnovation.com\/fr\/pourquoi-les-aides-de-seuil-en-caoutchouc-gommeux-sont-ideales-pour-les-tapissiers-et-les-poseurs-de-sols\/","name":"Pourquoi les aides de seuil en caoutchouc gommeux sont id\u00e9ales pour les tapissiers et les poseurs de sols - HomeCare Innovation BV","isPartOf":{"@id":"https:\/\/homecareinnovation.com\/fr\/#website"},"datePublished":"2020-11-10T13:57:15+00:00","dateModified":"2020-11-13T12:30:09+00:00","breadcrumb":{"@id":"https:\/\/homecareinnovation.com\/fr\/pourquoi-les-aides-de-seuil-en-caoutchouc-gommeux-sont-ideales-pour-les-tapissiers-et-les-poseurs-de-sols\/#breadcrumb"},"inLanguage":"fr-FR","potentialAction":[{"@type":"ReadAction","target":["https:\/\/homecareinnovation.com\/fr\/pourquoi-les-aides-de-seuil-en-caoutchouc-gommeux-sont-ideales-pour-les-tapissiers-et-les-poseurs-de-sols\/"]}]},{"@type":"BreadcrumbList","@id":"https:\/\/homecareinnovation.com\/fr\/pourquoi-les-aides-de-seuil-en-caoutchouc-gommeux-sont-ideales-pour-les-tapissiers-et-les-poseurs-de-sols\/#breadcrumb","itemListElement":[{"@type":"ListItem","position":1,"name":"Home","item":"https:\/\/homecareinnovation.com\/fr\/"},{"@type":"ListItem","position":2,"name":"Pourquoi les aides de seuil en caoutchouc gommeux sont id\u00e9ales pour les tapissiers et les poseurs de sols"}]},{"@type":"WebSite","@id":"https:\/\/homecareinnovation.com\/fr\/#website","url":"https:\/\/homecareinnovation.com\/fr\/","name":"HomeCare Innovation BV","description":"Grossiste en aides aux personnes \u00e2g\u00e9es et handicap\u00e9es","publisher":{"@id":"https:\/\/homecareinnovation.com\/fr\/#organization"},"potentialAction":[{"@type":"SearchAction","target":{"@type":"EntryPoint","urlTemplate":"https:\/\/homecareinnovation.com\/fr\/?s={search_term_string}"},"query-input":{"@type":"PropertyValueSpecification","valueRequired":true,"valueName":"search_term_string"}}],"inLanguage":"fr-FR"},{"@type":"Organization","@id":"https:\/\/homecareinnovation.com\/fr\/#organization","name":"HomeCare Innovation BV","url":"https:\/\/homecareinnovation.com\/fr\/","logo":{"@type":"ImageObject","inLanguage":"fr-FR","@id":"https:\/\/homecareinnovation.com\/fr\/#\/schema\/logo\/image\/","url":"https:\/\/homecareinnovation.com\/wp-content\/uploads\/2021\/03\/HOME-CARE-LOGO-originele-kleur-klein.png","contentUrl":"https:\/\/homecareinnovation.com\/wp-content\/uploads\/2021\/03\/HOME-CARE-LOGO-originele-kleur-klein.png","width":1000,"height":357,"caption":"HomeCare Innovation BV"},"image":{"@id":"https:\/\/homecareinnovation.com\/fr\/#\/schema\/logo\/image\/"},"sameAs":["https:\/\/www.facebook.com\/HomeCareInnovationBV\/","https:\/\/www.instagram.com\/homecareinnovation\/","https:\/\/www.youtube.com\/channel\/UCg5pUSP6YEDGR5KtKeZe7nw"]}]}},"_links":{"self":[{"href":"https:\/\/homecareinnovation.com\/fr\/wp-json\/wp\/v2\/pages\/10733","targetHints":{"allow":["GET"]}}],"collection":[{"href":"https:\/\/homecareinnovation.com\/fr\/wp-json\/wp\/v2\/pages"}],"about":[{"href":"https:\/\/homecareinnovation.com\/fr\/wp-json\/wp\/v2\/types\/page"}],"author":[{"embeddable":true,"href":"https:\/\/homecareinnovation.com\/fr\/wp-json\/wp\/v2\/users\/1"}],"replies":[{"embeddable":true,"href":"https:\/\/homecareinnovation.com\/fr\/wp-json\/wp\/v2\/comments?post=10733"}],"version-history":[{"count":0,"href":"https:\/\/homecareinnovation.com\/fr\/wp-json\/wp\/v2\/pages\/10733\/revisions"}],"wp:attachment":[{"href":"https:\/\/homecareinnovation.com\/fr\/wp-json\/wp\/v2\/media?parent=10733"}],"curies":[{"name":"wp","href":"https:\/\/api.w.org\/{rel}","templated":true}]}}