{"id":25607,"date":"2021-01-13T08:08:50","date_gmt":"2021-01-13T08:08:50","guid":{"rendered":"https:\/\/homecareinnovation.com\/total-de-lameublement-etablissements-de-soins\/"},"modified":"2021-01-13T08:14:01","modified_gmt":"2021-01-13T08:14:01","slug":"total-de-lameublement-etablissements-de-soins","status":"publish","type":"page","link":"https:\/\/homecareinnovation.com\/fr\/total-de-lameublement-etablissements-de-soins\/","title":{"rendered":"Total de l&#8217;ameublement &#8211; \u00e9tablissements de soins"},"content":{"rendered":"<div class=\"wpb-content-wrapper\"><p>[vc_row][vc_column][vc_single_image image=&#8221;25343&#8243; img_size=&#8221;2500&#215;300&#8243;][\/vc_column][\/vc_row][vc_row][vc_column]<div class=\"porto-u-heading  wpb_custom_95aa9a11c17ad45cfabaf210d84ee7cc porto-u-55ca8359258f9a412be7e73af65d2aac \"><div class=\"porto-u-main-heading\"><h2   style=\"font-family:Oswald; font-weight:400; font-style:normal; font-weight:400;color:#000000;margin-bottom: 15px;font-size:26px;\">DES SOLUTIONS COMPL\u00c8TES<\/h2><\/div><div class=\"porto-u-sub-heading\" style=\"color: #000000;margin-bottom:60px;font-size:14px;line-height:28px;\">HomeCare Innovation propose des solutions pour les h\u00f4tels de soins, les \u00e9tablissements de soins, les maisons de retraite et les hospices, mais aussi pour les particuliers si vous souhaitez adapter votre propre salle de bain, chambre et\/ou cuisine. En outre, nos produits sont souvent utilis\u00e9s par les architectes d&#8217;int\u00e9rieur qui r\u00e9alisent un projet pour leurs clients, les \u00e9tablissements de soins le cas \u00e9ch\u00e9ant. HomeCare Innovation ne se contente pas de rendre votre \u00e9tablissement accessible aux utilisateurs de fauteuils roulants, aux personnes handicap\u00e9es ou aux personnes \u00e2g\u00e9es, mais cr\u00e9e \u00e9galement une atmosph\u00e8re accueillante et chaleureuse.<\/div><style>.porto-u-55ca8359258f9a412be7e73af65d2aac.porto-u-heading{text-align:center}<\/style><\/div>[vc_separator][vc_empty_space][vc_empty_space][\/vc_column][\/vc_row][vc_row][vc_column width=&#8221;1\/3&#8243;][vc_single_image image=&#8221;22010&#8243; img_size=&#8221;500&#215;500&#8243; onclick=&#8221;custom_link&#8221; link=&#8221;https:\/\/homecareinnovation.com\/fr\/cuisines-hautement-adaptees-handicapees\/&#8221; label=&#8221;&#8221;][vc_column_text]<\/p>\n<h2>Cuisine<\/h2>\n<p>HomeCare Innovation propose, entre autres, des \u00e9l\u00e9vateurs de plan de travail, qui facilitent l&#8217;utilisation du plan de travail en tant qu&#8217;utilisateur de fauteuil roulant. Mais aussi, par exemple, des \u00e9l\u00e9vateurs pour armoires de cuisine, qui permettent de relever les armoires de cuisine \u00e0 une hauteur pratique pour tous les occupants. Et tout cela en appuyant sur un bouton !<\/p>\n<p>[\/vc_column_text][vc_btn title=&#8221;Cliquez ici pour en savoir plus&#8221; shape=&#8221;round&#8221; color=&#8221;primary&#8221; align=&#8221;center&#8221; link=&#8221;url:https%3A%2F%2Fhomecareinnovation.com%2Ffr%2Fcuisines-hautement-adaptees-handicapees%2F|&#8221;][\/vc_column][vc_column width=&#8221;1\/3&#8243;][vc_single_image image=&#8221;25349&#8243; img_size=&#8221;500&#215;500&#8243; onclick=&#8221;custom_link&#8221; link=&#8221;https:\/\/homecareinnovation.com\/fr\/total-ameublement-salle-de-bains\/&#8221; label=&#8221;&#8221;][vc_column_text]<\/p>\n<h2>Salle de bain<\/h2>\n<p>HomeCare Innovation peut \u00e9galement garantir que les salles de bain sont totalement s\u00fbres et conviviales pour les utilisateurs de fauteuils roulants, les personnes handicap\u00e9es et les personnes \u00e2g\u00e9es. Par exemple en installant des \u00e9l\u00e9vateurs pour toilettes, des si\u00e8ges de douche et\/ou des supports muraux. Bien entendu, il existe aussi d&#8217;autres produits qui vous aideront \u00e0 rendre votre salle de bains aussi conviviale que possible.<\/p>\n<p>[\/vc_column_text][vc_btn title=&#8221;Cliquez ici pour en savoir plus&#8221; shape=&#8221;round&#8221; color=&#8221;primary&#8221; align=&#8221;center&#8221; link=&#8221;url:https%3A%2F%2Fhomecareinnovation.com%2Ffr%2Ftotal-ameublement-salle-de-bains%2F|&#8221;][\/vc_column][vc_column width=&#8221;1\/3&#8243;][vc_single_image image=&#8221;25355&#8243; img_size=&#8221;500&#215;500&#8243; onclick=&#8221;custom_link&#8221; link=&#8221;https:\/\/homecareinnovation.com\/fr\/ameublement-total-chambre-a-coucher\/&#8221; label=&#8221;&#8221;][vc_column_text]<\/p>\n<h2>Chambre \u00e0 coucher<\/h2>\n<p>En pla\u00e7ant divers lits de soins ou des l\u00e8ve-jambes qui peuvent vous aider \u00e0 vous mettre au lit ou \u00e0 vous lever, on peut s&#8217;assurer que la chambre \u00e0 coucher peut \u00eatre utilis\u00e9e de nouveau de mani\u00e8re ind\u00e9pendante. Un repose-lit ou une table de lit, par exemple, est \u00e9galement l&#8217;une des possibilit\u00e9s de rendre une chambre \u00e0 coucher enti\u00e8rement accessible \u00e0 vous ou \u00e0 d&#8217;autres personnes.[\/vc_column_text][vc_btn title=&#8221;Cliquez ici pour en savoir plus&#8221; shape=&#8221;round&#8221; color=&#8221;primary&#8221; align=&#8221;center&#8221; link=&#8221;url:https%3A%2F%2Fhomecareinnovation.com%2Ffr%2Fameublement-total-chambre-a-coucher%2F|&#8221;][\/vc_column][\/vc_row][vc_row full_width=&#8221;stretch_row_content_no_spaces&#8221; el_class=&#8221;p-t-none&#8221;][vc_column][vc_empty_space][vc_empty_space][vc_separator][vc_empty_space][vc_empty_space]<div class=\"porto-carousel owl-carousel has-ccols has-ccols-spacing ccols-xl-6 ccols-lg-6 ccols-md-3 ccols-sm-2 ccols-1 custom-carousel stage-margin wpb_custom_70a89e142ccf56dcd4c7bfc4b40db368\" data-plugin-options=\"{&quot;themeConfig&quot;:true,&quot;stagePadding&quot;:40,&quot;margin&quot;:10,&quot;autoplay&quot;:&quot;yes&quot;,&quot;mouseDrag&quot;:true,&quot;touchDrag&quot;:true,&quot;autoplayTimeout&quot;:1500,&quot;autoplayHoverPause&quot;:&quot;true&quot;,&quot;items&quot;:6,&quot;xl&quot;:6,&quot;lg&quot;:6,&quot;md&quot;:3,&quot;sm&quot;:2,&quot;xs&quot;:1,&quot;nav&quot;:&quot;yes&quot;,&quot;dots&quot;:false,&quot;animateIn&quot;:&quot;&quot;,&quot;animateOut&quot;:&quot;&quot;,&quot;loop&quot;:&quot;yes&quot;,&quot;center&quot;:false,&quot;video&quot;:false,&quot;lazyLoad&quot;:false,&quot;fullscreen&quot;:false}\">[vc_single_image image=&#8221;11851&#8243; img_size=&#8221;400&#215;400&#8243; onclick=&#8221;img_link_large&#8221; lightbox=&#8221;yes&#8221; image_gallery=&#8221;yes&#8221; hover_effect=&#8221;yes&#8221; el_class=&#8221;porto-vc-plus&#8221;][vc_single_image image=&#8221;25409&#8243; img_size=&#8221;400&#215;400&#8243; onclick=&#8221;img_link_large&#8221; lightbox=&#8221;yes&#8221; image_gallery=&#8221;yes&#8221; hover_effect=&#8221;yes&#8221; el_class=&#8221;porto-vc-plus&#8221;][vc_single_image image=&#8221;25403&#8243; img_size=&#8221;400&#215;400&#8243; onclick=&#8221;img_link_large&#8221; lightbox=&#8221;yes&#8221; image_gallery=&#8221;yes&#8221; hover_effect=&#8221;yes&#8221; el_class=&#8221;porto-vc-plus&#8221;][vc_single_image image=&#8221;25397&#8243; img_size=&#8221;400&#215;400&#8243; onclick=&#8221;img_link_large&#8221; lightbox=&#8221;yes&#8221; image_gallery=&#8221;yes&#8221; hover_effect=&#8221;yes&#8221; el_class=&#8221;porto-vc-plus&#8221;][vc_single_image image=&#8221;22010&#8243; img_size=&#8221;400&#215;400&#8243; onclick=&#8221;img_link_large&#8221; lightbox=&#8221;yes&#8221; image_gallery=&#8221;yes&#8221; hover_effect=&#8221;yes&#8221; el_class=&#8221;porto-vc-plus&#8221;][vc_single_image image=&#8221;25343&#8243; img_size=&#8221;400&#215;400&#8243; onclick=&#8221;img_link_large&#8221; lightbox=&#8221;yes&#8221; image_gallery=&#8221;yes&#8221; hover_effect=&#8221;yes&#8221; el_class=&#8221;porto-vc-plus&#8221;][vc_single_image image=&#8221;25391&#8243; img_size=&#8221;400&#215;400&#8243; onclick=&#8221;img_link_large&#8221; lightbox=&#8221;yes&#8221; image_gallery=&#8221;yes&#8221; hover_effect=&#8221;yes&#8221; el_class=&#8221;porto-vc-plus&#8221;][vc_single_image image=&#8221;25385&#8243; img_size=&#8221;400&#215;400&#8243; onclick=&#8221;img_link_large&#8221; lightbox=&#8221;yes&#8221; image_gallery=&#8221;yes&#8221; hover_effect=&#8221;yes&#8221; el_class=&#8221;porto-vc-plus&#8221;][vc_single_image image=&#8221;25379&#8243; img_size=&#8221;400&#215;400&#8243; onclick=&#8221;img_link_large&#8221; lightbox=&#8221;yes&#8221; image_gallery=&#8221;yes&#8221; hover_effect=&#8221;yes&#8221; el_class=&#8221;porto-vc-plus&#8221;][vc_single_image image=&#8221;25373&#8243; img_size=&#8221;400&#215;400&#8243; onclick=&#8221;img_link_large&#8221; lightbox=&#8221;yes&#8221; image_gallery=&#8221;yes&#8221; hover_effect=&#8221;yes&#8221; el_class=&#8221;porto-vc-plus&#8221;][vc_single_image image=&#8221;25361&#8243; img_size=&#8221;400&#215;400&#8243; onclick=&#8221;img_link_large&#8221; lightbox=&#8221;yes&#8221; image_gallery=&#8221;yes&#8221; hover_effect=&#8221;yes&#8221; el_class=&#8221;porto-vc-plus&#8221;][vc_single_image image=&#8221;25415&#8243; img_size=&#8221;400&#215;400&#8243; onclick=&#8221;img_link_large&#8221; lightbox=&#8221;yes&#8221; image_gallery=&#8221;yes&#8221; hover_effect=&#8221;yes&#8221; el_class=&#8221;porto-vc-plus&#8221;][vc_single_image image=&#8221;10724&#8243; img_size=&#8221;400&#215;400&#8243; onclick=&#8221;img_link_large&#8221; lightbox=&#8221;yes&#8221; image_gallery=&#8221;yes&#8221; hover_effect=&#8221;yes&#8221; el_class=&#8221;porto-vc-plus&#8221;]<\/div>[\/vc_column][\/vc_row]<\/p>\n<\/div>","protected":false},"excerpt":{"rendered":"<p>[vc_row][vc_column][vc_single_image image=&#8221;25343&#8243; img_size=&#8221;2500&#215;300&#8243;][\/vc_column][\/vc_row][vc_row][vc_column][vc_separator][vc_empty_space][vc_empty_space][\/vc_column][\/vc_row][vc_row][vc_column width=&#8221;1\/3&#8243;][vc_single_image image=&#8221;22010&#8243; img_size=&#8221;500&#215;500&#8243; onclick=&#8221;custom_link&#8221; link=&#8221;https:\/\/homecareinnovation.com\/fr\/cuisines-hautement-adaptees-handicapees\/&#8221; label=&#8221;&#8221;][vc_column_text] Cuisine HomeCare Innovation propose, entre autres, des \u00e9l\u00e9vateurs de plan de travail, qui facilitent l&#8217;utilisation du plan de travail en tant qu&#8217;utilisateur de fauteuil roulant. Mais aussi, par exemple, des \u00e9l\u00e9vateurs pour armoires de cuisine, qui permettent de relever les armoires de cuisine \u00e0 une hauteur [&hellip;]<\/p>\n","protected":false},"author":5,"featured_media":0,"parent":0,"menu_order":0,"comment_status":"closed","ping_status":"closed","template":"","meta":{"footnotes":""},"class_list":["post-25607","page","type-page","status-publish","hentry"],"yoast_head":"<!-- This site is optimized with the Yoast SEO plugin v27.5 - https:\/\/yoast.com\/product\/yoast-seo-wordpress\/ -->\n<title>Total de l&#039;ameublement - \u00e9tablissements de soins - HomeCare Innovation BV<\/title>\n<meta name=\"robots\" content=\"index, follow, max-snippet:-1, max-image-preview:large, max-video-preview:-1\" \/>\n<link rel=\"canonical\" href=\"https:\/\/homecareinnovation.com\/fr\/total-de-lameublement-etablissements-de-soins\/\" \/>\n<meta property=\"og:locale\" content=\"fr_FR\" \/>\n<meta property=\"og:type\" content=\"article\" \/>\n<meta property=\"og:title\" content=\"Total de l&#039;ameublement - \u00e9tablissements de soins - HomeCare Innovation BV\" \/>\n<meta property=\"og:description\" content=\"[vc_row][vc_column][vc_single_image image=&#8221;25343&#8243; img_size=&#8221;2500&#215;300&#8243;][\/vc_column][\/vc_row][vc_row][vc_column][vc_separator][vc_empty_space][vc_empty_space][\/vc_column][\/vc_row][vc_row][vc_column width=&#8221;1\/3&#8243;][vc_single_image image=&#8221;22010&#8243; img_size=&#8221;500&#215;500&#8243; onclick=&#8221;custom_link&#8221; link=&#8221;https:\/\/homecareinnovation.com\/fr\/cuisines-hautement-adaptees-handicapees\/&#8221; label=&#8221;&#8221;][vc_column_text] Cuisine HomeCare Innovation propose, entre autres, des \u00e9l\u00e9vateurs de plan de travail, qui facilitent l&#8217;utilisation du plan de travail en tant qu&#8217;utilisateur de fauteuil roulant. Mais aussi, par exemple, des \u00e9l\u00e9vateurs pour armoires de cuisine, qui permettent de relever les armoires de cuisine \u00e0 une hauteur [&hellip;]\" \/>\n<meta property=\"og:url\" content=\"https:\/\/homecareinnovation.com\/fr\/total-de-lameublement-etablissements-de-soins\/\" \/>\n<meta property=\"og:site_name\" content=\"HomeCare Innovation BV\" \/>\n<meta property=\"article:publisher\" content=\"https:\/\/www.facebook.com\/HomeCareInnovationBV\/\" \/>\n<meta property=\"article:modified_time\" content=\"2021-01-13T08:14:01+00:00\" \/>\n<meta name=\"twitter:card\" content=\"summary_large_image\" \/>\n<meta name=\"twitter:label1\" content=\"Dur\u00e9e de lecture estim\u00e9e\" \/>\n\t<meta name=\"twitter:data1\" content=\"5 minutes\" \/>\n<script type=\"application\/ld+json\" class=\"yoast-schema-graph\">{\"@context\":\"https:\\\/\\\/schema.org\",\"@graph\":[{\"@type\":\"WebPage\",\"@id\":\"https:\\\/\\\/homecareinnovation.com\\\/fr\\\/total-de-lameublement-etablissements-de-soins\\\/\",\"url\":\"https:\\\/\\\/homecareinnovation.com\\\/fr\\\/total-de-lameublement-etablissements-de-soins\\\/\",\"name\":\"Total de l'ameublement - \u00e9tablissements de soins - HomeCare Innovation BV\",\"isPartOf\":{\"@id\":\"https:\\\/\\\/homecareinnovation.com\\\/fr\\\/#website\"},\"datePublished\":\"2021-01-13T08:08:50+00:00\",\"dateModified\":\"2021-01-13T08:14:01+00:00\",\"breadcrumb\":{\"@id\":\"https:\\\/\\\/homecareinnovation.com\\\/fr\\\/total-de-lameublement-etablissements-de-soins\\\/#breadcrumb\"},\"inLanguage\":\"fr-FR\",\"potentialAction\":[{\"@type\":\"ReadAction\",\"target\":[\"https:\\\/\\\/homecareinnovation.com\\\/fr\\\/total-de-lameublement-etablissements-de-soins\\\/\"]}]},{\"@type\":\"BreadcrumbList\",\"@id\":\"https:\\\/\\\/homecareinnovation.com\\\/fr\\\/total-de-lameublement-etablissements-de-soins\\\/#breadcrumb\",\"itemListElement\":[{\"@type\":\"ListItem\",\"position\":1,\"name\":\"Home\",\"item\":\"https:\\\/\\\/homecareinnovation.com\\\/fr\\\/\"},{\"@type\":\"ListItem\",\"position\":2,\"name\":\"Total de l&#8217;ameublement &#8211; \u00e9tablissements de soins\"}]},{\"@type\":\"WebSite\",\"@id\":\"https:\\\/\\\/homecareinnovation.com\\\/fr\\\/#website\",\"url\":\"https:\\\/\\\/homecareinnovation.com\\\/fr\\\/\",\"name\":\"HomeCare Innovation BV\",\"description\":\"Grossiste en aides aux personnes \u00e2g\u00e9es et handicap\u00e9es\",\"publisher\":{\"@id\":\"https:\\\/\\\/homecareinnovation.com\\\/fr\\\/#organization\"},\"potentialAction\":[{\"@type\":\"SearchAction\",\"target\":{\"@type\":\"EntryPoint\",\"urlTemplate\":\"https:\\\/\\\/homecareinnovation.com\\\/fr\\\/?s={search_term_string}\"},\"query-input\":{\"@type\":\"PropertyValueSpecification\",\"valueRequired\":true,\"valueName\":\"search_term_string\"}}],\"inLanguage\":\"fr-FR\"},{\"@type\":\"Organization\",\"@id\":\"https:\\\/\\\/homecareinnovation.com\\\/fr\\\/#organization\",\"name\":\"HomeCare Innovation BV\",\"url\":\"https:\\\/\\\/homecareinnovation.com\\\/fr\\\/\",\"logo\":{\"@type\":\"ImageObject\",\"inLanguage\":\"fr-FR\",\"@id\":\"https:\\\/\\\/homecareinnovation.com\\\/fr\\\/#\\\/schema\\\/logo\\\/image\\\/\",\"url\":\"https:\\\/\\\/homecareinnovation.com\\\/wp-content\\\/uploads\\\/2021\\\/03\\\/HOME-CARE-LOGO-originele-kleur-klein.png\",\"contentUrl\":\"https:\\\/\\\/homecareinnovation.com\\\/wp-content\\\/uploads\\\/2021\\\/03\\\/HOME-CARE-LOGO-originele-kleur-klein.png\",\"width\":1000,\"height\":357,\"caption\":\"HomeCare Innovation BV\"},\"image\":{\"@id\":\"https:\\\/\\\/homecareinnovation.com\\\/fr\\\/#\\\/schema\\\/logo\\\/image\\\/\"},\"sameAs\":[\"https:\\\/\\\/www.facebook.com\\\/HomeCareInnovationBV\\\/\",\"https:\\\/\\\/www.instagram.com\\\/homecareinnovation\\\/\",\"https:\\\/\\\/www.youtube.com\\\/channel\\\/UCg5pUSP6YEDGR5KtKeZe7nw\"]}]}<\/script>\n<!-- \/ Yoast SEO plugin. -->","yoast_head_json":{"title":"Total de l'ameublement - \u00e9tablissements de soins - HomeCare Innovation BV","robots":{"index":"index","follow":"follow","max-snippet":"max-snippet:-1","max-image-preview":"max-image-preview:large","max-video-preview":"max-video-preview:-1"},"canonical":"https:\/\/homecareinnovation.com\/fr\/total-de-lameublement-etablissements-de-soins\/","og_locale":"fr_FR","og_type":"article","og_title":"Total de l'ameublement - \u00e9tablissements de soins - HomeCare Innovation BV","og_description":"[vc_row][vc_column][vc_single_image image=&#8221;25343&#8243; img_size=&#8221;2500&#215;300&#8243;][\/vc_column][\/vc_row][vc_row][vc_column][vc_separator][vc_empty_space][vc_empty_space][\/vc_column][\/vc_row][vc_row][vc_column width=&#8221;1\/3&#8243;][vc_single_image image=&#8221;22010&#8243; img_size=&#8221;500&#215;500&#8243; onclick=&#8221;custom_link&#8221; link=&#8221;https:\/\/homecareinnovation.com\/fr\/cuisines-hautement-adaptees-handicapees\/&#8221; label=&#8221;&#8221;][vc_column_text] Cuisine HomeCare Innovation propose, entre autres, des \u00e9l\u00e9vateurs de plan de travail, qui facilitent l&#8217;utilisation du plan de travail en tant qu&#8217;utilisateur de fauteuil roulant. Mais aussi, par exemple, des \u00e9l\u00e9vateurs pour armoires de cuisine, qui permettent de relever les armoires de cuisine \u00e0 une hauteur [&hellip;]","og_url":"https:\/\/homecareinnovation.com\/fr\/total-de-lameublement-etablissements-de-soins\/","og_site_name":"HomeCare Innovation BV","article_publisher":"https:\/\/www.facebook.com\/HomeCareInnovationBV\/","article_modified_time":"2021-01-13T08:14:01+00:00","twitter_card":"summary_large_image","twitter_misc":{"Dur\u00e9e de lecture estim\u00e9e":"5 minutes"},"schema":{"@context":"https:\/\/schema.org","@graph":[{"@type":"WebPage","@id":"https:\/\/homecareinnovation.com\/fr\/total-de-lameublement-etablissements-de-soins\/","url":"https:\/\/homecareinnovation.com\/fr\/total-de-lameublement-etablissements-de-soins\/","name":"Total de l'ameublement - \u00e9tablissements de soins - HomeCare Innovation BV","isPartOf":{"@id":"https:\/\/homecareinnovation.com\/fr\/#website"},"datePublished":"2021-01-13T08:08:50+00:00","dateModified":"2021-01-13T08:14:01+00:00","breadcrumb":{"@id":"https:\/\/homecareinnovation.com\/fr\/total-de-lameublement-etablissements-de-soins\/#breadcrumb"},"inLanguage":"fr-FR","potentialAction":[{"@type":"ReadAction","target":["https:\/\/homecareinnovation.com\/fr\/total-de-lameublement-etablissements-de-soins\/"]}]},{"@type":"BreadcrumbList","@id":"https:\/\/homecareinnovation.com\/fr\/total-de-lameublement-etablissements-de-soins\/#breadcrumb","itemListElement":[{"@type":"ListItem","position":1,"name":"Home","item":"https:\/\/homecareinnovation.com\/fr\/"},{"@type":"ListItem","position":2,"name":"Total de l&#8217;ameublement &#8211; \u00e9tablissements de soins"}]},{"@type":"WebSite","@id":"https:\/\/homecareinnovation.com\/fr\/#website","url":"https:\/\/homecareinnovation.com\/fr\/","name":"HomeCare Innovation BV","description":"Grossiste en aides aux personnes \u00e2g\u00e9es et handicap\u00e9es","publisher":{"@id":"https:\/\/homecareinnovation.com\/fr\/#organization"},"potentialAction":[{"@type":"SearchAction","target":{"@type":"EntryPoint","urlTemplate":"https:\/\/homecareinnovation.com\/fr\/?s={search_term_string}"},"query-input":{"@type":"PropertyValueSpecification","valueRequired":true,"valueName":"search_term_string"}}],"inLanguage":"fr-FR"},{"@type":"Organization","@id":"https:\/\/homecareinnovation.com\/fr\/#organization","name":"HomeCare Innovation BV","url":"https:\/\/homecareinnovation.com\/fr\/","logo":{"@type":"ImageObject","inLanguage":"fr-FR","@id":"https:\/\/homecareinnovation.com\/fr\/#\/schema\/logo\/image\/","url":"https:\/\/homecareinnovation.com\/wp-content\/uploads\/2021\/03\/HOME-CARE-LOGO-originele-kleur-klein.png","contentUrl":"https:\/\/homecareinnovation.com\/wp-content\/uploads\/2021\/03\/HOME-CARE-LOGO-originele-kleur-klein.png","width":1000,"height":357,"caption":"HomeCare Innovation BV"},"image":{"@id":"https:\/\/homecareinnovation.com\/fr\/#\/schema\/logo\/image\/"},"sameAs":["https:\/\/www.facebook.com\/HomeCareInnovationBV\/","https:\/\/www.instagram.com\/homecareinnovation\/","https:\/\/www.youtube.com\/channel\/UCg5pUSP6YEDGR5KtKeZe7nw"]}]}},"_links":{"self":[{"href":"https:\/\/homecareinnovation.com\/fr\/wp-json\/wp\/v2\/pages\/25607","targetHints":{"allow":["GET"]}}],"collection":[{"href":"https:\/\/homecareinnovation.com\/fr\/wp-json\/wp\/v2\/pages"}],"about":[{"href":"https:\/\/homecareinnovation.com\/fr\/wp-json\/wp\/v2\/types\/page"}],"author":[{"embeddable":true,"href":"https:\/\/homecareinnovation.com\/fr\/wp-json\/wp\/v2\/users\/5"}],"replies":[{"embeddable":true,"href":"https:\/\/homecareinnovation.com\/fr\/wp-json\/wp\/v2\/comments?post=25607"}],"version-history":[{"count":0,"href":"https:\/\/homecareinnovation.com\/fr\/wp-json\/wp\/v2\/pages\/25607\/revisions"}],"wp:attachment":[{"href":"https:\/\/homecareinnovation.com\/fr\/wp-json\/wp\/v2\/media?parent=25607"}],"curies":[{"name":"wp","href":"https:\/\/api.w.org\/{rel}","templated":true}]}}