{"id":19311,"date":"2020-12-03T14:59:38","date_gmt":"2020-12-03T14:59:38","guid":{"rendered":"https:\/\/homecareinnovation.com\/diventa-rivenditore\/"},"modified":"2020-12-10T13:57:41","modified_gmt":"2020-12-10T13:57:41","slug":"diventa-rivenditore","status":"publish","type":"page","link":"https:\/\/homecareinnovation.com\/it\/diventa-rivenditore\/","title":{"rendered":"Diventa rivenditore"},"content":{"rendered":"<div class=\"wpb-content-wrapper\"><p>[vc_row full_width=&#8221;stretch_row&#8221; wrap_container=&#8221;yes&#8221; css=&#8221;.vc_custom_1603376013160{background-color: #eff1f3 !important;}&#8221; el_class=&#8221;home-banner py-5&#8243;][vc_column el_class=&#8221;pt-5 mt-5 z-index-1&#8243;]<div class=\"porto-animation pc-circle pc-circle-lg pc-circle-pos-1\"  data-appear-animation=\"lightSpeedIn\" data-appear-animation-delay=\"900\" data-appear-animation-duration=\"2000\">[vc_row_inner el_class=&#8221;align-items-center pt-4&#8243;][vc_column_inner el_class=&#8221;pb-5 mb-md-5&#8243; width=&#8221;1\/2&#8243;][vc_custom_heading text=&#8221;Diventa rivenditore dei prodotti HomeCare Innovation BV&#8221; font_container=&#8221;tag:h2|font_size:2.50em|text_align:left|line_height:1.16&#8243; use_theme_fonts=&#8221;yes&#8221; animation_delay=&#8221;300&#8243; el_class=&#8221;mb-3&#8243; animation_type=&#8221;fadeInUp&#8221;][vc_custom_heading text=&#8221;Con grande orgoglio HomeCare Innovation BV si impegna da anni a fornire gli strumenti pi\u00f9 innovativi e orientati alle soluzioni ed \u00e8 lieta di farlo in collaborazione con le aziende concessionarie che mettono al primo posto l&#8217;alta qualit\u00e0 del servizio e dei prodotti di qualit\u00e0.&#8221; font_container=&#8221;tag:p|font_size:1.2em|text_align:left&#8221; use_theme_fonts=&#8221;yes&#8221; animation_delay=&#8221;450&#8243; animation_type=&#8221;fadeInUp&#8221; el_class=&#8221;mb-4&#8243;][vc_custom_heading text=&#8221;Includendo i nostri prodotti innovativi nel vostro assortimento, non solo potrete rispondere maggiormente alle domande e ai desideri dei vostri clienti, generando cos\u00ec un maggiore fatturato, ma potrete anche contare sulla consulenza di uno dei nostri esperti esperti, se necessario.&#8221; font_container=&#8221;tag:p|font_size:1.2em|text_align:left&#8221; use_theme_fonts=&#8221;yes&#8221; animation_delay=&#8221;450&#8243; animation_type=&#8221;fadeInUp&#8221; el_class=&#8221;mb-4&#8243;][vc_custom_heading text=&#8221;La nostra gamma di prodotti si concentra su molte diverse problematiche sanitarie, ma si concentra soprattutto sull&#8217;autosufficienza delle persone disabili e degli anziani a mobilit\u00e0 ridotta. Alcuni esempi dei nostri prodotti pi\u00f9 popolari sono gli ausili per le soglie e le rampe, i sistemi di bidet, i rollator, i supporti a parete, le tavole di trasferimento, gli elevatori da bagno, i sollevatori da toilette, gli elevatori per le gambe, i bagni d&#8217;imbarco, i letti per l&#8217;allattamento, gli ausili per l&#8217;obesit\u00e0 e molto altro ancora!&#8221; font_container=&#8221;tag:p|font_size:1.2em|text_align:left&#8221; use_theme_fonts=&#8221;yes&#8221; animation_delay=&#8221;450&#8243; animation_type=&#8221;fadeInUp&#8221; el_class=&#8221;mb-4&#8243;][vc_icon icon_fontawesome=&#8221;fas fa-angle-double-down&#8221; color=&#8221;black&#8221; align=&#8221;center&#8221;][\/vc_column_inner][vc_column_inner el_class=&#8221;pb-5&#8243; width=&#8221;1\/2&#8243;][vc_single_image image=&#8221;6488&#8243; img_size=&#8221;full&#8221; animation_duration=&#8221;1500&#8243; animation_delay=&#8221;750&#8243; el_class=&#8221;pb-5 mb-5 position-relative z-index-1&#8243; animation_type=&#8221;fadeInUp&#8221; css=&#8221;.vc_custom_1603792530747{margin-right: -3rem !important;margin-left: 3rem !important;}&#8221;][\/vc_column_inner][\/vc_row_inner]<\/div>[\/vc_column][\/vc_row][vc_row full_width=&#8221;stretch_row&#8221; css=&#8221;.vc_custom_1603792757307{background-color: #eff1f3 !important;}&#8221;][vc_column][\/vc_column][\/vc_row][vc_row wrap_container=&#8221;yes&#8221; css=&#8221;.vc_custom_1528969702599{margin-top: 15px !important;margin-bottom: 40px !important;padding-top: 60px !important;}&#8221;][vc_column width=&#8221;1\/2&#8243;][vc_custom_heading text=&#8221;- Pi\u00f9 punti da un rivenditore HomeCare Innovation&#8221; font_container=&#8221;tag:h2|text_align:left|line_height:42px&#8221; use_theme_fonts=&#8221;yes&#8221; el_class=&#8221;font-weight-bold&#8221; css=&#8221;.vc_custom_1603374235967{margin-bottom: 15px !important;}&#8221;][vc_column_text css=&#8221;.vc_custom_1603374572230{margin-bottom: 20px !important;padding-left: 20px !important;}&#8221;]Oltre ad un&#8217;ampia e unica gamma di prodotti di alta qualit\u00e0, offriamo anche un supporto ai nostri rivenditori e siamo costantemente impegnati a migliorare i prodotti della nostra gamma.[\/vc_column_text][vc_row_inner css=&#8221;.vc_custom_1485582955219{padding-left: 15px !important;}&#8221;][vc_column_inner offset=&#8221;vc_col-lg-6 vc_col-md-6 vc_col-xs-12&#8243;][vc_column_text css=&#8221;.vc_custom_1603374752951{margin-bottom: 13px !important;}&#8221;]<\/p>\n<ul class=\"list list-icons list-icons-style-3 list-tertiary\">\n<li><i class=\"fa fa-chevron-right\"><\/i>Materiale di marketing professionale<\/li>\n<li><i class=\"fa fa-chevron-right\"><\/i>Consulenza esperta da parte di specialisti con una vasta esperienza<\/li>\n<li><i class=\"fa fa-chevron-right\"><\/i>Miglioramento continuo della gamma di prodotti<\/li>\n<\/ul>\n<p>&nbsp;[\/vc_column_text][\/vc_column_inner][vc_column_inner offset=&#8221;vc_col-lg-6 vc_col-md-6 vc_col-xs-12&#8243;][vc_column_text el_class=&#8221;m-b-none&#8221;]<\/p>\n<ul class=\"list list-icons list-icons-style-3 list-tertiary\">\n<li><i class=\"fa fa-chevron-right\"><\/i>Molti prodotti possono essere consegnati direttamente dal magazzino<\/li>\n<li><i class=\"fa fa-chevron-right\"><\/i>Contatto personale con uno dei nostri consulenti<\/li>\n<li><i class=\"fa fa-chevron-right\"><\/i>Vi terremo sempre informati sulle consegne, sui nuovi prodotti e altro ancora.<\/li>\n<\/ul>\n<p>&nbsp;[\/vc_column_text][\/vc_column_inner][\/vc_row_inner][vc_btn title=&#8221;Per saperne di pi\u00f9 su HomeCare Innovation&#8221; style=&#8221;outline&#8221; shape=&#8221;round&#8221; color=&#8221;default&#8221; size=&#8221;lg&#8221; skin=&#8221;primary&#8221; scale=&#8221;scale-2&#8243; css=&#8221;.vc_custom_1607520073517{margin-top: 15px !important;padding-left: 15px !important;}&#8221; el_class=&#8221;font-weight-bold&#8221; link=&#8221;url:%2Fit%2Fchi-siamo%2F&#8221;][\/vc_column][vc_column width=&#8221;1\/2&#8243; el_class=&#8221;custom-counters-column&#8221; css=&#8221;.vc_custom_1484904385121{margin-top: 35px !important;}&#8221;][vc_row_inner][vc_column_inner width=&#8221;1\/2&#8243; css=&#8221;.vc_custom_1485263686475{padding-top: 30px !important;padding-right: 30px !important;padding-left: 60px !important;background-color: #ffffff !important;}&#8221;]<div class=\"stats-block stats-left   wpb_custom_a517333ace5b1666c6af8bd4684f1de9\"><div class=\"porto-sicon-left\"><div class=\"porto-just-icon-wrapper porto-sicon-img  porto-icon-739599a1f586473197e4d01c03c680cb\" style=\"font-size: 30px;\"><img loading=\"lazy\" decoding=\"async\" class=\"img-icon\" alt=\"\" src=\"https:\/\/homecareinnovation.com\/wp-content\/uploads\/2020\/10\/icon-1.png\" width=\"30\" height=\"30\" \/><\/div><\/div><div class=\"stats-desc\"><div id=\"counter_100183443069e0338b7f703\" data-id=\"counter_100183443069e0338b7f703\" class=\"stats-number\" style=\" font-size:45px;color:#8c9db1;\" data-speed=\"3\" data-counter-value=\"22\" data-separator=\",\" data-decimal=\".\">0<\/div><div class=\"counter_suffix mycust\" style=\" font-size:45px;color:#8c9db1\">+<\/div><div class=\"stats-text\" style=\"color:#1e1e24;\">Anno di esperienza<\/div><\/div><\/div>[\/vc_column_inner][vc_column_inner width=&#8221;1\/2&#8243; css=&#8221;.vc_custom_1484901463613{border-left-width: 1px !important;padding-top: 30px !important;padding-right: 30px !important;padding-left: 30px !important;border-left-color: #dadada !important;border-left-style: solid !important;}&#8221;]<div class=\"stats-block stats-left   wpb_custom_a517333ace5b1666c6af8bd4684f1de9\"><div class=\"porto-sicon-left\"><div class=\"porto-just-icon-wrapper porto-icon none\" style=\"color:#333333;font-size:32px;\"><i class=\"porto-icon-country\"><\/i><\/div><\/div><div class=\"stats-desc\"><div id=\"counter_9582918369e0338b7f866\" data-id=\"counter_9582918369e0338b7f866\" class=\"stats-number\" style=\" font-size:45px;color:#8c9db1;\" data-speed=\"3\" data-counter-value=\"8000\" data-separator=\"none\" data-decimal=\".\">0<\/div><div class=\"counter_suffix mycust\" style=\" font-size:45px;color:#8c9db1\">+<\/div><div class=\"stats-text\" style=\"color:#1e1e24;\">Progetti di successo<\/div><\/div><\/div>[\/vc_column_inner][\/vc_row_inner][vc_row_inner css=&#8221;.vc_custom_1484901812976{border-top-width: 1px !important;border-top-color: #dadada !important;border-top-style: solid !important;}&#8221;][vc_column_inner width=&#8221;1\/2&#8243; css=&#8221;.vc_custom_1484901956433{padding-top: 30px !important;padding-right: 30px !important;padding-left: 60px !important;}&#8221;]<div class=\"stats-block stats-left   wpb_custom_a517333ace5b1666c6af8bd4684f1de9\"><div class=\"porto-sicon-left\"><div class=\"porto-just-icon-wrapper porto-icon none\" style=\"color:#333333;font-size:32px;\"><i class=\"porto-icon-cat-gift\"><\/i><\/div><\/div><div class=\"stats-desc\"><div id=\"counter_80238571769e0338b7f979\" data-id=\"counter_80238571769e0338b7f979\" class=\"stats-number\" style=\" font-size:45px;color:#8c9db1;\" data-speed=\"3\" data-counter-value=\"900\" data-separator=\",\" data-decimal=\".\">0<\/div><div class=\"counter_suffix mycust\" style=\" font-size:45px;color:#8c9db1\">+<\/div><div class=\"stats-text\" style=\"color:#1e1e24;\">Prodotti<\/div><\/div><\/div>[\/vc_column_inner][vc_column_inner width=&#8221;1\/2&#8243; css=&#8221;.vc_custom_1484902254004{border-left-width: 1px !important;padding-top: 30px !important;padding-right: 30px !important;padding-left: 30px !important;background-color: #ffffff !important;border-left-color: #dadada !important;border-left-style: solid !important;}&#8221;]<div class=\"stats-block stats-left   wpb_custom_a517333ace5b1666c6af8bd4684f1de9\"><div class=\"porto-sicon-left\"><div class=\"porto-just-icon-wrapper porto-icon none\" style=\"color:#333333;font-size:32px;\"><i class=\"porto-icon-boy-broad-smile\"><\/i><\/div><\/div><div class=\"stats-desc\"><div id=\"counter_149602599469e0338b7fa5a\" data-id=\"counter_149602599469e0338b7fa5a\" class=\"stats-number\" style=\" font-size:45px;color:#8c9db1;\" data-speed=\"3\" data-counter-value=\"50\" data-separator=\",\" data-decimal=\".\">0<\/div><div class=\"counter_suffix mycust\" style=\" font-size:45px;color:#8c9db1\">+<\/div><div class=\"stats-text\" style=\"color:#1e1e24;\">Concessionari soddisfatti<\/div><\/div><\/div>[\/vc_column_inner][\/vc_row_inner][\/vc_column][\/vc_row][vc_row full_width=&#8221;stretch_row&#8221; css=&#8221;.vc_custom_1603792800403{background-color: #eff1f3 !important;}&#8221;][vc_column][vc_empty_space]<div class=\"porto-u-heading  wpb_custom_95aa9a11c17ad45cfabaf210d84ee7cc porto-u-ad87e2eaf3f9c495180fe0156ddf3eb0 \"><div class=\"porto-u-main-heading\"><h2   style=\"font-weight:800;margin-bottom: 5px;font-size:25px;\">Registrati qui<\/h2><\/div><div class=\"porto-u-heading-spacer line_only\" style=\"margin-bottom: 40px;height:3px;\"><span class=\"porto-u-headings-line\" style=\"border-style:solid;border-bottom-width:3px;border-color:#b3ddde;width:50px;\"><\/span><\/div><style>.porto-u-ad87e2eaf3f9c495180fe0156ddf3eb0.porto-u-heading{text-align:left} .porto-u-ad87e2eaf3f9c495180fe0156ddf3eb0 .porto-u-headings-line{float: left;}<\/style><\/div>\n<div class=\"wpcf7 no-js\" id=\"wpcf7-f17801-o1\" lang=\"it-IT\" dir=\"ltr\" data-wpcf7-id=\"17801\">\n<div class=\"screen-reader-response\"><p role=\"status\" aria-live=\"polite\" aria-atomic=\"true\"><\/p> <ul><\/ul><\/div>\n<form action=\"\/it\/wp-json\/wp\/v2\/pages\/19311#wpcf7-f17801-o1\" method=\"post\" class=\"wpcf7-form init\" aria-label=\"Modulo di contatto\" novalidate=\"novalidate\" data-status=\"init\">\n<fieldset class=\"hidden-fields-container\"><input type=\"hidden\" name=\"_wpcf7\" value=\"17801\" \/><input type=\"hidden\" name=\"_wpcf7_version\" value=\"6.1.5\" \/><input type=\"hidden\" name=\"_wpcf7_locale\" value=\"it_IT\" \/><input type=\"hidden\" name=\"_wpcf7_unit_tag\" value=\"wpcf7-f17801-o1\" \/><input type=\"hidden\" name=\"_wpcf7_container_post\" value=\"0\" \/><input type=\"hidden\" name=\"_wpcf7_posted_data_hash\" value=\"\" \/><input type=\"hidden\" name=\"_wpcf7_recaptcha_response\" value=\"\" \/>\n<\/fieldset>\n<div class=\"form-row\">\r\n    <div class=\"form-group col-lg-6\">\r\n        <span class=\"wpcf7-form-control-wrap\" data-name=\"your-name\"><input size=\"40\" maxlength=\"400\" class=\"wpcf7-form-control wpcf7-text wpcf7-validates-as-required form-control py-2\" aria-required=\"true\" aria-invalid=\"false\" placeholder=\"Nome\" value=\"\" type=\"text\" name=\"your-name\" \/><\/span>\r\n    <\/div>\r\n    <div class=\"form-group col-lg-6\">\r\n        <span class=\"wpcf7-form-control-wrap\" data-name=\"your-phone\"><input size=\"40\" maxlength=\"400\" class=\"wpcf7-form-control wpcf7-text wpcf7-validates-as-required form-control py-2\" aria-required=\"true\" aria-invalid=\"false\" placeholder=\"Telefonoac\" value=\"\" type=\"text\" name=\"your-phone\" \/><\/span>\r\n    <\/div>\r\n<\/div>\r\n<div class=\"form-row\">\r\n    <div class=\"form-group col\">\r\n        <span class=\"wpcf7-form-control-wrap\" data-name=\"your-email\"><input size=\"40\" maxlength=\"400\" class=\"wpcf7-form-control wpcf7-email wpcf7-validates-as-required wpcf7-text wpcf7-validates-as-email form-control py-2\" aria-required=\"true\" aria-invalid=\"false\" placeholder=\"E-mail\" value=\"\" type=\"email\" name=\"your-email\" \/><\/span>\r\n    <\/div>\r\n<\/div>\r\n<div class=\"form-row\">\r\n    <div class=\"form-group col\">\r\n        <span class=\"wpcf7-form-control-wrap\" data-name=\"your-kvk\"><input size=\"40\" maxlength=\"400\" class=\"wpcf7-form-control wpcf7-text wpcf7-validates-as-required form-control py-2\" aria-required=\"true\" aria-invalid=\"false\" placeholder=\"Camera di Commercio\" value=\"\" type=\"text\" name=\"your-kvk\" \/><\/span>\r\n    <\/div>\r\n<\/div>\r\n<div class=\"form-row\">\r\n    <div class=\"form-group col\">\r\n        <span class=\"wpcf7-form-control-wrap\" data-name=\"your-message\"><textarea cols=\"40\" rows=\"5\" maxlength=\"2000\" class=\"wpcf7-form-control wpcf7-textarea form-control\" aria-invalid=\"false\" placeholder=\"Descrivi qui quali prodotti e\/o servizi ti interessano di pi\u00f9...\" name=\"your-message\"><\/textarea><\/span>\r\n    <\/div>\r\n<\/div>\r\n<input class=\"wpcf7-form-control wpcf7-submit has-spinner btn btn-dark font-weight-bold\" type=\"submit\" value=\"Invia\" \/><div class=\"wpcf7-response-output\" aria-hidden=\"true\"><\/div>\n<\/form>\n<\/div>\n[\/vc_column][\/vc_row]<\/p>\n<\/div>","protected":false},"excerpt":{"rendered":"<p>[vc_row full_width=&#8221;stretch_row&#8221; wrap_container=&#8221;yes&#8221; css=&#8221;.vc_custom_1603376013160{background-color: #eff1f3 !important;}&#8221; el_class=&#8221;home-banner py-5&#8243;][vc_column el_class=&#8221;pt-5 mt-5 z-index-1&#8243;][\/vc_column][\/vc_row][vc_row full_width=&#8221;stretch_row&#8221; css=&#8221;.vc_custom_1603792757307{background-color: #eff1f3 !important;}&#8221;][vc_column][\/vc_column][\/vc_row][vc_row wrap_container=&#8221;yes&#8221; css=&#8221;.vc_custom_1528969702599{margin-top: 15px !important;margin-bottom: 40px !important;padding-top: 60px !important;}&#8221;][vc_column width=&#8221;1\/2&#8243;][vc_custom_heading text=&#8221;- Pi\u00f9 punti da un rivenditore HomeCare Innovation&#8221; font_container=&#8221;tag:h2|text_align:left|line_height:42px&#8221; use_theme_fonts=&#8221;yes&#8221; el_class=&#8221;font-weight-bold&#8221; css=&#8221;.vc_custom_1603374235967{margin-bottom: 15px !important;}&#8221;][vc_column_text css=&#8221;.vc_custom_1603374572230{margin-bottom: 20px !important;padding-left: 20px !important;}&#8221;]Oltre ad un&#8217;ampia e unica gamma di prodotti di alta qualit\u00e0, offriamo anche [&hellip;]<\/p>\n","protected":false},"author":1,"featured_media":0,"parent":0,"menu_order":0,"comment_status":"closed","ping_status":"closed","template":"","meta":{"footnotes":""},"class_list":["post-19311","page","type-page","status-publish","hentry"],"yoast_head":"<!-- This site is optimized with the Yoast SEO plugin v27.3 - https:\/\/yoast.com\/product\/yoast-seo-wordpress\/ -->\n<title>Diventa rivenditore - HomeCare Innovation BV<\/title>\n<meta name=\"robots\" content=\"index, follow, max-snippet:-1, max-image-preview:large, max-video-preview:-1\" \/>\n<link rel=\"canonical\" href=\"https:\/\/homecareinnovation.com\/it\/diventa-rivenditore\/\" \/>\n<meta property=\"og:locale\" content=\"it_IT\" \/>\n<meta property=\"og:type\" content=\"article\" \/>\n<meta property=\"og:title\" content=\"Diventa rivenditore - HomeCare Innovation BV\" \/>\n<meta property=\"og:description\" content=\"[vc_row full_width=&#8221;stretch_row&#8221; wrap_container=&#8221;yes&#8221; css=&#8221;.vc_custom_1603376013160{background-color: #eff1f3 !important;}&#8221; el_class=&#8221;home-banner py-5&#8243;][vc_column el_class=&#8221;pt-5 mt-5 z-index-1&#8243;][\/vc_column][\/vc_row][vc_row full_width=&#8221;stretch_row&#8221; css=&#8221;.vc_custom_1603792757307{background-color: #eff1f3 !important;}&#8221;][vc_column][\/vc_column][\/vc_row][vc_row wrap_container=&#8221;yes&#8221; css=&#8221;.vc_custom_1528969702599{margin-top: 15px !important;margin-bottom: 40px !important;padding-top: 60px !important;}&#8221;][vc_column width=&#8221;1\/2&#8243;][vc_custom_heading text=&#8221;- Pi\u00f9 punti da un rivenditore HomeCare Innovation&#8221; font_container=&#8221;tag:h2|text_align:left|line_height:42px&#8221; use_theme_fonts=&#8221;yes&#8221; el_class=&#8221;font-weight-bold&#8221; css=&#8221;.vc_custom_1603374235967{margin-bottom: 15px !important;}&#8221;][vc_column_text css=&#8221;.vc_custom_1603374572230{margin-bottom: 20px !important;padding-left: 20px !important;}&#8221;]Oltre ad un&#8217;ampia e unica gamma di prodotti di alta qualit\u00e0, offriamo anche [&hellip;]\" \/>\n<meta property=\"og:url\" content=\"https:\/\/homecareinnovation.com\/it\/diventa-rivenditore\/\" \/>\n<meta property=\"og:site_name\" content=\"HomeCare Innovation BV\" \/>\n<meta property=\"article:publisher\" content=\"https:\/\/www.facebook.com\/HomeCareInnovationBV\/\" \/>\n<meta property=\"article:modified_time\" content=\"2020-12-10T13:57:41+00:00\" \/>\n<meta name=\"twitter:card\" content=\"summary_large_image\" \/>\n<meta name=\"twitter:label1\" content=\"Tempo di lettura stimato\" \/>\n\t<meta name=\"twitter:data1\" content=\"5 minuti\" \/>\n<script type=\"application\/ld+json\" class=\"yoast-schema-graph\">{\"@context\":\"https:\\\/\\\/schema.org\",\"@graph\":[{\"@type\":\"WebPage\",\"@id\":\"https:\\\/\\\/homecareinnovation.com\\\/it\\\/diventa-rivenditore\\\/\",\"url\":\"https:\\\/\\\/homecareinnovation.com\\\/it\\\/diventa-rivenditore\\\/\",\"name\":\"Diventa rivenditore - HomeCare Innovation BV\",\"isPartOf\":{\"@id\":\"https:\\\/\\\/homecareinnovation.com\\\/it\\\/#website\"},\"datePublished\":\"2020-12-03T14:59:38+00:00\",\"dateModified\":\"2020-12-10T13:57:41+00:00\",\"breadcrumb\":{\"@id\":\"https:\\\/\\\/homecareinnovation.com\\\/it\\\/diventa-rivenditore\\\/#breadcrumb\"},\"inLanguage\":\"it-IT\",\"potentialAction\":[{\"@type\":\"ReadAction\",\"target\":[\"https:\\\/\\\/homecareinnovation.com\\\/it\\\/diventa-rivenditore\\\/\"]}]},{\"@type\":\"BreadcrumbList\",\"@id\":\"https:\\\/\\\/homecareinnovation.com\\\/it\\\/diventa-rivenditore\\\/#breadcrumb\",\"itemListElement\":[{\"@type\":\"ListItem\",\"position\":1,\"name\":\"Home\",\"item\":\"https:\\\/\\\/homecareinnovation.com\\\/it\\\/\"},{\"@type\":\"ListItem\",\"position\":2,\"name\":\"Diventa rivenditore\"}]},{\"@type\":\"WebSite\",\"@id\":\"https:\\\/\\\/homecareinnovation.com\\\/it\\\/#website\",\"url\":\"https:\\\/\\\/homecareinnovation.com\\\/it\\\/\",\"name\":\"HomeCare Innovation BV\",\"description\":\"Il grossista olandese di ausili medici\",\"publisher\":{\"@id\":\"https:\\\/\\\/homecareinnovation.com\\\/it\\\/#organization\"},\"potentialAction\":[{\"@type\":\"SearchAction\",\"target\":{\"@type\":\"EntryPoint\",\"urlTemplate\":\"https:\\\/\\\/homecareinnovation.com\\\/it\\\/?s={search_term_string}\"},\"query-input\":{\"@type\":\"PropertyValueSpecification\",\"valueRequired\":true,\"valueName\":\"search_term_string\"}}],\"inLanguage\":\"it-IT\"},{\"@type\":\"Organization\",\"@id\":\"https:\\\/\\\/homecareinnovation.com\\\/it\\\/#organization\",\"name\":\"HomeCare Innovation BV\",\"url\":\"https:\\\/\\\/homecareinnovation.com\\\/it\\\/\",\"logo\":{\"@type\":\"ImageObject\",\"inLanguage\":\"it-IT\",\"@id\":\"https:\\\/\\\/homecareinnovation.com\\\/it\\\/#\\\/schema\\\/logo\\\/image\\\/\",\"url\":\"https:\\\/\\\/homecareinnovation.com\\\/wp-content\\\/uploads\\\/2021\\\/03\\\/HOME-CARE-LOGO-originele-kleur-klein.png\",\"contentUrl\":\"https:\\\/\\\/homecareinnovation.com\\\/wp-content\\\/uploads\\\/2021\\\/03\\\/HOME-CARE-LOGO-originele-kleur-klein.png\",\"width\":1000,\"height\":357,\"caption\":\"HomeCare Innovation BV\"},\"image\":{\"@id\":\"https:\\\/\\\/homecareinnovation.com\\\/it\\\/#\\\/schema\\\/logo\\\/image\\\/\"},\"sameAs\":[\"https:\\\/\\\/www.facebook.com\\\/HomeCareInnovationBV\\\/\",\"https:\\\/\\\/www.instagram.com\\\/homecareinnovation\\\/\",\"https:\\\/\\\/www.youtube.com\\\/channel\\\/UCg5pUSP6YEDGR5KtKeZe7nw\"]}]}<\/script>\n<!-- \/ Yoast SEO plugin. -->","yoast_head_json":{"title":"Diventa rivenditore - HomeCare Innovation BV","robots":{"index":"index","follow":"follow","max-snippet":"max-snippet:-1","max-image-preview":"max-image-preview:large","max-video-preview":"max-video-preview:-1"},"canonical":"https:\/\/homecareinnovation.com\/it\/diventa-rivenditore\/","og_locale":"it_IT","og_type":"article","og_title":"Diventa rivenditore - HomeCare Innovation BV","og_description":"[vc_row full_width=&#8221;stretch_row&#8221; wrap_container=&#8221;yes&#8221; css=&#8221;.vc_custom_1603376013160{background-color: #eff1f3 !important;}&#8221; el_class=&#8221;home-banner py-5&#8243;][vc_column el_class=&#8221;pt-5 mt-5 z-index-1&#8243;][\/vc_column][\/vc_row][vc_row full_width=&#8221;stretch_row&#8221; css=&#8221;.vc_custom_1603792757307{background-color: #eff1f3 !important;}&#8221;][vc_column][\/vc_column][\/vc_row][vc_row wrap_container=&#8221;yes&#8221; css=&#8221;.vc_custom_1528969702599{margin-top: 15px !important;margin-bottom: 40px !important;padding-top: 60px !important;}&#8221;][vc_column width=&#8221;1\/2&#8243;][vc_custom_heading text=&#8221;- Pi\u00f9 punti da un rivenditore HomeCare Innovation&#8221; font_container=&#8221;tag:h2|text_align:left|line_height:42px&#8221; use_theme_fonts=&#8221;yes&#8221; el_class=&#8221;font-weight-bold&#8221; css=&#8221;.vc_custom_1603374235967{margin-bottom: 15px !important;}&#8221;][vc_column_text css=&#8221;.vc_custom_1603374572230{margin-bottom: 20px !important;padding-left: 20px !important;}&#8221;]Oltre ad un&#8217;ampia e unica gamma di prodotti di alta qualit\u00e0, offriamo anche [&hellip;]","og_url":"https:\/\/homecareinnovation.com\/it\/diventa-rivenditore\/","og_site_name":"HomeCare Innovation BV","article_publisher":"https:\/\/www.facebook.com\/HomeCareInnovationBV\/","article_modified_time":"2020-12-10T13:57:41+00:00","twitter_card":"summary_large_image","twitter_misc":{"Tempo di lettura stimato":"5 minuti"},"schema":{"@context":"https:\/\/schema.org","@graph":[{"@type":"WebPage","@id":"https:\/\/homecareinnovation.com\/it\/diventa-rivenditore\/","url":"https:\/\/homecareinnovation.com\/it\/diventa-rivenditore\/","name":"Diventa rivenditore - HomeCare Innovation BV","isPartOf":{"@id":"https:\/\/homecareinnovation.com\/it\/#website"},"datePublished":"2020-12-03T14:59:38+00:00","dateModified":"2020-12-10T13:57:41+00:00","breadcrumb":{"@id":"https:\/\/homecareinnovation.com\/it\/diventa-rivenditore\/#breadcrumb"},"inLanguage":"it-IT","potentialAction":[{"@type":"ReadAction","target":["https:\/\/homecareinnovation.com\/it\/diventa-rivenditore\/"]}]},{"@type":"BreadcrumbList","@id":"https:\/\/homecareinnovation.com\/it\/diventa-rivenditore\/#breadcrumb","itemListElement":[{"@type":"ListItem","position":1,"name":"Home","item":"https:\/\/homecareinnovation.com\/it\/"},{"@type":"ListItem","position":2,"name":"Diventa rivenditore"}]},{"@type":"WebSite","@id":"https:\/\/homecareinnovation.com\/it\/#website","url":"https:\/\/homecareinnovation.com\/it\/","name":"HomeCare Innovation BV","description":"Il grossista olandese di ausili medici","publisher":{"@id":"https:\/\/homecareinnovation.com\/it\/#organization"},"potentialAction":[{"@type":"SearchAction","target":{"@type":"EntryPoint","urlTemplate":"https:\/\/homecareinnovation.com\/it\/?s={search_term_string}"},"query-input":{"@type":"PropertyValueSpecification","valueRequired":true,"valueName":"search_term_string"}}],"inLanguage":"it-IT"},{"@type":"Organization","@id":"https:\/\/homecareinnovation.com\/it\/#organization","name":"HomeCare Innovation BV","url":"https:\/\/homecareinnovation.com\/it\/","logo":{"@type":"ImageObject","inLanguage":"it-IT","@id":"https:\/\/homecareinnovation.com\/it\/#\/schema\/logo\/image\/","url":"https:\/\/homecareinnovation.com\/wp-content\/uploads\/2021\/03\/HOME-CARE-LOGO-originele-kleur-klein.png","contentUrl":"https:\/\/homecareinnovation.com\/wp-content\/uploads\/2021\/03\/HOME-CARE-LOGO-originele-kleur-klein.png","width":1000,"height":357,"caption":"HomeCare Innovation BV"},"image":{"@id":"https:\/\/homecareinnovation.com\/it\/#\/schema\/logo\/image\/"},"sameAs":["https:\/\/www.facebook.com\/HomeCareInnovationBV\/","https:\/\/www.instagram.com\/homecareinnovation\/","https:\/\/www.youtube.com\/channel\/UCg5pUSP6YEDGR5KtKeZe7nw"]}]}},"_links":{"self":[{"href":"https:\/\/homecareinnovation.com\/it\/wp-json\/wp\/v2\/pages\/19311","targetHints":{"allow":["GET"]}}],"collection":[{"href":"https:\/\/homecareinnovation.com\/it\/wp-json\/wp\/v2\/pages"}],"about":[{"href":"https:\/\/homecareinnovation.com\/it\/wp-json\/wp\/v2\/types\/page"}],"author":[{"embeddable":true,"href":"https:\/\/homecareinnovation.com\/it\/wp-json\/wp\/v2\/users\/1"}],"replies":[{"embeddable":true,"href":"https:\/\/homecareinnovation.com\/it\/wp-json\/wp\/v2\/comments?post=19311"}],"version-history":[{"count":0,"href":"https:\/\/homecareinnovation.com\/it\/wp-json\/wp\/v2\/pages\/19311\/revisions"}],"wp:attachment":[{"href":"https:\/\/homecareinnovation.com\/it\/wp-json\/wp\/v2\/media?parent=19311"}],"curies":[{"name":"wp","href":"https:\/\/api.w.org\/{rel}","templated":true}]}}