{"id":19520,"date":"2020-12-04T10:42:07","date_gmt":"2020-12-04T10:42:07","guid":{"rendered":"https:\/\/homecareinnovation.com\/terapisti-occupazionali\/"},"modified":"2020-12-10T08:46:30","modified_gmt":"2020-12-10T08:46:30","slug":"terapisti-occupazionali","status":"publish","type":"page","link":"https:\/\/homecareinnovation.com\/it\/terapisti-occupazionali\/","title":{"rendered":"Terapisti occupazionali"},"content":{"rendered":"<div class=\"wpb-content-wrapper\"><p>[vc_row wrap_container=&#8221;yes&#8221; text_align=&#8221;center&#8221; css=&#8221;.vc_custom_1519871900664{padding-top: 50px !important;padding-bottom: 20px !important;}&#8221;][vc_column offset=&#8221;vc_col-lg-offset-2 vc_col-lg-8 vc_col-md-offset-1 vc_col-md-10&#8243;]<div class=\"porto-u-heading  wpb_custom_95aa9a11c17ad45cfabaf210d84ee7cc porto-u-55ca8359258f9a412be7e73af65d2aac \"><div class=\"porto-u-main-heading\"><h1  >La nostra collaborazione con i terapisti occupazionali<\/h1><\/div><style>.porto-u-55ca8359258f9a412be7e73af65d2aac.porto-u-heading{text-align:center}<\/style><\/div>[vc_empty_space][vc_column_text]Come terapista occupazionale vi impegnate, tra l&#8217;altro, a contribuire all&#8217;autosufficienza degli anziani o delle persone a mobilit\u00e0 ridotta. In questo modo, accadr\u00e0 regolarmente che il vostro cliente beneficer\u00e0 di un aiuto particolare che gli permetter\u00e0 di svolgere le sue attivit\u00e0 quotidiane in modo pi\u00f9 autonomo.<\/p>\n<p>In qualit\u00e0 di fornitore di un&#8217;ampia gamma di utensili, in moltissimi casi possiamo offrire una soluzione adeguata dalla nostra gamma per i problemi o le sfide che il vostro cliente incontra quotidianamente. Inoltre, potremmo anche essere in grado di indirizzarvi verso prodotti al di fuori della nostra gamma di prodotti.<\/p>\n<p>I nostri esperti esperti esperti con esperienza possono lavorare con voi per trovare gli strumenti adatti al vostro cliente per risolvere un particolare problema in modo mirato.<\/p>\n<p><strong>Contatto:<\/strong><\/p>\n<p>Per domande generali o specifiche potete chiamarci: +31 (0)10 242 09 13 o inviarci un&#8217;e-mail: <a href=\"mailto:info@homecareinnovation.com\">info@homecareinnovation.com<\/a>. Uno dei nostri esperti sar\u00e0 lieto di aiutarvi![\/vc_column_text][\/vc_column][\/vc_row][vc_row css=&#8221;.vc_custom_1559062988702{background-color: #f4f4f4 !important;}&#8221; el_class=&#8221;px-0&#8243;][vc_column width=&#8221;1\/2&#8243; css=&#8221;.vc_custom_1603458926496{padding-top: 20vh !important;padding-bottom: 20vh !important;background-image: url(https:\/\/homecareinnovation.com\/wp-content\/uploads\/2020\/10\/andre-ouellet-FzECg2eNhj4-unsplash-1-1.jpg?id=5954) !important;background-position: center !important;background-repeat: no-repeat !important;background-size: cover !important;}&#8221;][\/vc_column][vc_column width=&#8221;1\/2&#8243; css=&#8221;.vc_custom_1519878339296{padding-top: 60px !important;padding-bottom: 60px !important;}&#8221;]<div class=\"porto-u-heading col-half-section  wpb_custom_95aa9a11c17ad45cfabaf210d84ee7cc porto-u-ad87e2eaf3f9c495180fe0156ddf3eb0 \"><div class=\"porto-u-main-heading\"><h1   style=\"font-family:Oswald;font-weight:700;color:#282d3b;font-size:16px;line-height:16px;\">Cosa possiamo fare per voi:<\/h1><\/div><style>.porto-u-ad87e2eaf3f9c495180fe0156ddf3eb0.porto-u-heading{text-align:left}<\/style><\/div>[vc_accordion active_tab=&#8221;1&#8243; type=&#8221;without-bg&#8221; size=&#8221;panel-group-lg&#8221; el_class=&#8221;col-half-section&#8221;][vc_accordion_tab title=&#8221;Cercare insieme i mezzi ausiliari adatti per i vostri clienti&#8221;][vc_column_text]Grazie alla nostra vasta gamma di prodotti e alla nostra rete, saremo lieti di lavorare con voi per trovare uno strumento adatto al vostro cliente. Se non abbiamo un utensile adatto della nostra gamma, ci sono buone probabilit\u00e0 che riusciremo a trovarlo. Siamo lieti di fare da mediatori![\/vc_column_text][\/vc_accordion_tab][vc_accordion_tab title=&#8221;Un assortimento chiaro con un semplice sistema di ordinazione&#8221;][vc_column_text]Facciamo del nostro meglio per mostrare la gamma di prodotti pi\u00f9 aggiornata sul nostro sito web nel miglior modo possibile e lavoriamo costantemente per mantenere aggiornata la nostra gamma. Inoltre, homecareinnovation.com dispone di un sistema di ordinazione pratico e intuitivo.[\/vc_column_text][\/vc_accordion_tab][\/vc_accordion][\/vc_column][\/vc_row][vc_row wrap_container=&#8221;yes&#8221; css=&#8221;.vc_custom_1519878974553{padding-top: 60px !important;padding-bottom: 40px !important;}&#8221;][vc_column]<div class=\"porto-u-heading  wpb_custom_95aa9a11c17ad45cfabaf210d84ee7cc porto-u-ad87e2eaf3f9c495180fe0156ddf3eb0 \"><div class=\"porto-u-main-heading\"><h2   style=\"font-family:Oswald;font-weight:700;color:#282d3b;margin-bottom: 30px;font-size:16px;line-height:16px;\">Vantaggi di HomeCare Innovation BV<\/h2><\/div><style>.porto-u-ad87e2eaf3f9c495180fe0156ddf3eb0.porto-u-heading{text-align:left}<\/style><\/div>[vc_row_inner][vc_column_inner width=&#8221;1\/3&#8243;]<div class=\"porto-sicon-box  wpb_custom_8de3a9252882d807fc07759102f1dec2 style_1 default-icon flex-wrap\"><div class=\"porto-sicon-header\"><h3 class=\"porto-sicon-title\" style=\"font-weight:700;font-size:15px;color:#2b2b2d;line-height:15px;\">Ampio assortimento<\/h3><p style=\"font-size:14px;line-height:27px;color:#4a505e;\">Prodotti di qualit\u00e0 dalla A alla Z<\/p><\/div> <!-- header --><div class=\"porto-sicon-description\" style=\"\">Alla HomeCare Innovation BV ci sforziamo continuamente di rendere disponibile una gamma di prodotti di qualit\u00e0 che risponda ai desideri e alle esigenze degli utenti finali. Ampliamo regolarmente la nostra gamma con nuove soluzioni innovative per i problemi e le sfide attuali delle persone anziane e disabili.<\/div> <!-- description --><\/div><!-- porto-sicon-box -->[\/vc_column_inner][vc_column_inner width=&#8221;1\/3&#8243;]<div class=\"porto-sicon-box  wpb_custom_8de3a9252882d807fc07759102f1dec2 style_1 default-icon flex-wrap\"><div class=\"porto-sicon-header\"><h3 class=\"porto-sicon-title\" style=\"font-weight:700;font-size:15px;color:#2b2b2d;line-height:15px;\">Consulenza di esperti<\/h3><p style=\"font-size:14px;line-height:27px;color:#4a505e;\">Consulenza realistica e orientata ai problemi<\/p><\/div> <!-- header --><div class=\"porto-sicon-description\" style=\"\">Se non siete sicuri di quale strumento sia adatto al vostro cliente, potreste non essere in grado di vedere il legno per gli alberi. Uno dei nostri esperti sar\u00e0 lieto di aiutarvi. Insieme possiamo valutare le opzioni disponibili e giungere alla decisione migliore.<\/div> <!-- description --><\/div><!-- porto-sicon-box -->[\/vc_column_inner][vc_column_inner width=&#8221;1\/3&#8243;]<div class=\"porto-sicon-box  wpb_custom_8de3a9252882d807fc07759102f1dec2 style_1 default-icon flex-wrap\"><div class=\"porto-sicon-header\"><h3 class=\"porto-sicon-title\" style=\"font-weight:700;font-size:15px;color:#2b2b2d;line-height:15px;\">Dimostrazioni e periodi di prova<\/h3><p style=\"font-size:14px;line-height:27px;color:#4a505e;\">Ognuno \u00e8 diverso.<\/p><\/div> <!-- header --><div class=\"porto-sicon-description\" style=\"\">In molti casi, gli strumenti di consulenza sono fatti su misura. Dopotutto, ognuno \u00e8 leggermente diverso dall&#8217;altro. Molti dei prodotti di HomeCare Innovation BV possono quindi essere dimostrati o addirittura provati per un periodo di prova.<\/div> <!-- description --><\/div><!-- porto-sicon-box -->[\/vc_column_inner][\/vc_row_inner][\/vc_column][\/vc_row]<\/p>\n<\/div>","protected":false},"excerpt":{"rendered":"<p>[vc_row wrap_container=&#8221;yes&#8221; text_align=&#8221;center&#8221; css=&#8221;.vc_custom_1519871900664{padding-top: 50px !important;padding-bottom: 20px !important;}&#8221;][vc_column offset=&#8221;vc_col-lg-offset-2 vc_col-lg-8 vc_col-md-offset-1 vc_col-md-10&#8243;][vc_empty_space][vc_column_text]Come terapista occupazionale vi impegnate, tra l&#8217;altro, a contribuire all&#8217;autosufficienza degli anziani o delle persone a mobilit\u00e0 ridotta. In questo modo, accadr\u00e0 regolarmente che il vostro cliente beneficer\u00e0 di un aiuto particolare che gli permetter\u00e0 di svolgere le sue attivit\u00e0 quotidiane in modo pi\u00f9 [&hellip;]<\/p>\n","protected":false},"author":1,"featured_media":0,"parent":0,"menu_order":0,"comment_status":"closed","ping_status":"closed","template":"","meta":{"footnotes":""},"class_list":["post-19520","page","type-page","status-publish","hentry"],"yoast_head":"<!-- This site is optimized with the Yoast SEO plugin v27.3 - https:\/\/yoast.com\/product\/yoast-seo-wordpress\/ -->\n<title>Terapisti occupazionali - HomeCare Innovation BV<\/title>\n<meta name=\"robots\" content=\"index, follow, max-snippet:-1, max-image-preview:large, max-video-preview:-1\" \/>\n<link rel=\"canonical\" href=\"https:\/\/homecareinnovation.com\/it\/terapisti-occupazionali\/\" \/>\n<meta property=\"og:locale\" content=\"it_IT\" \/>\n<meta property=\"og:type\" content=\"article\" \/>\n<meta property=\"og:title\" content=\"Terapisti occupazionali - HomeCare Innovation BV\" \/>\n<meta property=\"og:description\" content=\"[vc_row wrap_container=&#8221;yes&#8221; text_align=&#8221;center&#8221; css=&#8221;.vc_custom_1519871900664{padding-top: 50px !important;padding-bottom: 20px !important;}&#8221;][vc_column offset=&#8221;vc_col-lg-offset-2 vc_col-lg-8 vc_col-md-offset-1 vc_col-md-10&#8243;][vc_empty_space][vc_column_text]Come terapista occupazionale vi impegnate, tra l&#8217;altro, a contribuire all&#8217;autosufficienza degli anziani o delle persone a mobilit\u00e0 ridotta. In questo modo, accadr\u00e0 regolarmente che il vostro cliente beneficer\u00e0 di un aiuto particolare che gli permetter\u00e0 di svolgere le sue attivit\u00e0 quotidiane in modo pi\u00f9 [&hellip;]\" \/>\n<meta property=\"og:url\" content=\"https:\/\/homecareinnovation.com\/it\/terapisti-occupazionali\/\" \/>\n<meta property=\"og:site_name\" content=\"HomeCare Innovation BV\" \/>\n<meta property=\"article:publisher\" content=\"https:\/\/www.facebook.com\/HomeCareInnovationBV\/\" \/>\n<meta property=\"article:modified_time\" content=\"2020-12-10T08:46:30+00:00\" \/>\n<meta name=\"twitter:card\" content=\"summary_large_image\" \/>\n<meta name=\"twitter:label1\" content=\"Tempo di lettura stimato\" \/>\n\t<meta name=\"twitter:data1\" content=\"4 minuti\" \/>\n<script type=\"application\/ld+json\" class=\"yoast-schema-graph\">{\"@context\":\"https:\\\/\\\/schema.org\",\"@graph\":[{\"@type\":\"WebPage\",\"@id\":\"https:\\\/\\\/homecareinnovation.com\\\/it\\\/terapisti-occupazionali\\\/\",\"url\":\"https:\\\/\\\/homecareinnovation.com\\\/it\\\/terapisti-occupazionali\\\/\",\"name\":\"Terapisti occupazionali - HomeCare Innovation BV\",\"isPartOf\":{\"@id\":\"https:\\\/\\\/homecareinnovation.com\\\/it\\\/#website\"},\"datePublished\":\"2020-12-04T10:42:07+00:00\",\"dateModified\":\"2020-12-10T08:46:30+00:00\",\"breadcrumb\":{\"@id\":\"https:\\\/\\\/homecareinnovation.com\\\/it\\\/terapisti-occupazionali\\\/#breadcrumb\"},\"inLanguage\":\"it-IT\",\"potentialAction\":[{\"@type\":\"ReadAction\",\"target\":[\"https:\\\/\\\/homecareinnovation.com\\\/it\\\/terapisti-occupazionali\\\/\"]}]},{\"@type\":\"BreadcrumbList\",\"@id\":\"https:\\\/\\\/homecareinnovation.com\\\/it\\\/terapisti-occupazionali\\\/#breadcrumb\",\"itemListElement\":[{\"@type\":\"ListItem\",\"position\":1,\"name\":\"Home\",\"item\":\"https:\\\/\\\/homecareinnovation.com\\\/it\\\/\"},{\"@type\":\"ListItem\",\"position\":2,\"name\":\"Terapisti occupazionali\"}]},{\"@type\":\"WebSite\",\"@id\":\"https:\\\/\\\/homecareinnovation.com\\\/it\\\/#website\",\"url\":\"https:\\\/\\\/homecareinnovation.com\\\/it\\\/\",\"name\":\"HomeCare Innovation BV\",\"description\":\"Il grossista olandese di ausili medici\",\"publisher\":{\"@id\":\"https:\\\/\\\/homecareinnovation.com\\\/it\\\/#organization\"},\"potentialAction\":[{\"@type\":\"SearchAction\",\"target\":{\"@type\":\"EntryPoint\",\"urlTemplate\":\"https:\\\/\\\/homecareinnovation.com\\\/it\\\/?s={search_term_string}\"},\"query-input\":{\"@type\":\"PropertyValueSpecification\",\"valueRequired\":true,\"valueName\":\"search_term_string\"}}],\"inLanguage\":\"it-IT\"},{\"@type\":\"Organization\",\"@id\":\"https:\\\/\\\/homecareinnovation.com\\\/it\\\/#organization\",\"name\":\"HomeCare Innovation BV\",\"url\":\"https:\\\/\\\/homecareinnovation.com\\\/it\\\/\",\"logo\":{\"@type\":\"ImageObject\",\"inLanguage\":\"it-IT\",\"@id\":\"https:\\\/\\\/homecareinnovation.com\\\/it\\\/#\\\/schema\\\/logo\\\/image\\\/\",\"url\":\"https:\\\/\\\/homecareinnovation.com\\\/wp-content\\\/uploads\\\/2021\\\/03\\\/HOME-CARE-LOGO-originele-kleur-klein.png\",\"contentUrl\":\"https:\\\/\\\/homecareinnovation.com\\\/wp-content\\\/uploads\\\/2021\\\/03\\\/HOME-CARE-LOGO-originele-kleur-klein.png\",\"width\":1000,\"height\":357,\"caption\":\"HomeCare Innovation BV\"},\"image\":{\"@id\":\"https:\\\/\\\/homecareinnovation.com\\\/it\\\/#\\\/schema\\\/logo\\\/image\\\/\"},\"sameAs\":[\"https:\\\/\\\/www.facebook.com\\\/HomeCareInnovationBV\\\/\",\"https:\\\/\\\/www.instagram.com\\\/homecareinnovation\\\/\",\"https:\\\/\\\/www.youtube.com\\\/channel\\\/UCg5pUSP6YEDGR5KtKeZe7nw\"]}]}<\/script>\n<!-- \/ Yoast SEO plugin. -->","yoast_head_json":{"title":"Terapisti occupazionali - HomeCare Innovation BV","robots":{"index":"index","follow":"follow","max-snippet":"max-snippet:-1","max-image-preview":"max-image-preview:large","max-video-preview":"max-video-preview:-1"},"canonical":"https:\/\/homecareinnovation.com\/it\/terapisti-occupazionali\/","og_locale":"it_IT","og_type":"article","og_title":"Terapisti occupazionali - HomeCare Innovation BV","og_description":"[vc_row wrap_container=&#8221;yes&#8221; text_align=&#8221;center&#8221; css=&#8221;.vc_custom_1519871900664{padding-top: 50px !important;padding-bottom: 20px !important;}&#8221;][vc_column offset=&#8221;vc_col-lg-offset-2 vc_col-lg-8 vc_col-md-offset-1 vc_col-md-10&#8243;][vc_empty_space][vc_column_text]Come terapista occupazionale vi impegnate, tra l&#8217;altro, a contribuire all&#8217;autosufficienza degli anziani o delle persone a mobilit\u00e0 ridotta. In questo modo, accadr\u00e0 regolarmente che il vostro cliente beneficer\u00e0 di un aiuto particolare che gli permetter\u00e0 di svolgere le sue attivit\u00e0 quotidiane in modo pi\u00f9 [&hellip;]","og_url":"https:\/\/homecareinnovation.com\/it\/terapisti-occupazionali\/","og_site_name":"HomeCare Innovation BV","article_publisher":"https:\/\/www.facebook.com\/HomeCareInnovationBV\/","article_modified_time":"2020-12-10T08:46:30+00:00","twitter_card":"summary_large_image","twitter_misc":{"Tempo di lettura stimato":"4 minuti"},"schema":{"@context":"https:\/\/schema.org","@graph":[{"@type":"WebPage","@id":"https:\/\/homecareinnovation.com\/it\/terapisti-occupazionali\/","url":"https:\/\/homecareinnovation.com\/it\/terapisti-occupazionali\/","name":"Terapisti occupazionali - HomeCare Innovation BV","isPartOf":{"@id":"https:\/\/homecareinnovation.com\/it\/#website"},"datePublished":"2020-12-04T10:42:07+00:00","dateModified":"2020-12-10T08:46:30+00:00","breadcrumb":{"@id":"https:\/\/homecareinnovation.com\/it\/terapisti-occupazionali\/#breadcrumb"},"inLanguage":"it-IT","potentialAction":[{"@type":"ReadAction","target":["https:\/\/homecareinnovation.com\/it\/terapisti-occupazionali\/"]}]},{"@type":"BreadcrumbList","@id":"https:\/\/homecareinnovation.com\/it\/terapisti-occupazionali\/#breadcrumb","itemListElement":[{"@type":"ListItem","position":1,"name":"Home","item":"https:\/\/homecareinnovation.com\/it\/"},{"@type":"ListItem","position":2,"name":"Terapisti occupazionali"}]},{"@type":"WebSite","@id":"https:\/\/homecareinnovation.com\/it\/#website","url":"https:\/\/homecareinnovation.com\/it\/","name":"HomeCare Innovation BV","description":"Il grossista olandese di ausili medici","publisher":{"@id":"https:\/\/homecareinnovation.com\/it\/#organization"},"potentialAction":[{"@type":"SearchAction","target":{"@type":"EntryPoint","urlTemplate":"https:\/\/homecareinnovation.com\/it\/?s={search_term_string}"},"query-input":{"@type":"PropertyValueSpecification","valueRequired":true,"valueName":"search_term_string"}}],"inLanguage":"it-IT"},{"@type":"Organization","@id":"https:\/\/homecareinnovation.com\/it\/#organization","name":"HomeCare Innovation BV","url":"https:\/\/homecareinnovation.com\/it\/","logo":{"@type":"ImageObject","inLanguage":"it-IT","@id":"https:\/\/homecareinnovation.com\/it\/#\/schema\/logo\/image\/","url":"https:\/\/homecareinnovation.com\/wp-content\/uploads\/2021\/03\/HOME-CARE-LOGO-originele-kleur-klein.png","contentUrl":"https:\/\/homecareinnovation.com\/wp-content\/uploads\/2021\/03\/HOME-CARE-LOGO-originele-kleur-klein.png","width":1000,"height":357,"caption":"HomeCare Innovation BV"},"image":{"@id":"https:\/\/homecareinnovation.com\/it\/#\/schema\/logo\/image\/"},"sameAs":["https:\/\/www.facebook.com\/HomeCareInnovationBV\/","https:\/\/www.instagram.com\/homecareinnovation\/","https:\/\/www.youtube.com\/channel\/UCg5pUSP6YEDGR5KtKeZe7nw"]}]}},"_links":{"self":[{"href":"https:\/\/homecareinnovation.com\/it\/wp-json\/wp\/v2\/pages\/19520","targetHints":{"allow":["GET"]}}],"collection":[{"href":"https:\/\/homecareinnovation.com\/it\/wp-json\/wp\/v2\/pages"}],"about":[{"href":"https:\/\/homecareinnovation.com\/it\/wp-json\/wp\/v2\/types\/page"}],"author":[{"embeddable":true,"href":"https:\/\/homecareinnovation.com\/it\/wp-json\/wp\/v2\/users\/1"}],"replies":[{"embeddable":true,"href":"https:\/\/homecareinnovation.com\/it\/wp-json\/wp\/v2\/comments?post=19520"}],"version-history":[{"count":0,"href":"https:\/\/homecareinnovation.com\/it\/wp-json\/wp\/v2\/pages\/19520\/revisions"}],"wp:attachment":[{"href":"https:\/\/homecareinnovation.com\/it\/wp-json\/wp\/v2\/media?parent=19520"}],"curies":[{"name":"wp","href":"https:\/\/api.w.org\/{rel}","templated":true}]}}