{"id":19529,"date":"2020-12-04T10:53:26","date_gmt":"2020-12-04T10:53:26","guid":{"rendered":"https:\/\/homecareinnovation.com\/sollevatore-per-pazienti-o-sollevatore-per-il-personale-di-ambulanza-o-centri-di-emergenza\/"},"modified":"2020-12-10T09:20:52","modified_gmt":"2020-12-10T09:20:52","slug":"sollevatore-per-pazienti-o-sollevatore-per-il-personale-di-ambulanza-o-centri-di-emergenza","status":"publish","type":"page","link":"https:\/\/homecareinnovation.com\/it\/sollevatore-per-pazienti-o-sollevatore-per-il-personale-di-ambulanza-o-centri-di-emergenza\/","title":{"rendered":"Sollevatore per pazienti o sollevatore per il personale di ambulanza o centri di emergenza"},"content":{"rendered":"<div class=\"wpb-content-wrapper\"><p>[vc_row][vc_column][vc_custom_heading source=&#8221;post_title&#8221; font_container=&#8221;tag:h2|font_size:1.60em|text_align:center|color:%232d2d2d|line_height:1&#8243; use_theme_fonts=&#8221;yes&#8221; text_transform=&#8221;text-uppercase&#8221; el_class=&#8221;mb-0&#8243; css=&#8221;.vc_custom_1599221306016{margin-top: 20px !important;}&#8221;][vc_custom_heading text=&#8221;I montacarichi di HomeCare Innovation BV offrono un trasferimento sicuro da terra a una barella o assicurano che i pazienti del personale dell&#8217;ambulanza possano alzarsi completamente da terra senza grande sforzo da parte del paziente o dell&#8217;infermiera.&#8221; font_container=&#8221;tag:h3|font_size:1.2em|text_align:center|color:%23474747|line_height:1.2&#8243; use_theme_fonts=&#8221;yes&#8221; font_weight=&#8221;500&#8243; letter_spacing=&#8221;.065em&#8221; el_class=&#8221;mb-3&#8243; css=&#8221;.vc_custom_1599221297032{margin-top: 20px !important;}&#8221;][vc_btn title=&#8221;Guarda i nostri montacarichi qui&#8221; style=&#8221;modern&#8221; align=&#8221;center&#8221; skin=&#8221;dark&#8221; el_class=&#8221;mb-0&#8243; link=&#8221;url:%2Fit%2Fcategoria-prodotto%2Fascensori%2Fsollevamento-del-paziente-in-piedi%2F&#8221; css=&#8221;.vc_custom_1607589557221{margin-bottom: 20px !important;}&#8221;][\/vc_column][\/vc_row][vc_row][vc_column width=&#8221;2\/3&#8243;][vc_images_carousel images=&#8221;14517,14515,14513,14519&#8243; img_size=&#8221;700&#215;700&#8243; autoplay=&#8221;yes&#8221;][\/vc_column][vc_column width=&#8221;1\/3&#8243;][vc_row_inner css=&#8221;.vc_custom_1486824503834{margin-left: 0 !important;margin-right: 0 !important;}&#8221;][vc_column_inner css=&#8221;.vc_custom_1487273423694{border-top-width: 1px !important;border-right-width: 1px !important;border-bottom-width: 1px !important;border-left-width: 1px !important;padding-top: 50px !important;padding-right: 30px !important;padding-bottom: 40px !important;padding-left: 30px !important;border-left-color: #ffffff !important;border-left-style: dashed !important;border-right-color: #ffffff !important;border-right-style: dashed !important;border-top-color: #ffffff !important;border-top-style: dashed !important;border-bottom-color: #ffffff !important;border-bottom-style: dashed !important;border-radius: 1px !important;}&#8221;]<div class=\"porto-sicon-box  vc_custom_1607590852425  wpb_custom_2c39dcb12c192c6ff4e3e734f9c7c3d1 style_1 left-icon\"><div class=\"porto-sicon-body\"><div class=\"porto-sicon-header\"><h3 class=\"porto-sicon-title\" style=\"font-weight:700;font-size:27px;color:#0a0a0a;\">Sollevatore gonfiabile stabile<\/h3><\/div> <!-- header --><\/div><\/div><!-- porto-sicon-box -->[vc_column_text css=&#8221;.vc_custom_1607591727685{padding-bottom: 25px !important;}&#8221; el_class=&#8221;custom-text-md-center&#8221;]Per rimediare a questo, HomeCare Innovation offre ora l&#8217;ascensore o il montacarichi gonfiabile stabile. Il sollevatore gonfiabile pu\u00f2 essere utilizzato per sollevare il paziente da terra all&#8217;altezza della barella, dopo di che il paziente pu\u00f2 essere facilmente spostato dal sollevatore stabile alla barella. In questo caso, il personale dell&#8217;ambulanza o l&#8217;infermiera non sollever\u00e0 pi\u00f9 la persona manualmente, questo evita il sovraccarico del personale.<\/p>\n<p><strong>Vi preghiamo di contattarci:<\/strong><\/p>\n<p>Se desiderate maggiori informazioni sui nostri montacarichi e sugli elevatori per fienili, contattateci: <a href=\"mailto:info@homecareinnovation.com\">info@homecareinnovation.com<\/a>[\/vc_column_text][vc_btn title=&#8221;<strong>L&#8217;alce sta in piedi ascensore<\/strong>&#8221; shape=&#8221;round&#8221; color=&#8221;blue&#8221; align=&#8221;center&#8221; skin=&#8221;secondary&#8221; el_class=&#8221;custom-button-long-arrow-right&#8221; link=&#8221;url:%2Fit%2Fprodotto%2Felk-salire-sullascensore%2F&#8221;][\/vc_column_inner][\/vc_row_inner][\/vc_column][\/vc_row][vc_row][vc_column width=&#8221;1\/3&#8243; css=&#8221;.vc_custom_1599221799135{margin-top: 40px !important;}&#8221;][vc_column_text]<\/p>\n<h2 style=\"text-align: left;\"><strong><span style=\"font-size: 18pt;\">Metodo di lavoro:<\/span><\/strong><\/h2>\n<p style=\"text-align: left;\">Gli ascensori stabili HomeCare Innovation sono completamente gonfiabili da terra in 4 passi. I tubi dell&#8217;aria sono posizionati dal compressore portatile all&#8217;elevatore stabile gonfiabile. Il sollevatore pu\u00f2 essere rinforzato quando necessario con le 2 gambe di supporto in dotazione.<\/p>\n<p style=\"text-align: left;\">Il paranco \u00e8 facile da trasportare e si ripiega in modo compatto dopo l&#8217;uso, in modo che il sollevatore occupi poco spazio.<\/p>\n<p>[\/vc_column_text][\/vc_column][vc_column width=&#8221;2\/3&#8243;][vc_empty_space][vc_column_text]<\/p>\n<h2 style=\"text-align: left;\">Video<\/h2>\n<p>[\/vc_column_text][vc_video link=&#8221;https:\/\/www.youtube.com\/watch?v=w0Cm3zuXDxI&#8221;][\/vc_column][\/vc_row][vc_row][vc_column css=&#8221;.vc_custom_1599221824947{margin-top: 20px !important;}&#8221;][vc_column_text]<\/p>\n<h2 style=\"text-align: left;\"><strong><span style=\"font-size: 18pt;\">Ascensore o ascensore stabile per ambulanze e centri di emergenza<\/span><\/strong><\/h2>\n<p style=\"text-align: left;\"><span style=\"font-size: 10pt;\"><span style=\"font-size: 12pt;\">HomeCare Innovation offre una soluzione per un problema in rapida crescita. I nostri sollevatori stabili Elk e Camel vengono utilizzati per effettuare il trasferimento dei pazienti da terra <strong> ad una barella<\/strong> o da terra completamente <strong> ad una posizione seduta<\/strong> quando una persona \u00e8 caduta.<\/span><\/span><\/p>\n<p style=\"text-align: left;\"><span style=\"font-size: 10pt;\"><span style=\"font-size: 12pt;\">\u00c8 sempre pi\u00f9 frequente che i centri di assistenza <strong>ambulanza<\/strong> e <strong>allarme<\/strong> abbiano difficolt\u00e0 a sollevare una persona da terra, o a mettere una persona su una barella con le ruote perch\u00e9 \u00e8 sempre appesa a pochi centimetri da terra, anche quando \u00e8 piegata al massimo. Questo comporta un grande sforzo fisico per il personale. Infatti, la maggiore causa di lesioni da uso eccessivo nel settore sanitario \u00e8 dovuta al sollevamento manuale o al riposizionamento dei pazienti. I sollevatori alce e cammello <strong>a cavalletto<\/strong> offrono una soluzione pratica a questo problema.<\/span><\/span><\/p>\n<p style=\"text-align: left;\"><span style=\"font-size: 12pt;\">Una delle cause di ci\u00f2 \u00e8 che sempre pi\u00f9 pazienti nei Paesi Bassi sono <strong>moderati a gravemente sovrappeso<\/strong>. Questo pu\u00f2 portare a situazioni molto stressanti per gli infermieri. <\/span><\/p>\n<p>[\/vc_column_text][vc_column_text]<\/p>\n<h2 style=\"text-align: left;\"><span style=\"font-size: 18pt;\"><strong>ELK Sollevamento in piedi utilizzato in pratica da ambulanze e centri di emergenza<\/strong><\/span><\/h2>\n<p style=\"text-align: left;\">Nel Regno Unito, i montacarichi ELK e Camel sono utilizzati dai servizi di ambulanza da molti anni, ma anche negli Stati Uniti, in Australia, in Canada e in parte dell&#8217;Europa, questi montacarichi sono sempre pi\u00f9 utilizzati dai centri di emergenza e dai servizi di ambulanza.<\/p>\n<p style=\"text-align: left;\">E con grande successo.<\/p>\n<p style=\"text-align: left;\">Ad esempio, nel primo anno dopo l&#8217;introduzione dell&#8217;ELK nel South Western Ambulance, un servizio di ambulanze nel Regno Unito, l&#8217;assenteismo \u00e8 diminuito anche del 10%, facendo risparmiare al servizio di ambulanze 340.000 euro solo nel primo anno.<\/p>\n<p style=\"text-align: left;\">Circa il 40% delle segnalazioni di ambulanze ha pi\u00f9 di 65 anni. Il 45% di essi sono illesi dopo essere stati aiutati ad alzarsi e non hanno pi\u00f9 bisogno di cure mediche. Questo dato \u00e8 molto elevato e mette sotto pressione molti centri di emergenza e servizi di ambulanza, soprattutto nei mesi invernali.<\/p>\n<p style=\"text-align: left;\"><strong>Please contact us:<\/strong><\/p>\n<p style=\"text-align: left;\">If you would like more information about our hoists and barn hoists, please contact us: <a href=\"TEL:\/\/0102420913\">010-242 09 13<\/a> or send an email to: <a href=\"mailto:info@homecareinnovation.com\">info@homecareinnovation.com<\/a><\/p>\n<p>[\/vc_column_text][\/vc_column][\/vc_row]<\/p>\n<\/div>","protected":false},"excerpt":{"rendered":"<p>[vc_row][vc_column][vc_custom_heading source=&#8221;post_title&#8221; font_container=&#8221;tag:h2|font_size:1.60em|text_align:center|color:%232d2d2d|line_height:1&#8243; use_theme_fonts=&#8221;yes&#8221; text_transform=&#8221;text-uppercase&#8221; el_class=&#8221;mb-0&#8243; css=&#8221;.vc_custom_1599221306016{margin-top: 20px !important;}&#8221;][vc_custom_heading text=&#8221;I montacarichi di HomeCare Innovation BV offrono un trasferimento sicuro da terra a una barella o assicurano che i pazienti del personale dell&#8217;ambulanza possano alzarsi completamente da terra senza grande sforzo da parte del paziente o dell&#8217;infermiera.&#8221; font_container=&#8221;tag:h3|font_size:1.2em|text_align:center|color:%23474747|line_height:1.2&#8243; use_theme_fonts=&#8221;yes&#8221; font_weight=&#8221;500&#8243; letter_spacing=&#8221;.065em&#8221; el_class=&#8221;mb-3&#8243; css=&#8221;.vc_custom_1599221297032{margin-top: 20px !important;}&#8221;][vc_btn title=&#8221;Guarda [&hellip;]<\/p>\n","protected":false},"author":1,"featured_media":0,"parent":0,"menu_order":0,"comment_status":"closed","ping_status":"closed","template":"","meta":{"footnotes":""},"class_list":["post-19529","page","type-page","status-publish","hentry"],"yoast_head":"<!-- This site is optimized with the Yoast SEO plugin v27.3 - https:\/\/yoast.com\/product\/yoast-seo-wordpress\/ -->\n<title>Tillift gonfiabile per ambulanze e centri di emergenza | Da terra<\/title>\n<meta name=\"description\" content=\"Il gonfiabile Tillift assicura che i pazienti possano essere sollevati completamente da terra. Ci\u00f2 \u00e8 particolarmente utile per i servizi di ambulanza e per i centri di emergenza, perch\u00e9 questo gruppo si confronta quotidianamente con questo problema. Il sollevatore gonfiabile o il sollevatore stabile \u00e8 una soluzione pratica a un problema crescente.\" \/>\n<meta name=\"robots\" content=\"index, follow, max-snippet:-1, max-image-preview:large, max-video-preview:-1\" \/>\n<link rel=\"canonical\" href=\"https:\/\/homecareinnovation.com\/it\/sollevatore-per-pazienti-o-sollevatore-per-il-personale-di-ambulanza-o-centri-di-emergenza\/\" \/>\n<meta property=\"og:locale\" content=\"it_IT\" \/>\n<meta property=\"og:type\" content=\"article\" \/>\n<meta property=\"og:title\" content=\"Tillift gonfiabile per ambulanze e centri di emergenza | Da terra\" \/>\n<meta property=\"og:description\" content=\"Il gonfiabile Tillift assicura che i pazienti possano essere sollevati completamente da terra. Ci\u00f2 \u00e8 particolarmente utile per i servizi di ambulanza e per i centri di emergenza, perch\u00e9 questo gruppo si confronta quotidianamente con questo problema. Il sollevatore gonfiabile o il sollevatore stabile \u00e8 una soluzione pratica a un problema crescente.\" \/>\n<meta property=\"og:url\" content=\"https:\/\/homecareinnovation.com\/it\/sollevatore-per-pazienti-o-sollevatore-per-il-personale-di-ambulanza-o-centri-di-emergenza\/\" \/>\n<meta property=\"og:site_name\" content=\"HomeCare Innovation BV\" \/>\n<meta property=\"article:publisher\" content=\"https:\/\/www.facebook.com\/HomeCareInnovationBV\/\" \/>\n<meta property=\"article:modified_time\" content=\"2020-12-10T09:20:52+00:00\" \/>\n<meta name=\"twitter:card\" content=\"summary_large_image\" \/>\n<meta name=\"twitter:label1\" content=\"Tempo di lettura stimato\" \/>\n\t<meta name=\"twitter:data1\" content=\"4 minuti\" \/>\n<script type=\"application\/ld+json\" class=\"yoast-schema-graph\">{\"@context\":\"https:\\\/\\\/schema.org\",\"@graph\":[{\"@type\":\"WebPage\",\"@id\":\"https:\\\/\\\/homecareinnovation.com\\\/it\\\/sollevatore-per-pazienti-o-sollevatore-per-il-personale-di-ambulanza-o-centri-di-emergenza\\\/\",\"url\":\"https:\\\/\\\/homecareinnovation.com\\\/it\\\/sollevatore-per-pazienti-o-sollevatore-per-il-personale-di-ambulanza-o-centri-di-emergenza\\\/\",\"name\":\"Tillift gonfiabile per ambulanze e centri di emergenza | Da terra\",\"isPartOf\":{\"@id\":\"https:\\\/\\\/homecareinnovation.com\\\/it\\\/#website\"},\"datePublished\":\"2020-12-04T10:53:26+00:00\",\"dateModified\":\"2020-12-10T09:20:52+00:00\",\"description\":\"Il gonfiabile Tillift assicura che i pazienti possano essere sollevati completamente da terra. Ci\u00f2 \u00e8 particolarmente utile per i servizi di ambulanza e per i centri di emergenza, perch\u00e9 questo gruppo si confronta quotidianamente con questo problema. Il sollevatore gonfiabile o il sollevatore stabile \u00e8 una soluzione pratica a un problema crescente.\",\"breadcrumb\":{\"@id\":\"https:\\\/\\\/homecareinnovation.com\\\/it\\\/sollevatore-per-pazienti-o-sollevatore-per-il-personale-di-ambulanza-o-centri-di-emergenza\\\/#breadcrumb\"},\"inLanguage\":\"it-IT\",\"potentialAction\":[{\"@type\":\"ReadAction\",\"target\":[\"https:\\\/\\\/homecareinnovation.com\\\/it\\\/sollevatore-per-pazienti-o-sollevatore-per-il-personale-di-ambulanza-o-centri-di-emergenza\\\/\"]}]},{\"@type\":\"BreadcrumbList\",\"@id\":\"https:\\\/\\\/homecareinnovation.com\\\/it\\\/sollevatore-per-pazienti-o-sollevatore-per-il-personale-di-ambulanza-o-centri-di-emergenza\\\/#breadcrumb\",\"itemListElement\":[{\"@type\":\"ListItem\",\"position\":1,\"name\":\"Home\",\"item\":\"https:\\\/\\\/homecareinnovation.com\\\/it\\\/\"},{\"@type\":\"ListItem\",\"position\":2,\"name\":\"Sollevatore per pazienti o sollevatore per il personale di ambulanza o centri di emergenza\"}]},{\"@type\":\"WebSite\",\"@id\":\"https:\\\/\\\/homecareinnovation.com\\\/it\\\/#website\",\"url\":\"https:\\\/\\\/homecareinnovation.com\\\/it\\\/\",\"name\":\"HomeCare Innovation BV\",\"description\":\"Il grossista olandese di ausili medici\",\"publisher\":{\"@id\":\"https:\\\/\\\/homecareinnovation.com\\\/it\\\/#organization\"},\"potentialAction\":[{\"@type\":\"SearchAction\",\"target\":{\"@type\":\"EntryPoint\",\"urlTemplate\":\"https:\\\/\\\/homecareinnovation.com\\\/it\\\/?s={search_term_string}\"},\"query-input\":{\"@type\":\"PropertyValueSpecification\",\"valueRequired\":true,\"valueName\":\"search_term_string\"}}],\"inLanguage\":\"it-IT\"},{\"@type\":\"Organization\",\"@id\":\"https:\\\/\\\/homecareinnovation.com\\\/it\\\/#organization\",\"name\":\"HomeCare Innovation BV\",\"url\":\"https:\\\/\\\/homecareinnovation.com\\\/it\\\/\",\"logo\":{\"@type\":\"ImageObject\",\"inLanguage\":\"it-IT\",\"@id\":\"https:\\\/\\\/homecareinnovation.com\\\/it\\\/#\\\/schema\\\/logo\\\/image\\\/\",\"url\":\"https:\\\/\\\/homecareinnovation.com\\\/wp-content\\\/uploads\\\/2021\\\/03\\\/HOME-CARE-LOGO-originele-kleur-klein.png\",\"contentUrl\":\"https:\\\/\\\/homecareinnovation.com\\\/wp-content\\\/uploads\\\/2021\\\/03\\\/HOME-CARE-LOGO-originele-kleur-klein.png\",\"width\":1000,\"height\":357,\"caption\":\"HomeCare Innovation BV\"},\"image\":{\"@id\":\"https:\\\/\\\/homecareinnovation.com\\\/it\\\/#\\\/schema\\\/logo\\\/image\\\/\"},\"sameAs\":[\"https:\\\/\\\/www.facebook.com\\\/HomeCareInnovationBV\\\/\",\"https:\\\/\\\/www.instagram.com\\\/homecareinnovation\\\/\",\"https:\\\/\\\/www.youtube.com\\\/channel\\\/UCg5pUSP6YEDGR5KtKeZe7nw\"]}]}<\/script>\n<!-- \/ Yoast SEO plugin. -->","yoast_head_json":{"title":"Tillift gonfiabile per ambulanze e centri di emergenza | Da terra","description":"Il gonfiabile Tillift assicura che i pazienti possano essere sollevati completamente da terra. Ci\u00f2 \u00e8 particolarmente utile per i servizi di ambulanza e per i centri di emergenza, perch\u00e9 questo gruppo si confronta quotidianamente con questo problema. Il sollevatore gonfiabile o il sollevatore stabile \u00e8 una soluzione pratica a un problema crescente.","robots":{"index":"index","follow":"follow","max-snippet":"max-snippet:-1","max-image-preview":"max-image-preview:large","max-video-preview":"max-video-preview:-1"},"canonical":"https:\/\/homecareinnovation.com\/it\/sollevatore-per-pazienti-o-sollevatore-per-il-personale-di-ambulanza-o-centri-di-emergenza\/","og_locale":"it_IT","og_type":"article","og_title":"Tillift gonfiabile per ambulanze e centri di emergenza | Da terra","og_description":"Il gonfiabile Tillift assicura che i pazienti possano essere sollevati completamente da terra. Ci\u00f2 \u00e8 particolarmente utile per i servizi di ambulanza e per i centri di emergenza, perch\u00e9 questo gruppo si confronta quotidianamente con questo problema. Il sollevatore gonfiabile o il sollevatore stabile \u00e8 una soluzione pratica a un problema crescente.","og_url":"https:\/\/homecareinnovation.com\/it\/sollevatore-per-pazienti-o-sollevatore-per-il-personale-di-ambulanza-o-centri-di-emergenza\/","og_site_name":"HomeCare Innovation BV","article_publisher":"https:\/\/www.facebook.com\/HomeCareInnovationBV\/","article_modified_time":"2020-12-10T09:20:52+00:00","twitter_card":"summary_large_image","twitter_misc":{"Tempo di lettura stimato":"4 minuti"},"schema":{"@context":"https:\/\/schema.org","@graph":[{"@type":"WebPage","@id":"https:\/\/homecareinnovation.com\/it\/sollevatore-per-pazienti-o-sollevatore-per-il-personale-di-ambulanza-o-centri-di-emergenza\/","url":"https:\/\/homecareinnovation.com\/it\/sollevatore-per-pazienti-o-sollevatore-per-il-personale-di-ambulanza-o-centri-di-emergenza\/","name":"Tillift gonfiabile per ambulanze e centri di emergenza | Da terra","isPartOf":{"@id":"https:\/\/homecareinnovation.com\/it\/#website"},"datePublished":"2020-12-04T10:53:26+00:00","dateModified":"2020-12-10T09:20:52+00:00","description":"Il gonfiabile Tillift assicura che i pazienti possano essere sollevati completamente da terra. Ci\u00f2 \u00e8 particolarmente utile per i servizi di ambulanza e per i centri di emergenza, perch\u00e9 questo gruppo si confronta quotidianamente con questo problema. Il sollevatore gonfiabile o il sollevatore stabile \u00e8 una soluzione pratica a un problema crescente.","breadcrumb":{"@id":"https:\/\/homecareinnovation.com\/it\/sollevatore-per-pazienti-o-sollevatore-per-il-personale-di-ambulanza-o-centri-di-emergenza\/#breadcrumb"},"inLanguage":"it-IT","potentialAction":[{"@type":"ReadAction","target":["https:\/\/homecareinnovation.com\/it\/sollevatore-per-pazienti-o-sollevatore-per-il-personale-di-ambulanza-o-centri-di-emergenza\/"]}]},{"@type":"BreadcrumbList","@id":"https:\/\/homecareinnovation.com\/it\/sollevatore-per-pazienti-o-sollevatore-per-il-personale-di-ambulanza-o-centri-di-emergenza\/#breadcrumb","itemListElement":[{"@type":"ListItem","position":1,"name":"Home","item":"https:\/\/homecareinnovation.com\/it\/"},{"@type":"ListItem","position":2,"name":"Sollevatore per pazienti o sollevatore per il personale di ambulanza o centri di emergenza"}]},{"@type":"WebSite","@id":"https:\/\/homecareinnovation.com\/it\/#website","url":"https:\/\/homecareinnovation.com\/it\/","name":"HomeCare Innovation BV","description":"Il grossista olandese di ausili medici","publisher":{"@id":"https:\/\/homecareinnovation.com\/it\/#organization"},"potentialAction":[{"@type":"SearchAction","target":{"@type":"EntryPoint","urlTemplate":"https:\/\/homecareinnovation.com\/it\/?s={search_term_string}"},"query-input":{"@type":"PropertyValueSpecification","valueRequired":true,"valueName":"search_term_string"}}],"inLanguage":"it-IT"},{"@type":"Organization","@id":"https:\/\/homecareinnovation.com\/it\/#organization","name":"HomeCare Innovation BV","url":"https:\/\/homecareinnovation.com\/it\/","logo":{"@type":"ImageObject","inLanguage":"it-IT","@id":"https:\/\/homecareinnovation.com\/it\/#\/schema\/logo\/image\/","url":"https:\/\/homecareinnovation.com\/wp-content\/uploads\/2021\/03\/HOME-CARE-LOGO-originele-kleur-klein.png","contentUrl":"https:\/\/homecareinnovation.com\/wp-content\/uploads\/2021\/03\/HOME-CARE-LOGO-originele-kleur-klein.png","width":1000,"height":357,"caption":"HomeCare Innovation BV"},"image":{"@id":"https:\/\/homecareinnovation.com\/it\/#\/schema\/logo\/image\/"},"sameAs":["https:\/\/www.facebook.com\/HomeCareInnovationBV\/","https:\/\/www.instagram.com\/homecareinnovation\/","https:\/\/www.youtube.com\/channel\/UCg5pUSP6YEDGR5KtKeZe7nw"]}]}},"_links":{"self":[{"href":"https:\/\/homecareinnovation.com\/it\/wp-json\/wp\/v2\/pages\/19529","targetHints":{"allow":["GET"]}}],"collection":[{"href":"https:\/\/homecareinnovation.com\/it\/wp-json\/wp\/v2\/pages"}],"about":[{"href":"https:\/\/homecareinnovation.com\/it\/wp-json\/wp\/v2\/types\/page"}],"author":[{"embeddable":true,"href":"https:\/\/homecareinnovation.com\/it\/wp-json\/wp\/v2\/users\/1"}],"replies":[{"embeddable":true,"href":"https:\/\/homecareinnovation.com\/it\/wp-json\/wp\/v2\/comments?post=19529"}],"version-history":[{"count":0,"href":"https:\/\/homecareinnovation.com\/it\/wp-json\/wp\/v2\/pages\/19529\/revisions"}],"wp:attachment":[{"href":"https:\/\/homecareinnovation.com\/it\/wp-json\/wp\/v2\/media?parent=19529"}],"curies":[{"name":"wp","href":"https:\/\/api.w.org\/{rel}","templated":true}]}}