{"id":19579,"date":"2020-12-04T12:46:40","date_gmt":"2020-12-04T12:46:40","guid":{"rendered":"https:\/\/homecareinnovation.com\/perche-gli-ausili-di-soglia-in-gomma-gommosa-sono-ideali-per-i-tappezzieri-e-gli-strati-del-pavimento\/"},"modified":"2020-12-09T15:25:54","modified_gmt":"2020-12-09T15:25:54","slug":"perche-gli-ausili-di-soglia-in-gomma-gommosa-sono-ideali-per-i-tappezzieri-e-gli-strati-del-pavimento","status":"publish","type":"page","link":"https:\/\/homecareinnovation.com\/it\/perche-gli-ausili-di-soglia-in-gomma-gommosa-sono-ideali-per-i-tappezzieri-e-gli-strati-del-pavimento\/","title":{"rendered":"Perch\u00e9 gli ausili di soglia in gomma gommosa sono ideali per i tappezzieri e gli strati del pavimento"},"content":{"rendered":"<div class=\"wpb-content-wrapper\"><p>[vc_row wrap_container=&#8221;yes&#8221; css=&#8221;.vc_custom_1544835925643{padding-top: 90px !important;padding-bottom: 50px !important;}&#8221;][vc_column offset=&#8221;vc_col-md-offset-1 vc_col-md-10&#8243;]<div class=\"porto-u-heading  wpb_custom_95aa9a11c17ad45cfabaf210d84ee7cc porto-u-55ca8359258f9a412be7e73af65d2aac \" data-appear-animation=\"fadeInUp\" data-appear-animation-delay=\"100\"><div class=\"porto-u-main-heading\"><h2   style=\"font-weight:700;margin-bottom: 30px;font-size:42px;line-height:42px;\">Perch\u00e9 gli rampe di soglia in gomma gommosa sono ideali per i tappezzieri e gli strati del pavimento<\/h2><\/div><style>.porto-u-55ca8359258f9a412be7e73af65d2aac.porto-u-heading{text-align:center}<\/style><\/div>[vc_single_image image=&#8221;10744&#8243; img_size=&#8221;full&#8221; alignment=&#8221;center&#8221;]<div class=\"porto-u-heading  wpb_custom_95aa9a11c17ad45cfabaf210d84ee7cc porto-u-ad87e2eaf3f9c495180fe0156ddf3eb0 \" data-appear-animation=\"fadeInUp\" data-appear-animation-delay=\"100\"><div class=\"porto-u-main-heading\"><h2   style=\"font-weight:700;margin-bottom: 30px;font-size:20px;line-height:42px;\">1. Facilmente adattabile a qualsiasi situazione<\/h2><\/div><div class=\"porto-u-sub-heading\" style=\"font-size:16.8px;line-height:32px;\">Gli rampe di soglia gommosi in gomma di HomeCare Innovation sono facilmente adattabili ad ogni situazione immaginabile. Dopotutto, \u00e8 possibile personalizzare facilmente le rampe di soglia in gomma con un coltello affilato, ad esempio. Per questo motivo, le rampe di soglia in gomma si collega sempre perfettamente al suo ambiente.<\/div><style>.porto-u-ad87e2eaf3f9c495180fe0156ddf3eb0.porto-u-heading{text-align:left}<\/style><\/div><div class=\"porto-u-heading  wpb_custom_95aa9a11c17ad45cfabaf210d84ee7cc porto-u-ad87e2eaf3f9c495180fe0156ddf3eb0 \" data-appear-animation=\"fadeInUp\" data-appear-animation-delay=\"100\"><div class=\"porto-u-main-heading\"><h2   style=\"font-weight:700;margin-bottom: 30px;font-size:20px;line-height:42px;\">2. Facile da installare sotto il pavimento<\/h2><\/div><div class=\"porto-u-sub-heading\" style=\"font-size:16.8px;line-height:32px;\">Un altro motivo per cui l&#8217;ausilio di soglia in gomma \u00e8 ideale per i tappezzieri \u00e8 che l&#8217;ausilio di soglia pu\u00f2 essere posizionato sotto il rivestimento del pavimento. Ci\u00f2 significa che un&#8217;elevazione viene posizionata alla relativa soglia senza che sia visibile.<\/div><style>.porto-u-ad87e2eaf3f9c495180fe0156ddf3eb0.porto-u-heading{text-align:left}<\/style><\/div>[\/vc_column][\/vc_row]<\/p>\n<\/div>","protected":false},"excerpt":{"rendered":"<p>[vc_row wrap_container=&#8221;yes&#8221; css=&#8221;.vc_custom_1544835925643{padding-top: 90px !important;padding-bottom: 50px !important;}&#8221;][vc_column offset=&#8221;vc_col-md-offset-1 vc_col-md-10&#8243;][vc_single_image image=&#8221;10744&#8243; img_size=&#8221;full&#8221; alignment=&#8221;center&#8221;][\/vc_column][\/vc_row]<\/p>\n","protected":false},"author":1,"featured_media":0,"parent":0,"menu_order":0,"comment_status":"closed","ping_status":"closed","template":"","meta":{"footnotes":""},"class_list":["post-19579","page","type-page","status-publish","hentry"],"yoast_head":"<!-- This site is optimized with the Yoast SEO plugin v27.3 - https:\/\/yoast.com\/product\/yoast-seo-wordpress\/ -->\n<title>Perch\u00e9 gli ausili di soglia in gomma gommosa sono ideali per i tappezzieri e gli strati del pavimento - HomeCare Innovation BV<\/title>\n<meta name=\"robots\" content=\"index, follow, max-snippet:-1, max-image-preview:large, max-video-preview:-1\" \/>\n<link rel=\"canonical\" href=\"https:\/\/homecareinnovation.com\/it\/perche-gli-ausili-di-soglia-in-gomma-gommosa-sono-ideali-per-i-tappezzieri-e-gli-strati-del-pavimento\/\" \/>\n<meta property=\"og:locale\" content=\"it_IT\" \/>\n<meta property=\"og:type\" content=\"article\" \/>\n<meta property=\"og:title\" content=\"Perch\u00e9 gli ausili di soglia in gomma gommosa sono ideali per i tappezzieri e gli strati del pavimento - HomeCare Innovation BV\" \/>\n<meta property=\"og:description\" content=\"[vc_row wrap_container=&#8221;yes&#8221; css=&#8221;.vc_custom_1544835925643{padding-top: 90px !important;padding-bottom: 50px !important;}&#8221;][vc_column offset=&#8221;vc_col-md-offset-1 vc_col-md-10&#8243;][vc_single_image image=&#8221;10744&#8243; img_size=&#8221;full&#8221; alignment=&#8221;center&#8221;][\/vc_column][\/vc_row]\" \/>\n<meta property=\"og:url\" content=\"https:\/\/homecareinnovation.com\/it\/perche-gli-ausili-di-soglia-in-gomma-gommosa-sono-ideali-per-i-tappezzieri-e-gli-strati-del-pavimento\/\" \/>\n<meta property=\"og:site_name\" content=\"HomeCare Innovation BV\" \/>\n<meta property=\"article:publisher\" content=\"https:\/\/www.facebook.com\/HomeCareInnovationBV\/\" \/>\n<meta property=\"article:modified_time\" content=\"2020-12-09T15:25:54+00:00\" \/>\n<meta name=\"twitter:card\" content=\"summary_large_image\" \/>\n<meta name=\"twitter:label1\" content=\"Tempo di lettura stimato\" \/>\n\t<meta name=\"twitter:data1\" content=\"1 minuto\" \/>\n<script type=\"application\/ld+json\" class=\"yoast-schema-graph\">{\"@context\":\"https:\\\/\\\/schema.org\",\"@graph\":[{\"@type\":\"WebPage\",\"@id\":\"https:\\\/\\\/homecareinnovation.com\\\/it\\\/perche-gli-ausili-di-soglia-in-gomma-gommosa-sono-ideali-per-i-tappezzieri-e-gli-strati-del-pavimento\\\/\",\"url\":\"https:\\\/\\\/homecareinnovation.com\\\/it\\\/perche-gli-ausili-di-soglia-in-gomma-gommosa-sono-ideali-per-i-tappezzieri-e-gli-strati-del-pavimento\\\/\",\"name\":\"Perch\u00e9 gli ausili di soglia in gomma gommosa sono ideali per i tappezzieri e gli strati del pavimento - HomeCare Innovation BV\",\"isPartOf\":{\"@id\":\"https:\\\/\\\/homecareinnovation.com\\\/it\\\/#website\"},\"datePublished\":\"2020-12-04T12:46:40+00:00\",\"dateModified\":\"2020-12-09T15:25:54+00:00\",\"breadcrumb\":{\"@id\":\"https:\\\/\\\/homecareinnovation.com\\\/it\\\/perche-gli-ausili-di-soglia-in-gomma-gommosa-sono-ideali-per-i-tappezzieri-e-gli-strati-del-pavimento\\\/#breadcrumb\"},\"inLanguage\":\"it-IT\",\"potentialAction\":[{\"@type\":\"ReadAction\",\"target\":[\"https:\\\/\\\/homecareinnovation.com\\\/it\\\/perche-gli-ausili-di-soglia-in-gomma-gommosa-sono-ideali-per-i-tappezzieri-e-gli-strati-del-pavimento\\\/\"]}]},{\"@type\":\"BreadcrumbList\",\"@id\":\"https:\\\/\\\/homecareinnovation.com\\\/it\\\/perche-gli-ausili-di-soglia-in-gomma-gommosa-sono-ideali-per-i-tappezzieri-e-gli-strati-del-pavimento\\\/#breadcrumb\",\"itemListElement\":[{\"@type\":\"ListItem\",\"position\":1,\"name\":\"Home\",\"item\":\"https:\\\/\\\/homecareinnovation.com\\\/it\\\/\"},{\"@type\":\"ListItem\",\"position\":2,\"name\":\"Perch\u00e9 gli ausili di soglia in gomma gommosa sono ideali per i tappezzieri e gli strati del pavimento\"}]},{\"@type\":\"WebSite\",\"@id\":\"https:\\\/\\\/homecareinnovation.com\\\/it\\\/#website\",\"url\":\"https:\\\/\\\/homecareinnovation.com\\\/it\\\/\",\"name\":\"HomeCare Innovation BV\",\"description\":\"Il grossista olandese di ausili medici\",\"publisher\":{\"@id\":\"https:\\\/\\\/homecareinnovation.com\\\/it\\\/#organization\"},\"potentialAction\":[{\"@type\":\"SearchAction\",\"target\":{\"@type\":\"EntryPoint\",\"urlTemplate\":\"https:\\\/\\\/homecareinnovation.com\\\/it\\\/?s={search_term_string}\"},\"query-input\":{\"@type\":\"PropertyValueSpecification\",\"valueRequired\":true,\"valueName\":\"search_term_string\"}}],\"inLanguage\":\"it-IT\"},{\"@type\":\"Organization\",\"@id\":\"https:\\\/\\\/homecareinnovation.com\\\/it\\\/#organization\",\"name\":\"HomeCare Innovation BV\",\"url\":\"https:\\\/\\\/homecareinnovation.com\\\/it\\\/\",\"logo\":{\"@type\":\"ImageObject\",\"inLanguage\":\"it-IT\",\"@id\":\"https:\\\/\\\/homecareinnovation.com\\\/it\\\/#\\\/schema\\\/logo\\\/image\\\/\",\"url\":\"https:\\\/\\\/homecareinnovation.com\\\/wp-content\\\/uploads\\\/2021\\\/03\\\/HOME-CARE-LOGO-originele-kleur-klein.png\",\"contentUrl\":\"https:\\\/\\\/homecareinnovation.com\\\/wp-content\\\/uploads\\\/2021\\\/03\\\/HOME-CARE-LOGO-originele-kleur-klein.png\",\"width\":1000,\"height\":357,\"caption\":\"HomeCare Innovation BV\"},\"image\":{\"@id\":\"https:\\\/\\\/homecareinnovation.com\\\/it\\\/#\\\/schema\\\/logo\\\/image\\\/\"},\"sameAs\":[\"https:\\\/\\\/www.facebook.com\\\/HomeCareInnovationBV\\\/\",\"https:\\\/\\\/www.instagram.com\\\/homecareinnovation\\\/\",\"https:\\\/\\\/www.youtube.com\\\/channel\\\/UCg5pUSP6YEDGR5KtKeZe7nw\"]}]}<\/script>\n<!-- \/ Yoast SEO plugin. -->","yoast_head_json":{"title":"Perch\u00e9 gli ausili di soglia in gomma gommosa sono ideali per i tappezzieri e gli strati del pavimento - HomeCare Innovation BV","robots":{"index":"index","follow":"follow","max-snippet":"max-snippet:-1","max-image-preview":"max-image-preview:large","max-video-preview":"max-video-preview:-1"},"canonical":"https:\/\/homecareinnovation.com\/it\/perche-gli-ausili-di-soglia-in-gomma-gommosa-sono-ideali-per-i-tappezzieri-e-gli-strati-del-pavimento\/","og_locale":"it_IT","og_type":"article","og_title":"Perch\u00e9 gli ausili di soglia in gomma gommosa sono ideali per i tappezzieri e gli strati del pavimento - HomeCare Innovation BV","og_description":"[vc_row wrap_container=&#8221;yes&#8221; css=&#8221;.vc_custom_1544835925643{padding-top: 90px !important;padding-bottom: 50px !important;}&#8221;][vc_column offset=&#8221;vc_col-md-offset-1 vc_col-md-10&#8243;][vc_single_image image=&#8221;10744&#8243; img_size=&#8221;full&#8221; alignment=&#8221;center&#8221;][\/vc_column][\/vc_row]","og_url":"https:\/\/homecareinnovation.com\/it\/perche-gli-ausili-di-soglia-in-gomma-gommosa-sono-ideali-per-i-tappezzieri-e-gli-strati-del-pavimento\/","og_site_name":"HomeCare Innovation BV","article_publisher":"https:\/\/www.facebook.com\/HomeCareInnovationBV\/","article_modified_time":"2020-12-09T15:25:54+00:00","twitter_card":"summary_large_image","twitter_misc":{"Tempo di lettura stimato":"1 minuto"},"schema":{"@context":"https:\/\/schema.org","@graph":[{"@type":"WebPage","@id":"https:\/\/homecareinnovation.com\/it\/perche-gli-ausili-di-soglia-in-gomma-gommosa-sono-ideali-per-i-tappezzieri-e-gli-strati-del-pavimento\/","url":"https:\/\/homecareinnovation.com\/it\/perche-gli-ausili-di-soglia-in-gomma-gommosa-sono-ideali-per-i-tappezzieri-e-gli-strati-del-pavimento\/","name":"Perch\u00e9 gli ausili di soglia in gomma gommosa sono ideali per i tappezzieri e gli strati del pavimento - HomeCare Innovation BV","isPartOf":{"@id":"https:\/\/homecareinnovation.com\/it\/#website"},"datePublished":"2020-12-04T12:46:40+00:00","dateModified":"2020-12-09T15:25:54+00:00","breadcrumb":{"@id":"https:\/\/homecareinnovation.com\/it\/perche-gli-ausili-di-soglia-in-gomma-gommosa-sono-ideali-per-i-tappezzieri-e-gli-strati-del-pavimento\/#breadcrumb"},"inLanguage":"it-IT","potentialAction":[{"@type":"ReadAction","target":["https:\/\/homecareinnovation.com\/it\/perche-gli-ausili-di-soglia-in-gomma-gommosa-sono-ideali-per-i-tappezzieri-e-gli-strati-del-pavimento\/"]}]},{"@type":"BreadcrumbList","@id":"https:\/\/homecareinnovation.com\/it\/perche-gli-ausili-di-soglia-in-gomma-gommosa-sono-ideali-per-i-tappezzieri-e-gli-strati-del-pavimento\/#breadcrumb","itemListElement":[{"@type":"ListItem","position":1,"name":"Home","item":"https:\/\/homecareinnovation.com\/it\/"},{"@type":"ListItem","position":2,"name":"Perch\u00e9 gli ausili di soglia in gomma gommosa sono ideali per i tappezzieri e gli strati del pavimento"}]},{"@type":"WebSite","@id":"https:\/\/homecareinnovation.com\/it\/#website","url":"https:\/\/homecareinnovation.com\/it\/","name":"HomeCare Innovation BV","description":"Il grossista olandese di ausili medici","publisher":{"@id":"https:\/\/homecareinnovation.com\/it\/#organization"},"potentialAction":[{"@type":"SearchAction","target":{"@type":"EntryPoint","urlTemplate":"https:\/\/homecareinnovation.com\/it\/?s={search_term_string}"},"query-input":{"@type":"PropertyValueSpecification","valueRequired":true,"valueName":"search_term_string"}}],"inLanguage":"it-IT"},{"@type":"Organization","@id":"https:\/\/homecareinnovation.com\/it\/#organization","name":"HomeCare Innovation BV","url":"https:\/\/homecareinnovation.com\/it\/","logo":{"@type":"ImageObject","inLanguage":"it-IT","@id":"https:\/\/homecareinnovation.com\/it\/#\/schema\/logo\/image\/","url":"https:\/\/homecareinnovation.com\/wp-content\/uploads\/2021\/03\/HOME-CARE-LOGO-originele-kleur-klein.png","contentUrl":"https:\/\/homecareinnovation.com\/wp-content\/uploads\/2021\/03\/HOME-CARE-LOGO-originele-kleur-klein.png","width":1000,"height":357,"caption":"HomeCare Innovation BV"},"image":{"@id":"https:\/\/homecareinnovation.com\/it\/#\/schema\/logo\/image\/"},"sameAs":["https:\/\/www.facebook.com\/HomeCareInnovationBV\/","https:\/\/www.instagram.com\/homecareinnovation\/","https:\/\/www.youtube.com\/channel\/UCg5pUSP6YEDGR5KtKeZe7nw"]}]}},"_links":{"self":[{"href":"https:\/\/homecareinnovation.com\/it\/wp-json\/wp\/v2\/pages\/19579","targetHints":{"allow":["GET"]}}],"collection":[{"href":"https:\/\/homecareinnovation.com\/it\/wp-json\/wp\/v2\/pages"}],"about":[{"href":"https:\/\/homecareinnovation.com\/it\/wp-json\/wp\/v2\/types\/page"}],"author":[{"embeddable":true,"href":"https:\/\/homecareinnovation.com\/it\/wp-json\/wp\/v2\/users\/1"}],"replies":[{"embeddable":true,"href":"https:\/\/homecareinnovation.com\/it\/wp-json\/wp\/v2\/comments?post=19579"}],"version-history":[{"count":0,"href":"https:\/\/homecareinnovation.com\/it\/wp-json\/wp\/v2\/pages\/19579\/revisions"}],"wp:attachment":[{"href":"https:\/\/homecareinnovation.com\/it\/wp-json\/wp\/v2\/media?parent=19579"}],"curies":[{"name":"wp","href":"https:\/\/api.w.org\/{rel}","templated":true}]}}