{"id":22058,"date":"2020-12-10T10:45:34","date_gmt":"2020-12-10T10:45:34","guid":{"rendered":"https:\/\/homecareinnovation.com\/letti-per-infermieri-e-letti-dospedale-che-riducono-lonere-per-il-personale-infermieristico\/"},"modified":"2020-12-10T11:19:31","modified_gmt":"2020-12-10T11:19:31","slug":"letti-per-infermieri-e-letti-dospedale-che-riducono-lonere-per-il-personale-infermieristico","status":"publish","type":"page","link":"https:\/\/homecareinnovation.com\/it\/letti-per-infermieri-e-letti-dospedale-che-riducono-lonere-per-il-personale-infermieristico\/","title":{"rendered":"Letti per infermieri e letti d&#8217;ospedale che riducono l&#8217;onere per il personale infermieristico"},"content":{"rendered":"<div class=\"wpb-content-wrapper\"><p>[vc_row full_width=&#8221;stretch_row&#8221; css=&#8221;.vc_custom_1599564524167{padding-top: 60px !important;padding-bottom: 40px !important;background: #4a4947 url(https:\/\/homecareinnovation.com\/wp-content\/uploads\/2020\/09\/mobilia-cura-home-min.1200x500x1-1.jpg?id=2559) !important;background-position: center !important;background-repeat: no-repeat !important;background-size: cover !important;}&#8221; el_class=&#8221;category-banner&#8221;][vc_column]<div class=\"porto-container container \">[vc_column_text css=&#8221;.vc_custom_1599564748614{margin-bottom: 5px !important;}&#8221;][\/vc_column_text][vc_custom_heading text=&#8221;Letti per infermieri e letti d&#8217;ospedale che riducono l&#8217;onere per il personale infermieristico&#8221; font_container=&#8221;tag:h2|font_size:46|text_align:center|color:%23ffffff|line_height:42px&#8221; google_fonts=&#8221;font_family:Varela%3Aregular|font_style:400%20regular%3A400%3Anormal&#8221;]<div class=\"porto-btn-ctn-center \"><a class=\"porto-btn porto-adjust-bottom-margin porto-btn-small porto-btn-no-hover-bg   wpb_custom_fa51088c2567b780100c1edcf8821d3b  porto-btn-center \"  rel='' href = \"\/it\/categoria-prodotto\/stanza-da-letto-it\/letti-per-infermieri\/\"  data-hover=\"\" data-border-color=\"\" data-bg=\"#193c64\" data-hover-bg=\"#1a1b1d\" data-border-hover=\"\" data-shadow-click=\"none\" data-shadow=\"\" style=\"font-family:&#039;Oswald&#039;;font-weight:400;font-size:20px;line-height:25px;border:none;background: #193c64;color: #ffffff;\"><span class=\"porto-btn-hover\" style=\"background-color:#1a1b1d\"><\/span><span class=\"porto-btn-data porto-btn-text \" >Guarda i nostri letti per infermieri qui<\/span><\/a><\/div><\/div>[\/vc_column][\/vc_row][vc_row css=&#8221;.vc_custom_1599576011591{margin-top: 30px !important;}&#8221;][vc_column width=&#8221;2\/3&#8243;]<div class=\"porto-u-heading  wpb_custom_95aa9a11c17ad45cfabaf210d84ee7cc porto-u-ad87e2eaf3f9c495180fe0156ddf3eb0 \"><div class=\"porto-u-main-heading\"><h2   style=\"font-weight:700;font-size:35px;line-height:42px;\">Come funzionano i letti delle case di riposo HomeCare Innovation che riducono il carico del personale infermieristico?<\/h2><\/div><style>.porto-u-ad87e2eaf3f9c495180fe0156ddf3eb0.porto-u-heading{text-align:left}<\/style><\/div>[vc_column_text]Purtroppo, nelle case di cura spesso l&#8217;operatore sanitario deve ancora sostenere un grande onere per la cura dei suoi pazienti. In molti casi, ci\u00f2 pu\u00f2 causare disturbi fisici a lungo termine da parte dell&#8217;operatore sanitario, poich\u00e9 questo trasferimento \u00e8 fisicamente troppo oneroso per il personale o per un membro della famiglia che si prende cura dei pazienti.<\/p>\n<p>I lettini rotanti per l&#8217;assistenza di HomeCare Innovation hanno una funzione unica di rotazione e di alzarsi che rende molto pi\u00f9 facile l&#8217;alzarsi e il rialzarsi in piedi in modo indipendente. Ma anche il trasferimento dal letto alla sedia a rotelle, ad esempio, \u00e8 molto pi\u00f9 facile grazie ai nostri letti regolabili. In questo modo si riduce il carico di lavoro fisico di chi si occupa di assistenza, ma anche gli utenti vivono i letti d&#8217;ospedale regolabili come un&#8217;alternativa molto pi\u00f9 comoda e sicura.<\/p>\n<p>Anche per le persone con Obesitas HomeCare Innovation offre un letto alto-basso completamente regolabile elettricamente con una capacit\u00e0 di peso fino a 500 kg![\/vc_column_text][vc_btn title=&#8221;Vedi tutti i nostri letti per infermieri qui&#8221; style=&#8221;modern&#8221; size=&#8221;lg&#8221; skin=&#8221;primary&#8221; link=&#8221;url:%2Fit%2Fcategoria-prodotto%2Fstanza-da-letto-it%2Fletti-per-infermieri%2F&#8221;][\/vc_column][vc_column width=&#8221;1\/3&#8243;][vc_column_text css=&#8221;.vc_custom_1599576143470{margin-top: 10px !important;}&#8221;]<\/p>\n<h4>La mobilia integra:<\/h4>\n<p>Trasforma il tuo letto attuale in un vero e proprio letto alto-basso con funzione stand-up.[\/vc_column_text][vc_hoverbox image=&#8221;2555&#8243; primary_title=&#8221;&#8221; hover_title=&#8221;Il letto elettrico con funzione stand-up&#8221; hover_btn_title=&#8221;Vedi la mobilia integra qui&#8221; hover_btn_color=&#8221;sky&#8221; hover_btn_skin=&#8221;primary&#8221; hover_add_button=&#8221;true&#8221; hover_btn_link=&#8221;url:%2Fit%2Fprodotto%2Fmobilia-tipo-integra-base-letto-elettrica-con-funzione-stand-up%2F&#8221;]Il sistema letto integrativo di tipo mobilia permette di trasformare facilmente il letto esistente in un letto stand-up. La rete pu\u00f2 essere posizionata in letti singoli o matrimoniali.[\/vc_hoverbox][\/vc_column][\/vc_row][vc_row full_width=&#8221;stretch_row&#8221; content_placement=&#8221;middle&#8221; parallax=&#8221;content-moving&#8221; parallax_speed_bg=&#8221;1.15&#8243; wrap_container=&#8221;yes&#8221; is_section=&#8221;yes&#8221; section_skin=&#8221;parallax&#8221; remove_margin_top=&#8221;yes&#8221; remove_margin_bottom=&#8221;yes&#8221; remove_border=&#8221;yes&#8221; css=&#8221;.vc_custom_1599572993808{background-color: #f9f9f9 !important;background-position: center;background-repeat: no-repeat;background-size:cover;}&#8221;][vc_column width=&#8221;1\/3&#8243; animation_delay=&#8221;500&#8243; el_class=&#8221;order-lg-2 text-md-left&#8221; animation_type=&#8221;fadeInLeft&#8221;][vc_text_separator title=&#8221;Guarda il letto mobilia:&#8221;][vc_video link=&#8221;https:\/\/www.youtube.com\/watch?v=lb9PD6LyhkM&amp;t=1s&#8221;][vc_column_text]<\/p>\n<p style=\"text-align: left;\"><strong>Altre specifiche del letto basso alto mobilia:<\/strong><\/p>\n<ul style=\"list-style-type: disco; text-align: left;\">\n<li>Superficie di sdraio 200 x 90 cm.<\/li>\n<li>Altezza di sdraio regolabile da 42 a 82 cm.<\/li>\n<li>Capacit\u00e0 di carico massimo fino a 130 kg.<\/li>\n<li>Schienale regolabile fino a 70\u00b0<\/li>\n<li>Sezione della gamba regolabile fino a 32\u00b0<\/li>\n<li>Esclusi i corrimano e il pappagallo<\/li>\n<\/ul>\n<p>&nbsp;[\/vc_column_text][\/vc_column][vc_column width=&#8221;2\/3&#8243; animation_delay=&#8221;200&#8243; animation_type=&#8221;fadeInLeft&#8221;]<div class=\"porto-u-heading  wpb_custom_95aa9a11c17ad45cfabaf210d84ee7cc porto-u-ad87e2eaf3f9c495180fe0156ddf3eb0 \"><div class=\"porto-u-main-heading\"><h2   style=\"font-weight:700;font-size:35px;line-height:42px;\">Il letto mobile di cura con funzione girevole<\/h2><\/div><style>.porto-u-ad87e2eaf3f9c495180fe0156ddf3eb0.porto-u-heading{text-align:left}<\/style><\/div>[vc_column_text]<\/p>\n<h2 style=\"text-align: left;\"><strong>Il letto basso alto mobilia con funzione stand-up:<\/strong><\/h2>\n<p style=\"text-align: left;\">Il letto basso alto tipo mobilia cura<strong> con funzione stand-up<\/strong> \u00e8 il nostro best-seller <strong>letto per infermieri<\/strong> perch\u00e9 \u00e8<\/p>\n<p><strong>letto d&#8217;ospedale<\/strong> ha una caratteristica molto particolare che assicura che il letto si inclini ancora di pi\u00f9 in avanti dopo essersi girato per rendere ancora pi\u00f9 facile uscire dal letto. (Come si vede nel video sopra).<\/p>\n<p style=\"text-align: sinistra;\">La rotazione pu\u00f2 essere fatta a sinistra o a destra. Anche lo schienale, l&#8217;estremit\u00e0 dei piedi e l&#8217;altezza di sdraio del letto alto e basso possono essere completamente regolati elettricamente secondo le proprie preferenze.<\/p>\n<p style=\"text-align: left;\">Il letto da allattamento rotante <strong> con funzione supplementare di alzarsi in piedi \/ inclinazione del letto<\/strong> pu\u00f2 essere ampiamente testato anche a casa vostra su appuntamento prima dell&#8217;acquisto del letto. Dopo l&#8217;acquisto il letto pu\u00f2 essere consegnato a casa vostra da noi, oppure lasciato direttamente da noi nel caso in cui decidiate di acquistare il letto alto basso dopo averlo testato.<\/p>\n<p style=\"text-align: a sinistra;\">Desiderate maggiori informazioni o fissare un appuntamento per provare il letto? Allora contattateci via: <a href=\"TEL:\/\/0102420913%20\">010-2420913 <\/a>o inviaci una e-mail: <a href=\"mailto:info@homecareinnovation.com\">info@homecareinnovation.com<\/a><\/p>\n<p>&nbsp;[\/vc_column_text][vc_btn title=&#8221;Guarda il nostro letto mobile per infermieri qui&#8221; style=&#8221;modern&#8221; size=&#8221;lg&#8221; skin=&#8221;primary&#8221; link=&#8221;url:%2Fit%2Fprodotto%2Fmobilia-tipo-cura-plus-con-supporto-supplementare-in-funzione%2F&#8221;][\/vc_column][\/vc_row][vc_row css=&#8221;.vc_custom_1599577209476{margin-top: 10px !important;}&#8221;][vc_column width=&#8221;1\/2&#8243;][vc_single_image image=&#8221;13746&#8243; img_size=&#8221;full&#8221; onclick=&#8221;link_image&#8221;][\/vc_column][vc_column width=&#8221;1\/2&#8243;][vc_column_text]<\/p>\n<h3>I vantaggi di un letto per infermieri:<\/h3>\n<ul>\n<li>Riduzione degli oneri per chi si prende cura di loro<\/li>\n<li>I letti di cura sono completamente elettrici<\/li>\n<li>Nella maggior parte dei casi, i nostri letti per infermieri sono dotati di un tutore aggiuntivo per un maggiore sostegno<\/li>\n<li>Facile trasferimento da e per il letto<\/li>\n<li>I letti d&#8217;ospedale rotanti garantiscono che i pazienti o le persone bisognose di cure possano alzarsi dal letto in modo completamente indipendente o con un supporto minimo.<\/li>\n<li>Conseguente miglioramento della mobilit\u00e0 grazie alla superficie del letto girevole e alla funzione di alzarsi in piedi dei letti d&#8217;ospedale<\/li>\n<li>Riduzione dell&#8217;onere della cura per i familiari, gli infermieri e i pazienti<\/li>\n<li>Safer di transizione per chi ha bisogno di cure<\/li>\n<li>L&#8217;uso del letto di cura \u00e8 abbastanza semplice e autoesplicativo<\/li>\n<li>\u00c8 disponibile anche una variante per le persone obese!<\/li>\n<\/ul>\n<p>&nbsp;[\/vc_column_text][\/vc_column][\/vc_row]<\/p>\n<\/div>","protected":false},"excerpt":{"rendered":"<p>[vc_row full_width=&#8221;stretch_row&#8221; css=&#8221;.vc_custom_1599564524167{padding-top: 60px !important;padding-bottom: 40px !important;background: #4a4947 url(https:\/\/homecareinnovation.com\/wp-content\/uploads\/2020\/09\/mobilia-cura-home-min.1200x500x1-1.jpg?id=2559) !important;background-position: center !important;background-repeat: no-repeat !important;background-size: cover !important;}&#8221; el_class=&#8221;category-banner&#8221;][vc_column][\/vc_column][\/vc_row][vc_row css=&#8221;.vc_custom_1599576011591{margin-top: 30px !important;}&#8221;][vc_column width=&#8221;2\/3&#8243;][vc_column_text]Purtroppo, nelle case di cura spesso l&#8217;operatore sanitario deve ancora sostenere un grande onere per la cura dei suoi pazienti. In molti casi, ci\u00f2 pu\u00f2 causare disturbi fisici a lungo termine da parte dell&#8217;operatore sanitario, [&hellip;]<\/p>\n","protected":false},"author":1,"featured_media":0,"parent":0,"menu_order":0,"comment_status":"closed","ping_status":"closed","template":"","meta":{"footnotes":""},"class_list":["post-22058","page","type-page","status-publish","hentry"],"yoast_head":"<!-- This site is optimized with the Yoast SEO plugin v27.5 - https:\/\/yoast.com\/product\/yoast-seo-wordpress\/ -->\n<title>Letti per infermieri meno stress per il personale infermieristico | Letto girevole<\/title>\n<meta name=\"description\" content=\"I letti per infermieri girevoli con l&#039;assistenza in piedi riducono lo stress del personale infermieristico. I letti di assistenza girevoli sono unici nel loro genere. Leggete l&#039;articolo sui lettini girevoli sul nostro sito web e proseguite alla pagina. Unico nel suo genere, il letto basculante ad alta mobilit\u00e0 con funzione extra di alzarsi in piedi.\" \/>\n<meta name=\"robots\" content=\"index, follow, max-snippet:-1, max-image-preview:large, max-video-preview:-1\" \/>\n<link rel=\"canonical\" href=\"https:\/\/homecareinnovation.com\/it\/letti-per-infermieri-e-letti-dospedale-che-riducono-lonere-per-il-personale-infermieristico\/\" \/>\n<meta property=\"og:locale\" content=\"it_IT\" \/>\n<meta property=\"og:type\" content=\"article\" \/>\n<meta property=\"og:title\" content=\"Letti per infermieri meno stress per il personale infermieristico | Letto girevole\" \/>\n<meta property=\"og:description\" content=\"I letti per infermieri girevoli con l&#039;assistenza in piedi riducono lo stress del personale infermieristico. I letti di assistenza girevoli sono unici nel loro genere. Leggete l&#039;articolo sui lettini girevoli sul nostro sito web e proseguite alla pagina. Unico nel suo genere, il letto basculante ad alta mobilit\u00e0 con funzione extra di alzarsi in piedi.\" \/>\n<meta property=\"og:url\" content=\"https:\/\/homecareinnovation.com\/it\/letti-per-infermieri-e-letti-dospedale-che-riducono-lonere-per-il-personale-infermieristico\/\" \/>\n<meta property=\"og:site_name\" content=\"HomeCare Innovation BV\" \/>\n<meta property=\"article:publisher\" content=\"https:\/\/www.facebook.com\/HomeCareInnovationBV\/\" \/>\n<meta property=\"article:modified_time\" content=\"2020-12-10T11:19:31+00:00\" \/>\n<meta name=\"twitter:card\" content=\"summary_large_image\" \/>\n<meta name=\"twitter:label1\" content=\"Tempo di lettura stimato\" \/>\n\t<meta name=\"twitter:data1\" content=\"5 minuti\" \/>\n<script type=\"application\/ld+json\" class=\"yoast-schema-graph\">{\"@context\":\"https:\\\/\\\/schema.org\",\"@graph\":[{\"@type\":\"WebPage\",\"@id\":\"https:\\\/\\\/homecareinnovation.com\\\/it\\\/letti-per-infermieri-e-letti-dospedale-che-riducono-lonere-per-il-personale-infermieristico\\\/\",\"url\":\"https:\\\/\\\/homecareinnovation.com\\\/it\\\/letti-per-infermieri-e-letti-dospedale-che-riducono-lonere-per-il-personale-infermieristico\\\/\",\"name\":\"Letti per infermieri meno stress per il personale infermieristico | Letto girevole\",\"isPartOf\":{\"@id\":\"https:\\\/\\\/homecareinnovation.com\\\/it\\\/#website\"},\"datePublished\":\"2020-12-10T10:45:34+00:00\",\"dateModified\":\"2020-12-10T11:19:31+00:00\",\"description\":\"I letti per infermieri girevoli con l'assistenza in piedi riducono lo stress del personale infermieristico. I letti di assistenza girevoli sono unici nel loro genere. Leggete l'articolo sui lettini girevoli sul nostro sito web e proseguite alla pagina. Unico nel suo genere, il letto basculante ad alta mobilit\u00e0 con funzione extra di alzarsi in piedi.\",\"breadcrumb\":{\"@id\":\"https:\\\/\\\/homecareinnovation.com\\\/it\\\/letti-per-infermieri-e-letti-dospedale-che-riducono-lonere-per-il-personale-infermieristico\\\/#breadcrumb\"},\"inLanguage\":\"it-IT\",\"potentialAction\":[{\"@type\":\"ReadAction\",\"target\":[\"https:\\\/\\\/homecareinnovation.com\\\/it\\\/letti-per-infermieri-e-letti-dospedale-che-riducono-lonere-per-il-personale-infermieristico\\\/\"]}]},{\"@type\":\"BreadcrumbList\",\"@id\":\"https:\\\/\\\/homecareinnovation.com\\\/it\\\/letti-per-infermieri-e-letti-dospedale-che-riducono-lonere-per-il-personale-infermieristico\\\/#breadcrumb\",\"itemListElement\":[{\"@type\":\"ListItem\",\"position\":1,\"name\":\"Home\",\"item\":\"https:\\\/\\\/homecareinnovation.com\\\/it\\\/\"},{\"@type\":\"ListItem\",\"position\":2,\"name\":\"Letti per infermieri e letti d&#8217;ospedale che riducono l&#8217;onere per il personale infermieristico\"}]},{\"@type\":\"WebSite\",\"@id\":\"https:\\\/\\\/homecareinnovation.com\\\/it\\\/#website\",\"url\":\"https:\\\/\\\/homecareinnovation.com\\\/it\\\/\",\"name\":\"HomeCare Innovation BV\",\"description\":\"Il grossista olandese di ausili medici\",\"publisher\":{\"@id\":\"https:\\\/\\\/homecareinnovation.com\\\/it\\\/#organization\"},\"potentialAction\":[{\"@type\":\"SearchAction\",\"target\":{\"@type\":\"EntryPoint\",\"urlTemplate\":\"https:\\\/\\\/homecareinnovation.com\\\/it\\\/?s={search_term_string}\"},\"query-input\":{\"@type\":\"PropertyValueSpecification\",\"valueRequired\":true,\"valueName\":\"search_term_string\"}}],\"inLanguage\":\"it-IT\"},{\"@type\":\"Organization\",\"@id\":\"https:\\\/\\\/homecareinnovation.com\\\/it\\\/#organization\",\"name\":\"HomeCare Innovation BV\",\"url\":\"https:\\\/\\\/homecareinnovation.com\\\/it\\\/\",\"logo\":{\"@type\":\"ImageObject\",\"inLanguage\":\"it-IT\",\"@id\":\"https:\\\/\\\/homecareinnovation.com\\\/it\\\/#\\\/schema\\\/logo\\\/image\\\/\",\"url\":\"https:\\\/\\\/homecareinnovation.com\\\/wp-content\\\/uploads\\\/2021\\\/03\\\/HOME-CARE-LOGO-originele-kleur-klein.png\",\"contentUrl\":\"https:\\\/\\\/homecareinnovation.com\\\/wp-content\\\/uploads\\\/2021\\\/03\\\/HOME-CARE-LOGO-originele-kleur-klein.png\",\"width\":1000,\"height\":357,\"caption\":\"HomeCare Innovation BV\"},\"image\":{\"@id\":\"https:\\\/\\\/homecareinnovation.com\\\/it\\\/#\\\/schema\\\/logo\\\/image\\\/\"},\"sameAs\":[\"https:\\\/\\\/www.facebook.com\\\/HomeCareInnovationBV\\\/\",\"https:\\\/\\\/www.instagram.com\\\/homecareinnovation\\\/\",\"https:\\\/\\\/www.youtube.com\\\/channel\\\/UCg5pUSP6YEDGR5KtKeZe7nw\"]}]}<\/script>\n<!-- \/ Yoast SEO plugin. -->","yoast_head_json":{"title":"Letti per infermieri meno stress per il personale infermieristico | Letto girevole","description":"I letti per infermieri girevoli con l'assistenza in piedi riducono lo stress del personale infermieristico. I letti di assistenza girevoli sono unici nel loro genere. Leggete l'articolo sui lettini girevoli sul nostro sito web e proseguite alla pagina. Unico nel suo genere, il letto basculante ad alta mobilit\u00e0 con funzione extra di alzarsi in piedi.","robots":{"index":"index","follow":"follow","max-snippet":"max-snippet:-1","max-image-preview":"max-image-preview:large","max-video-preview":"max-video-preview:-1"},"canonical":"https:\/\/homecareinnovation.com\/it\/letti-per-infermieri-e-letti-dospedale-che-riducono-lonere-per-il-personale-infermieristico\/","og_locale":"it_IT","og_type":"article","og_title":"Letti per infermieri meno stress per il personale infermieristico | Letto girevole","og_description":"I letti per infermieri girevoli con l'assistenza in piedi riducono lo stress del personale infermieristico. I letti di assistenza girevoli sono unici nel loro genere. Leggete l'articolo sui lettini girevoli sul nostro sito web e proseguite alla pagina. Unico nel suo genere, il letto basculante ad alta mobilit\u00e0 con funzione extra di alzarsi in piedi.","og_url":"https:\/\/homecareinnovation.com\/it\/letti-per-infermieri-e-letti-dospedale-che-riducono-lonere-per-il-personale-infermieristico\/","og_site_name":"HomeCare Innovation BV","article_publisher":"https:\/\/www.facebook.com\/HomeCareInnovationBV\/","article_modified_time":"2020-12-10T11:19:31+00:00","twitter_card":"summary_large_image","twitter_misc":{"Tempo di lettura stimato":"5 minuti"},"schema":{"@context":"https:\/\/schema.org","@graph":[{"@type":"WebPage","@id":"https:\/\/homecareinnovation.com\/it\/letti-per-infermieri-e-letti-dospedale-che-riducono-lonere-per-il-personale-infermieristico\/","url":"https:\/\/homecareinnovation.com\/it\/letti-per-infermieri-e-letti-dospedale-che-riducono-lonere-per-il-personale-infermieristico\/","name":"Letti per infermieri meno stress per il personale infermieristico | Letto girevole","isPartOf":{"@id":"https:\/\/homecareinnovation.com\/it\/#website"},"datePublished":"2020-12-10T10:45:34+00:00","dateModified":"2020-12-10T11:19:31+00:00","description":"I letti per infermieri girevoli con l'assistenza in piedi riducono lo stress del personale infermieristico. I letti di assistenza girevoli sono unici nel loro genere. Leggete l'articolo sui lettini girevoli sul nostro sito web e proseguite alla pagina. Unico nel suo genere, il letto basculante ad alta mobilit\u00e0 con funzione extra di alzarsi in piedi.","breadcrumb":{"@id":"https:\/\/homecareinnovation.com\/it\/letti-per-infermieri-e-letti-dospedale-che-riducono-lonere-per-il-personale-infermieristico\/#breadcrumb"},"inLanguage":"it-IT","potentialAction":[{"@type":"ReadAction","target":["https:\/\/homecareinnovation.com\/it\/letti-per-infermieri-e-letti-dospedale-che-riducono-lonere-per-il-personale-infermieristico\/"]}]},{"@type":"BreadcrumbList","@id":"https:\/\/homecareinnovation.com\/it\/letti-per-infermieri-e-letti-dospedale-che-riducono-lonere-per-il-personale-infermieristico\/#breadcrumb","itemListElement":[{"@type":"ListItem","position":1,"name":"Home","item":"https:\/\/homecareinnovation.com\/it\/"},{"@type":"ListItem","position":2,"name":"Letti per infermieri e letti d&#8217;ospedale che riducono l&#8217;onere per il personale infermieristico"}]},{"@type":"WebSite","@id":"https:\/\/homecareinnovation.com\/it\/#website","url":"https:\/\/homecareinnovation.com\/it\/","name":"HomeCare Innovation BV","description":"Il grossista olandese di ausili medici","publisher":{"@id":"https:\/\/homecareinnovation.com\/it\/#organization"},"potentialAction":[{"@type":"SearchAction","target":{"@type":"EntryPoint","urlTemplate":"https:\/\/homecareinnovation.com\/it\/?s={search_term_string}"},"query-input":{"@type":"PropertyValueSpecification","valueRequired":true,"valueName":"search_term_string"}}],"inLanguage":"it-IT"},{"@type":"Organization","@id":"https:\/\/homecareinnovation.com\/it\/#organization","name":"HomeCare Innovation BV","url":"https:\/\/homecareinnovation.com\/it\/","logo":{"@type":"ImageObject","inLanguage":"it-IT","@id":"https:\/\/homecareinnovation.com\/it\/#\/schema\/logo\/image\/","url":"https:\/\/homecareinnovation.com\/wp-content\/uploads\/2021\/03\/HOME-CARE-LOGO-originele-kleur-klein.png","contentUrl":"https:\/\/homecareinnovation.com\/wp-content\/uploads\/2021\/03\/HOME-CARE-LOGO-originele-kleur-klein.png","width":1000,"height":357,"caption":"HomeCare Innovation BV"},"image":{"@id":"https:\/\/homecareinnovation.com\/it\/#\/schema\/logo\/image\/"},"sameAs":["https:\/\/www.facebook.com\/HomeCareInnovationBV\/","https:\/\/www.instagram.com\/homecareinnovation\/","https:\/\/www.youtube.com\/channel\/UCg5pUSP6YEDGR5KtKeZe7nw"]}]}},"_links":{"self":[{"href":"https:\/\/homecareinnovation.com\/it\/wp-json\/wp\/v2\/pages\/22058","targetHints":{"allow":["GET"]}}],"collection":[{"href":"https:\/\/homecareinnovation.com\/it\/wp-json\/wp\/v2\/pages"}],"about":[{"href":"https:\/\/homecareinnovation.com\/it\/wp-json\/wp\/v2\/types\/page"}],"author":[{"embeddable":true,"href":"https:\/\/homecareinnovation.com\/it\/wp-json\/wp\/v2\/users\/1"}],"replies":[{"embeddable":true,"href":"https:\/\/homecareinnovation.com\/it\/wp-json\/wp\/v2\/comments?post=22058"}],"version-history":[{"count":0,"href":"https:\/\/homecareinnovation.com\/it\/wp-json\/wp\/v2\/pages\/22058\/revisions"}],"wp:attachment":[{"href":"https:\/\/homecareinnovation.com\/it\/wp-json\/wp\/v2\/media?parent=22058"}],"curies":[{"name":"wp","href":"https:\/\/api.w.org\/{rel}","templated":true}]}}